{"id":80345,"date":"2025-11-17T13:40:05","date_gmt":"2025-11-17T11:40:05","guid":{"rendered":"https:\/\/kidsplay.lt\/produktas\/woopie-elektrinio-gelezinkelio-komplekto-lokomotyvu-ugniagesiu-skyrius-66vnt\/"},"modified":"2026-04-07T09:57:45","modified_gmt":"2026-04-07T06:57:45","slug":"woopie-elektrinio-gelezinkelio-komplekto-lokomotyvu-ugniagesiu-skyrius-66vnt","status":"publish","type":"product","link":"https:\/\/kidsplay.lt\/lv\/products\/woopie-elektrinio-gelezinkelio-komplekto-lokomotyvu-ugniagesiu-skyrius-66vnt\/","title":{"rendered":"WOOPIE elektrinio gele\u017einkelio komplekto lokomotyv\u0173 ugniagesi\u0173 skyrius 66vnt"},"content":{"rendered":"<p>\u012esp\u016bdingas prek\u0117s \u017eenklo elektrinio funikulieriaus rinkinys\u00a0Woopie\u00a0tai tikras komand\u0173 centras ma\u017eiesiems statybininkams! Raudonasis greitasis traukinys supa\u017eindins j\u016bs\u0173 vaik\u0105 su statyb\u0173 pasauliu, mar\u0161ruto planavimu ir savo \u017eaidimo scenarij\u0173 k\u016brimu. D\u0117l savo didel\u0117s \u012frangos su tiltais, tuneliais, \u0161viesoforais ir ugniagesi\u0173 \u012franga j\u016bs\u0173 ma\u017eylis gali sudaryti neribot\u0105 skai\u010di\u0173 b\u0117gi\u0173 sistem\u0173 ir tada steb\u0117ti, kaip traukinys va\u017eiuoja per savo pradin\u012f miest\u0105. Tai \u017eaislas, kuris sujungia tikro gele\u017einkelio jaudul\u012f su vaiko pasaulio k\u016brybi\u0161kumu<\/p>\n<p>Raksturojums:<\/p>\n<p> \t&#8211; Vaikams nuo\u00a03 metu<br \/>\n \t&#8211; Magnetin\u0117s automobili\u0173 jungtys<br \/>\n \t&#8211; 66 elementai laisvai komponuoti gele\u017einkelio mar\u0161rutus<br \/>\n \t&#8211; Raudonas elektrinis traukinys skleid\u017eia tikrovi\u0161kus garsus<br \/>\n \t&#8211; \u012evairios takelio funkcijos, leid\u017eian\u010dios sukurti \u012fvairius i\u0161d\u0117stymus<br \/>\n \t&#8211; \u0160viesoforai ir kelio \u017eenklai, suteikiantys tikrovi\u0161kumo<br \/>\n \t&#8211; Maitinimas: 2xAAA 1.5V<\/p>\n<p>Komplekt\u0101 ietilpst:<\/p>\n<p> \t&#8211; Elektrinis traukinys<br \/>\n \t&#8211; Vagonai<br \/>\n \t&#8211; Trauka<br \/>\n \t&#8211; Pakabinamas tiltelis<br \/>\n \t&#8211; Tunelis<br \/>\n \t&#8211; Traukini\u0173 stotis su gaisrine<br \/>\n \t&#8211; 2 gaisrin\u0117s ma\u0161inos<br \/>\n \t&#8211; Ugniagesi\u0173 fig\u016bra<br \/>\n \t&#8211; 2 \u0160viesoforai<br \/>\n \t&#8211; 3 Kelio \u017eenklai<br \/>\n \t&#8211; Kelio \u017eibintas<br \/>\n \t&#8211; 2 Atramos konstrukcijoms auk\u0161tyje<\/p>","protected":false},"excerpt":{"rendered":"<p>\u012esp\u016bdingas prek\u0117s \u017eenklo elektrinio funikulieriaus rinkinys\u00a0Woopie\u00a0tai tikras komand\u0173 centras ma\u017eiesiems statybininkams! Raudonasis greitasis traukinys supa\u017eindins j\u016bs\u0173 vaik\u0105 su statyb\u0173 pasauliu,<\/p>","protected":false},"featured_media":80347,"template":"","meta":{"_acf_changed":false,"_glsr_average":0,"_glsr_ranking":0,"_glsr_reviews":0},"product_brand":[],"product_cat":[448,229],"product_tag":[],"class_list":{"0":"post-80345","1":"product","2":"type-product","3":"status-publish","4":"has-post-thumbnail","6":"product_cat-automobiliai-ir-transportas","7":"product_cat-zaislai-vaikams","8":"\"style=\"background-color: #2ecc711c;\"","10":"first","11":"instock","12":"purchasable","13":"product-type-simple"},"acf":[],"yoast_head":"<!-- This site is optimized with the Yoast SEO plugin v27.3 - https:\/\/yoast.com\/product\/yoast-seo-wordpress\/ -->\n<title>WOOPIE elektrinio gele\u017einkelio komplekto lokomotyv\u0173 ugniagesi\u0173 skyrius 66vnt<\/title>\n<meta name=\"description\" content=\"WOOPIE elektrinio gele\u017einkelio komplekto lokomotyv\u0173 ugniagesi\u0173 skyrius 66vnt - KidsPlay. Did\u017eiausias vaik\u0173 \u017eaisl\u0173 pasirinkimas.\" \/>\n<meta name=\"robots\" content=\"index, follow, max-snippet:-1, max-image-preview:large, max-video-preview:-1\" \/>\n<link rel=\"canonical\" href=\"https:\/\/kidsplay.lt\/lv\/products\/woopie-elektrinio-gelezinkelio-komplekto-lokomotyvu-ugniagesiu-skyrius-66vnt\/\" \/>\n<meta property=\"og:locale\" content=\"lv_LV\" \/>\n<meta property=\"og:type\" content=\"article\" \/>\n<meta property=\"og:title\" content=\"WOOPIE elektrinio gele\u017einkelio komplekto lokomotyv\u0173 ugniagesi\u0173 skyrius 66vnt\" \/>\n<meta property=\"og:description\" content=\"WOOPIE elektrinio gele\u017einkelio komplekto lokomotyv\u0173 ugniagesi\u0173 skyrius 66vnt - KidsPlay. Did\u017eiausias vaik\u0173 \u017eaisl\u0173 pasirinkimas.\" \/>\n<meta property=\"og:url\" content=\"https:\/\/kidsplay.lt\/lv\/products\/woopie-elektrinio-gelezinkelio-komplekto-lokomotyvu-ugniagesiu-skyrius-66vnt\/\" \/>\n<meta property=\"og:site_name\" content=\"KidsPlay\" \/>\n<meta property=\"article:publisher\" content=\"https:\/\/www.facebook.com\/www.kidsplay.lt\" \/>\n<meta property=\"article:modified_time\" content=\"2026-04-07T06:57:45+00:00\" \/>\n<meta property=\"og:image\" content=\"https:\/\/kidsplay.lt\/wp-content\/uploads\/2025\/11\/WOOPIE-elektrinio-gelezinkelio-komplekto-lokomotyvu-ugniagesiu-skyrius-66vnt.jpg\" \/>\n\t<meta property=\"og:image:width\" content=\"2560\" \/>\n\t<meta property=\"og:image:height\" content=\"2560\" \/>\n\t<meta property=\"og:image:type\" content=\"image\/jpeg\" \/>\n<meta name=\"twitter:card\" content=\"summary_large_image\" \/>\n<meta name=\"twitter:label1\" content=\"Est. reading time\" \/>\n\t<meta name=\"twitter:data1\" content=\"1 min\u016bte\" \/>\n<script type=\"application\/ld+json\" class=\"yoast-schema-graph\">{\"@context\":\"https:\\\/\\\/schema.org\",\"@graph\":[{\"@type\":\"WebPage\",\"@id\":\"https:\\\/\\\/kidsplay.lt\\\/produktas\\\/woopie-elektrinio-gelezinkelio-komplekto-lokomotyvu-ugniagesiu-skyrius-66vnt\\\/\",\"url\":\"https:\\\/\\\/kidsplay.lt\\\/produktas\\\/woopie-elektrinio-gelezinkelio-komplekto-lokomotyvu-ugniagesiu-skyrius-66vnt\\\/\",\"name\":\"WOOPIE elektrinio gele\u017einkelio komplekto lokomotyv\u0173 ugniagesi\u0173 skyrius 66vnt\",\"isPartOf\":{\"@id\":\"https:\\\/\\\/kidsplay.lt\\\/#website\"},\"primaryImageOfPage\":{\"@id\":\"https:\\\/\\\/kidsplay.lt\\\/produktas\\\/woopie-elektrinio-gelezinkelio-komplekto-lokomotyvu-ugniagesiu-skyrius-66vnt\\\/#primaryimage\"},\"image\":{\"@id\":\"https:\\\/\\\/kidsplay.lt\\\/produktas\\\/woopie-elektrinio-gelezinkelio-komplekto-lokomotyvu-ugniagesiu-skyrius-66vnt\\\/#primaryimage\"},\"thumbnailUrl\":\"https:\\\/\\\/kidsplay.lt\\\/wp-content\\\/uploads\\\/2025\\\/11\\\/WOOPIE-elektrinio-gelezinkelio-komplekto-lokomotyvu-ugniagesiu-skyrius-66vnt.jpg\",\"datePublished\":\"2025-11-17T11:40:05+00:00\",\"dateModified\":\"2026-04-07T06:57:45+00:00\",\"description\":\"WOOPIE elektrinio gele\u017einkelio komplekto lokomotyv\u0173 ugniagesi\u0173 skyrius 66vnt - KidsPlay. Did\u017eiausias vaik\u0173 \u017eaisl\u0173 pasirinkimas.\",\"breadcrumb\":{\"@id\":\"https:\\\/\\\/kidsplay.lt\\\/produktas\\\/woopie-elektrinio-gelezinkelio-komplekto-lokomotyvu-ugniagesiu-skyrius-66vnt\\\/#breadcrumb\"},\"inLanguage\":\"lv-LV\",\"potentialAction\":[{\"@type\":\"ReadAction\",\"target\":[\"https:\\\/\\\/kidsplay.lt\\\/produktas\\\/woopie-elektrinio-gelezinkelio-komplekto-lokomotyvu-ugniagesiu-skyrius-66vnt\\\/\"]}]},{\"@type\":\"ImageObject\",\"inLanguage\":\"lv-LV\",\"@id\":\"https:\\\/\\\/kidsplay.lt\\\/produktas\\\/woopie-elektrinio-gelezinkelio-komplekto-lokomotyvu-ugniagesiu-skyrius-66vnt\\\/#primaryimage\",\"url\":\"https:\\\/\\\/kidsplay.lt\\\/wp-content\\\/uploads\\\/2025\\\/11\\\/WOOPIE-elektrinio-gelezinkelio-komplekto-lokomotyvu-ugniagesiu-skyrius-66vnt.jpg\",\"contentUrl\":\"https:\\\/\\\/kidsplay.lt\\\/wp-content\\\/uploads\\\/2025\\\/11\\\/WOOPIE-elektrinio-gelezinkelio-komplekto-lokomotyvu-ugniagesiu-skyrius-66vnt.jpg\",\"width\":2560,\"height\":2560,\"caption\":\"WOOPIE elektrinio gele\u017einkelio komplekto lokomotyv\u0173 ugniagesi\u0173 skyrius 66vnt\"},{\"@type\":\"BreadcrumbList\",\"@id\":\"https:\\\/\\\/kidsplay.lt\\\/produktas\\\/woopie-elektrinio-gelezinkelio-komplekto-lokomotyvu-ugniagesiu-skyrius-66vnt\\\/#breadcrumb\",\"itemListElement\":[{\"@type\":\"ListItem\",\"position\":1,\"name\":\"Pagrindinis\",\"item\":\"https:\\\/\\\/kidsplay.lt\\\/\"},{\"@type\":\"ListItem\",\"position\":2,\"name\":\"Parduotuv\u0117\",\"item\":\"https:\\\/\\\/kidsplay.lt\\\/parduotuve\\\/\"},{\"@type\":\"ListItem\",\"position\":3,\"name\":\"WOOPIE elektrinio gele\u017einkelio komplekto lokomotyv\u0173 ugniagesi\u0173 skyrius 66vnt\"}]},{\"@type\":\"WebSite\",\"@id\":\"https:\\\/\\\/kidsplay.lt\\\/#website\",\"url\":\"https:\\\/\\\/kidsplay.lt\\\/\",\"name\":\"Kidsplay.lt\",\"description\":\"\u012evairios prek\u0117s vaikams\",\"publisher\":{\"@id\":\"https:\\\/\\\/kidsplay.lt\\\/#organization\"},\"alternateName\":\"Kidsplay\",\"potentialAction\":[{\"@type\":\"SearchAction\",\"target\":{\"@type\":\"EntryPoint\",\"urlTemplate\":\"https:\\\/\\\/kidsplay.lt\\\/?s={search_term_string}\"},\"query-input\":{\"@type\":\"PropertyValueSpecification\",\"valueRequired\":true,\"valueName\":\"search_term_string\"}}],\"inLanguage\":\"lv-LV\"},{\"@type\":\"Organization\",\"@id\":\"https:\\\/\\\/kidsplay.lt\\\/#organization\",\"name\":\"KidsPlay\",\"url\":\"https:\\\/\\\/kidsplay.lt\\\/\",\"logo\":{\"@type\":\"ImageObject\",\"inLanguage\":\"lv-LV\",\"@id\":\"https:\\\/\\\/kidsplay.lt\\\/#\\\/schema\\\/logo\\\/image\\\/\",\"url\":\"https:\\\/\\\/kidsplay.lt\\\/wp-content\\\/uploads\\\/2023\\\/07\\\/kidsplay-logo.png\",\"contentUrl\":\"https:\\\/\\\/kidsplay.lt\\\/wp-content\\\/uploads\\\/2023\\\/07\\\/kidsplay-logo.png\",\"width\":451,\"height\":98,\"caption\":\"KidsPlay\"},\"image\":{\"@id\":\"https:\\\/\\\/kidsplay.lt\\\/#\\\/schema\\\/logo\\\/image\\\/\"},\"sameAs\":[\"https:\\\/\\\/www.facebook.com\\\/www.kidsplay.lt\"]}]}<\/script>\n<!-- \/ Yoast SEO plugin. -->","yoast_head_json":{"title":"WOOPIE elektrinio gele\u017einkelio komplekto lokomotyv\u0173 ugniagesi\u0173 skyrius 66vnt","description":"WOOPIE elektrinio gele\u017einkelio komplekto lokomotyv\u0173 ugniagesi\u0173 skyrius 66vnt - KidsPlay. Did\u017eiausias vaik\u0173 \u017eaisl\u0173 pasirinkimas.","robots":{"index":"index","follow":"follow","max-snippet":"max-snippet:-1","max-image-preview":"max-image-preview:large","max-video-preview":"max-video-preview:-1"},"canonical":"https:\/\/kidsplay.lt\/lv\/products\/woopie-elektrinio-gelezinkelio-komplekto-lokomotyvu-ugniagesiu-skyrius-66vnt\/","og_locale":"lv_LV","og_type":"article","og_title":"WOOPIE elektrinio gele\u017einkelio komplekto lokomotyv\u0173 ugniagesi\u0173 skyrius 66vnt","og_description":"WOOPIE elektrinio gele\u017einkelio komplekto lokomotyv\u0173 ugniagesi\u0173 skyrius 66vnt - KidsPlay. Did\u017eiausias vaik\u0173 \u017eaisl\u0173 pasirinkimas.","og_url":"https:\/\/kidsplay.lt\/lv\/products\/woopie-elektrinio-gelezinkelio-komplekto-lokomotyvu-ugniagesiu-skyrius-66vnt\/","og_site_name":"KidsPlay","article_publisher":"https:\/\/www.facebook.com\/www.kidsplay.lt","article_modified_time":"2026-04-07T06:57:45+00:00","og_image":[{"width":2560,"height":2560,"url":"https:\/\/kidsplay.lt\/wp-content\/uploads\/2025\/11\/WOOPIE-elektrinio-gelezinkelio-komplekto-lokomotyvu-ugniagesiu-skyrius-66vnt.jpg","type":"image\/jpeg"}],"twitter_card":"summary_large_image","twitter_misc":{"Est. reading time":"1 min\u016bte"},"schema":{"@context":"https:\/\/schema.org","@graph":[{"@type":"WebPage","@id":"https:\/\/kidsplay.lt\/produktas\/woopie-elektrinio-gelezinkelio-komplekto-lokomotyvu-ugniagesiu-skyrius-66vnt\/","url":"https:\/\/kidsplay.lt\/produktas\/woopie-elektrinio-gelezinkelio-komplekto-lokomotyvu-ugniagesiu-skyrius-66vnt\/","name":"WOOPIE elektrinio gele\u017einkelio komplekto lokomotyv\u0173 ugniagesi\u0173 skyrius 66vnt","isPartOf":{"@id":"https:\/\/kidsplay.lt\/#website"},"primaryImageOfPage":{"@id":"https:\/\/kidsplay.lt\/produktas\/woopie-elektrinio-gelezinkelio-komplekto-lokomotyvu-ugniagesiu-skyrius-66vnt\/#primaryimage"},"image":{"@id":"https:\/\/kidsplay.lt\/produktas\/woopie-elektrinio-gelezinkelio-komplekto-lokomotyvu-ugniagesiu-skyrius-66vnt\/#primaryimage"},"thumbnailUrl":"https:\/\/kidsplay.lt\/wp-content\/uploads\/2025\/11\/WOOPIE-elektrinio-gelezinkelio-komplekto-lokomotyvu-ugniagesiu-skyrius-66vnt.jpg","datePublished":"2025-11-17T11:40:05+00:00","dateModified":"2026-04-07T06:57:45+00:00","description":"WOOPIE elektrinio gele\u017einkelio komplekto lokomotyv\u0173 ugniagesi\u0173 skyrius 66vnt - KidsPlay. Did\u017eiausias vaik\u0173 \u017eaisl\u0173 pasirinkimas.","breadcrumb":{"@id":"https:\/\/kidsplay.lt\/produktas\/woopie-elektrinio-gelezinkelio-komplekto-lokomotyvu-ugniagesiu-skyrius-66vnt\/#breadcrumb"},"inLanguage":"lv-LV","potentialAction":[{"@type":"ReadAction","target":["https:\/\/kidsplay.lt\/produktas\/woopie-elektrinio-gelezinkelio-komplekto-lokomotyvu-ugniagesiu-skyrius-66vnt\/"]}]},{"@type":"ImageObject","inLanguage":"lv-LV","@id":"https:\/\/kidsplay.lt\/produktas\/woopie-elektrinio-gelezinkelio-komplekto-lokomotyvu-ugniagesiu-skyrius-66vnt\/#primaryimage","url":"https:\/\/kidsplay.lt\/wp-content\/uploads\/2025\/11\/WOOPIE-elektrinio-gelezinkelio-komplekto-lokomotyvu-ugniagesiu-skyrius-66vnt.jpg","contentUrl":"https:\/\/kidsplay.lt\/wp-content\/uploads\/2025\/11\/WOOPIE-elektrinio-gelezinkelio-komplekto-lokomotyvu-ugniagesiu-skyrius-66vnt.jpg","width":2560,"height":2560,"caption":"WOOPIE elektrinio gele\u017einkelio komplekto lokomotyv\u0173 ugniagesi\u0173 skyrius 66vnt"},{"@type":"BreadcrumbList","@id":"https:\/\/kidsplay.lt\/produktas\/woopie-elektrinio-gelezinkelio-komplekto-lokomotyvu-ugniagesiu-skyrius-66vnt\/#breadcrumb","itemListElement":[{"@type":"ListItem","position":1,"name":"Pagrindinis","item":"https:\/\/kidsplay.lt\/"},{"@type":"ListItem","position":2,"name":"Parduotuv\u0117","item":"https:\/\/kidsplay.lt\/parduotuve\/"},{"@type":"ListItem","position":3,"name":"WOOPIE elektrinio gele\u017einkelio komplekto lokomotyv\u0173 ugniagesi\u0173 skyrius 66vnt"}]},{"@type":"WebSite","@id":"https:\/\/kidsplay.lt\/#website","url":"https:\/\/kidsplay.lt\/","name":"B\u0113rnu sp\u0113les.lv","description":"\u012evairios prek\u0117s vaikams","publisher":{"@id":"https:\/\/kidsplay.lt\/#organization"},"alternateName":"Kidsplay","potentialAction":[{"@type":"SearchAction","target":{"@type":"EntryPoint","urlTemplate":"https:\/\/kidsplay.lt\/?s={search_term_string}"},"query-input":{"@type":"PropertyValueSpecification","valueRequired":true,"valueName":"search_term_string"}}],"inLanguage":"lv-LV"},{"@type":"Organization","@id":"https:\/\/kidsplay.lt\/#organization","name":"B\u0113rnu sp\u0113le","url":"https:\/\/kidsplay.lt\/","logo":{"@type":"ImageObject","inLanguage":"lv-LV","@id":"https:\/\/kidsplay.lt\/#\/schema\/logo\/image\/","url":"https:\/\/kidsplay.lt\/wp-content\/uploads\/2023\/07\/kidsplay-logo.png","contentUrl":"https:\/\/kidsplay.lt\/wp-content\/uploads\/2023\/07\/kidsplay-logo.png","width":451,"height":98,"caption":"KidsPlay"},"image":{"@id":"https:\/\/kidsplay.lt\/#\/schema\/logo\/image\/"},"sameAs":["https:\/\/www.facebook.com\/www.kidsplay.lt"]}]}},"_links":{"self":[{"href":"https:\/\/kidsplay.lt\/lv\/wp-json\/wp\/v2\/product\/80345","targetHints":{"allow":["GET"]}}],"collection":[{"href":"https:\/\/kidsplay.lt\/lv\/wp-json\/wp\/v2\/product"}],"about":[{"href":"https:\/\/kidsplay.lt\/lv\/wp-json\/wp\/v2\/types\/product"}],"version-history":[{"count":1,"href":"https:\/\/kidsplay.lt\/lv\/wp-json\/wp\/v2\/product\/80345\/revisions"}],"predecessor-version":[{"id":80346,"href":"https:\/\/kidsplay.lt\/lv\/wp-json\/wp\/v2\/product\/80345\/revisions\/80346"}],"wp:featuredmedia":[{"embeddable":true,"href":"https:\/\/kidsplay.lt\/lv\/wp-json\/wp\/v2\/media\/80347"}],"wp:attachment":[{"href":"https:\/\/kidsplay.lt\/lv\/wp-json\/wp\/v2\/media?parent=80345"}],"wp:term":[{"taxonomy":"product_brand","embeddable":true,"href":"https:\/\/kidsplay.lt\/lv\/wp-json\/wp\/v2\/product_brand?post=80345"},{"taxonomy":"product_cat","embeddable":true,"href":"https:\/\/kidsplay.lt\/lv\/wp-json\/wp\/v2\/product_cat?post=80345"},{"taxonomy":"product_tag","embeddable":true,"href":"https:\/\/kidsplay.lt\/lv\/wp-json\/wp\/v2\/product_tag?post=80345"}],"curies":[{"name":"wp","href":"https:\/\/api.w.org\/{rel}","templated":true}]}}