{"id":80530,"date":"2025-11-23T13:42:12","date_gmt":"2025-11-23T11:42:12","guid":{"rendered":"https:\/\/kidsplay.lt\/produktas\/woopie-green-medinis-rutulinis-takelis-su-garso-efektais\/"},"modified":"2026-04-13T14:16:51","modified_gmt":"2026-04-13T11:16:51","slug":"woopie-green-medinis-rutulinis-takelis-su-garso-efektais","status":"publish","type":"product","link":"https:\/\/kidsplay.lt\/lv\/products\/woopie-green-medinis-rutulinis-takelis-su-garso-efektais\/","title":{"rendered":"WOOPIE GREEN koka bumbi\u0146u trase ar ska\u0146as efektiem"},"content":{"rendered":"<p>Nuostabus\u00a0medinis rutulinis takelis\u00a0i\u0161\u00a0Woopie Green\u00a0tai unikalus \u017eaislas, kuriame dera judesio, garso ir mokymosi per \u017eaidim\u0105 elementai. Tai puikus rinkinys jauniausiems pasaulio tyrin\u0117tojams, kurie mielai stebi, kaip takeliu rieda spalvingi kamuoliukai, judantys \u012fvair\u016bs elementai ir skleid\u017eiantys malonius garsus. Visas daiktas laikomas\u00a0pastel\u0117, draugi\u0161kos spalvos&#8217;, kuris patraukia ak\u012f ir linksmyb\u0117ms suteikia \u0161ilt\u0105, rami\u0105 atmosfer\u0105. \u017daislas \u017eavi ne tik savo i\u0161vaizda, bet vis\u0173 pirma funkcionalumu ir darbo kokybe. \u2013 buvo sukurtas atsi\u017evelgiant \u012f vaiko vystym\u0105si nuo ma\u017eens. D\u0117l \u012fvairi\u0173 \u2013 element\u0173, toki\u0173 kaip\u00a0spiralin\u0117s \u010diuo\u017eyklos, tiltai, takeliai ir cimbolas\u00a0\u2013 vaikas gali steb\u0117ti besikei\u010dian\u010dius kamuoliuk\u0173 judesius, klausytis j\u0173 skleid\u017eiam\u0173 gars\u0173 ir eksperimentuoti su j\u0173 ried\u0117jimo grei\u010diu ir kryptimi. Tai puiki linksmybi\u0173 forma, kuri vystosi ir linksmina tuo pa\u010diu metu. \u017daislas puikiai tiks namuose, dar\u017eelyje ar kaip \u012fsp\u016bdinga dovana k\u016bdikyst\u0117s ir ankstyvos vaikyst\u0117s vaikui.<\/p>\n<p>Raksturojums:<\/p>\n<p> \t&#8211; Vaiki\u0161kas \u017eaislas\u00a0nuo 18 m\u0117nesi\u0173 am\u017eiaus<br \/>\n \t&#8211;\u00a0Spalvingas kamuolio takelis\u00a0su daugybe pos\u016bki\u0173, kurie supa\u017eindins j\u016bs\u0173 vaik\u0105 su \u017eaviu jud\u0117jimo ir gravitacijos pasauliu<br \/>\n \t&#8211;\u00a0Saugi Statyba\u00a0\u2013 i\u0161 auk\u0161tos kokyb\u0117s, skland\u017eiai i\u0161baigtos medienos ir netoksi\u0161kais da\u017eais da\u017eyt\u0173 element\u0173<br \/>\n \t&#8211;\u00a0Muzikiniai elementai\u00a0\u2013 \u012fmontuotas mini instrumentas (speneliai) leid\u017eia j\u016bs\u0173 vaikui gird\u0117ti garsus rutuliams riedant, o tai praturtina linksm\u0105 patirt\u012f<br \/>\n \t&#8211;\u00a0Lengvas surinkimas\u00a0\u2013 rinkinio elementai jungiasi stabiliai ir intuityviai, tod\u0117l t\u0117vai ar vaikas gali greitai sulankstyti takel\u012f<br \/>\n \t&#8211;\u00a0Estetin\u0117 apdaila\u00a0\u2013 subtilios pastelin\u0117s spalvos ir gamtos motyvai (g\u0117l\u0117s, vaivoryk\u0161t\u0117s, bit\u0117s) sukuria draugi\u0161k\u0105 ir harmoning\u0105 dizain\u0105<br \/>\n \t&#8211;\u00a0Universalumas\u00a0\u2013 idealiai tinka tiek vaikui \u017eaisti savaranki\u0161kai, tiek leisti laik\u0105 kartu su t\u0117vais<\/p>\n<p>Komplekt\u0101 ietilpst:<\/p>\n<p> \t&#8211; Medinis takelis su spalvingomis rampomis ir spiraline \u010diuo\u017eykla<br \/>\n \t&#8211; Integruotas muzikos elementas \u2013 cimbolas<br \/>\n \t&#8211; Keturi spalvingi rutuliai ried\u0117ti trasoje<br \/>\n \t&#8211; Dekoratyvin\u0117s arkos ir b\u0117gi\u0173 jungiamieji elementai<br \/>\n \t&#8211; Stabil\u016bs pad\u0117kliukai linksmam saugumui<\/p>","protected":false},"excerpt":{"rendered":"<p>Nuostabus\u00a0medinis rutulinis takelis\u00a0i\u0161\u00a0Woopie Green\u00a0tai unikalus \u017eaislas, kuriame dera judesio, garso ir mokymosi per \u017eaidim\u0105 elementai. Tai puikus rinkinys jauniausiems pasaulio<\/p>","protected":false},"featured_media":80532,"template":"","meta":{"_acf_changed":false,"_glsr_average":0,"_glsr_ranking":0,"_glsr_reviews":0},"product_brand":[],"product_cat":[396,229],"product_tag":[],"class_list":{"0":"post-80530","1":"product","2":"type-product","3":"status-publish","4":"has-post-thumbnail","6":"product_cat-kudikiu-zaislai-vaikams2","7":"product_cat-zaislai-vaikams","8":"\"style=\"background-color: #2ecc711c;\"","10":"first","11":"instock","12":"purchasable","13":"product-type-simple"},"acf":[],"yoast_head":"<!-- This site is optimized with the Yoast SEO plugin v27.4 - https:\/\/yoast.com\/product\/yoast-seo-wordpress\/ -->\n<title>WOOPIE GREEN medinis rutulinis takelis su garso efektais<\/title>\n<meta name=\"description\" content=\"WOOPIE GREEN medinis rutulinis takelis su garso efektais - KidsPlay. Did\u017eiausias vaik\u0173 \u017eaisl\u0173 pasirinkimas.\" \/>\n<meta name=\"robots\" content=\"index, follow, max-snippet:-1, max-image-preview:large, max-video-preview:-1\" \/>\n<link rel=\"canonical\" href=\"https:\/\/kidsplay.lt\/lv\/products\/woopie-green-medinis-rutulinis-takelis-su-garso-efektais\/\" \/>\n<meta property=\"og:locale\" content=\"lv_LV\" \/>\n<meta property=\"og:type\" content=\"article\" \/>\n<meta property=\"og:title\" content=\"WOOPIE GREEN medinis rutulinis takelis su garso efektais\" \/>\n<meta property=\"og:description\" content=\"WOOPIE GREEN medinis rutulinis takelis su garso efektais - KidsPlay. Did\u017eiausias vaik\u0173 \u017eaisl\u0173 pasirinkimas.\" \/>\n<meta property=\"og:url\" content=\"https:\/\/kidsplay.lt\/lv\/products\/woopie-green-medinis-rutulinis-takelis-su-garso-efektais\/\" \/>\n<meta property=\"og:site_name\" content=\"KidsPlay\" \/>\n<meta property=\"article:publisher\" content=\"https:\/\/www.facebook.com\/www.kidsplay.lt\" \/>\n<meta property=\"article:modified_time\" content=\"2026-04-13T11:16:51+00:00\" \/>\n<meta property=\"og:image\" content=\"https:\/\/kidsplay.lt\/wp-content\/uploads\/2025\/11\/WOOPIE-GREEN-medinis-rutulinis-takelis-su-garso-efektais.jpg\" \/>\n\t<meta property=\"og:image:width\" content=\"1000\" \/>\n\t<meta property=\"og:image:height\" content=\"1000\" \/>\n\t<meta property=\"og:image:type\" content=\"image\/jpeg\" \/>\n<meta name=\"twitter:card\" content=\"summary_large_image\" \/>\n<meta name=\"twitter:label1\" content=\"Est. reading time\" \/>\n\t<meta name=\"twitter:data1\" content=\"2 min\u016btes\" \/>\n<script type=\"application\/ld+json\" class=\"yoast-schema-graph\">{\"@context\":\"https:\\\/\\\/schema.org\",\"@graph\":[{\"@type\":\"WebPage\",\"@id\":\"https:\\\/\\\/kidsplay.lt\\\/produktas\\\/woopie-green-medinis-rutulinis-takelis-su-garso-efektais\\\/\",\"url\":\"https:\\\/\\\/kidsplay.lt\\\/produktas\\\/woopie-green-medinis-rutulinis-takelis-su-garso-efektais\\\/\",\"name\":\"WOOPIE GREEN medinis rutulinis takelis su garso efektais\",\"isPartOf\":{\"@id\":\"https:\\\/\\\/kidsplay.lt\\\/#website\"},\"primaryImageOfPage\":{\"@id\":\"https:\\\/\\\/kidsplay.lt\\\/produktas\\\/woopie-green-medinis-rutulinis-takelis-su-garso-efektais\\\/#primaryimage\"},\"image\":{\"@id\":\"https:\\\/\\\/kidsplay.lt\\\/produktas\\\/woopie-green-medinis-rutulinis-takelis-su-garso-efektais\\\/#primaryimage\"},\"thumbnailUrl\":\"https:\\\/\\\/kidsplay.lt\\\/wp-content\\\/uploads\\\/2025\\\/11\\\/WOOPIE-GREEN-medinis-rutulinis-takelis-su-garso-efektais.jpg\",\"datePublished\":\"2025-11-23T11:42:12+00:00\",\"dateModified\":\"2026-04-13T11:16:51+00:00\",\"description\":\"WOOPIE GREEN medinis rutulinis takelis su garso efektais - KidsPlay. Did\u017eiausias vaik\u0173 \u017eaisl\u0173 pasirinkimas.\",\"breadcrumb\":{\"@id\":\"https:\\\/\\\/kidsplay.lt\\\/produktas\\\/woopie-green-medinis-rutulinis-takelis-su-garso-efektais\\\/#breadcrumb\"},\"inLanguage\":\"lv-LV\",\"potentialAction\":[{\"@type\":\"ReadAction\",\"target\":[\"https:\\\/\\\/kidsplay.lt\\\/produktas\\\/woopie-green-medinis-rutulinis-takelis-su-garso-efektais\\\/\"]}]},{\"@type\":\"ImageObject\",\"inLanguage\":\"lv-LV\",\"@id\":\"https:\\\/\\\/kidsplay.lt\\\/produktas\\\/woopie-green-medinis-rutulinis-takelis-su-garso-efektais\\\/#primaryimage\",\"url\":\"https:\\\/\\\/kidsplay.lt\\\/wp-content\\\/uploads\\\/2025\\\/11\\\/WOOPIE-GREEN-medinis-rutulinis-takelis-su-garso-efektais.jpg\",\"contentUrl\":\"https:\\\/\\\/kidsplay.lt\\\/wp-content\\\/uploads\\\/2025\\\/11\\\/WOOPIE-GREEN-medinis-rutulinis-takelis-su-garso-efektais.jpg\",\"width\":1000,\"height\":1000,\"caption\":\"WOOPIE GREEN medinis rutulinis takelis su garso efektais\"},{\"@type\":\"BreadcrumbList\",\"@id\":\"https:\\\/\\\/kidsplay.lt\\\/produktas\\\/woopie-green-medinis-rutulinis-takelis-su-garso-efektais\\\/#breadcrumb\",\"itemListElement\":[{\"@type\":\"ListItem\",\"position\":1,\"name\":\"Pagrindinis\",\"item\":\"https:\\\/\\\/kidsplay.lt\\\/\"},{\"@type\":\"ListItem\",\"position\":2,\"name\":\"Parduotuv\u0117\",\"item\":\"https:\\\/\\\/kidsplay.lt\\\/parduotuve\\\/\"},{\"@type\":\"ListItem\",\"position\":3,\"name\":\"WOOPIE GREEN medinis rutulinis takelis su garso efektais\"}]},{\"@type\":\"WebSite\",\"@id\":\"https:\\\/\\\/kidsplay.lt\\\/#website\",\"url\":\"https:\\\/\\\/kidsplay.lt\\\/\",\"name\":\"Kidsplay.lt\",\"description\":\"\u012evairios prek\u0117s vaikams\",\"publisher\":{\"@id\":\"https:\\\/\\\/kidsplay.lt\\\/#organization\"},\"alternateName\":\"Kidsplay\",\"potentialAction\":[{\"@type\":\"SearchAction\",\"target\":{\"@type\":\"EntryPoint\",\"urlTemplate\":\"https:\\\/\\\/kidsplay.lt\\\/?s={search_term_string}\"},\"query-input\":{\"@type\":\"PropertyValueSpecification\",\"valueRequired\":true,\"valueName\":\"search_term_string\"}}],\"inLanguage\":\"lv-LV\"},{\"@type\":\"Organization\",\"@id\":\"https:\\\/\\\/kidsplay.lt\\\/#organization\",\"name\":\"KidsPlay\",\"url\":\"https:\\\/\\\/kidsplay.lt\\\/\",\"logo\":{\"@type\":\"ImageObject\",\"inLanguage\":\"lv-LV\",\"@id\":\"https:\\\/\\\/kidsplay.lt\\\/#\\\/schema\\\/logo\\\/image\\\/\",\"url\":\"https:\\\/\\\/kidsplay.lt\\\/wp-content\\\/uploads\\\/2023\\\/07\\\/kidsplay-logo.png\",\"contentUrl\":\"https:\\\/\\\/kidsplay.lt\\\/wp-content\\\/uploads\\\/2023\\\/07\\\/kidsplay-logo.png\",\"width\":451,\"height\":98,\"caption\":\"KidsPlay\"},\"image\":{\"@id\":\"https:\\\/\\\/kidsplay.lt\\\/#\\\/schema\\\/logo\\\/image\\\/\"},\"sameAs\":[\"https:\\\/\\\/www.facebook.com\\\/www.kidsplay.lt\"]}]}<\/script>\n<!-- \/ Yoast SEO plugin. -->","yoast_head_json":{"title":"WOOPIE GREEN koka bumbi\u0146u trase ar ska\u0146as efektiem","description":"WOOPIE GREEN medinis rutulinis takelis su garso efektais - KidsPlay. Did\u017eiausias vaik\u0173 \u017eaisl\u0173 pasirinkimas.","robots":{"index":"index","follow":"follow","max-snippet":"max-snippet:-1","max-image-preview":"max-image-preview:large","max-video-preview":"max-video-preview:-1"},"canonical":"https:\/\/kidsplay.lt\/lv\/products\/woopie-green-medinis-rutulinis-takelis-su-garso-efektais\/","og_locale":"lv_LV","og_type":"article","og_title":"WOOPIE GREEN medinis rutulinis takelis su garso efektais","og_description":"WOOPIE GREEN medinis rutulinis takelis su garso efektais - KidsPlay. Did\u017eiausias vaik\u0173 \u017eaisl\u0173 pasirinkimas.","og_url":"https:\/\/kidsplay.lt\/lv\/products\/woopie-green-medinis-rutulinis-takelis-su-garso-efektais\/","og_site_name":"KidsPlay","article_publisher":"https:\/\/www.facebook.com\/www.kidsplay.lt","article_modified_time":"2026-04-13T11:16:51+00:00","og_image":[{"width":1000,"height":1000,"url":"https:\/\/kidsplay.lt\/wp-content\/uploads\/2025\/11\/WOOPIE-GREEN-medinis-rutulinis-takelis-su-garso-efektais.jpg","type":"image\/jpeg"}],"twitter_card":"summary_large_image","twitter_misc":{"Est. reading time":"2 min\u016btes"},"schema":{"@context":"https:\/\/schema.org","@graph":[{"@type":"WebPage","@id":"https:\/\/kidsplay.lt\/produktas\/woopie-green-medinis-rutulinis-takelis-su-garso-efektais\/","url":"https:\/\/kidsplay.lt\/produktas\/woopie-green-medinis-rutulinis-takelis-su-garso-efektais\/","name":"WOOPIE GREEN koka bumbi\u0146u trase ar ska\u0146as efektiem","isPartOf":{"@id":"https:\/\/kidsplay.lt\/#website"},"primaryImageOfPage":{"@id":"https:\/\/kidsplay.lt\/produktas\/woopie-green-medinis-rutulinis-takelis-su-garso-efektais\/#primaryimage"},"image":{"@id":"https:\/\/kidsplay.lt\/produktas\/woopie-green-medinis-rutulinis-takelis-su-garso-efektais\/#primaryimage"},"thumbnailUrl":"https:\/\/kidsplay.lt\/wp-content\/uploads\/2025\/11\/WOOPIE-GREEN-medinis-rutulinis-takelis-su-garso-efektais.jpg","datePublished":"2025-11-23T11:42:12+00:00","dateModified":"2026-04-13T11:16:51+00:00","description":"WOOPIE GREEN medinis rutulinis takelis su garso efektais - KidsPlay. Did\u017eiausias vaik\u0173 \u017eaisl\u0173 pasirinkimas.","breadcrumb":{"@id":"https:\/\/kidsplay.lt\/produktas\/woopie-green-medinis-rutulinis-takelis-su-garso-efektais\/#breadcrumb"},"inLanguage":"lv-LV","potentialAction":[{"@type":"ReadAction","target":["https:\/\/kidsplay.lt\/produktas\/woopie-green-medinis-rutulinis-takelis-su-garso-efektais\/"]}]},{"@type":"ImageObject","inLanguage":"lv-LV","@id":"https:\/\/kidsplay.lt\/produktas\/woopie-green-medinis-rutulinis-takelis-su-garso-efektais\/#primaryimage","url":"https:\/\/kidsplay.lt\/wp-content\/uploads\/2025\/11\/WOOPIE-GREEN-medinis-rutulinis-takelis-su-garso-efektais.jpg","contentUrl":"https:\/\/kidsplay.lt\/wp-content\/uploads\/2025\/11\/WOOPIE-GREEN-medinis-rutulinis-takelis-su-garso-efektais.jpg","width":1000,"height":1000,"caption":"WOOPIE GREEN medinis rutulinis takelis su garso efektais"},{"@type":"BreadcrumbList","@id":"https:\/\/kidsplay.lt\/produktas\/woopie-green-medinis-rutulinis-takelis-su-garso-efektais\/#breadcrumb","itemListElement":[{"@type":"ListItem","position":1,"name":"Pagrindinis","item":"https:\/\/kidsplay.lt\/"},{"@type":"ListItem","position":2,"name":"Parduotuv\u0117","item":"https:\/\/kidsplay.lt\/parduotuve\/"},{"@type":"ListItem","position":3,"name":"WOOPIE GREEN medinis rutulinis takelis su garso efektais"}]},{"@type":"WebSite","@id":"https:\/\/kidsplay.lt\/#website","url":"https:\/\/kidsplay.lt\/","name":"B\u0113rnu sp\u0113les.lv","description":"\u012evairios prek\u0117s vaikams","publisher":{"@id":"https:\/\/kidsplay.lt\/#organization"},"alternateName":"Kidsplay","potentialAction":[{"@type":"SearchAction","target":{"@type":"EntryPoint","urlTemplate":"https:\/\/kidsplay.lt\/?s={search_term_string}"},"query-input":{"@type":"PropertyValueSpecification","valueRequired":true,"valueName":"search_term_string"}}],"inLanguage":"lv-LV"},{"@type":"Organization","@id":"https:\/\/kidsplay.lt\/#organization","name":"B\u0113rnu sp\u0113le","url":"https:\/\/kidsplay.lt\/","logo":{"@type":"ImageObject","inLanguage":"lv-LV","@id":"https:\/\/kidsplay.lt\/#\/schema\/logo\/image\/","url":"https:\/\/kidsplay.lt\/wp-content\/uploads\/2023\/07\/kidsplay-logo.png","contentUrl":"https:\/\/kidsplay.lt\/wp-content\/uploads\/2023\/07\/kidsplay-logo.png","width":451,"height":98,"caption":"KidsPlay"},"image":{"@id":"https:\/\/kidsplay.lt\/#\/schema\/logo\/image\/"},"sameAs":["https:\/\/www.facebook.com\/www.kidsplay.lt"]}]}},"_links":{"self":[{"href":"https:\/\/kidsplay.lt\/lv\/wp-json\/wp\/v2\/product\/80530","targetHints":{"allow":["GET"]}}],"collection":[{"href":"https:\/\/kidsplay.lt\/lv\/wp-json\/wp\/v2\/product"}],"about":[{"href":"https:\/\/kidsplay.lt\/lv\/wp-json\/wp\/v2\/types\/product"}],"version-history":[{"count":1,"href":"https:\/\/kidsplay.lt\/lv\/wp-json\/wp\/v2\/product\/80530\/revisions"}],"predecessor-version":[{"id":80531,"href":"https:\/\/kidsplay.lt\/lv\/wp-json\/wp\/v2\/product\/80530\/revisions\/80531"}],"wp:featuredmedia":[{"embeddable":true,"href":"https:\/\/kidsplay.lt\/lv\/wp-json\/wp\/v2\/media\/80532"}],"wp:attachment":[{"href":"https:\/\/kidsplay.lt\/lv\/wp-json\/wp\/v2\/media?parent=80530"}],"wp:term":[{"taxonomy":"product_brand","embeddable":true,"href":"https:\/\/kidsplay.lt\/lv\/wp-json\/wp\/v2\/product_brand?post=80530"},{"taxonomy":"product_cat","embeddable":true,"href":"https:\/\/kidsplay.lt\/lv\/wp-json\/wp\/v2\/product_cat?post=80530"},{"taxonomy":"product_tag","embeddable":true,"href":"https:\/\/kidsplay.lt\/lv\/wp-json\/wp\/v2\/product_tag?post=80530"}],"curies":[{"name":"wp","href":"https:\/\/api.w.org\/{rel}","templated":true}]}}