{"id":80548,"date":"2025-11-23T13:43:07","date_gmt":"2025-11-23T11:43:07","guid":{"rendered":"https:\/\/kidsplay.lt\/produktas\/woopie-green-medinis-vaivorykstes-rokeris-ir-tiltas-2in1-montessori\/"},"modified":"2026-03-17T17:30:43","modified_gmt":"2026-03-17T15:30:43","slug":"woopie-green-medinis-vaivorykstes-rokeris-ir-tiltas-2in1-montessori","status":"publish","type":"product","link":"https:\/\/kidsplay.lt\/lv\/products\/woopie-green-medinis-vaivorykstes-rokeris-ir-tiltas-2in1-montessori\/","title":{"rendered":"WOOPIE GREEN medinis vaivoryk\u0161t\u0117s rokeris ir tiltas 2in1 Montessori"},"content":{"rendered":"<p>\u0160is daugiafunkcinis medini\u0173 rokeri\u0173 prek\u0117s \u017eenklas\u00a0Woopie Green\u00a0tai viena populiariausi\u0173 mokom\u0173j\u0173 priemoni\u0173, \u012fkv\u0117pt\u0173 Montessori metodo! D\u0117l paprastos, i\u0161lenktos strukt\u016bros ir spalving\u0173 vaivoryk\u0161t\u0117s plok\u0161teli\u0173 jis tampa stebuklinga priemone vaiko fiziniam pasirengimui ir vaizduotei lavinti. Jis gali b\u016bti naudojamas kaip svirtis, balansavimo tiltas ir per\u0117jimo tunelis arba net kaip s\u0117dyn\u0117 ar \u017eaidim\u0173 stalas. Nat\u016brali mediena, derinama su ry\u0161kiomis spalvomis, sukuria saugi\u0105 erdv\u0119, kurioje ma\u017ei vaikai gali eksperimentuoti su jud\u0117jimu, su\u017einoti apie savo k\u016bno ribas ir ugdyti pasitik\u0117jim\u0105 savimi.<\/p>\n<p>Raksturojums:<\/p>\n<p> \t&#8211; Vaikams nuo\u00a03 metu<br \/>\n \t&#8211; Daugiafunkcinis dizainas: rokeris, lygiavertis tiltas, tunelis, laipiojimo platforma, s\u0117dyn\u0117<br \/>\n \t&#8211; Arkin\u0117 forma su skland\u017eiai sulenktomis pus\u0117mis stabilumui u\u017etikrinti<br \/>\n \t&#8211; Spalvingos plytel\u0117s<br \/>\n \t&#8211; Suapvalinti lyg\u016bs kra\u0161tai<br \/>\n \t&#8211; Maksimali apkrova iki 50 kg<br \/>\n \t&#8211; Lengvas surinkimas<\/p>","protected":false},"excerpt":{"rendered":"<p>\u0160is daugiafunkcinis medini\u0173 rokeri\u0173 prek\u0117s \u017eenklas\u00a0Woopie Green\u00a0tai viena populiariausi\u0173 mokom\u0173j\u0173 priemoni\u0173, \u012fkv\u0117pt\u0173 Montessori metodo! D\u0117l paprastos, i\u0161lenktos strukt\u016bros ir spalving\u0173<\/p>","protected":false},"featured_media":80550,"template":"","meta":{"_acf_changed":false,"_glsr_average":0,"_glsr_ranking":0,"_glsr_reviews":0},"product_brand":[],"product_cat":[673,229],"product_tag":[],"class_list":{"0":"post-80548","1":"product","2":"type-product","3":"status-publish","4":"has-post-thumbnail","6":"product_cat-ugdomosios-priemones","7":"product_cat-zaislai-vaikams","8":"\"style=\"background-color: #2ecc711c;\"","10":"first","11":"outofstock","12":"purchasable","13":"product-type-simple"},"acf":[],"yoast_head":"<!-- This site is optimized with the Yoast SEO plugin v27.3 - https:\/\/yoast.com\/product\/yoast-seo-wordpress\/ -->\n<title>WOOPIE GREEN medinis vaivoryk\u0161t\u0117s rokeris ir tiltas 2in1 Montessori<\/title>\n<meta name=\"description\" content=\"WOOPIE GREEN medinis vaivoryk\u0161t\u0117s rokeris ir tiltas 2in1 Montessori - KidsPlay. Did\u017eiausias vaik\u0173 \u017eaisl\u0173 pasirinkimas.\" \/>\n<meta name=\"robots\" content=\"index, follow, max-snippet:-1, max-image-preview:large, max-video-preview:-1\" \/>\n<link rel=\"canonical\" href=\"https:\/\/kidsplay.lt\/lv\/products\/woopie-green-medinis-vaivorykstes-rokeris-ir-tiltas-2in1-montessori\/\" \/>\n<meta property=\"og:locale\" content=\"lv_LV\" \/>\n<meta property=\"og:type\" content=\"article\" \/>\n<meta property=\"og:title\" content=\"WOOPIE GREEN medinis vaivoryk\u0161t\u0117s rokeris ir tiltas 2in1 Montessori\" \/>\n<meta property=\"og:description\" content=\"WOOPIE GREEN medinis vaivoryk\u0161t\u0117s rokeris ir tiltas 2in1 Montessori - KidsPlay. Did\u017eiausias vaik\u0173 \u017eaisl\u0173 pasirinkimas.\" \/>\n<meta property=\"og:url\" content=\"https:\/\/kidsplay.lt\/lv\/products\/woopie-green-medinis-vaivorykstes-rokeris-ir-tiltas-2in1-montessori\/\" \/>\n<meta property=\"og:site_name\" content=\"KidsPlay\" \/>\n<meta property=\"article:publisher\" content=\"https:\/\/www.facebook.com\/www.kidsplay.lt\" \/>\n<meta property=\"article:modified_time\" content=\"2026-03-17T15:30:43+00:00\" \/>\n<meta property=\"og:image\" content=\"https:\/\/kidsplay.lt\/wp-content\/uploads\/2025\/11\/WOOPIE-GREEN-medinis-vaivorykstes-rokeris-ir-tiltas-2in1-Montessori.jpg\" \/>\n\t<meta property=\"og:image:width\" content=\"1000\" \/>\n\t<meta property=\"og:image:height\" content=\"1000\" \/>\n\t<meta property=\"og:image:type\" content=\"image\/jpeg\" \/>\n<meta name=\"twitter:card\" content=\"summary_large_image\" \/>\n<meta name=\"twitter:label1\" content=\"Est. reading time\" \/>\n\t<meta name=\"twitter:data1\" content=\"1 min\u016bte\" \/>\n<script type=\"application\/ld+json\" class=\"yoast-schema-graph\">{\"@context\":\"https:\\\/\\\/schema.org\",\"@graph\":[{\"@type\":\"WebPage\",\"@id\":\"https:\\\/\\\/kidsplay.lt\\\/produktas\\\/woopie-green-medinis-vaivorykstes-rokeris-ir-tiltas-2in1-montessori\\\/\",\"url\":\"https:\\\/\\\/kidsplay.lt\\\/produktas\\\/woopie-green-medinis-vaivorykstes-rokeris-ir-tiltas-2in1-montessori\\\/\",\"name\":\"WOOPIE GREEN medinis vaivoryk\u0161t\u0117s rokeris ir tiltas 2in1 Montessori\",\"isPartOf\":{\"@id\":\"https:\\\/\\\/kidsplay.lt\\\/#website\"},\"primaryImageOfPage\":{\"@id\":\"https:\\\/\\\/kidsplay.lt\\\/produktas\\\/woopie-green-medinis-vaivorykstes-rokeris-ir-tiltas-2in1-montessori\\\/#primaryimage\"},\"image\":{\"@id\":\"https:\\\/\\\/kidsplay.lt\\\/produktas\\\/woopie-green-medinis-vaivorykstes-rokeris-ir-tiltas-2in1-montessori\\\/#primaryimage\"},\"thumbnailUrl\":\"https:\\\/\\\/kidsplay.lt\\\/wp-content\\\/uploads\\\/2025\\\/11\\\/WOOPIE-GREEN-medinis-vaivorykstes-rokeris-ir-tiltas-2in1-Montessori.jpg\",\"datePublished\":\"2025-11-23T11:43:07+00:00\",\"dateModified\":\"2026-03-17T15:30:43+00:00\",\"description\":\"WOOPIE GREEN medinis vaivoryk\u0161t\u0117s rokeris ir tiltas 2in1 Montessori - KidsPlay. Did\u017eiausias vaik\u0173 \u017eaisl\u0173 pasirinkimas.\",\"breadcrumb\":{\"@id\":\"https:\\\/\\\/kidsplay.lt\\\/produktas\\\/woopie-green-medinis-vaivorykstes-rokeris-ir-tiltas-2in1-montessori\\\/#breadcrumb\"},\"inLanguage\":\"lv-LV\",\"potentialAction\":[{\"@type\":\"ReadAction\",\"target\":[\"https:\\\/\\\/kidsplay.lt\\\/produktas\\\/woopie-green-medinis-vaivorykstes-rokeris-ir-tiltas-2in1-montessori\\\/\"]}]},{\"@type\":\"ImageObject\",\"inLanguage\":\"lv-LV\",\"@id\":\"https:\\\/\\\/kidsplay.lt\\\/produktas\\\/woopie-green-medinis-vaivorykstes-rokeris-ir-tiltas-2in1-montessori\\\/#primaryimage\",\"url\":\"https:\\\/\\\/kidsplay.lt\\\/wp-content\\\/uploads\\\/2025\\\/11\\\/WOOPIE-GREEN-medinis-vaivorykstes-rokeris-ir-tiltas-2in1-Montessori.jpg\",\"contentUrl\":\"https:\\\/\\\/kidsplay.lt\\\/wp-content\\\/uploads\\\/2025\\\/11\\\/WOOPIE-GREEN-medinis-vaivorykstes-rokeris-ir-tiltas-2in1-Montessori.jpg\",\"width\":1000,\"height\":1000,\"caption\":\"WOOPIE GREEN medinis vaivoryk\u0161t\u0117s rokeris ir tiltas 2in1 Montessori\"},{\"@type\":\"BreadcrumbList\",\"@id\":\"https:\\\/\\\/kidsplay.lt\\\/produktas\\\/woopie-green-medinis-vaivorykstes-rokeris-ir-tiltas-2in1-montessori\\\/#breadcrumb\",\"itemListElement\":[{\"@type\":\"ListItem\",\"position\":1,\"name\":\"Pagrindinis\",\"item\":\"https:\\\/\\\/kidsplay.lt\\\/\"},{\"@type\":\"ListItem\",\"position\":2,\"name\":\"Parduotuv\u0117\",\"item\":\"https:\\\/\\\/kidsplay.lt\\\/parduotuve\\\/\"},{\"@type\":\"ListItem\",\"position\":3,\"name\":\"WOOPIE GREEN medinis vaivoryk\u0161t\u0117s rokeris ir tiltas 2in1 Montessori\"}]},{\"@type\":\"WebSite\",\"@id\":\"https:\\\/\\\/kidsplay.lt\\\/#website\",\"url\":\"https:\\\/\\\/kidsplay.lt\\\/\",\"name\":\"Kidsplay.lt\",\"description\":\"\u012evairios prek\u0117s vaikams\",\"publisher\":{\"@id\":\"https:\\\/\\\/kidsplay.lt\\\/#organization\"},\"alternateName\":\"Kidsplay\",\"potentialAction\":[{\"@type\":\"SearchAction\",\"target\":{\"@type\":\"EntryPoint\",\"urlTemplate\":\"https:\\\/\\\/kidsplay.lt\\\/?s={search_term_string}\"},\"query-input\":{\"@type\":\"PropertyValueSpecification\",\"valueRequired\":true,\"valueName\":\"search_term_string\"}}],\"inLanguage\":\"lv-LV\"},{\"@type\":\"Organization\",\"@id\":\"https:\\\/\\\/kidsplay.lt\\\/#organization\",\"name\":\"KidsPlay\",\"url\":\"https:\\\/\\\/kidsplay.lt\\\/\",\"logo\":{\"@type\":\"ImageObject\",\"inLanguage\":\"lv-LV\",\"@id\":\"https:\\\/\\\/kidsplay.lt\\\/#\\\/schema\\\/logo\\\/image\\\/\",\"url\":\"https:\\\/\\\/kidsplay.lt\\\/wp-content\\\/uploads\\\/2023\\\/07\\\/kidsplay-logo.png\",\"contentUrl\":\"https:\\\/\\\/kidsplay.lt\\\/wp-content\\\/uploads\\\/2023\\\/07\\\/kidsplay-logo.png\",\"width\":451,\"height\":98,\"caption\":\"KidsPlay\"},\"image\":{\"@id\":\"https:\\\/\\\/kidsplay.lt\\\/#\\\/schema\\\/logo\\\/image\\\/\"},\"sameAs\":[\"https:\\\/\\\/www.facebook.com\\\/www.kidsplay.lt\"]}]}<\/script>\n<!-- \/ Yoast SEO plugin. -->","yoast_head_json":{"title":"WOOPIE GREEN medinis vaivoryk\u0161t\u0117s rokeris ir tiltas 2in1 Montessori","description":"WOOPIE GREEN medinis vaivoryk\u0161t\u0117s rokeris ir tiltas 2in1 Montessori - KidsPlay. Did\u017eiausias vaik\u0173 \u017eaisl\u0173 pasirinkimas.","robots":{"index":"index","follow":"follow","max-snippet":"max-snippet:-1","max-image-preview":"max-image-preview:large","max-video-preview":"max-video-preview:-1"},"canonical":"https:\/\/kidsplay.lt\/lv\/products\/woopie-green-medinis-vaivorykstes-rokeris-ir-tiltas-2in1-montessori\/","og_locale":"lv_LV","og_type":"article","og_title":"WOOPIE GREEN medinis vaivoryk\u0161t\u0117s rokeris ir tiltas 2in1 Montessori","og_description":"WOOPIE GREEN medinis vaivoryk\u0161t\u0117s rokeris ir tiltas 2in1 Montessori - KidsPlay. Did\u017eiausias vaik\u0173 \u017eaisl\u0173 pasirinkimas.","og_url":"https:\/\/kidsplay.lt\/lv\/products\/woopie-green-medinis-vaivorykstes-rokeris-ir-tiltas-2in1-montessori\/","og_site_name":"KidsPlay","article_publisher":"https:\/\/www.facebook.com\/www.kidsplay.lt","article_modified_time":"2026-03-17T15:30:43+00:00","og_image":[{"width":1000,"height":1000,"url":"https:\/\/kidsplay.lt\/wp-content\/uploads\/2025\/11\/WOOPIE-GREEN-medinis-vaivorykstes-rokeris-ir-tiltas-2in1-Montessori.jpg","type":"image\/jpeg"}],"twitter_card":"summary_large_image","twitter_misc":{"Est. reading time":"1 min\u016bte"},"schema":{"@context":"https:\/\/schema.org","@graph":[{"@type":"WebPage","@id":"https:\/\/kidsplay.lt\/produktas\/woopie-green-medinis-vaivorykstes-rokeris-ir-tiltas-2in1-montessori\/","url":"https:\/\/kidsplay.lt\/produktas\/woopie-green-medinis-vaivorykstes-rokeris-ir-tiltas-2in1-montessori\/","name":"WOOPIE GREEN medinis vaivoryk\u0161t\u0117s rokeris ir tiltas 2in1 Montessori","isPartOf":{"@id":"https:\/\/kidsplay.lt\/#website"},"primaryImageOfPage":{"@id":"https:\/\/kidsplay.lt\/produktas\/woopie-green-medinis-vaivorykstes-rokeris-ir-tiltas-2in1-montessori\/#primaryimage"},"image":{"@id":"https:\/\/kidsplay.lt\/produktas\/woopie-green-medinis-vaivorykstes-rokeris-ir-tiltas-2in1-montessori\/#primaryimage"},"thumbnailUrl":"https:\/\/kidsplay.lt\/wp-content\/uploads\/2025\/11\/WOOPIE-GREEN-medinis-vaivorykstes-rokeris-ir-tiltas-2in1-Montessori.jpg","datePublished":"2025-11-23T11:43:07+00:00","dateModified":"2026-03-17T15:30:43+00:00","description":"WOOPIE GREEN medinis vaivoryk\u0161t\u0117s rokeris ir tiltas 2in1 Montessori - KidsPlay. Did\u017eiausias vaik\u0173 \u017eaisl\u0173 pasirinkimas.","breadcrumb":{"@id":"https:\/\/kidsplay.lt\/produktas\/woopie-green-medinis-vaivorykstes-rokeris-ir-tiltas-2in1-montessori\/#breadcrumb"},"inLanguage":"lv-LV","potentialAction":[{"@type":"ReadAction","target":["https:\/\/kidsplay.lt\/produktas\/woopie-green-medinis-vaivorykstes-rokeris-ir-tiltas-2in1-montessori\/"]}]},{"@type":"ImageObject","inLanguage":"lv-LV","@id":"https:\/\/kidsplay.lt\/produktas\/woopie-green-medinis-vaivorykstes-rokeris-ir-tiltas-2in1-montessori\/#primaryimage","url":"https:\/\/kidsplay.lt\/wp-content\/uploads\/2025\/11\/WOOPIE-GREEN-medinis-vaivorykstes-rokeris-ir-tiltas-2in1-Montessori.jpg","contentUrl":"https:\/\/kidsplay.lt\/wp-content\/uploads\/2025\/11\/WOOPIE-GREEN-medinis-vaivorykstes-rokeris-ir-tiltas-2in1-Montessori.jpg","width":1000,"height":1000,"caption":"WOOPIE GREEN medinis vaivoryk\u0161t\u0117s rokeris ir tiltas 2in1 Montessori"},{"@type":"BreadcrumbList","@id":"https:\/\/kidsplay.lt\/produktas\/woopie-green-medinis-vaivorykstes-rokeris-ir-tiltas-2in1-montessori\/#breadcrumb","itemListElement":[{"@type":"ListItem","position":1,"name":"Pagrindinis","item":"https:\/\/kidsplay.lt\/"},{"@type":"ListItem","position":2,"name":"Parduotuv\u0117","item":"https:\/\/kidsplay.lt\/parduotuve\/"},{"@type":"ListItem","position":3,"name":"WOOPIE GREEN medinis vaivoryk\u0161t\u0117s rokeris ir tiltas 2in1 Montessori"}]},{"@type":"WebSite","@id":"https:\/\/kidsplay.lt\/#website","url":"https:\/\/kidsplay.lt\/","name":"B\u0113rnu sp\u0113les.lv","description":"\u012evairios prek\u0117s vaikams","publisher":{"@id":"https:\/\/kidsplay.lt\/#organization"},"alternateName":"Kidsplay","potentialAction":[{"@type":"SearchAction","target":{"@type":"EntryPoint","urlTemplate":"https:\/\/kidsplay.lt\/?s={search_term_string}"},"query-input":{"@type":"PropertyValueSpecification","valueRequired":true,"valueName":"search_term_string"}}],"inLanguage":"lv-LV"},{"@type":"Organization","@id":"https:\/\/kidsplay.lt\/#organization","name":"B\u0113rnu sp\u0113le","url":"https:\/\/kidsplay.lt\/","logo":{"@type":"ImageObject","inLanguage":"lv-LV","@id":"https:\/\/kidsplay.lt\/#\/schema\/logo\/image\/","url":"https:\/\/kidsplay.lt\/wp-content\/uploads\/2023\/07\/kidsplay-logo.png","contentUrl":"https:\/\/kidsplay.lt\/wp-content\/uploads\/2023\/07\/kidsplay-logo.png","width":451,"height":98,"caption":"KidsPlay"},"image":{"@id":"https:\/\/kidsplay.lt\/#\/schema\/logo\/image\/"},"sameAs":["https:\/\/www.facebook.com\/www.kidsplay.lt"]}]}},"_links":{"self":[{"href":"https:\/\/kidsplay.lt\/lv\/wp-json\/wp\/v2\/product\/80548","targetHints":{"allow":["GET"]}}],"collection":[{"href":"https:\/\/kidsplay.lt\/lv\/wp-json\/wp\/v2\/product"}],"about":[{"href":"https:\/\/kidsplay.lt\/lv\/wp-json\/wp\/v2\/types\/product"}],"version-history":[{"count":1,"href":"https:\/\/kidsplay.lt\/lv\/wp-json\/wp\/v2\/product\/80548\/revisions"}],"predecessor-version":[{"id":80549,"href":"https:\/\/kidsplay.lt\/lv\/wp-json\/wp\/v2\/product\/80548\/revisions\/80549"}],"wp:featuredmedia":[{"embeddable":true,"href":"https:\/\/kidsplay.lt\/lv\/wp-json\/wp\/v2\/media\/80550"}],"wp:attachment":[{"href":"https:\/\/kidsplay.lt\/lv\/wp-json\/wp\/v2\/media?parent=80548"}],"wp:term":[{"taxonomy":"product_brand","embeddable":true,"href":"https:\/\/kidsplay.lt\/lv\/wp-json\/wp\/v2\/product_brand?post=80548"},{"taxonomy":"product_cat","embeddable":true,"href":"https:\/\/kidsplay.lt\/lv\/wp-json\/wp\/v2\/product_cat?post=80548"},{"taxonomy":"product_tag","embeddable":true,"href":"https:\/\/kidsplay.lt\/lv\/wp-json\/wp\/v2\/product_tag?post=80548"}],"curies":[{"name":"wp","href":"https:\/\/api.w.org\/{rel}","templated":true}]}}