{"id":80578,"date":"2025-11-23T13:44:37","date_gmt":"2025-11-23T11:44:37","guid":{"rendered":"https:\/\/kidsplay.lt\/produktas\/woopie-green-xxl-montessori-box-sensorinis-ir-edukacinis-6in1-2\/"},"modified":"2026-04-07T09:55:35","modified_gmt":"2026-04-07T06:55:35","slug":"woopie-green-xxl-montessori-box-sensorinis-ir-edukacinis-6in1-2","status":"publish","type":"product","link":"https:\/\/kidsplay.lt\/lv\/products\/woopie-green-xxl-montessori-box-sensorinis-ir-edukacinis-6in1-2\/","title":{"rendered":"WOOPIE GREEN XXL Montessori Box Sensorinis ir edukacinis 6in1"},"content":{"rendered":"<p>D\u0117\u017eut\u0117 XXL Box\u00a0Montessori Educational 6in1 i\u0161 prek\u0117s \u017eenklo\u00a0WOOPIE GREEN \u2014 puikus jutimo rinkinys k\u016bdikiui 3-4 m\u0117nesiu.\u00a0D\u0117\u017eut\u0117je yra 6 kruop\u0161\u010diai atrinkti \u017eaislai, kurie palaiko vaiko psichomotorin\u012f vystym\u0105si ir stimuliuoja poj\u016b\u010dius: reg\u0117jim\u0105, lyt\u0117jim\u0105 ir klaus\u0105. Kiekvienas \u017eaislas yra \u012fkv\u0117ptas montessori metodo, d\u0117l kurio mokymasis ir linksmyb\u0117s eina koja kojon. Tai puiki dovana, suteikianti d\u017eiaugsmo, tobul\u0117jimo ir verting\u0173 praleist\u0173 akimirk\u0173.<\/p>\n<p>Raksturojums:<\/p>\n<p>&#8211; K\u016bdikiams nuo am\u017eiaus 3-4 m\u0117n<br \/>\n&#8211; Jie palaiko vystym\u0105si\u00a0poj\u016b\u010di\u0173\u00a0ir\u00a0motorikas<br \/>\n&#8211; 6 \u017eaislai\u00a0viename rinkinyje<br \/>\n&#8211; Nat\u016brali med\u017eiaga: mediena<\/p>\n<p>Komplekt\u0101 ietilpst:<\/p>\n<p>&#8211; Mink\u0161ti aktyvinimo kubeliai (4 vnt.) su varpeliais<br \/>\n&#8211; Medinis \u201cMontessori\u201d sukamasis diskas sugriebimui ir pasukimui<br \/>\n&#8211; Sensorinis \u017eaislas \u201ePaslaptingas didelio kontrasto veidrodisko\u201d<br \/>\n&#8211; Medin\u0117s spalvos bar\u0161kutis, skirtas ried\u0117ti ir griebti<br \/>\n&#8211; reketinis treniruoklis su kamuoliukais, kurie krenta sukant<br \/>\n&#8211; Mink\u0161tas dramblio formos bar\u0161kutis, raminantis ir stimuliuojantis poj\u016b\u010dius<\/p>","protected":false},"excerpt":{"rendered":"<p>D\u0117\u017eut\u0117 XXL Box\u00a0Montessori Educational 6in1 i\u0161 prek\u0117s \u017eenklo\u00a0WOOPIE GREEN \u2014 puikus jutimo rinkinys k\u016bdikiui 3-4 m\u0117nesiu.\u00a0D\u0117\u017eut\u0117je yra 6 kruop\u0161\u010diai atrinkti<\/p>","protected":false},"featured_media":80580,"template":"","meta":{"_acf_changed":false,"_glsr_average":0,"_glsr_ranking":0,"_glsr_reviews":0},"product_brand":[],"product_cat":[265,366,365,396,229,800],"product_tag":[],"class_list":{"0":"post-80578","1":"product","2":"type-product","3":"status-publish","4":"has-post-thumbnail","6":"product_cat-dovanu-idejos","7":"product_cat-dovanu-idejos-berniukams","8":"product_cat-dovanu-idejos-mergaitems","9":"product_cat-kudikiu-zaislai-vaikams2","10":"product_cat-zaislai-vaikams","11":"product_cat-zaislu-komplektai","12":"\"style=\"background-color: #2ecc711c;\"","14":"first","15":"instock","16":"purchasable","17":"product-type-simple"},"acf":[],"yoast_head":"<!-- This site is optimized with the Yoast SEO plugin v27.3 - https:\/\/yoast.com\/product\/yoast-seo-wordpress\/ -->\n<title>WOOPIE GREEN XXL Montessori Box Sensorinis ir edukacinis 6in1<\/title>\n<meta name=\"description\" content=\"WOOPIE GREEN XXL Montessori Box Sensorinis ir edukacinis 6in1 - KidsPlay. Did\u017eiausias vaik\u0173 \u017eaisl\u0173 pasirinkimas.\" \/>\n<meta name=\"robots\" content=\"index, follow, max-snippet:-1, max-image-preview:large, max-video-preview:-1\" \/>\n<link rel=\"canonical\" href=\"https:\/\/kidsplay.lt\/lv\/products\/woopie-green-xxl-montessori-box-sensorinis-ir-edukacinis-6in1-2\/\" \/>\n<meta property=\"og:locale\" content=\"lv_LV\" \/>\n<meta property=\"og:type\" content=\"article\" \/>\n<meta property=\"og:title\" content=\"WOOPIE GREEN XXL Montessori Box Sensorinis ir edukacinis 6in1\" \/>\n<meta property=\"og:description\" content=\"WOOPIE GREEN XXL Montessori Box Sensorinis ir edukacinis 6in1 - KidsPlay. Did\u017eiausias vaik\u0173 \u017eaisl\u0173 pasirinkimas.\" \/>\n<meta property=\"og:url\" content=\"https:\/\/kidsplay.lt\/lv\/products\/woopie-green-xxl-montessori-box-sensorinis-ir-edukacinis-6in1-2\/\" \/>\n<meta property=\"og:site_name\" content=\"KidsPlay\" \/>\n<meta property=\"article:publisher\" content=\"https:\/\/www.facebook.com\/www.kidsplay.lt\" \/>\n<meta property=\"article:modified_time\" content=\"2026-04-07T06:55:35+00:00\" \/>\n<meta property=\"og:image\" content=\"https:\/\/kidsplay.lt\/wp-content\/uploads\/2025\/11\/WOOPIE-GREEN-XXL-Montessori-Box-Sensorinis-ir-edukacinis-6in1-3.jpg\" \/>\n\t<meta property=\"og:image:width\" content=\"1000\" \/>\n\t<meta property=\"og:image:height\" content=\"1000\" \/>\n\t<meta property=\"og:image:type\" content=\"image\/jpeg\" \/>\n<meta name=\"twitter:card\" content=\"summary_large_image\" \/>\n<meta name=\"twitter:label1\" content=\"Est. reading time\" \/>\n\t<meta name=\"twitter:data1\" content=\"1 min\u016bte\" \/>\n<script type=\"application\/ld+json\" class=\"yoast-schema-graph\">{\"@context\":\"https:\\\/\\\/schema.org\",\"@graph\":[{\"@type\":\"WebPage\",\"@id\":\"https:\\\/\\\/kidsplay.lt\\\/produktas\\\/woopie-green-xxl-montessori-box-sensorinis-ir-edukacinis-6in1-2\\\/\",\"url\":\"https:\\\/\\\/kidsplay.lt\\\/produktas\\\/woopie-green-xxl-montessori-box-sensorinis-ir-edukacinis-6in1-2\\\/\",\"name\":\"WOOPIE GREEN XXL Montessori Box Sensorinis ir edukacinis 6in1\",\"isPartOf\":{\"@id\":\"https:\\\/\\\/kidsplay.lt\\\/#website\"},\"primaryImageOfPage\":{\"@id\":\"https:\\\/\\\/kidsplay.lt\\\/produktas\\\/woopie-green-xxl-montessori-box-sensorinis-ir-edukacinis-6in1-2\\\/#primaryimage\"},\"image\":{\"@id\":\"https:\\\/\\\/kidsplay.lt\\\/produktas\\\/woopie-green-xxl-montessori-box-sensorinis-ir-edukacinis-6in1-2\\\/#primaryimage\"},\"thumbnailUrl\":\"https:\\\/\\\/kidsplay.lt\\\/wp-content\\\/uploads\\\/2025\\\/11\\\/WOOPIE-GREEN-XXL-Montessori-Box-Sensorinis-ir-edukacinis-6in1-3.jpg\",\"datePublished\":\"2025-11-23T11:44:37+00:00\",\"dateModified\":\"2026-04-07T06:55:35+00:00\",\"description\":\"WOOPIE GREEN XXL Montessori Box Sensorinis ir edukacinis 6in1 - KidsPlay. Did\u017eiausias vaik\u0173 \u017eaisl\u0173 pasirinkimas.\",\"breadcrumb\":{\"@id\":\"https:\\\/\\\/kidsplay.lt\\\/produktas\\\/woopie-green-xxl-montessori-box-sensorinis-ir-edukacinis-6in1-2\\\/#breadcrumb\"},\"inLanguage\":\"lv-LV\",\"potentialAction\":[{\"@type\":\"ReadAction\",\"target\":[\"https:\\\/\\\/kidsplay.lt\\\/produktas\\\/woopie-green-xxl-montessori-box-sensorinis-ir-edukacinis-6in1-2\\\/\"]}]},{\"@type\":\"ImageObject\",\"inLanguage\":\"lv-LV\",\"@id\":\"https:\\\/\\\/kidsplay.lt\\\/produktas\\\/woopie-green-xxl-montessori-box-sensorinis-ir-edukacinis-6in1-2\\\/#primaryimage\",\"url\":\"https:\\\/\\\/kidsplay.lt\\\/wp-content\\\/uploads\\\/2025\\\/11\\\/WOOPIE-GREEN-XXL-Montessori-Box-Sensorinis-ir-edukacinis-6in1-3.jpg\",\"contentUrl\":\"https:\\\/\\\/kidsplay.lt\\\/wp-content\\\/uploads\\\/2025\\\/11\\\/WOOPIE-GREEN-XXL-Montessori-Box-Sensorinis-ir-edukacinis-6in1-3.jpg\",\"width\":1000,\"height\":1000,\"caption\":\"WOOPIE GREEN XXL Montessori Box Sensorinis ir edukacinis 6in1\"},{\"@type\":\"BreadcrumbList\",\"@id\":\"https:\\\/\\\/kidsplay.lt\\\/produktas\\\/woopie-green-xxl-montessori-box-sensorinis-ir-edukacinis-6in1-2\\\/#breadcrumb\",\"itemListElement\":[{\"@type\":\"ListItem\",\"position\":1,\"name\":\"Pagrindinis\",\"item\":\"https:\\\/\\\/kidsplay.lt\\\/\"},{\"@type\":\"ListItem\",\"position\":2,\"name\":\"Parduotuv\u0117\",\"item\":\"https:\\\/\\\/kidsplay.lt\\\/parduotuve\\\/\"},{\"@type\":\"ListItem\",\"position\":3,\"name\":\"WOOPIE GREEN XXL Montessori Box Sensorinis ir edukacinis 6in1\"}]},{\"@type\":\"WebSite\",\"@id\":\"https:\\\/\\\/kidsplay.lt\\\/#website\",\"url\":\"https:\\\/\\\/kidsplay.lt\\\/\",\"name\":\"Kidsplay.lt\",\"description\":\"\u012evairios prek\u0117s vaikams\",\"publisher\":{\"@id\":\"https:\\\/\\\/kidsplay.lt\\\/#organization\"},\"alternateName\":\"Kidsplay\",\"potentialAction\":[{\"@type\":\"SearchAction\",\"target\":{\"@type\":\"EntryPoint\",\"urlTemplate\":\"https:\\\/\\\/kidsplay.lt\\\/?s={search_term_string}\"},\"query-input\":{\"@type\":\"PropertyValueSpecification\",\"valueRequired\":true,\"valueName\":\"search_term_string\"}}],\"inLanguage\":\"lv-LV\"},{\"@type\":\"Organization\",\"@id\":\"https:\\\/\\\/kidsplay.lt\\\/#organization\",\"name\":\"KidsPlay\",\"url\":\"https:\\\/\\\/kidsplay.lt\\\/\",\"logo\":{\"@type\":\"ImageObject\",\"inLanguage\":\"lv-LV\",\"@id\":\"https:\\\/\\\/kidsplay.lt\\\/#\\\/schema\\\/logo\\\/image\\\/\",\"url\":\"https:\\\/\\\/kidsplay.lt\\\/wp-content\\\/uploads\\\/2023\\\/07\\\/kidsplay-logo.png\",\"contentUrl\":\"https:\\\/\\\/kidsplay.lt\\\/wp-content\\\/uploads\\\/2023\\\/07\\\/kidsplay-logo.png\",\"width\":451,\"height\":98,\"caption\":\"KidsPlay\"},\"image\":{\"@id\":\"https:\\\/\\\/kidsplay.lt\\\/#\\\/schema\\\/logo\\\/image\\\/\"},\"sameAs\":[\"https:\\\/\\\/www.facebook.com\\\/www.kidsplay.lt\"]}]}<\/script>\n<!-- \/ Yoast SEO plugin. -->","yoast_head_json":{"title":"WOOPIE GREEN XXL Montessori Box Sensorinis ir edukacinis 6in1","description":"WOOPIE GREEN XXL Montessori Box Sensorinis ir edukacinis 6in1 - KidsPlay. Did\u017eiausias vaik\u0173 \u017eaisl\u0173 pasirinkimas.","robots":{"index":"index","follow":"follow","max-snippet":"max-snippet:-1","max-image-preview":"max-image-preview:large","max-video-preview":"max-video-preview:-1"},"canonical":"https:\/\/kidsplay.lt\/lv\/products\/woopie-green-xxl-montessori-box-sensorinis-ir-edukacinis-6in1-2\/","og_locale":"lv_LV","og_type":"article","og_title":"WOOPIE GREEN XXL Montessori Box Sensorinis ir edukacinis 6in1","og_description":"WOOPIE GREEN XXL Montessori Box Sensorinis ir edukacinis 6in1 - KidsPlay. Did\u017eiausias vaik\u0173 \u017eaisl\u0173 pasirinkimas.","og_url":"https:\/\/kidsplay.lt\/lv\/products\/woopie-green-xxl-montessori-box-sensorinis-ir-edukacinis-6in1-2\/","og_site_name":"KidsPlay","article_publisher":"https:\/\/www.facebook.com\/www.kidsplay.lt","article_modified_time":"2026-04-07T06:55:35+00:00","og_image":[{"width":1000,"height":1000,"url":"https:\/\/kidsplay.lt\/wp-content\/uploads\/2025\/11\/WOOPIE-GREEN-XXL-Montessori-Box-Sensorinis-ir-edukacinis-6in1-3.jpg","type":"image\/jpeg"}],"twitter_card":"summary_large_image","twitter_misc":{"Est. reading time":"1 min\u016bte"},"schema":{"@context":"https:\/\/schema.org","@graph":[{"@type":"WebPage","@id":"https:\/\/kidsplay.lt\/produktas\/woopie-green-xxl-montessori-box-sensorinis-ir-edukacinis-6in1-2\/","url":"https:\/\/kidsplay.lt\/produktas\/woopie-green-xxl-montessori-box-sensorinis-ir-edukacinis-6in1-2\/","name":"WOOPIE GREEN XXL Montessori Box Sensorinis ir edukacinis 6in1","isPartOf":{"@id":"https:\/\/kidsplay.lt\/#website"},"primaryImageOfPage":{"@id":"https:\/\/kidsplay.lt\/produktas\/woopie-green-xxl-montessori-box-sensorinis-ir-edukacinis-6in1-2\/#primaryimage"},"image":{"@id":"https:\/\/kidsplay.lt\/produktas\/woopie-green-xxl-montessori-box-sensorinis-ir-edukacinis-6in1-2\/#primaryimage"},"thumbnailUrl":"https:\/\/kidsplay.lt\/wp-content\/uploads\/2025\/11\/WOOPIE-GREEN-XXL-Montessori-Box-Sensorinis-ir-edukacinis-6in1-3.jpg","datePublished":"2025-11-23T11:44:37+00:00","dateModified":"2026-04-07T06:55:35+00:00","description":"WOOPIE GREEN XXL Montessori Box Sensorinis ir edukacinis 6in1 - KidsPlay. Did\u017eiausias vaik\u0173 \u017eaisl\u0173 pasirinkimas.","breadcrumb":{"@id":"https:\/\/kidsplay.lt\/produktas\/woopie-green-xxl-montessori-box-sensorinis-ir-edukacinis-6in1-2\/#breadcrumb"},"inLanguage":"lv-LV","potentialAction":[{"@type":"ReadAction","target":["https:\/\/kidsplay.lt\/produktas\/woopie-green-xxl-montessori-box-sensorinis-ir-edukacinis-6in1-2\/"]}]},{"@type":"ImageObject","inLanguage":"lv-LV","@id":"https:\/\/kidsplay.lt\/produktas\/woopie-green-xxl-montessori-box-sensorinis-ir-edukacinis-6in1-2\/#primaryimage","url":"https:\/\/kidsplay.lt\/wp-content\/uploads\/2025\/11\/WOOPIE-GREEN-XXL-Montessori-Box-Sensorinis-ir-edukacinis-6in1-3.jpg","contentUrl":"https:\/\/kidsplay.lt\/wp-content\/uploads\/2025\/11\/WOOPIE-GREEN-XXL-Montessori-Box-Sensorinis-ir-edukacinis-6in1-3.jpg","width":1000,"height":1000,"caption":"WOOPIE GREEN XXL Montessori Box Sensorinis ir edukacinis 6in1"},{"@type":"BreadcrumbList","@id":"https:\/\/kidsplay.lt\/produktas\/woopie-green-xxl-montessori-box-sensorinis-ir-edukacinis-6in1-2\/#breadcrumb","itemListElement":[{"@type":"ListItem","position":1,"name":"Pagrindinis","item":"https:\/\/kidsplay.lt\/"},{"@type":"ListItem","position":2,"name":"Parduotuv\u0117","item":"https:\/\/kidsplay.lt\/parduotuve\/"},{"@type":"ListItem","position":3,"name":"WOOPIE GREEN XXL Montessori Box Sensorinis ir edukacinis 6in1"}]},{"@type":"WebSite","@id":"https:\/\/kidsplay.lt\/#website","url":"https:\/\/kidsplay.lt\/","name":"B\u0113rnu sp\u0113les.lv","description":"\u012evairios prek\u0117s vaikams","publisher":{"@id":"https:\/\/kidsplay.lt\/#organization"},"alternateName":"Kidsplay","potentialAction":[{"@type":"SearchAction","target":{"@type":"EntryPoint","urlTemplate":"https:\/\/kidsplay.lt\/?s={search_term_string}"},"query-input":{"@type":"PropertyValueSpecification","valueRequired":true,"valueName":"search_term_string"}}],"inLanguage":"lv-LV"},{"@type":"Organization","@id":"https:\/\/kidsplay.lt\/#organization","name":"B\u0113rnu sp\u0113le","url":"https:\/\/kidsplay.lt\/","logo":{"@type":"ImageObject","inLanguage":"lv-LV","@id":"https:\/\/kidsplay.lt\/#\/schema\/logo\/image\/","url":"https:\/\/kidsplay.lt\/wp-content\/uploads\/2023\/07\/kidsplay-logo.png","contentUrl":"https:\/\/kidsplay.lt\/wp-content\/uploads\/2023\/07\/kidsplay-logo.png","width":451,"height":98,"caption":"KidsPlay"},"image":{"@id":"https:\/\/kidsplay.lt\/#\/schema\/logo\/image\/"},"sameAs":["https:\/\/www.facebook.com\/www.kidsplay.lt"]}]}},"_links":{"self":[{"href":"https:\/\/kidsplay.lt\/lv\/wp-json\/wp\/v2\/product\/80578","targetHints":{"allow":["GET"]}}],"collection":[{"href":"https:\/\/kidsplay.lt\/lv\/wp-json\/wp\/v2\/product"}],"about":[{"href":"https:\/\/kidsplay.lt\/lv\/wp-json\/wp\/v2\/types\/product"}],"version-history":[{"count":2,"href":"https:\/\/kidsplay.lt\/lv\/wp-json\/wp\/v2\/product\/80578\/revisions"}],"predecessor-version":[{"id":83434,"href":"https:\/\/kidsplay.lt\/lv\/wp-json\/wp\/v2\/product\/80578\/revisions\/83434"}],"wp:featuredmedia":[{"embeddable":true,"href":"https:\/\/kidsplay.lt\/lv\/wp-json\/wp\/v2\/media\/80580"}],"wp:attachment":[{"href":"https:\/\/kidsplay.lt\/lv\/wp-json\/wp\/v2\/media?parent=80578"}],"wp:term":[{"taxonomy":"product_brand","embeddable":true,"href":"https:\/\/kidsplay.lt\/lv\/wp-json\/wp\/v2\/product_brand?post=80578"},{"taxonomy":"product_cat","embeddable":true,"href":"https:\/\/kidsplay.lt\/lv\/wp-json\/wp\/v2\/product_cat?post=80578"},{"taxonomy":"product_tag","embeddable":true,"href":"https:\/\/kidsplay.lt\/lv\/wp-json\/wp\/v2\/product_tag?post=80578"}],"curies":[{"name":"wp","href":"https:\/\/api.w.org\/{rel}","templated":true}]}}