{"id":80613,"date":"2025-11-23T13:46:39","date_gmt":"2025-11-23T11:46:39","guid":{"rendered":"https:\/\/kidsplay.lt\/produktas\/oopie-elektrinis-gelezinkelio-lokomotyvas-retro-farma-tor-xl-66-vnt\/"},"modified":"2026-04-07T09:56:04","modified_gmt":"2026-04-07T06:56:04","slug":"oopie-elektrinis-gelezinkelio-lokomotyvas-retro-farma-tor-xl-66-vnt","status":"publish","type":"product","link":"https:\/\/kidsplay.lt\/lv\/products\/oopie-elektrinis-gelezinkelio-lokomotyvas-retro-farma-tor-xl-66-vnt\/","title":{"rendered":"OOPIE elektrinis gele\u017einkelio lokomotyvas Retro Farma Tor XL 66 vnt."},"content":{"rendered":"<p>Leiskite savo \u0161eimai leistis \u012f \u017eavi\u0105 kelion\u0119 su elektra\u00a0XL eil\u0117\u00a0i\u0161 mark\u0117s\u00a0WOOPIE!\u00a0Komplekt\u0105 sudaro\u00a0net 66 elementai\u00a0\u2014 yra tikras malonumas ma\u017eiems ir dideliems gele\u017einkeli\u0173 entuziastams. Baterijomis maitinamas lokomotyvas perkelia kompozicij\u0105 ir turi \u0161vies\u0105, kuri suteikia \u017eaidimui tikrovi\u0161kumo. Trasos suprojektuotos su jungikliais, kurie leid\u017eia keisti va\u017eiavimo krypt\u012f ir sukurti \u012fdomius mar\u0161ruto i\u0161d\u0117stymus. Spalvingi takeli\u0173 ir kompozicijos fragmentai skatina k\u016brybi\u0161kai i\u0161d\u0117styti ir eksperimentuoti, lavinant vaiko vaizduot\u0119. Su \u0161iuo rinkiniu \u017eaidimas sujungia mokym\u0105si ir pramogas. \u2014 ma\u017eylis ugdo erdvin\u012f jausm\u0105 ir technin\u012f m\u0105stym\u0105, m\u0117gaudamasis ilgomis linksmybi\u0173 valandomis.<\/p>\n<p>Raksturojums:<\/p>\n<p> \t&#8211; Vaiki\u0161kas \u017eaislas\u00a0vir\u0161 3 met\u0173 am\u017eiaus<br \/>\n \t&#8211; Rinkin\u012f sudaro\u00a0net 66 elementai, kuris suteikia didel\u012f lankstum\u0105 klojant takel\u012f.<br \/>\n \t&#8211; Lokomotyvas\u00a0jis maitinamas baterijomis, kuris u\u017etikrina mobilum\u0105 ir saugi\u0105 pramog\u0105 be laid\u0173.<br \/>\n \t&#8211; Lokomotyvas juda pirmyn ir atgal<br \/>\n \t&#8211; Priekin\u0117 b\u016brio dalis turi\u00a0\u0161viesa\u201e.<br \/>\n \t&#8211; B\u0117giai \u012frengti krosoveriais, kuris leid\u017eia lengvai pakeisti traukinio va\u017eiavimo krypt\u012f.<br \/>\n \t&#8211; Reikia baterijos: 1 \u00d7 AA (n\u0117ra \u012ftraukta)<\/p>\n<p>Komplekt\u0101 ietilpst:<\/p>\n<p> \t&#8211; Akumuliatorinis elektrinis lokomotyvas<br \/>\n \t&#8211; Daugelio dali\u0173 takeliai, \u012fskaitant krosoverius<br \/>\n \t&#8211; B\u0117gi\u0173 elementai kilpos ir kreiv\u0117s konstrukcijai<br \/>\n \t&#8211; Dekoratyviniai priedai, tokie kaip kelio \u017eenklai ar med\u017eiai<\/p>","protected":false},"excerpt":{"rendered":"<p>Leiskite savo \u0161eimai leistis \u012f \u017eavi\u0105 kelion\u0119 su elektra\u00a0XL eil\u0117\u00a0i\u0161 mark\u0117s\u00a0WOOPIE!\u00a0Komplekt\u0105 sudaro\u00a0net 66 elementai\u00a0\u2014 yra tikras malonumas ma\u017eiems ir dideliems<\/p>","protected":false},"featured_media":80615,"template":"","meta":{"_acf_changed":false,"_glsr_average":0,"_glsr_ranking":0,"_glsr_reviews":0},"product_brand":[],"product_cat":[448,229],"product_tag":[],"class_list":{"0":"post-80613","1":"product","2":"type-product","3":"status-publish","4":"has-post-thumbnail","6":"product_cat-automobiliai-ir-transportas","7":"product_cat-zaislai-vaikams","8":"\"style=\"background-color: #2ecc711c;\"","10":"first","11":"instock","12":"purchasable","13":"product-type-simple"},"acf":[],"yoast_head":"<!-- This site is optimized with the Yoast SEO plugin v27.3 - https:\/\/yoast.com\/product\/yoast-seo-wordpress\/ -->\n<title>OOPIE elektrinis gele\u017einkelio lokomotyvas Retro Farma Tor XL 66 vnt.<\/title>\n<meta name=\"description\" content=\"OOPIE elektrinis gele\u017einkelio lokomotyvas Retro Farma Tor XL 66 vnt. - KidsPlay. Did\u017eiausias vaik\u0173 \u017eaisl\u0173 pasirinkimas.\" \/>\n<meta name=\"robots\" content=\"index, follow, max-snippet:-1, max-image-preview:large, max-video-preview:-1\" \/>\n<link rel=\"canonical\" href=\"https:\/\/kidsplay.lt\/lv\/products\/oopie-elektrinis-gelezinkelio-lokomotyvas-retro-farma-tor-xl-66-vnt\/\" \/>\n<meta property=\"og:locale\" content=\"lv_LV\" \/>\n<meta property=\"og:type\" content=\"article\" \/>\n<meta property=\"og:title\" content=\"OOPIE elektrinis gele\u017einkelio lokomotyvas Retro Farma Tor XL 66 vnt.\" \/>\n<meta property=\"og:description\" content=\"OOPIE elektrinis gele\u017einkelio lokomotyvas Retro Farma Tor XL 66 vnt. - KidsPlay. Did\u017eiausias vaik\u0173 \u017eaisl\u0173 pasirinkimas.\" \/>\n<meta property=\"og:url\" content=\"https:\/\/kidsplay.lt\/lv\/products\/oopie-elektrinis-gelezinkelio-lokomotyvas-retro-farma-tor-xl-66-vnt\/\" \/>\n<meta property=\"og:site_name\" content=\"KidsPlay\" \/>\n<meta property=\"article:publisher\" content=\"https:\/\/www.facebook.com\/www.kidsplay.lt\" \/>\n<meta property=\"article:modified_time\" content=\"2026-04-07T06:56:04+00:00\" \/>\n<meta property=\"og:image\" content=\"https:\/\/kidsplay.lt\/wp-content\/uploads\/2025\/11\/OOPIE-elektrinis-gelezinkelio-lokomotyvas-Retro-Farma-Tor-XL-66-vnt.jpg\" \/>\n\t<meta property=\"og:image:width\" content=\"1000\" \/>\n\t<meta property=\"og:image:height\" content=\"1000\" \/>\n\t<meta property=\"og:image:type\" content=\"image\/jpeg\" \/>\n<meta name=\"twitter:card\" content=\"summary_large_image\" \/>\n<meta name=\"twitter:label1\" content=\"Est. reading time\" \/>\n\t<meta name=\"twitter:data1\" content=\"1 min\u016bte\" \/>\n<script type=\"application\/ld+json\" class=\"yoast-schema-graph\">{\"@context\":\"https:\\\/\\\/schema.org\",\"@graph\":[{\"@type\":\"WebPage\",\"@id\":\"https:\\\/\\\/kidsplay.lt\\\/produktas\\\/oopie-elektrinis-gelezinkelio-lokomotyvas-retro-farma-tor-xl-66-vnt\\\/\",\"url\":\"https:\\\/\\\/kidsplay.lt\\\/produktas\\\/oopie-elektrinis-gelezinkelio-lokomotyvas-retro-farma-tor-xl-66-vnt\\\/\",\"name\":\"OOPIE elektrinis gele\u017einkelio lokomotyvas Retro Farma Tor XL 66 vnt.\",\"isPartOf\":{\"@id\":\"https:\\\/\\\/kidsplay.lt\\\/#website\"},\"primaryImageOfPage\":{\"@id\":\"https:\\\/\\\/kidsplay.lt\\\/produktas\\\/oopie-elektrinis-gelezinkelio-lokomotyvas-retro-farma-tor-xl-66-vnt\\\/#primaryimage\"},\"image\":{\"@id\":\"https:\\\/\\\/kidsplay.lt\\\/produktas\\\/oopie-elektrinis-gelezinkelio-lokomotyvas-retro-farma-tor-xl-66-vnt\\\/#primaryimage\"},\"thumbnailUrl\":\"https:\\\/\\\/kidsplay.lt\\\/wp-content\\\/uploads\\\/2025\\\/11\\\/OOPIE-elektrinis-gelezinkelio-lokomotyvas-Retro-Farma-Tor-XL-66-vnt.jpg\",\"datePublished\":\"2025-11-23T11:46:39+00:00\",\"dateModified\":\"2026-04-07T06:56:04+00:00\",\"description\":\"OOPIE elektrinis gele\u017einkelio lokomotyvas Retro Farma Tor XL 66 vnt. - KidsPlay. Did\u017eiausias vaik\u0173 \u017eaisl\u0173 pasirinkimas.\",\"breadcrumb\":{\"@id\":\"https:\\\/\\\/kidsplay.lt\\\/produktas\\\/oopie-elektrinis-gelezinkelio-lokomotyvas-retro-farma-tor-xl-66-vnt\\\/#breadcrumb\"},\"inLanguage\":\"lv-LV\",\"potentialAction\":[{\"@type\":\"ReadAction\",\"target\":[\"https:\\\/\\\/kidsplay.lt\\\/produktas\\\/oopie-elektrinis-gelezinkelio-lokomotyvas-retro-farma-tor-xl-66-vnt\\\/\"]}]},{\"@type\":\"ImageObject\",\"inLanguage\":\"lv-LV\",\"@id\":\"https:\\\/\\\/kidsplay.lt\\\/produktas\\\/oopie-elektrinis-gelezinkelio-lokomotyvas-retro-farma-tor-xl-66-vnt\\\/#primaryimage\",\"url\":\"https:\\\/\\\/kidsplay.lt\\\/wp-content\\\/uploads\\\/2025\\\/11\\\/OOPIE-elektrinis-gelezinkelio-lokomotyvas-Retro-Farma-Tor-XL-66-vnt.jpg\",\"contentUrl\":\"https:\\\/\\\/kidsplay.lt\\\/wp-content\\\/uploads\\\/2025\\\/11\\\/OOPIE-elektrinis-gelezinkelio-lokomotyvas-Retro-Farma-Tor-XL-66-vnt.jpg\",\"width\":1000,\"height\":1000,\"caption\":\"OOPIE elektrinis gele\u017einkelio lokomotyvas Retro Farma Tor XL 66 vnt.\"},{\"@type\":\"BreadcrumbList\",\"@id\":\"https:\\\/\\\/kidsplay.lt\\\/produktas\\\/oopie-elektrinis-gelezinkelio-lokomotyvas-retro-farma-tor-xl-66-vnt\\\/#breadcrumb\",\"itemListElement\":[{\"@type\":\"ListItem\",\"position\":1,\"name\":\"Pagrindinis\",\"item\":\"https:\\\/\\\/kidsplay.lt\\\/\"},{\"@type\":\"ListItem\",\"position\":2,\"name\":\"Parduotuv\u0117\",\"item\":\"https:\\\/\\\/kidsplay.lt\\\/parduotuve\\\/\"},{\"@type\":\"ListItem\",\"position\":3,\"name\":\"OOPIE elektrinis gele\u017einkelio lokomotyvas Retro Farma Tor XL 66 vnt.\"}]},{\"@type\":\"WebSite\",\"@id\":\"https:\\\/\\\/kidsplay.lt\\\/#website\",\"url\":\"https:\\\/\\\/kidsplay.lt\\\/\",\"name\":\"Kidsplay.lt\",\"description\":\"\u012evairios prek\u0117s vaikams\",\"publisher\":{\"@id\":\"https:\\\/\\\/kidsplay.lt\\\/#organization\"},\"alternateName\":\"Kidsplay\",\"potentialAction\":[{\"@type\":\"SearchAction\",\"target\":{\"@type\":\"EntryPoint\",\"urlTemplate\":\"https:\\\/\\\/kidsplay.lt\\\/?s={search_term_string}\"},\"query-input\":{\"@type\":\"PropertyValueSpecification\",\"valueRequired\":true,\"valueName\":\"search_term_string\"}}],\"inLanguage\":\"lv-LV\"},{\"@type\":\"Organization\",\"@id\":\"https:\\\/\\\/kidsplay.lt\\\/#organization\",\"name\":\"KidsPlay\",\"url\":\"https:\\\/\\\/kidsplay.lt\\\/\",\"logo\":{\"@type\":\"ImageObject\",\"inLanguage\":\"lv-LV\",\"@id\":\"https:\\\/\\\/kidsplay.lt\\\/#\\\/schema\\\/logo\\\/image\\\/\",\"url\":\"https:\\\/\\\/kidsplay.lt\\\/wp-content\\\/uploads\\\/2023\\\/07\\\/kidsplay-logo.png\",\"contentUrl\":\"https:\\\/\\\/kidsplay.lt\\\/wp-content\\\/uploads\\\/2023\\\/07\\\/kidsplay-logo.png\",\"width\":451,\"height\":98,\"caption\":\"KidsPlay\"},\"image\":{\"@id\":\"https:\\\/\\\/kidsplay.lt\\\/#\\\/schema\\\/logo\\\/image\\\/\"},\"sameAs\":[\"https:\\\/\\\/www.facebook.com\\\/www.kidsplay.lt\"]}]}<\/script>\n<!-- \/ Yoast SEO plugin. -->","yoast_head_json":{"title":"OOPIE elektrinis gele\u017einkelio lokomotyvas Retro Farma Tor XL 66 vnt.","description":"OOPIE elektrinis gele\u017einkelio lokomotyvas Retro Farma Tor XL 66 vnt. - KidsPlay. Did\u017eiausias vaik\u0173 \u017eaisl\u0173 pasirinkimas.","robots":{"index":"index","follow":"follow","max-snippet":"max-snippet:-1","max-image-preview":"max-image-preview:large","max-video-preview":"max-video-preview:-1"},"canonical":"https:\/\/kidsplay.lt\/lv\/products\/oopie-elektrinis-gelezinkelio-lokomotyvas-retro-farma-tor-xl-66-vnt\/","og_locale":"lv_LV","og_type":"article","og_title":"OOPIE elektrinis gele\u017einkelio lokomotyvas Retro Farma Tor XL 66 vnt.","og_description":"OOPIE elektrinis gele\u017einkelio lokomotyvas Retro Farma Tor XL 66 vnt. - KidsPlay. Did\u017eiausias vaik\u0173 \u017eaisl\u0173 pasirinkimas.","og_url":"https:\/\/kidsplay.lt\/lv\/products\/oopie-elektrinis-gelezinkelio-lokomotyvas-retro-farma-tor-xl-66-vnt\/","og_site_name":"KidsPlay","article_publisher":"https:\/\/www.facebook.com\/www.kidsplay.lt","article_modified_time":"2026-04-07T06:56:04+00:00","og_image":[{"width":1000,"height":1000,"url":"https:\/\/kidsplay.lt\/wp-content\/uploads\/2025\/11\/OOPIE-elektrinis-gelezinkelio-lokomotyvas-Retro-Farma-Tor-XL-66-vnt.jpg","type":"image\/jpeg"}],"twitter_card":"summary_large_image","twitter_misc":{"Est. reading time":"1 min\u016bte"},"schema":{"@context":"https:\/\/schema.org","@graph":[{"@type":"WebPage","@id":"https:\/\/kidsplay.lt\/produktas\/oopie-elektrinis-gelezinkelio-lokomotyvas-retro-farma-tor-xl-66-vnt\/","url":"https:\/\/kidsplay.lt\/produktas\/oopie-elektrinis-gelezinkelio-lokomotyvas-retro-farma-tor-xl-66-vnt\/","name":"OOPIE elektrinis gele\u017einkelio lokomotyvas Retro Farma Tor XL 66 vnt.","isPartOf":{"@id":"https:\/\/kidsplay.lt\/#website"},"primaryImageOfPage":{"@id":"https:\/\/kidsplay.lt\/produktas\/oopie-elektrinis-gelezinkelio-lokomotyvas-retro-farma-tor-xl-66-vnt\/#primaryimage"},"image":{"@id":"https:\/\/kidsplay.lt\/produktas\/oopie-elektrinis-gelezinkelio-lokomotyvas-retro-farma-tor-xl-66-vnt\/#primaryimage"},"thumbnailUrl":"https:\/\/kidsplay.lt\/wp-content\/uploads\/2025\/11\/OOPIE-elektrinis-gelezinkelio-lokomotyvas-Retro-Farma-Tor-XL-66-vnt.jpg","datePublished":"2025-11-23T11:46:39+00:00","dateModified":"2026-04-07T06:56:04+00:00","description":"OOPIE elektrinis gele\u017einkelio lokomotyvas Retro Farma Tor XL 66 vnt. - KidsPlay. Did\u017eiausias vaik\u0173 \u017eaisl\u0173 pasirinkimas.","breadcrumb":{"@id":"https:\/\/kidsplay.lt\/produktas\/oopie-elektrinis-gelezinkelio-lokomotyvas-retro-farma-tor-xl-66-vnt\/#breadcrumb"},"inLanguage":"lv-LV","potentialAction":[{"@type":"ReadAction","target":["https:\/\/kidsplay.lt\/produktas\/oopie-elektrinis-gelezinkelio-lokomotyvas-retro-farma-tor-xl-66-vnt\/"]}]},{"@type":"ImageObject","inLanguage":"lv-LV","@id":"https:\/\/kidsplay.lt\/produktas\/oopie-elektrinis-gelezinkelio-lokomotyvas-retro-farma-tor-xl-66-vnt\/#primaryimage","url":"https:\/\/kidsplay.lt\/wp-content\/uploads\/2025\/11\/OOPIE-elektrinis-gelezinkelio-lokomotyvas-Retro-Farma-Tor-XL-66-vnt.jpg","contentUrl":"https:\/\/kidsplay.lt\/wp-content\/uploads\/2025\/11\/OOPIE-elektrinis-gelezinkelio-lokomotyvas-Retro-Farma-Tor-XL-66-vnt.jpg","width":1000,"height":1000,"caption":"OOPIE elektrinis gele\u017einkelio lokomotyvas Retro Farma Tor XL 66 vnt."},{"@type":"BreadcrumbList","@id":"https:\/\/kidsplay.lt\/produktas\/oopie-elektrinis-gelezinkelio-lokomotyvas-retro-farma-tor-xl-66-vnt\/#breadcrumb","itemListElement":[{"@type":"ListItem","position":1,"name":"Pagrindinis","item":"https:\/\/kidsplay.lt\/"},{"@type":"ListItem","position":2,"name":"Parduotuv\u0117","item":"https:\/\/kidsplay.lt\/parduotuve\/"},{"@type":"ListItem","position":3,"name":"OOPIE elektrinis gele\u017einkelio lokomotyvas Retro Farma Tor XL 66 vnt."}]},{"@type":"WebSite","@id":"https:\/\/kidsplay.lt\/#website","url":"https:\/\/kidsplay.lt\/","name":"B\u0113rnu sp\u0113les.lv","description":"\u012evairios prek\u0117s vaikams","publisher":{"@id":"https:\/\/kidsplay.lt\/#organization"},"alternateName":"Kidsplay","potentialAction":[{"@type":"SearchAction","target":{"@type":"EntryPoint","urlTemplate":"https:\/\/kidsplay.lt\/?s={search_term_string}"},"query-input":{"@type":"PropertyValueSpecification","valueRequired":true,"valueName":"search_term_string"}}],"inLanguage":"lv-LV"},{"@type":"Organization","@id":"https:\/\/kidsplay.lt\/#organization","name":"B\u0113rnu sp\u0113le","url":"https:\/\/kidsplay.lt\/","logo":{"@type":"ImageObject","inLanguage":"lv-LV","@id":"https:\/\/kidsplay.lt\/#\/schema\/logo\/image\/","url":"https:\/\/kidsplay.lt\/wp-content\/uploads\/2023\/07\/kidsplay-logo.png","contentUrl":"https:\/\/kidsplay.lt\/wp-content\/uploads\/2023\/07\/kidsplay-logo.png","width":451,"height":98,"caption":"KidsPlay"},"image":{"@id":"https:\/\/kidsplay.lt\/#\/schema\/logo\/image\/"},"sameAs":["https:\/\/www.facebook.com\/www.kidsplay.lt"]}]}},"_links":{"self":[{"href":"https:\/\/kidsplay.lt\/lv\/wp-json\/wp\/v2\/product\/80613","targetHints":{"allow":["GET"]}}],"collection":[{"href":"https:\/\/kidsplay.lt\/lv\/wp-json\/wp\/v2\/product"}],"about":[{"href":"https:\/\/kidsplay.lt\/lv\/wp-json\/wp\/v2\/types\/product"}],"version-history":[{"count":1,"href":"https:\/\/kidsplay.lt\/lv\/wp-json\/wp\/v2\/product\/80613\/revisions"}],"predecessor-version":[{"id":80614,"href":"https:\/\/kidsplay.lt\/lv\/wp-json\/wp\/v2\/product\/80613\/revisions\/80614"}],"wp:featuredmedia":[{"embeddable":true,"href":"https:\/\/kidsplay.lt\/lv\/wp-json\/wp\/v2\/media\/80615"}],"wp:attachment":[{"href":"https:\/\/kidsplay.lt\/lv\/wp-json\/wp\/v2\/media?parent=80613"}],"wp:term":[{"taxonomy":"product_brand","embeddable":true,"href":"https:\/\/kidsplay.lt\/lv\/wp-json\/wp\/v2\/product_brand?post=80613"},{"taxonomy":"product_cat","embeddable":true,"href":"https:\/\/kidsplay.lt\/lv\/wp-json\/wp\/v2\/product_cat?post=80613"},{"taxonomy":"product_tag","embeddable":true,"href":"https:\/\/kidsplay.lt\/lv\/wp-json\/wp\/v2\/product_tag?post=80613"}],"curies":[{"name":"wp","href":"https:\/\/api.w.org\/{rel}","templated":true}]}}