{"id":80618,"date":"2025-11-23T13:46:56","date_gmt":"2025-11-23T11:46:56","guid":{"rendered":"https:\/\/kidsplay.lt\/produktas\/woopie-elektrinio-gelezinkelio-krovininio-lokomotyvu-begiu-kelias-xxl-90-vnt\/"},"modified":"2026-04-13T14:17:34","modified_gmt":"2026-04-13T11:17:34","slug":"woopie-elektrinio-gelezinkelio-krovininio-lokomotyvu-begiu-kelias-xxl-90-vnt","status":"publish","type":"product","link":"https:\/\/kidsplay.lt\/lv\/products\/woopie-elektrinio-gelezinkelio-krovininio-lokomotyvu-begiu-kelias-xxl-90-vnt\/","title":{"rendered":"WOOPIE elektrisk\u0101 dzelzce\u013ca kravas lokomot\u012bves slie\u017eu ce\u013c\u0161 XXL 90 gab."},"content":{"rendered":"<p>Tegul eili\u0173 pasaulis atgyja j\u016bs\u0173 namuose galing\u0173j\u0173 d\u0117ka\u00a0XXL elektrinis gele\u017einkelis\u00a0i\u0161 mark\u0117s\u00a0WOOPIE!\u00a0Tai rinkinys, kuris suteiks nepamir\u0161tam\u0173 emocij\u0173 ma\u017eiems ir dideliems traukini\u0173 m\u0117g\u0117jams. Statyba\u00a0akumuliatorinis\u00a0tai rei\u0161kia visi\u0161k\u0105 \u017eaidimo laisv\u0119 be kabeli\u0173 raizginio, o takeli\u0173 ilgis leid\u017eia sukurti sud\u0117tingas kilpas, jungiklius ir mar\u0161rutus. Komplekte yra jungikliai, vik\u0161rai, gyv\u016bnai ir prekiniai vagonai, kurie u\u017etikrina daugiamat\u012f linksmum\u0105 ir vaizduot\u0117s stimuliavim\u0105. Lokomotyvas su\u00a0ap\u0161vietimo efektaiir tai daro kelion\u0119 traukiniu dar tikrovi\u0161kesn\u0119 ir patrauklesn\u0119. Tai puikus \u017eaislas \u0161eimos akimirkoms: nuo ma\u017eens lavina k\u016brybi\u0161kum\u0105, koordinacij\u0105 ir rank\u0173 \u012fg\u016bd\u017eius.<\/p>\n<p>Raksturojums:<\/p>\n<p> \t&#8211; \u017daislas, skirtas vaikams\u00a0nuo ma\u017edaug 3 met\u0173 am\u017eiaus<br \/>\n \t&#8211; Maitinimas: baterijos\u00a0(nereikia prijungti prie lizdo)<br \/>\n \t&#8211; Platus takelis: trasos ilgis leid\u017eia va\u017eiuoti dideliais, sud\u0117tingais mar\u0161rutais<br \/>\n \t&#8211; Strukt\u016briniai elementai: jungikliai, kilpos, jungikliai, tuneliai, per\u0117jos su u\u017etvaromis<br \/>\n \t&#8211; Lokomotyvas: juda savaranki\u0161kai, turi priekinius \u0161viesos ir garso efektus<br \/>\n \t&#8211; Krovininiai vagonai fig\u016broms gabenti\u00a0gyv\u016bnai\u00a0ar kit\u0173 daikt\u0173<br \/>\n \t&#8211; Saugi statyba\u00a0pagaminta i\u0161 auk\u0161tos kokyb\u0117s plastiko<\/p>\n<p>Komplekt\u0101 ietilpst:<\/p>\n<p> \t&#8211; Elektrinis lokomotyvas su \u0161viesos efektu<br \/>\n \t&#8211; Lokomotyvas juda pirmyn ir atgal<br \/>\n \t&#8211; 2 krovininiai automobiliai<br \/>\n \t&#8211; Gyv\u016bn\u0173 fig\u016br\u0117l\u0117s), skirtos krauti vagonuose<br \/>\n \t&#8211; Takeliai: ties\u016bs, lenkti elementai, kilpos, jungikliai\/b\u0117gimo mar\u0161rutai<br \/>\n \t&#8211; Gele\u017einkelio perva\u017ea su u\u017etvaromis ir kelio \u017eenklais<br \/>\n \t&#8211; Papildomos kra\u0161tovaizd\u017eio detal\u0117s: med\u017eiai, \u017eenklai<\/p>","protected":false},"excerpt":{"rendered":"<p>Tegul eili\u0173 pasaulis atgyja j\u016bs\u0173 namuose galing\u0173j\u0173 d\u0117ka\u00a0XXL elektrinis gele\u017einkelis\u00a0i\u0161 mark\u0117s\u00a0WOOPIE!\u00a0Tai rinkinys, kuris suteiks nepamir\u0161tam\u0173 emocij\u0173 ma\u017eiems ir dideliems traukini\u0173<\/p>","protected":false},"featured_media":80620,"template":"","meta":{"_acf_changed":false,"_glsr_average":0,"_glsr_ranking":0,"_glsr_reviews":0},"product_brand":[],"product_cat":[448,229],"product_tag":[],"class_list":{"0":"post-80618","1":"product","2":"type-product","3":"status-publish","4":"has-post-thumbnail","6":"product_cat-automobiliai-ir-transportas","7":"product_cat-zaislai-vaikams","8":"\"style=\"background-color: #2ecc711c;\"","10":"first","11":"instock","12":"purchasable","13":"product-type-simple"},"acf":[],"yoast_head":"<!-- This site is optimized with the Yoast SEO plugin v27.4 - https:\/\/yoast.com\/product\/yoast-seo-wordpress\/ -->\n<title>WOOPIE elektrinio gele\u017einkelio krovininio lokomotyv\u0173 b\u0117gi\u0173 kelias XXL 90 vnt.<\/title>\n<meta name=\"description\" content=\"WOOPIE elektrinio gele\u017einkelio krovininio lokomotyv\u0173 b\u0117gi\u0173 kelias XXL 90 vnt. - KidsPlay. Did\u017eiausias vaik\u0173 \u017eaisl\u0173 pasirinkimas.\" \/>\n<meta name=\"robots\" content=\"index, follow, max-snippet:-1, max-image-preview:large, max-video-preview:-1\" \/>\n<link rel=\"canonical\" href=\"https:\/\/kidsplay.lt\/lv\/products\/woopie-elektrinio-gelezinkelio-krovininio-lokomotyvu-begiu-kelias-xxl-90-vnt\/\" \/>\n<meta property=\"og:locale\" content=\"lv_LV\" \/>\n<meta property=\"og:type\" content=\"article\" \/>\n<meta property=\"og:title\" content=\"WOOPIE elektrinio gele\u017einkelio krovininio lokomotyv\u0173 b\u0117gi\u0173 kelias XXL 90 vnt.\" \/>\n<meta property=\"og:description\" content=\"WOOPIE elektrinio gele\u017einkelio krovininio lokomotyv\u0173 b\u0117gi\u0173 kelias XXL 90 vnt. - KidsPlay. Did\u017eiausias vaik\u0173 \u017eaisl\u0173 pasirinkimas.\" \/>\n<meta property=\"og:url\" content=\"https:\/\/kidsplay.lt\/lv\/products\/woopie-elektrinio-gelezinkelio-krovininio-lokomotyvu-begiu-kelias-xxl-90-vnt\/\" \/>\n<meta property=\"og:site_name\" content=\"KidsPlay\" \/>\n<meta property=\"article:publisher\" content=\"https:\/\/www.facebook.com\/www.kidsplay.lt\" \/>\n<meta property=\"article:modified_time\" content=\"2026-04-13T11:17:34+00:00\" \/>\n<meta property=\"og:image\" content=\"https:\/\/kidsplay.lt\/wp-content\/uploads\/2025\/11\/WOOPIE-elektrinio-gelezinkelio-krovininio-lokomotyvu-begiu-kelias-XXL-90-vnt.jpg\" \/>\n\t<meta property=\"og:image:width\" content=\"1000\" \/>\n\t<meta property=\"og:image:height\" content=\"1000\" \/>\n\t<meta property=\"og:image:type\" content=\"image\/jpeg\" \/>\n<meta name=\"twitter:card\" content=\"summary_large_image\" \/>\n<meta name=\"twitter:label1\" content=\"Est. reading time\" \/>\n\t<meta name=\"twitter:data1\" content=\"1 min\u016bte\" \/>\n<script type=\"application\/ld+json\" class=\"yoast-schema-graph\">{\"@context\":\"https:\\\/\\\/schema.org\",\"@graph\":[{\"@type\":\"WebPage\",\"@id\":\"https:\\\/\\\/kidsplay.lt\\\/produktas\\\/woopie-elektrinio-gelezinkelio-krovininio-lokomotyvu-begiu-kelias-xxl-90-vnt\\\/\",\"url\":\"https:\\\/\\\/kidsplay.lt\\\/produktas\\\/woopie-elektrinio-gelezinkelio-krovininio-lokomotyvu-begiu-kelias-xxl-90-vnt\\\/\",\"name\":\"WOOPIE elektrinio gele\u017einkelio krovininio lokomotyv\u0173 b\u0117gi\u0173 kelias XXL 90 vnt.\",\"isPartOf\":{\"@id\":\"https:\\\/\\\/kidsplay.lt\\\/#website\"},\"primaryImageOfPage\":{\"@id\":\"https:\\\/\\\/kidsplay.lt\\\/produktas\\\/woopie-elektrinio-gelezinkelio-krovininio-lokomotyvu-begiu-kelias-xxl-90-vnt\\\/#primaryimage\"},\"image\":{\"@id\":\"https:\\\/\\\/kidsplay.lt\\\/produktas\\\/woopie-elektrinio-gelezinkelio-krovininio-lokomotyvu-begiu-kelias-xxl-90-vnt\\\/#primaryimage\"},\"thumbnailUrl\":\"https:\\\/\\\/kidsplay.lt\\\/wp-content\\\/uploads\\\/2025\\\/11\\\/WOOPIE-elektrinio-gelezinkelio-krovininio-lokomotyvu-begiu-kelias-XXL-90-vnt.jpg\",\"datePublished\":\"2025-11-23T11:46:56+00:00\",\"dateModified\":\"2026-04-13T11:17:34+00:00\",\"description\":\"WOOPIE elektrinio gele\u017einkelio krovininio lokomotyv\u0173 b\u0117gi\u0173 kelias XXL 90 vnt. - KidsPlay. Did\u017eiausias vaik\u0173 \u017eaisl\u0173 pasirinkimas.\",\"breadcrumb\":{\"@id\":\"https:\\\/\\\/kidsplay.lt\\\/produktas\\\/woopie-elektrinio-gelezinkelio-krovininio-lokomotyvu-begiu-kelias-xxl-90-vnt\\\/#breadcrumb\"},\"inLanguage\":\"lv-LV\",\"potentialAction\":[{\"@type\":\"ReadAction\",\"target\":[\"https:\\\/\\\/kidsplay.lt\\\/produktas\\\/woopie-elektrinio-gelezinkelio-krovininio-lokomotyvu-begiu-kelias-xxl-90-vnt\\\/\"]}]},{\"@type\":\"ImageObject\",\"inLanguage\":\"lv-LV\",\"@id\":\"https:\\\/\\\/kidsplay.lt\\\/produktas\\\/woopie-elektrinio-gelezinkelio-krovininio-lokomotyvu-begiu-kelias-xxl-90-vnt\\\/#primaryimage\",\"url\":\"https:\\\/\\\/kidsplay.lt\\\/wp-content\\\/uploads\\\/2025\\\/11\\\/WOOPIE-elektrinio-gelezinkelio-krovininio-lokomotyvu-begiu-kelias-XXL-90-vnt.jpg\",\"contentUrl\":\"https:\\\/\\\/kidsplay.lt\\\/wp-content\\\/uploads\\\/2025\\\/11\\\/WOOPIE-elektrinio-gelezinkelio-krovininio-lokomotyvu-begiu-kelias-XXL-90-vnt.jpg\",\"width\":1000,\"height\":1000,\"caption\":\"WOOPIE elektrinio gele\u017einkelio krovininio lokomotyv\u0173 b\u0117gi\u0173 kelias XXL 90 vnt.\"},{\"@type\":\"BreadcrumbList\",\"@id\":\"https:\\\/\\\/kidsplay.lt\\\/produktas\\\/woopie-elektrinio-gelezinkelio-krovininio-lokomotyvu-begiu-kelias-xxl-90-vnt\\\/#breadcrumb\",\"itemListElement\":[{\"@type\":\"ListItem\",\"position\":1,\"name\":\"Pagrindinis\",\"item\":\"https:\\\/\\\/kidsplay.lt\\\/\"},{\"@type\":\"ListItem\",\"position\":2,\"name\":\"Parduotuv\u0117\",\"item\":\"https:\\\/\\\/kidsplay.lt\\\/parduotuve\\\/\"},{\"@type\":\"ListItem\",\"position\":3,\"name\":\"WOOPIE elektrinio gele\u017einkelio krovininio lokomotyv\u0173 b\u0117gi\u0173 kelias XXL 90 vnt.\"}]},{\"@type\":\"WebSite\",\"@id\":\"https:\\\/\\\/kidsplay.lt\\\/#website\",\"url\":\"https:\\\/\\\/kidsplay.lt\\\/\",\"name\":\"Kidsplay.lt\",\"description\":\"\u012evairios prek\u0117s vaikams\",\"publisher\":{\"@id\":\"https:\\\/\\\/kidsplay.lt\\\/#organization\"},\"alternateName\":\"Kidsplay\",\"potentialAction\":[{\"@type\":\"SearchAction\",\"target\":{\"@type\":\"EntryPoint\",\"urlTemplate\":\"https:\\\/\\\/kidsplay.lt\\\/?s={search_term_string}\"},\"query-input\":{\"@type\":\"PropertyValueSpecification\",\"valueRequired\":true,\"valueName\":\"search_term_string\"}}],\"inLanguage\":\"lv-LV\"},{\"@type\":\"Organization\",\"@id\":\"https:\\\/\\\/kidsplay.lt\\\/#organization\",\"name\":\"KidsPlay\",\"url\":\"https:\\\/\\\/kidsplay.lt\\\/\",\"logo\":{\"@type\":\"ImageObject\",\"inLanguage\":\"lv-LV\",\"@id\":\"https:\\\/\\\/kidsplay.lt\\\/#\\\/schema\\\/logo\\\/image\\\/\",\"url\":\"https:\\\/\\\/kidsplay.lt\\\/wp-content\\\/uploads\\\/2023\\\/07\\\/kidsplay-logo.png\",\"contentUrl\":\"https:\\\/\\\/kidsplay.lt\\\/wp-content\\\/uploads\\\/2023\\\/07\\\/kidsplay-logo.png\",\"width\":451,\"height\":98,\"caption\":\"KidsPlay\"},\"image\":{\"@id\":\"https:\\\/\\\/kidsplay.lt\\\/#\\\/schema\\\/logo\\\/image\\\/\"},\"sameAs\":[\"https:\\\/\\\/www.facebook.com\\\/www.kidsplay.lt\"]}]}<\/script>\n<!-- \/ Yoast SEO plugin. -->","yoast_head_json":{"title":"WOOPIE elektrisk\u0101 dzelzce\u013ca kravas lokomot\u012bves slie\u017eu ce\u013c\u0161 XXL 90 gab.","description":"WOOPIE elektrinio gele\u017einkelio krovininio lokomotyv\u0173 b\u0117gi\u0173 kelias XXL 90 vnt. - KidsPlay. Did\u017eiausias vaik\u0173 \u017eaisl\u0173 pasirinkimas.","robots":{"index":"index","follow":"follow","max-snippet":"max-snippet:-1","max-image-preview":"max-image-preview:large","max-video-preview":"max-video-preview:-1"},"canonical":"https:\/\/kidsplay.lt\/lv\/products\/woopie-elektrinio-gelezinkelio-krovininio-lokomotyvu-begiu-kelias-xxl-90-vnt\/","og_locale":"lv_LV","og_type":"article","og_title":"WOOPIE elektrinio gele\u017einkelio krovininio lokomotyv\u0173 b\u0117gi\u0173 kelias XXL 90 vnt.","og_description":"WOOPIE elektrinio gele\u017einkelio krovininio lokomotyv\u0173 b\u0117gi\u0173 kelias XXL 90 vnt. - KidsPlay. Did\u017eiausias vaik\u0173 \u017eaisl\u0173 pasirinkimas.","og_url":"https:\/\/kidsplay.lt\/lv\/products\/woopie-elektrinio-gelezinkelio-krovininio-lokomotyvu-begiu-kelias-xxl-90-vnt\/","og_site_name":"KidsPlay","article_publisher":"https:\/\/www.facebook.com\/www.kidsplay.lt","article_modified_time":"2026-04-13T11:17:34+00:00","og_image":[{"width":1000,"height":1000,"url":"https:\/\/kidsplay.lt\/wp-content\/uploads\/2025\/11\/WOOPIE-elektrinio-gelezinkelio-krovininio-lokomotyvu-begiu-kelias-XXL-90-vnt.jpg","type":"image\/jpeg"}],"twitter_card":"summary_large_image","twitter_misc":{"Est. reading time":"1 min\u016bte"},"schema":{"@context":"https:\/\/schema.org","@graph":[{"@type":"WebPage","@id":"https:\/\/kidsplay.lt\/produktas\/woopie-elektrinio-gelezinkelio-krovininio-lokomotyvu-begiu-kelias-xxl-90-vnt\/","url":"https:\/\/kidsplay.lt\/produktas\/woopie-elektrinio-gelezinkelio-krovininio-lokomotyvu-begiu-kelias-xxl-90-vnt\/","name":"WOOPIE elektrisk\u0101 dzelzce\u013ca kravas lokomot\u012bves slie\u017eu ce\u013c\u0161 XXL 90 gab.","isPartOf":{"@id":"https:\/\/kidsplay.lt\/#website"},"primaryImageOfPage":{"@id":"https:\/\/kidsplay.lt\/produktas\/woopie-elektrinio-gelezinkelio-krovininio-lokomotyvu-begiu-kelias-xxl-90-vnt\/#primaryimage"},"image":{"@id":"https:\/\/kidsplay.lt\/produktas\/woopie-elektrinio-gelezinkelio-krovininio-lokomotyvu-begiu-kelias-xxl-90-vnt\/#primaryimage"},"thumbnailUrl":"https:\/\/kidsplay.lt\/wp-content\/uploads\/2025\/11\/WOOPIE-elektrinio-gelezinkelio-krovininio-lokomotyvu-begiu-kelias-XXL-90-vnt.jpg","datePublished":"2025-11-23T11:46:56+00:00","dateModified":"2026-04-13T11:17:34+00:00","description":"WOOPIE elektrinio gele\u017einkelio krovininio lokomotyv\u0173 b\u0117gi\u0173 kelias XXL 90 vnt. - KidsPlay. Did\u017eiausias vaik\u0173 \u017eaisl\u0173 pasirinkimas.","breadcrumb":{"@id":"https:\/\/kidsplay.lt\/produktas\/woopie-elektrinio-gelezinkelio-krovininio-lokomotyvu-begiu-kelias-xxl-90-vnt\/#breadcrumb"},"inLanguage":"lv-LV","potentialAction":[{"@type":"ReadAction","target":["https:\/\/kidsplay.lt\/produktas\/woopie-elektrinio-gelezinkelio-krovininio-lokomotyvu-begiu-kelias-xxl-90-vnt\/"]}]},{"@type":"ImageObject","inLanguage":"lv-LV","@id":"https:\/\/kidsplay.lt\/produktas\/woopie-elektrinio-gelezinkelio-krovininio-lokomotyvu-begiu-kelias-xxl-90-vnt\/#primaryimage","url":"https:\/\/kidsplay.lt\/wp-content\/uploads\/2025\/11\/WOOPIE-elektrinio-gelezinkelio-krovininio-lokomotyvu-begiu-kelias-XXL-90-vnt.jpg","contentUrl":"https:\/\/kidsplay.lt\/wp-content\/uploads\/2025\/11\/WOOPIE-elektrinio-gelezinkelio-krovininio-lokomotyvu-begiu-kelias-XXL-90-vnt.jpg","width":1000,"height":1000,"caption":"WOOPIE elektrinio gele\u017einkelio krovininio lokomotyv\u0173 b\u0117gi\u0173 kelias XXL 90 vnt."},{"@type":"BreadcrumbList","@id":"https:\/\/kidsplay.lt\/produktas\/woopie-elektrinio-gelezinkelio-krovininio-lokomotyvu-begiu-kelias-xxl-90-vnt\/#breadcrumb","itemListElement":[{"@type":"ListItem","position":1,"name":"Pagrindinis","item":"https:\/\/kidsplay.lt\/"},{"@type":"ListItem","position":2,"name":"Parduotuv\u0117","item":"https:\/\/kidsplay.lt\/parduotuve\/"},{"@type":"ListItem","position":3,"name":"WOOPIE elektrinio gele\u017einkelio krovininio lokomotyv\u0173 b\u0117gi\u0173 kelias XXL 90 vnt."}]},{"@type":"WebSite","@id":"https:\/\/kidsplay.lt\/#website","url":"https:\/\/kidsplay.lt\/","name":"B\u0113rnu sp\u0113les.lv","description":"\u012evairios prek\u0117s vaikams","publisher":{"@id":"https:\/\/kidsplay.lt\/#organization"},"alternateName":"Kidsplay","potentialAction":[{"@type":"SearchAction","target":{"@type":"EntryPoint","urlTemplate":"https:\/\/kidsplay.lt\/?s={search_term_string}"},"query-input":{"@type":"PropertyValueSpecification","valueRequired":true,"valueName":"search_term_string"}}],"inLanguage":"lv-LV"},{"@type":"Organization","@id":"https:\/\/kidsplay.lt\/#organization","name":"B\u0113rnu sp\u0113le","url":"https:\/\/kidsplay.lt\/","logo":{"@type":"ImageObject","inLanguage":"lv-LV","@id":"https:\/\/kidsplay.lt\/#\/schema\/logo\/image\/","url":"https:\/\/kidsplay.lt\/wp-content\/uploads\/2023\/07\/kidsplay-logo.png","contentUrl":"https:\/\/kidsplay.lt\/wp-content\/uploads\/2023\/07\/kidsplay-logo.png","width":451,"height":98,"caption":"KidsPlay"},"image":{"@id":"https:\/\/kidsplay.lt\/#\/schema\/logo\/image\/"},"sameAs":["https:\/\/www.facebook.com\/www.kidsplay.lt"]}]}},"_links":{"self":[{"href":"https:\/\/kidsplay.lt\/lv\/wp-json\/wp\/v2\/product\/80618","targetHints":{"allow":["GET"]}}],"collection":[{"href":"https:\/\/kidsplay.lt\/lv\/wp-json\/wp\/v2\/product"}],"about":[{"href":"https:\/\/kidsplay.lt\/lv\/wp-json\/wp\/v2\/types\/product"}],"version-history":[{"count":1,"href":"https:\/\/kidsplay.lt\/lv\/wp-json\/wp\/v2\/product\/80618\/revisions"}],"predecessor-version":[{"id":80619,"href":"https:\/\/kidsplay.lt\/lv\/wp-json\/wp\/v2\/product\/80618\/revisions\/80619"}],"wp:featuredmedia":[{"embeddable":true,"href":"https:\/\/kidsplay.lt\/lv\/wp-json\/wp\/v2\/media\/80620"}],"wp:attachment":[{"href":"https:\/\/kidsplay.lt\/lv\/wp-json\/wp\/v2\/media?parent=80618"}],"wp:term":[{"taxonomy":"product_brand","embeddable":true,"href":"https:\/\/kidsplay.lt\/lv\/wp-json\/wp\/v2\/product_brand?post=80618"},{"taxonomy":"product_cat","embeddable":true,"href":"https:\/\/kidsplay.lt\/lv\/wp-json\/wp\/v2\/product_cat?post=80618"},{"taxonomy":"product_tag","embeddable":true,"href":"https:\/\/kidsplay.lt\/lv\/wp-json\/wp\/v2\/product_tag?post=80618"}],"curies":[{"name":"wp","href":"https:\/\/api.w.org\/{rel}","templated":true}]}}