{"id":80628,"date":"2025-11-23T13:47:27","date_gmt":"2025-11-23T11:47:27","guid":{"rendered":"https:\/\/kidsplay.lt\/produktas\/woopie-elektrinis-traukinio-begiu-kelias-retro-ciuchcia-lokomotyvas-2-vagonai-76-vnt-rinkinys\/"},"modified":"2026-04-13T14:17:38","modified_gmt":"2026-04-13T11:17:38","slug":"woopie-elektrinis-traukinio-begiu-kelias-retro-ciuchcia-lokomotyvas-2-vagonai-76-vnt-rinkinys","status":"publish","type":"product","link":"https:\/\/kidsplay.lt\/lv\/products\/woopie-elektrinis-traukinio-begiu-kelias-retro-ciuchcia-lokomotyvas-2-vagonai-76-vnt-rinkinys\/","title":{"rendered":"WOOPIE elektrisk\u0101 vilciena slie\u017eu ce\u013c\u0161 Retro Ciuchcia lokomot\u012bve + 2 vagoni \u2013 76 gab. komplekts."},"content":{"rendered":"<p>Paimkite savo vaik\u0105 \u012f stebukling\u0105 gele\u017einkeli\u0173 pasaul\u012f su unikalia patirtimi\u00a0Elektrinis retro gele\u017einkelis! Tai ne tik \u017eaislas, bet ir tikras nuotykis su judesiu, \u0161viesa ir vaizduote. Rinkin\u012f sudaro iki\u00a076 prek\u0117s, kurio d\u0117ka galite nutiesti \u012fsp\u016bding\u0105 mar\u0161rut\u0105 su tuneliu, stotimi, \u017eenklais ir fig\u016br\u0117l\u0117mis.<\/p>\n<p>Eil\u0117 takeliuose juda automati\u0161kai\u00a0\u2013 tiesiog \u012fjunkite varikl\u012f, kad traukinys prad\u0117t\u0173 va\u017eiuoti visu mar\u0161rutu!<\/p>\n<p>Raksturojums:<\/p>\n<p> \t&#8211; Preki\u0173 skai\u010dius: 76 vnt<br \/>\n \t&#8211; Matmenys surinkus:\u00a0apie 95 \u00d7 78 \u00d7 16 cm<br \/>\n \t&#8211; Lokomotyv\u0173 galia:\u00a0baterijos (nepridedamos)<br \/>\n \t&#8211; Stilius:\u00a0retro\/klasikinis<br \/>\n \t&#8211; Lengvas b\u0117gi\u0173 ir komponent\u0173 montavimas<br \/>\n \t&#8211; Kokybi\u0161kas apdirbimas ir detal\u0117s tikrovi\u0161kam \u012fvaizd\u017eiui<br \/>\n \t&#8211; Puiki dovana ma\u017eiems traukini\u0173 ir modeli\u0173 myl\u0117tojams<\/p>\n<p>Nustatyti turin\u012f:<\/p>\n<p> \t&#8211; Elektrinis lokomotyvas + 2 vagonai<br \/>\n \t&#8211; Viso ilgio takeliai dideliam i\u0161d\u0117stymui sukurti (95 \u00d7 78 cm)<br \/>\n \t&#8211; Bok\u0161telio kaln\u0173 tunelis<br \/>\n \t&#8211; Gele\u017einkelio ir kelio \u017eenklai<br \/>\n \t&#8211; Med\u017eiai ir dekoratyviniai elementai<br \/>\n \t&#8211; Fig\u016br\u0117l\u0117s ir aksesuarai dekoracij\u0173 statybai<br \/>\n \t&#8211; Surinkimo instrukcijos<\/p>","protected":false},"excerpt":{"rendered":"<p>Paimkite savo vaik\u0105 \u012f stebukling\u0105 gele\u017einkeli\u0173 pasaul\u012f su unikalia patirtimi\u00a0Elektrinis retro gele\u017einkelis! Tai ne tik \u017eaislas, bet ir tikras nuotykis<\/p>","protected":false},"featured_media":80630,"template":"","meta":{"_acf_changed":false,"_glsr_average":0,"_glsr_ranking":0,"_glsr_reviews":0},"product_brand":[],"product_cat":[448,229],"product_tag":[],"class_list":{"0":"post-80628","1":"product","2":"type-product","3":"status-publish","4":"has-post-thumbnail","6":"product_cat-automobiliai-ir-transportas","7":"product_cat-zaislai-vaikams","8":"\"style=\"background-color: #2ecc711c;\"","10":"first","11":"instock","12":"purchasable","13":"product-type-simple"},"acf":[],"yoast_head":"<!-- This site is optimized with the Yoast SEO plugin v27.4 - https:\/\/yoast.com\/product\/yoast-seo-wordpress\/ -->\n<title>WOOPIE elektrinis traukinio b\u0117gi\u0173 kelias Retro Ciuchcia lokomotyvas + 2 vagonai \u2013 76 vnt. rinkinys.<\/title>\n<meta name=\"description\" content=\"WOOPIE elektrinis traukinio b\u0117gi\u0173 kelias Retro Ciuchcia lokomotyvas + 2 vagonai \u2013 76 vnt. rinkinys. - KidsPlay. Did\u017eiausias vaik\u0173 \u017eaisl\u0173 pasirinkimas.\" \/>\n<meta name=\"robots\" content=\"index, follow, max-snippet:-1, max-image-preview:large, max-video-preview:-1\" \/>\n<link rel=\"canonical\" href=\"https:\/\/kidsplay.lt\/lv\/products\/woopie-elektrinis-traukinio-begiu-kelias-retro-ciuchcia-lokomotyvas-2-vagonai-76-vnt-rinkinys\/\" \/>\n<meta property=\"og:locale\" content=\"lv_LV\" \/>\n<meta property=\"og:type\" content=\"article\" \/>\n<meta property=\"og:title\" content=\"WOOPIE elektrinis traukinio b\u0117gi\u0173 kelias Retro Ciuchcia lokomotyvas + 2 vagonai \u2013 76 vnt. rinkinys.\" \/>\n<meta property=\"og:description\" content=\"WOOPIE elektrinis traukinio b\u0117gi\u0173 kelias Retro Ciuchcia lokomotyvas + 2 vagonai \u2013 76 vnt. rinkinys. - KidsPlay. Did\u017eiausias vaik\u0173 \u017eaisl\u0173 pasirinkimas.\" \/>\n<meta property=\"og:url\" content=\"https:\/\/kidsplay.lt\/lv\/products\/woopie-elektrinis-traukinio-begiu-kelias-retro-ciuchcia-lokomotyvas-2-vagonai-76-vnt-rinkinys\/\" \/>\n<meta property=\"og:site_name\" content=\"KidsPlay\" \/>\n<meta property=\"article:publisher\" content=\"https:\/\/www.facebook.com\/www.kidsplay.lt\" \/>\n<meta property=\"article:modified_time\" content=\"2026-04-13T11:17:38+00:00\" \/>\n<meta property=\"og:image\" content=\"https:\/\/kidsplay.lt\/wp-content\/uploads\/2025\/11\/WOOPIE-elektrinis-traukinio-begiu-kelias-Retro-Ciuchcia-lokomotyvas-2-vagonai-\u2013-76-vnt.-rinkinys.jpg\" \/>\n\t<meta property=\"og:image:width\" content=\"1000\" \/>\n\t<meta property=\"og:image:height\" content=\"1000\" \/>\n\t<meta property=\"og:image:type\" content=\"image\/jpeg\" \/>\n<meta name=\"twitter:card\" content=\"summary_large_image\" \/>\n<meta name=\"twitter:label1\" content=\"Est. reading time\" \/>\n\t<meta name=\"twitter:data1\" content=\"1 min\u016bte\" \/>\n<script type=\"application\/ld+json\" class=\"yoast-schema-graph\">{\"@context\":\"https:\\\/\\\/schema.org\",\"@graph\":[{\"@type\":\"WebPage\",\"@id\":\"https:\\\/\\\/kidsplay.lt\\\/produktas\\\/woopie-elektrinis-traukinio-begiu-kelias-retro-ciuchcia-lokomotyvas-2-vagonai-76-vnt-rinkinys\\\/\",\"url\":\"https:\\\/\\\/kidsplay.lt\\\/produktas\\\/woopie-elektrinis-traukinio-begiu-kelias-retro-ciuchcia-lokomotyvas-2-vagonai-76-vnt-rinkinys\\\/\",\"name\":\"WOOPIE elektrinis traukinio b\u0117gi\u0173 kelias Retro Ciuchcia lokomotyvas + 2 vagonai \u2013 76 vnt. rinkinys.\",\"isPartOf\":{\"@id\":\"https:\\\/\\\/kidsplay.lt\\\/#website\"},\"primaryImageOfPage\":{\"@id\":\"https:\\\/\\\/kidsplay.lt\\\/produktas\\\/woopie-elektrinis-traukinio-begiu-kelias-retro-ciuchcia-lokomotyvas-2-vagonai-76-vnt-rinkinys\\\/#primaryimage\"},\"image\":{\"@id\":\"https:\\\/\\\/kidsplay.lt\\\/produktas\\\/woopie-elektrinis-traukinio-begiu-kelias-retro-ciuchcia-lokomotyvas-2-vagonai-76-vnt-rinkinys\\\/#primaryimage\"},\"thumbnailUrl\":\"https:\\\/\\\/kidsplay.lt\\\/wp-content\\\/uploads\\\/2025\\\/11\\\/WOOPIE-elektrinis-traukinio-begiu-kelias-Retro-Ciuchcia-lokomotyvas-2-vagonai-\u2013-76-vnt.-rinkinys.jpg\",\"datePublished\":\"2025-11-23T11:47:27+00:00\",\"dateModified\":\"2026-04-13T11:17:38+00:00\",\"description\":\"WOOPIE elektrinis traukinio b\u0117gi\u0173 kelias Retro Ciuchcia lokomotyvas + 2 vagonai \u2013 76 vnt. rinkinys. - KidsPlay. Did\u017eiausias vaik\u0173 \u017eaisl\u0173 pasirinkimas.\",\"breadcrumb\":{\"@id\":\"https:\\\/\\\/kidsplay.lt\\\/produktas\\\/woopie-elektrinis-traukinio-begiu-kelias-retro-ciuchcia-lokomotyvas-2-vagonai-76-vnt-rinkinys\\\/#breadcrumb\"},\"inLanguage\":\"lv-LV\",\"potentialAction\":[{\"@type\":\"ReadAction\",\"target\":[\"https:\\\/\\\/kidsplay.lt\\\/produktas\\\/woopie-elektrinis-traukinio-begiu-kelias-retro-ciuchcia-lokomotyvas-2-vagonai-76-vnt-rinkinys\\\/\"]}]},{\"@type\":\"ImageObject\",\"inLanguage\":\"lv-LV\",\"@id\":\"https:\\\/\\\/kidsplay.lt\\\/produktas\\\/woopie-elektrinis-traukinio-begiu-kelias-retro-ciuchcia-lokomotyvas-2-vagonai-76-vnt-rinkinys\\\/#primaryimage\",\"url\":\"https:\\\/\\\/kidsplay.lt\\\/wp-content\\\/uploads\\\/2025\\\/11\\\/WOOPIE-elektrinis-traukinio-begiu-kelias-Retro-Ciuchcia-lokomotyvas-2-vagonai-\u2013-76-vnt.-rinkinys.jpg\",\"contentUrl\":\"https:\\\/\\\/kidsplay.lt\\\/wp-content\\\/uploads\\\/2025\\\/11\\\/WOOPIE-elektrinis-traukinio-begiu-kelias-Retro-Ciuchcia-lokomotyvas-2-vagonai-\u2013-76-vnt.-rinkinys.jpg\",\"width\":1000,\"height\":1000,\"caption\":\"WOOPIE elektrinis traukinio b\u0117gi\u0173 kelias Retro Ciuchcia lokomotyvas + 2 vagonai \u2013 76 vnt. rinkinys.\"},{\"@type\":\"BreadcrumbList\",\"@id\":\"https:\\\/\\\/kidsplay.lt\\\/produktas\\\/woopie-elektrinis-traukinio-begiu-kelias-retro-ciuchcia-lokomotyvas-2-vagonai-76-vnt-rinkinys\\\/#breadcrumb\",\"itemListElement\":[{\"@type\":\"ListItem\",\"position\":1,\"name\":\"Pagrindinis\",\"item\":\"https:\\\/\\\/kidsplay.lt\\\/\"},{\"@type\":\"ListItem\",\"position\":2,\"name\":\"Parduotuv\u0117\",\"item\":\"https:\\\/\\\/kidsplay.lt\\\/parduotuve\\\/\"},{\"@type\":\"ListItem\",\"position\":3,\"name\":\"WOOPIE elektrinis traukinio b\u0117gi\u0173 kelias Retro Ciuchcia lokomotyvas + 2 vagonai \u2013 76 vnt. rinkinys.\"}]},{\"@type\":\"WebSite\",\"@id\":\"https:\\\/\\\/kidsplay.lt\\\/#website\",\"url\":\"https:\\\/\\\/kidsplay.lt\\\/\",\"name\":\"Kidsplay.lt\",\"description\":\"\u012evairios prek\u0117s vaikams\",\"publisher\":{\"@id\":\"https:\\\/\\\/kidsplay.lt\\\/#organization\"},\"alternateName\":\"Kidsplay\",\"potentialAction\":[{\"@type\":\"SearchAction\",\"target\":{\"@type\":\"EntryPoint\",\"urlTemplate\":\"https:\\\/\\\/kidsplay.lt\\\/?s={search_term_string}\"},\"query-input\":{\"@type\":\"PropertyValueSpecification\",\"valueRequired\":true,\"valueName\":\"search_term_string\"}}],\"inLanguage\":\"lv-LV\"},{\"@type\":\"Organization\",\"@id\":\"https:\\\/\\\/kidsplay.lt\\\/#organization\",\"name\":\"KidsPlay\",\"url\":\"https:\\\/\\\/kidsplay.lt\\\/\",\"logo\":{\"@type\":\"ImageObject\",\"inLanguage\":\"lv-LV\",\"@id\":\"https:\\\/\\\/kidsplay.lt\\\/#\\\/schema\\\/logo\\\/image\\\/\",\"url\":\"https:\\\/\\\/kidsplay.lt\\\/wp-content\\\/uploads\\\/2023\\\/07\\\/kidsplay-logo.png\",\"contentUrl\":\"https:\\\/\\\/kidsplay.lt\\\/wp-content\\\/uploads\\\/2023\\\/07\\\/kidsplay-logo.png\",\"width\":451,\"height\":98,\"caption\":\"KidsPlay\"},\"image\":{\"@id\":\"https:\\\/\\\/kidsplay.lt\\\/#\\\/schema\\\/logo\\\/image\\\/\"},\"sameAs\":[\"https:\\\/\\\/www.facebook.com\\\/www.kidsplay.lt\"]}]}<\/script>\n<!-- \/ Yoast SEO plugin. -->","yoast_head_json":{"title":"WOOPIE elektrisk\u0101 vilciena slie\u017eu ce\u013c\u0161 Retro Ciuchcia lokomot\u012bve + 2 vagoni \u2013 76 gab. komplekts.","description":"WOOPIE elektrinis traukinio b\u0117gi\u0173 kelias Retro Ciuchcia lokomotyvas + 2 vagonai \u2013 76 vnt. rinkinys. - KidsPlay. Did\u017eiausias vaik\u0173 \u017eaisl\u0173 pasirinkimas.","robots":{"index":"index","follow":"follow","max-snippet":"max-snippet:-1","max-image-preview":"max-image-preview:large","max-video-preview":"max-video-preview:-1"},"canonical":"https:\/\/kidsplay.lt\/lv\/products\/woopie-elektrinis-traukinio-begiu-kelias-retro-ciuchcia-lokomotyvas-2-vagonai-76-vnt-rinkinys\/","og_locale":"lv_LV","og_type":"article","og_title":"WOOPIE elektrinis traukinio b\u0117gi\u0173 kelias Retro Ciuchcia lokomotyvas + 2 vagonai \u2013 76 vnt. rinkinys.","og_description":"WOOPIE elektrinis traukinio b\u0117gi\u0173 kelias Retro Ciuchcia lokomotyvas + 2 vagonai \u2013 76 vnt. rinkinys. - KidsPlay. Did\u017eiausias vaik\u0173 \u017eaisl\u0173 pasirinkimas.","og_url":"https:\/\/kidsplay.lt\/lv\/products\/woopie-elektrinis-traukinio-begiu-kelias-retro-ciuchcia-lokomotyvas-2-vagonai-76-vnt-rinkinys\/","og_site_name":"KidsPlay","article_publisher":"https:\/\/www.facebook.com\/www.kidsplay.lt","article_modified_time":"2026-04-13T11:17:38+00:00","og_image":[{"width":1000,"height":1000,"url":"https:\/\/kidsplay.lt\/wp-content\/uploads\/2025\/11\/WOOPIE-elektrinis-traukinio-begiu-kelias-Retro-Ciuchcia-lokomotyvas-2-vagonai-\u2013-76-vnt.-rinkinys.jpg","type":"image\/jpeg"}],"twitter_card":"summary_large_image","twitter_misc":{"Est. reading time":"1 min\u016bte"},"schema":{"@context":"https:\/\/schema.org","@graph":[{"@type":"WebPage","@id":"https:\/\/kidsplay.lt\/produktas\/woopie-elektrinis-traukinio-begiu-kelias-retro-ciuchcia-lokomotyvas-2-vagonai-76-vnt-rinkinys\/","url":"https:\/\/kidsplay.lt\/produktas\/woopie-elektrinis-traukinio-begiu-kelias-retro-ciuchcia-lokomotyvas-2-vagonai-76-vnt-rinkinys\/","name":"WOOPIE elektrisk\u0101 vilciena slie\u017eu ce\u013c\u0161 Retro Ciuchcia lokomot\u012bve + 2 vagoni \u2013 76 gab. komplekts.","isPartOf":{"@id":"https:\/\/kidsplay.lt\/#website"},"primaryImageOfPage":{"@id":"https:\/\/kidsplay.lt\/produktas\/woopie-elektrinis-traukinio-begiu-kelias-retro-ciuchcia-lokomotyvas-2-vagonai-76-vnt-rinkinys\/#primaryimage"},"image":{"@id":"https:\/\/kidsplay.lt\/produktas\/woopie-elektrinis-traukinio-begiu-kelias-retro-ciuchcia-lokomotyvas-2-vagonai-76-vnt-rinkinys\/#primaryimage"},"thumbnailUrl":"https:\/\/kidsplay.lt\/wp-content\/uploads\/2025\/11\/WOOPIE-elektrinis-traukinio-begiu-kelias-Retro-Ciuchcia-lokomotyvas-2-vagonai-\u2013-76-vnt.-rinkinys.jpg","datePublished":"2025-11-23T11:47:27+00:00","dateModified":"2026-04-13T11:17:38+00:00","description":"WOOPIE elektrinis traukinio b\u0117gi\u0173 kelias Retro Ciuchcia lokomotyvas + 2 vagonai \u2013 76 vnt. rinkinys. - KidsPlay. Did\u017eiausias vaik\u0173 \u017eaisl\u0173 pasirinkimas.","breadcrumb":{"@id":"https:\/\/kidsplay.lt\/produktas\/woopie-elektrinis-traukinio-begiu-kelias-retro-ciuchcia-lokomotyvas-2-vagonai-76-vnt-rinkinys\/#breadcrumb"},"inLanguage":"lv-LV","potentialAction":[{"@type":"ReadAction","target":["https:\/\/kidsplay.lt\/produktas\/woopie-elektrinis-traukinio-begiu-kelias-retro-ciuchcia-lokomotyvas-2-vagonai-76-vnt-rinkinys\/"]}]},{"@type":"ImageObject","inLanguage":"lv-LV","@id":"https:\/\/kidsplay.lt\/produktas\/woopie-elektrinis-traukinio-begiu-kelias-retro-ciuchcia-lokomotyvas-2-vagonai-76-vnt-rinkinys\/#primaryimage","url":"https:\/\/kidsplay.lt\/wp-content\/uploads\/2025\/11\/WOOPIE-elektrinis-traukinio-begiu-kelias-Retro-Ciuchcia-lokomotyvas-2-vagonai-\u2013-76-vnt.-rinkinys.jpg","contentUrl":"https:\/\/kidsplay.lt\/wp-content\/uploads\/2025\/11\/WOOPIE-elektrinis-traukinio-begiu-kelias-Retro-Ciuchcia-lokomotyvas-2-vagonai-\u2013-76-vnt.-rinkinys.jpg","width":1000,"height":1000,"caption":"WOOPIE elektrinis traukinio b\u0117gi\u0173 kelias Retro Ciuchcia lokomotyvas + 2 vagonai \u2013 76 vnt. rinkinys."},{"@type":"BreadcrumbList","@id":"https:\/\/kidsplay.lt\/produktas\/woopie-elektrinis-traukinio-begiu-kelias-retro-ciuchcia-lokomotyvas-2-vagonai-76-vnt-rinkinys\/#breadcrumb","itemListElement":[{"@type":"ListItem","position":1,"name":"Pagrindinis","item":"https:\/\/kidsplay.lt\/"},{"@type":"ListItem","position":2,"name":"Parduotuv\u0117","item":"https:\/\/kidsplay.lt\/parduotuve\/"},{"@type":"ListItem","position":3,"name":"WOOPIE elektrinis traukinio b\u0117gi\u0173 kelias Retro Ciuchcia lokomotyvas + 2 vagonai \u2013 76 vnt. rinkinys."}]},{"@type":"WebSite","@id":"https:\/\/kidsplay.lt\/#website","url":"https:\/\/kidsplay.lt\/","name":"B\u0113rnu sp\u0113les.lv","description":"\u012evairios prek\u0117s vaikams","publisher":{"@id":"https:\/\/kidsplay.lt\/#organization"},"alternateName":"Kidsplay","potentialAction":[{"@type":"SearchAction","target":{"@type":"EntryPoint","urlTemplate":"https:\/\/kidsplay.lt\/?s={search_term_string}"},"query-input":{"@type":"PropertyValueSpecification","valueRequired":true,"valueName":"search_term_string"}}],"inLanguage":"lv-LV"},{"@type":"Organization","@id":"https:\/\/kidsplay.lt\/#organization","name":"B\u0113rnu sp\u0113le","url":"https:\/\/kidsplay.lt\/","logo":{"@type":"ImageObject","inLanguage":"lv-LV","@id":"https:\/\/kidsplay.lt\/#\/schema\/logo\/image\/","url":"https:\/\/kidsplay.lt\/wp-content\/uploads\/2023\/07\/kidsplay-logo.png","contentUrl":"https:\/\/kidsplay.lt\/wp-content\/uploads\/2023\/07\/kidsplay-logo.png","width":451,"height":98,"caption":"KidsPlay"},"image":{"@id":"https:\/\/kidsplay.lt\/#\/schema\/logo\/image\/"},"sameAs":["https:\/\/www.facebook.com\/www.kidsplay.lt"]}]}},"_links":{"self":[{"href":"https:\/\/kidsplay.lt\/lv\/wp-json\/wp\/v2\/product\/80628","targetHints":{"allow":["GET"]}}],"collection":[{"href":"https:\/\/kidsplay.lt\/lv\/wp-json\/wp\/v2\/product"}],"about":[{"href":"https:\/\/kidsplay.lt\/lv\/wp-json\/wp\/v2\/types\/product"}],"version-history":[{"count":1,"href":"https:\/\/kidsplay.lt\/lv\/wp-json\/wp\/v2\/product\/80628\/revisions"}],"predecessor-version":[{"id":80629,"href":"https:\/\/kidsplay.lt\/lv\/wp-json\/wp\/v2\/product\/80628\/revisions\/80629"}],"wp:featuredmedia":[{"embeddable":true,"href":"https:\/\/kidsplay.lt\/lv\/wp-json\/wp\/v2\/media\/80630"}],"wp:attachment":[{"href":"https:\/\/kidsplay.lt\/lv\/wp-json\/wp\/v2\/media?parent=80628"}],"wp:term":[{"taxonomy":"product_brand","embeddable":true,"href":"https:\/\/kidsplay.lt\/lv\/wp-json\/wp\/v2\/product_brand?post=80628"},{"taxonomy":"product_cat","embeddable":true,"href":"https:\/\/kidsplay.lt\/lv\/wp-json\/wp\/v2\/product_cat?post=80628"},{"taxonomy":"product_tag","embeddable":true,"href":"https:\/\/kidsplay.lt\/lv\/wp-json\/wp\/v2\/product_tag?post=80628"}],"curies":[{"name":"wp","href":"https:\/\/api.w.org\/{rel}","templated":true}]}}