{"id":80867,"date":"2025-11-24T13:20:56","date_gmt":"2025-11-24T11:20:56","guid":{"rendered":"https:\/\/kidsplay.lt\/?post_type=product&#038;p=80867"},"modified":"2025-12-30T10:13:23","modified_gmt":"2025-12-30T08:13:23","slug":"labubu-zimono-pliusinis-zaislas-25cm","status":"publish","type":"product","link":"https:\/\/kidsplay.lt\/lv\/products\/labubu-zimono-pliusinis-zaislas-25cm\/","title":{"rendered":"Labubu zimono pliu\u0161inis \u017eaislas 25cm"},"content":{"rendered":"<div class=\"mpof_ki myre_zn myre_8v_l m389_6m_l\">\n<div class=\"mp4t_16_s mryx_16_s mr3m_1 mli2_1 mh85_56 mh85_0_l\">\n<div class=\"mgn2_16 _0d3bd_am0a-\">\n<p><span dir=\"auto\">DIDELIS MASKOTAS LABUBU LA BUBU ZIMONO PLIUSINIS \u017dAISLAS 25cm rudas<\/span><\/p>\n<\/div>\n<\/div>\n<\/div>\n<div class=\"mpof_ki myre_zn myre_8v_l m389_6m_l\">\n<div class=\"mp4t_16_s mryx_16_s mr3m_1 mli2_1 mh85_56 mh85_0_l\">\n<div class=\"mg9e_8 mj7a_8 mg9e_0_s mvrt_0_s mj7a_0_s mh36_0_s mzmg_6m munh_16_l m3h2_16_l\">\n<div class=\"mp4t_0 mryx_0 munh_56 m3h2_56\">\n<div class=\"mp7g_oh\"><button class=\"mg9e_0 mvrt_0 mj7a_0 mh36_0 mp4t_0 m3h2_0 mryx_0 munh_0 mqen_m6 mpof_z0 mx7m_0 m7er_k4 mse2_k4 msts_pt\" data-analytics-interaction=\"true\" data-analytics-interaction-label=\"zoomable-image-open\" aria-disabled=\"true\"><img decoding=\"async\" class=\"msub_k4 mupj_5k mjru_k4 mse2_k4 mp7g_f6 mq1m_0 mj7u_0 m7er_k4 mqen_m6 m31c_d8 m0ux_fp lazyloaded\" src=\"https:\/\/a.allegroimg.com\/original\/111e5a\/f7c7ccad41caaf4fd6c8b8663c8b\/DUZA-MASKOTKA-DUZY-PLUSZAK-LABUBU-LA-BUBU-ZIMONO-25CM-brazowa\" sizes=\"100vw\" srcset=\"https:\/\/a.allegroimg.com\/s360\/111e5a\/f7c7ccad41caaf4fd6c8b8663c8b\/DUZA-MASKOTKA-DUZY-PLUSZAK-LABUBU-LA-BUBU-ZIMONO-25CM-brazowa 360w,https:\/\/a.allegroimg.com\/s720\/111e5a\/f7c7ccad41caaf4fd6c8b8663c8b\/DUZA-MASKOTKA-DUZY-PLUSZAK-LABUBU-LA-BUBU-ZIMONO-25CM-brazowa 720w,https:\/\/a.allegroimg.com\/s1024\/111e5a\/f7c7ccad41caaf4fd6c8b8663c8b\/DUZA-MASKOTKA-DUZY-PLUSZAK-LABUBU-LA-BUBU-ZIMONO-25CM-brazowa 1024w,https:\/\/a.allegroimg.com\/s1440\/111e5a\/f7c7ccad41caaf4fd6c8b8663c8b\/DUZA-MASKOTKA-DUZY-PLUSZAK-LABUBU-LA-BUBU-ZIMONO-25CM-brazowa 1440w,https:\/\/a.allegroimg.com\/original\/111e5a\/f7c7ccad41caaf4fd6c8b8663c8b\/DUZA-MASKOTKA-DUZY-PLUSZAK-LABUBU-LA-BUBU-ZIMONO-25CM-brazowa 2000w\" alt=\"DIDELIS MASKOTAS LABUBU LA BUBU ZIMONO PLIUSINIS \u017dAISLAS 25cm rudas\" width=\"2000px\" data-srcset=\"\" \/><\/button><\/div>\n<\/div>\n<\/div>\n<\/div>\n<\/div>\n<div class=\"mpof_ki myre_zn myre_8v_l m389_6m_l\">\n<div class=\"mp4t_16_s mryx_16_s mr3m_1 mli2_1 mh85_56 mh85_0_l\">\n<div class=\"mg9e_8 mj7a_8 mg9e_0_s mvrt_0_s mj7a_0_s mh36_0_s mzmg_6m munh_16_l m3h2_16_l\">\n<div class=\"mp4t_0 mryx_0 munh_56 m3h2_56\">\n<div class=\"mp7g_oh\"><button class=\"mg9e_0 mvrt_0 mj7a_0 mh36_0 mp4t_0 m3h2_0 mryx_0 munh_0 mqen_m6 mpof_z0 mx7m_0 m7er_k4 mse2_k4 msts_pt\" data-analytics-interaction=\"true\" data-analytics-interaction-label=\"zoomable-image-open\" aria-disabled=\"true\"><img decoding=\"async\" class=\"msub_k4 mupj_5k mjru_k4 mse2_k4 mp7g_f6 mq1m_0 mj7u_0 m7er_k4 mqen_m6 m31c_d8 m0ux_fp lazyloaded\" src=\"https:\/\/a.allegroimg.com\/original\/1161d7\/baa28a134bf3a70d0df01cb33c63\/DUZA-MASKOTKA-DUZY-PLUSZAK-LABUBU-LA-BUBU-ZIMONO-25CM-brazowa-Kod-producenta-5445-3\" sizes=\"(min-width: 1200px) 560px, (min-width: 992px) 50vw, 100vw\" srcset=\"https:\/\/a.allegroimg.com\/s360\/1161d7\/baa28a134bf3a70d0df01cb33c63\/DUZA-MASKOTKA-DUZY-PLUSZAK-LABUBU-LA-BUBU-ZIMONO-25CM-brazowa-Kod-producenta-5445-3 360w,https:\/\/a.allegroimg.com\/s720\/1161d7\/baa28a134bf3a70d0df01cb33c63\/DUZA-MASKOTKA-DUZY-PLUSZAK-LABUBU-LA-BUBU-ZIMONO-25CM-brazowa-Kod-producenta-5445-3 720w,https:\/\/a.allegroimg.com\/s1024\/1161d7\/baa28a134bf3a70d0df01cb33c63\/DUZA-MASKOTKA-DUZY-PLUSZAK-LABUBU-LA-BUBU-ZIMONO-25CM-brazowa-Kod-producenta-5445-3 1024w,https:\/\/a.allegroimg.com\/s1440\/1161d7\/baa28a134bf3a70d0df01cb33c63\/DUZA-MASKOTKA-DUZY-PLUSZAK-LABUBU-LA-BUBU-ZIMONO-25CM-brazowa-Kod-producenta-5445-3 1440w,https:\/\/a.allegroimg.com\/original\/1161d7\/baa28a134bf3a70d0df01cb33c63\/DUZA-MASKOTKA-DUZY-PLUSZAK-LABUBU-LA-BUBU-ZIMONO-25CM-brazowa-Kod-producenta-5445-3 2000w\" alt=\"DIDELIS TALISMANAS LABUBU LA BUBU ZIMONO PLIU\u0160INIS \u017dAISL\u0116LIS 25CM rudas Gamintojo kodas 5445-3\" width=\"2000px\" data-srcset=\"\" \/><\/button><\/div>\n<\/div>\n<\/div>\n<\/div>\n<div class=\"mp4t_16_s mryx_16_s mr3m_1 mli2_1 mh85_56 mh85_0_l\">\n<div class=\"mgn2_16 _0d3bd_am0a-\">\n<p><span dir=\"auto\">\u017davingas s\u0117dimos versijos \u201eLabubu\u201c pliu\u0161inis \u017eaislas yra unikalus pliu\u0161inis \u017eaislas, kuriame dera originalus dizainas ir klasikinio pliu\u0161inio \u017eaislo mink\u0161tumas. Pagamintas i\u0161 mink\u0161to, malonaus liesti pliu\u0161o, jis \u017eavi savo unikaliomis veido i\u0161rai\u0161komis ir i\u0161skirtiniu stiliumi.<\/span><\/p>\n<p><span dir=\"auto\">Pliu\u0161inis \u017eaislas yra s\u0117din\u010dio zuikio formos su didel\u0117mis, i\u0161rai\u0161kingomis \u0161irdies formos akimis, rausvais skruostais ir pla\u010dia \u0161ypsena. Apsireng\u0119s p\u016bkuotu, kremin\u0117s spalvos kostiumu su ilgomis ausimis ir papuo\u0161tas rausvu kaspinu bei medalionu, jis atrodo ne\u012ftik\u0117tinai mielai ir \u012fsp\u016bdingai.<\/span><\/p>\n<p><span dir=\"auto\">Produkto savyb\u0117s:<\/span><\/p>\n<ul>\n<li><span dir=\"auto\">Matmenys: apie 25 \u00d7 15 cm<\/span><\/li>\n<li><span dir=\"auto\">Med\u017eiaga: mink\u0161tas pliu\u0161as + vinilo elementai<\/span><\/li>\n<li><span dir=\"auto\">Subtilus ir malonus liesti<\/span><\/li>\n<li><span dir=\"auto\">Puikiai tinka kolekcijai, kaip dekoracija ar dovana<\/span><\/li>\n<\/ul>\n<p><span dir=\"auto\">Tai talismanas, kuris traukia ak\u012f ir sukelia \u0161ypsen\u0105 \u2013 puikiai tinka originali\u0173, dizaineri\u0173 kurt\u0173 \u017eaisl\u0173 ir kolekcini\u0173 fig\u016br\u0117li\u0173 gerb\u0117jams.<\/span><\/p>\n<\/div>\n<\/div>\n<\/div>","protected":false},"excerpt":{"rendered":"<p><span dir=\"auto\">DIDELIS MASKOTAS LABUBU LA BUBU ZIMONO PLIUSINIS \u017dAISLAS 25cm rudas<\/span><\/p>","protected":false},"featured_media":80868,"template":"","meta":{"_acf_changed":false,"_glsr_average":0,"_glsr_ranking":0,"_glsr_reviews":0},"product_brand":[],"product_cat":[398,229],"product_tag":[],"class_list":{"0":"post-80867","1":"product","2":"type-product","3":"status-publish","4":"has-post-thumbnail","6":"product_cat-animaciniai-personazai","7":"product_cat-zaislai-vaikams","8":"\"style=\"background-color: #2ecc711c;\"","10":"first","11":"instock","12":"shipping-taxable","13":"purchasable","14":"product-type-simple"},"acf":[],"yoast_head":"<!-- This site is optimized with the Yoast SEO plugin v27.3 - https:\/\/yoast.com\/product\/yoast-seo-wordpress\/ -->\n<title>Labubu zimono pliu\u0161inis \u017eaislas 25cm - KidsPlay<\/title>\n<meta name=\"description\" content=\"Labubu zimono pliu\u0161inis \u017eaislas 25cm - KidsPlay. Did\u017eiausias vaik\u0173 \u017eaisl\u0173 pasirinkimas.\" \/>\n<meta name=\"robots\" content=\"index, follow, max-snippet:-1, max-image-preview:large, max-video-preview:-1\" \/>\n<link rel=\"canonical\" href=\"https:\/\/kidsplay.lt\/lv\/products\/labubu-zimono-pliusinis-zaislas-25cm\/\" \/>\n<meta property=\"og:locale\" content=\"lv_LV\" \/>\n<meta property=\"og:type\" content=\"article\" \/>\n<meta property=\"og:title\" content=\"Labubu zimono pliu\u0161inis \u017eaislas 25cm - KidsPlay\" \/>\n<meta property=\"og:description\" content=\"Labubu zimono pliu\u0161inis \u017eaislas 25cm - KidsPlay. Did\u017eiausias vaik\u0173 \u017eaisl\u0173 pasirinkimas.\" \/>\n<meta property=\"og:url\" content=\"https:\/\/kidsplay.lt\/lv\/products\/labubu-zimono-pliusinis-zaislas-25cm\/\" \/>\n<meta property=\"og:site_name\" content=\"KidsPlay\" \/>\n<meta property=\"article:publisher\" content=\"https:\/\/www.facebook.com\/www.kidsplay.lt\" \/>\n<meta property=\"article:modified_time\" content=\"2025-12-30T08:13:23+00:00\" \/>\n<meta property=\"og:image\" content=\"https:\/\/kidsplay.lt\/wp-content\/uploads\/2025\/11\/Screenshot_1082.png\" \/>\n\t<meta property=\"og:image:width\" content=\"411\" \/>\n\t<meta property=\"og:image:height\" content=\"493\" \/>\n\t<meta property=\"og:image:type\" content=\"image\/png\" \/>\n<meta name=\"twitter:card\" content=\"summary_large_image\" \/>\n<meta name=\"twitter:label1\" content=\"Est. reading time\" \/>\n\t<meta name=\"twitter:data1\" content=\"2 min\u016btes\" \/>\n<script type=\"application\/ld+json\" class=\"yoast-schema-graph\">{\"@context\":\"https:\\\/\\\/schema.org\",\"@graph\":[{\"@type\":\"WebPage\",\"@id\":\"https:\\\/\\\/kidsplay.lt\\\/produktas\\\/labubu-zimono-pliusinis-zaislas-25cm\\\/\",\"url\":\"https:\\\/\\\/kidsplay.lt\\\/produktas\\\/labubu-zimono-pliusinis-zaislas-25cm\\\/\",\"name\":\"Labubu zimono pliu\u0161inis \u017eaislas 25cm - KidsPlay\",\"isPartOf\":{\"@id\":\"https:\\\/\\\/kidsplay.lt\\\/#website\"},\"primaryImageOfPage\":{\"@id\":\"https:\\\/\\\/kidsplay.lt\\\/produktas\\\/labubu-zimono-pliusinis-zaislas-25cm\\\/#primaryimage\"},\"image\":{\"@id\":\"https:\\\/\\\/kidsplay.lt\\\/produktas\\\/labubu-zimono-pliusinis-zaislas-25cm\\\/#primaryimage\"},\"thumbnailUrl\":\"https:\\\/\\\/kidsplay.lt\\\/wp-content\\\/uploads\\\/2025\\\/11\\\/Screenshot_1082.png\",\"datePublished\":\"2025-11-24T11:20:56+00:00\",\"dateModified\":\"2025-12-30T08:13:23+00:00\",\"description\":\"Labubu zimono pliu\u0161inis \u017eaislas 25cm - KidsPlay. Did\u017eiausias vaik\u0173 \u017eaisl\u0173 pasirinkimas.\",\"breadcrumb\":{\"@id\":\"https:\\\/\\\/kidsplay.lt\\\/produktas\\\/labubu-zimono-pliusinis-zaislas-25cm\\\/#breadcrumb\"},\"inLanguage\":\"lv-LV\",\"potentialAction\":[{\"@type\":\"ReadAction\",\"target\":[\"https:\\\/\\\/kidsplay.lt\\\/produktas\\\/labubu-zimono-pliusinis-zaislas-25cm\\\/\"]}]},{\"@type\":\"ImageObject\",\"inLanguage\":\"lv-LV\",\"@id\":\"https:\\\/\\\/kidsplay.lt\\\/produktas\\\/labubu-zimono-pliusinis-zaislas-25cm\\\/#primaryimage\",\"url\":\"https:\\\/\\\/kidsplay.lt\\\/wp-content\\\/uploads\\\/2025\\\/11\\\/Screenshot_1082.png\",\"contentUrl\":\"https:\\\/\\\/kidsplay.lt\\\/wp-content\\\/uploads\\\/2025\\\/11\\\/Screenshot_1082.png\",\"width\":411,\"height\":493},{\"@type\":\"BreadcrumbList\",\"@id\":\"https:\\\/\\\/kidsplay.lt\\\/produktas\\\/labubu-zimono-pliusinis-zaislas-25cm\\\/#breadcrumb\",\"itemListElement\":[{\"@type\":\"ListItem\",\"position\":1,\"name\":\"Pagrindinis\",\"item\":\"https:\\\/\\\/kidsplay.lt\\\/\"},{\"@type\":\"ListItem\",\"position\":2,\"name\":\"Parduotuv\u0117\",\"item\":\"https:\\\/\\\/kidsplay.lt\\\/parduotuve\\\/\"},{\"@type\":\"ListItem\",\"position\":3,\"name\":\"Labubu zimono pliu\u0161inis \u017eaislas 25cm\"}]},{\"@type\":\"WebSite\",\"@id\":\"https:\\\/\\\/kidsplay.lt\\\/#website\",\"url\":\"https:\\\/\\\/kidsplay.lt\\\/\",\"name\":\"Kidsplay.lt\",\"description\":\"\u012evairios prek\u0117s vaikams\",\"publisher\":{\"@id\":\"https:\\\/\\\/kidsplay.lt\\\/#organization\"},\"alternateName\":\"Kidsplay\",\"potentialAction\":[{\"@type\":\"SearchAction\",\"target\":{\"@type\":\"EntryPoint\",\"urlTemplate\":\"https:\\\/\\\/kidsplay.lt\\\/?s={search_term_string}\"},\"query-input\":{\"@type\":\"PropertyValueSpecification\",\"valueRequired\":true,\"valueName\":\"search_term_string\"}}],\"inLanguage\":\"lv-LV\"},{\"@type\":\"Organization\",\"@id\":\"https:\\\/\\\/kidsplay.lt\\\/#organization\",\"name\":\"KidsPlay\",\"url\":\"https:\\\/\\\/kidsplay.lt\\\/\",\"logo\":{\"@type\":\"ImageObject\",\"inLanguage\":\"lv-LV\",\"@id\":\"https:\\\/\\\/kidsplay.lt\\\/#\\\/schema\\\/logo\\\/image\\\/\",\"url\":\"https:\\\/\\\/kidsplay.lt\\\/wp-content\\\/uploads\\\/2023\\\/07\\\/kidsplay-logo.png\",\"contentUrl\":\"https:\\\/\\\/kidsplay.lt\\\/wp-content\\\/uploads\\\/2023\\\/07\\\/kidsplay-logo.png\",\"width\":451,\"height\":98,\"caption\":\"KidsPlay\"},\"image\":{\"@id\":\"https:\\\/\\\/kidsplay.lt\\\/#\\\/schema\\\/logo\\\/image\\\/\"},\"sameAs\":[\"https:\\\/\\\/www.facebook.com\\\/www.kidsplay.lt\"]}]}<\/script>\n<!-- \/ Yoast SEO plugin. -->","yoast_head_json":{"title":"Labubu zimono pliu\u0161inis \u017eaislas 25cm - KidsPlay","description":"Labubu zimono pliu\u0161inis \u017eaislas 25cm - KidsPlay. Did\u017eiausias vaik\u0173 \u017eaisl\u0173 pasirinkimas.","robots":{"index":"index","follow":"follow","max-snippet":"max-snippet:-1","max-image-preview":"max-image-preview:large","max-video-preview":"max-video-preview:-1"},"canonical":"https:\/\/kidsplay.lt\/lv\/products\/labubu-zimono-pliusinis-zaislas-25cm\/","og_locale":"lv_LV","og_type":"article","og_title":"Labubu zimono pliu\u0161inis \u017eaislas 25cm - KidsPlay","og_description":"Labubu zimono pliu\u0161inis \u017eaislas 25cm - KidsPlay. Did\u017eiausias vaik\u0173 \u017eaisl\u0173 pasirinkimas.","og_url":"https:\/\/kidsplay.lt\/lv\/products\/labubu-zimono-pliusinis-zaislas-25cm\/","og_site_name":"KidsPlay","article_publisher":"https:\/\/www.facebook.com\/www.kidsplay.lt","article_modified_time":"2025-12-30T08:13:23+00:00","og_image":[{"width":411,"height":493,"url":"https:\/\/kidsplay.lt\/wp-content\/uploads\/2025\/11\/Screenshot_1082.png","type":"image\/png"}],"twitter_card":"summary_large_image","twitter_misc":{"Est. reading time":"2 min\u016btes"},"schema":{"@context":"https:\/\/schema.org","@graph":[{"@type":"WebPage","@id":"https:\/\/kidsplay.lt\/produktas\/labubu-zimono-pliusinis-zaislas-25cm\/","url":"https:\/\/kidsplay.lt\/produktas\/labubu-zimono-pliusinis-zaislas-25cm\/","name":"Labubu zimono pliu\u0161inis \u017eaislas 25cm - KidsPlay","isPartOf":{"@id":"https:\/\/kidsplay.lt\/#website"},"primaryImageOfPage":{"@id":"https:\/\/kidsplay.lt\/produktas\/labubu-zimono-pliusinis-zaislas-25cm\/#primaryimage"},"image":{"@id":"https:\/\/kidsplay.lt\/produktas\/labubu-zimono-pliusinis-zaislas-25cm\/#primaryimage"},"thumbnailUrl":"https:\/\/kidsplay.lt\/wp-content\/uploads\/2025\/11\/Screenshot_1082.png","datePublished":"2025-11-24T11:20:56+00:00","dateModified":"2025-12-30T08:13:23+00:00","description":"Labubu zimono pliu\u0161inis \u017eaislas 25cm - KidsPlay. Did\u017eiausias vaik\u0173 \u017eaisl\u0173 pasirinkimas.","breadcrumb":{"@id":"https:\/\/kidsplay.lt\/produktas\/labubu-zimono-pliusinis-zaislas-25cm\/#breadcrumb"},"inLanguage":"lv-LV","potentialAction":[{"@type":"ReadAction","target":["https:\/\/kidsplay.lt\/produktas\/labubu-zimono-pliusinis-zaislas-25cm\/"]}]},{"@type":"ImageObject","inLanguage":"lv-LV","@id":"https:\/\/kidsplay.lt\/produktas\/labubu-zimono-pliusinis-zaislas-25cm\/#primaryimage","url":"https:\/\/kidsplay.lt\/wp-content\/uploads\/2025\/11\/Screenshot_1082.png","contentUrl":"https:\/\/kidsplay.lt\/wp-content\/uploads\/2025\/11\/Screenshot_1082.png","width":411,"height":493},{"@type":"BreadcrumbList","@id":"https:\/\/kidsplay.lt\/produktas\/labubu-zimono-pliusinis-zaislas-25cm\/#breadcrumb","itemListElement":[{"@type":"ListItem","position":1,"name":"Pagrindinis","item":"https:\/\/kidsplay.lt\/"},{"@type":"ListItem","position":2,"name":"Parduotuv\u0117","item":"https:\/\/kidsplay.lt\/parduotuve\/"},{"@type":"ListItem","position":3,"name":"Labubu zimono pliu\u0161inis \u017eaislas 25cm"}]},{"@type":"WebSite","@id":"https:\/\/kidsplay.lt\/#website","url":"https:\/\/kidsplay.lt\/","name":"B\u0113rnu sp\u0113les.lv","description":"\u012evairios prek\u0117s vaikams","publisher":{"@id":"https:\/\/kidsplay.lt\/#organization"},"alternateName":"Kidsplay","potentialAction":[{"@type":"SearchAction","target":{"@type":"EntryPoint","urlTemplate":"https:\/\/kidsplay.lt\/?s={search_term_string}"},"query-input":{"@type":"PropertyValueSpecification","valueRequired":true,"valueName":"search_term_string"}}],"inLanguage":"lv-LV"},{"@type":"Organization","@id":"https:\/\/kidsplay.lt\/#organization","name":"B\u0113rnu sp\u0113le","url":"https:\/\/kidsplay.lt\/","logo":{"@type":"ImageObject","inLanguage":"lv-LV","@id":"https:\/\/kidsplay.lt\/#\/schema\/logo\/image\/","url":"https:\/\/kidsplay.lt\/wp-content\/uploads\/2023\/07\/kidsplay-logo.png","contentUrl":"https:\/\/kidsplay.lt\/wp-content\/uploads\/2023\/07\/kidsplay-logo.png","width":451,"height":98,"caption":"KidsPlay"},"image":{"@id":"https:\/\/kidsplay.lt\/#\/schema\/logo\/image\/"},"sameAs":["https:\/\/www.facebook.com\/www.kidsplay.lt"]}]}},"_links":{"self":[{"href":"https:\/\/kidsplay.lt\/lv\/wp-json\/wp\/v2\/product\/80867","targetHints":{"allow":["GET"]}}],"collection":[{"href":"https:\/\/kidsplay.lt\/lv\/wp-json\/wp\/v2\/product"}],"about":[{"href":"https:\/\/kidsplay.lt\/lv\/wp-json\/wp\/v2\/types\/product"}],"version-history":[{"count":1,"href":"https:\/\/kidsplay.lt\/lv\/wp-json\/wp\/v2\/product\/80867\/revisions"}],"predecessor-version":[{"id":80872,"href":"https:\/\/kidsplay.lt\/lv\/wp-json\/wp\/v2\/product\/80867\/revisions\/80872"}],"wp:featuredmedia":[{"embeddable":true,"href":"https:\/\/kidsplay.lt\/lv\/wp-json\/wp\/v2\/media\/80868"}],"wp:attachment":[{"href":"https:\/\/kidsplay.lt\/lv\/wp-json\/wp\/v2\/media?parent=80867"}],"wp:term":[{"taxonomy":"product_brand","embeddable":true,"href":"https:\/\/kidsplay.lt\/lv\/wp-json\/wp\/v2\/product_brand?post=80867"},{"taxonomy":"product_cat","embeddable":true,"href":"https:\/\/kidsplay.lt\/lv\/wp-json\/wp\/v2\/product_cat?post=80867"},{"taxonomy":"product_tag","embeddable":true,"href":"https:\/\/kidsplay.lt\/lv\/wp-json\/wp\/v2\/product_tag?post=80867"}],"curies":[{"name":"wp","href":"https:\/\/api.w.org\/{rel}","templated":true}]}}