{"id":81144,"date":"2025-11-30T15:14:18","date_gmt":"2025-11-30T13:14:18","guid":{"rendered":"https:\/\/kidsplay.lt\/?post_type=product&#038;p=81144"},"modified":"2025-12-16T08:19:33","modified_gmt":"2025-12-16T06:19:33","slug":"barbiu-5in1-leliu-komplektas","status":"publish","type":"product","link":"https:\/\/kidsplay.lt\/lv\/products\/barbiu-5in1-leliu-komplektas\/","title":{"rendered":"B\u0101rbija 5in1 le\u013c\u013cu komplekts"},"content":{"rendered":"<h2 data-start=\"71\" data-end=\"153\"><strong data-start=\"74\" data-end=\"153\">Barbi\u0173 5in1 l\u0117li\u0173 komplektas \u201eWoopie Royal\u201c \u2013 pasak\u0173 pasaulis tavo namuose!<\/strong><\/h2>\n<p data-start=\"155\" data-end=\"500\"><strong data-start=\"155\" data-end=\"213\">\u012esivaizduok magi\u0161k\u0105 pasaul\u012f su \u201eWoopie Royal\u201c l\u0117l\u0117mis!<\/strong><br data-start=\"213\" data-end=\"216\" \/>\u0160is 5 l\u0117li\u0173 rinkinys kvie\u010dia vaikus pasinerti \u012f pasak\u0173 nuotykius, lavinti k\u016brybi\u0161kum\u0105, vaizduot\u0119 bei socialinius \u012fg\u016bd\u017eius per vaidmen\u0173 \u017eaidimus. Kiekviena l\u0117l\u0117 turi unikal\u0173 stili\u0173, gra\u017eius aksesuarus ir judan\u010dias gal\u016bnes, kad ma\u017eieji gal\u0117t\u0173 kurti savo istorijas ir stiliaus nuotykius.<\/p>\n<h3 data-start=\"502\" data-end=\"527\"><strong data-start=\"506\" data-end=\"527\">Komplekta saturs:<\/strong><\/h3>\n<ol data-start=\"528\" data-end=\"1434\">\n<li data-start=\"528\" data-end=\"740\">\n<p data-start=\"531\" data-end=\"740\"><strong data-start=\"531\" data-end=\"560\">Emi l\u0117l\u0117 \u2013 f\u0117jos pasaulis<\/strong><br data-start=\"560\" data-end=\"563\" \/>\u2013 \u017davinga l\u0117l\u0117 su \u017evilgan\u010diais sparnais, pastelini\u0173 spalv\u0173 tiulio suknele ir aksesuarais. Lavina k\u016brybi\u0161kum\u0105 ir smulkiosios motorikos \u012fg\u016bd\u017eius.<br data-start=\"709\" data-end=\"712\" \/><strong data-start=\"715\" data-end=\"738\">Vaikams nuo 3 met\u0173.<\/strong><\/p>\n<\/li>\n<li data-start=\"742\" data-end=\"902\">\n<p data-start=\"745\" data-end=\"902\"><strong data-start=\"745\" data-end=\"773\">Lily \u2013 gra\u017eioji princes\u0117<\/strong><br data-start=\"773\" data-end=\"776\" \/>\u2013 Eleganti\u0161ka m\u0117lyna suknel\u0117, tiara ir karoliai, skatinantys vaidmen\u0173 \u017eaidim\u0105 ir pasakojim\u0105.<br data-start=\"871\" data-end=\"874\" \/><strong data-start=\"877\" data-end=\"900\">Vaikams nuo 3 met\u0173.<\/strong><\/p>\n<\/li>\n<li data-start=\"904\" data-end=\"1075\">\n<p data-start=\"907\" data-end=\"1075\"><strong data-start=\"907\" data-end=\"930\">Lily su aksesuarais<\/strong><br data-start=\"930\" data-end=\"933\" \/>\u2013 Ro\u017ein\u0117 ir violetin\u0117 suknel\u0117, auksin\u0117 kar\u016bna, \u0161epetys, \u0161ukos ir batukai. Puikiai tinka stiliaus k\u016brimui ir rankiniams \u012fg\u016bd\u017eiams lavinti.<\/p>\n<\/li>\n<li data-start=\"1077\" data-end=\"1271\">\n<p data-start=\"1080\" data-end=\"1271\"><strong data-start=\"1080\" data-end=\"1126\">L\u0117l\u0117 su g\u0117li\u0173 suknele ir pikniko rinkinuku<\/strong><br data-start=\"1126\" data-end=\"1129\" \/>\u2013 Ilgi \u0161vies\u016bs plaukai, eleganti\u0161ka suknel\u0117, \u0161uo, rankin\u0117, kepini\u0173 rinkinys. Skatina k\u016brybi\u0161kum\u0105, socialinius \u012fg\u016bd\u017eius ir savaranki\u0161kum\u0105.<\/p>\n<\/li>\n<li data-start=\"1273\" data-end=\"1434\">\n<p data-start=\"1276\" data-end=\"1434\"><strong data-start=\"1276\" data-end=\"1305\">Niki \u2013 princes\u0117 su arkliu<\/strong><br data-start=\"1305\" data-end=\"1308\" \/>\u2013 L\u0117l\u0117 su judan\u010diais s\u0105nariais, baltas arklys su ro\u017einiais kar\u010diais ir balnu. Lavina empatij\u0105, vaizduot\u0119 ir koordinacij\u0105.<\/p>\n<\/li>\n<\/ol>\n<h3 data-start=\"1436\" data-end=\"1464\"><strong data-start=\"1440\" data-end=\"1464\">Rinkinio privalumai:<\/strong><\/h3>\n<ul data-start=\"1465\" data-end=\"1866\">\n<li data-start=\"1465\" data-end=\"1536\">\n<p data-start=\"1467\" data-end=\"1536\">K\u016brybi\u0161kumas ir vaizduot\u0117 \u2013 kurkite istorijas, scenas ir nuotykius.<\/p>\n<\/li>\n<li data-start=\"1537\" data-end=\"1630\">\n<p data-start=\"1539\" data-end=\"1630\">Rankiniai \u012fg\u016bd\u017eiai \u2013 \u0161ukavimas, rengimas, aksesuar\u0173 naudojimas lavina smulki\u0105j\u0105 motorik\u0105.<\/p>\n<\/li>\n<li data-start=\"1631\" data-end=\"1705\">\n<p data-start=\"1633\" data-end=\"1705\">Socialiniai \u012fg\u016bd\u017eiai \u2013 vaidmen\u0173 \u017eaidimai moko bendravimo ir empatijos.<\/p>\n<\/li>\n<li data-start=\"1706\" data-end=\"1775\">\n<p data-start=\"1708\" data-end=\"1775\">Estetinis poj\u016btis \u2013 pa\u017eintis su spalvomis, stiliumi ir detal\u0117mis.<\/p>\n<\/li>\n<li data-start=\"1776\" data-end=\"1866\">\n<p data-start=\"1778\" data-end=\"1866\">Emocinis vystymasis \u2013 \u017eaidimas su l\u0117l\u0117mis ugdo vaiko jausmus ir k\u016brybinius sprendimus.<\/p>\n<\/li>\n<\/ul>\n<p data-start=\"1868\" data-end=\"1983\"><strong data-start=\"1868\" data-end=\"1880\">Piez\u012bme:<\/strong> Komplekt\u0101 eso\u0161\u0101s rota\u013clietas var aizst\u0101t ar l\u012bdz\u012bgu lelli cit\u0101 kr\u0101s\u0101 vai ar citiem aksesu\u0101riem.<\/p>","protected":false},"excerpt":{"rendered":"<p>Barbi\u0173 5in1 l\u0117li\u0173 komplektas \u201eWoopie Royal\u201c \u2013 pasak\u0173 pasaulis tavo namuose! \u012esivaizduok magi\u0161k\u0105 pasaul\u012f su \u201eWoopie Royal\u201c l\u0117l\u0117mis!\u0160is 5 l\u0117li\u0173<\/p>","protected":false},"featured_media":81145,"template":"","meta":{"_acf_changed":false,"_glsr_average":0,"_glsr_ranking":0,"_glsr_reviews":0},"product_brand":[],"product_cat":[443,229,800],"product_tag":[],"class_list":{"0":"post-81144","1":"product","2":"type-product","3":"status-publish","4":"has-post-thumbnail","6":"product_cat-leles-ir-priedai","7":"product_cat-zaislai-vaikams","8":"product_cat-zaislu-komplektai","9":"\"style=\"background-color: #2ecc711c;\"","11":"first","12":"instock","13":"sale","14":"shipping-taxable","15":"purchasable","16":"product-type-simple"},"acf":[],"yoast_head":"<!-- This site is optimized with the Yoast SEO plugin v27.4 - https:\/\/yoast.com\/product\/yoast-seo-wordpress\/ -->\n<title>Barbi\u0173 5in1 l\u0117li\u0173 komplektas - KidsPlay<\/title>\n<meta name=\"description\" content=\"Barbi\u0173 5in1 l\u0117li\u0173 komplektas - KidsPlay. Did\u017eiausias vaik\u0173 \u017eaisl\u0173 pasirinkimas.\" \/>\n<meta name=\"robots\" content=\"index, follow, max-snippet:-1, max-image-preview:large, max-video-preview:-1\" \/>\n<link rel=\"canonical\" href=\"https:\/\/kidsplay.lt\/lv\/products\/barbiu-5in1-leliu-komplektas\/\" \/>\n<meta property=\"og:locale\" content=\"lv_LV\" \/>\n<meta property=\"og:type\" content=\"article\" \/>\n<meta property=\"og:title\" content=\"Barbi\u0173 5in1 l\u0117li\u0173 komplektas - KidsPlay\" \/>\n<meta property=\"og:description\" content=\"Barbi\u0173 5in1 l\u0117li\u0173 komplektas - KidsPlay. Did\u017eiausias vaik\u0173 \u017eaisl\u0173 pasirinkimas.\" \/>\n<meta property=\"og:url\" content=\"https:\/\/kidsplay.lt\/lv\/products\/barbiu-5in1-leliu-komplektas\/\" \/>\n<meta property=\"og:site_name\" content=\"KidsPlay\" \/>\n<meta property=\"article:publisher\" content=\"https:\/\/www.facebook.com\/www.kidsplay.lt\" \/>\n<meta property=\"article:modified_time\" content=\"2025-12-16T06:19:33+00:00\" \/>\n<meta property=\"og:image\" content=\"https:\/\/kidsplay.lt\/wp-content\/uploads\/2025\/11\/Be-pavadinimo-5.png\" \/>\n\t<meta property=\"og:image:width\" content=\"742\" \/>\n\t<meta property=\"og:image:height\" content=\"330\" \/>\n\t<meta property=\"og:image:type\" content=\"image\/png\" \/>\n<meta name=\"twitter:card\" content=\"summary_large_image\" \/>\n<meta name=\"twitter:label1\" content=\"Est. reading time\" \/>\n\t<meta name=\"twitter:data1\" content=\"2 min\u016btes\" \/>\n<script type=\"application\/ld+json\" class=\"yoast-schema-graph\">{\"@context\":\"https:\\\/\\\/schema.org\",\"@graph\":[{\"@type\":\"WebPage\",\"@id\":\"https:\\\/\\\/kidsplay.lt\\\/produktas\\\/barbiu-5in1-leliu-komplektas\\\/\",\"url\":\"https:\\\/\\\/kidsplay.lt\\\/produktas\\\/barbiu-5in1-leliu-komplektas\\\/\",\"name\":\"Barbi\u0173 5in1 l\u0117li\u0173 komplektas - KidsPlay\",\"isPartOf\":{\"@id\":\"https:\\\/\\\/kidsplay.lt\\\/#website\"},\"primaryImageOfPage\":{\"@id\":\"https:\\\/\\\/kidsplay.lt\\\/produktas\\\/barbiu-5in1-leliu-komplektas\\\/#primaryimage\"},\"image\":{\"@id\":\"https:\\\/\\\/kidsplay.lt\\\/produktas\\\/barbiu-5in1-leliu-komplektas\\\/#primaryimage\"},\"thumbnailUrl\":\"https:\\\/\\\/kidsplay.lt\\\/wp-content\\\/uploads\\\/2025\\\/11\\\/Be-pavadinimo-5.png\",\"datePublished\":\"2025-11-30T13:14:18+00:00\",\"dateModified\":\"2025-12-16T06:19:33+00:00\",\"description\":\"Barbi\u0173 5in1 l\u0117li\u0173 komplektas - KidsPlay. Did\u017eiausias vaik\u0173 \u017eaisl\u0173 pasirinkimas.\",\"breadcrumb\":{\"@id\":\"https:\\\/\\\/kidsplay.lt\\\/produktas\\\/barbiu-5in1-leliu-komplektas\\\/#breadcrumb\"},\"inLanguage\":\"lv-LV\",\"potentialAction\":[{\"@type\":\"ReadAction\",\"target\":[\"https:\\\/\\\/kidsplay.lt\\\/produktas\\\/barbiu-5in1-leliu-komplektas\\\/\"]}]},{\"@type\":\"ImageObject\",\"inLanguage\":\"lv-LV\",\"@id\":\"https:\\\/\\\/kidsplay.lt\\\/produktas\\\/barbiu-5in1-leliu-komplektas\\\/#primaryimage\",\"url\":\"https:\\\/\\\/kidsplay.lt\\\/wp-content\\\/uploads\\\/2025\\\/11\\\/Be-pavadinimo-5.png\",\"contentUrl\":\"https:\\\/\\\/kidsplay.lt\\\/wp-content\\\/uploads\\\/2025\\\/11\\\/Be-pavadinimo-5.png\",\"width\":742,\"height\":330},{\"@type\":\"BreadcrumbList\",\"@id\":\"https:\\\/\\\/kidsplay.lt\\\/produktas\\\/barbiu-5in1-leliu-komplektas\\\/#breadcrumb\",\"itemListElement\":[{\"@type\":\"ListItem\",\"position\":1,\"name\":\"Pagrindinis\",\"item\":\"https:\\\/\\\/kidsplay.lt\\\/\"},{\"@type\":\"ListItem\",\"position\":2,\"name\":\"Parduotuv\u0117\",\"item\":\"https:\\\/\\\/kidsplay.lt\\\/parduotuve\\\/\"},{\"@type\":\"ListItem\",\"position\":3,\"name\":\"Barbi\u0173 5in1 l\u0117li\u0173 komplektas\"}]},{\"@type\":\"WebSite\",\"@id\":\"https:\\\/\\\/kidsplay.lt\\\/#website\",\"url\":\"https:\\\/\\\/kidsplay.lt\\\/\",\"name\":\"Kidsplay.lt\",\"description\":\"\u012evairios prek\u0117s vaikams\",\"publisher\":{\"@id\":\"https:\\\/\\\/kidsplay.lt\\\/#organization\"},\"alternateName\":\"Kidsplay\",\"potentialAction\":[{\"@type\":\"SearchAction\",\"target\":{\"@type\":\"EntryPoint\",\"urlTemplate\":\"https:\\\/\\\/kidsplay.lt\\\/?s={search_term_string}\"},\"query-input\":{\"@type\":\"PropertyValueSpecification\",\"valueRequired\":true,\"valueName\":\"search_term_string\"}}],\"inLanguage\":\"lv-LV\"},{\"@type\":\"Organization\",\"@id\":\"https:\\\/\\\/kidsplay.lt\\\/#organization\",\"name\":\"KidsPlay\",\"url\":\"https:\\\/\\\/kidsplay.lt\\\/\",\"logo\":{\"@type\":\"ImageObject\",\"inLanguage\":\"lv-LV\",\"@id\":\"https:\\\/\\\/kidsplay.lt\\\/#\\\/schema\\\/logo\\\/image\\\/\",\"url\":\"https:\\\/\\\/kidsplay.lt\\\/wp-content\\\/uploads\\\/2023\\\/07\\\/kidsplay-logo.png\",\"contentUrl\":\"https:\\\/\\\/kidsplay.lt\\\/wp-content\\\/uploads\\\/2023\\\/07\\\/kidsplay-logo.png\",\"width\":451,\"height\":98,\"caption\":\"KidsPlay\"},\"image\":{\"@id\":\"https:\\\/\\\/kidsplay.lt\\\/#\\\/schema\\\/logo\\\/image\\\/\"},\"sameAs\":[\"https:\\\/\\\/www.facebook.com\\\/www.kidsplay.lt\"]}]}<\/script>\n<!-- \/ Yoast SEO plugin. -->","yoast_head_json":{"title":"Barbi\u0173 5in1 l\u0117li\u0173 komplektas - KidsPlay","description":"Barbi\u0173 5in1 l\u0117li\u0173 komplektas - KidsPlay. Did\u017eiausias vaik\u0173 \u017eaisl\u0173 pasirinkimas.","robots":{"index":"index","follow":"follow","max-snippet":"max-snippet:-1","max-image-preview":"max-image-preview:large","max-video-preview":"max-video-preview:-1"},"canonical":"https:\/\/kidsplay.lt\/lv\/products\/barbiu-5in1-leliu-komplektas\/","og_locale":"lv_LV","og_type":"article","og_title":"Barbi\u0173 5in1 l\u0117li\u0173 komplektas - KidsPlay","og_description":"Barbi\u0173 5in1 l\u0117li\u0173 komplektas - KidsPlay. Did\u017eiausias vaik\u0173 \u017eaisl\u0173 pasirinkimas.","og_url":"https:\/\/kidsplay.lt\/lv\/products\/barbiu-5in1-leliu-komplektas\/","og_site_name":"KidsPlay","article_publisher":"https:\/\/www.facebook.com\/www.kidsplay.lt","article_modified_time":"2025-12-16T06:19:33+00:00","og_image":[{"width":742,"height":330,"url":"https:\/\/kidsplay.lt\/wp-content\/uploads\/2025\/11\/Be-pavadinimo-5.png","type":"image\/png"}],"twitter_card":"summary_large_image","twitter_misc":{"Est. reading time":"2 min\u016btes"},"schema":{"@context":"https:\/\/schema.org","@graph":[{"@type":"WebPage","@id":"https:\/\/kidsplay.lt\/produktas\/barbiu-5in1-leliu-komplektas\/","url":"https:\/\/kidsplay.lt\/produktas\/barbiu-5in1-leliu-komplektas\/","name":"Barbi\u0173 5in1 l\u0117li\u0173 komplektas - KidsPlay","isPartOf":{"@id":"https:\/\/kidsplay.lt\/#website"},"primaryImageOfPage":{"@id":"https:\/\/kidsplay.lt\/produktas\/barbiu-5in1-leliu-komplektas\/#primaryimage"},"image":{"@id":"https:\/\/kidsplay.lt\/produktas\/barbiu-5in1-leliu-komplektas\/#primaryimage"},"thumbnailUrl":"https:\/\/kidsplay.lt\/wp-content\/uploads\/2025\/11\/Be-pavadinimo-5.png","datePublished":"2025-11-30T13:14:18+00:00","dateModified":"2025-12-16T06:19:33+00:00","description":"Barbi\u0173 5in1 l\u0117li\u0173 komplektas - KidsPlay. Did\u017eiausias vaik\u0173 \u017eaisl\u0173 pasirinkimas.","breadcrumb":{"@id":"https:\/\/kidsplay.lt\/produktas\/barbiu-5in1-leliu-komplektas\/#breadcrumb"},"inLanguage":"lv-LV","potentialAction":[{"@type":"ReadAction","target":["https:\/\/kidsplay.lt\/produktas\/barbiu-5in1-leliu-komplektas\/"]}]},{"@type":"ImageObject","inLanguage":"lv-LV","@id":"https:\/\/kidsplay.lt\/produktas\/barbiu-5in1-leliu-komplektas\/#primaryimage","url":"https:\/\/kidsplay.lt\/wp-content\/uploads\/2025\/11\/Be-pavadinimo-5.png","contentUrl":"https:\/\/kidsplay.lt\/wp-content\/uploads\/2025\/11\/Be-pavadinimo-5.png","width":742,"height":330},{"@type":"BreadcrumbList","@id":"https:\/\/kidsplay.lt\/produktas\/barbiu-5in1-leliu-komplektas\/#breadcrumb","itemListElement":[{"@type":"ListItem","position":1,"name":"Pagrindinis","item":"https:\/\/kidsplay.lt\/"},{"@type":"ListItem","position":2,"name":"Parduotuv\u0117","item":"https:\/\/kidsplay.lt\/parduotuve\/"},{"@type":"ListItem","position":3,"name":"Barbi\u0173 5in1 l\u0117li\u0173 komplektas"}]},{"@type":"WebSite","@id":"https:\/\/kidsplay.lt\/#website","url":"https:\/\/kidsplay.lt\/","name":"B\u0113rnu sp\u0113les.lv","description":"\u012evairios prek\u0117s vaikams","publisher":{"@id":"https:\/\/kidsplay.lt\/#organization"},"alternateName":"Kidsplay","potentialAction":[{"@type":"SearchAction","target":{"@type":"EntryPoint","urlTemplate":"https:\/\/kidsplay.lt\/?s={search_term_string}"},"query-input":{"@type":"PropertyValueSpecification","valueRequired":true,"valueName":"search_term_string"}}],"inLanguage":"lv-LV"},{"@type":"Organization","@id":"https:\/\/kidsplay.lt\/#organization","name":"B\u0113rnu sp\u0113le","url":"https:\/\/kidsplay.lt\/","logo":{"@type":"ImageObject","inLanguage":"lv-LV","@id":"https:\/\/kidsplay.lt\/#\/schema\/logo\/image\/","url":"https:\/\/kidsplay.lt\/wp-content\/uploads\/2023\/07\/kidsplay-logo.png","contentUrl":"https:\/\/kidsplay.lt\/wp-content\/uploads\/2023\/07\/kidsplay-logo.png","width":451,"height":98,"caption":"KidsPlay"},"image":{"@id":"https:\/\/kidsplay.lt\/#\/schema\/logo\/image\/"},"sameAs":["https:\/\/www.facebook.com\/www.kidsplay.lt"]}]}},"_links":{"self":[{"href":"https:\/\/kidsplay.lt\/lv\/wp-json\/wp\/v2\/product\/81144","targetHints":{"allow":["GET"]}}],"collection":[{"href":"https:\/\/kidsplay.lt\/lv\/wp-json\/wp\/v2\/product"}],"about":[{"href":"https:\/\/kidsplay.lt\/lv\/wp-json\/wp\/v2\/types\/product"}],"version-history":[{"count":1,"href":"https:\/\/kidsplay.lt\/lv\/wp-json\/wp\/v2\/product\/81144\/revisions"}],"predecessor-version":[{"id":81151,"href":"https:\/\/kidsplay.lt\/lv\/wp-json\/wp\/v2\/product\/81144\/revisions\/81151"}],"wp:featuredmedia":[{"embeddable":true,"href":"https:\/\/kidsplay.lt\/lv\/wp-json\/wp\/v2\/media\/81145"}],"wp:attachment":[{"href":"https:\/\/kidsplay.lt\/lv\/wp-json\/wp\/v2\/media?parent=81144"}],"wp:term":[{"taxonomy":"product_brand","embeddable":true,"href":"https:\/\/kidsplay.lt\/lv\/wp-json\/wp\/v2\/product_brand?post=81144"},{"taxonomy":"product_cat","embeddable":true,"href":"https:\/\/kidsplay.lt\/lv\/wp-json\/wp\/v2\/product_cat?post=81144"},{"taxonomy":"product_tag","embeddable":true,"href":"https:\/\/kidsplay.lt\/lv\/wp-json\/wp\/v2\/product_tag?post=81144"}],"curies":[{"name":"wp","href":"https:\/\/api.w.org\/{rel}","templated":true}]}}