{"id":81183,"date":"2025-11-30T20:31:10","date_gmt":"2025-11-30T18:31:10","guid":{"rendered":"https:\/\/kidsplay.lt\/produktas\/woopie-green-mediniu-skrudintuvu-pusryciu-rinkinys-su-priedais-14-vnt\/"},"modified":"2026-04-07T09:54:15","modified_gmt":"2026-04-07T06:54:15","slug":"woopie-green-mediniu-skrudintuvu-pusryciu-rinkinys-su-priedais-14-vnt","status":"publish","type":"product","link":"https:\/\/kidsplay.lt\/lv\/products\/woopie-green-mediniu-skrudintuvu-pusryciu-rinkinys-su-priedais-14-vnt\/","title":{"rendered":"WOOPIE GREEN Medini\u0173 skrudintuv\u0173 pusry\u010di\u0173 rinkinys su priedais 14 vnt."},"content":{"rendered":"<p>Medinis pusry\u010di\u0173 rinkinys su skrudintuvu\u00a0tai puiki galimyb\u0117 vaikams, kurie m\u0117gsta \u017eaisti namuose, gaminti maist\u0105 ir m\u0117gd\u017eioti suaugusiuosius. Rinkinys \u012fkv\u0117ptas kasdien\u0117s veiklos \u2013 virtuv\u0117je ir leid\u017eia paruo\u0161ti skan\u0173 skrebut\u012f, kept\u0105 kiau\u0161in\u012f ar sumu\u0161tin\u012f su priedais. \u017daislo d\u0117ka vaikas gali atlikti ma\u017eo vir\u0117jo vaidmen\u012f ir k\u016brybi\u0161kai lavinti savo socialinius \u012fg\u016bd\u017eius bei vaizduot\u0119. Visas daiktas yra sudarytas i\u0161\u00a0saugi, skland\u017eiai baigta mediena\u00a0ir da\u017eytos netoksi\u0161kais da\u017eais pastelin\u0117mis spalvomis. \u017daislas yra ne tik gra\u017eus, bet ir tvirtas bei patvarus. Rinkinys puikiai tinka tiek \u017eaisti vienam, tiek gaminti kartu su t\u0117vais ar broliais ir seserimis. Tai puiki dovanos id\u0117ja, kuri moko per \u017eaidim\u0105 ir lavina kasdienius vaiko \u012fg\u016bd\u017eius.<\/p>\n<p>Raksturojums:<\/p>\n<p> \t&#8211; Vaiki\u0161kas \u017eaislas\u00a0nuo 3 met\u0173 am\u017eiaus<br \/>\n \t&#8211; Auk\u0161tos kokyb\u0117s apdirbimas\u00a0\u2013 visi elementai yra pagaminti i\u0161 med\u017eio, tod\u0117l \u017eaislas yra patvarus, stabilus ir saugus naudoti.<br \/>\n \t&#8211;\u00a0Judantys elementai\u00a0\u2013 skrudintuvas su skrebu\u010di\u0173 nuleidimo ir pak\u0117limo funkcija veikia kaip tikras, o tai padidina linksmybi\u0173 tikrovi\u0161kum\u0105<br \/>\n \t&#8211;\u00a0Spalvingi aksesuarai\u00a0\u2013 rinkinyje yra \u012fvairi\u0173 pried\u0173, toki\u0173 kaip duonos, sviesto, kiau\u0161inio, pieno ir salot\u0173 lap\u0173 grie\u017ein\u0117liai, kurie leid\u017eia sudaryti skanius pusry\u010di\u0173 rinkinius<br \/>\n \t&#8211;\u00a0Saug\u016bs da\u017eai\u00a0\u2013 pastelin\u0117s spalvos yra malonios akiai ir pagamintos i\u0161 netoksi\u0161k\u0173 k\u016bdikiams nekenksming\u0173 med\u017eiag\u0173<br \/>\n \t&#8211;\u00a0Palaiko vaidmen\u012f \u017eaisti\u00a0\u2013 vaikas gali \u017eaisti vir\u0117j\u0105, t\u0117v\u0105 ar padav\u0117j\u0105, lavindamas savo vaizduot\u0119 ir bendravimo \u012fg\u016bd\u017eius<br \/>\n \t&#8211;\u00a0Estetin\u0117 i\u0161vaizda\u00a0\u2013 stilingas dizainas ir subtilios spalvos leid\u017eia \u017eaislui atrodyti gra\u017eiai vaiko kambaryje<\/p>\n<p>Komplekt\u0101 ietilpst:<\/p>\n<p> \t&#8211; Medinis skrudintuvas su kilnojama ranken\u0117le ir skrebu\u010dio svirtimi<br \/>\n \t&#8211; Du duonos skrebu\u010dio grie\u017ein\u0117liai<br \/>\n \t&#8211; Keptas kiau\u0161inis<br \/>\n \t&#8211; 3 Sviesto kubeliai ir barstytuvas<br \/>\n \t&#8211; Pieno d\u0117\u017eut\u0117<br \/>\n \t&#8211; Kumpio gabaliukas, s\u016bris ir salot\u0173 lapas<br \/>\n \t&#8211; Bra\u0161ki\u0173 uogien\u0117s konteineris<br \/>\n \t&#8211; Pusry\u010di\u0173 meniu kortel\u0117<\/p>","protected":false},"excerpt":{"rendered":"<p>Medinis pusry\u010di\u0173 rinkinys su skrudintuvu\u00a0tai puiki galimyb\u0117 vaikams, kurie m\u0117gsta \u017eaisti namuose, gaminti maist\u0105 ir m\u0117gd\u017eioti suaugusiuosius. Rinkinys \u012fkv\u0117ptas kasdien\u0117s<\/p>","protected":false},"featured_media":81185,"template":"","meta":{"_acf_changed":false,"_glsr_average":0,"_glsr_ranking":0,"_glsr_reviews":0},"product_brand":[],"product_cat":[399,229],"product_tag":[],"class_list":{"0":"post-81183","1":"product","2":"type-product","3":"status-publish","4":"has-post-thumbnail","6":"product_cat-vaidmenu-zaidimai-2","7":"product_cat-zaislai-vaikams","8":"\"style=\"background-color: #2ecc711c;\"","10":"first","11":"instock","12":"purchasable","13":"product-type-simple"},"acf":[],"yoast_head":"<!-- This site is optimized with the Yoast SEO plugin v27.3 - https:\/\/yoast.com\/product\/yoast-seo-wordpress\/ -->\n<title>WOOPIE GREEN Medini\u0173 skrudintuv\u0173 pusry\u010di\u0173 rinkinys su priedais 14 vnt.<\/title>\n<meta name=\"description\" content=\"WOOPIE GREEN Medini\u0173 skrudintuv\u0173 pusry\u010di\u0173 rinkinys su priedais 14 vnt. - KidsPlay. Did\u017eiausias vaik\u0173 \u017eaisl\u0173 pasirinkimas.\" \/>\n<meta name=\"robots\" content=\"index, follow, max-snippet:-1, max-image-preview:large, max-video-preview:-1\" \/>\n<link rel=\"canonical\" href=\"https:\/\/kidsplay.lt\/lv\/products\/woopie-green-mediniu-skrudintuvu-pusryciu-rinkinys-su-priedais-14-vnt\/\" \/>\n<meta property=\"og:locale\" content=\"lv_LV\" \/>\n<meta property=\"og:type\" content=\"article\" \/>\n<meta property=\"og:title\" content=\"WOOPIE GREEN Medini\u0173 skrudintuv\u0173 pusry\u010di\u0173 rinkinys su priedais 14 vnt.\" \/>\n<meta property=\"og:description\" content=\"WOOPIE GREEN Medini\u0173 skrudintuv\u0173 pusry\u010di\u0173 rinkinys su priedais 14 vnt. - KidsPlay. Did\u017eiausias vaik\u0173 \u017eaisl\u0173 pasirinkimas.\" \/>\n<meta property=\"og:url\" content=\"https:\/\/kidsplay.lt\/lv\/products\/woopie-green-mediniu-skrudintuvu-pusryciu-rinkinys-su-priedais-14-vnt\/\" \/>\n<meta property=\"og:site_name\" content=\"KidsPlay\" \/>\n<meta property=\"article:publisher\" content=\"https:\/\/www.facebook.com\/www.kidsplay.lt\" \/>\n<meta property=\"article:modified_time\" content=\"2026-04-07T06:54:15+00:00\" \/>\n<meta property=\"og:image\" content=\"https:\/\/kidsplay.lt\/wp-content\/uploads\/2025\/11\/WOOPIE-GREEN-Mediniu-skrudintuvu-pusryciu-rinkinys-su-priedais-14-vnt.jpg\" \/>\n\t<meta property=\"og:image:width\" content=\"1000\" \/>\n\t<meta property=\"og:image:height\" content=\"1000\" \/>\n\t<meta property=\"og:image:type\" content=\"image\/jpeg\" \/>\n<meta name=\"twitter:card\" content=\"summary_large_image\" \/>\n<meta name=\"twitter:label1\" content=\"Est. reading time\" \/>\n\t<meta name=\"twitter:data1\" content=\"2 min\u016btes\" \/>\n<script type=\"application\/ld+json\" class=\"yoast-schema-graph\">{\"@context\":\"https:\\\/\\\/schema.org\",\"@graph\":[{\"@type\":\"WebPage\",\"@id\":\"https:\\\/\\\/kidsplay.lt\\\/produktas\\\/woopie-green-mediniu-skrudintuvu-pusryciu-rinkinys-su-priedais-14-vnt\\\/\",\"url\":\"https:\\\/\\\/kidsplay.lt\\\/produktas\\\/woopie-green-mediniu-skrudintuvu-pusryciu-rinkinys-su-priedais-14-vnt\\\/\",\"name\":\"WOOPIE GREEN Medini\u0173 skrudintuv\u0173 pusry\u010di\u0173 rinkinys su priedais 14 vnt.\",\"isPartOf\":{\"@id\":\"https:\\\/\\\/kidsplay.lt\\\/#website\"},\"primaryImageOfPage\":{\"@id\":\"https:\\\/\\\/kidsplay.lt\\\/produktas\\\/woopie-green-mediniu-skrudintuvu-pusryciu-rinkinys-su-priedais-14-vnt\\\/#primaryimage\"},\"image\":{\"@id\":\"https:\\\/\\\/kidsplay.lt\\\/produktas\\\/woopie-green-mediniu-skrudintuvu-pusryciu-rinkinys-su-priedais-14-vnt\\\/#primaryimage\"},\"thumbnailUrl\":\"https:\\\/\\\/kidsplay.lt\\\/wp-content\\\/uploads\\\/2025\\\/11\\\/WOOPIE-GREEN-Mediniu-skrudintuvu-pusryciu-rinkinys-su-priedais-14-vnt.jpg\",\"datePublished\":\"2025-11-30T18:31:10+00:00\",\"dateModified\":\"2026-04-07T06:54:15+00:00\",\"description\":\"WOOPIE GREEN Medini\u0173 skrudintuv\u0173 pusry\u010di\u0173 rinkinys su priedais 14 vnt. - KidsPlay. Did\u017eiausias vaik\u0173 \u017eaisl\u0173 pasirinkimas.\",\"breadcrumb\":{\"@id\":\"https:\\\/\\\/kidsplay.lt\\\/produktas\\\/woopie-green-mediniu-skrudintuvu-pusryciu-rinkinys-su-priedais-14-vnt\\\/#breadcrumb\"},\"inLanguage\":\"lv-LV\",\"potentialAction\":[{\"@type\":\"ReadAction\",\"target\":[\"https:\\\/\\\/kidsplay.lt\\\/produktas\\\/woopie-green-mediniu-skrudintuvu-pusryciu-rinkinys-su-priedais-14-vnt\\\/\"]}]},{\"@type\":\"ImageObject\",\"inLanguage\":\"lv-LV\",\"@id\":\"https:\\\/\\\/kidsplay.lt\\\/produktas\\\/woopie-green-mediniu-skrudintuvu-pusryciu-rinkinys-su-priedais-14-vnt\\\/#primaryimage\",\"url\":\"https:\\\/\\\/kidsplay.lt\\\/wp-content\\\/uploads\\\/2025\\\/11\\\/WOOPIE-GREEN-Mediniu-skrudintuvu-pusryciu-rinkinys-su-priedais-14-vnt.jpg\",\"contentUrl\":\"https:\\\/\\\/kidsplay.lt\\\/wp-content\\\/uploads\\\/2025\\\/11\\\/WOOPIE-GREEN-Mediniu-skrudintuvu-pusryciu-rinkinys-su-priedais-14-vnt.jpg\",\"width\":1000,\"height\":1000,\"caption\":\"WOOPIE GREEN Medini\u0173 skrudintuv\u0173 pusry\u010di\u0173 rinkinys su priedais 14 vnt.\"},{\"@type\":\"BreadcrumbList\",\"@id\":\"https:\\\/\\\/kidsplay.lt\\\/produktas\\\/woopie-green-mediniu-skrudintuvu-pusryciu-rinkinys-su-priedais-14-vnt\\\/#breadcrumb\",\"itemListElement\":[{\"@type\":\"ListItem\",\"position\":1,\"name\":\"Pagrindinis\",\"item\":\"https:\\\/\\\/kidsplay.lt\\\/\"},{\"@type\":\"ListItem\",\"position\":2,\"name\":\"Parduotuv\u0117\",\"item\":\"https:\\\/\\\/kidsplay.lt\\\/parduotuve\\\/\"},{\"@type\":\"ListItem\",\"position\":3,\"name\":\"WOOPIE GREEN Medini\u0173 skrudintuv\u0173 pusry\u010di\u0173 rinkinys su priedais 14 vnt.\"}]},{\"@type\":\"WebSite\",\"@id\":\"https:\\\/\\\/kidsplay.lt\\\/#website\",\"url\":\"https:\\\/\\\/kidsplay.lt\\\/\",\"name\":\"Kidsplay.lt\",\"description\":\"\u012evairios prek\u0117s vaikams\",\"publisher\":{\"@id\":\"https:\\\/\\\/kidsplay.lt\\\/#organization\"},\"alternateName\":\"Kidsplay\",\"potentialAction\":[{\"@type\":\"SearchAction\",\"target\":{\"@type\":\"EntryPoint\",\"urlTemplate\":\"https:\\\/\\\/kidsplay.lt\\\/?s={search_term_string}\"},\"query-input\":{\"@type\":\"PropertyValueSpecification\",\"valueRequired\":true,\"valueName\":\"search_term_string\"}}],\"inLanguage\":\"lv-LV\"},{\"@type\":\"Organization\",\"@id\":\"https:\\\/\\\/kidsplay.lt\\\/#organization\",\"name\":\"KidsPlay\",\"url\":\"https:\\\/\\\/kidsplay.lt\\\/\",\"logo\":{\"@type\":\"ImageObject\",\"inLanguage\":\"lv-LV\",\"@id\":\"https:\\\/\\\/kidsplay.lt\\\/#\\\/schema\\\/logo\\\/image\\\/\",\"url\":\"https:\\\/\\\/kidsplay.lt\\\/wp-content\\\/uploads\\\/2023\\\/07\\\/kidsplay-logo.png\",\"contentUrl\":\"https:\\\/\\\/kidsplay.lt\\\/wp-content\\\/uploads\\\/2023\\\/07\\\/kidsplay-logo.png\",\"width\":451,\"height\":98,\"caption\":\"KidsPlay\"},\"image\":{\"@id\":\"https:\\\/\\\/kidsplay.lt\\\/#\\\/schema\\\/logo\\\/image\\\/\"},\"sameAs\":[\"https:\\\/\\\/www.facebook.com\\\/www.kidsplay.lt\"]}]}<\/script>\n<!-- \/ Yoast SEO plugin. -->","yoast_head_json":{"title":"WOOPIE GREEN Medini\u0173 skrudintuv\u0173 pusry\u010di\u0173 rinkinys su priedais 14 vnt.","description":"WOOPIE GREEN Medini\u0173 skrudintuv\u0173 pusry\u010di\u0173 rinkinys su priedais 14 vnt. - KidsPlay. Did\u017eiausias vaik\u0173 \u017eaisl\u0173 pasirinkimas.","robots":{"index":"index","follow":"follow","max-snippet":"max-snippet:-1","max-image-preview":"max-image-preview:large","max-video-preview":"max-video-preview:-1"},"canonical":"https:\/\/kidsplay.lt\/lv\/products\/woopie-green-mediniu-skrudintuvu-pusryciu-rinkinys-su-priedais-14-vnt\/","og_locale":"lv_LV","og_type":"article","og_title":"WOOPIE GREEN Medini\u0173 skrudintuv\u0173 pusry\u010di\u0173 rinkinys su priedais 14 vnt.","og_description":"WOOPIE GREEN Medini\u0173 skrudintuv\u0173 pusry\u010di\u0173 rinkinys su priedais 14 vnt. - KidsPlay. Did\u017eiausias vaik\u0173 \u017eaisl\u0173 pasirinkimas.","og_url":"https:\/\/kidsplay.lt\/lv\/products\/woopie-green-mediniu-skrudintuvu-pusryciu-rinkinys-su-priedais-14-vnt\/","og_site_name":"KidsPlay","article_publisher":"https:\/\/www.facebook.com\/www.kidsplay.lt","article_modified_time":"2026-04-07T06:54:15+00:00","og_image":[{"width":1000,"height":1000,"url":"https:\/\/kidsplay.lt\/wp-content\/uploads\/2025\/11\/WOOPIE-GREEN-Mediniu-skrudintuvu-pusryciu-rinkinys-su-priedais-14-vnt.jpg","type":"image\/jpeg"}],"twitter_card":"summary_large_image","twitter_misc":{"Est. reading time":"2 min\u016btes"},"schema":{"@context":"https:\/\/schema.org","@graph":[{"@type":"WebPage","@id":"https:\/\/kidsplay.lt\/produktas\/woopie-green-mediniu-skrudintuvu-pusryciu-rinkinys-su-priedais-14-vnt\/","url":"https:\/\/kidsplay.lt\/produktas\/woopie-green-mediniu-skrudintuvu-pusryciu-rinkinys-su-priedais-14-vnt\/","name":"WOOPIE GREEN Medini\u0173 skrudintuv\u0173 pusry\u010di\u0173 rinkinys su priedais 14 vnt.","isPartOf":{"@id":"https:\/\/kidsplay.lt\/#website"},"primaryImageOfPage":{"@id":"https:\/\/kidsplay.lt\/produktas\/woopie-green-mediniu-skrudintuvu-pusryciu-rinkinys-su-priedais-14-vnt\/#primaryimage"},"image":{"@id":"https:\/\/kidsplay.lt\/produktas\/woopie-green-mediniu-skrudintuvu-pusryciu-rinkinys-su-priedais-14-vnt\/#primaryimage"},"thumbnailUrl":"https:\/\/kidsplay.lt\/wp-content\/uploads\/2025\/11\/WOOPIE-GREEN-Mediniu-skrudintuvu-pusryciu-rinkinys-su-priedais-14-vnt.jpg","datePublished":"2025-11-30T18:31:10+00:00","dateModified":"2026-04-07T06:54:15+00:00","description":"WOOPIE GREEN Medini\u0173 skrudintuv\u0173 pusry\u010di\u0173 rinkinys su priedais 14 vnt. - KidsPlay. Did\u017eiausias vaik\u0173 \u017eaisl\u0173 pasirinkimas.","breadcrumb":{"@id":"https:\/\/kidsplay.lt\/produktas\/woopie-green-mediniu-skrudintuvu-pusryciu-rinkinys-su-priedais-14-vnt\/#breadcrumb"},"inLanguage":"lv-LV","potentialAction":[{"@type":"ReadAction","target":["https:\/\/kidsplay.lt\/produktas\/woopie-green-mediniu-skrudintuvu-pusryciu-rinkinys-su-priedais-14-vnt\/"]}]},{"@type":"ImageObject","inLanguage":"lv-LV","@id":"https:\/\/kidsplay.lt\/produktas\/woopie-green-mediniu-skrudintuvu-pusryciu-rinkinys-su-priedais-14-vnt\/#primaryimage","url":"https:\/\/kidsplay.lt\/wp-content\/uploads\/2025\/11\/WOOPIE-GREEN-Mediniu-skrudintuvu-pusryciu-rinkinys-su-priedais-14-vnt.jpg","contentUrl":"https:\/\/kidsplay.lt\/wp-content\/uploads\/2025\/11\/WOOPIE-GREEN-Mediniu-skrudintuvu-pusryciu-rinkinys-su-priedais-14-vnt.jpg","width":1000,"height":1000,"caption":"WOOPIE GREEN Medini\u0173 skrudintuv\u0173 pusry\u010di\u0173 rinkinys su priedais 14 vnt."},{"@type":"BreadcrumbList","@id":"https:\/\/kidsplay.lt\/produktas\/woopie-green-mediniu-skrudintuvu-pusryciu-rinkinys-su-priedais-14-vnt\/#breadcrumb","itemListElement":[{"@type":"ListItem","position":1,"name":"Pagrindinis","item":"https:\/\/kidsplay.lt\/"},{"@type":"ListItem","position":2,"name":"Parduotuv\u0117","item":"https:\/\/kidsplay.lt\/parduotuve\/"},{"@type":"ListItem","position":3,"name":"WOOPIE GREEN Medini\u0173 skrudintuv\u0173 pusry\u010di\u0173 rinkinys su priedais 14 vnt."}]},{"@type":"WebSite","@id":"https:\/\/kidsplay.lt\/#website","url":"https:\/\/kidsplay.lt\/","name":"B\u0113rnu sp\u0113les.lv","description":"\u012evairios prek\u0117s vaikams","publisher":{"@id":"https:\/\/kidsplay.lt\/#organization"},"alternateName":"Kidsplay","potentialAction":[{"@type":"SearchAction","target":{"@type":"EntryPoint","urlTemplate":"https:\/\/kidsplay.lt\/?s={search_term_string}"},"query-input":{"@type":"PropertyValueSpecification","valueRequired":true,"valueName":"search_term_string"}}],"inLanguage":"lv-LV"},{"@type":"Organization","@id":"https:\/\/kidsplay.lt\/#organization","name":"B\u0113rnu sp\u0113le","url":"https:\/\/kidsplay.lt\/","logo":{"@type":"ImageObject","inLanguage":"lv-LV","@id":"https:\/\/kidsplay.lt\/#\/schema\/logo\/image\/","url":"https:\/\/kidsplay.lt\/wp-content\/uploads\/2023\/07\/kidsplay-logo.png","contentUrl":"https:\/\/kidsplay.lt\/wp-content\/uploads\/2023\/07\/kidsplay-logo.png","width":451,"height":98,"caption":"KidsPlay"},"image":{"@id":"https:\/\/kidsplay.lt\/#\/schema\/logo\/image\/"},"sameAs":["https:\/\/www.facebook.com\/www.kidsplay.lt"]}]}},"_links":{"self":[{"href":"https:\/\/kidsplay.lt\/lv\/wp-json\/wp\/v2\/product\/81183","targetHints":{"allow":["GET"]}}],"collection":[{"href":"https:\/\/kidsplay.lt\/lv\/wp-json\/wp\/v2\/product"}],"about":[{"href":"https:\/\/kidsplay.lt\/lv\/wp-json\/wp\/v2\/types\/product"}],"version-history":[{"count":1,"href":"https:\/\/kidsplay.lt\/lv\/wp-json\/wp\/v2\/product\/81183\/revisions"}],"predecessor-version":[{"id":81184,"href":"https:\/\/kidsplay.lt\/lv\/wp-json\/wp\/v2\/product\/81183\/revisions\/81184"}],"wp:featuredmedia":[{"embeddable":true,"href":"https:\/\/kidsplay.lt\/lv\/wp-json\/wp\/v2\/media\/81185"}],"wp:attachment":[{"href":"https:\/\/kidsplay.lt\/lv\/wp-json\/wp\/v2\/media?parent=81183"}],"wp:term":[{"taxonomy":"product_brand","embeddable":true,"href":"https:\/\/kidsplay.lt\/lv\/wp-json\/wp\/v2\/product_brand?post=81183"},{"taxonomy":"product_cat","embeddable":true,"href":"https:\/\/kidsplay.lt\/lv\/wp-json\/wp\/v2\/product_cat?post=81183"},{"taxonomy":"product_tag","embeddable":true,"href":"https:\/\/kidsplay.lt\/lv\/wp-json\/wp\/v2\/product_tag?post=81183"}],"curies":[{"name":"wp","href":"https:\/\/api.w.org\/{rel}","templated":true}]}}