{"id":81188,"date":"2025-11-30T20:31:50","date_gmt":"2025-11-30T18:31:50","guid":{"rendered":"https:\/\/kidsplay.lt\/produktas\/tooky-zaislas-medine-jutimine-delione-piramide-sensorine-meskiukas-spalvingas-kaminas\/"},"modified":"2026-04-07T09:54:19","modified_gmt":"2026-04-07T06:54:19","slug":"tooky-toys-medine-piramide-meskiukas","status":"publish","type":"product","link":"https:\/\/kidsplay.lt\/lv\/products\/tooky-toys-medine-piramide-meskiukas\/","title":{"rendered":"TOOKY Toys koka piram\u012bdas rota\u013cu l\u0101c\u012btis"},"content":{"rendered":"<p>Medinis bok\u0161tas su diskais ir gra\u017eia prek\u0117s \u017eenklo me\u0161kos galvute\u00a0Tooky Toys\u00a0tai \u017eaislas, kuris sujungia k\u016brybinio \u017eaidimo d\u017eiaugsm\u0105 ir param\u0105 vaiko vystymuisi. Ry\u0161kios, pastelin\u0117s spalvos, tvirtas apdirbimas ir geb\u0117jimas \u012fvairiais b\u016bdais i\u0161d\u0117styti elementus daro j\u0105 ne tik klasikine piramide, bet ir \u012fkv\u0117pimu atrasti, eksperimentuoti ir mokytis judesiais ir vaizduote. Ma\u017eylis gali statyti, griauti ir kurti savo konstrukcijas, praktikuodamas pir\u0161t\u0173 judrum\u0105.<\/p>\n<p>Raksturojums:<\/p>\n<p>&#8211; Vaikams nuo\u00a012 m\u0117nesi\u0173<br \/>\n&#8211; Pagaminta i\u0161 auk\u0161tos kokyb\u0117s med\u017eiag\u0173<br \/>\n&#8211; Spalvingi pasteliniai diskai skatina linksmintis<br \/>\n&#8211; Me\u0161kiuko galva, mielas prisilietimas, kuris patiks kiekvienam vaikui<br \/>\n&#8211; Stabilus pagrindas ir patogi rankena elementams tepti<br \/>\n&#8211; Suapvalintas pagrindas leid\u017eia si\u016bbuoti \u017eaisl\u0105 neapver\u010diant<br \/>\n&#8211; N\u0117ra a\u0161tri\u0173 kra\u0161t\u0173 \u2014 puikiai tinka ma\u017eoms rankyt\u0117ms<\/p>\n<p>Komplekt\u0101 ietilpst:<\/p>\n<p>&#8211; Medinis pagrindas su vertikaliu stulpu<br \/>\n&#8211; 5 spalvoti diskai<br \/>\n&#8211; Medin\u0117 me\u0161kos galvut\u0117<\/p>","protected":false},"excerpt":{"rendered":"<p>Medinis bok\u0161tas su diskais ir gra\u017eia prek\u0117s \u017eenklo me\u0161kos galvute\u00a0Tooky Toys\u00a0tai \u017eaislas, kuris sujungia k\u016brybinio \u017eaidimo d\u017eiaugsm\u0105 ir param\u0105 vaiko<\/p>","protected":false},"featured_media":81190,"template":"","meta":{"_acf_changed":false,"_glsr_average":0,"_glsr_ranking":0,"_glsr_reviews":0},"product_brand":[],"product_cat":[396,229],"product_tag":[],"class_list":{"0":"post-81188","1":"product","2":"type-product","3":"status-publish","4":"has-post-thumbnail","6":"product_cat-kudikiu-zaislai-vaikams2","7":"product_cat-zaislai-vaikams","8":"\"style=\"background-color: #2ecc711c;\"","10":"first","11":"instock","12":"purchasable","13":"product-type-simple"},"acf":[],"yoast_head":"<!-- This site is optimized with the Yoast SEO plugin v27.3 - https:\/\/yoast.com\/product\/yoast-seo-wordpress\/ -->\n<title>TOOKY Toys medin\u0117 piramid\u0117 me\u0161kiukas<\/title>\n<meta name=\"description\" content=\"TOOKY \u017dAISLAS Medin\u0117 jutimin\u0117 d\u0117lion\u0117 Piramid\u0117 Sensorin\u0117 me\u0161kiukas Spalvingas kaminas - KidsPlay. Did\u017eiausias vaik\u0173 \u017eaisl\u0173 pasirinkimas.\" \/>\n<meta name=\"robots\" content=\"index, follow, max-snippet:-1, max-image-preview:large, max-video-preview:-1\" \/>\n<link rel=\"canonical\" href=\"https:\/\/kidsplay.lt\/lv\/products\/tooky-toys-medine-piramide-meskiukas\/\" \/>\n<meta property=\"og:locale\" content=\"lv_LV\" \/>\n<meta property=\"og:type\" content=\"article\" \/>\n<meta property=\"og:title\" content=\"TOOKY Toys medin\u0117 piramid\u0117 me\u0161kiukas\" \/>\n<meta property=\"og:description\" content=\"TOOKY \u017dAISLAS Medin\u0117 jutimin\u0117 d\u0117lion\u0117 Piramid\u0117 Sensorin\u0117 me\u0161kiukas Spalvingas kaminas - KidsPlay. Did\u017eiausias vaik\u0173 \u017eaisl\u0173 pasirinkimas.\" \/>\n<meta property=\"og:url\" content=\"https:\/\/kidsplay.lt\/lv\/products\/tooky-toys-medine-piramide-meskiukas\/\" \/>\n<meta property=\"og:site_name\" content=\"KidsPlay\" \/>\n<meta property=\"article:publisher\" content=\"https:\/\/www.facebook.com\/www.kidsplay.lt\" \/>\n<meta property=\"article:modified_time\" content=\"2026-04-07T06:54:19+00:00\" \/>\n<meta property=\"og:image\" content=\"https:\/\/kidsplay.lt\/wp-content\/uploads\/2025\/11\/TOOKY-ZAISLAS-Medine-jutimine-delione-Piramide-Sensorine-meskiukas-Spalvingas-kaminas.jpg\" \/>\n\t<meta property=\"og:image:width\" content=\"1000\" \/>\n\t<meta property=\"og:image:height\" content=\"1000\" \/>\n\t<meta property=\"og:image:type\" content=\"image\/jpeg\" \/>\n<meta name=\"twitter:card\" content=\"summary_large_image\" \/>\n<meta name=\"twitter:label1\" content=\"Est. reading time\" \/>\n\t<meta name=\"twitter:data1\" content=\"1 min\u016bte\" \/>\n<script type=\"application\/ld+json\" class=\"yoast-schema-graph\">{\"@context\":\"https:\\\/\\\/schema.org\",\"@graph\":[{\"@type\":\"WebPage\",\"@id\":\"https:\\\/\\\/kidsplay.lt\\\/produktas\\\/tooky-toys-medine-piramide-meskiukas\\\/\",\"url\":\"https:\\\/\\\/kidsplay.lt\\\/produktas\\\/tooky-toys-medine-piramide-meskiukas\\\/\",\"name\":\"TOOKY Toys medin\u0117 piramid\u0117 me\u0161kiukas\",\"isPartOf\":{\"@id\":\"https:\\\/\\\/kidsplay.lt\\\/#website\"},\"primaryImageOfPage\":{\"@id\":\"https:\\\/\\\/kidsplay.lt\\\/produktas\\\/tooky-toys-medine-piramide-meskiukas\\\/#primaryimage\"},\"image\":{\"@id\":\"https:\\\/\\\/kidsplay.lt\\\/produktas\\\/tooky-toys-medine-piramide-meskiukas\\\/#primaryimage\"},\"thumbnailUrl\":\"https:\\\/\\\/kidsplay.lt\\\/wp-content\\\/uploads\\\/2025\\\/11\\\/TOOKY-ZAISLAS-Medine-jutimine-delione-Piramide-Sensorine-meskiukas-Spalvingas-kaminas.jpg\",\"datePublished\":\"2025-11-30T18:31:50+00:00\",\"dateModified\":\"2026-04-07T06:54:19+00:00\",\"description\":\"TOOKY \u017dAISLAS Medin\u0117 jutimin\u0117 d\u0117lion\u0117 Piramid\u0117 Sensorin\u0117 me\u0161kiukas Spalvingas kaminas - KidsPlay. Did\u017eiausias vaik\u0173 \u017eaisl\u0173 pasirinkimas.\",\"breadcrumb\":{\"@id\":\"https:\\\/\\\/kidsplay.lt\\\/produktas\\\/tooky-toys-medine-piramide-meskiukas\\\/#breadcrumb\"},\"inLanguage\":\"lv-LV\",\"potentialAction\":[{\"@type\":\"ReadAction\",\"target\":[\"https:\\\/\\\/kidsplay.lt\\\/produktas\\\/tooky-toys-medine-piramide-meskiukas\\\/\"]}]},{\"@type\":\"ImageObject\",\"inLanguage\":\"lv-LV\",\"@id\":\"https:\\\/\\\/kidsplay.lt\\\/produktas\\\/tooky-toys-medine-piramide-meskiukas\\\/#primaryimage\",\"url\":\"https:\\\/\\\/kidsplay.lt\\\/wp-content\\\/uploads\\\/2025\\\/11\\\/TOOKY-ZAISLAS-Medine-jutimine-delione-Piramide-Sensorine-meskiukas-Spalvingas-kaminas.jpg\",\"contentUrl\":\"https:\\\/\\\/kidsplay.lt\\\/wp-content\\\/uploads\\\/2025\\\/11\\\/TOOKY-ZAISLAS-Medine-jutimine-delione-Piramide-Sensorine-meskiukas-Spalvingas-kaminas.jpg\",\"width\":1000,\"height\":1000,\"caption\":\"TOOKY \u017dAISLAS Medin\u0117 jutimin\u0117 d\u0117lion\u0117 Piramid\u0117 Sensorin\u0117 me\u0161kiukas Spalvingas kaminas\"},{\"@type\":\"BreadcrumbList\",\"@id\":\"https:\\\/\\\/kidsplay.lt\\\/produktas\\\/tooky-toys-medine-piramide-meskiukas\\\/#breadcrumb\",\"itemListElement\":[{\"@type\":\"ListItem\",\"position\":1,\"name\":\"Pagrindinis\",\"item\":\"https:\\\/\\\/kidsplay.lt\\\/\"},{\"@type\":\"ListItem\",\"position\":2,\"name\":\"Parduotuv\u0117\",\"item\":\"https:\\\/\\\/kidsplay.lt\\\/parduotuve\\\/\"},{\"@type\":\"ListItem\",\"position\":3,\"name\":\"TOOKY Toys medin\u0117 piramid\u0117 me\u0161kiukas\"}]},{\"@type\":\"WebSite\",\"@id\":\"https:\\\/\\\/kidsplay.lt\\\/#website\",\"url\":\"https:\\\/\\\/kidsplay.lt\\\/\",\"name\":\"Kidsplay.lt\",\"description\":\"\u012evairios prek\u0117s vaikams\",\"publisher\":{\"@id\":\"https:\\\/\\\/kidsplay.lt\\\/#organization\"},\"alternateName\":\"Kidsplay\",\"potentialAction\":[{\"@type\":\"SearchAction\",\"target\":{\"@type\":\"EntryPoint\",\"urlTemplate\":\"https:\\\/\\\/kidsplay.lt\\\/?s={search_term_string}\"},\"query-input\":{\"@type\":\"PropertyValueSpecification\",\"valueRequired\":true,\"valueName\":\"search_term_string\"}}],\"inLanguage\":\"lv-LV\"},{\"@type\":\"Organization\",\"@id\":\"https:\\\/\\\/kidsplay.lt\\\/#organization\",\"name\":\"KidsPlay\",\"url\":\"https:\\\/\\\/kidsplay.lt\\\/\",\"logo\":{\"@type\":\"ImageObject\",\"inLanguage\":\"lv-LV\",\"@id\":\"https:\\\/\\\/kidsplay.lt\\\/#\\\/schema\\\/logo\\\/image\\\/\",\"url\":\"https:\\\/\\\/kidsplay.lt\\\/wp-content\\\/uploads\\\/2023\\\/07\\\/kidsplay-logo.png\",\"contentUrl\":\"https:\\\/\\\/kidsplay.lt\\\/wp-content\\\/uploads\\\/2023\\\/07\\\/kidsplay-logo.png\",\"width\":451,\"height\":98,\"caption\":\"KidsPlay\"},\"image\":{\"@id\":\"https:\\\/\\\/kidsplay.lt\\\/#\\\/schema\\\/logo\\\/image\\\/\"},\"sameAs\":[\"https:\\\/\\\/www.facebook.com\\\/www.kidsplay.lt\"]}]}<\/script>\n<!-- \/ Yoast SEO plugin. -->","yoast_head_json":{"title":"TOOKY Toys koka piram\u012bdas rota\u013cu l\u0101c\u012btis","description":"TOOKY \u017dAISLAS Medin\u0117 jutimin\u0117 d\u0117lion\u0117 Piramid\u0117 Sensorin\u0117 me\u0161kiukas Spalvingas kaminas - KidsPlay. Did\u017eiausias vaik\u0173 \u017eaisl\u0173 pasirinkimas.","robots":{"index":"index","follow":"follow","max-snippet":"max-snippet:-1","max-image-preview":"max-image-preview:large","max-video-preview":"max-video-preview:-1"},"canonical":"https:\/\/kidsplay.lt\/lv\/products\/tooky-toys-medine-piramide-meskiukas\/","og_locale":"lv_LV","og_type":"article","og_title":"TOOKY Toys medin\u0117 piramid\u0117 me\u0161kiukas","og_description":"TOOKY \u017dAISLAS Medin\u0117 jutimin\u0117 d\u0117lion\u0117 Piramid\u0117 Sensorin\u0117 me\u0161kiukas Spalvingas kaminas - KidsPlay. Did\u017eiausias vaik\u0173 \u017eaisl\u0173 pasirinkimas.","og_url":"https:\/\/kidsplay.lt\/lv\/products\/tooky-toys-medine-piramide-meskiukas\/","og_site_name":"KidsPlay","article_publisher":"https:\/\/www.facebook.com\/www.kidsplay.lt","article_modified_time":"2026-04-07T06:54:19+00:00","og_image":[{"width":1000,"height":1000,"url":"https:\/\/kidsplay.lt\/wp-content\/uploads\/2025\/11\/TOOKY-ZAISLAS-Medine-jutimine-delione-Piramide-Sensorine-meskiukas-Spalvingas-kaminas.jpg","type":"image\/jpeg"}],"twitter_card":"summary_large_image","twitter_misc":{"Est. reading time":"1 min\u016bte"},"schema":{"@context":"https:\/\/schema.org","@graph":[{"@type":"WebPage","@id":"https:\/\/kidsplay.lt\/produktas\/tooky-toys-medine-piramide-meskiukas\/","url":"https:\/\/kidsplay.lt\/produktas\/tooky-toys-medine-piramide-meskiukas\/","name":"TOOKY Toys koka piram\u012bdas rota\u013cu l\u0101c\u012btis","isPartOf":{"@id":"https:\/\/kidsplay.lt\/#website"},"primaryImageOfPage":{"@id":"https:\/\/kidsplay.lt\/produktas\/tooky-toys-medine-piramide-meskiukas\/#primaryimage"},"image":{"@id":"https:\/\/kidsplay.lt\/produktas\/tooky-toys-medine-piramide-meskiukas\/#primaryimage"},"thumbnailUrl":"https:\/\/kidsplay.lt\/wp-content\/uploads\/2025\/11\/TOOKY-ZAISLAS-Medine-jutimine-delione-Piramide-Sensorine-meskiukas-Spalvingas-kaminas.jpg","datePublished":"2025-11-30T18:31:50+00:00","dateModified":"2026-04-07T06:54:19+00:00","description":"TOOKY \u017dAISLAS Medin\u0117 jutimin\u0117 d\u0117lion\u0117 Piramid\u0117 Sensorin\u0117 me\u0161kiukas Spalvingas kaminas - KidsPlay. Did\u017eiausias vaik\u0173 \u017eaisl\u0173 pasirinkimas.","breadcrumb":{"@id":"https:\/\/kidsplay.lt\/produktas\/tooky-toys-medine-piramide-meskiukas\/#breadcrumb"},"inLanguage":"lv-LV","potentialAction":[{"@type":"ReadAction","target":["https:\/\/kidsplay.lt\/produktas\/tooky-toys-medine-piramide-meskiukas\/"]}]},{"@type":"ImageObject","inLanguage":"lv-LV","@id":"https:\/\/kidsplay.lt\/produktas\/tooky-toys-medine-piramide-meskiukas\/#primaryimage","url":"https:\/\/kidsplay.lt\/wp-content\/uploads\/2025\/11\/TOOKY-ZAISLAS-Medine-jutimine-delione-Piramide-Sensorine-meskiukas-Spalvingas-kaminas.jpg","contentUrl":"https:\/\/kidsplay.lt\/wp-content\/uploads\/2025\/11\/TOOKY-ZAISLAS-Medine-jutimine-delione-Piramide-Sensorine-meskiukas-Spalvingas-kaminas.jpg","width":1000,"height":1000,"caption":"TOOKY \u017dAISLAS Medin\u0117 jutimin\u0117 d\u0117lion\u0117 Piramid\u0117 Sensorin\u0117 me\u0161kiukas Spalvingas kaminas"},{"@type":"BreadcrumbList","@id":"https:\/\/kidsplay.lt\/produktas\/tooky-toys-medine-piramide-meskiukas\/#breadcrumb","itemListElement":[{"@type":"ListItem","position":1,"name":"Pagrindinis","item":"https:\/\/kidsplay.lt\/"},{"@type":"ListItem","position":2,"name":"Parduotuv\u0117","item":"https:\/\/kidsplay.lt\/parduotuve\/"},{"@type":"ListItem","position":3,"name":"TOOKY Toys medin\u0117 piramid\u0117 me\u0161kiukas"}]},{"@type":"WebSite","@id":"https:\/\/kidsplay.lt\/#website","url":"https:\/\/kidsplay.lt\/","name":"B\u0113rnu sp\u0113les.lv","description":"\u012evairios prek\u0117s vaikams","publisher":{"@id":"https:\/\/kidsplay.lt\/#organization"},"alternateName":"Kidsplay","potentialAction":[{"@type":"SearchAction","target":{"@type":"EntryPoint","urlTemplate":"https:\/\/kidsplay.lt\/?s={search_term_string}"},"query-input":{"@type":"PropertyValueSpecification","valueRequired":true,"valueName":"search_term_string"}}],"inLanguage":"lv-LV"},{"@type":"Organization","@id":"https:\/\/kidsplay.lt\/#organization","name":"B\u0113rnu sp\u0113le","url":"https:\/\/kidsplay.lt\/","logo":{"@type":"ImageObject","inLanguage":"lv-LV","@id":"https:\/\/kidsplay.lt\/#\/schema\/logo\/image\/","url":"https:\/\/kidsplay.lt\/wp-content\/uploads\/2023\/07\/kidsplay-logo.png","contentUrl":"https:\/\/kidsplay.lt\/wp-content\/uploads\/2023\/07\/kidsplay-logo.png","width":451,"height":98,"caption":"KidsPlay"},"image":{"@id":"https:\/\/kidsplay.lt\/#\/schema\/logo\/image\/"},"sameAs":["https:\/\/www.facebook.com\/www.kidsplay.lt"]}]}},"_links":{"self":[{"href":"https:\/\/kidsplay.lt\/lv\/wp-json\/wp\/v2\/product\/81188","targetHints":{"allow":["GET"]}}],"collection":[{"href":"https:\/\/kidsplay.lt\/lv\/wp-json\/wp\/v2\/product"}],"about":[{"href":"https:\/\/kidsplay.lt\/lv\/wp-json\/wp\/v2\/types\/product"}],"version-history":[{"count":2,"href":"https:\/\/kidsplay.lt\/lv\/wp-json\/wp\/v2\/product\/81188\/revisions"}],"predecessor-version":[{"id":83569,"href":"https:\/\/kidsplay.lt\/lv\/wp-json\/wp\/v2\/product\/81188\/revisions\/83569"}],"wp:featuredmedia":[{"embeddable":true,"href":"https:\/\/kidsplay.lt\/lv\/wp-json\/wp\/v2\/media\/81190"}],"wp:attachment":[{"href":"https:\/\/kidsplay.lt\/lv\/wp-json\/wp\/v2\/media?parent=81188"}],"wp:term":[{"taxonomy":"product_brand","embeddable":true,"href":"https:\/\/kidsplay.lt\/lv\/wp-json\/wp\/v2\/product_brand?post=81188"},{"taxonomy":"product_cat","embeddable":true,"href":"https:\/\/kidsplay.lt\/lv\/wp-json\/wp\/v2\/product_cat?post=81188"},{"taxonomy":"product_tag","embeddable":true,"href":"https:\/\/kidsplay.lt\/lv\/wp-json\/wp\/v2\/product_tag?post=81188"}],"curies":[{"name":"wp","href":"https:\/\/api.w.org\/{rel}","templated":true}]}}