{"id":81193,"date":"2025-11-30T20:32:07","date_gmt":"2025-11-30T18:32:07","guid":{"rendered":"https:\/\/kidsplay.lt\/produktas\/tooky-zaislas-medinis-juru-zaislu-rinkinys-balansavimo-boksto-zvejybos-figureles-23-vnt\/"},"modified":"2026-04-13T14:15:48","modified_gmt":"2026-04-13T11:15:48","slug":"tooky-zaislas-medinis-juru-zaislu-rinkinys-balansavimo-boksto-zvejybos-figureles-23-vnt","status":"publish","type":"product","link":"https:\/\/kidsplay.lt\/lv\/products\/tooky-zaislas-medinis-juru-zaislu-rinkinys-balansavimo-boksto-zvejybos-figureles-23-vnt\/","title":{"rendered":"TOOKY \u017dAISLAS Medinis j\u016br\u0173 \u017eaisl\u0173 rinkinys balansavimo bok\u0161to \u017evejybos fig\u016br\u0117l\u0117s 23 vnt"},"content":{"rendered":"<p>Pasinerkite \u012f povandenini\u0173 nuotyki\u0173 pasaul\u012f su \u0161iuo unikaliu medini\u0173 prek\u0117s \u017eenkl\u0173 gyv\u016bn\u0173 rinkiniu\u00a0Tooky \u017daislas!\u00a0Ne tik \u012fprastos \u2013 fig\u016bros yra visas galimybi\u0173 vandenynas, kuris nud\u017eiugins kiekvien\u0105 vaik\u0105. Viduje yra magnetin\u0117 me\u0161ker\u0117 spalvingiems padarams, erdvus galvos\u016bkis, balansuojantis su koraliniu rifu ir edukacinis si\u016blas su \u017eaviais gelmi\u0173 gyventojais. Ry\u0161kios spalvos, draugi\u0161kos formos ir nat\u016bralus medis linksmybes paver\u010dia ne tik \u017eavingomis, bet ir visi\u0161kai saugiomis. Kiekvienas elementas buvo skirtas ma\u017eoms rankoms, kurios mokosi j\u016bros pasaulio paslap\u010di\u0173.<\/p>\n<p>Raksturojums:<\/p>\n<p> \tVaikams nuo 3 metai\u00a0gyvenimas<br \/>\n \tPilnas 3 skirting\u0173 \u017eaisl\u0173 rinkinys j\u016brin\u0117je atmosferoje<br \/>\n \tPagaminta i\u0161 auk\u0161tos kokyb\u0117s, nat\u016bralios medienos<br \/>\n \tMagnetin\u0117s me\u0161ker\u0117s \u017evejybai ir kitiems padarams<br \/>\n \tErdvini\u0173 koral\u0173 rif\u0173 balansavimo galvos\u016bkis<br \/>\n \tPrakti\u0161kas kibiras su laikymo rankena<br \/>\n \tSaug\u016bs vandens pagrindo da\u017eai, draugi\u0161ki vaikams<\/p>\n<p>Komplekt\u0101 ietilpst:<\/p>\n<p> \t\u2705 Kibiras visiems daiktams laikyti<br \/>\n \t\u2705 \u017dvejybos lenta, veikianti kaip kau\u0161o dangtis<br \/>\n \t\u2705 15 Medin\u0117s j\u016bros b\u016btyb\u0117s fig\u016bros<br \/>\n \t\u2705 3 Koralini\u0173 rif\u0173 dalys<br \/>\n \t\u2705 2 Strypai<br \/>\n \t\u2705 Medin\u0117 sriegimo adata<\/p>","protected":false},"excerpt":{"rendered":"<p>Pasinerkite \u012f povandenini\u0173 nuotyki\u0173 pasaul\u012f su \u0161iuo unikaliu medini\u0173 prek\u0117s \u017eenkl\u0173 gyv\u016bn\u0173 rinkiniu\u00a0Tooky \u017daislas!\u00a0Ne tik \u012fprastos \u2013 fig\u016bros yra visas<\/p>","protected":false},"featured_media":81195,"template":"","meta":{"_acf_changed":false,"_glsr_average":0,"_glsr_ranking":0,"_glsr_reviews":0},"product_brand":[],"product_cat":[884,883,229],"product_tag":[],"class_list":{"0":"post-81193","1":"product","2":"type-product","3":"status-publish","4":"has-post-thumbnail","6":"product_cat-edukaciniai-lavinamieji-mediniai-zaislai","7":"product_cat-mediniai-zaislai-2","8":"product_cat-zaislai-vaikams","9":"\"style=\"background-color: #2ecc711c;\"","11":"first","12":"instock","13":"purchasable","14":"product-type-simple"},"acf":[],"yoast_head":"<!-- This site is optimized with the Yoast SEO plugin v27.3 - https:\/\/yoast.com\/product\/yoast-seo-wordpress\/ -->\n<title>TOOKY \u017dAISLAS Medinis j\u016br\u0173 \u017eaisl\u0173 rinkinys balansavimo bok\u0161to \u017evejybos fig\u016br\u0117l\u0117s 23 vnt<\/title>\n<meta name=\"description\" content=\"TOOKY \u017dAISLAS Medinis j\u016br\u0173 \u017eaisl\u0173 rinkinys balansavimo bok\u0161to \u017evejybos fig\u016br\u0117l\u0117s 23 vnt - KidsPlay. Did\u017eiausias vaik\u0173 \u017eaisl\u0173 pasirinkimas.\" \/>\n<meta name=\"robots\" content=\"index, follow, max-snippet:-1, max-image-preview:large, max-video-preview:-1\" \/>\n<link rel=\"canonical\" href=\"https:\/\/kidsplay.lt\/lv\/products\/tooky-zaislas-medinis-juru-zaislu-rinkinys-balansavimo-boksto-zvejybos-figureles-23-vnt\/\" \/>\n<meta property=\"og:locale\" content=\"lv_LV\" \/>\n<meta property=\"og:type\" content=\"article\" \/>\n<meta property=\"og:title\" content=\"TOOKY \u017dAISLAS Medinis j\u016br\u0173 \u017eaisl\u0173 rinkinys balansavimo bok\u0161to \u017evejybos fig\u016br\u0117l\u0117s 23 vnt\" \/>\n<meta property=\"og:description\" content=\"TOOKY \u017dAISLAS Medinis j\u016br\u0173 \u017eaisl\u0173 rinkinys balansavimo bok\u0161to \u017evejybos fig\u016br\u0117l\u0117s 23 vnt - KidsPlay. Did\u017eiausias vaik\u0173 \u017eaisl\u0173 pasirinkimas.\" \/>\n<meta property=\"og:url\" content=\"https:\/\/kidsplay.lt\/lv\/products\/tooky-zaislas-medinis-juru-zaislu-rinkinys-balansavimo-boksto-zvejybos-figureles-23-vnt\/\" \/>\n<meta property=\"og:site_name\" content=\"KidsPlay\" \/>\n<meta property=\"article:publisher\" content=\"https:\/\/www.facebook.com\/www.kidsplay.lt\" \/>\n<meta property=\"article:modified_time\" content=\"2026-04-13T11:15:48+00:00\" \/>\n<meta property=\"og:image\" content=\"https:\/\/kidsplay.lt\/wp-content\/uploads\/2025\/11\/TOOKY-ZAISLAS-Medinis-juru-zaislu-rinkinys-balansavimo-boksto-zvejybos-figureles-23-vnt.jpg\" \/>\n\t<meta property=\"og:image:width\" content=\"2560\" \/>\n\t<meta property=\"og:image:height\" content=\"2560\" \/>\n\t<meta property=\"og:image:type\" content=\"image\/jpeg\" \/>\n<meta name=\"twitter:card\" content=\"summary_large_image\" \/>\n<meta name=\"twitter:label1\" content=\"Est. reading time\" \/>\n\t<meta name=\"twitter:data1\" content=\"1 min\u016bte\" \/>\n<script type=\"application\/ld+json\" class=\"yoast-schema-graph\">{\"@context\":\"https:\\\/\\\/schema.org\",\"@graph\":[{\"@type\":\"WebPage\",\"@id\":\"https:\\\/\\\/kidsplay.lt\\\/produktas\\\/tooky-zaislas-medinis-juru-zaislu-rinkinys-balansavimo-boksto-zvejybos-figureles-23-vnt\\\/\",\"url\":\"https:\\\/\\\/kidsplay.lt\\\/produktas\\\/tooky-zaislas-medinis-juru-zaislu-rinkinys-balansavimo-boksto-zvejybos-figureles-23-vnt\\\/\",\"name\":\"TOOKY \u017dAISLAS Medinis j\u016br\u0173 \u017eaisl\u0173 rinkinys balansavimo bok\u0161to \u017evejybos fig\u016br\u0117l\u0117s 23 vnt\",\"isPartOf\":{\"@id\":\"https:\\\/\\\/kidsplay.lt\\\/#website\"},\"primaryImageOfPage\":{\"@id\":\"https:\\\/\\\/kidsplay.lt\\\/produktas\\\/tooky-zaislas-medinis-juru-zaislu-rinkinys-balansavimo-boksto-zvejybos-figureles-23-vnt\\\/#primaryimage\"},\"image\":{\"@id\":\"https:\\\/\\\/kidsplay.lt\\\/produktas\\\/tooky-zaislas-medinis-juru-zaislu-rinkinys-balansavimo-boksto-zvejybos-figureles-23-vnt\\\/#primaryimage\"},\"thumbnailUrl\":\"https:\\\/\\\/kidsplay.lt\\\/wp-content\\\/uploads\\\/2025\\\/11\\\/TOOKY-ZAISLAS-Medinis-juru-zaislu-rinkinys-balansavimo-boksto-zvejybos-figureles-23-vnt.jpg\",\"datePublished\":\"2025-11-30T18:32:07+00:00\",\"dateModified\":\"2026-04-13T11:15:48+00:00\",\"description\":\"TOOKY \u017dAISLAS Medinis j\u016br\u0173 \u017eaisl\u0173 rinkinys balansavimo bok\u0161to \u017evejybos fig\u016br\u0117l\u0117s 23 vnt - KidsPlay. Did\u017eiausias vaik\u0173 \u017eaisl\u0173 pasirinkimas.\",\"breadcrumb\":{\"@id\":\"https:\\\/\\\/kidsplay.lt\\\/produktas\\\/tooky-zaislas-medinis-juru-zaislu-rinkinys-balansavimo-boksto-zvejybos-figureles-23-vnt\\\/#breadcrumb\"},\"inLanguage\":\"lv-LV\",\"potentialAction\":[{\"@type\":\"ReadAction\",\"target\":[\"https:\\\/\\\/kidsplay.lt\\\/produktas\\\/tooky-zaislas-medinis-juru-zaislu-rinkinys-balansavimo-boksto-zvejybos-figureles-23-vnt\\\/\"]}]},{\"@type\":\"ImageObject\",\"inLanguage\":\"lv-LV\",\"@id\":\"https:\\\/\\\/kidsplay.lt\\\/produktas\\\/tooky-zaislas-medinis-juru-zaislu-rinkinys-balansavimo-boksto-zvejybos-figureles-23-vnt\\\/#primaryimage\",\"url\":\"https:\\\/\\\/kidsplay.lt\\\/wp-content\\\/uploads\\\/2025\\\/11\\\/TOOKY-ZAISLAS-Medinis-juru-zaislu-rinkinys-balansavimo-boksto-zvejybos-figureles-23-vnt.jpg\",\"contentUrl\":\"https:\\\/\\\/kidsplay.lt\\\/wp-content\\\/uploads\\\/2025\\\/11\\\/TOOKY-ZAISLAS-Medinis-juru-zaislu-rinkinys-balansavimo-boksto-zvejybos-figureles-23-vnt.jpg\",\"width\":2560,\"height\":2560,\"caption\":\"TOOKY \u017dAISLAS Medinis j\u016br\u0173 \u017eaisl\u0173 rinkinys balansavimo bok\u0161to \u017evejybos fig\u016br\u0117l\u0117s 23 vnt\"},{\"@type\":\"BreadcrumbList\",\"@id\":\"https:\\\/\\\/kidsplay.lt\\\/produktas\\\/tooky-zaislas-medinis-juru-zaislu-rinkinys-balansavimo-boksto-zvejybos-figureles-23-vnt\\\/#breadcrumb\",\"itemListElement\":[{\"@type\":\"ListItem\",\"position\":1,\"name\":\"Pagrindinis\",\"item\":\"https:\\\/\\\/kidsplay.lt\\\/\"},{\"@type\":\"ListItem\",\"position\":2,\"name\":\"Parduotuv\u0117\",\"item\":\"https:\\\/\\\/kidsplay.lt\\\/parduotuve\\\/\"},{\"@type\":\"ListItem\",\"position\":3,\"name\":\"TOOKY \u017dAISLAS Medinis j\u016br\u0173 \u017eaisl\u0173 rinkinys balansavimo bok\u0161to \u017evejybos fig\u016br\u0117l\u0117s 23 vnt\"}]},{\"@type\":\"WebSite\",\"@id\":\"https:\\\/\\\/kidsplay.lt\\\/#website\",\"url\":\"https:\\\/\\\/kidsplay.lt\\\/\",\"name\":\"Kidsplay.lt\",\"description\":\"\u012evairios prek\u0117s vaikams\",\"publisher\":{\"@id\":\"https:\\\/\\\/kidsplay.lt\\\/#organization\"},\"alternateName\":\"Kidsplay\",\"potentialAction\":[{\"@type\":\"SearchAction\",\"target\":{\"@type\":\"EntryPoint\",\"urlTemplate\":\"https:\\\/\\\/kidsplay.lt\\\/?s={search_term_string}\"},\"query-input\":{\"@type\":\"PropertyValueSpecification\",\"valueRequired\":true,\"valueName\":\"search_term_string\"}}],\"inLanguage\":\"lv-LV\"},{\"@type\":\"Organization\",\"@id\":\"https:\\\/\\\/kidsplay.lt\\\/#organization\",\"name\":\"KidsPlay\",\"url\":\"https:\\\/\\\/kidsplay.lt\\\/\",\"logo\":{\"@type\":\"ImageObject\",\"inLanguage\":\"lv-LV\",\"@id\":\"https:\\\/\\\/kidsplay.lt\\\/#\\\/schema\\\/logo\\\/image\\\/\",\"url\":\"https:\\\/\\\/kidsplay.lt\\\/wp-content\\\/uploads\\\/2023\\\/07\\\/kidsplay-logo.png\",\"contentUrl\":\"https:\\\/\\\/kidsplay.lt\\\/wp-content\\\/uploads\\\/2023\\\/07\\\/kidsplay-logo.png\",\"width\":451,\"height\":98,\"caption\":\"KidsPlay\"},\"image\":{\"@id\":\"https:\\\/\\\/kidsplay.lt\\\/#\\\/schema\\\/logo\\\/image\\\/\"},\"sameAs\":[\"https:\\\/\\\/www.facebook.com\\\/www.kidsplay.lt\"]}]}<\/script>\n<!-- \/ Yoast SEO plugin. -->","yoast_head_json":{"title":"TOOKY \u017dAISLAS Medinis j\u016br\u0173 \u017eaisl\u0173 rinkinys balansavimo bok\u0161to \u017evejybos fig\u016br\u0117l\u0117s 23 vnt","description":"TOOKY \u017dAISLAS Medinis j\u016br\u0173 \u017eaisl\u0173 rinkinys balansavimo bok\u0161to \u017evejybos fig\u016br\u0117l\u0117s 23 vnt - KidsPlay. Did\u017eiausias vaik\u0173 \u017eaisl\u0173 pasirinkimas.","robots":{"index":"index","follow":"follow","max-snippet":"max-snippet:-1","max-image-preview":"max-image-preview:large","max-video-preview":"max-video-preview:-1"},"canonical":"https:\/\/kidsplay.lt\/lv\/products\/tooky-zaislas-medinis-juru-zaislu-rinkinys-balansavimo-boksto-zvejybos-figureles-23-vnt\/","og_locale":"lv_LV","og_type":"article","og_title":"TOOKY \u017dAISLAS Medinis j\u016br\u0173 \u017eaisl\u0173 rinkinys balansavimo bok\u0161to \u017evejybos fig\u016br\u0117l\u0117s 23 vnt","og_description":"TOOKY \u017dAISLAS Medinis j\u016br\u0173 \u017eaisl\u0173 rinkinys balansavimo bok\u0161to \u017evejybos fig\u016br\u0117l\u0117s 23 vnt - KidsPlay. Did\u017eiausias vaik\u0173 \u017eaisl\u0173 pasirinkimas.","og_url":"https:\/\/kidsplay.lt\/lv\/products\/tooky-zaislas-medinis-juru-zaislu-rinkinys-balansavimo-boksto-zvejybos-figureles-23-vnt\/","og_site_name":"KidsPlay","article_publisher":"https:\/\/www.facebook.com\/www.kidsplay.lt","article_modified_time":"2026-04-13T11:15:48+00:00","og_image":[{"width":2560,"height":2560,"url":"https:\/\/kidsplay.lt\/wp-content\/uploads\/2025\/11\/TOOKY-ZAISLAS-Medinis-juru-zaislu-rinkinys-balansavimo-boksto-zvejybos-figureles-23-vnt.jpg","type":"image\/jpeg"}],"twitter_card":"summary_large_image","twitter_misc":{"Est. reading time":"1 min\u016bte"},"schema":{"@context":"https:\/\/schema.org","@graph":[{"@type":"WebPage","@id":"https:\/\/kidsplay.lt\/produktas\/tooky-zaislas-medinis-juru-zaislu-rinkinys-balansavimo-boksto-zvejybos-figureles-23-vnt\/","url":"https:\/\/kidsplay.lt\/produktas\/tooky-zaislas-medinis-juru-zaislu-rinkinys-balansavimo-boksto-zvejybos-figureles-23-vnt\/","name":"TOOKY \u017dAISLAS Medinis j\u016br\u0173 \u017eaisl\u0173 rinkinys balansavimo bok\u0161to \u017evejybos fig\u016br\u0117l\u0117s 23 vnt","isPartOf":{"@id":"https:\/\/kidsplay.lt\/#website"},"primaryImageOfPage":{"@id":"https:\/\/kidsplay.lt\/produktas\/tooky-zaislas-medinis-juru-zaislu-rinkinys-balansavimo-boksto-zvejybos-figureles-23-vnt\/#primaryimage"},"image":{"@id":"https:\/\/kidsplay.lt\/produktas\/tooky-zaislas-medinis-juru-zaislu-rinkinys-balansavimo-boksto-zvejybos-figureles-23-vnt\/#primaryimage"},"thumbnailUrl":"https:\/\/kidsplay.lt\/wp-content\/uploads\/2025\/11\/TOOKY-ZAISLAS-Medinis-juru-zaislu-rinkinys-balansavimo-boksto-zvejybos-figureles-23-vnt.jpg","datePublished":"2025-11-30T18:32:07+00:00","dateModified":"2026-04-13T11:15:48+00:00","description":"TOOKY \u017dAISLAS Medinis j\u016br\u0173 \u017eaisl\u0173 rinkinys balansavimo bok\u0161to \u017evejybos fig\u016br\u0117l\u0117s 23 vnt - KidsPlay. Did\u017eiausias vaik\u0173 \u017eaisl\u0173 pasirinkimas.","breadcrumb":{"@id":"https:\/\/kidsplay.lt\/produktas\/tooky-zaislas-medinis-juru-zaislu-rinkinys-balansavimo-boksto-zvejybos-figureles-23-vnt\/#breadcrumb"},"inLanguage":"lv-LV","potentialAction":[{"@type":"ReadAction","target":["https:\/\/kidsplay.lt\/produktas\/tooky-zaislas-medinis-juru-zaislu-rinkinys-balansavimo-boksto-zvejybos-figureles-23-vnt\/"]}]},{"@type":"ImageObject","inLanguage":"lv-LV","@id":"https:\/\/kidsplay.lt\/produktas\/tooky-zaislas-medinis-juru-zaislu-rinkinys-balansavimo-boksto-zvejybos-figureles-23-vnt\/#primaryimage","url":"https:\/\/kidsplay.lt\/wp-content\/uploads\/2025\/11\/TOOKY-ZAISLAS-Medinis-juru-zaislu-rinkinys-balansavimo-boksto-zvejybos-figureles-23-vnt.jpg","contentUrl":"https:\/\/kidsplay.lt\/wp-content\/uploads\/2025\/11\/TOOKY-ZAISLAS-Medinis-juru-zaislu-rinkinys-balansavimo-boksto-zvejybos-figureles-23-vnt.jpg","width":2560,"height":2560,"caption":"TOOKY \u017dAISLAS Medinis j\u016br\u0173 \u017eaisl\u0173 rinkinys balansavimo bok\u0161to \u017evejybos fig\u016br\u0117l\u0117s 23 vnt"},{"@type":"BreadcrumbList","@id":"https:\/\/kidsplay.lt\/produktas\/tooky-zaislas-medinis-juru-zaislu-rinkinys-balansavimo-boksto-zvejybos-figureles-23-vnt\/#breadcrumb","itemListElement":[{"@type":"ListItem","position":1,"name":"Pagrindinis","item":"https:\/\/kidsplay.lt\/"},{"@type":"ListItem","position":2,"name":"Parduotuv\u0117","item":"https:\/\/kidsplay.lt\/parduotuve\/"},{"@type":"ListItem","position":3,"name":"TOOKY \u017dAISLAS Medinis j\u016br\u0173 \u017eaisl\u0173 rinkinys balansavimo bok\u0161to \u017evejybos fig\u016br\u0117l\u0117s 23 vnt"}]},{"@type":"WebSite","@id":"https:\/\/kidsplay.lt\/#website","url":"https:\/\/kidsplay.lt\/","name":"B\u0113rnu sp\u0113les.lv","description":"\u012evairios prek\u0117s vaikams","publisher":{"@id":"https:\/\/kidsplay.lt\/#organization"},"alternateName":"Kidsplay","potentialAction":[{"@type":"SearchAction","target":{"@type":"EntryPoint","urlTemplate":"https:\/\/kidsplay.lt\/?s={search_term_string}"},"query-input":{"@type":"PropertyValueSpecification","valueRequired":true,"valueName":"search_term_string"}}],"inLanguage":"lv-LV"},{"@type":"Organization","@id":"https:\/\/kidsplay.lt\/#organization","name":"B\u0113rnu sp\u0113le","url":"https:\/\/kidsplay.lt\/","logo":{"@type":"ImageObject","inLanguage":"lv-LV","@id":"https:\/\/kidsplay.lt\/#\/schema\/logo\/image\/","url":"https:\/\/kidsplay.lt\/wp-content\/uploads\/2023\/07\/kidsplay-logo.png","contentUrl":"https:\/\/kidsplay.lt\/wp-content\/uploads\/2023\/07\/kidsplay-logo.png","width":451,"height":98,"caption":"KidsPlay"},"image":{"@id":"https:\/\/kidsplay.lt\/#\/schema\/logo\/image\/"},"sameAs":["https:\/\/www.facebook.com\/www.kidsplay.lt"]}]}},"_links":{"self":[{"href":"https:\/\/kidsplay.lt\/lv\/wp-json\/wp\/v2\/product\/81193","targetHints":{"allow":["GET"]}}],"collection":[{"href":"https:\/\/kidsplay.lt\/lv\/wp-json\/wp\/v2\/product"}],"about":[{"href":"https:\/\/kidsplay.lt\/lv\/wp-json\/wp\/v2\/types\/product"}],"version-history":[{"count":1,"href":"https:\/\/kidsplay.lt\/lv\/wp-json\/wp\/v2\/product\/81193\/revisions"}],"predecessor-version":[{"id":81194,"href":"https:\/\/kidsplay.lt\/lv\/wp-json\/wp\/v2\/product\/81193\/revisions\/81194"}],"wp:featuredmedia":[{"embeddable":true,"href":"https:\/\/kidsplay.lt\/lv\/wp-json\/wp\/v2\/media\/81195"}],"wp:attachment":[{"href":"https:\/\/kidsplay.lt\/lv\/wp-json\/wp\/v2\/media?parent=81193"}],"wp:term":[{"taxonomy":"product_brand","embeddable":true,"href":"https:\/\/kidsplay.lt\/lv\/wp-json\/wp\/v2\/product_brand?post=81193"},{"taxonomy":"product_cat","embeddable":true,"href":"https:\/\/kidsplay.lt\/lv\/wp-json\/wp\/v2\/product_cat?post=81193"},{"taxonomy":"product_tag","embeddable":true,"href":"https:\/\/kidsplay.lt\/lv\/wp-json\/wp\/v2\/product_tag?post=81193"}],"curies":[{"name":"wp","href":"https:\/\/api.w.org\/{rel}","templated":true}]}}