{"id":81198,"date":"2025-11-30T20:32:23","date_gmt":"2025-11-30T18:32:23","guid":{"rendered":"https:\/\/kidsplay.lt\/produktas\/tooky-zaislas-medinis-montessori-educational-board-astronaut-spaceship\/"},"modified":"2026-04-13T14:15:51","modified_gmt":"2026-04-13T11:15:51","slug":"tooky-zaislas-medine-astronauto-manipuliacine-lenta","status":"publish","type":"product","link":"https:\/\/kidsplay.lt\/lv\/products\/tooky-zaislas-medine-astronauto-manipuliacine-lenta\/","title":{"rendered":"TOOKY TOY koka astronauta manipul\u0101cijas d\u0113lis"},"content":{"rendered":"<p>\u012esivaizduokite tikros kosmin\u0117s stoties valdymo pult\u0105, kuriame kiekvienas mygtukas, ranken\u0117l\u0117 ir svirtis turi \u012fsp\u016bding\u0105 paslapt\u012f. \u0160i unikali prek\u0117s \u017eenklo manipuliavimo lenta\u00a0Tooky \u017daislas\u00a0tai nukelia vaikus \u012f nepamir\u0161tam\u0105 kelion\u0119 per Saul\u0117s sistem\u0105, derinant \u0161vietim\u0105 su \u012fdomiomis pramogomis. Spalvinga grafika su astronautais, planetomis ir raketomis atgaivina vaizduot\u0119, o \u012fvair\u016bs interaktyv\u016bs elementai suteikia valand\u0173 valandas tyrin\u0117jim\u0173 ir atradim\u0173. Tai ne tik \u2013 \u017eaislas, tai vartai \u012f visat\u0105, kuri ugdo smalsum\u0105 pasauliui ir nor\u0105 tyrin\u0117ti kosmos\u0105.<\/p>\n<p>Raksturojums:<\/p>\n<p>&#8211; Vaikams nuo\u00a03 metu<br \/>\n&#8211; Medin\u0117 auk\u0161tos kokyb\u0117s med\u017eiag\u0173 konstrukcija<br \/>\n&#8211; Turtinga kosmin\u0117 grafika su planet\u0173, raket\u0173 ir astronaut\u0173 iliustracijomis<br \/>\n&#8211; Daugyb\u0117 valdymo element\u0173: ranken\u0117l\u0117s, skl\u0105s\u010diai, svirtys, sklend\u0117s ir jungikliai<br \/>\n&#8211; Skydelis su veidrod\u017eiais ir besisukan\u010diais apskritimais su fig\u016bromis<br \/>\n&#8211; Spidometras ir temperat\u016bros matuokliai, skirti valdyti erdv\u0117laiv\u012f<br \/>\n&#8211; Besisukantis radaras<br \/>\n&#8211; Elementai su judan\u010diomis planetomis ant stygos<br \/>\n&#8211; Pavar\u0173 ratai su fig\u016brin\u0117mis iliustracijomis<\/p>","protected":false},"excerpt":{"rendered":"<p>\u012esivaizduokite tikros kosmin\u0117s stoties valdymo pult\u0105, kuriame kiekvienas mygtukas, ranken\u0117l\u0117 ir svirtis turi \u012fsp\u016bding\u0105 paslapt\u012f. \u0160i unikali prek\u0117s \u017eenklo manipuliavimo<\/p>","protected":false},"featured_media":81200,"template":"","meta":{"_acf_changed":false,"_glsr_average":0,"_glsr_ranking":0,"_glsr_reviews":0},"product_brand":[],"product_cat":[549,229],"product_tag":[],"class_list":{"0":"post-81198","1":"product","2":"type-product","3":"status-publish","4":"has-post-thumbnail","6":"product_cat-manipuliacines-lentos","7":"product_cat-zaislai-vaikams","8":"\"style=\"background-color: #2ecc711c;\"","10":"first","11":"instock","12":"purchasable","13":"product-type-simple"},"acf":[],"yoast_head":"<!-- This site is optimized with the Yoast SEO plugin v27.3 - https:\/\/yoast.com\/product\/yoast-seo-wordpress\/ -->\n<title>TOOKY \u017dAISLAS Medin\u0117 astronauto manipuliacin\u0117 lenta<\/title>\n<meta name=\"description\" content=\"TOOKY \u017dAISLAS Medinis Montessori Educational Board Astronaut Spaceship - KidsPlay. Did\u017eiausias vaik\u0173 \u017eaisl\u0173 pasirinkimas.\" \/>\n<meta name=\"robots\" content=\"index, follow, max-snippet:-1, max-image-preview:large, max-video-preview:-1\" \/>\n<link rel=\"canonical\" href=\"https:\/\/kidsplay.lt\/lv\/products\/tooky-zaislas-medine-astronauto-manipuliacine-lenta\/\" \/>\n<meta property=\"og:locale\" content=\"lv_LV\" \/>\n<meta property=\"og:type\" content=\"article\" \/>\n<meta property=\"og:title\" content=\"TOOKY \u017dAISLAS Medin\u0117 astronauto manipuliacin\u0117 lenta\" \/>\n<meta property=\"og:description\" content=\"TOOKY \u017dAISLAS Medinis Montessori Educational Board Astronaut Spaceship - KidsPlay. Did\u017eiausias vaik\u0173 \u017eaisl\u0173 pasirinkimas.\" \/>\n<meta property=\"og:url\" content=\"https:\/\/kidsplay.lt\/lv\/products\/tooky-zaislas-medine-astronauto-manipuliacine-lenta\/\" \/>\n<meta property=\"og:site_name\" content=\"KidsPlay\" \/>\n<meta property=\"article:publisher\" content=\"https:\/\/www.facebook.com\/www.kidsplay.lt\" \/>\n<meta property=\"article:modified_time\" content=\"2026-04-13T11:15:51+00:00\" \/>\n<meta property=\"og:image\" content=\"https:\/\/kidsplay.lt\/wp-content\/uploads\/2025\/11\/TOOKY-ZAISLAS-Medinis-Montessori-Educational-Board-Astronaut-Spaceship.jpg\" \/>\n\t<meta property=\"og:image:width\" content=\"1000\" \/>\n\t<meta property=\"og:image:height\" content=\"1000\" \/>\n\t<meta property=\"og:image:type\" content=\"image\/jpeg\" \/>\n<meta name=\"twitter:card\" content=\"summary_large_image\" \/>\n<meta name=\"twitter:label1\" content=\"Est. reading time\" \/>\n\t<meta name=\"twitter:data1\" content=\"1 min\u016bte\" \/>\n<script type=\"application\/ld+json\" class=\"yoast-schema-graph\">{\"@context\":\"https:\\\/\\\/schema.org\",\"@graph\":[{\"@type\":\"WebPage\",\"@id\":\"https:\\\/\\\/kidsplay.lt\\\/produktas\\\/tooky-zaislas-medine-astronauto-manipuliacine-lenta\\\/\",\"url\":\"https:\\\/\\\/kidsplay.lt\\\/produktas\\\/tooky-zaislas-medine-astronauto-manipuliacine-lenta\\\/\",\"name\":\"TOOKY \u017dAISLAS Medin\u0117 astronauto manipuliacin\u0117 lenta\",\"isPartOf\":{\"@id\":\"https:\\\/\\\/kidsplay.lt\\\/#website\"},\"primaryImageOfPage\":{\"@id\":\"https:\\\/\\\/kidsplay.lt\\\/produktas\\\/tooky-zaislas-medine-astronauto-manipuliacine-lenta\\\/#primaryimage\"},\"image\":{\"@id\":\"https:\\\/\\\/kidsplay.lt\\\/produktas\\\/tooky-zaislas-medine-astronauto-manipuliacine-lenta\\\/#primaryimage\"},\"thumbnailUrl\":\"https:\\\/\\\/kidsplay.lt\\\/wp-content\\\/uploads\\\/2025\\\/11\\\/TOOKY-ZAISLAS-Medinis-Montessori-Educational-Board-Astronaut-Spaceship.jpg\",\"datePublished\":\"2025-11-30T18:32:23+00:00\",\"dateModified\":\"2026-04-13T11:15:51+00:00\",\"description\":\"TOOKY \u017dAISLAS Medinis Montessori Educational Board Astronaut Spaceship - KidsPlay. Did\u017eiausias vaik\u0173 \u017eaisl\u0173 pasirinkimas.\",\"breadcrumb\":{\"@id\":\"https:\\\/\\\/kidsplay.lt\\\/produktas\\\/tooky-zaislas-medine-astronauto-manipuliacine-lenta\\\/#breadcrumb\"},\"inLanguage\":\"lv-LV\",\"potentialAction\":[{\"@type\":\"ReadAction\",\"target\":[\"https:\\\/\\\/kidsplay.lt\\\/produktas\\\/tooky-zaislas-medine-astronauto-manipuliacine-lenta\\\/\"]}]},{\"@type\":\"ImageObject\",\"inLanguage\":\"lv-LV\",\"@id\":\"https:\\\/\\\/kidsplay.lt\\\/produktas\\\/tooky-zaislas-medine-astronauto-manipuliacine-lenta\\\/#primaryimage\",\"url\":\"https:\\\/\\\/kidsplay.lt\\\/wp-content\\\/uploads\\\/2025\\\/11\\\/TOOKY-ZAISLAS-Medinis-Montessori-Educational-Board-Astronaut-Spaceship.jpg\",\"contentUrl\":\"https:\\\/\\\/kidsplay.lt\\\/wp-content\\\/uploads\\\/2025\\\/11\\\/TOOKY-ZAISLAS-Medinis-Montessori-Educational-Board-Astronaut-Spaceship.jpg\",\"width\":1000,\"height\":1000,\"caption\":\"TOOKY \u017dAISLAS Medinis Montessori Educational Board Astronaut Spaceship\"},{\"@type\":\"BreadcrumbList\",\"@id\":\"https:\\\/\\\/kidsplay.lt\\\/produktas\\\/tooky-zaislas-medine-astronauto-manipuliacine-lenta\\\/#breadcrumb\",\"itemListElement\":[{\"@type\":\"ListItem\",\"position\":1,\"name\":\"Pagrindinis\",\"item\":\"https:\\\/\\\/kidsplay.lt\\\/\"},{\"@type\":\"ListItem\",\"position\":2,\"name\":\"Parduotuv\u0117\",\"item\":\"https:\\\/\\\/kidsplay.lt\\\/parduotuve\\\/\"},{\"@type\":\"ListItem\",\"position\":3,\"name\":\"TOOKY \u017dAISLAS Medin\u0117 astronauto manipuliacin\u0117 lenta\"}]},{\"@type\":\"WebSite\",\"@id\":\"https:\\\/\\\/kidsplay.lt\\\/#website\",\"url\":\"https:\\\/\\\/kidsplay.lt\\\/\",\"name\":\"Kidsplay.lt\",\"description\":\"\u012evairios prek\u0117s vaikams\",\"publisher\":{\"@id\":\"https:\\\/\\\/kidsplay.lt\\\/#organization\"},\"alternateName\":\"Kidsplay\",\"potentialAction\":[{\"@type\":\"SearchAction\",\"target\":{\"@type\":\"EntryPoint\",\"urlTemplate\":\"https:\\\/\\\/kidsplay.lt\\\/?s={search_term_string}\"},\"query-input\":{\"@type\":\"PropertyValueSpecification\",\"valueRequired\":true,\"valueName\":\"search_term_string\"}}],\"inLanguage\":\"lv-LV\"},{\"@type\":\"Organization\",\"@id\":\"https:\\\/\\\/kidsplay.lt\\\/#organization\",\"name\":\"KidsPlay\",\"url\":\"https:\\\/\\\/kidsplay.lt\\\/\",\"logo\":{\"@type\":\"ImageObject\",\"inLanguage\":\"lv-LV\",\"@id\":\"https:\\\/\\\/kidsplay.lt\\\/#\\\/schema\\\/logo\\\/image\\\/\",\"url\":\"https:\\\/\\\/kidsplay.lt\\\/wp-content\\\/uploads\\\/2023\\\/07\\\/kidsplay-logo.png\",\"contentUrl\":\"https:\\\/\\\/kidsplay.lt\\\/wp-content\\\/uploads\\\/2023\\\/07\\\/kidsplay-logo.png\",\"width\":451,\"height\":98,\"caption\":\"KidsPlay\"},\"image\":{\"@id\":\"https:\\\/\\\/kidsplay.lt\\\/#\\\/schema\\\/logo\\\/image\\\/\"},\"sameAs\":[\"https:\\\/\\\/www.facebook.com\\\/www.kidsplay.lt\"]}]}<\/script>\n<!-- \/ Yoast SEO plugin. -->","yoast_head_json":{"title":"TOOKY TOY koka astronauta manipul\u0101cijas d\u0113lis","description":"TOOKY \u017dAISLAS Medinis Montessori Educational Board Astronaut Spaceship - KidsPlay. Did\u017eiausias vaik\u0173 \u017eaisl\u0173 pasirinkimas.","robots":{"index":"index","follow":"follow","max-snippet":"max-snippet:-1","max-image-preview":"max-image-preview:large","max-video-preview":"max-video-preview:-1"},"canonical":"https:\/\/kidsplay.lt\/lv\/products\/tooky-zaislas-medine-astronauto-manipuliacine-lenta\/","og_locale":"lv_LV","og_type":"article","og_title":"TOOKY \u017dAISLAS Medin\u0117 astronauto manipuliacin\u0117 lenta","og_description":"TOOKY \u017dAISLAS Medinis Montessori Educational Board Astronaut Spaceship - KidsPlay. Did\u017eiausias vaik\u0173 \u017eaisl\u0173 pasirinkimas.","og_url":"https:\/\/kidsplay.lt\/lv\/products\/tooky-zaislas-medine-astronauto-manipuliacine-lenta\/","og_site_name":"KidsPlay","article_publisher":"https:\/\/www.facebook.com\/www.kidsplay.lt","article_modified_time":"2026-04-13T11:15:51+00:00","og_image":[{"width":1000,"height":1000,"url":"https:\/\/kidsplay.lt\/wp-content\/uploads\/2025\/11\/TOOKY-ZAISLAS-Medinis-Montessori-Educational-Board-Astronaut-Spaceship.jpg","type":"image\/jpeg"}],"twitter_card":"summary_large_image","twitter_misc":{"Est. reading time":"1 min\u016bte"},"schema":{"@context":"https:\/\/schema.org","@graph":[{"@type":"WebPage","@id":"https:\/\/kidsplay.lt\/produktas\/tooky-zaislas-medine-astronauto-manipuliacine-lenta\/","url":"https:\/\/kidsplay.lt\/produktas\/tooky-zaislas-medine-astronauto-manipuliacine-lenta\/","name":"TOOKY TOY koka astronauta manipul\u0101cijas d\u0113lis","isPartOf":{"@id":"https:\/\/kidsplay.lt\/#website"},"primaryImageOfPage":{"@id":"https:\/\/kidsplay.lt\/produktas\/tooky-zaislas-medine-astronauto-manipuliacine-lenta\/#primaryimage"},"image":{"@id":"https:\/\/kidsplay.lt\/produktas\/tooky-zaislas-medine-astronauto-manipuliacine-lenta\/#primaryimage"},"thumbnailUrl":"https:\/\/kidsplay.lt\/wp-content\/uploads\/2025\/11\/TOOKY-ZAISLAS-Medinis-Montessori-Educational-Board-Astronaut-Spaceship.jpg","datePublished":"2025-11-30T18:32:23+00:00","dateModified":"2026-04-13T11:15:51+00:00","description":"TOOKY \u017dAISLAS Medinis Montessori Educational Board Astronaut Spaceship - KidsPlay. Did\u017eiausias vaik\u0173 \u017eaisl\u0173 pasirinkimas.","breadcrumb":{"@id":"https:\/\/kidsplay.lt\/produktas\/tooky-zaislas-medine-astronauto-manipuliacine-lenta\/#breadcrumb"},"inLanguage":"lv-LV","potentialAction":[{"@type":"ReadAction","target":["https:\/\/kidsplay.lt\/produktas\/tooky-zaislas-medine-astronauto-manipuliacine-lenta\/"]}]},{"@type":"ImageObject","inLanguage":"lv-LV","@id":"https:\/\/kidsplay.lt\/produktas\/tooky-zaislas-medine-astronauto-manipuliacine-lenta\/#primaryimage","url":"https:\/\/kidsplay.lt\/wp-content\/uploads\/2025\/11\/TOOKY-ZAISLAS-Medinis-Montessori-Educational-Board-Astronaut-Spaceship.jpg","contentUrl":"https:\/\/kidsplay.lt\/wp-content\/uploads\/2025\/11\/TOOKY-ZAISLAS-Medinis-Montessori-Educational-Board-Astronaut-Spaceship.jpg","width":1000,"height":1000,"caption":"TOOKY \u017dAISLAS Medinis Montessori Educational Board Astronaut Spaceship"},{"@type":"BreadcrumbList","@id":"https:\/\/kidsplay.lt\/produktas\/tooky-zaislas-medine-astronauto-manipuliacine-lenta\/#breadcrumb","itemListElement":[{"@type":"ListItem","position":1,"name":"Pagrindinis","item":"https:\/\/kidsplay.lt\/"},{"@type":"ListItem","position":2,"name":"Parduotuv\u0117","item":"https:\/\/kidsplay.lt\/parduotuve\/"},{"@type":"ListItem","position":3,"name":"TOOKY \u017dAISLAS Medin\u0117 astronauto manipuliacin\u0117 lenta"}]},{"@type":"WebSite","@id":"https:\/\/kidsplay.lt\/#website","url":"https:\/\/kidsplay.lt\/","name":"B\u0113rnu sp\u0113les.lv","description":"\u012evairios prek\u0117s vaikams","publisher":{"@id":"https:\/\/kidsplay.lt\/#organization"},"alternateName":"Kidsplay","potentialAction":[{"@type":"SearchAction","target":{"@type":"EntryPoint","urlTemplate":"https:\/\/kidsplay.lt\/?s={search_term_string}"},"query-input":{"@type":"PropertyValueSpecification","valueRequired":true,"valueName":"search_term_string"}}],"inLanguage":"lv-LV"},{"@type":"Organization","@id":"https:\/\/kidsplay.lt\/#organization","name":"B\u0113rnu sp\u0113le","url":"https:\/\/kidsplay.lt\/","logo":{"@type":"ImageObject","inLanguage":"lv-LV","@id":"https:\/\/kidsplay.lt\/#\/schema\/logo\/image\/","url":"https:\/\/kidsplay.lt\/wp-content\/uploads\/2023\/07\/kidsplay-logo.png","contentUrl":"https:\/\/kidsplay.lt\/wp-content\/uploads\/2023\/07\/kidsplay-logo.png","width":451,"height":98,"caption":"KidsPlay"},"image":{"@id":"https:\/\/kidsplay.lt\/#\/schema\/logo\/image\/"},"sameAs":["https:\/\/www.facebook.com\/www.kidsplay.lt"]}]}},"_links":{"self":[{"href":"https:\/\/kidsplay.lt\/lv\/wp-json\/wp\/v2\/product\/81198","targetHints":{"allow":["GET"]}}],"collection":[{"href":"https:\/\/kidsplay.lt\/lv\/wp-json\/wp\/v2\/product"}],"about":[{"href":"https:\/\/kidsplay.lt\/lv\/wp-json\/wp\/v2\/types\/product"}],"version-history":[{"count":3,"href":"https:\/\/kidsplay.lt\/lv\/wp-json\/wp\/v2\/product\/81198\/revisions"}],"predecessor-version":[{"id":83625,"href":"https:\/\/kidsplay.lt\/lv\/wp-json\/wp\/v2\/product\/81198\/revisions\/83625"}],"wp:featuredmedia":[{"embeddable":true,"href":"https:\/\/kidsplay.lt\/lv\/wp-json\/wp\/v2\/media\/81200"}],"wp:attachment":[{"href":"https:\/\/kidsplay.lt\/lv\/wp-json\/wp\/v2\/media?parent=81198"}],"wp:term":[{"taxonomy":"product_brand","embeddable":true,"href":"https:\/\/kidsplay.lt\/lv\/wp-json\/wp\/v2\/product_brand?post=81198"},{"taxonomy":"product_cat","embeddable":true,"href":"https:\/\/kidsplay.lt\/lv\/wp-json\/wp\/v2\/product_cat?post=81198"},{"taxonomy":"product_tag","embeddable":true,"href":"https:\/\/kidsplay.lt\/lv\/wp-json\/wp\/v2\/product_tag?post=81198"}],"curies":[{"name":"wp","href":"https:\/\/api.w.org\/{rel}","templated":true}]}}