{"id":81219,"date":"2025-11-30T20:34:04","date_gmt":"2025-11-30T18:34:04","guid":{"rendered":"https:\/\/kidsplay.lt\/produktas\/viga-medinis-maisto-produktu-rinkinys-dezutese-pusryciai-zuvis-mesa-pienine\/"},"modified":"2026-04-07T09:23:03","modified_gmt":"2026-04-07T06:23:03","slug":"viga-medinis-maisto-produktu-rinkinys-dezutese-pusryciai-zuvis-mesa-pienine","status":"publish","type":"product","link":"https:\/\/kidsplay.lt\/lv\/products\/viga-medinis-maisto-produktu-rinkinys-dezutese-pusryciai-zuvis-mesa-pienine\/","title":{"rendered":"VIGA Medinis maisto produkt\u0173 rinkinys d\u0117\u017eut\u0117se Pusry\u010diai \u017duvis M\u0117sa Pienin\u0117"},"content":{"rendered":"<p>Medinis maisto produkt\u0173 rinkinys\u00a0i\u0161 geros reputacijos prek\u0117s \u017eenklo\u00a0Vyga\u00a0tai bus puikus priedas prie j\u016bs\u0173 vaiko kasdieni\u0173 linksmybi\u0173. Tai pa\u012fvairins visus\u00a0\u017eaidim\u0173 namas arba taip pat parduotuve ir tai leis jums atlikti vaidmen\u012f\u00a0tikro vir\u0117jo. Apsipirkimas nebebus problema, bet i\u0161 tikr\u0173j\u0173 bus \u012fdomus vaikams. Vaikai m\u0117gsta m\u0117gd\u017eioti savo t\u0117vus, o \u0161is pasaki\u0161kas rinkinys pad\u0117s ma\u017eyliui paruo\u0161ti maist\u0105 savo l\u0117l\u0117ms ar me\u0161kiukams. Rinkinys, pagamintas turint omenyje ma\u017eas vaiko rankas, ir n\u0117ra a\u0161tri\u0173 kra\u0161t\u0173 o tai\u00a0padaro j\u012f piln\u0105\u00a0saugus\u00a0vaikui.<\/p>\n<p>\u017daislas pagamintas i\u0161 auk\u0161tos kokyb\u0117s medienos, kuri garantuoja jo ilgaam\u017ei\u0161kum\u0105. \u017daislui gaminti naudojamos med\u017eiagos ir da\u017eai yra ekologi\u0161ki ir visi\u0161kai saug\u016bs.<\/p>\n<p>Raksturojums:<\/p>\n<p> \t&#8211; rinkinyje yra 2 d\u0117\u017eut\u0117s maisto &#8211; pirmajame rasite pusry\u010di\u0173 rinkin\u012f, o antrajame &#8211; m\u0117s\u0105, \u017euv\u012f ir j\u016bros g\u0117rybes<br \/>\n \t&#8211; ranken\u0173 d\u0117\u017e\u0117s leid\u017eia lengvai ne\u0161iotis ir laikyti produktus,<br \/>\n \t&#8211; pagamintas i\u0161 auk\u0161tos kokyb\u0117s med\u017eiagos,<br \/>\n \t&#8211; da\u017eytos netoksi\u0161kais da\u017eais, saugios vaikams.<\/p>","protected":false},"excerpt":{"rendered":"<p>Medinis maisto produkt\u0173 rinkinys\u00a0i\u0161 geros reputacijos prek\u0117s \u017eenklo\u00a0Vyga\u00a0tai bus puikus priedas prie j\u016bs\u0173 vaiko kasdieni\u0173 linksmybi\u0173. Tai pa\u012fvairins visus\u00a0\u017eaidim\u0173 namas<\/p>","protected":false},"featured_media":81221,"template":"","meta":{"_acf_changed":false,"_glsr_average":0,"_glsr_ranking":0,"_glsr_reviews":0},"product_brand":[],"product_cat":[399,229],"product_tag":[],"class_list":{"0":"post-81219","1":"product","2":"type-product","3":"status-publish","4":"has-post-thumbnail","6":"product_cat-vaidmenu-zaidimai-2","7":"product_cat-zaislai-vaikams","8":"\"style=\"background-color: #2ecc711c;\"","10":"first","11":"instock","12":"purchasable","13":"product-type-simple"},"acf":[],"yoast_head":"<!-- This site is optimized with the Yoast SEO plugin v27.3 - https:\/\/yoast.com\/product\/yoast-seo-wordpress\/ -->\n<title>VIGA Medinis maisto produkt\u0173 rinkinys d\u0117\u017eut\u0117se Pusry\u010diai \u017duvis M\u0117sa Pienin\u0117<\/title>\n<meta name=\"description\" content=\"VIGA Medinis maisto produkt\u0173 rinkinys d\u0117\u017eut\u0117se Pusry\u010diai \u017duvis M\u0117sa Pienin\u0117 - KidsPlay. Did\u017eiausias vaik\u0173 \u017eaisl\u0173 pasirinkimas.\" \/>\n<meta name=\"robots\" content=\"index, follow, max-snippet:-1, max-image-preview:large, max-video-preview:-1\" \/>\n<link rel=\"canonical\" href=\"https:\/\/kidsplay.lt\/lv\/products\/viga-medinis-maisto-produktu-rinkinys-dezutese-pusryciai-zuvis-mesa-pienine\/\" \/>\n<meta property=\"og:locale\" content=\"lv_LV\" \/>\n<meta property=\"og:type\" content=\"article\" \/>\n<meta property=\"og:title\" content=\"VIGA Medinis maisto produkt\u0173 rinkinys d\u0117\u017eut\u0117se Pusry\u010diai \u017duvis M\u0117sa Pienin\u0117\" \/>\n<meta property=\"og:description\" content=\"VIGA Medinis maisto produkt\u0173 rinkinys d\u0117\u017eut\u0117se Pusry\u010diai \u017duvis M\u0117sa Pienin\u0117 - KidsPlay. Did\u017eiausias vaik\u0173 \u017eaisl\u0173 pasirinkimas.\" \/>\n<meta property=\"og:url\" content=\"https:\/\/kidsplay.lt\/lv\/products\/viga-medinis-maisto-produktu-rinkinys-dezutese-pusryciai-zuvis-mesa-pienine\/\" \/>\n<meta property=\"og:site_name\" content=\"KidsPlay\" \/>\n<meta property=\"article:publisher\" content=\"https:\/\/www.facebook.com\/www.kidsplay.lt\" \/>\n<meta property=\"article:modified_time\" content=\"2026-04-07T06:23:03+00:00\" \/>\n<meta property=\"og:image\" content=\"https:\/\/kidsplay.lt\/wp-content\/uploads\/2025\/11\/VIGA-Medinis-maisto-produktu-rinkinys-dezutese-Pusryciai-Zuvis-Mesa-Pienine.jpg\" \/>\n\t<meta property=\"og:image:width\" content=\"2055\" \/>\n\t<meta property=\"og:image:height\" content=\"2055\" \/>\n\t<meta property=\"og:image:type\" content=\"image\/jpeg\" \/>\n<meta name=\"twitter:card\" content=\"summary_large_image\" \/>\n<meta name=\"twitter:label1\" content=\"Est. reading time\" \/>\n\t<meta name=\"twitter:data1\" content=\"1 min\u016bte\" \/>\n<script type=\"application\/ld+json\" class=\"yoast-schema-graph\">{\"@context\":\"https:\\\/\\\/schema.org\",\"@graph\":[{\"@type\":\"WebPage\",\"@id\":\"https:\\\/\\\/kidsplay.lt\\\/produktas\\\/viga-medinis-maisto-produktu-rinkinys-dezutese-pusryciai-zuvis-mesa-pienine\\\/\",\"url\":\"https:\\\/\\\/kidsplay.lt\\\/produktas\\\/viga-medinis-maisto-produktu-rinkinys-dezutese-pusryciai-zuvis-mesa-pienine\\\/\",\"name\":\"VIGA Medinis maisto produkt\u0173 rinkinys d\u0117\u017eut\u0117se Pusry\u010diai \u017duvis M\u0117sa Pienin\u0117\",\"isPartOf\":{\"@id\":\"https:\\\/\\\/kidsplay.lt\\\/#website\"},\"primaryImageOfPage\":{\"@id\":\"https:\\\/\\\/kidsplay.lt\\\/produktas\\\/viga-medinis-maisto-produktu-rinkinys-dezutese-pusryciai-zuvis-mesa-pienine\\\/#primaryimage\"},\"image\":{\"@id\":\"https:\\\/\\\/kidsplay.lt\\\/produktas\\\/viga-medinis-maisto-produktu-rinkinys-dezutese-pusryciai-zuvis-mesa-pienine\\\/#primaryimage\"},\"thumbnailUrl\":\"https:\\\/\\\/kidsplay.lt\\\/wp-content\\\/uploads\\\/2025\\\/11\\\/VIGA-Medinis-maisto-produktu-rinkinys-dezutese-Pusryciai-Zuvis-Mesa-Pienine.jpg\",\"datePublished\":\"2025-11-30T18:34:04+00:00\",\"dateModified\":\"2026-04-07T06:23:03+00:00\",\"description\":\"VIGA Medinis maisto produkt\u0173 rinkinys d\u0117\u017eut\u0117se Pusry\u010diai \u017duvis M\u0117sa Pienin\u0117 - KidsPlay. Did\u017eiausias vaik\u0173 \u017eaisl\u0173 pasirinkimas.\",\"breadcrumb\":{\"@id\":\"https:\\\/\\\/kidsplay.lt\\\/produktas\\\/viga-medinis-maisto-produktu-rinkinys-dezutese-pusryciai-zuvis-mesa-pienine\\\/#breadcrumb\"},\"inLanguage\":\"lv-LV\",\"potentialAction\":[{\"@type\":\"ReadAction\",\"target\":[\"https:\\\/\\\/kidsplay.lt\\\/produktas\\\/viga-medinis-maisto-produktu-rinkinys-dezutese-pusryciai-zuvis-mesa-pienine\\\/\"]}]},{\"@type\":\"ImageObject\",\"inLanguage\":\"lv-LV\",\"@id\":\"https:\\\/\\\/kidsplay.lt\\\/produktas\\\/viga-medinis-maisto-produktu-rinkinys-dezutese-pusryciai-zuvis-mesa-pienine\\\/#primaryimage\",\"url\":\"https:\\\/\\\/kidsplay.lt\\\/wp-content\\\/uploads\\\/2025\\\/11\\\/VIGA-Medinis-maisto-produktu-rinkinys-dezutese-Pusryciai-Zuvis-Mesa-Pienine.jpg\",\"contentUrl\":\"https:\\\/\\\/kidsplay.lt\\\/wp-content\\\/uploads\\\/2025\\\/11\\\/VIGA-Medinis-maisto-produktu-rinkinys-dezutese-Pusryciai-Zuvis-Mesa-Pienine.jpg\",\"width\":2055,\"height\":2055,\"caption\":\"VIGA Medinis maisto produkt\u0173 rinkinys d\u0117\u017eut\u0117se Pusry\u010diai \u017duvis M\u0117sa Pienin\u0117\"},{\"@type\":\"BreadcrumbList\",\"@id\":\"https:\\\/\\\/kidsplay.lt\\\/produktas\\\/viga-medinis-maisto-produktu-rinkinys-dezutese-pusryciai-zuvis-mesa-pienine\\\/#breadcrumb\",\"itemListElement\":[{\"@type\":\"ListItem\",\"position\":1,\"name\":\"Pagrindinis\",\"item\":\"https:\\\/\\\/kidsplay.lt\\\/\"},{\"@type\":\"ListItem\",\"position\":2,\"name\":\"Parduotuv\u0117\",\"item\":\"https:\\\/\\\/kidsplay.lt\\\/parduotuve\\\/\"},{\"@type\":\"ListItem\",\"position\":3,\"name\":\"VIGA Medinis maisto produkt\u0173 rinkinys d\u0117\u017eut\u0117se Pusry\u010diai \u017duvis M\u0117sa Pienin\u0117\"}]},{\"@type\":\"WebSite\",\"@id\":\"https:\\\/\\\/kidsplay.lt\\\/#website\",\"url\":\"https:\\\/\\\/kidsplay.lt\\\/\",\"name\":\"Kidsplay.lt\",\"description\":\"\u012evairios prek\u0117s vaikams\",\"publisher\":{\"@id\":\"https:\\\/\\\/kidsplay.lt\\\/#organization\"},\"alternateName\":\"Kidsplay\",\"potentialAction\":[{\"@type\":\"SearchAction\",\"target\":{\"@type\":\"EntryPoint\",\"urlTemplate\":\"https:\\\/\\\/kidsplay.lt\\\/?s={search_term_string}\"},\"query-input\":{\"@type\":\"PropertyValueSpecification\",\"valueRequired\":true,\"valueName\":\"search_term_string\"}}],\"inLanguage\":\"lv-LV\"},{\"@type\":\"Organization\",\"@id\":\"https:\\\/\\\/kidsplay.lt\\\/#organization\",\"name\":\"KidsPlay\",\"url\":\"https:\\\/\\\/kidsplay.lt\\\/\",\"logo\":{\"@type\":\"ImageObject\",\"inLanguage\":\"lv-LV\",\"@id\":\"https:\\\/\\\/kidsplay.lt\\\/#\\\/schema\\\/logo\\\/image\\\/\",\"url\":\"https:\\\/\\\/kidsplay.lt\\\/wp-content\\\/uploads\\\/2023\\\/07\\\/kidsplay-logo.png\",\"contentUrl\":\"https:\\\/\\\/kidsplay.lt\\\/wp-content\\\/uploads\\\/2023\\\/07\\\/kidsplay-logo.png\",\"width\":451,\"height\":98,\"caption\":\"KidsPlay\"},\"image\":{\"@id\":\"https:\\\/\\\/kidsplay.lt\\\/#\\\/schema\\\/logo\\\/image\\\/\"},\"sameAs\":[\"https:\\\/\\\/www.facebook.com\\\/www.kidsplay.lt\"]}]}<\/script>\n<!-- \/ Yoast SEO plugin. -->","yoast_head_json":{"title":"VIGA Medinis maisto produkt\u0173 rinkinys d\u0117\u017eut\u0117se Pusry\u010diai \u017duvis M\u0117sa Pienin\u0117","description":"VIGA Medinis maisto produkt\u0173 rinkinys d\u0117\u017eut\u0117se Pusry\u010diai \u017duvis M\u0117sa Pienin\u0117 - KidsPlay. Did\u017eiausias vaik\u0173 \u017eaisl\u0173 pasirinkimas.","robots":{"index":"index","follow":"follow","max-snippet":"max-snippet:-1","max-image-preview":"max-image-preview:large","max-video-preview":"max-video-preview:-1"},"canonical":"https:\/\/kidsplay.lt\/lv\/products\/viga-medinis-maisto-produktu-rinkinys-dezutese-pusryciai-zuvis-mesa-pienine\/","og_locale":"lv_LV","og_type":"article","og_title":"VIGA Medinis maisto produkt\u0173 rinkinys d\u0117\u017eut\u0117se Pusry\u010diai \u017duvis M\u0117sa Pienin\u0117","og_description":"VIGA Medinis maisto produkt\u0173 rinkinys d\u0117\u017eut\u0117se Pusry\u010diai \u017duvis M\u0117sa Pienin\u0117 - KidsPlay. Did\u017eiausias vaik\u0173 \u017eaisl\u0173 pasirinkimas.","og_url":"https:\/\/kidsplay.lt\/lv\/products\/viga-medinis-maisto-produktu-rinkinys-dezutese-pusryciai-zuvis-mesa-pienine\/","og_site_name":"KidsPlay","article_publisher":"https:\/\/www.facebook.com\/www.kidsplay.lt","article_modified_time":"2026-04-07T06:23:03+00:00","og_image":[{"width":2055,"height":2055,"url":"https:\/\/kidsplay.lt\/wp-content\/uploads\/2025\/11\/VIGA-Medinis-maisto-produktu-rinkinys-dezutese-Pusryciai-Zuvis-Mesa-Pienine.jpg","type":"image\/jpeg"}],"twitter_card":"summary_large_image","twitter_misc":{"Est. reading time":"1 min\u016bte"},"schema":{"@context":"https:\/\/schema.org","@graph":[{"@type":"WebPage","@id":"https:\/\/kidsplay.lt\/produktas\/viga-medinis-maisto-produktu-rinkinys-dezutese-pusryciai-zuvis-mesa-pienine\/","url":"https:\/\/kidsplay.lt\/produktas\/viga-medinis-maisto-produktu-rinkinys-dezutese-pusryciai-zuvis-mesa-pienine\/","name":"VIGA Medinis maisto produkt\u0173 rinkinys d\u0117\u017eut\u0117se Pusry\u010diai \u017duvis M\u0117sa Pienin\u0117","isPartOf":{"@id":"https:\/\/kidsplay.lt\/#website"},"primaryImageOfPage":{"@id":"https:\/\/kidsplay.lt\/produktas\/viga-medinis-maisto-produktu-rinkinys-dezutese-pusryciai-zuvis-mesa-pienine\/#primaryimage"},"image":{"@id":"https:\/\/kidsplay.lt\/produktas\/viga-medinis-maisto-produktu-rinkinys-dezutese-pusryciai-zuvis-mesa-pienine\/#primaryimage"},"thumbnailUrl":"https:\/\/kidsplay.lt\/wp-content\/uploads\/2025\/11\/VIGA-Medinis-maisto-produktu-rinkinys-dezutese-Pusryciai-Zuvis-Mesa-Pienine.jpg","datePublished":"2025-11-30T18:34:04+00:00","dateModified":"2026-04-07T06:23:03+00:00","description":"VIGA Medinis maisto produkt\u0173 rinkinys d\u0117\u017eut\u0117se Pusry\u010diai \u017duvis M\u0117sa Pienin\u0117 - KidsPlay. Did\u017eiausias vaik\u0173 \u017eaisl\u0173 pasirinkimas.","breadcrumb":{"@id":"https:\/\/kidsplay.lt\/produktas\/viga-medinis-maisto-produktu-rinkinys-dezutese-pusryciai-zuvis-mesa-pienine\/#breadcrumb"},"inLanguage":"lv-LV","potentialAction":[{"@type":"ReadAction","target":["https:\/\/kidsplay.lt\/produktas\/viga-medinis-maisto-produktu-rinkinys-dezutese-pusryciai-zuvis-mesa-pienine\/"]}]},{"@type":"ImageObject","inLanguage":"lv-LV","@id":"https:\/\/kidsplay.lt\/produktas\/viga-medinis-maisto-produktu-rinkinys-dezutese-pusryciai-zuvis-mesa-pienine\/#primaryimage","url":"https:\/\/kidsplay.lt\/wp-content\/uploads\/2025\/11\/VIGA-Medinis-maisto-produktu-rinkinys-dezutese-Pusryciai-Zuvis-Mesa-Pienine.jpg","contentUrl":"https:\/\/kidsplay.lt\/wp-content\/uploads\/2025\/11\/VIGA-Medinis-maisto-produktu-rinkinys-dezutese-Pusryciai-Zuvis-Mesa-Pienine.jpg","width":2055,"height":2055,"caption":"VIGA Medinis maisto produkt\u0173 rinkinys d\u0117\u017eut\u0117se Pusry\u010diai \u017duvis M\u0117sa Pienin\u0117"},{"@type":"BreadcrumbList","@id":"https:\/\/kidsplay.lt\/produktas\/viga-medinis-maisto-produktu-rinkinys-dezutese-pusryciai-zuvis-mesa-pienine\/#breadcrumb","itemListElement":[{"@type":"ListItem","position":1,"name":"Pagrindinis","item":"https:\/\/kidsplay.lt\/"},{"@type":"ListItem","position":2,"name":"Parduotuv\u0117","item":"https:\/\/kidsplay.lt\/parduotuve\/"},{"@type":"ListItem","position":3,"name":"VIGA Medinis maisto produkt\u0173 rinkinys d\u0117\u017eut\u0117se Pusry\u010diai \u017duvis M\u0117sa Pienin\u0117"}]},{"@type":"WebSite","@id":"https:\/\/kidsplay.lt\/#website","url":"https:\/\/kidsplay.lt\/","name":"B\u0113rnu sp\u0113les.lv","description":"\u012evairios prek\u0117s vaikams","publisher":{"@id":"https:\/\/kidsplay.lt\/#organization"},"alternateName":"Kidsplay","potentialAction":[{"@type":"SearchAction","target":{"@type":"EntryPoint","urlTemplate":"https:\/\/kidsplay.lt\/?s={search_term_string}"},"query-input":{"@type":"PropertyValueSpecification","valueRequired":true,"valueName":"search_term_string"}}],"inLanguage":"lv-LV"},{"@type":"Organization","@id":"https:\/\/kidsplay.lt\/#organization","name":"B\u0113rnu sp\u0113le","url":"https:\/\/kidsplay.lt\/","logo":{"@type":"ImageObject","inLanguage":"lv-LV","@id":"https:\/\/kidsplay.lt\/#\/schema\/logo\/image\/","url":"https:\/\/kidsplay.lt\/wp-content\/uploads\/2023\/07\/kidsplay-logo.png","contentUrl":"https:\/\/kidsplay.lt\/wp-content\/uploads\/2023\/07\/kidsplay-logo.png","width":451,"height":98,"caption":"KidsPlay"},"image":{"@id":"https:\/\/kidsplay.lt\/#\/schema\/logo\/image\/"},"sameAs":["https:\/\/www.facebook.com\/www.kidsplay.lt"]}]}},"_links":{"self":[{"href":"https:\/\/kidsplay.lt\/lv\/wp-json\/wp\/v2\/product\/81219","targetHints":{"allow":["GET"]}}],"collection":[{"href":"https:\/\/kidsplay.lt\/lv\/wp-json\/wp\/v2\/product"}],"about":[{"href":"https:\/\/kidsplay.lt\/lv\/wp-json\/wp\/v2\/types\/product"}],"version-history":[{"count":1,"href":"https:\/\/kidsplay.lt\/lv\/wp-json\/wp\/v2\/product\/81219\/revisions"}],"predecessor-version":[{"id":81220,"href":"https:\/\/kidsplay.lt\/lv\/wp-json\/wp\/v2\/product\/81219\/revisions\/81220"}],"wp:featuredmedia":[{"embeddable":true,"href":"https:\/\/kidsplay.lt\/lv\/wp-json\/wp\/v2\/media\/81221"}],"wp:attachment":[{"href":"https:\/\/kidsplay.lt\/lv\/wp-json\/wp\/v2\/media?parent=81219"}],"wp:term":[{"taxonomy":"product_brand","embeddable":true,"href":"https:\/\/kidsplay.lt\/lv\/wp-json\/wp\/v2\/product_brand?post=81219"},{"taxonomy":"product_cat","embeddable":true,"href":"https:\/\/kidsplay.lt\/lv\/wp-json\/wp\/v2\/product_cat?post=81219"},{"taxonomy":"product_tag","embeddable":true,"href":"https:\/\/kidsplay.lt\/lv\/wp-json\/wp\/v2\/product_tag?post=81219"}],"curies":[{"name":"wp","href":"https:\/\/api.w.org\/{rel}","templated":true}]}}