{"id":81224,"date":"2025-11-30T20:34:18","date_gmt":"2025-11-30T18:34:18","guid":{"rendered":"https:\/\/kidsplay.lt\/produktas\/woopie-vandens-stalas-2in1-smelio-deze-su-kede\/"},"modified":"2026-04-17T18:34:00","modified_gmt":"2026-04-17T15:34:00","slug":"woopie-vandens-stalas-2in1-smelio-deze-su-kede","status":"publish","type":"product","link":"https:\/\/kidsplay.lt\/lv\/products\/woopie-vandens-stalas-2in1-smelio-deze-su-kede\/","title":{"rendered":"WOOPIE \u016bdens galds 2in1 smil\u0161u kaste ar kr\u0113slu"},"content":{"rendered":"<p>3in1 komplektas i\u0161 prek\u0117s \u017eenklo\u00a0Woopie\u00a0tai idealus pasi\u016blymas vaikams, kurie j\u012f myli\u00a0eksperimentuokite, kurkite ir aktyviai praleiskite laik\u0105 lauke\u201e. D\u0117l daugyb\u0117s pried\u0173 ir funkcionalaus stalo su s\u0117dyne vaikai gali smagiai praleisti laik\u0105\u00a0sm\u0117lyje, u\u017epilkite vanden\u012f, statykite\u00a0ir tyrin\u0117ti pasaul\u012f sensori\u0161kai!<br \/>\nRaksturojums:<\/p>\n<p>&#8211; Vaikams nuo 3 met\u0173<br \/>\n&#8211; 2in1 \u2013 smagu su vandeniu ir sm\u0117liu bei formavimo priedais<br \/>\n&#8211; Naudojimui namuose ir lauke (sodas, papl\u016bdimys, balkonas)<br \/>\n&#8211; Turtingas rinkinys: irklai, gr\u0117blys, formos, laistytuvai, kibirai ir \u010diuo\u017eykla<br \/>\n&#8211; G\u0117l\u0117s formos stalas \u2013 spalvingas, stabilus ir funkcionalus<br \/>\n&#8211; Komplekte patogi s\u0117dyn\u0117, pritvirtinta prie vaiko \u016bgio<br \/>\n&#8211; Kieta \u2013 med\u017eiaga saugi ir atspari oro s\u0105lygoms<br \/>\n&#8211; Paprastas ir greitas \u2013 surinkimas, paruo\u0161tas \u017eaisti per kelias minutes!<\/p>\n<p>Komplekt\u0101 ietilpst:<\/p>\n<p>&#8211; 1 x vandens ir sm\u0117lio stalas su skyriais<br \/>\n&#8211; 1 x k\u0117d\u0117<br \/>\n&#8211; 4 x skirting\u0173 spalv\u0173 ir form\u0173 irklent\u0117s<br \/>\n&#8211; 1 x gr\u0117blys<br \/>\n&#8211; 2 x kibirai<br \/>\n&#8211; 1 x laistytuvas<br \/>\n&#8211; 1 x skaidr\u0117<br \/>\n&#8211; 4 x formos ir fig\u016br\u0117l\u0117s (j\u016bra ir gyv\u016bnai)<br \/>\n&#8211; 2 x vandens ratai<\/p>","protected":false},"excerpt":{"rendered":"<p>3in1 komplektas i\u0161 prek\u0117s \u017eenklo\u00a0Woopie\u00a0tai idealus pasi\u016blymas vaikams, kurie j\u012f myli\u00a0eksperimentuokite, kurkite ir aktyviai praleiskite laik\u0105 lauke\u201e. D\u0117l daugyb\u0117s pried\u0173<\/p>","protected":false},"featured_media":81226,"template":"","meta":{"_acf_changed":false,"_glsr_average":0,"_glsr_ranking":0,"_glsr_reviews":0},"product_brand":[],"product_cat":[233,327,395,229],"product_tag":[],"class_list":{"0":"post-81224","1":"product","2":"type-product","3":"status-publish","4":"has-post-thumbnail","6":"product_cat-lauko-pramogos","7":"product_cat-smelio-dezes-ir-priedai","8":"product_cat-vandens-ir-smelio-staliukai","9":"product_cat-zaislai-vaikams","10":"\"style=\"background-color: #2ecc711c;\"","12":"first","13":"instock","14":"purchasable","15":"product-type-simple"},"acf":[],"yoast_head":"<!-- This site is optimized with the Yoast SEO plugin v27.4 - https:\/\/yoast.com\/product\/yoast-seo-wordpress\/ -->\n<title>WOOPIE vandens stalas 2in1 sm\u0117lio d\u0117\u017e\u0117 su k\u0117de<\/title>\n<meta name=\"description\" content=\"WOOPIE vandens stalas 2in1 sm\u0117lio d\u0117\u017e\u0117 su k\u0117de - KidsPlay. Did\u017eiausias vaik\u0173 \u017eaisl\u0173 pasirinkimas.\" \/>\n<meta name=\"robots\" content=\"index, follow, max-snippet:-1, max-image-preview:large, max-video-preview:-1\" \/>\n<link rel=\"canonical\" href=\"https:\/\/kidsplay.lt\/lv\/products\/woopie-vandens-stalas-2in1-smelio-deze-su-kede\/\" \/>\n<meta property=\"og:locale\" content=\"lv_LV\" \/>\n<meta property=\"og:type\" content=\"article\" \/>\n<meta property=\"og:title\" content=\"WOOPIE vandens stalas 2in1 sm\u0117lio d\u0117\u017e\u0117 su k\u0117de\" \/>\n<meta property=\"og:description\" content=\"WOOPIE vandens stalas 2in1 sm\u0117lio d\u0117\u017e\u0117 su k\u0117de - KidsPlay. Did\u017eiausias vaik\u0173 \u017eaisl\u0173 pasirinkimas.\" \/>\n<meta property=\"og:url\" content=\"https:\/\/kidsplay.lt\/lv\/products\/woopie-vandens-stalas-2in1-smelio-deze-su-kede\/\" \/>\n<meta property=\"og:site_name\" content=\"KidsPlay\" \/>\n<meta property=\"article:publisher\" content=\"https:\/\/www.facebook.com\/www.kidsplay.lt\" \/>\n<meta property=\"article:modified_time\" content=\"2026-04-17T15:34:00+00:00\" \/>\n<meta property=\"og:image\" content=\"https:\/\/kidsplay.lt\/wp-content\/uploads\/2025\/11\/WOOPIE-vandens-stalas-2in1-smelio-deze-su-kede-800x800.jpg\" \/>\n\t<meta property=\"og:image:width\" content=\"800\" \/>\n\t<meta property=\"og:image:height\" content=\"800\" \/>\n\t<meta property=\"og:image:type\" content=\"image\/jpeg\" \/>\n<meta name=\"twitter:card\" content=\"summary_large_image\" \/>\n<meta name=\"twitter:label1\" content=\"Est. reading time\" \/>\n\t<meta name=\"twitter:data1\" content=\"1 min\u016bte\" \/>\n<script type=\"application\/ld+json\" class=\"yoast-schema-graph\">{\"@context\":\"https:\\\/\\\/schema.org\",\"@graph\":[{\"@type\":\"WebPage\",\"@id\":\"https:\\\/\\\/kidsplay.lt\\\/produktas\\\/woopie-vandens-stalas-2in1-smelio-deze-su-kede\\\/\",\"url\":\"https:\\\/\\\/kidsplay.lt\\\/produktas\\\/woopie-vandens-stalas-2in1-smelio-deze-su-kede\\\/\",\"name\":\"WOOPIE vandens stalas 2in1 sm\u0117lio d\u0117\u017e\u0117 su k\u0117de\",\"isPartOf\":{\"@id\":\"https:\\\/\\\/kidsplay.lt\\\/#website\"},\"primaryImageOfPage\":{\"@id\":\"https:\\\/\\\/kidsplay.lt\\\/produktas\\\/woopie-vandens-stalas-2in1-smelio-deze-su-kede\\\/#primaryimage\"},\"image\":{\"@id\":\"https:\\\/\\\/kidsplay.lt\\\/produktas\\\/woopie-vandens-stalas-2in1-smelio-deze-su-kede\\\/#primaryimage\"},\"thumbnailUrl\":\"https:\\\/\\\/kidsplay.lt\\\/wp-content\\\/uploads\\\/2025\\\/11\\\/WOOPIE-vandens-stalas-2in1-smelio-deze-su-kede.jpg\",\"datePublished\":\"2025-11-30T18:34:18+00:00\",\"dateModified\":\"2026-04-17T15:34:00+00:00\",\"description\":\"WOOPIE vandens stalas 2in1 sm\u0117lio d\u0117\u017e\u0117 su k\u0117de - KidsPlay. Did\u017eiausias vaik\u0173 \u017eaisl\u0173 pasirinkimas.\",\"breadcrumb\":{\"@id\":\"https:\\\/\\\/kidsplay.lt\\\/produktas\\\/woopie-vandens-stalas-2in1-smelio-deze-su-kede\\\/#breadcrumb\"},\"inLanguage\":\"lv-LV\",\"potentialAction\":[{\"@type\":\"ReadAction\",\"target\":[\"https:\\\/\\\/kidsplay.lt\\\/produktas\\\/woopie-vandens-stalas-2in1-smelio-deze-su-kede\\\/\"]}]},{\"@type\":\"ImageObject\",\"inLanguage\":\"lv-LV\",\"@id\":\"https:\\\/\\\/kidsplay.lt\\\/produktas\\\/woopie-vandens-stalas-2in1-smelio-deze-su-kede\\\/#primaryimage\",\"url\":\"https:\\\/\\\/kidsplay.lt\\\/wp-content\\\/uploads\\\/2025\\\/11\\\/WOOPIE-vandens-stalas-2in1-smelio-deze-su-kede.jpg\",\"contentUrl\":\"https:\\\/\\\/kidsplay.lt\\\/wp-content\\\/uploads\\\/2025\\\/11\\\/WOOPIE-vandens-stalas-2in1-smelio-deze-su-kede.jpg\",\"width\":2560,\"height\":2560,\"caption\":\"WOOPIE vandens stalas 2in1 sm\u0117lio d\u0117\u017e\u0117 su k\u0117de\"},{\"@type\":\"BreadcrumbList\",\"@id\":\"https:\\\/\\\/kidsplay.lt\\\/produktas\\\/woopie-vandens-stalas-2in1-smelio-deze-su-kede\\\/#breadcrumb\",\"itemListElement\":[{\"@type\":\"ListItem\",\"position\":1,\"name\":\"Pagrindinis\",\"item\":\"https:\\\/\\\/kidsplay.lt\\\/\"},{\"@type\":\"ListItem\",\"position\":2,\"name\":\"Parduotuv\u0117\",\"item\":\"https:\\\/\\\/kidsplay.lt\\\/parduotuve\\\/\"},{\"@type\":\"ListItem\",\"position\":3,\"name\":\"WOOPIE vandens stalas 2in1 sm\u0117lio d\u0117\u017e\u0117 su k\u0117de\"}]},{\"@type\":\"WebSite\",\"@id\":\"https:\\\/\\\/kidsplay.lt\\\/#website\",\"url\":\"https:\\\/\\\/kidsplay.lt\\\/\",\"name\":\"Kidsplay.lt\",\"description\":\"\u012evairios prek\u0117s vaikams\",\"publisher\":{\"@id\":\"https:\\\/\\\/kidsplay.lt\\\/#organization\"},\"alternateName\":\"Kidsplay\",\"potentialAction\":[{\"@type\":\"SearchAction\",\"target\":{\"@type\":\"EntryPoint\",\"urlTemplate\":\"https:\\\/\\\/kidsplay.lt\\\/?s={search_term_string}\"},\"query-input\":{\"@type\":\"PropertyValueSpecification\",\"valueRequired\":true,\"valueName\":\"search_term_string\"}}],\"inLanguage\":\"lv-LV\"},{\"@type\":\"Organization\",\"@id\":\"https:\\\/\\\/kidsplay.lt\\\/#organization\",\"name\":\"KidsPlay\",\"url\":\"https:\\\/\\\/kidsplay.lt\\\/\",\"logo\":{\"@type\":\"ImageObject\",\"inLanguage\":\"lv-LV\",\"@id\":\"https:\\\/\\\/kidsplay.lt\\\/#\\\/schema\\\/logo\\\/image\\\/\",\"url\":\"https:\\\/\\\/kidsplay.lt\\\/wp-content\\\/uploads\\\/2023\\\/07\\\/kidsplay-logo.png\",\"contentUrl\":\"https:\\\/\\\/kidsplay.lt\\\/wp-content\\\/uploads\\\/2023\\\/07\\\/kidsplay-logo.png\",\"width\":451,\"height\":98,\"caption\":\"KidsPlay\"},\"image\":{\"@id\":\"https:\\\/\\\/kidsplay.lt\\\/#\\\/schema\\\/logo\\\/image\\\/\"},\"sameAs\":[\"https:\\\/\\\/www.facebook.com\\\/www.kidsplay.lt\"]}]}<\/script>\n<!-- \/ Yoast SEO plugin. -->","yoast_head_json":{"title":"WOOPIE \u016bdens galds 2in1 smil\u0161u kaste ar kr\u0113slu","description":"WOOPIE vandens stalas 2in1 sm\u0117lio d\u0117\u017e\u0117 su k\u0117de - KidsPlay. Did\u017eiausias vaik\u0173 \u017eaisl\u0173 pasirinkimas.","robots":{"index":"index","follow":"follow","max-snippet":"max-snippet:-1","max-image-preview":"max-image-preview:large","max-video-preview":"max-video-preview:-1"},"canonical":"https:\/\/kidsplay.lt\/lv\/products\/woopie-vandens-stalas-2in1-smelio-deze-su-kede\/","og_locale":"lv_LV","og_type":"article","og_title":"WOOPIE vandens stalas 2in1 sm\u0117lio d\u0117\u017e\u0117 su k\u0117de","og_description":"WOOPIE vandens stalas 2in1 sm\u0117lio d\u0117\u017e\u0117 su k\u0117de - KidsPlay. Did\u017eiausias vaik\u0173 \u017eaisl\u0173 pasirinkimas.","og_url":"https:\/\/kidsplay.lt\/lv\/products\/woopie-vandens-stalas-2in1-smelio-deze-su-kede\/","og_site_name":"KidsPlay","article_publisher":"https:\/\/www.facebook.com\/www.kidsplay.lt","article_modified_time":"2026-04-17T15:34:00+00:00","og_image":[{"width":800,"height":800,"url":"https:\/\/kidsplay.lt\/wp-content\/uploads\/2025\/11\/WOOPIE-vandens-stalas-2in1-smelio-deze-su-kede-800x800.jpg","type":"image\/jpeg"}],"twitter_card":"summary_large_image","twitter_misc":{"Est. reading time":"1 min\u016bte"},"schema":{"@context":"https:\/\/schema.org","@graph":[{"@type":"WebPage","@id":"https:\/\/kidsplay.lt\/produktas\/woopie-vandens-stalas-2in1-smelio-deze-su-kede\/","url":"https:\/\/kidsplay.lt\/produktas\/woopie-vandens-stalas-2in1-smelio-deze-su-kede\/","name":"WOOPIE \u016bdens galds 2in1 smil\u0161u kaste ar kr\u0113slu","isPartOf":{"@id":"https:\/\/kidsplay.lt\/#website"},"primaryImageOfPage":{"@id":"https:\/\/kidsplay.lt\/produktas\/woopie-vandens-stalas-2in1-smelio-deze-su-kede\/#primaryimage"},"image":{"@id":"https:\/\/kidsplay.lt\/produktas\/woopie-vandens-stalas-2in1-smelio-deze-su-kede\/#primaryimage"},"thumbnailUrl":"https:\/\/kidsplay.lt\/wp-content\/uploads\/2025\/11\/WOOPIE-vandens-stalas-2in1-smelio-deze-su-kede.jpg","datePublished":"2025-11-30T18:34:18+00:00","dateModified":"2026-04-17T15:34:00+00:00","description":"WOOPIE vandens stalas 2in1 sm\u0117lio d\u0117\u017e\u0117 su k\u0117de - KidsPlay. Did\u017eiausias vaik\u0173 \u017eaisl\u0173 pasirinkimas.","breadcrumb":{"@id":"https:\/\/kidsplay.lt\/produktas\/woopie-vandens-stalas-2in1-smelio-deze-su-kede\/#breadcrumb"},"inLanguage":"lv-LV","potentialAction":[{"@type":"ReadAction","target":["https:\/\/kidsplay.lt\/produktas\/woopie-vandens-stalas-2in1-smelio-deze-su-kede\/"]}]},{"@type":"ImageObject","inLanguage":"lv-LV","@id":"https:\/\/kidsplay.lt\/produktas\/woopie-vandens-stalas-2in1-smelio-deze-su-kede\/#primaryimage","url":"https:\/\/kidsplay.lt\/wp-content\/uploads\/2025\/11\/WOOPIE-vandens-stalas-2in1-smelio-deze-su-kede.jpg","contentUrl":"https:\/\/kidsplay.lt\/wp-content\/uploads\/2025\/11\/WOOPIE-vandens-stalas-2in1-smelio-deze-su-kede.jpg","width":2560,"height":2560,"caption":"WOOPIE vandens stalas 2in1 sm\u0117lio d\u0117\u017e\u0117 su k\u0117de"},{"@type":"BreadcrumbList","@id":"https:\/\/kidsplay.lt\/produktas\/woopie-vandens-stalas-2in1-smelio-deze-su-kede\/#breadcrumb","itemListElement":[{"@type":"ListItem","position":1,"name":"Pagrindinis","item":"https:\/\/kidsplay.lt\/"},{"@type":"ListItem","position":2,"name":"Parduotuv\u0117","item":"https:\/\/kidsplay.lt\/parduotuve\/"},{"@type":"ListItem","position":3,"name":"WOOPIE vandens stalas 2in1 sm\u0117lio d\u0117\u017e\u0117 su k\u0117de"}]},{"@type":"WebSite","@id":"https:\/\/kidsplay.lt\/#website","url":"https:\/\/kidsplay.lt\/","name":"B\u0113rnu sp\u0113les.lv","description":"\u012evairios prek\u0117s vaikams","publisher":{"@id":"https:\/\/kidsplay.lt\/#organization"},"alternateName":"Kidsplay","potentialAction":[{"@type":"SearchAction","target":{"@type":"EntryPoint","urlTemplate":"https:\/\/kidsplay.lt\/?s={search_term_string}"},"query-input":{"@type":"PropertyValueSpecification","valueRequired":true,"valueName":"search_term_string"}}],"inLanguage":"lv-LV"},{"@type":"Organization","@id":"https:\/\/kidsplay.lt\/#organization","name":"B\u0113rnu sp\u0113le","url":"https:\/\/kidsplay.lt\/","logo":{"@type":"ImageObject","inLanguage":"lv-LV","@id":"https:\/\/kidsplay.lt\/#\/schema\/logo\/image\/","url":"https:\/\/kidsplay.lt\/wp-content\/uploads\/2023\/07\/kidsplay-logo.png","contentUrl":"https:\/\/kidsplay.lt\/wp-content\/uploads\/2023\/07\/kidsplay-logo.png","width":451,"height":98,"caption":"KidsPlay"},"image":{"@id":"https:\/\/kidsplay.lt\/#\/schema\/logo\/image\/"},"sameAs":["https:\/\/www.facebook.com\/www.kidsplay.lt"]}]}},"_links":{"self":[{"href":"https:\/\/kidsplay.lt\/lv\/wp-json\/wp\/v2\/product\/81224","targetHints":{"allow":["GET"]}}],"collection":[{"href":"https:\/\/kidsplay.lt\/lv\/wp-json\/wp\/v2\/product"}],"about":[{"href":"https:\/\/kidsplay.lt\/lv\/wp-json\/wp\/v2\/types\/product"}],"version-history":[{"count":2,"href":"https:\/\/kidsplay.lt\/lv\/wp-json\/wp\/v2\/product\/81224\/revisions"}],"predecessor-version":[{"id":83633,"href":"https:\/\/kidsplay.lt\/lv\/wp-json\/wp\/v2\/product\/81224\/revisions\/83633"}],"wp:featuredmedia":[{"embeddable":true,"href":"https:\/\/kidsplay.lt\/lv\/wp-json\/wp\/v2\/media\/81226"}],"wp:attachment":[{"href":"https:\/\/kidsplay.lt\/lv\/wp-json\/wp\/v2\/media?parent=81224"}],"wp:term":[{"taxonomy":"product_brand","embeddable":true,"href":"https:\/\/kidsplay.lt\/lv\/wp-json\/wp\/v2\/product_brand?post=81224"},{"taxonomy":"product_cat","embeddable":true,"href":"https:\/\/kidsplay.lt\/lv\/wp-json\/wp\/v2\/product_cat?post=81224"},{"taxonomy":"product_tag","embeddable":true,"href":"https:\/\/kidsplay.lt\/lv\/wp-json\/wp\/v2\/product_tag?post=81224"}],"curies":[{"name":"wp","href":"https:\/\/api.w.org\/{rel}","templated":true}]}}