{"id":81254,"date":"2025-11-30T20:36:01","date_gmt":"2025-11-30T18:36:01","guid":{"rendered":"https:\/\/kidsplay.lt\/produktas\/woopie-diy-irankiu-rinkinys-su-atsuktuvu-ir-lagaminu\/"},"modified":"2026-04-07T09:54:48","modified_gmt":"2026-04-07T06:54:48","slug":"woopie-diy-irankiu-rinkinys-su-atsuktuvu-ir-lagaminu","status":"publish","type":"product","link":"https:\/\/kidsplay.lt\/lv\/products\/woopie-diy-irankiu-rinkinys-su-atsuktuvu-ir-lagaminu\/","title":{"rendered":"WOOPIE DIY instrumentu komplekts ar skr\u016bvgriezi un koferi"},"content":{"rendered":"<p>Rinkinys\u00a0Ma\u017ei DIY \u012frankiai su atsuktuvu lagamine i\u0161 Woopie\u00a0tai puikus \u017eaislas ma\u017eam DIY entuziastui. \u0160is i\u0161samus rinkinys, kuriame yra iki\u00a039 prek\u0117s, tai tikros dirbtuv\u0117s d\u0117\u017eut\u0117je! Z\u00a0darbinis elektrinis atsuktuvas\u00a0su d\u0117lion\u0117s funkcija ir daugybe \u012franki\u0173 j\u016bs\u0173 vaikas gal\u0117s m\u0117gd\u017eioti suaugusiuosius ir lavinti j\u0173 \u012fg\u016bd\u017eius. \u017daislas yra\u00a0saugus ir patvarus, ir pridedamas\u00a0\u012franki\u0173 d\u0117\u017e\u0117\u00a0palengvina sand\u0117liavim\u0105 ir transportavim\u0105.<\/p>\n<p>Raksturojums:<\/p>\n<p> \t&#8211; Vaiko am\u017eius: Nuo\u00a03 metu<br \/>\n \t&#8211; Preki\u0173 skai\u010dius:\u00a039 vnt<br \/>\n \t&#8211; Savyb\u0117s: Komplektas apima\u00a0elektrinis atsuktuvas\u00a0su kei\u010diamais antgaliais, priedais, kaip\u00a0akiniai ir apsaugin\u0117 kauk\u0117, ir\u00a0\u012franki\u0173 d\u0117\u017e\u0117\u00a0saugojimui<br \/>\n \t&#8211; Baterijos: Atsuktuvas reikalauja\u00a02 AA baterijos\u00a0(ne\u012ftraukta)<\/p>\n<p>Komplekt\u0101 ietilpst:<\/p>\n<p> \t&#8211; \u012eranki\u0173 d\u0117\u017eut\u0117<br \/>\n \t&#8211; Elektrinis atsuktuvas su\u00a0sukimosi krypties keitimo funkcija<br \/>\n \t&#8211; Kei\u010diami atsuktuv\u0173 antgaliai (d\u0117lion\u0117s antgalis ir antgalio antgalis)<br \/>\n \t&#8211; Antgaliai ir gr\u0105\u017etas<br \/>\n \t&#8211; Sraigtai ir perdangos<br \/>\n \t&#8211; Apsauginiai akiniai<br \/>\n \t&#8211; Plytel\u0117s ir jungtys<br \/>\n \t&#8211; Mini DIY stalas<br \/>\n \t&#8211; Kiti \u012frankiai (raktas, matavimo puodelis, repl\u0117s)<\/p>","protected":false},"excerpt":{"rendered":"<p>Rinkinys\u00a0Ma\u017ei DIY \u012frankiai su atsuktuvu lagamine i\u0161 Woopie\u00a0tai puikus \u017eaislas ma\u017eam DIY entuziastui. \u0160is i\u0161samus rinkinys, kuriame yra iki\u00a039 prek\u0117s,<\/p>","protected":false},"featured_media":81256,"template":"","meta":{"_acf_changed":false,"_glsr_average":0,"_glsr_ranking":0,"_glsr_reviews":0},"product_brand":[],"product_cat":[402,399,229],"product_tag":[],"class_list":{"0":"post-81254","1":"product","2":"type-product","3":"status-publish","4":"has-post-thumbnail","6":"product_cat-dirbtuves-ir-irankiai","7":"product_cat-vaidmenu-zaidimai-2","8":"product_cat-zaislai-vaikams","9":"\"style=\"background-color: #2ecc711c;\"","11":"first","12":"instock","13":"purchasable","14":"product-type-simple"},"acf":[],"yoast_head":"<!-- This site is optimized with the Yoast SEO plugin v27.3 - https:\/\/yoast.com\/product\/yoast-seo-wordpress\/ -->\n<title>WOOPIE DIY \u012franki\u0173 rinkinys su atsuktuvu ir lagaminu<\/title>\n<meta name=\"description\" content=\"WOOPIE DIY \u012franki\u0173 rinkinys su atsuktuvu ir lagaminu - KidsPlay. Did\u017eiausias vaik\u0173 \u017eaisl\u0173 pasirinkimas.\" \/>\n<meta name=\"robots\" content=\"index, follow, max-snippet:-1, max-image-preview:large, max-video-preview:-1\" \/>\n<link rel=\"canonical\" href=\"https:\/\/kidsplay.lt\/lv\/products\/woopie-diy-irankiu-rinkinys-su-atsuktuvu-ir-lagaminu\/\" \/>\n<meta property=\"og:locale\" content=\"lv_LV\" \/>\n<meta property=\"og:type\" content=\"article\" \/>\n<meta property=\"og:title\" content=\"WOOPIE DIY \u012franki\u0173 rinkinys su atsuktuvu ir lagaminu\" \/>\n<meta property=\"og:description\" content=\"WOOPIE DIY \u012franki\u0173 rinkinys su atsuktuvu ir lagaminu - KidsPlay. Did\u017eiausias vaik\u0173 \u017eaisl\u0173 pasirinkimas.\" \/>\n<meta property=\"og:url\" content=\"https:\/\/kidsplay.lt\/lv\/products\/woopie-diy-irankiu-rinkinys-su-atsuktuvu-ir-lagaminu\/\" \/>\n<meta property=\"og:site_name\" content=\"KidsPlay\" \/>\n<meta property=\"article:publisher\" content=\"https:\/\/www.facebook.com\/www.kidsplay.lt\" \/>\n<meta property=\"article:modified_time\" content=\"2026-04-07T06:54:48+00:00\" \/>\n<meta property=\"og:image\" content=\"https:\/\/kidsplay.lt\/wp-content\/uploads\/2025\/11\/WOOPIE-DIY-irankiu-rinkinys-su-atsuktuvu-ir-lagaminu.jpg\" \/>\n\t<meta property=\"og:image:width\" content=\"1000\" \/>\n\t<meta property=\"og:image:height\" content=\"1000\" \/>\n\t<meta property=\"og:image:type\" content=\"image\/jpeg\" \/>\n<meta name=\"twitter:card\" content=\"summary_large_image\" \/>\n<meta name=\"twitter:label1\" content=\"Est. reading time\" \/>\n\t<meta name=\"twitter:data1\" content=\"1 min\u016bte\" \/>\n<script type=\"application\/ld+json\" class=\"yoast-schema-graph\">{\"@context\":\"https:\\\/\\\/schema.org\",\"@graph\":[{\"@type\":\"WebPage\",\"@id\":\"https:\\\/\\\/kidsplay.lt\\\/produktas\\\/woopie-diy-irankiu-rinkinys-su-atsuktuvu-ir-lagaminu\\\/\",\"url\":\"https:\\\/\\\/kidsplay.lt\\\/produktas\\\/woopie-diy-irankiu-rinkinys-su-atsuktuvu-ir-lagaminu\\\/\",\"name\":\"WOOPIE DIY \u012franki\u0173 rinkinys su atsuktuvu ir lagaminu\",\"isPartOf\":{\"@id\":\"https:\\\/\\\/kidsplay.lt\\\/#website\"},\"primaryImageOfPage\":{\"@id\":\"https:\\\/\\\/kidsplay.lt\\\/produktas\\\/woopie-diy-irankiu-rinkinys-su-atsuktuvu-ir-lagaminu\\\/#primaryimage\"},\"image\":{\"@id\":\"https:\\\/\\\/kidsplay.lt\\\/produktas\\\/woopie-diy-irankiu-rinkinys-su-atsuktuvu-ir-lagaminu\\\/#primaryimage\"},\"thumbnailUrl\":\"https:\\\/\\\/kidsplay.lt\\\/wp-content\\\/uploads\\\/2025\\\/11\\\/WOOPIE-DIY-irankiu-rinkinys-su-atsuktuvu-ir-lagaminu.jpg\",\"datePublished\":\"2025-11-30T18:36:01+00:00\",\"dateModified\":\"2026-04-07T06:54:48+00:00\",\"description\":\"WOOPIE DIY \u012franki\u0173 rinkinys su atsuktuvu ir lagaminu - KidsPlay. Did\u017eiausias vaik\u0173 \u017eaisl\u0173 pasirinkimas.\",\"breadcrumb\":{\"@id\":\"https:\\\/\\\/kidsplay.lt\\\/produktas\\\/woopie-diy-irankiu-rinkinys-su-atsuktuvu-ir-lagaminu\\\/#breadcrumb\"},\"inLanguage\":\"lv-LV\",\"potentialAction\":[{\"@type\":\"ReadAction\",\"target\":[\"https:\\\/\\\/kidsplay.lt\\\/produktas\\\/woopie-diy-irankiu-rinkinys-su-atsuktuvu-ir-lagaminu\\\/\"]}]},{\"@type\":\"ImageObject\",\"inLanguage\":\"lv-LV\",\"@id\":\"https:\\\/\\\/kidsplay.lt\\\/produktas\\\/woopie-diy-irankiu-rinkinys-su-atsuktuvu-ir-lagaminu\\\/#primaryimage\",\"url\":\"https:\\\/\\\/kidsplay.lt\\\/wp-content\\\/uploads\\\/2025\\\/11\\\/WOOPIE-DIY-irankiu-rinkinys-su-atsuktuvu-ir-lagaminu.jpg\",\"contentUrl\":\"https:\\\/\\\/kidsplay.lt\\\/wp-content\\\/uploads\\\/2025\\\/11\\\/WOOPIE-DIY-irankiu-rinkinys-su-atsuktuvu-ir-lagaminu.jpg\",\"width\":1000,\"height\":1000,\"caption\":\"WOOPIE DIY \u012franki\u0173 rinkinys su atsuktuvu ir lagaminu\"},{\"@type\":\"BreadcrumbList\",\"@id\":\"https:\\\/\\\/kidsplay.lt\\\/produktas\\\/woopie-diy-irankiu-rinkinys-su-atsuktuvu-ir-lagaminu\\\/#breadcrumb\",\"itemListElement\":[{\"@type\":\"ListItem\",\"position\":1,\"name\":\"Pagrindinis\",\"item\":\"https:\\\/\\\/kidsplay.lt\\\/\"},{\"@type\":\"ListItem\",\"position\":2,\"name\":\"Parduotuv\u0117\",\"item\":\"https:\\\/\\\/kidsplay.lt\\\/parduotuve\\\/\"},{\"@type\":\"ListItem\",\"position\":3,\"name\":\"WOOPIE DIY \u012franki\u0173 rinkinys su atsuktuvu ir lagaminu\"}]},{\"@type\":\"WebSite\",\"@id\":\"https:\\\/\\\/kidsplay.lt\\\/#website\",\"url\":\"https:\\\/\\\/kidsplay.lt\\\/\",\"name\":\"Kidsplay.lt\",\"description\":\"\u012evairios prek\u0117s vaikams\",\"publisher\":{\"@id\":\"https:\\\/\\\/kidsplay.lt\\\/#organization\"},\"alternateName\":\"Kidsplay\",\"potentialAction\":[{\"@type\":\"SearchAction\",\"target\":{\"@type\":\"EntryPoint\",\"urlTemplate\":\"https:\\\/\\\/kidsplay.lt\\\/?s={search_term_string}\"},\"query-input\":{\"@type\":\"PropertyValueSpecification\",\"valueRequired\":true,\"valueName\":\"search_term_string\"}}],\"inLanguage\":\"lv-LV\"},{\"@type\":\"Organization\",\"@id\":\"https:\\\/\\\/kidsplay.lt\\\/#organization\",\"name\":\"KidsPlay\",\"url\":\"https:\\\/\\\/kidsplay.lt\\\/\",\"logo\":{\"@type\":\"ImageObject\",\"inLanguage\":\"lv-LV\",\"@id\":\"https:\\\/\\\/kidsplay.lt\\\/#\\\/schema\\\/logo\\\/image\\\/\",\"url\":\"https:\\\/\\\/kidsplay.lt\\\/wp-content\\\/uploads\\\/2023\\\/07\\\/kidsplay-logo.png\",\"contentUrl\":\"https:\\\/\\\/kidsplay.lt\\\/wp-content\\\/uploads\\\/2023\\\/07\\\/kidsplay-logo.png\",\"width\":451,\"height\":98,\"caption\":\"KidsPlay\"},\"image\":{\"@id\":\"https:\\\/\\\/kidsplay.lt\\\/#\\\/schema\\\/logo\\\/image\\\/\"},\"sameAs\":[\"https:\\\/\\\/www.facebook.com\\\/www.kidsplay.lt\"]}]}<\/script>\n<!-- \/ Yoast SEO plugin. -->","yoast_head_json":{"title":"WOOPIE DIY instrumentu komplekts ar skr\u016bvgriezi un koferi","description":"WOOPIE DIY \u012franki\u0173 rinkinys su atsuktuvu ir lagaminu - KidsPlay. Did\u017eiausias vaik\u0173 \u017eaisl\u0173 pasirinkimas.","robots":{"index":"index","follow":"follow","max-snippet":"max-snippet:-1","max-image-preview":"max-image-preview:large","max-video-preview":"max-video-preview:-1"},"canonical":"https:\/\/kidsplay.lt\/lv\/products\/woopie-diy-irankiu-rinkinys-su-atsuktuvu-ir-lagaminu\/","og_locale":"lv_LV","og_type":"article","og_title":"WOOPIE DIY \u012franki\u0173 rinkinys su atsuktuvu ir lagaminu","og_description":"WOOPIE DIY \u012franki\u0173 rinkinys su atsuktuvu ir lagaminu - KidsPlay. Did\u017eiausias vaik\u0173 \u017eaisl\u0173 pasirinkimas.","og_url":"https:\/\/kidsplay.lt\/lv\/products\/woopie-diy-irankiu-rinkinys-su-atsuktuvu-ir-lagaminu\/","og_site_name":"KidsPlay","article_publisher":"https:\/\/www.facebook.com\/www.kidsplay.lt","article_modified_time":"2026-04-07T06:54:48+00:00","og_image":[{"width":1000,"height":1000,"url":"https:\/\/kidsplay.lt\/wp-content\/uploads\/2025\/11\/WOOPIE-DIY-irankiu-rinkinys-su-atsuktuvu-ir-lagaminu.jpg","type":"image\/jpeg"}],"twitter_card":"summary_large_image","twitter_misc":{"Est. reading time":"1 min\u016bte"},"schema":{"@context":"https:\/\/schema.org","@graph":[{"@type":"WebPage","@id":"https:\/\/kidsplay.lt\/produktas\/woopie-diy-irankiu-rinkinys-su-atsuktuvu-ir-lagaminu\/","url":"https:\/\/kidsplay.lt\/produktas\/woopie-diy-irankiu-rinkinys-su-atsuktuvu-ir-lagaminu\/","name":"WOOPIE DIY instrumentu komplekts ar skr\u016bvgriezi un koferi","isPartOf":{"@id":"https:\/\/kidsplay.lt\/#website"},"primaryImageOfPage":{"@id":"https:\/\/kidsplay.lt\/produktas\/woopie-diy-irankiu-rinkinys-su-atsuktuvu-ir-lagaminu\/#primaryimage"},"image":{"@id":"https:\/\/kidsplay.lt\/produktas\/woopie-diy-irankiu-rinkinys-su-atsuktuvu-ir-lagaminu\/#primaryimage"},"thumbnailUrl":"https:\/\/kidsplay.lt\/wp-content\/uploads\/2025\/11\/WOOPIE-DIY-irankiu-rinkinys-su-atsuktuvu-ir-lagaminu.jpg","datePublished":"2025-11-30T18:36:01+00:00","dateModified":"2026-04-07T06:54:48+00:00","description":"WOOPIE DIY \u012franki\u0173 rinkinys su atsuktuvu ir lagaminu - KidsPlay. Did\u017eiausias vaik\u0173 \u017eaisl\u0173 pasirinkimas.","breadcrumb":{"@id":"https:\/\/kidsplay.lt\/produktas\/woopie-diy-irankiu-rinkinys-su-atsuktuvu-ir-lagaminu\/#breadcrumb"},"inLanguage":"lv-LV","potentialAction":[{"@type":"ReadAction","target":["https:\/\/kidsplay.lt\/produktas\/woopie-diy-irankiu-rinkinys-su-atsuktuvu-ir-lagaminu\/"]}]},{"@type":"ImageObject","inLanguage":"lv-LV","@id":"https:\/\/kidsplay.lt\/produktas\/woopie-diy-irankiu-rinkinys-su-atsuktuvu-ir-lagaminu\/#primaryimage","url":"https:\/\/kidsplay.lt\/wp-content\/uploads\/2025\/11\/WOOPIE-DIY-irankiu-rinkinys-su-atsuktuvu-ir-lagaminu.jpg","contentUrl":"https:\/\/kidsplay.lt\/wp-content\/uploads\/2025\/11\/WOOPIE-DIY-irankiu-rinkinys-su-atsuktuvu-ir-lagaminu.jpg","width":1000,"height":1000,"caption":"WOOPIE DIY \u012franki\u0173 rinkinys su atsuktuvu ir lagaminu"},{"@type":"BreadcrumbList","@id":"https:\/\/kidsplay.lt\/produktas\/woopie-diy-irankiu-rinkinys-su-atsuktuvu-ir-lagaminu\/#breadcrumb","itemListElement":[{"@type":"ListItem","position":1,"name":"Pagrindinis","item":"https:\/\/kidsplay.lt\/"},{"@type":"ListItem","position":2,"name":"Parduotuv\u0117","item":"https:\/\/kidsplay.lt\/parduotuve\/"},{"@type":"ListItem","position":3,"name":"WOOPIE DIY \u012franki\u0173 rinkinys su atsuktuvu ir lagaminu"}]},{"@type":"WebSite","@id":"https:\/\/kidsplay.lt\/#website","url":"https:\/\/kidsplay.lt\/","name":"B\u0113rnu sp\u0113les.lv","description":"\u012evairios prek\u0117s vaikams","publisher":{"@id":"https:\/\/kidsplay.lt\/#organization"},"alternateName":"Kidsplay","potentialAction":[{"@type":"SearchAction","target":{"@type":"EntryPoint","urlTemplate":"https:\/\/kidsplay.lt\/?s={search_term_string}"},"query-input":{"@type":"PropertyValueSpecification","valueRequired":true,"valueName":"search_term_string"}}],"inLanguage":"lv-LV"},{"@type":"Organization","@id":"https:\/\/kidsplay.lt\/#organization","name":"B\u0113rnu sp\u0113le","url":"https:\/\/kidsplay.lt\/","logo":{"@type":"ImageObject","inLanguage":"lv-LV","@id":"https:\/\/kidsplay.lt\/#\/schema\/logo\/image\/","url":"https:\/\/kidsplay.lt\/wp-content\/uploads\/2023\/07\/kidsplay-logo.png","contentUrl":"https:\/\/kidsplay.lt\/wp-content\/uploads\/2023\/07\/kidsplay-logo.png","width":451,"height":98,"caption":"KidsPlay"},"image":{"@id":"https:\/\/kidsplay.lt\/#\/schema\/logo\/image\/"},"sameAs":["https:\/\/www.facebook.com\/www.kidsplay.lt"]}]}},"_links":{"self":[{"href":"https:\/\/kidsplay.lt\/lv\/wp-json\/wp\/v2\/product\/81254","targetHints":{"allow":["GET"]}}],"collection":[{"href":"https:\/\/kidsplay.lt\/lv\/wp-json\/wp\/v2\/product"}],"about":[{"href":"https:\/\/kidsplay.lt\/lv\/wp-json\/wp\/v2\/types\/product"}],"version-history":[{"count":1,"href":"https:\/\/kidsplay.lt\/lv\/wp-json\/wp\/v2\/product\/81254\/revisions"}],"predecessor-version":[{"id":81255,"href":"https:\/\/kidsplay.lt\/lv\/wp-json\/wp\/v2\/product\/81254\/revisions\/81255"}],"wp:featuredmedia":[{"embeddable":true,"href":"https:\/\/kidsplay.lt\/lv\/wp-json\/wp\/v2\/media\/81256"}],"wp:attachment":[{"href":"https:\/\/kidsplay.lt\/lv\/wp-json\/wp\/v2\/media?parent=81254"}],"wp:term":[{"taxonomy":"product_brand","embeddable":true,"href":"https:\/\/kidsplay.lt\/lv\/wp-json\/wp\/v2\/product_brand?post=81254"},{"taxonomy":"product_cat","embeddable":true,"href":"https:\/\/kidsplay.lt\/lv\/wp-json\/wp\/v2\/product_cat?post=81254"},{"taxonomy":"product_tag","embeddable":true,"href":"https:\/\/kidsplay.lt\/lv\/wp-json\/wp\/v2\/product_tag?post=81254"}],"curies":[{"name":"wp","href":"https:\/\/api.w.org\/{rel}","templated":true}]}}