{"id":81259,"date":"2025-11-30T20:36:19","date_gmt":"2025-11-30T18:36:19","guid":{"rendered":"https:\/\/kidsplay.lt\/produktas\/alk-geltonas-salmas-1-7-metu-klase\/"},"modified":"2026-04-07T09:54:51","modified_gmt":"2026-04-07T06:54:51","slug":"alk-geltonas-salmas-1-7-metu-klase","status":"publish","type":"product","link":"https:\/\/kidsplay.lt\/lv\/products\/alk-geltonas-salmas-1-7-metu-klase\/","title":{"rendered":"ALK dzelten\u0101 \u0137ivere 1-7 gadu vecuma grupai"},"content":{"rendered":"<p>Paz\u012bstam\u0101 uz\u0146\u0113muma Falk dzelten\u0101 \u0137ivere ir izgatavota no cieta materi\u0101la, kas labi aizsarg\u0101 b\u0113rna galvu. \u0136ivere ir \u0113rta, tai ir regul\u0113jama siksna, lai j\u016bs var\u0113tu piel\u0101got izm\u0113ru atbilsto\u0161i mazu\u013ca \u0113rt\u012bb\u0101m.<\/p>\n<p>Raksturojums<\/p>\n<p> \t\u2013 \u0136ivere b\u0113rniem no 1 l\u012bdz 7 gadu vecumam<br \/>\n \t\u2013 Izm\u0113ri: 23 x 18 x 13 cm<br \/>\n \t\u2013 Regul\u0113jama siksna, izm\u0113ra piel\u0101go\u0161ana mazu\u013ca galvai<br \/>\n \t\u2013 iztur\u012bgs, augstas kvalit\u0101tes materi\u0101ls<\/p>","protected":false},"excerpt":{"rendered":"<p>Geltonas \u0161almas\u00a0i\u0161 \u017einomos \u012fmon\u0117s Falk yra pagamintas i\u0161\u00a0kietos med\u017eiagos gerai apsaugant vaiko galv\u0105. \u0160almas yra\u00a0patogus,\u00a0jis turi reguliuojam\u0105 dir\u017eel\u012f taigi galite<\/p>","protected":false},"featured_media":81261,"template":"","meta":{"_acf_changed":false,"_glsr_average":0,"_glsr_ranking":0,"_glsr_reviews":0},"product_brand":[],"product_cat":[402,399,229],"product_tag":[],"class_list":{"0":"post-81259","1":"product","2":"type-product","3":"status-publish","4":"has-post-thumbnail","6":"product_cat-dirbtuves-ir-irankiai","7":"product_cat-vaidmenu-zaidimai-2","8":"product_cat-zaislai-vaikams","9":"\"style=\"background-color: #2ecc711c;\"","11":"first","12":"instock","13":"purchasable","14":"product-type-simple"},"acf":[],"yoast_head":"<!-- This site is optimized with the Yoast SEO plugin v27.3 - https:\/\/yoast.com\/product\/yoast-seo-wordpress\/ -->\n<title>ALK geltonas \u0161almas 1-7 met\u0173 klas\u0117<\/title>\n<meta name=\"description\" content=\"ALK geltonas \u0161almas 1-7 met\u0173 klas\u0117 - KidsPlay. Did\u017eiausias vaik\u0173 \u017eaisl\u0173 pasirinkimas.\" \/>\n<meta name=\"robots\" content=\"index, follow, max-snippet:-1, max-image-preview:large, max-video-preview:-1\" \/>\n<link rel=\"canonical\" href=\"https:\/\/kidsplay.lt\/lv\/products\/alk-geltonas-salmas-1-7-metu-klase\/\" \/>\n<meta property=\"og:locale\" content=\"lv_LV\" \/>\n<meta property=\"og:type\" content=\"article\" \/>\n<meta property=\"og:title\" content=\"ALK geltonas \u0161almas 1-7 met\u0173 klas\u0117\" \/>\n<meta property=\"og:description\" content=\"ALK geltonas \u0161almas 1-7 met\u0173 klas\u0117 - KidsPlay. Did\u017eiausias vaik\u0173 \u017eaisl\u0173 pasirinkimas.\" \/>\n<meta property=\"og:url\" content=\"https:\/\/kidsplay.lt\/lv\/products\/alk-geltonas-salmas-1-7-metu-klase\/\" \/>\n<meta property=\"og:site_name\" content=\"KidsPlay\" \/>\n<meta property=\"article:publisher\" content=\"https:\/\/www.facebook.com\/www.kidsplay.lt\" \/>\n<meta property=\"article:modified_time\" content=\"2026-04-07T06:54:51+00:00\" \/>\n<meta property=\"og:image\" content=\"https:\/\/kidsplay.lt\/wp-content\/uploads\/2025\/11\/ALK-geltonas-salmas-1-7-metu-klase.jpg\" \/>\n\t<meta property=\"og:image:width\" content=\"2560\" \/>\n\t<meta property=\"og:image:height\" content=\"2560\" \/>\n\t<meta property=\"og:image:type\" content=\"image\/jpeg\" \/>\n<meta name=\"twitter:card\" content=\"summary_large_image\" \/>\n<script type=\"application\/ld+json\" class=\"yoast-schema-graph\">{\"@context\":\"https:\\\/\\\/schema.org\",\"@graph\":[{\"@type\":\"WebPage\",\"@id\":\"https:\\\/\\\/kidsplay.lt\\\/produktas\\\/alk-geltonas-salmas-1-7-metu-klase\\\/\",\"url\":\"https:\\\/\\\/kidsplay.lt\\\/produktas\\\/alk-geltonas-salmas-1-7-metu-klase\\\/\",\"name\":\"ALK geltonas \u0161almas 1-7 met\u0173 klas\u0117\",\"isPartOf\":{\"@id\":\"https:\\\/\\\/kidsplay.lt\\\/#website\"},\"primaryImageOfPage\":{\"@id\":\"https:\\\/\\\/kidsplay.lt\\\/produktas\\\/alk-geltonas-salmas-1-7-metu-klase\\\/#primaryimage\"},\"image\":{\"@id\":\"https:\\\/\\\/kidsplay.lt\\\/produktas\\\/alk-geltonas-salmas-1-7-metu-klase\\\/#primaryimage\"},\"thumbnailUrl\":\"https:\\\/\\\/kidsplay.lt\\\/wp-content\\\/uploads\\\/2025\\\/11\\\/ALK-geltonas-salmas-1-7-metu-klase.jpg\",\"datePublished\":\"2025-11-30T18:36:19+00:00\",\"dateModified\":\"2026-04-07T06:54:51+00:00\",\"description\":\"ALK geltonas \u0161almas 1-7 met\u0173 klas\u0117 - KidsPlay. Did\u017eiausias vaik\u0173 \u017eaisl\u0173 pasirinkimas.\",\"breadcrumb\":{\"@id\":\"https:\\\/\\\/kidsplay.lt\\\/produktas\\\/alk-geltonas-salmas-1-7-metu-klase\\\/#breadcrumb\"},\"inLanguage\":\"lv-LV\",\"potentialAction\":[{\"@type\":\"ReadAction\",\"target\":[\"https:\\\/\\\/kidsplay.lt\\\/produktas\\\/alk-geltonas-salmas-1-7-metu-klase\\\/\"]}]},{\"@type\":\"ImageObject\",\"inLanguage\":\"lv-LV\",\"@id\":\"https:\\\/\\\/kidsplay.lt\\\/produktas\\\/alk-geltonas-salmas-1-7-metu-klase\\\/#primaryimage\",\"url\":\"https:\\\/\\\/kidsplay.lt\\\/wp-content\\\/uploads\\\/2025\\\/11\\\/ALK-geltonas-salmas-1-7-metu-klase.jpg\",\"contentUrl\":\"https:\\\/\\\/kidsplay.lt\\\/wp-content\\\/uploads\\\/2025\\\/11\\\/ALK-geltonas-salmas-1-7-metu-klase.jpg\",\"width\":2560,\"height\":2560,\"caption\":\"ALK geltonas \u0161almas 1-7 met\u0173 klas\u0117\"},{\"@type\":\"BreadcrumbList\",\"@id\":\"https:\\\/\\\/kidsplay.lt\\\/produktas\\\/alk-geltonas-salmas-1-7-metu-klase\\\/#breadcrumb\",\"itemListElement\":[{\"@type\":\"ListItem\",\"position\":1,\"name\":\"Pagrindinis\",\"item\":\"https:\\\/\\\/kidsplay.lt\\\/\"},{\"@type\":\"ListItem\",\"position\":2,\"name\":\"Parduotuv\u0117\",\"item\":\"https:\\\/\\\/kidsplay.lt\\\/parduotuve\\\/\"},{\"@type\":\"ListItem\",\"position\":3,\"name\":\"ALK geltonas \u0161almas 1-7 met\u0173 klas\u0117\"}]},{\"@type\":\"WebSite\",\"@id\":\"https:\\\/\\\/kidsplay.lt\\\/#website\",\"url\":\"https:\\\/\\\/kidsplay.lt\\\/\",\"name\":\"Kidsplay.lt\",\"description\":\"\u012evairios prek\u0117s vaikams\",\"publisher\":{\"@id\":\"https:\\\/\\\/kidsplay.lt\\\/#organization\"},\"alternateName\":\"Kidsplay\",\"potentialAction\":[{\"@type\":\"SearchAction\",\"target\":{\"@type\":\"EntryPoint\",\"urlTemplate\":\"https:\\\/\\\/kidsplay.lt\\\/?s={search_term_string}\"},\"query-input\":{\"@type\":\"PropertyValueSpecification\",\"valueRequired\":true,\"valueName\":\"search_term_string\"}}],\"inLanguage\":\"lv-LV\"},{\"@type\":\"Organization\",\"@id\":\"https:\\\/\\\/kidsplay.lt\\\/#organization\",\"name\":\"KidsPlay\",\"url\":\"https:\\\/\\\/kidsplay.lt\\\/\",\"logo\":{\"@type\":\"ImageObject\",\"inLanguage\":\"lv-LV\",\"@id\":\"https:\\\/\\\/kidsplay.lt\\\/#\\\/schema\\\/logo\\\/image\\\/\",\"url\":\"https:\\\/\\\/kidsplay.lt\\\/wp-content\\\/uploads\\\/2023\\\/07\\\/kidsplay-logo.png\",\"contentUrl\":\"https:\\\/\\\/kidsplay.lt\\\/wp-content\\\/uploads\\\/2023\\\/07\\\/kidsplay-logo.png\",\"width\":451,\"height\":98,\"caption\":\"KidsPlay\"},\"image\":{\"@id\":\"https:\\\/\\\/kidsplay.lt\\\/#\\\/schema\\\/logo\\\/image\\\/\"},\"sameAs\":[\"https:\\\/\\\/www.facebook.com\\\/www.kidsplay.lt\"]}]}<\/script>\n<!-- \/ Yoast SEO plugin. -->","yoast_head_json":{"title":"ALK dzelten\u0101 \u0137ivere 1-7 gadu vecuma grupai","description":"ALK geltonas \u0161almas 1-7 met\u0173 klas\u0117 - KidsPlay. Did\u017eiausias vaik\u0173 \u017eaisl\u0173 pasirinkimas.","robots":{"index":"index","follow":"follow","max-snippet":"max-snippet:-1","max-image-preview":"max-image-preview:large","max-video-preview":"max-video-preview:-1"},"canonical":"https:\/\/kidsplay.lt\/lv\/products\/alk-geltonas-salmas-1-7-metu-klase\/","og_locale":"lv_LV","og_type":"article","og_title":"ALK geltonas \u0161almas 1-7 met\u0173 klas\u0117","og_description":"ALK geltonas \u0161almas 1-7 met\u0173 klas\u0117 - KidsPlay. Did\u017eiausias vaik\u0173 \u017eaisl\u0173 pasirinkimas.","og_url":"https:\/\/kidsplay.lt\/lv\/products\/alk-geltonas-salmas-1-7-metu-klase\/","og_site_name":"KidsPlay","article_publisher":"https:\/\/www.facebook.com\/www.kidsplay.lt","article_modified_time":"2026-04-07T06:54:51+00:00","og_image":[{"width":2560,"height":2560,"url":"https:\/\/kidsplay.lt\/wp-content\/uploads\/2025\/11\/ALK-geltonas-salmas-1-7-metu-klase.jpg","type":"image\/jpeg"}],"twitter_card":"summary_large_image","schema":{"@context":"https:\/\/schema.org","@graph":[{"@type":"WebPage","@id":"https:\/\/kidsplay.lt\/produktas\/alk-geltonas-salmas-1-7-metu-klase\/","url":"https:\/\/kidsplay.lt\/produktas\/alk-geltonas-salmas-1-7-metu-klase\/","name":"ALK dzelten\u0101 \u0137ivere 1-7 gadu vecuma grupai","isPartOf":{"@id":"https:\/\/kidsplay.lt\/#website"},"primaryImageOfPage":{"@id":"https:\/\/kidsplay.lt\/produktas\/alk-geltonas-salmas-1-7-metu-klase\/#primaryimage"},"image":{"@id":"https:\/\/kidsplay.lt\/produktas\/alk-geltonas-salmas-1-7-metu-klase\/#primaryimage"},"thumbnailUrl":"https:\/\/kidsplay.lt\/wp-content\/uploads\/2025\/11\/ALK-geltonas-salmas-1-7-metu-klase.jpg","datePublished":"2025-11-30T18:36:19+00:00","dateModified":"2026-04-07T06:54:51+00:00","description":"ALK geltonas \u0161almas 1-7 met\u0173 klas\u0117 - KidsPlay. Did\u017eiausias vaik\u0173 \u017eaisl\u0173 pasirinkimas.","breadcrumb":{"@id":"https:\/\/kidsplay.lt\/produktas\/alk-geltonas-salmas-1-7-metu-klase\/#breadcrumb"},"inLanguage":"lv-LV","potentialAction":[{"@type":"ReadAction","target":["https:\/\/kidsplay.lt\/produktas\/alk-geltonas-salmas-1-7-metu-klase\/"]}]},{"@type":"ImageObject","inLanguage":"lv-LV","@id":"https:\/\/kidsplay.lt\/produktas\/alk-geltonas-salmas-1-7-metu-klase\/#primaryimage","url":"https:\/\/kidsplay.lt\/wp-content\/uploads\/2025\/11\/ALK-geltonas-salmas-1-7-metu-klase.jpg","contentUrl":"https:\/\/kidsplay.lt\/wp-content\/uploads\/2025\/11\/ALK-geltonas-salmas-1-7-metu-klase.jpg","width":2560,"height":2560,"caption":"ALK geltonas \u0161almas 1-7 met\u0173 klas\u0117"},{"@type":"BreadcrumbList","@id":"https:\/\/kidsplay.lt\/produktas\/alk-geltonas-salmas-1-7-metu-klase\/#breadcrumb","itemListElement":[{"@type":"ListItem","position":1,"name":"Pagrindinis","item":"https:\/\/kidsplay.lt\/"},{"@type":"ListItem","position":2,"name":"Parduotuv\u0117","item":"https:\/\/kidsplay.lt\/parduotuve\/"},{"@type":"ListItem","position":3,"name":"ALK geltonas \u0161almas 1-7 met\u0173 klas\u0117"}]},{"@type":"WebSite","@id":"https:\/\/kidsplay.lt\/#website","url":"https:\/\/kidsplay.lt\/","name":"B\u0113rnu sp\u0113les.lv","description":"\u012evairios prek\u0117s vaikams","publisher":{"@id":"https:\/\/kidsplay.lt\/#organization"},"alternateName":"Kidsplay","potentialAction":[{"@type":"SearchAction","target":{"@type":"EntryPoint","urlTemplate":"https:\/\/kidsplay.lt\/?s={search_term_string}"},"query-input":{"@type":"PropertyValueSpecification","valueRequired":true,"valueName":"search_term_string"}}],"inLanguage":"lv-LV"},{"@type":"Organization","@id":"https:\/\/kidsplay.lt\/#organization","name":"B\u0113rnu sp\u0113le","url":"https:\/\/kidsplay.lt\/","logo":{"@type":"ImageObject","inLanguage":"lv-LV","@id":"https:\/\/kidsplay.lt\/#\/schema\/logo\/image\/","url":"https:\/\/kidsplay.lt\/wp-content\/uploads\/2023\/07\/kidsplay-logo.png","contentUrl":"https:\/\/kidsplay.lt\/wp-content\/uploads\/2023\/07\/kidsplay-logo.png","width":451,"height":98,"caption":"KidsPlay"},"image":{"@id":"https:\/\/kidsplay.lt\/#\/schema\/logo\/image\/"},"sameAs":["https:\/\/www.facebook.com\/www.kidsplay.lt"]}]}},"_links":{"self":[{"href":"https:\/\/kidsplay.lt\/lv\/wp-json\/wp\/v2\/product\/81259","targetHints":{"allow":["GET"]}}],"collection":[{"href":"https:\/\/kidsplay.lt\/lv\/wp-json\/wp\/v2\/product"}],"about":[{"href":"https:\/\/kidsplay.lt\/lv\/wp-json\/wp\/v2\/types\/product"}],"version-history":[{"count":1,"href":"https:\/\/kidsplay.lt\/lv\/wp-json\/wp\/v2\/product\/81259\/revisions"}],"predecessor-version":[{"id":81260,"href":"https:\/\/kidsplay.lt\/lv\/wp-json\/wp\/v2\/product\/81259\/revisions\/81260"}],"wp:featuredmedia":[{"embeddable":true,"href":"https:\/\/kidsplay.lt\/lv\/wp-json\/wp\/v2\/media\/81261"}],"wp:attachment":[{"href":"https:\/\/kidsplay.lt\/lv\/wp-json\/wp\/v2\/media?parent=81259"}],"wp:term":[{"taxonomy":"product_brand","embeddable":true,"href":"https:\/\/kidsplay.lt\/lv\/wp-json\/wp\/v2\/product_brand?post=81259"},{"taxonomy":"product_cat","embeddable":true,"href":"https:\/\/kidsplay.lt\/lv\/wp-json\/wp\/v2\/product_cat?post=81259"},{"taxonomy":"product_tag","embeddable":true,"href":"https:\/\/kidsplay.lt\/lv\/wp-json\/wp\/v2\/product_tag?post=81259"}],"curies":[{"name":"wp","href":"https:\/\/api.w.org\/{rel}","templated":true}]}}