{"id":81268,"date":"2025-11-30T20:36:57","date_gmt":"2025-11-30T18:36:57","guid":{"rendered":"https:\/\/kidsplay.lt\/produktas\/falk-ride-scooter-strada-retro-quiet-padangos-nuo-1-metu\/"},"modified":"2026-04-13T14:16:24","modified_gmt":"2026-04-13T11:16:24","slug":"falk-ride-scooter-strada-retro-quiet-padangos-nuo-1-metu","status":"publish","type":"product","link":"https:\/\/kidsplay.lt\/lv\/products\/falk-ride-scooter-strada-retro-quiet-padangos-nuo-1-metu\/","title":{"rendered":"FALK Ride Scooter Strada Retro Quiet riepas no 1 gada vecuma"},"content":{"rendered":"<p>Strada repeleris\u00a0tai \u017eavus pasiva\u017ein\u0117jimas ma\u017eiesiems, linktel\u0117jimas \u012f 1970-\u0173j\u0173 klasik\u0105, bet m\u00a0modernus, apvalus dizainas\u201e. Puikiai tinka kaip \u201epirmasis\u201c motoroleris vaikui\u00a0nuo 1 met\u0173 am\u017eiaus, remti pusiausvyros ir motorini\u0173 \u012fg\u016bd\u017ei\u0173 ugdym\u0105 visi\u0161kai saugiomis s\u0105lygomis. Jame \u012frengta\u00a0dideli, tyl\u016bs ratai\u00a0su elastomerine danga, tod\u0117l puikiai tinka abiem \u017eaidimams\u00a0namuose, kaip ir\u00a0lauke\u201e. Rankin\u012f garsin\u012f signal\u0105 turintis vairas garantuoja valand\u0173 valandas linksmybi\u0173!<\/p>\n<p>Raksturojums:<\/p>\n<p> \t&#8211; vaikams\u00a0nuo 1 met\u0173<br \/>\n \t&#8211; did\u017eiausia apkrova iki\u00a025 kg<br \/>\n \t&#8211; \u012frengtas su\u00a0Garso signalu<br \/>\n \t&#8211; tyl\u016bs ratai\u00a0su elastomerine danga<br \/>\n \t&#8211; dideli ratai\u00a0b\u016btino stabilumo u\u017etikrinimas<br \/>\n \t&#8211; stilingas,\u00a0vintage dizainas\u00a0su \u0161iuolaikin\u0117mis spalvomis (kremin\u0117 \u017ealia)<br \/>\n \t&#8211; puikiai tinka naudoti\u00a0viduje ir i\u0161or\u0117je<br \/>\n \t&#8211; 100% produktas\u00a0pagaminta Pranc\u016bzijoje<\/p>\n<p>Rota\u013clieta ir:<\/p>\n<p> \t&#8211; tyl\u016bs ratai\u00a0su elastomerine danga<br \/>\n \t&#8211; Garso signalas<\/p>","protected":false},"excerpt":{"rendered":"<p>Strada repeleris\u00a0tai \u017eavus pasiva\u017ein\u0117jimas ma\u017eiesiems, linktel\u0117jimas \u012f 1970-\u0173j\u0173 klasik\u0105, bet m\u00a0modernus, apvalus dizainas\u201e. Puikiai tinka kaip \u201epirmasis\u201c motoroleris vaikui\u00a0nuo 1<\/p>","protected":false},"featured_media":81270,"template":"","meta":{"_acf_changed":false,"_glsr_average":0,"_glsr_ranking":0,"_glsr_reviews":0},"product_brand":[],"product_cat":[240,237],"product_tag":[],"class_list":{"0":"post-81268","1":"product","2":"type-product","3":"status-publish","4":"has-post-thumbnail","6":"product_cat-balansiniai-dviratukai","7":"product_cat-judejimo-priemones","8":"\"style=\"background-color: #2ecc711c;\"","10":"first","11":"instock","12":"purchasable","13":"product-type-simple"},"acf":[],"yoast_head":"<!-- This site is optimized with the Yoast SEO plugin v27.4 - https:\/\/yoast.com\/product\/yoast-seo-wordpress\/ -->\n<title>FALK Ride Scooter Strada Retro Quiet padangos nuo 1 met\u0173<\/title>\n<meta name=\"description\" content=\"FALK Ride Scooter Strada Retro Quiet padangos nuo 1 met\u0173 - KidsPlay. Did\u017eiausias vaik\u0173 \u017eaisl\u0173 pasirinkimas.\" \/>\n<meta name=\"robots\" content=\"index, follow, max-snippet:-1, max-image-preview:large, max-video-preview:-1\" \/>\n<link rel=\"canonical\" href=\"https:\/\/kidsplay.lt\/lv\/products\/falk-ride-scooter-strada-retro-quiet-padangos-nuo-1-metu\/\" \/>\n<meta property=\"og:locale\" content=\"lv_LV\" \/>\n<meta property=\"og:type\" content=\"article\" \/>\n<meta property=\"og:title\" content=\"FALK Ride Scooter Strada Retro Quiet padangos nuo 1 met\u0173\" \/>\n<meta property=\"og:description\" content=\"FALK Ride Scooter Strada Retro Quiet padangos nuo 1 met\u0173 - KidsPlay. Did\u017eiausias vaik\u0173 \u017eaisl\u0173 pasirinkimas.\" \/>\n<meta property=\"og:url\" content=\"https:\/\/kidsplay.lt\/lv\/products\/falk-ride-scooter-strada-retro-quiet-padangos-nuo-1-metu\/\" \/>\n<meta property=\"og:site_name\" content=\"KidsPlay\" \/>\n<meta property=\"article:publisher\" content=\"https:\/\/www.facebook.com\/www.kidsplay.lt\" \/>\n<meta property=\"article:modified_time\" content=\"2026-04-13T11:16:24+00:00\" \/>\n<meta property=\"og:image\" content=\"https:\/\/kidsplay.lt\/wp-content\/uploads\/2025\/11\/FALK-Ride-Scooter-Strada-Retro-Quiet-padangos-nuo-1-metu.jpg\" \/>\n\t<meta property=\"og:image:width\" content=\"2500\" \/>\n\t<meta property=\"og:image:height\" content=\"2500\" \/>\n\t<meta property=\"og:image:type\" content=\"image\/jpeg\" \/>\n<meta name=\"twitter:card\" content=\"summary_large_image\" \/>\n<meta name=\"twitter:label1\" content=\"Est. reading time\" \/>\n\t<meta name=\"twitter:data1\" content=\"1 min\u016bte\" \/>\n<script type=\"application\/ld+json\" class=\"yoast-schema-graph\">{\"@context\":\"https:\\\/\\\/schema.org\",\"@graph\":[{\"@type\":\"WebPage\",\"@id\":\"https:\\\/\\\/kidsplay.lt\\\/produktas\\\/falk-ride-scooter-strada-retro-quiet-padangos-nuo-1-metu\\\/\",\"url\":\"https:\\\/\\\/kidsplay.lt\\\/produktas\\\/falk-ride-scooter-strada-retro-quiet-padangos-nuo-1-metu\\\/\",\"name\":\"FALK Ride Scooter Strada Retro Quiet padangos nuo 1 met\u0173\",\"isPartOf\":{\"@id\":\"https:\\\/\\\/kidsplay.lt\\\/#website\"},\"primaryImageOfPage\":{\"@id\":\"https:\\\/\\\/kidsplay.lt\\\/produktas\\\/falk-ride-scooter-strada-retro-quiet-padangos-nuo-1-metu\\\/#primaryimage\"},\"image\":{\"@id\":\"https:\\\/\\\/kidsplay.lt\\\/produktas\\\/falk-ride-scooter-strada-retro-quiet-padangos-nuo-1-metu\\\/#primaryimage\"},\"thumbnailUrl\":\"https:\\\/\\\/kidsplay.lt\\\/wp-content\\\/uploads\\\/2025\\\/11\\\/FALK-Ride-Scooter-Strada-Retro-Quiet-padangos-nuo-1-metu.jpg\",\"datePublished\":\"2025-11-30T18:36:57+00:00\",\"dateModified\":\"2026-04-13T11:16:24+00:00\",\"description\":\"FALK Ride Scooter Strada Retro Quiet padangos nuo 1 met\u0173 - KidsPlay. Did\u017eiausias vaik\u0173 \u017eaisl\u0173 pasirinkimas.\",\"breadcrumb\":{\"@id\":\"https:\\\/\\\/kidsplay.lt\\\/produktas\\\/falk-ride-scooter-strada-retro-quiet-padangos-nuo-1-metu\\\/#breadcrumb\"},\"inLanguage\":\"lv-LV\",\"potentialAction\":[{\"@type\":\"ReadAction\",\"target\":[\"https:\\\/\\\/kidsplay.lt\\\/produktas\\\/falk-ride-scooter-strada-retro-quiet-padangos-nuo-1-metu\\\/\"]}]},{\"@type\":\"ImageObject\",\"inLanguage\":\"lv-LV\",\"@id\":\"https:\\\/\\\/kidsplay.lt\\\/produktas\\\/falk-ride-scooter-strada-retro-quiet-padangos-nuo-1-metu\\\/#primaryimage\",\"url\":\"https:\\\/\\\/kidsplay.lt\\\/wp-content\\\/uploads\\\/2025\\\/11\\\/FALK-Ride-Scooter-Strada-Retro-Quiet-padangos-nuo-1-metu.jpg\",\"contentUrl\":\"https:\\\/\\\/kidsplay.lt\\\/wp-content\\\/uploads\\\/2025\\\/11\\\/FALK-Ride-Scooter-Strada-Retro-Quiet-padangos-nuo-1-metu.jpg\",\"width\":2500,\"height\":2500,\"caption\":\"FALK Ride Scooter Strada Retro Quiet padangos nuo 1 met\u0173\"},{\"@type\":\"BreadcrumbList\",\"@id\":\"https:\\\/\\\/kidsplay.lt\\\/produktas\\\/falk-ride-scooter-strada-retro-quiet-padangos-nuo-1-metu\\\/#breadcrumb\",\"itemListElement\":[{\"@type\":\"ListItem\",\"position\":1,\"name\":\"Pagrindinis\",\"item\":\"https:\\\/\\\/kidsplay.lt\\\/\"},{\"@type\":\"ListItem\",\"position\":2,\"name\":\"Parduotuv\u0117\",\"item\":\"https:\\\/\\\/kidsplay.lt\\\/parduotuve\\\/\"},{\"@type\":\"ListItem\",\"position\":3,\"name\":\"FALK Ride Scooter Strada Retro Quiet padangos nuo 1 met\u0173\"}]},{\"@type\":\"WebSite\",\"@id\":\"https:\\\/\\\/kidsplay.lt\\\/#website\",\"url\":\"https:\\\/\\\/kidsplay.lt\\\/\",\"name\":\"Kidsplay.lt\",\"description\":\"\u012evairios prek\u0117s vaikams\",\"publisher\":{\"@id\":\"https:\\\/\\\/kidsplay.lt\\\/#organization\"},\"alternateName\":\"Kidsplay\",\"potentialAction\":[{\"@type\":\"SearchAction\",\"target\":{\"@type\":\"EntryPoint\",\"urlTemplate\":\"https:\\\/\\\/kidsplay.lt\\\/?s={search_term_string}\"},\"query-input\":{\"@type\":\"PropertyValueSpecification\",\"valueRequired\":true,\"valueName\":\"search_term_string\"}}],\"inLanguage\":\"lv-LV\"},{\"@type\":\"Organization\",\"@id\":\"https:\\\/\\\/kidsplay.lt\\\/#organization\",\"name\":\"KidsPlay\",\"url\":\"https:\\\/\\\/kidsplay.lt\\\/\",\"logo\":{\"@type\":\"ImageObject\",\"inLanguage\":\"lv-LV\",\"@id\":\"https:\\\/\\\/kidsplay.lt\\\/#\\\/schema\\\/logo\\\/image\\\/\",\"url\":\"https:\\\/\\\/kidsplay.lt\\\/wp-content\\\/uploads\\\/2023\\\/07\\\/kidsplay-logo.png\",\"contentUrl\":\"https:\\\/\\\/kidsplay.lt\\\/wp-content\\\/uploads\\\/2023\\\/07\\\/kidsplay-logo.png\",\"width\":451,\"height\":98,\"caption\":\"KidsPlay\"},\"image\":{\"@id\":\"https:\\\/\\\/kidsplay.lt\\\/#\\\/schema\\\/logo\\\/image\\\/\"},\"sameAs\":[\"https:\\\/\\\/www.facebook.com\\\/www.kidsplay.lt\"]}]}<\/script>\n<!-- \/ Yoast SEO plugin. -->","yoast_head_json":{"title":"FALK Ride Scooter Strada Retro Quiet riepas no 1 gada vecuma","description":"FALK Ride Scooter Strada Retro Quiet padangos nuo 1 met\u0173 - KidsPlay. Did\u017eiausias vaik\u0173 \u017eaisl\u0173 pasirinkimas.","robots":{"index":"index","follow":"follow","max-snippet":"max-snippet:-1","max-image-preview":"max-image-preview:large","max-video-preview":"max-video-preview:-1"},"canonical":"https:\/\/kidsplay.lt\/lv\/products\/falk-ride-scooter-strada-retro-quiet-padangos-nuo-1-metu\/","og_locale":"lv_LV","og_type":"article","og_title":"FALK Ride Scooter Strada Retro Quiet padangos nuo 1 met\u0173","og_description":"FALK Ride Scooter Strada Retro Quiet padangos nuo 1 met\u0173 - KidsPlay. Did\u017eiausias vaik\u0173 \u017eaisl\u0173 pasirinkimas.","og_url":"https:\/\/kidsplay.lt\/lv\/products\/falk-ride-scooter-strada-retro-quiet-padangos-nuo-1-metu\/","og_site_name":"KidsPlay","article_publisher":"https:\/\/www.facebook.com\/www.kidsplay.lt","article_modified_time":"2026-04-13T11:16:24+00:00","og_image":[{"width":2500,"height":2500,"url":"https:\/\/kidsplay.lt\/wp-content\/uploads\/2025\/11\/FALK-Ride-Scooter-Strada-Retro-Quiet-padangos-nuo-1-metu.jpg","type":"image\/jpeg"}],"twitter_card":"summary_large_image","twitter_misc":{"Est. reading time":"1 min\u016bte"},"schema":{"@context":"https:\/\/schema.org","@graph":[{"@type":"WebPage","@id":"https:\/\/kidsplay.lt\/produktas\/falk-ride-scooter-strada-retro-quiet-padangos-nuo-1-metu\/","url":"https:\/\/kidsplay.lt\/produktas\/falk-ride-scooter-strada-retro-quiet-padangos-nuo-1-metu\/","name":"FALK Ride Scooter Strada Retro Quiet riepas no 1 gada vecuma","isPartOf":{"@id":"https:\/\/kidsplay.lt\/#website"},"primaryImageOfPage":{"@id":"https:\/\/kidsplay.lt\/produktas\/falk-ride-scooter-strada-retro-quiet-padangos-nuo-1-metu\/#primaryimage"},"image":{"@id":"https:\/\/kidsplay.lt\/produktas\/falk-ride-scooter-strada-retro-quiet-padangos-nuo-1-metu\/#primaryimage"},"thumbnailUrl":"https:\/\/kidsplay.lt\/wp-content\/uploads\/2025\/11\/FALK-Ride-Scooter-Strada-Retro-Quiet-padangos-nuo-1-metu.jpg","datePublished":"2025-11-30T18:36:57+00:00","dateModified":"2026-04-13T11:16:24+00:00","description":"FALK Ride Scooter Strada Retro Quiet padangos nuo 1 met\u0173 - KidsPlay. Did\u017eiausias vaik\u0173 \u017eaisl\u0173 pasirinkimas.","breadcrumb":{"@id":"https:\/\/kidsplay.lt\/produktas\/falk-ride-scooter-strada-retro-quiet-padangos-nuo-1-metu\/#breadcrumb"},"inLanguage":"lv-LV","potentialAction":[{"@type":"ReadAction","target":["https:\/\/kidsplay.lt\/produktas\/falk-ride-scooter-strada-retro-quiet-padangos-nuo-1-metu\/"]}]},{"@type":"ImageObject","inLanguage":"lv-LV","@id":"https:\/\/kidsplay.lt\/produktas\/falk-ride-scooter-strada-retro-quiet-padangos-nuo-1-metu\/#primaryimage","url":"https:\/\/kidsplay.lt\/wp-content\/uploads\/2025\/11\/FALK-Ride-Scooter-Strada-Retro-Quiet-padangos-nuo-1-metu.jpg","contentUrl":"https:\/\/kidsplay.lt\/wp-content\/uploads\/2025\/11\/FALK-Ride-Scooter-Strada-Retro-Quiet-padangos-nuo-1-metu.jpg","width":2500,"height":2500,"caption":"FALK Ride Scooter Strada Retro Quiet padangos nuo 1 met\u0173"},{"@type":"BreadcrumbList","@id":"https:\/\/kidsplay.lt\/produktas\/falk-ride-scooter-strada-retro-quiet-padangos-nuo-1-metu\/#breadcrumb","itemListElement":[{"@type":"ListItem","position":1,"name":"Pagrindinis","item":"https:\/\/kidsplay.lt\/"},{"@type":"ListItem","position":2,"name":"Parduotuv\u0117","item":"https:\/\/kidsplay.lt\/parduotuve\/"},{"@type":"ListItem","position":3,"name":"FALK Ride Scooter Strada Retro Quiet padangos nuo 1 met\u0173"}]},{"@type":"WebSite","@id":"https:\/\/kidsplay.lt\/#website","url":"https:\/\/kidsplay.lt\/","name":"B\u0113rnu sp\u0113les.lv","description":"\u012evairios prek\u0117s vaikams","publisher":{"@id":"https:\/\/kidsplay.lt\/#organization"},"alternateName":"Kidsplay","potentialAction":[{"@type":"SearchAction","target":{"@type":"EntryPoint","urlTemplate":"https:\/\/kidsplay.lt\/?s={search_term_string}"},"query-input":{"@type":"PropertyValueSpecification","valueRequired":true,"valueName":"search_term_string"}}],"inLanguage":"lv-LV"},{"@type":"Organization","@id":"https:\/\/kidsplay.lt\/#organization","name":"B\u0113rnu sp\u0113le","url":"https:\/\/kidsplay.lt\/","logo":{"@type":"ImageObject","inLanguage":"lv-LV","@id":"https:\/\/kidsplay.lt\/#\/schema\/logo\/image\/","url":"https:\/\/kidsplay.lt\/wp-content\/uploads\/2023\/07\/kidsplay-logo.png","contentUrl":"https:\/\/kidsplay.lt\/wp-content\/uploads\/2023\/07\/kidsplay-logo.png","width":451,"height":98,"caption":"KidsPlay"},"image":{"@id":"https:\/\/kidsplay.lt\/#\/schema\/logo\/image\/"},"sameAs":["https:\/\/www.facebook.com\/www.kidsplay.lt"]}]}},"_links":{"self":[{"href":"https:\/\/kidsplay.lt\/lv\/wp-json\/wp\/v2\/product\/81268","targetHints":{"allow":["GET"]}}],"collection":[{"href":"https:\/\/kidsplay.lt\/lv\/wp-json\/wp\/v2\/product"}],"about":[{"href":"https:\/\/kidsplay.lt\/lv\/wp-json\/wp\/v2\/types\/product"}],"version-history":[{"count":1,"href":"https:\/\/kidsplay.lt\/lv\/wp-json\/wp\/v2\/product\/81268\/revisions"}],"predecessor-version":[{"id":81269,"href":"https:\/\/kidsplay.lt\/lv\/wp-json\/wp\/v2\/product\/81268\/revisions\/81269"}],"wp:featuredmedia":[{"embeddable":true,"href":"https:\/\/kidsplay.lt\/lv\/wp-json\/wp\/v2\/media\/81270"}],"wp:attachment":[{"href":"https:\/\/kidsplay.lt\/lv\/wp-json\/wp\/v2\/media?parent=81268"}],"wp:term":[{"taxonomy":"product_brand","embeddable":true,"href":"https:\/\/kidsplay.lt\/lv\/wp-json\/wp\/v2\/product_brand?post=81268"},{"taxonomy":"product_cat","embeddable":true,"href":"https:\/\/kidsplay.lt\/lv\/wp-json\/wp\/v2\/product_cat?post=81268"},{"taxonomy":"product_tag","embeddable":true,"href":"https:\/\/kidsplay.lt\/lv\/wp-json\/wp\/v2\/product_tag?post=81268"}],"curies":[{"name":"wp","href":"https:\/\/api.w.org\/{rel}","templated":true}]}}