{"id":81273,"date":"2025-11-30T20:37:13","date_gmt":"2025-11-30T18:37:13","guid":{"rendered":"https:\/\/kidsplay.lt\/produktas\/rolly-zaislai-rollydigger-cat-ekskavatorius-rotary-ride-geltona\/"},"modified":"2026-04-07T09:54:59","modified_gmt":"2026-04-07T06:54:59","slug":"rolly-zaislai-rollydigger-cat-ekskavatorius-rotary-ride-geltona","status":"publish","type":"product","link":"https:\/\/kidsplay.lt\/lv\/products\/rolly-zaislai-rollydigger-cat-ekskavatorius-rotary-ride-geltona\/","title":{"rendered":"Rolly \u017daislai RollyDigger CAT &#8211; Ekskavatorius Rotary Ride Geltona"},"content":{"rendered":"<p>Ekskavatorius\u00a0 RollyDigger CAT\u00a0tai auk\u0161tos kokyb\u0117s \u017eaislas, sukurtas specialiai 3 met\u0173 ir vyresniems vaikams<br \/>\nmetai. Ekskavatorius yra paprastas naudoti &#8211; puikiai tinka\u00a0sode arba papl\u016bdimyje\u201e. Su \u0161iuo visi\u0161kai funkcionaliu \u017eaislu ma\u017eieji in\u017einieriai gali susikurti savo statybvietes ir leisti savo vaizduotei pa\u0161\u0117lti. Ekskavatorius turi \u012fsp\u016bding\u0105 funkcij\u0105\u00a0apyvarta apie 360\u00b0, kad vaikai gal\u0117t\u0173 perkelti pakrovimo rank\u0105 \u012f visas puses. Tai leid\u017eia jiems lengvai surinkti sm\u0117l\u012f, akmenis ar kitas med\u017eiagas ir transportuoti \u012f kit\u0105 viet\u0105. Ypatinga ekskavatoriaus savyb\u0117 yra automatinis pakrovimo svirties u\u017erakinimas.\u00a0Pa\u0117mus med\u017eiag\u0105, ranka automati\u0161kai u\u017esifiksuoja, suteikdamas\u00a0saugus transportas\u201e. Tai suteikia vaikams realisti\u0161k\u0105 \u017eaidimo patirt\u012f ir palaiko j\u0173 motorinius \u012fg\u016bd\u017eius. Ry\u0161kios spalvos ir autenti\u0161kas dizainas daro RollyDigger CAT tikru ak\u012f traukian\u010diu.<br \/>\nNesvarbu, ar esate\u00a0sm\u0117lio d\u0117\u017e\u0117s,\u00a0sode, arba \u012f\u00a0\u017eaidim\u0173 kambarys\u00a0\u2013 \u0161is ekskavatorius suteikia valand\u0173 valandas linksmybi\u0173 ir leid\u017eia ma\u017eiems statybininkams patirti puiki\u0173 nuotyki\u0173.<\/p>","protected":false},"excerpt":{"rendered":"<p>Ekskavatorius\u00a0 RollyDigger CAT\u00a0tai auk\u0161tos kokyb\u0117s \u017eaislas, sukurtas specialiai 3 met\u0173 ir vyresniems vaikams metai. Ekskavatorius yra paprastas naudoti &#8211; puikiai<\/p>","protected":false},"featured_media":81275,"template":"","meta":{"_acf_changed":false,"_glsr_average":0,"_glsr_ranking":0,"_glsr_reviews":0},"product_brand":[],"product_cat":[237,393],"product_tag":[],"class_list":{"0":"post-81273","1":"product","2":"type-product","3":"status-publish","4":"has-post-thumbnail","6":"product_cat-judejimo-priemones","7":"product_cat-zaisliniai-traktoriai","8":"\"style=\"background-color: #2ecc711c;\"","10":"first","11":"instock","12":"purchasable","13":"product-type-simple"},"acf":[],"yoast_head":"<!-- This site is optimized with the Yoast SEO plugin v27.3 - https:\/\/yoast.com\/product\/yoast-seo-wordpress\/ -->\n<title>Rolly \u017daislai RollyDigger CAT &#8211; Ekskavatorius Rotary Ride Geltona<\/title>\n<meta name=\"description\" content=\"Rolly \u017daislai RollyDigger CAT &#8211; Ekskavatorius Rotary Ride Geltona - KidsPlay. Did\u017eiausias vaik\u0173 \u017eaisl\u0173 pasirinkimas.\" \/>\n<meta name=\"robots\" content=\"index, follow, max-snippet:-1, max-image-preview:large, max-video-preview:-1\" \/>\n<link rel=\"canonical\" href=\"https:\/\/kidsplay.lt\/lv\/products\/rolly-zaislai-rollydigger-cat-ekskavatorius-rotary-ride-geltona\/\" \/>\n<meta property=\"og:locale\" content=\"lv_LV\" \/>\n<meta property=\"og:type\" content=\"article\" \/>\n<meta property=\"og:title\" content=\"Rolly \u017daislai RollyDigger CAT &#8211; Ekskavatorius Rotary Ride Geltona\" \/>\n<meta property=\"og:description\" content=\"Rolly \u017daislai RollyDigger CAT &#8211; Ekskavatorius Rotary Ride Geltona - KidsPlay. Did\u017eiausias vaik\u0173 \u017eaisl\u0173 pasirinkimas.\" \/>\n<meta property=\"og:url\" content=\"https:\/\/kidsplay.lt\/lv\/products\/rolly-zaislai-rollydigger-cat-ekskavatorius-rotary-ride-geltona\/\" \/>\n<meta property=\"og:site_name\" content=\"KidsPlay\" \/>\n<meta property=\"article:publisher\" content=\"https:\/\/www.facebook.com\/www.kidsplay.lt\" \/>\n<meta property=\"article:modified_time\" content=\"2026-04-07T06:54:59+00:00\" \/>\n<meta property=\"og:image\" content=\"https:\/\/kidsplay.lt\/wp-content\/uploads\/2025\/11\/Rolly-Zaislai-RollyDigger-CAT-8211-Ekskavatorius-Rotary-Ride-Geltona.jpg\" \/>\n\t<meta property=\"og:image:width\" content=\"800\" \/>\n\t<meta property=\"og:image:height\" content=\"667\" \/>\n\t<meta property=\"og:image:type\" content=\"image\/jpeg\" \/>\n<meta name=\"twitter:card\" content=\"summary_large_image\" \/>\n<meta name=\"twitter:label1\" content=\"Est. reading time\" \/>\n\t<meta name=\"twitter:data1\" content=\"1 min\u016bte\" \/>\n<script type=\"application\/ld+json\" class=\"yoast-schema-graph\">{\"@context\":\"https:\\\/\\\/schema.org\",\"@graph\":[{\"@type\":\"WebPage\",\"@id\":\"https:\\\/\\\/kidsplay.lt\\\/produktas\\\/rolly-zaislai-rollydigger-cat-ekskavatorius-rotary-ride-geltona\\\/\",\"url\":\"https:\\\/\\\/kidsplay.lt\\\/produktas\\\/rolly-zaislai-rollydigger-cat-ekskavatorius-rotary-ride-geltona\\\/\",\"name\":\"Rolly \u017daislai RollyDigger CAT &#8211; Ekskavatorius Rotary Ride Geltona\",\"isPartOf\":{\"@id\":\"https:\\\/\\\/kidsplay.lt\\\/#website\"},\"primaryImageOfPage\":{\"@id\":\"https:\\\/\\\/kidsplay.lt\\\/produktas\\\/rolly-zaislai-rollydigger-cat-ekskavatorius-rotary-ride-geltona\\\/#primaryimage\"},\"image\":{\"@id\":\"https:\\\/\\\/kidsplay.lt\\\/produktas\\\/rolly-zaislai-rollydigger-cat-ekskavatorius-rotary-ride-geltona\\\/#primaryimage\"},\"thumbnailUrl\":\"https:\\\/\\\/kidsplay.lt\\\/wp-content\\\/uploads\\\/2025\\\/11\\\/Rolly-Zaislai-RollyDigger-CAT-8211-Ekskavatorius-Rotary-Ride-Geltona.jpg\",\"datePublished\":\"2025-11-30T18:37:13+00:00\",\"dateModified\":\"2026-04-07T06:54:59+00:00\",\"description\":\"Rolly \u017daislai RollyDigger CAT &#8211; Ekskavatorius Rotary Ride Geltona - KidsPlay. Did\u017eiausias vaik\u0173 \u017eaisl\u0173 pasirinkimas.\",\"breadcrumb\":{\"@id\":\"https:\\\/\\\/kidsplay.lt\\\/produktas\\\/rolly-zaislai-rollydigger-cat-ekskavatorius-rotary-ride-geltona\\\/#breadcrumb\"},\"inLanguage\":\"lv-LV\",\"potentialAction\":[{\"@type\":\"ReadAction\",\"target\":[\"https:\\\/\\\/kidsplay.lt\\\/produktas\\\/rolly-zaislai-rollydigger-cat-ekskavatorius-rotary-ride-geltona\\\/\"]}]},{\"@type\":\"ImageObject\",\"inLanguage\":\"lv-LV\",\"@id\":\"https:\\\/\\\/kidsplay.lt\\\/produktas\\\/rolly-zaislai-rollydigger-cat-ekskavatorius-rotary-ride-geltona\\\/#primaryimage\",\"url\":\"https:\\\/\\\/kidsplay.lt\\\/wp-content\\\/uploads\\\/2025\\\/11\\\/Rolly-Zaislai-RollyDigger-CAT-8211-Ekskavatorius-Rotary-Ride-Geltona.jpg\",\"contentUrl\":\"https:\\\/\\\/kidsplay.lt\\\/wp-content\\\/uploads\\\/2025\\\/11\\\/Rolly-Zaislai-RollyDigger-CAT-8211-Ekskavatorius-Rotary-Ride-Geltona.jpg\",\"width\":800,\"height\":667,\"caption\":\"Rolly \u017daislai RollyDigger CAT &#8211; Ekskavatorius Rotary Ride Geltona\"},{\"@type\":\"BreadcrumbList\",\"@id\":\"https:\\\/\\\/kidsplay.lt\\\/produktas\\\/rolly-zaislai-rollydigger-cat-ekskavatorius-rotary-ride-geltona\\\/#breadcrumb\",\"itemListElement\":[{\"@type\":\"ListItem\",\"position\":1,\"name\":\"Pagrindinis\",\"item\":\"https:\\\/\\\/kidsplay.lt\\\/\"},{\"@type\":\"ListItem\",\"position\":2,\"name\":\"Parduotuv\u0117\",\"item\":\"https:\\\/\\\/kidsplay.lt\\\/parduotuve\\\/\"},{\"@type\":\"ListItem\",\"position\":3,\"name\":\"Rolly \u017daislai RollyDigger CAT &#8211; Ekskavatorius Rotary Ride Geltona\"}]},{\"@type\":\"WebSite\",\"@id\":\"https:\\\/\\\/kidsplay.lt\\\/#website\",\"url\":\"https:\\\/\\\/kidsplay.lt\\\/\",\"name\":\"Kidsplay.lt\",\"description\":\"\u012evairios prek\u0117s vaikams\",\"publisher\":{\"@id\":\"https:\\\/\\\/kidsplay.lt\\\/#organization\"},\"alternateName\":\"Kidsplay\",\"potentialAction\":[{\"@type\":\"SearchAction\",\"target\":{\"@type\":\"EntryPoint\",\"urlTemplate\":\"https:\\\/\\\/kidsplay.lt\\\/?s={search_term_string}\"},\"query-input\":{\"@type\":\"PropertyValueSpecification\",\"valueRequired\":true,\"valueName\":\"search_term_string\"}}],\"inLanguage\":\"lv-LV\"},{\"@type\":\"Organization\",\"@id\":\"https:\\\/\\\/kidsplay.lt\\\/#organization\",\"name\":\"KidsPlay\",\"url\":\"https:\\\/\\\/kidsplay.lt\\\/\",\"logo\":{\"@type\":\"ImageObject\",\"inLanguage\":\"lv-LV\",\"@id\":\"https:\\\/\\\/kidsplay.lt\\\/#\\\/schema\\\/logo\\\/image\\\/\",\"url\":\"https:\\\/\\\/kidsplay.lt\\\/wp-content\\\/uploads\\\/2023\\\/07\\\/kidsplay-logo.png\",\"contentUrl\":\"https:\\\/\\\/kidsplay.lt\\\/wp-content\\\/uploads\\\/2023\\\/07\\\/kidsplay-logo.png\",\"width\":451,\"height\":98,\"caption\":\"KidsPlay\"},\"image\":{\"@id\":\"https:\\\/\\\/kidsplay.lt\\\/#\\\/schema\\\/logo\\\/image\\\/\"},\"sameAs\":[\"https:\\\/\\\/www.facebook.com\\\/www.kidsplay.lt\"]}]}<\/script>\n<!-- \/ Yoast SEO plugin. -->","yoast_head_json":{"title":"Rolly \u017daislai RollyDigger CAT &#8211; Ekskavatorius Rotary Ride Geltona","description":"Rolly \u017daislai RollyDigger CAT &#8211; Ekskavatorius Rotary Ride Geltona - KidsPlay. Did\u017eiausias vaik\u0173 \u017eaisl\u0173 pasirinkimas.","robots":{"index":"index","follow":"follow","max-snippet":"max-snippet:-1","max-image-preview":"max-image-preview:large","max-video-preview":"max-video-preview:-1"},"canonical":"https:\/\/kidsplay.lt\/lv\/products\/rolly-zaislai-rollydigger-cat-ekskavatorius-rotary-ride-geltona\/","og_locale":"lv_LV","og_type":"article","og_title":"Rolly \u017daislai RollyDigger CAT &#8211; Ekskavatorius Rotary Ride Geltona","og_description":"Rolly \u017daislai RollyDigger CAT &#8211; Ekskavatorius Rotary Ride Geltona - KidsPlay. Did\u017eiausias vaik\u0173 \u017eaisl\u0173 pasirinkimas.","og_url":"https:\/\/kidsplay.lt\/lv\/products\/rolly-zaislai-rollydigger-cat-ekskavatorius-rotary-ride-geltona\/","og_site_name":"KidsPlay","article_publisher":"https:\/\/www.facebook.com\/www.kidsplay.lt","article_modified_time":"2026-04-07T06:54:59+00:00","og_image":[{"width":800,"height":667,"url":"https:\/\/kidsplay.lt\/wp-content\/uploads\/2025\/11\/Rolly-Zaislai-RollyDigger-CAT-8211-Ekskavatorius-Rotary-Ride-Geltona.jpg","type":"image\/jpeg"}],"twitter_card":"summary_large_image","twitter_misc":{"Est. reading time":"1 min\u016bte"},"schema":{"@context":"https:\/\/schema.org","@graph":[{"@type":"WebPage","@id":"https:\/\/kidsplay.lt\/produktas\/rolly-zaislai-rollydigger-cat-ekskavatorius-rotary-ride-geltona\/","url":"https:\/\/kidsplay.lt\/produktas\/rolly-zaislai-rollydigger-cat-ekskavatorius-rotary-ride-geltona\/","name":"Rolly \u017daislai RollyDigger CAT &#8211; Ekskavatorius Rotary Ride Geltona","isPartOf":{"@id":"https:\/\/kidsplay.lt\/#website"},"primaryImageOfPage":{"@id":"https:\/\/kidsplay.lt\/produktas\/rolly-zaislai-rollydigger-cat-ekskavatorius-rotary-ride-geltona\/#primaryimage"},"image":{"@id":"https:\/\/kidsplay.lt\/produktas\/rolly-zaislai-rollydigger-cat-ekskavatorius-rotary-ride-geltona\/#primaryimage"},"thumbnailUrl":"https:\/\/kidsplay.lt\/wp-content\/uploads\/2025\/11\/Rolly-Zaislai-RollyDigger-CAT-8211-Ekskavatorius-Rotary-Ride-Geltona.jpg","datePublished":"2025-11-30T18:37:13+00:00","dateModified":"2026-04-07T06:54:59+00:00","description":"Rolly \u017daislai RollyDigger CAT &#8211; Ekskavatorius Rotary Ride Geltona - KidsPlay. Did\u017eiausias vaik\u0173 \u017eaisl\u0173 pasirinkimas.","breadcrumb":{"@id":"https:\/\/kidsplay.lt\/produktas\/rolly-zaislai-rollydigger-cat-ekskavatorius-rotary-ride-geltona\/#breadcrumb"},"inLanguage":"lv-LV","potentialAction":[{"@type":"ReadAction","target":["https:\/\/kidsplay.lt\/produktas\/rolly-zaislai-rollydigger-cat-ekskavatorius-rotary-ride-geltona\/"]}]},{"@type":"ImageObject","inLanguage":"lv-LV","@id":"https:\/\/kidsplay.lt\/produktas\/rolly-zaislai-rollydigger-cat-ekskavatorius-rotary-ride-geltona\/#primaryimage","url":"https:\/\/kidsplay.lt\/wp-content\/uploads\/2025\/11\/Rolly-Zaislai-RollyDigger-CAT-8211-Ekskavatorius-Rotary-Ride-Geltona.jpg","contentUrl":"https:\/\/kidsplay.lt\/wp-content\/uploads\/2025\/11\/Rolly-Zaislai-RollyDigger-CAT-8211-Ekskavatorius-Rotary-Ride-Geltona.jpg","width":800,"height":667,"caption":"Rolly \u017daislai RollyDigger CAT &#8211; Ekskavatorius Rotary Ride Geltona"},{"@type":"BreadcrumbList","@id":"https:\/\/kidsplay.lt\/produktas\/rolly-zaislai-rollydigger-cat-ekskavatorius-rotary-ride-geltona\/#breadcrumb","itemListElement":[{"@type":"ListItem","position":1,"name":"Pagrindinis","item":"https:\/\/kidsplay.lt\/"},{"@type":"ListItem","position":2,"name":"Parduotuv\u0117","item":"https:\/\/kidsplay.lt\/parduotuve\/"},{"@type":"ListItem","position":3,"name":"Rolly \u017daislai RollyDigger CAT &#8211; Ekskavatorius Rotary Ride Geltona"}]},{"@type":"WebSite","@id":"https:\/\/kidsplay.lt\/#website","url":"https:\/\/kidsplay.lt\/","name":"B\u0113rnu sp\u0113les.lv","description":"\u012evairios prek\u0117s vaikams","publisher":{"@id":"https:\/\/kidsplay.lt\/#organization"},"alternateName":"Kidsplay","potentialAction":[{"@type":"SearchAction","target":{"@type":"EntryPoint","urlTemplate":"https:\/\/kidsplay.lt\/?s={search_term_string}"},"query-input":{"@type":"PropertyValueSpecification","valueRequired":true,"valueName":"search_term_string"}}],"inLanguage":"lv-LV"},{"@type":"Organization","@id":"https:\/\/kidsplay.lt\/#organization","name":"B\u0113rnu sp\u0113le","url":"https:\/\/kidsplay.lt\/","logo":{"@type":"ImageObject","inLanguage":"lv-LV","@id":"https:\/\/kidsplay.lt\/#\/schema\/logo\/image\/","url":"https:\/\/kidsplay.lt\/wp-content\/uploads\/2023\/07\/kidsplay-logo.png","contentUrl":"https:\/\/kidsplay.lt\/wp-content\/uploads\/2023\/07\/kidsplay-logo.png","width":451,"height":98,"caption":"KidsPlay"},"image":{"@id":"https:\/\/kidsplay.lt\/#\/schema\/logo\/image\/"},"sameAs":["https:\/\/www.facebook.com\/www.kidsplay.lt"]}]}},"_links":{"self":[{"href":"https:\/\/kidsplay.lt\/lv\/wp-json\/wp\/v2\/product\/81273","targetHints":{"allow":["GET"]}}],"collection":[{"href":"https:\/\/kidsplay.lt\/lv\/wp-json\/wp\/v2\/product"}],"about":[{"href":"https:\/\/kidsplay.lt\/lv\/wp-json\/wp\/v2\/types\/product"}],"version-history":[{"count":1,"href":"https:\/\/kidsplay.lt\/lv\/wp-json\/wp\/v2\/product\/81273\/revisions"}],"predecessor-version":[{"id":81274,"href":"https:\/\/kidsplay.lt\/lv\/wp-json\/wp\/v2\/product\/81273\/revisions\/81274"}],"wp:featuredmedia":[{"embeddable":true,"href":"https:\/\/kidsplay.lt\/lv\/wp-json\/wp\/v2\/media\/81275"}],"wp:attachment":[{"href":"https:\/\/kidsplay.lt\/lv\/wp-json\/wp\/v2\/media?parent=81273"}],"wp:term":[{"taxonomy":"product_brand","embeddable":true,"href":"https:\/\/kidsplay.lt\/lv\/wp-json\/wp\/v2\/product_brand?post=81273"},{"taxonomy":"product_cat","embeddable":true,"href":"https:\/\/kidsplay.lt\/lv\/wp-json\/wp\/v2\/product_cat?post=81273"},{"taxonomy":"product_tag","embeddable":true,"href":"https:\/\/kidsplay.lt\/lv\/wp-json\/wp\/v2\/product_tag?post=81273"}],"curies":[{"name":"wp","href":"https:\/\/api.w.org\/{rel}","templated":true}]}}