{"id":81288,"date":"2025-11-30T20:38:00","date_gmt":"2025-11-30T18:38:00","guid":{"rendered":"https:\/\/kidsplay.lt\/produktas\/masterkidz-medines-montessori-stem-dirbtuves-su-irankiais-priedais\/"},"modified":"2026-02-28T17:30:44","modified_gmt":"2026-02-28T15:30:44","slug":"masterkidz-medines-montessori-stem-dirbtuves-su-irankiais-priedais","status":"publish","type":"product","link":"https:\/\/kidsplay.lt\/lv\/products\/masterkidz-medines-montessori-stem-dirbtuves-su-irankiais-priedais\/","title":{"rendered":"MASTERKIDZ koka Montessori STEM darbn\u012bca ar instrumentiem un aksesu\u0101riem"},"content":{"rendered":"<p>STEM medin\u0117s edukacin\u0117s dirbtuv\u0117s\u00a0jie leid\u017eia jums k\u016brybi\u0161kai linksmintis ir tyrin\u0117ti mokslo pasaul\u012f. Stalas turi skydel\u012f su skylut\u0117mis, \u012f kurias jis \u012fdeda\u00a0spalvingi ir geometriniai kai\u0161\u010diai, var\u017etai, krumpliara\u010diai\u00a0galite kurti mokslinius eksperimentus ir gra\u017eius modelius. Stalvir\u0161io auk\u0161tis 42,5 cm skirtas vaikams nuo 3 met\u0173. Vaikai nor\u0117s sukurti realias veikian\u010dias logines sistemas, naudodami realisti\u0161kus \u012frankius.<\/p>\n<p>Raksturojums:<\/p>\n<p> \t&#8211; Suderinamas su visais STEM plok\u0161\u010di\u0173 priedais: krumpliara\u010diais, ratais, skriemuliais, var\u017etais, kai\u0161\u010diais ir kt<br \/>\n \t&#8211; Apima stov\u0105\u00a0pridedamiems \u012frankiams laikyti<br \/>\n \t&#8211; darbinis pavir\u0161ius su skyl\u0117mis, leid\u017eiantis laisvai kurti savo strukt\u016bras, i\u0161d\u0117stymus ir eksperimentus.<br \/>\n \t&#8211; Apdaila laku, u\u017etikrinanti puik\u0173 atsparum\u0105 UV spinduliuotei, d\u0117m\u0117ms ir \u012fbr\u0117\u017eimams.<\/p>\n<p>Komplekt\u0101 ietilpst:<\/p>\n<p> \t&#8211; Medin\u0117s STEM dirbtuv\u0117s<br \/>\n \t&#8211; Plaktukas<br \/>\n \t&#8211; Rankinis<br \/>\n \t&#8211; Plok\u0161\u010dias ver\u017eliaraktis<br \/>\n \t&#8211; Medin\u0117 treniruokli\u0173 lenta<br \/>\n \t&#8211; Atsuktuvas<br \/>\n \t&#8211; Gr\u0119\u017etuvas<br \/>\n \t&#8211; Dangtelio rinkinys.<br \/>\n \t&#8211; \u017dvaig\u017edut\u0117 su \u0161vaistikliu.<br \/>\n \t&#8211; 4 didel\u0117s krumpliara\u010diai su 16 dant\u0173.<br \/>\n \t&#8211; 8 krumpliara\u010diai su 12 dant\u0173.<br \/>\n \t&#8211; 4 Ma\u017ei krumpliara\u010diai su 6 dantimis.<br \/>\n \t&#8211; Ma\u017eas skriemulys<br \/>\n \t&#8211; Didelis skriemulys<br \/>\n \t&#8211; Reguliuojamo ilgio grandin\u0117.<br \/>\n \t&#8211; Juosta judan\u010dioms konstrukcijoms kurti.<br \/>\n \t&#8211; 34 skirting\u0173 dyd\u017ei\u0173 var\u017etai.<br \/>\n \t&#8211; 20 var\u017et\u0173 ver\u017eli\u0173.<br \/>\n \t&#8211; 2 pavar\u0173 pover\u017el\u0117s skirtingose.<br \/>\n \t&#8211; Rutulinio takelio konstravimo rinkinys i\u0161 35 dali\u0173.<br \/>\n \t&#8211; Spalvingas kamuolys<\/p>","protected":false},"excerpt":{"rendered":"<p>STEM medin\u0117s edukacin\u0117s dirbtuv\u0117s\u00a0jie leid\u017eia jums k\u016brybi\u0161kai linksmintis ir tyrin\u0117ti mokslo pasaul\u012f. Stalas turi skydel\u012f su skylut\u0117mis, \u012f kurias jis<\/p>","protected":false},"featured_media":81290,"template":"","meta":{"_acf_changed":false,"_glsr_average":0,"_glsr_ranking":0,"_glsr_reviews":0},"product_brand":[],"product_cat":[673,229],"product_tag":[],"class_list":{"0":"post-81288","1":"product","2":"type-product","3":"status-publish","4":"has-post-thumbnail","6":"product_cat-ugdomosios-priemones","7":"product_cat-zaislai-vaikams","8":"\"style=\"background-color: #2ecc711c;\"","10":"first","11":"outofstock","12":"purchasable","13":"product-type-simple"},"acf":[],"yoast_head":"<!-- This site is optimized with the Yoast SEO plugin v27.4 - https:\/\/yoast.com\/product\/yoast-seo-wordpress\/ -->\n<title>MASTERKIDZ Medin\u0117s Montessori STEM dirbtuv\u0117s su \u012frankiais + priedais<\/title>\n<meta name=\"description\" content=\"MASTERKIDZ Medin\u0117s Montessori STEM dirbtuv\u0117s su \u012frankiais + priedais - KidsPlay. Did\u017eiausias vaik\u0173 \u017eaisl\u0173 pasirinkimas.\" \/>\n<meta name=\"robots\" content=\"index, follow, max-snippet:-1, max-image-preview:large, max-video-preview:-1\" \/>\n<link rel=\"canonical\" href=\"https:\/\/kidsplay.lt\/lv\/products\/masterkidz-medines-montessori-stem-dirbtuves-su-irankiais-priedais\/\" \/>\n<meta property=\"og:locale\" content=\"lv_LV\" \/>\n<meta property=\"og:type\" content=\"article\" \/>\n<meta property=\"og:title\" content=\"MASTERKIDZ Medin\u0117s Montessori STEM dirbtuv\u0117s su \u012frankiais + priedais\" \/>\n<meta property=\"og:description\" content=\"MASTERKIDZ Medin\u0117s Montessori STEM dirbtuv\u0117s su \u012frankiais + priedais - KidsPlay. Did\u017eiausias vaik\u0173 \u017eaisl\u0173 pasirinkimas.\" \/>\n<meta property=\"og:url\" content=\"https:\/\/kidsplay.lt\/lv\/products\/masterkidz-medines-montessori-stem-dirbtuves-su-irankiais-priedais\/\" \/>\n<meta property=\"og:site_name\" content=\"KidsPlay\" \/>\n<meta property=\"article:publisher\" content=\"https:\/\/www.facebook.com\/www.kidsplay.lt\" \/>\n<meta property=\"article:modified_time\" content=\"2026-02-28T15:30:44+00:00\" \/>\n<meta property=\"og:image\" content=\"https:\/\/kidsplay.lt\/wp-content\/uploads\/2025\/11\/MASTERKIDZ-Medines-Montessori-STEM-dirbtuves-su-irankiais-priedais.jpg\" \/>\n\t<meta property=\"og:image:width\" content=\"1000\" \/>\n\t<meta property=\"og:image:height\" content=\"1000\" \/>\n\t<meta property=\"og:image:type\" content=\"image\/jpeg\" \/>\n<meta name=\"twitter:card\" content=\"summary_large_image\" \/>\n<meta name=\"twitter:label1\" content=\"Est. reading time\" \/>\n\t<meta name=\"twitter:data1\" content=\"1 min\u016bte\" \/>\n<script type=\"application\/ld+json\" class=\"yoast-schema-graph\">{\"@context\":\"https:\\\/\\\/schema.org\",\"@graph\":[{\"@type\":\"WebPage\",\"@id\":\"https:\\\/\\\/kidsplay.lt\\\/produktas\\\/masterkidz-medines-montessori-stem-dirbtuves-su-irankiais-priedais\\\/\",\"url\":\"https:\\\/\\\/kidsplay.lt\\\/produktas\\\/masterkidz-medines-montessori-stem-dirbtuves-su-irankiais-priedais\\\/\",\"name\":\"MASTERKIDZ Medin\u0117s Montessori STEM dirbtuv\u0117s su \u012frankiais + priedais\",\"isPartOf\":{\"@id\":\"https:\\\/\\\/kidsplay.lt\\\/#website\"},\"primaryImageOfPage\":{\"@id\":\"https:\\\/\\\/kidsplay.lt\\\/produktas\\\/masterkidz-medines-montessori-stem-dirbtuves-su-irankiais-priedais\\\/#primaryimage\"},\"image\":{\"@id\":\"https:\\\/\\\/kidsplay.lt\\\/produktas\\\/masterkidz-medines-montessori-stem-dirbtuves-su-irankiais-priedais\\\/#primaryimage\"},\"thumbnailUrl\":\"https:\\\/\\\/kidsplay.lt\\\/wp-content\\\/uploads\\\/2025\\\/11\\\/MASTERKIDZ-Medines-Montessori-STEM-dirbtuves-su-irankiais-priedais.jpg\",\"datePublished\":\"2025-11-30T18:38:00+00:00\",\"dateModified\":\"2026-02-28T15:30:44+00:00\",\"description\":\"MASTERKIDZ Medin\u0117s Montessori STEM dirbtuv\u0117s su \u012frankiais + priedais - KidsPlay. Did\u017eiausias vaik\u0173 \u017eaisl\u0173 pasirinkimas.\",\"breadcrumb\":{\"@id\":\"https:\\\/\\\/kidsplay.lt\\\/produktas\\\/masterkidz-medines-montessori-stem-dirbtuves-su-irankiais-priedais\\\/#breadcrumb\"},\"inLanguage\":\"lv-LV\",\"potentialAction\":[{\"@type\":\"ReadAction\",\"target\":[\"https:\\\/\\\/kidsplay.lt\\\/produktas\\\/masterkidz-medines-montessori-stem-dirbtuves-su-irankiais-priedais\\\/\"]}]},{\"@type\":\"ImageObject\",\"inLanguage\":\"lv-LV\",\"@id\":\"https:\\\/\\\/kidsplay.lt\\\/produktas\\\/masterkidz-medines-montessori-stem-dirbtuves-su-irankiais-priedais\\\/#primaryimage\",\"url\":\"https:\\\/\\\/kidsplay.lt\\\/wp-content\\\/uploads\\\/2025\\\/11\\\/MASTERKIDZ-Medines-Montessori-STEM-dirbtuves-su-irankiais-priedais.jpg\",\"contentUrl\":\"https:\\\/\\\/kidsplay.lt\\\/wp-content\\\/uploads\\\/2025\\\/11\\\/MASTERKIDZ-Medines-Montessori-STEM-dirbtuves-su-irankiais-priedais.jpg\",\"width\":1000,\"height\":1000,\"caption\":\"MASTERKIDZ Medin\u0117s Montessori STEM dirbtuv\u0117s su \u012frankiais + priedais\"},{\"@type\":\"BreadcrumbList\",\"@id\":\"https:\\\/\\\/kidsplay.lt\\\/produktas\\\/masterkidz-medines-montessori-stem-dirbtuves-su-irankiais-priedais\\\/#breadcrumb\",\"itemListElement\":[{\"@type\":\"ListItem\",\"position\":1,\"name\":\"Pagrindinis\",\"item\":\"https:\\\/\\\/kidsplay.lt\\\/\"},{\"@type\":\"ListItem\",\"position\":2,\"name\":\"Parduotuv\u0117\",\"item\":\"https:\\\/\\\/kidsplay.lt\\\/parduotuve\\\/\"},{\"@type\":\"ListItem\",\"position\":3,\"name\":\"MASTERKIDZ Medin\u0117s Montessori STEM dirbtuv\u0117s su \u012frankiais + priedais\"}]},{\"@type\":\"WebSite\",\"@id\":\"https:\\\/\\\/kidsplay.lt\\\/#website\",\"url\":\"https:\\\/\\\/kidsplay.lt\\\/\",\"name\":\"Kidsplay.lt\",\"description\":\"\u012evairios prek\u0117s vaikams\",\"publisher\":{\"@id\":\"https:\\\/\\\/kidsplay.lt\\\/#organization\"},\"alternateName\":\"Kidsplay\",\"potentialAction\":[{\"@type\":\"SearchAction\",\"target\":{\"@type\":\"EntryPoint\",\"urlTemplate\":\"https:\\\/\\\/kidsplay.lt\\\/?s={search_term_string}\"},\"query-input\":{\"@type\":\"PropertyValueSpecification\",\"valueRequired\":true,\"valueName\":\"search_term_string\"}}],\"inLanguage\":\"lv-LV\"},{\"@type\":\"Organization\",\"@id\":\"https:\\\/\\\/kidsplay.lt\\\/#organization\",\"name\":\"KidsPlay\",\"url\":\"https:\\\/\\\/kidsplay.lt\\\/\",\"logo\":{\"@type\":\"ImageObject\",\"inLanguage\":\"lv-LV\",\"@id\":\"https:\\\/\\\/kidsplay.lt\\\/#\\\/schema\\\/logo\\\/image\\\/\",\"url\":\"https:\\\/\\\/kidsplay.lt\\\/wp-content\\\/uploads\\\/2023\\\/07\\\/kidsplay-logo.png\",\"contentUrl\":\"https:\\\/\\\/kidsplay.lt\\\/wp-content\\\/uploads\\\/2023\\\/07\\\/kidsplay-logo.png\",\"width\":451,\"height\":98,\"caption\":\"KidsPlay\"},\"image\":{\"@id\":\"https:\\\/\\\/kidsplay.lt\\\/#\\\/schema\\\/logo\\\/image\\\/\"},\"sameAs\":[\"https:\\\/\\\/www.facebook.com\\\/www.kidsplay.lt\"]}]}<\/script>\n<!-- \/ Yoast SEO plugin. -->","yoast_head_json":{"title":"MASTERKIDZ koka Montessori STEM darbn\u012bca ar instrumentiem un aksesu\u0101riem","description":"MASTERKIDZ Medin\u0117s Montessori STEM dirbtuv\u0117s su \u012frankiais + priedais - KidsPlay. Did\u017eiausias vaik\u0173 \u017eaisl\u0173 pasirinkimas.","robots":{"index":"index","follow":"follow","max-snippet":"max-snippet:-1","max-image-preview":"max-image-preview:large","max-video-preview":"max-video-preview:-1"},"canonical":"https:\/\/kidsplay.lt\/lv\/products\/masterkidz-medines-montessori-stem-dirbtuves-su-irankiais-priedais\/","og_locale":"lv_LV","og_type":"article","og_title":"MASTERKIDZ Medin\u0117s Montessori STEM dirbtuv\u0117s su \u012frankiais + priedais","og_description":"MASTERKIDZ Medin\u0117s Montessori STEM dirbtuv\u0117s su \u012frankiais + priedais - KidsPlay. Did\u017eiausias vaik\u0173 \u017eaisl\u0173 pasirinkimas.","og_url":"https:\/\/kidsplay.lt\/lv\/products\/masterkidz-medines-montessori-stem-dirbtuves-su-irankiais-priedais\/","og_site_name":"KidsPlay","article_publisher":"https:\/\/www.facebook.com\/www.kidsplay.lt","article_modified_time":"2026-02-28T15:30:44+00:00","og_image":[{"width":1000,"height":1000,"url":"https:\/\/kidsplay.lt\/wp-content\/uploads\/2025\/11\/MASTERKIDZ-Medines-Montessori-STEM-dirbtuves-su-irankiais-priedais.jpg","type":"image\/jpeg"}],"twitter_card":"summary_large_image","twitter_misc":{"Est. reading time":"1 min\u016bte"},"schema":{"@context":"https:\/\/schema.org","@graph":[{"@type":"WebPage","@id":"https:\/\/kidsplay.lt\/produktas\/masterkidz-medines-montessori-stem-dirbtuves-su-irankiais-priedais\/","url":"https:\/\/kidsplay.lt\/produktas\/masterkidz-medines-montessori-stem-dirbtuves-su-irankiais-priedais\/","name":"MASTERKIDZ koka Montessori STEM darbn\u012bca ar instrumentiem un aksesu\u0101riem","isPartOf":{"@id":"https:\/\/kidsplay.lt\/#website"},"primaryImageOfPage":{"@id":"https:\/\/kidsplay.lt\/produktas\/masterkidz-medines-montessori-stem-dirbtuves-su-irankiais-priedais\/#primaryimage"},"image":{"@id":"https:\/\/kidsplay.lt\/produktas\/masterkidz-medines-montessori-stem-dirbtuves-su-irankiais-priedais\/#primaryimage"},"thumbnailUrl":"https:\/\/kidsplay.lt\/wp-content\/uploads\/2025\/11\/MASTERKIDZ-Medines-Montessori-STEM-dirbtuves-su-irankiais-priedais.jpg","datePublished":"2025-11-30T18:38:00+00:00","dateModified":"2026-02-28T15:30:44+00:00","description":"MASTERKIDZ Medin\u0117s Montessori STEM dirbtuv\u0117s su \u012frankiais + priedais - KidsPlay. Did\u017eiausias vaik\u0173 \u017eaisl\u0173 pasirinkimas.","breadcrumb":{"@id":"https:\/\/kidsplay.lt\/produktas\/masterkidz-medines-montessori-stem-dirbtuves-su-irankiais-priedais\/#breadcrumb"},"inLanguage":"lv-LV","potentialAction":[{"@type":"ReadAction","target":["https:\/\/kidsplay.lt\/produktas\/masterkidz-medines-montessori-stem-dirbtuves-su-irankiais-priedais\/"]}]},{"@type":"ImageObject","inLanguage":"lv-LV","@id":"https:\/\/kidsplay.lt\/produktas\/masterkidz-medines-montessori-stem-dirbtuves-su-irankiais-priedais\/#primaryimage","url":"https:\/\/kidsplay.lt\/wp-content\/uploads\/2025\/11\/MASTERKIDZ-Medines-Montessori-STEM-dirbtuves-su-irankiais-priedais.jpg","contentUrl":"https:\/\/kidsplay.lt\/wp-content\/uploads\/2025\/11\/MASTERKIDZ-Medines-Montessori-STEM-dirbtuves-su-irankiais-priedais.jpg","width":1000,"height":1000,"caption":"MASTERKIDZ Medin\u0117s Montessori STEM dirbtuv\u0117s su \u012frankiais + priedais"},{"@type":"BreadcrumbList","@id":"https:\/\/kidsplay.lt\/produktas\/masterkidz-medines-montessori-stem-dirbtuves-su-irankiais-priedais\/#breadcrumb","itemListElement":[{"@type":"ListItem","position":1,"name":"Pagrindinis","item":"https:\/\/kidsplay.lt\/"},{"@type":"ListItem","position":2,"name":"Parduotuv\u0117","item":"https:\/\/kidsplay.lt\/parduotuve\/"},{"@type":"ListItem","position":3,"name":"MASTERKIDZ Medin\u0117s Montessori STEM dirbtuv\u0117s su \u012frankiais + priedais"}]},{"@type":"WebSite","@id":"https:\/\/kidsplay.lt\/#website","url":"https:\/\/kidsplay.lt\/","name":"B\u0113rnu sp\u0113les.lv","description":"\u012evairios prek\u0117s vaikams","publisher":{"@id":"https:\/\/kidsplay.lt\/#organization"},"alternateName":"Kidsplay","potentialAction":[{"@type":"SearchAction","target":{"@type":"EntryPoint","urlTemplate":"https:\/\/kidsplay.lt\/?s={search_term_string}"},"query-input":{"@type":"PropertyValueSpecification","valueRequired":true,"valueName":"search_term_string"}}],"inLanguage":"lv-LV"},{"@type":"Organization","@id":"https:\/\/kidsplay.lt\/#organization","name":"B\u0113rnu sp\u0113le","url":"https:\/\/kidsplay.lt\/","logo":{"@type":"ImageObject","inLanguage":"lv-LV","@id":"https:\/\/kidsplay.lt\/#\/schema\/logo\/image\/","url":"https:\/\/kidsplay.lt\/wp-content\/uploads\/2023\/07\/kidsplay-logo.png","contentUrl":"https:\/\/kidsplay.lt\/wp-content\/uploads\/2023\/07\/kidsplay-logo.png","width":451,"height":98,"caption":"KidsPlay"},"image":{"@id":"https:\/\/kidsplay.lt\/#\/schema\/logo\/image\/"},"sameAs":["https:\/\/www.facebook.com\/www.kidsplay.lt"]}]}},"_links":{"self":[{"href":"https:\/\/kidsplay.lt\/lv\/wp-json\/wp\/v2\/product\/81288","targetHints":{"allow":["GET"]}}],"collection":[{"href":"https:\/\/kidsplay.lt\/lv\/wp-json\/wp\/v2\/product"}],"about":[{"href":"https:\/\/kidsplay.lt\/lv\/wp-json\/wp\/v2\/types\/product"}],"version-history":[{"count":1,"href":"https:\/\/kidsplay.lt\/lv\/wp-json\/wp\/v2\/product\/81288\/revisions"}],"predecessor-version":[{"id":81289,"href":"https:\/\/kidsplay.lt\/lv\/wp-json\/wp\/v2\/product\/81288\/revisions\/81289"}],"wp:featuredmedia":[{"embeddable":true,"href":"https:\/\/kidsplay.lt\/lv\/wp-json\/wp\/v2\/media\/81290"}],"wp:attachment":[{"href":"https:\/\/kidsplay.lt\/lv\/wp-json\/wp\/v2\/media?parent=81288"}],"wp:term":[{"taxonomy":"product_brand","embeddable":true,"href":"https:\/\/kidsplay.lt\/lv\/wp-json\/wp\/v2\/product_brand?post=81288"},{"taxonomy":"product_cat","embeddable":true,"href":"https:\/\/kidsplay.lt\/lv\/wp-json\/wp\/v2\/product_cat?post=81288"},{"taxonomy":"product_tag","embeddable":true,"href":"https:\/\/kidsplay.lt\/lv\/wp-json\/wp\/v2\/product_tag?post=81288"}],"curies":[{"name":"wp","href":"https:\/\/api.w.org\/{rel}","templated":true}]}}