{"id":81293,"date":"2025-11-30T20:38:19","date_gmt":"2025-11-30T18:38:19","guid":{"rendered":"https:\/\/kidsplay.lt\/produktas\/woopie-royal-lili-lele-undine-su-priedais-jura-nuotykiu\/"},"modified":"2026-04-13T14:16:31","modified_gmt":"2026-04-13T11:16:31","slug":"woopie-royal-lili-lele-undine-su-priedais-jura-nuotykiu","status":"publish","type":"product","link":"https:\/\/kidsplay.lt\/lv\/products\/woopie-royal-lili-lele-undine-su-priedais-jura-nuotykiu\/","title":{"rendered":"WOOPIE ROYAL Lili lelle \u2013 N\u0101ra ar aksesu\u0101riem Piedz\u012bvojumu j\u016bra"},"content":{"rendered":"<p>Nuveskite vaik\u0105 \u012f stebukling\u0105 povandenin\u012f pasaul\u012f su\u00a0undin\u0117 Lili l\u0117l\u0117s\u00a0i\u0161 mark\u0117s\u00a0Woopie\u00a0L\u0117l\u0117 d\u017eiugina savo ilgu,\u00a0m\u0117lyni plaukai\u00a0ir\u00a0pastel\u0117, dviej\u0173 dali\u0173 apranga su\u00a0undin\u0117 uodega\u00a0ir\u00a0tiulio lovaties\u0117.\u00a0Pridedami eleganti\u0161ki \u2013 priedai\u00a0veidrodis, tiara ir \u017eiedas\u00a0\u2013, kurie pa\u012fvairina linksmybes ir leid\u017eia\u00a0k\u016brybiniai stiliai\u201e. Lili suteikia daug valand\u0173\u00a0fantasti\u0161kas linksmas,\u00a0stimuliuojanti vaizduot\u0119\u00a0ir\u00a0\u012fkvepiantis \u017eaisti\u00a0istorija\u201e. Tai puiki dovana kiekvienam ma\u017eam magijos ir povandenini\u0173 nuotyki\u0173 myl\u0117tojui!<\/p>\n<p>Raksturojums:<\/p>\n<p> \t&#8211;\u00a0\u00a0Plauk\u0173: ilgas, m\u0117lynas, puikiai tinka \u0161ukuoti ir formuoti<br \/>\n \t&#8211;\u00a0Apranga: pastelin\u0117 dviej\u0173 dali\u0173 \u2013 ro\u017ein\u0117 rauk\u0161l\u0117ta vir\u0161\u016bn\u0117, \u017evynuota ra\u0161to undin\u0117s uodega, tiulio skaidrus dangtelis<br \/>\n \t&#8211;\u00a0\u00a0I\u0161vaizda: didel\u0117s, draugi\u0161kos akys, subtilus makia\u017eas, pakabukas ant kaklo<br \/>\n \t&#8211;\u00a0\u00a0Am\u017eius: 3+<\/p>","protected":false},"excerpt":{"rendered":"<p>Nuveskite vaik\u0105 \u012f stebukling\u0105 povandenin\u012f pasaul\u012f su\u00a0undin\u0117 Lili l\u0117l\u0117s\u00a0i\u0161 mark\u0117s\u00a0Woopie\u00a0L\u0117l\u0117 d\u017eiugina savo ilgu,\u00a0m\u0117lyni plaukai\u00a0ir\u00a0pastel\u0117, dviej\u0173 dali\u0173 apranga su\u00a0undin\u0117 uodega\u00a0ir\u00a0tiulio lovaties\u0117.\u00a0Pridedami<\/p>","protected":false},"featured_media":81295,"template":"","meta":{"_acf_changed":false,"_glsr_average":0,"_glsr_ranking":0,"_glsr_reviews":0},"product_brand":[],"product_cat":[443,229],"product_tag":[],"class_list":{"0":"post-81293","1":"product","2":"type-product","3":"status-publish","4":"has-post-thumbnail","6":"product_cat-leles-ir-priedai","7":"product_cat-zaislai-vaikams","8":"\"style=\"background-color: #2ecc711c;\"","10":"first","11":"instock","12":"purchasable","13":"product-type-simple"},"acf":[],"yoast_head":"<!-- This site is optimized with the Yoast SEO plugin v27.3 - https:\/\/yoast.com\/product\/yoast-seo-wordpress\/ -->\n<title>WOOPIE ROYAL Lili L\u0117l\u0117 &#8211; Undin\u0117 su Priedais J\u016bra Nuotyki\u0173<\/title>\n<meta name=\"description\" content=\"WOOPIE ROYAL Lili L\u0117l\u0117 &#8211; Undin\u0117 su Priedais J\u016bra Nuotyki\u0173 - KidsPlay. Did\u017eiausias vaik\u0173 \u017eaisl\u0173 pasirinkimas.\" \/>\n<meta name=\"robots\" content=\"index, follow, max-snippet:-1, max-image-preview:large, max-video-preview:-1\" \/>\n<link rel=\"canonical\" href=\"https:\/\/kidsplay.lt\/lv\/products\/woopie-royal-lili-lele-undine-su-priedais-jura-nuotykiu\/\" \/>\n<meta property=\"og:locale\" content=\"lv_LV\" \/>\n<meta property=\"og:type\" content=\"article\" \/>\n<meta property=\"og:title\" content=\"WOOPIE ROYAL Lili L\u0117l\u0117 &#8211; Undin\u0117 su Priedais J\u016bra Nuotyki\u0173\" \/>\n<meta property=\"og:description\" content=\"WOOPIE ROYAL Lili L\u0117l\u0117 &#8211; Undin\u0117 su Priedais J\u016bra Nuotyki\u0173 - KidsPlay. Did\u017eiausias vaik\u0173 \u017eaisl\u0173 pasirinkimas.\" \/>\n<meta property=\"og:url\" content=\"https:\/\/kidsplay.lt\/lv\/products\/woopie-royal-lili-lele-undine-su-priedais-jura-nuotykiu\/\" \/>\n<meta property=\"og:site_name\" content=\"KidsPlay\" \/>\n<meta property=\"article:publisher\" content=\"https:\/\/www.facebook.com\/www.kidsplay.lt\" \/>\n<meta property=\"article:modified_time\" content=\"2026-04-13T11:16:31+00:00\" \/>\n<meta property=\"og:image\" content=\"https:\/\/kidsplay.lt\/wp-content\/uploads\/2025\/11\/WOOPIE-ROYAL-Lili-Lele-8211-Undine-su-Priedais-Jura-Nuotykiu.jpg\" \/>\n\t<meta property=\"og:image:width\" content=\"1000\" \/>\n\t<meta property=\"og:image:height\" content=\"1000\" \/>\n\t<meta property=\"og:image:type\" content=\"image\/jpeg\" \/>\n<meta name=\"twitter:card\" content=\"summary_large_image\" \/>\n<meta name=\"twitter:label1\" content=\"Est. reading time\" \/>\n\t<meta name=\"twitter:data1\" content=\"1 min\u016bte\" \/>\n<script type=\"application\/ld+json\" class=\"yoast-schema-graph\">{\"@context\":\"https:\\\/\\\/schema.org\",\"@graph\":[{\"@type\":\"WebPage\",\"@id\":\"https:\\\/\\\/kidsplay.lt\\\/produktas\\\/woopie-royal-lili-lele-undine-su-priedais-jura-nuotykiu\\\/\",\"url\":\"https:\\\/\\\/kidsplay.lt\\\/produktas\\\/woopie-royal-lili-lele-undine-su-priedais-jura-nuotykiu\\\/\",\"name\":\"WOOPIE ROYAL Lili L\u0117l\u0117 &#8211; Undin\u0117 su Priedais J\u016bra Nuotyki\u0173\",\"isPartOf\":{\"@id\":\"https:\\\/\\\/kidsplay.lt\\\/#website\"},\"primaryImageOfPage\":{\"@id\":\"https:\\\/\\\/kidsplay.lt\\\/produktas\\\/woopie-royal-lili-lele-undine-su-priedais-jura-nuotykiu\\\/#primaryimage\"},\"image\":{\"@id\":\"https:\\\/\\\/kidsplay.lt\\\/produktas\\\/woopie-royal-lili-lele-undine-su-priedais-jura-nuotykiu\\\/#primaryimage\"},\"thumbnailUrl\":\"https:\\\/\\\/kidsplay.lt\\\/wp-content\\\/uploads\\\/2025\\\/11\\\/WOOPIE-ROYAL-Lili-Lele-8211-Undine-su-Priedais-Jura-Nuotykiu.jpg\",\"datePublished\":\"2025-11-30T18:38:19+00:00\",\"dateModified\":\"2026-04-13T11:16:31+00:00\",\"description\":\"WOOPIE ROYAL Lili L\u0117l\u0117 &#8211; Undin\u0117 su Priedais J\u016bra Nuotyki\u0173 - KidsPlay. Did\u017eiausias vaik\u0173 \u017eaisl\u0173 pasirinkimas.\",\"breadcrumb\":{\"@id\":\"https:\\\/\\\/kidsplay.lt\\\/produktas\\\/woopie-royal-lili-lele-undine-su-priedais-jura-nuotykiu\\\/#breadcrumb\"},\"inLanguage\":\"lv-LV\",\"potentialAction\":[{\"@type\":\"ReadAction\",\"target\":[\"https:\\\/\\\/kidsplay.lt\\\/produktas\\\/woopie-royal-lili-lele-undine-su-priedais-jura-nuotykiu\\\/\"]}]},{\"@type\":\"ImageObject\",\"inLanguage\":\"lv-LV\",\"@id\":\"https:\\\/\\\/kidsplay.lt\\\/produktas\\\/woopie-royal-lili-lele-undine-su-priedais-jura-nuotykiu\\\/#primaryimage\",\"url\":\"https:\\\/\\\/kidsplay.lt\\\/wp-content\\\/uploads\\\/2025\\\/11\\\/WOOPIE-ROYAL-Lili-Lele-8211-Undine-su-Priedais-Jura-Nuotykiu.jpg\",\"contentUrl\":\"https:\\\/\\\/kidsplay.lt\\\/wp-content\\\/uploads\\\/2025\\\/11\\\/WOOPIE-ROYAL-Lili-Lele-8211-Undine-su-Priedais-Jura-Nuotykiu.jpg\",\"width\":1000,\"height\":1000,\"caption\":\"WOOPIE ROYAL Lili L\u0117l\u0117 &#8211; Undin\u0117 su Priedais J\u016bra Nuotyki\u0173\"},{\"@type\":\"BreadcrumbList\",\"@id\":\"https:\\\/\\\/kidsplay.lt\\\/produktas\\\/woopie-royal-lili-lele-undine-su-priedais-jura-nuotykiu\\\/#breadcrumb\",\"itemListElement\":[{\"@type\":\"ListItem\",\"position\":1,\"name\":\"Pagrindinis\",\"item\":\"https:\\\/\\\/kidsplay.lt\\\/\"},{\"@type\":\"ListItem\",\"position\":2,\"name\":\"Parduotuv\u0117\",\"item\":\"https:\\\/\\\/kidsplay.lt\\\/parduotuve\\\/\"},{\"@type\":\"ListItem\",\"position\":3,\"name\":\"WOOPIE ROYAL Lili L\u0117l\u0117 &#8211; Undin\u0117 su Priedais J\u016bra Nuotyki\u0173\"}]},{\"@type\":\"WebSite\",\"@id\":\"https:\\\/\\\/kidsplay.lt\\\/#website\",\"url\":\"https:\\\/\\\/kidsplay.lt\\\/\",\"name\":\"Kidsplay.lt\",\"description\":\"\u012evairios prek\u0117s vaikams\",\"publisher\":{\"@id\":\"https:\\\/\\\/kidsplay.lt\\\/#organization\"},\"alternateName\":\"Kidsplay\",\"potentialAction\":[{\"@type\":\"SearchAction\",\"target\":{\"@type\":\"EntryPoint\",\"urlTemplate\":\"https:\\\/\\\/kidsplay.lt\\\/?s={search_term_string}\"},\"query-input\":{\"@type\":\"PropertyValueSpecification\",\"valueRequired\":true,\"valueName\":\"search_term_string\"}}],\"inLanguage\":\"lv-LV\"},{\"@type\":\"Organization\",\"@id\":\"https:\\\/\\\/kidsplay.lt\\\/#organization\",\"name\":\"KidsPlay\",\"url\":\"https:\\\/\\\/kidsplay.lt\\\/\",\"logo\":{\"@type\":\"ImageObject\",\"inLanguage\":\"lv-LV\",\"@id\":\"https:\\\/\\\/kidsplay.lt\\\/#\\\/schema\\\/logo\\\/image\\\/\",\"url\":\"https:\\\/\\\/kidsplay.lt\\\/wp-content\\\/uploads\\\/2023\\\/07\\\/kidsplay-logo.png\",\"contentUrl\":\"https:\\\/\\\/kidsplay.lt\\\/wp-content\\\/uploads\\\/2023\\\/07\\\/kidsplay-logo.png\",\"width\":451,\"height\":98,\"caption\":\"KidsPlay\"},\"image\":{\"@id\":\"https:\\\/\\\/kidsplay.lt\\\/#\\\/schema\\\/logo\\\/image\\\/\"},\"sameAs\":[\"https:\\\/\\\/www.facebook.com\\\/www.kidsplay.lt\"]}]}<\/script>\n<!-- \/ Yoast SEO plugin. -->","yoast_head_json":{"title":"WOOPIE ROYAL Lili lelle \u2013 N\u0101ra ar aksesu\u0101riem Piedz\u012bvojumu j\u016bra","description":"WOOPIE ROYAL Lili L\u0117l\u0117 &#8211; Undin\u0117 su Priedais J\u016bra Nuotyki\u0173 - KidsPlay. Did\u017eiausias vaik\u0173 \u017eaisl\u0173 pasirinkimas.","robots":{"index":"index","follow":"follow","max-snippet":"max-snippet:-1","max-image-preview":"max-image-preview:large","max-video-preview":"max-video-preview:-1"},"canonical":"https:\/\/kidsplay.lt\/lv\/products\/woopie-royal-lili-lele-undine-su-priedais-jura-nuotykiu\/","og_locale":"lv_LV","og_type":"article","og_title":"WOOPIE ROYAL Lili L\u0117l\u0117 &#8211; Undin\u0117 su Priedais J\u016bra Nuotyki\u0173","og_description":"WOOPIE ROYAL Lili L\u0117l\u0117 &#8211; Undin\u0117 su Priedais J\u016bra Nuotyki\u0173 - KidsPlay. Did\u017eiausias vaik\u0173 \u017eaisl\u0173 pasirinkimas.","og_url":"https:\/\/kidsplay.lt\/lv\/products\/woopie-royal-lili-lele-undine-su-priedais-jura-nuotykiu\/","og_site_name":"KidsPlay","article_publisher":"https:\/\/www.facebook.com\/www.kidsplay.lt","article_modified_time":"2026-04-13T11:16:31+00:00","og_image":[{"width":1000,"height":1000,"url":"https:\/\/kidsplay.lt\/wp-content\/uploads\/2025\/11\/WOOPIE-ROYAL-Lili-Lele-8211-Undine-su-Priedais-Jura-Nuotykiu.jpg","type":"image\/jpeg"}],"twitter_card":"summary_large_image","twitter_misc":{"Est. reading time":"1 min\u016bte"},"schema":{"@context":"https:\/\/schema.org","@graph":[{"@type":"WebPage","@id":"https:\/\/kidsplay.lt\/produktas\/woopie-royal-lili-lele-undine-su-priedais-jura-nuotykiu\/","url":"https:\/\/kidsplay.lt\/produktas\/woopie-royal-lili-lele-undine-su-priedais-jura-nuotykiu\/","name":"WOOPIE ROYAL Lili lelle \u2013 N\u0101ra ar aksesu\u0101riem Piedz\u012bvojumu j\u016bra","isPartOf":{"@id":"https:\/\/kidsplay.lt\/#website"},"primaryImageOfPage":{"@id":"https:\/\/kidsplay.lt\/produktas\/woopie-royal-lili-lele-undine-su-priedais-jura-nuotykiu\/#primaryimage"},"image":{"@id":"https:\/\/kidsplay.lt\/produktas\/woopie-royal-lili-lele-undine-su-priedais-jura-nuotykiu\/#primaryimage"},"thumbnailUrl":"https:\/\/kidsplay.lt\/wp-content\/uploads\/2025\/11\/WOOPIE-ROYAL-Lili-Lele-8211-Undine-su-Priedais-Jura-Nuotykiu.jpg","datePublished":"2025-11-30T18:38:19+00:00","dateModified":"2026-04-13T11:16:31+00:00","description":"WOOPIE ROYAL Lili L\u0117l\u0117 &#8211; Undin\u0117 su Priedais J\u016bra Nuotyki\u0173 - KidsPlay. Did\u017eiausias vaik\u0173 \u017eaisl\u0173 pasirinkimas.","breadcrumb":{"@id":"https:\/\/kidsplay.lt\/produktas\/woopie-royal-lili-lele-undine-su-priedais-jura-nuotykiu\/#breadcrumb"},"inLanguage":"lv-LV","potentialAction":[{"@type":"ReadAction","target":["https:\/\/kidsplay.lt\/produktas\/woopie-royal-lili-lele-undine-su-priedais-jura-nuotykiu\/"]}]},{"@type":"ImageObject","inLanguage":"lv-LV","@id":"https:\/\/kidsplay.lt\/produktas\/woopie-royal-lili-lele-undine-su-priedais-jura-nuotykiu\/#primaryimage","url":"https:\/\/kidsplay.lt\/wp-content\/uploads\/2025\/11\/WOOPIE-ROYAL-Lili-Lele-8211-Undine-su-Priedais-Jura-Nuotykiu.jpg","contentUrl":"https:\/\/kidsplay.lt\/wp-content\/uploads\/2025\/11\/WOOPIE-ROYAL-Lili-Lele-8211-Undine-su-Priedais-Jura-Nuotykiu.jpg","width":1000,"height":1000,"caption":"WOOPIE ROYAL Lili L\u0117l\u0117 &#8211; Undin\u0117 su Priedais J\u016bra Nuotyki\u0173"},{"@type":"BreadcrumbList","@id":"https:\/\/kidsplay.lt\/produktas\/woopie-royal-lili-lele-undine-su-priedais-jura-nuotykiu\/#breadcrumb","itemListElement":[{"@type":"ListItem","position":1,"name":"Pagrindinis","item":"https:\/\/kidsplay.lt\/"},{"@type":"ListItem","position":2,"name":"Parduotuv\u0117","item":"https:\/\/kidsplay.lt\/parduotuve\/"},{"@type":"ListItem","position":3,"name":"WOOPIE ROYAL Lili L\u0117l\u0117 &#8211; Undin\u0117 su Priedais J\u016bra Nuotyki\u0173"}]},{"@type":"WebSite","@id":"https:\/\/kidsplay.lt\/#website","url":"https:\/\/kidsplay.lt\/","name":"B\u0113rnu sp\u0113les.lv","description":"\u012evairios prek\u0117s vaikams","publisher":{"@id":"https:\/\/kidsplay.lt\/#organization"},"alternateName":"Kidsplay","potentialAction":[{"@type":"SearchAction","target":{"@type":"EntryPoint","urlTemplate":"https:\/\/kidsplay.lt\/?s={search_term_string}"},"query-input":{"@type":"PropertyValueSpecification","valueRequired":true,"valueName":"search_term_string"}}],"inLanguage":"lv-LV"},{"@type":"Organization","@id":"https:\/\/kidsplay.lt\/#organization","name":"B\u0113rnu sp\u0113le","url":"https:\/\/kidsplay.lt\/","logo":{"@type":"ImageObject","inLanguage":"lv-LV","@id":"https:\/\/kidsplay.lt\/#\/schema\/logo\/image\/","url":"https:\/\/kidsplay.lt\/wp-content\/uploads\/2023\/07\/kidsplay-logo.png","contentUrl":"https:\/\/kidsplay.lt\/wp-content\/uploads\/2023\/07\/kidsplay-logo.png","width":451,"height":98,"caption":"KidsPlay"},"image":{"@id":"https:\/\/kidsplay.lt\/#\/schema\/logo\/image\/"},"sameAs":["https:\/\/www.facebook.com\/www.kidsplay.lt"]}]}},"_links":{"self":[{"href":"https:\/\/kidsplay.lt\/lv\/wp-json\/wp\/v2\/product\/81293","targetHints":{"allow":["GET"]}}],"collection":[{"href":"https:\/\/kidsplay.lt\/lv\/wp-json\/wp\/v2\/product"}],"about":[{"href":"https:\/\/kidsplay.lt\/lv\/wp-json\/wp\/v2\/types\/product"}],"version-history":[{"count":1,"href":"https:\/\/kidsplay.lt\/lv\/wp-json\/wp\/v2\/product\/81293\/revisions"}],"predecessor-version":[{"id":81294,"href":"https:\/\/kidsplay.lt\/lv\/wp-json\/wp\/v2\/product\/81293\/revisions\/81294"}],"wp:featuredmedia":[{"embeddable":true,"href":"https:\/\/kidsplay.lt\/lv\/wp-json\/wp\/v2\/media\/81295"}],"wp:attachment":[{"href":"https:\/\/kidsplay.lt\/lv\/wp-json\/wp\/v2\/media?parent=81293"}],"wp:term":[{"taxonomy":"product_brand","embeddable":true,"href":"https:\/\/kidsplay.lt\/lv\/wp-json\/wp\/v2\/product_brand?post=81293"},{"taxonomy":"product_cat","embeddable":true,"href":"https:\/\/kidsplay.lt\/lv\/wp-json\/wp\/v2\/product_cat?post=81293"},{"taxonomy":"product_tag","embeddable":true,"href":"https:\/\/kidsplay.lt\/lv\/wp-json\/wp\/v2\/product_tag?post=81293"}],"curies":[{"name":"wp","href":"https:\/\/api.w.org\/{rel}","templated":true}]}}