{"id":81302,"date":"2025-11-30T20:38:49","date_gmt":"2025-11-30T18:38:49","guid":{"rendered":"https:\/\/kidsplay.lt\/produktas\/woopie-city-sweeper-116-zaliojo-garso-ir-sviesos-efektai\/"},"modified":"2026-04-20T07:44:37","modified_gmt":"2026-04-20T04:44:37","slug":"woopie-city-sweeper-116-zaliojo-garso-ir-sviesos-efektai","status":"publish","type":"product","link":"https:\/\/kidsplay.lt\/lv\/products\/woopie-city-sweeper-116-zaliojo-garso-ir-sviesos-efektai\/","title":{"rendered":"WOOPIE pils\u0113tas t\u012br\u012bt\u0101js 1:16 za\u013ci ska\u0146as un gaismas efekti"},"content":{"rendered":"<p>Savivaldyb\u0117s mark\u0117s \u0161lavimo ma\u0161ina\u00a0Woopie\u00a0tai moderni transporto priemon\u0117 su trinties pavara, kuri supa\u017eindins \u0161iek tiek tyrin\u0117toj\u0105 su \u017eaviu miesto teis\u0117saugos tarnyb\u0173 pasauliu. \u0160iame tikrovi\u0161kame 1:16 mastelio modelyje yra variklio ir \u0161viesos garsai, kurie bet kokias pramogas daro dar \u012fdomesnes. D\u0117l kilnojam\u0173j\u0173 \u0161epe\u010di\u0173 ir detalaus vairuotojo kabinos dizaino vaikas gali atlikti tikro valymo ma\u0161inos operatoriaus vaidmen\u012f ir jaustis miesto herojumi, kuris palaiko gatves \u0161varias.<\/p>\n<p>Raksturojums:<\/p>\n<p> \t&#8211; Vaikams nuo 3 met\u0173<br \/>\n \t\u2013 Izgatavots no augstas kvalit\u0101tes materi\u0101liem<br \/>\n \t&#8211; Trinties pavara tiesiog stumia transporto priemon\u0119 vairuoti savaranki\u0161kai<br \/>\n \t&#8211; Realus variklio, garso signalo ir atbulin\u0117s eigos signalo triuk\u0161mas<br \/>\n \t&#8211; \u0160vytintis signalizavimas prideda tikrovi\u0161kumo \u017eaid\u017eiant<br \/>\n \t&#8211; Kilnojami \u0161lavimo \u0161epe\u010diai imituoja tikr\u0105j\u012f \u0161lavimo ma\u0161inos darb\u0105<br \/>\n \t&#8211; I\u0161sami vairuotojo kabina su matomais vidaus elementais<br \/>\n \t&#8211; Atidarytas variklio sklend\u0117<br \/>\n \t&#8211; 1:16 mastelis, puikus dydis ma\u017eoms rankoms<br \/>\n \t&#8211; Maitinimas: 3 x 1.5V AG13\/LR44 baterijos\u00a0(\u012etraukta \u012f rinkin\u012f)<\/p>","protected":false},"excerpt":{"rendered":"<p>Savivaldyb\u0117s mark\u0117s \u0161lavimo ma\u0161ina\u00a0Woopie\u00a0tai moderni transporto priemon\u0117 su trinties pavara, kuri supa\u017eindins \u0161iek tiek tyrin\u0117toj\u0105 su \u017eaviu miesto teis\u0117saugos tarnyb\u0173<\/p>","protected":false},"featured_media":81304,"template":"","meta":{"_acf_changed":false,"_glsr_average":0,"_glsr_ranking":0,"_glsr_reviews":0},"product_brand":[],"product_cat":[448,229],"product_tag":[],"class_list":{"0":"post-81302","1":"product","2":"type-product","3":"status-publish","4":"has-post-thumbnail","6":"product_cat-automobiliai-ir-transportas","7":"product_cat-zaislai-vaikams","8":"\"style=\"background-color: #2ecc711c;\"","10":"first","11":"instock","12":"purchasable","13":"product-type-simple"},"acf":[],"yoast_head":"<!-- This site is optimized with the Yoast SEO plugin v27.4 - https:\/\/yoast.com\/product\/yoast-seo-wordpress\/ -->\n<title>WOOPIE City Sweeper 1:16 \u017daliojo garso ir \u0161viesos efektai<\/title>\n<meta name=\"description\" content=\"WOOPIE City Sweeper 1:16 \u017daliojo garso ir \u0161viesos efektai - KidsPlay. Did\u017eiausias vaik\u0173 \u017eaisl\u0173 pasirinkimas.\" \/>\n<meta name=\"robots\" content=\"index, follow, max-snippet:-1, max-image-preview:large, max-video-preview:-1\" \/>\n<link rel=\"canonical\" href=\"https:\/\/kidsplay.lt\/lv\/products\/woopie-city-sweeper-116-zaliojo-garso-ir-sviesos-efektai\/\" \/>\n<meta property=\"og:locale\" content=\"lv_LV\" \/>\n<meta property=\"og:type\" content=\"article\" \/>\n<meta property=\"og:title\" content=\"WOOPIE City Sweeper 1:16 \u017daliojo garso ir \u0161viesos efektai\" \/>\n<meta property=\"og:description\" content=\"WOOPIE City Sweeper 1:16 \u017daliojo garso ir \u0161viesos efektai - KidsPlay. Did\u017eiausias vaik\u0173 \u017eaisl\u0173 pasirinkimas.\" \/>\n<meta property=\"og:url\" content=\"https:\/\/kidsplay.lt\/lv\/products\/woopie-city-sweeper-116-zaliojo-garso-ir-sviesos-efektai\/\" \/>\n<meta property=\"og:site_name\" content=\"KidsPlay\" \/>\n<meta property=\"article:publisher\" content=\"https:\/\/www.facebook.com\/www.kidsplay.lt\" \/>\n<meta property=\"article:modified_time\" content=\"2026-04-20T04:44:37+00:00\" \/>\n<meta property=\"og:image\" content=\"https:\/\/kidsplay.lt\/wp-content\/uploads\/2025\/11\/WOOPIE-City-Sweeper-116-Zaliojo-garso-ir-sviesos-efektai.jpg\" \/>\n\t<meta property=\"og:image:width\" content=\"1000\" \/>\n\t<meta property=\"og:image:height\" content=\"1000\" \/>\n\t<meta property=\"og:image:type\" content=\"image\/jpeg\" \/>\n<meta name=\"twitter:card\" content=\"summary_large_image\" \/>\n<meta name=\"twitter:label1\" content=\"Est. reading time\" \/>\n\t<meta name=\"twitter:data1\" content=\"1 min\u016bte\" \/>\n<script type=\"application\/ld+json\" class=\"yoast-schema-graph\">{\"@context\":\"https:\\\/\\\/schema.org\",\"@graph\":[{\"@type\":\"WebPage\",\"@id\":\"https:\\\/\\\/kidsplay.lt\\\/produktas\\\/woopie-city-sweeper-116-zaliojo-garso-ir-sviesos-efektai\\\/\",\"url\":\"https:\\\/\\\/kidsplay.lt\\\/produktas\\\/woopie-city-sweeper-116-zaliojo-garso-ir-sviesos-efektai\\\/\",\"name\":\"WOOPIE City Sweeper 1:16 \u017daliojo garso ir \u0161viesos efektai\",\"isPartOf\":{\"@id\":\"https:\\\/\\\/kidsplay.lt\\\/#website\"},\"primaryImageOfPage\":{\"@id\":\"https:\\\/\\\/kidsplay.lt\\\/produktas\\\/woopie-city-sweeper-116-zaliojo-garso-ir-sviesos-efektai\\\/#primaryimage\"},\"image\":{\"@id\":\"https:\\\/\\\/kidsplay.lt\\\/produktas\\\/woopie-city-sweeper-116-zaliojo-garso-ir-sviesos-efektai\\\/#primaryimage\"},\"thumbnailUrl\":\"https:\\\/\\\/kidsplay.lt\\\/wp-content\\\/uploads\\\/2025\\\/11\\\/WOOPIE-City-Sweeper-116-Zaliojo-garso-ir-sviesos-efektai.jpg\",\"datePublished\":\"2025-11-30T18:38:49+00:00\",\"dateModified\":\"2026-04-20T04:44:37+00:00\",\"description\":\"WOOPIE City Sweeper 1:16 \u017daliojo garso ir \u0161viesos efektai - KidsPlay. Did\u017eiausias vaik\u0173 \u017eaisl\u0173 pasirinkimas.\",\"breadcrumb\":{\"@id\":\"https:\\\/\\\/kidsplay.lt\\\/produktas\\\/woopie-city-sweeper-116-zaliojo-garso-ir-sviesos-efektai\\\/#breadcrumb\"},\"inLanguage\":\"lv-LV\",\"potentialAction\":[{\"@type\":\"ReadAction\",\"target\":[\"https:\\\/\\\/kidsplay.lt\\\/produktas\\\/woopie-city-sweeper-116-zaliojo-garso-ir-sviesos-efektai\\\/\"]}]},{\"@type\":\"ImageObject\",\"inLanguage\":\"lv-LV\",\"@id\":\"https:\\\/\\\/kidsplay.lt\\\/produktas\\\/woopie-city-sweeper-116-zaliojo-garso-ir-sviesos-efektai\\\/#primaryimage\",\"url\":\"https:\\\/\\\/kidsplay.lt\\\/wp-content\\\/uploads\\\/2025\\\/11\\\/WOOPIE-City-Sweeper-116-Zaliojo-garso-ir-sviesos-efektai.jpg\",\"contentUrl\":\"https:\\\/\\\/kidsplay.lt\\\/wp-content\\\/uploads\\\/2025\\\/11\\\/WOOPIE-City-Sweeper-116-Zaliojo-garso-ir-sviesos-efektai.jpg\",\"width\":1000,\"height\":1000,\"caption\":\"WOOPIE City Sweeper 1:16 \u017daliojo garso ir \u0161viesos efektai\"},{\"@type\":\"BreadcrumbList\",\"@id\":\"https:\\\/\\\/kidsplay.lt\\\/produktas\\\/woopie-city-sweeper-116-zaliojo-garso-ir-sviesos-efektai\\\/#breadcrumb\",\"itemListElement\":[{\"@type\":\"ListItem\",\"position\":1,\"name\":\"Pagrindinis\",\"item\":\"https:\\\/\\\/kidsplay.lt\\\/\"},{\"@type\":\"ListItem\",\"position\":2,\"name\":\"Parduotuv\u0117\",\"item\":\"https:\\\/\\\/kidsplay.lt\\\/parduotuve\\\/\"},{\"@type\":\"ListItem\",\"position\":3,\"name\":\"WOOPIE City Sweeper 1:16 \u017daliojo garso ir \u0161viesos efektai\"}]},{\"@type\":\"WebSite\",\"@id\":\"https:\\\/\\\/kidsplay.lt\\\/#website\",\"url\":\"https:\\\/\\\/kidsplay.lt\\\/\",\"name\":\"Kidsplay.lt\",\"description\":\"\u012evairios prek\u0117s vaikams\",\"publisher\":{\"@id\":\"https:\\\/\\\/kidsplay.lt\\\/#organization\"},\"alternateName\":\"Kidsplay\",\"potentialAction\":[{\"@type\":\"SearchAction\",\"target\":{\"@type\":\"EntryPoint\",\"urlTemplate\":\"https:\\\/\\\/kidsplay.lt\\\/?s={search_term_string}\"},\"query-input\":{\"@type\":\"PropertyValueSpecification\",\"valueRequired\":true,\"valueName\":\"search_term_string\"}}],\"inLanguage\":\"lv-LV\"},{\"@type\":\"Organization\",\"@id\":\"https:\\\/\\\/kidsplay.lt\\\/#organization\",\"name\":\"KidsPlay\",\"url\":\"https:\\\/\\\/kidsplay.lt\\\/\",\"logo\":{\"@type\":\"ImageObject\",\"inLanguage\":\"lv-LV\",\"@id\":\"https:\\\/\\\/kidsplay.lt\\\/#\\\/schema\\\/logo\\\/image\\\/\",\"url\":\"https:\\\/\\\/kidsplay.lt\\\/wp-content\\\/uploads\\\/2023\\\/07\\\/kidsplay-logo.png\",\"contentUrl\":\"https:\\\/\\\/kidsplay.lt\\\/wp-content\\\/uploads\\\/2023\\\/07\\\/kidsplay-logo.png\",\"width\":451,\"height\":98,\"caption\":\"KidsPlay\"},\"image\":{\"@id\":\"https:\\\/\\\/kidsplay.lt\\\/#\\\/schema\\\/logo\\\/image\\\/\"},\"sameAs\":[\"https:\\\/\\\/www.facebook.com\\\/www.kidsplay.lt\"]}]}<\/script>\n<!-- \/ Yoast SEO plugin. -->","yoast_head_json":{"title":"WOOPIE pils\u0113tas t\u012br\u012bt\u0101js 1:16 za\u013ci ska\u0146as un gaismas efekti","description":"WOOPIE City Sweeper 1:16 \u017daliojo garso ir \u0161viesos efektai - KidsPlay. Did\u017eiausias vaik\u0173 \u017eaisl\u0173 pasirinkimas.","robots":{"index":"index","follow":"follow","max-snippet":"max-snippet:-1","max-image-preview":"max-image-preview:large","max-video-preview":"max-video-preview:-1"},"canonical":"https:\/\/kidsplay.lt\/lv\/products\/woopie-city-sweeper-116-zaliojo-garso-ir-sviesos-efektai\/","og_locale":"lv_LV","og_type":"article","og_title":"WOOPIE City Sweeper 1:16 \u017daliojo garso ir \u0161viesos efektai","og_description":"WOOPIE City Sweeper 1:16 \u017daliojo garso ir \u0161viesos efektai - KidsPlay. Did\u017eiausias vaik\u0173 \u017eaisl\u0173 pasirinkimas.","og_url":"https:\/\/kidsplay.lt\/lv\/products\/woopie-city-sweeper-116-zaliojo-garso-ir-sviesos-efektai\/","og_site_name":"KidsPlay","article_publisher":"https:\/\/www.facebook.com\/www.kidsplay.lt","article_modified_time":"2026-04-20T04:44:37+00:00","og_image":[{"width":1000,"height":1000,"url":"https:\/\/kidsplay.lt\/wp-content\/uploads\/2025\/11\/WOOPIE-City-Sweeper-116-Zaliojo-garso-ir-sviesos-efektai.jpg","type":"image\/jpeg"}],"twitter_card":"summary_large_image","twitter_misc":{"Est. reading time":"1 min\u016bte"},"schema":{"@context":"https:\/\/schema.org","@graph":[{"@type":"WebPage","@id":"https:\/\/kidsplay.lt\/produktas\/woopie-city-sweeper-116-zaliojo-garso-ir-sviesos-efektai\/","url":"https:\/\/kidsplay.lt\/produktas\/woopie-city-sweeper-116-zaliojo-garso-ir-sviesos-efektai\/","name":"WOOPIE pils\u0113tas t\u012br\u012bt\u0101js 1:16 za\u013ci ska\u0146as un gaismas efekti","isPartOf":{"@id":"https:\/\/kidsplay.lt\/#website"},"primaryImageOfPage":{"@id":"https:\/\/kidsplay.lt\/produktas\/woopie-city-sweeper-116-zaliojo-garso-ir-sviesos-efektai\/#primaryimage"},"image":{"@id":"https:\/\/kidsplay.lt\/produktas\/woopie-city-sweeper-116-zaliojo-garso-ir-sviesos-efektai\/#primaryimage"},"thumbnailUrl":"https:\/\/kidsplay.lt\/wp-content\/uploads\/2025\/11\/WOOPIE-City-Sweeper-116-Zaliojo-garso-ir-sviesos-efektai.jpg","datePublished":"2025-11-30T18:38:49+00:00","dateModified":"2026-04-20T04:44:37+00:00","description":"WOOPIE City Sweeper 1:16 \u017daliojo garso ir \u0161viesos efektai - KidsPlay. Did\u017eiausias vaik\u0173 \u017eaisl\u0173 pasirinkimas.","breadcrumb":{"@id":"https:\/\/kidsplay.lt\/produktas\/woopie-city-sweeper-116-zaliojo-garso-ir-sviesos-efektai\/#breadcrumb"},"inLanguage":"lv-LV","potentialAction":[{"@type":"ReadAction","target":["https:\/\/kidsplay.lt\/produktas\/woopie-city-sweeper-116-zaliojo-garso-ir-sviesos-efektai\/"]}]},{"@type":"ImageObject","inLanguage":"lv-LV","@id":"https:\/\/kidsplay.lt\/produktas\/woopie-city-sweeper-116-zaliojo-garso-ir-sviesos-efektai\/#primaryimage","url":"https:\/\/kidsplay.lt\/wp-content\/uploads\/2025\/11\/WOOPIE-City-Sweeper-116-Zaliojo-garso-ir-sviesos-efektai.jpg","contentUrl":"https:\/\/kidsplay.lt\/wp-content\/uploads\/2025\/11\/WOOPIE-City-Sweeper-116-Zaliojo-garso-ir-sviesos-efektai.jpg","width":1000,"height":1000,"caption":"WOOPIE City Sweeper 1:16 \u017daliojo garso ir \u0161viesos efektai"},{"@type":"BreadcrumbList","@id":"https:\/\/kidsplay.lt\/produktas\/woopie-city-sweeper-116-zaliojo-garso-ir-sviesos-efektai\/#breadcrumb","itemListElement":[{"@type":"ListItem","position":1,"name":"Pagrindinis","item":"https:\/\/kidsplay.lt\/"},{"@type":"ListItem","position":2,"name":"Parduotuv\u0117","item":"https:\/\/kidsplay.lt\/parduotuve\/"},{"@type":"ListItem","position":3,"name":"WOOPIE City Sweeper 1:16 \u017daliojo garso ir \u0161viesos efektai"}]},{"@type":"WebSite","@id":"https:\/\/kidsplay.lt\/#website","url":"https:\/\/kidsplay.lt\/","name":"B\u0113rnu sp\u0113les.lv","description":"\u012evairios prek\u0117s vaikams","publisher":{"@id":"https:\/\/kidsplay.lt\/#organization"},"alternateName":"Kidsplay","potentialAction":[{"@type":"SearchAction","target":{"@type":"EntryPoint","urlTemplate":"https:\/\/kidsplay.lt\/?s={search_term_string}"},"query-input":{"@type":"PropertyValueSpecification","valueRequired":true,"valueName":"search_term_string"}}],"inLanguage":"lv-LV"},{"@type":"Organization","@id":"https:\/\/kidsplay.lt\/#organization","name":"B\u0113rnu sp\u0113le","url":"https:\/\/kidsplay.lt\/","logo":{"@type":"ImageObject","inLanguage":"lv-LV","@id":"https:\/\/kidsplay.lt\/#\/schema\/logo\/image\/","url":"https:\/\/kidsplay.lt\/wp-content\/uploads\/2023\/07\/kidsplay-logo.png","contentUrl":"https:\/\/kidsplay.lt\/wp-content\/uploads\/2023\/07\/kidsplay-logo.png","width":451,"height":98,"caption":"KidsPlay"},"image":{"@id":"https:\/\/kidsplay.lt\/#\/schema\/logo\/image\/"},"sameAs":["https:\/\/www.facebook.com\/www.kidsplay.lt"]}]}},"_links":{"self":[{"href":"https:\/\/kidsplay.lt\/lv\/wp-json\/wp\/v2\/product\/81302","targetHints":{"allow":["GET"]}}],"collection":[{"href":"https:\/\/kidsplay.lt\/lv\/wp-json\/wp\/v2\/product"}],"about":[{"href":"https:\/\/kidsplay.lt\/lv\/wp-json\/wp\/v2\/types\/product"}],"version-history":[{"count":1,"href":"https:\/\/kidsplay.lt\/lv\/wp-json\/wp\/v2\/product\/81302\/revisions"}],"predecessor-version":[{"id":81303,"href":"https:\/\/kidsplay.lt\/lv\/wp-json\/wp\/v2\/product\/81302\/revisions\/81303"}],"wp:featuredmedia":[{"embeddable":true,"href":"https:\/\/kidsplay.lt\/lv\/wp-json\/wp\/v2\/media\/81304"}],"wp:attachment":[{"href":"https:\/\/kidsplay.lt\/lv\/wp-json\/wp\/v2\/media?parent=81302"}],"wp:term":[{"taxonomy":"product_brand","embeddable":true,"href":"https:\/\/kidsplay.lt\/lv\/wp-json\/wp\/v2\/product_brand?post=81302"},{"taxonomy":"product_cat","embeddable":true,"href":"https:\/\/kidsplay.lt\/lv\/wp-json\/wp\/v2\/product_cat?post=81302"},{"taxonomy":"product_tag","embeddable":true,"href":"https:\/\/kidsplay.lt\/lv\/wp-json\/wp\/v2\/product_tag?post=81302"}],"curies":[{"name":"wp","href":"https:\/\/api.w.org\/{rel}","templated":true}]}}