{"id":81307,"date":"2025-11-30T20:39:05","date_gmt":"2025-11-30T18:39:05","guid":{"rendered":"https:\/\/kidsplay.lt\/produktas\/woopie-sulankstomas-lektuvo-transporteris-priesgaisrine-tarnyba-su-3-gaisriniais-sunkvezimiais\/"},"modified":"2026-04-13T14:16:41","modified_gmt":"2026-04-13T11:16:41","slug":"woopie-sulankstomas-lektuvo-transporteris-priesgaisrine-tarnyba-su-3-gaisriniais-sunkvezimiais","status":"publish","type":"product","link":"https:\/\/kidsplay.lt\/lv\/products\/woopie-sulankstomas-lektuvo-transporteris-priesgaisrine-tarnyba-su-3-gaisriniais-sunkvezimiais\/","title":{"rendered":"WOOPIE sulankstomas l\u0117ktuvo transporteris Prie\u0161gaisrin\u0117 tarnyba su 3 gaisriniais sunkve\u017eimiais"},"content":{"rendered":"<p>Transporteris-l\u0117ktuvas\u00a0gaisrininkas pagal prek\u0117s \u017eenkl\u0105\u00a0WOOPIE!&#8217;kuris nuves vaik\u0105 \u012f emocin\u0119 gelb\u0117jimo misij\u0105! Erdviame l\u0117ktuvo fiuzelia\u017ee yra trys gaisrin\u0117s ma\u0161inos ir kelio \u017eenkl\u0173 rinkinys, suteikiantis visi\u0161k\u0105 \u017eaidimo laisv\u0119. Su keturiais mygtukais, kurie suaktyvina tikrovi\u0161kus garsus ir mirksin\u010dius \u0161viesos diodus, \u017eaislas atgyja kaip reali \u012franga. Atidaromos durys ir nuleid\u017eiama rampa suteikia veiksmui dinamikos. Tai puiki dovana ma\u017eam herojui nuo 3 met\u0173, kuris ugdo vaizduot\u0119 ir moko atsakomyb\u0117s.<\/p>\n<p>Raksturojums:<\/p>\n<p> \t&#8211; Am\u017eius: nuo 3 met\u0173<br \/>\n \t&#8211; Transporteris l\u0117ktuvo pavidalu + gaisrin\u0117s transporto priemon\u0117s<br \/>\n \t&#8211; Garso ir \u0161viesos efektai<br \/>\n \t&#8211; 4 mygtukai l\u0117ktuve (\u012fvair\u016bs gelb\u0117jimo signalai)<br \/>\n \t&#8211; Konstrukcija: atidaromas orlaivio fiuzelia\u017eas, nuleid\u017eiama rampa<br \/>\n \t&#8211; Ratai ant transporto priemoni\u0173, leid\u017eiantys laisvai jud\u0117ti<br \/>\n \t&#8211; Maitinimas: 3 \u00d7 AA baterija (nepridedama)<\/p>\n<p>Komplekt\u0101 ietilpst:<\/p>\n<p> \t&#8211; Didelis l\u0117ktuvas-transporteris<br \/>\n \t&#8211; 3 raudoni gaisriniai automobiliai: kop\u0117\u010dios, \u0161arvuotas transporteris, ma\u017eas miesto gaisrinis automobilis<br \/>\n \t&#8211; 7 kelio \u017eenklai<\/p>","protected":false},"excerpt":{"rendered":"<p>Transporteris-l\u0117ktuvas\u00a0gaisrininkas pagal prek\u0117s \u017eenkl\u0105\u00a0WOOPIE!&#8217;kuris nuves vaik\u0105 \u012f emocin\u0119 gelb\u0117jimo misij\u0105! Erdviame l\u0117ktuvo fiuzelia\u017ee yra trys gaisrin\u0117s ma\u0161inos ir kelio \u017eenkl\u0173<\/p>","protected":false},"featured_media":81309,"template":"","meta":{"_acf_changed":false,"_glsr_average":0,"_glsr_ranking":0,"_glsr_reviews":0},"product_brand":[],"product_cat":[448,229],"product_tag":[],"class_list":{"0":"post-81307","1":"product","2":"type-product","3":"status-publish","4":"has-post-thumbnail","6":"product_cat-automobiliai-ir-transportas","7":"product_cat-zaislai-vaikams","8":"\"style=\"background-color: #2ecc711c;\"","10":"first","11":"instock","12":"purchasable","13":"product-type-simple"},"acf":[],"yoast_head":"<!-- This site is optimized with the Yoast SEO plugin v27.3 - https:\/\/yoast.com\/product\/yoast-seo-wordpress\/ -->\n<title>WOOPIE sulankstomas l\u0117ktuvo transporteris Prie\u0161gaisrin\u0117 tarnyba su 3 gaisriniais sunkve\u017eimiais<\/title>\n<meta name=\"description\" content=\"WOOPIE sulankstomas l\u0117ktuvo transporteris Prie\u0161gaisrin\u0117 tarnyba su 3 gaisriniais sunkve\u017eimiais - KidsPlay. Did\u017eiausias vaik\u0173 \u017eaisl\u0173 pasirinkimas.\" \/>\n<meta name=\"robots\" content=\"index, follow, max-snippet:-1, max-image-preview:large, max-video-preview:-1\" \/>\n<link rel=\"canonical\" href=\"https:\/\/kidsplay.lt\/lv\/products\/woopie-sulankstomas-lektuvo-transporteris-priesgaisrine-tarnyba-su-3-gaisriniais-sunkvezimiais\/\" \/>\n<meta property=\"og:locale\" content=\"lv_LV\" \/>\n<meta property=\"og:type\" content=\"article\" \/>\n<meta property=\"og:title\" content=\"WOOPIE sulankstomas l\u0117ktuvo transporteris Prie\u0161gaisrin\u0117 tarnyba su 3 gaisriniais sunkve\u017eimiais\" \/>\n<meta property=\"og:description\" content=\"WOOPIE sulankstomas l\u0117ktuvo transporteris Prie\u0161gaisrin\u0117 tarnyba su 3 gaisriniais sunkve\u017eimiais - KidsPlay. Did\u017eiausias vaik\u0173 \u017eaisl\u0173 pasirinkimas.\" \/>\n<meta property=\"og:url\" content=\"https:\/\/kidsplay.lt\/lv\/products\/woopie-sulankstomas-lektuvo-transporteris-priesgaisrine-tarnyba-su-3-gaisriniais-sunkvezimiais\/\" \/>\n<meta property=\"og:site_name\" content=\"KidsPlay\" \/>\n<meta property=\"article:publisher\" content=\"https:\/\/www.facebook.com\/www.kidsplay.lt\" \/>\n<meta property=\"article:modified_time\" content=\"2026-04-13T11:16:41+00:00\" \/>\n<meta property=\"og:image\" content=\"https:\/\/kidsplay.lt\/wp-content\/uploads\/2025\/11\/WOOPIE-sulankstomas-lektuvo-transporteris-Priesgaisrine-tarnyba-su-3-gaisriniais-sunkvezimiais.jpg\" \/>\n\t<meta property=\"og:image:width\" content=\"1000\" \/>\n\t<meta property=\"og:image:height\" content=\"1000\" \/>\n\t<meta property=\"og:image:type\" content=\"image\/jpeg\" \/>\n<meta name=\"twitter:card\" content=\"summary_large_image\" \/>\n<meta name=\"twitter:label1\" content=\"Est. reading time\" \/>\n\t<meta name=\"twitter:data1\" content=\"1 min\u016bte\" \/>\n<script type=\"application\/ld+json\" class=\"yoast-schema-graph\">{\"@context\":\"https:\\\/\\\/schema.org\",\"@graph\":[{\"@type\":\"WebPage\",\"@id\":\"https:\\\/\\\/kidsplay.lt\\\/produktas\\\/woopie-sulankstomas-lektuvo-transporteris-priesgaisrine-tarnyba-su-3-gaisriniais-sunkvezimiais\\\/\",\"url\":\"https:\\\/\\\/kidsplay.lt\\\/produktas\\\/woopie-sulankstomas-lektuvo-transporteris-priesgaisrine-tarnyba-su-3-gaisriniais-sunkvezimiais\\\/\",\"name\":\"WOOPIE sulankstomas l\u0117ktuvo transporteris Prie\u0161gaisrin\u0117 tarnyba su 3 gaisriniais sunkve\u017eimiais\",\"isPartOf\":{\"@id\":\"https:\\\/\\\/kidsplay.lt\\\/#website\"},\"primaryImageOfPage\":{\"@id\":\"https:\\\/\\\/kidsplay.lt\\\/produktas\\\/woopie-sulankstomas-lektuvo-transporteris-priesgaisrine-tarnyba-su-3-gaisriniais-sunkvezimiais\\\/#primaryimage\"},\"image\":{\"@id\":\"https:\\\/\\\/kidsplay.lt\\\/produktas\\\/woopie-sulankstomas-lektuvo-transporteris-priesgaisrine-tarnyba-su-3-gaisriniais-sunkvezimiais\\\/#primaryimage\"},\"thumbnailUrl\":\"https:\\\/\\\/kidsplay.lt\\\/wp-content\\\/uploads\\\/2025\\\/11\\\/WOOPIE-sulankstomas-lektuvo-transporteris-Priesgaisrine-tarnyba-su-3-gaisriniais-sunkvezimiais.jpg\",\"datePublished\":\"2025-11-30T18:39:05+00:00\",\"dateModified\":\"2026-04-13T11:16:41+00:00\",\"description\":\"WOOPIE sulankstomas l\u0117ktuvo transporteris Prie\u0161gaisrin\u0117 tarnyba su 3 gaisriniais sunkve\u017eimiais - KidsPlay. Did\u017eiausias vaik\u0173 \u017eaisl\u0173 pasirinkimas.\",\"breadcrumb\":{\"@id\":\"https:\\\/\\\/kidsplay.lt\\\/produktas\\\/woopie-sulankstomas-lektuvo-transporteris-priesgaisrine-tarnyba-su-3-gaisriniais-sunkvezimiais\\\/#breadcrumb\"},\"inLanguage\":\"lv-LV\",\"potentialAction\":[{\"@type\":\"ReadAction\",\"target\":[\"https:\\\/\\\/kidsplay.lt\\\/produktas\\\/woopie-sulankstomas-lektuvo-transporteris-priesgaisrine-tarnyba-su-3-gaisriniais-sunkvezimiais\\\/\"]}]},{\"@type\":\"ImageObject\",\"inLanguage\":\"lv-LV\",\"@id\":\"https:\\\/\\\/kidsplay.lt\\\/produktas\\\/woopie-sulankstomas-lektuvo-transporteris-priesgaisrine-tarnyba-su-3-gaisriniais-sunkvezimiais\\\/#primaryimage\",\"url\":\"https:\\\/\\\/kidsplay.lt\\\/wp-content\\\/uploads\\\/2025\\\/11\\\/WOOPIE-sulankstomas-lektuvo-transporteris-Priesgaisrine-tarnyba-su-3-gaisriniais-sunkvezimiais.jpg\",\"contentUrl\":\"https:\\\/\\\/kidsplay.lt\\\/wp-content\\\/uploads\\\/2025\\\/11\\\/WOOPIE-sulankstomas-lektuvo-transporteris-Priesgaisrine-tarnyba-su-3-gaisriniais-sunkvezimiais.jpg\",\"width\":1000,\"height\":1000,\"caption\":\"WOOPIE sulankstomas l\u0117ktuvo transporteris Prie\u0161gaisrin\u0117 tarnyba su 3 gaisriniais sunkve\u017eimiais\"},{\"@type\":\"BreadcrumbList\",\"@id\":\"https:\\\/\\\/kidsplay.lt\\\/produktas\\\/woopie-sulankstomas-lektuvo-transporteris-priesgaisrine-tarnyba-su-3-gaisriniais-sunkvezimiais\\\/#breadcrumb\",\"itemListElement\":[{\"@type\":\"ListItem\",\"position\":1,\"name\":\"Pagrindinis\",\"item\":\"https:\\\/\\\/kidsplay.lt\\\/\"},{\"@type\":\"ListItem\",\"position\":2,\"name\":\"Parduotuv\u0117\",\"item\":\"https:\\\/\\\/kidsplay.lt\\\/parduotuve\\\/\"},{\"@type\":\"ListItem\",\"position\":3,\"name\":\"WOOPIE sulankstomas l\u0117ktuvo transporteris Prie\u0161gaisrin\u0117 tarnyba su 3 gaisriniais sunkve\u017eimiais\"}]},{\"@type\":\"WebSite\",\"@id\":\"https:\\\/\\\/kidsplay.lt\\\/#website\",\"url\":\"https:\\\/\\\/kidsplay.lt\\\/\",\"name\":\"Kidsplay.lt\",\"description\":\"\u012evairios prek\u0117s vaikams\",\"publisher\":{\"@id\":\"https:\\\/\\\/kidsplay.lt\\\/#organization\"},\"alternateName\":\"Kidsplay\",\"potentialAction\":[{\"@type\":\"SearchAction\",\"target\":{\"@type\":\"EntryPoint\",\"urlTemplate\":\"https:\\\/\\\/kidsplay.lt\\\/?s={search_term_string}\"},\"query-input\":{\"@type\":\"PropertyValueSpecification\",\"valueRequired\":true,\"valueName\":\"search_term_string\"}}],\"inLanguage\":\"lv-LV\"},{\"@type\":\"Organization\",\"@id\":\"https:\\\/\\\/kidsplay.lt\\\/#organization\",\"name\":\"KidsPlay\",\"url\":\"https:\\\/\\\/kidsplay.lt\\\/\",\"logo\":{\"@type\":\"ImageObject\",\"inLanguage\":\"lv-LV\",\"@id\":\"https:\\\/\\\/kidsplay.lt\\\/#\\\/schema\\\/logo\\\/image\\\/\",\"url\":\"https:\\\/\\\/kidsplay.lt\\\/wp-content\\\/uploads\\\/2023\\\/07\\\/kidsplay-logo.png\",\"contentUrl\":\"https:\\\/\\\/kidsplay.lt\\\/wp-content\\\/uploads\\\/2023\\\/07\\\/kidsplay-logo.png\",\"width\":451,\"height\":98,\"caption\":\"KidsPlay\"},\"image\":{\"@id\":\"https:\\\/\\\/kidsplay.lt\\\/#\\\/schema\\\/logo\\\/image\\\/\"},\"sameAs\":[\"https:\\\/\\\/www.facebook.com\\\/www.kidsplay.lt\"]}]}<\/script>\n<!-- \/ Yoast SEO plugin. -->","yoast_head_json":{"title":"WOOPIE sulankstomas l\u0117ktuvo transporteris Prie\u0161gaisrin\u0117 tarnyba su 3 gaisriniais sunkve\u017eimiais","description":"WOOPIE sulankstomas l\u0117ktuvo transporteris Prie\u0161gaisrin\u0117 tarnyba su 3 gaisriniais sunkve\u017eimiais - KidsPlay. Did\u017eiausias vaik\u0173 \u017eaisl\u0173 pasirinkimas.","robots":{"index":"index","follow":"follow","max-snippet":"max-snippet:-1","max-image-preview":"max-image-preview:large","max-video-preview":"max-video-preview:-1"},"canonical":"https:\/\/kidsplay.lt\/lv\/products\/woopie-sulankstomas-lektuvo-transporteris-priesgaisrine-tarnyba-su-3-gaisriniais-sunkvezimiais\/","og_locale":"lv_LV","og_type":"article","og_title":"WOOPIE sulankstomas l\u0117ktuvo transporteris Prie\u0161gaisrin\u0117 tarnyba su 3 gaisriniais sunkve\u017eimiais","og_description":"WOOPIE sulankstomas l\u0117ktuvo transporteris Prie\u0161gaisrin\u0117 tarnyba su 3 gaisriniais sunkve\u017eimiais - KidsPlay. Did\u017eiausias vaik\u0173 \u017eaisl\u0173 pasirinkimas.","og_url":"https:\/\/kidsplay.lt\/lv\/products\/woopie-sulankstomas-lektuvo-transporteris-priesgaisrine-tarnyba-su-3-gaisriniais-sunkvezimiais\/","og_site_name":"KidsPlay","article_publisher":"https:\/\/www.facebook.com\/www.kidsplay.lt","article_modified_time":"2026-04-13T11:16:41+00:00","og_image":[{"width":1000,"height":1000,"url":"https:\/\/kidsplay.lt\/wp-content\/uploads\/2025\/11\/WOOPIE-sulankstomas-lektuvo-transporteris-Priesgaisrine-tarnyba-su-3-gaisriniais-sunkvezimiais.jpg","type":"image\/jpeg"}],"twitter_card":"summary_large_image","twitter_misc":{"Est. reading time":"1 min\u016bte"},"schema":{"@context":"https:\/\/schema.org","@graph":[{"@type":"WebPage","@id":"https:\/\/kidsplay.lt\/produktas\/woopie-sulankstomas-lektuvo-transporteris-priesgaisrine-tarnyba-su-3-gaisriniais-sunkvezimiais\/","url":"https:\/\/kidsplay.lt\/produktas\/woopie-sulankstomas-lektuvo-transporteris-priesgaisrine-tarnyba-su-3-gaisriniais-sunkvezimiais\/","name":"WOOPIE sulankstomas l\u0117ktuvo transporteris Prie\u0161gaisrin\u0117 tarnyba su 3 gaisriniais sunkve\u017eimiais","isPartOf":{"@id":"https:\/\/kidsplay.lt\/#website"},"primaryImageOfPage":{"@id":"https:\/\/kidsplay.lt\/produktas\/woopie-sulankstomas-lektuvo-transporteris-priesgaisrine-tarnyba-su-3-gaisriniais-sunkvezimiais\/#primaryimage"},"image":{"@id":"https:\/\/kidsplay.lt\/produktas\/woopie-sulankstomas-lektuvo-transporteris-priesgaisrine-tarnyba-su-3-gaisriniais-sunkvezimiais\/#primaryimage"},"thumbnailUrl":"https:\/\/kidsplay.lt\/wp-content\/uploads\/2025\/11\/WOOPIE-sulankstomas-lektuvo-transporteris-Priesgaisrine-tarnyba-su-3-gaisriniais-sunkvezimiais.jpg","datePublished":"2025-11-30T18:39:05+00:00","dateModified":"2026-04-13T11:16:41+00:00","description":"WOOPIE sulankstomas l\u0117ktuvo transporteris Prie\u0161gaisrin\u0117 tarnyba su 3 gaisriniais sunkve\u017eimiais - KidsPlay. Did\u017eiausias vaik\u0173 \u017eaisl\u0173 pasirinkimas.","breadcrumb":{"@id":"https:\/\/kidsplay.lt\/produktas\/woopie-sulankstomas-lektuvo-transporteris-priesgaisrine-tarnyba-su-3-gaisriniais-sunkvezimiais\/#breadcrumb"},"inLanguage":"lv-LV","potentialAction":[{"@type":"ReadAction","target":["https:\/\/kidsplay.lt\/produktas\/woopie-sulankstomas-lektuvo-transporteris-priesgaisrine-tarnyba-su-3-gaisriniais-sunkvezimiais\/"]}]},{"@type":"ImageObject","inLanguage":"lv-LV","@id":"https:\/\/kidsplay.lt\/produktas\/woopie-sulankstomas-lektuvo-transporteris-priesgaisrine-tarnyba-su-3-gaisriniais-sunkvezimiais\/#primaryimage","url":"https:\/\/kidsplay.lt\/wp-content\/uploads\/2025\/11\/WOOPIE-sulankstomas-lektuvo-transporteris-Priesgaisrine-tarnyba-su-3-gaisriniais-sunkvezimiais.jpg","contentUrl":"https:\/\/kidsplay.lt\/wp-content\/uploads\/2025\/11\/WOOPIE-sulankstomas-lektuvo-transporteris-Priesgaisrine-tarnyba-su-3-gaisriniais-sunkvezimiais.jpg","width":1000,"height":1000,"caption":"WOOPIE sulankstomas l\u0117ktuvo transporteris Prie\u0161gaisrin\u0117 tarnyba su 3 gaisriniais sunkve\u017eimiais"},{"@type":"BreadcrumbList","@id":"https:\/\/kidsplay.lt\/produktas\/woopie-sulankstomas-lektuvo-transporteris-priesgaisrine-tarnyba-su-3-gaisriniais-sunkvezimiais\/#breadcrumb","itemListElement":[{"@type":"ListItem","position":1,"name":"Pagrindinis","item":"https:\/\/kidsplay.lt\/"},{"@type":"ListItem","position":2,"name":"Parduotuv\u0117","item":"https:\/\/kidsplay.lt\/parduotuve\/"},{"@type":"ListItem","position":3,"name":"WOOPIE sulankstomas l\u0117ktuvo transporteris Prie\u0161gaisrin\u0117 tarnyba su 3 gaisriniais sunkve\u017eimiais"}]},{"@type":"WebSite","@id":"https:\/\/kidsplay.lt\/#website","url":"https:\/\/kidsplay.lt\/","name":"B\u0113rnu sp\u0113les.lv","description":"\u012evairios prek\u0117s vaikams","publisher":{"@id":"https:\/\/kidsplay.lt\/#organization"},"alternateName":"Kidsplay","potentialAction":[{"@type":"SearchAction","target":{"@type":"EntryPoint","urlTemplate":"https:\/\/kidsplay.lt\/?s={search_term_string}"},"query-input":{"@type":"PropertyValueSpecification","valueRequired":true,"valueName":"search_term_string"}}],"inLanguage":"lv-LV"},{"@type":"Organization","@id":"https:\/\/kidsplay.lt\/#organization","name":"B\u0113rnu sp\u0113le","url":"https:\/\/kidsplay.lt\/","logo":{"@type":"ImageObject","inLanguage":"lv-LV","@id":"https:\/\/kidsplay.lt\/#\/schema\/logo\/image\/","url":"https:\/\/kidsplay.lt\/wp-content\/uploads\/2023\/07\/kidsplay-logo.png","contentUrl":"https:\/\/kidsplay.lt\/wp-content\/uploads\/2023\/07\/kidsplay-logo.png","width":451,"height":98,"caption":"KidsPlay"},"image":{"@id":"https:\/\/kidsplay.lt\/#\/schema\/logo\/image\/"},"sameAs":["https:\/\/www.facebook.com\/www.kidsplay.lt"]}]}},"_links":{"self":[{"href":"https:\/\/kidsplay.lt\/lv\/wp-json\/wp\/v2\/product\/81307","targetHints":{"allow":["GET"]}}],"collection":[{"href":"https:\/\/kidsplay.lt\/lv\/wp-json\/wp\/v2\/product"}],"about":[{"href":"https:\/\/kidsplay.lt\/lv\/wp-json\/wp\/v2\/types\/product"}],"version-history":[{"count":1,"href":"https:\/\/kidsplay.lt\/lv\/wp-json\/wp\/v2\/product\/81307\/revisions"}],"predecessor-version":[{"id":81308,"href":"https:\/\/kidsplay.lt\/lv\/wp-json\/wp\/v2\/product\/81307\/revisions\/81308"}],"wp:featuredmedia":[{"embeddable":true,"href":"https:\/\/kidsplay.lt\/lv\/wp-json\/wp\/v2\/media\/81309"}],"wp:attachment":[{"href":"https:\/\/kidsplay.lt\/lv\/wp-json\/wp\/v2\/media?parent=81307"}],"wp:term":[{"taxonomy":"product_brand","embeddable":true,"href":"https:\/\/kidsplay.lt\/lv\/wp-json\/wp\/v2\/product_brand?post=81307"},{"taxonomy":"product_cat","embeddable":true,"href":"https:\/\/kidsplay.lt\/lv\/wp-json\/wp\/v2\/product_cat?post=81307"},{"taxonomy":"product_tag","embeddable":true,"href":"https:\/\/kidsplay.lt\/lv\/wp-json\/wp\/v2\/product_tag?post=81307"}],"curies":[{"name":"wp","href":"https:\/\/api.w.org\/{rel}","templated":true}]}}