{"id":81567,"date":"2025-12-03T15:19:55","date_gmt":"2025-12-03T13:19:55","guid":{"rendered":"https:\/\/kidsplay.lt\/?post_type=product&#038;p=81567"},"modified":"2026-04-19T09:55:08","modified_gmt":"2026-04-19T06:55:08","slug":"minecraft-magnetiniu-kaladeliu-rinkinys-154vnt","status":"publish","type":"product","link":"https:\/\/kidsplay.lt\/lv\/products\/minecraft-magnetiniu-kaladeliu-rinkinys-154vnt\/","title":{"rendered":"Minecraft magn\u0113tisko kluc\u012b\u0161u komplekts 154 gab."},"content":{"rendered":"<div class=\"mpof_ki myre_zn myre_8v_l m389_6m_l\">\n<div class=\"mp4t_16_s mryx_16_s mr3m_1 mli2_1 mh85_56 mh85_0_l\">\n<div class=\"mgn2_16 _0d3bd_am0a-\">\n<h1><span dir=\"auto\">\u27a1\ufe0f MAGN\u0112TISKIE BLOKI \u2013 3D KONSTRUKCIJAS BLOKI 154 gab.<\/span><\/h1>\n<h2><span dir=\"auto\">\u2013 RADIET SAVU PASAULI \u2013<\/span><\/h2>\n<p><b><span dir=\"auto\">\u2714\ufe0f Magn\u0113tiskie kluc\u012b\u0161i lieliski veicina b\u0113rna izt\u0113les un rado\u0161uma att\u012bst\u012bbu.<\/span><\/b><\/p>\n<p><b><span dir=\"auto\">\u2714\ufe0f Ar blokiem var izveidot da\u017e\u0101dus rakstus, formas un formas<\/span><\/b><span dir=\"auto\">\u00a0, vien\u012bgais ierobe\u017eojums ir maz\u0101 b\u016bv\u0113t\u0101ja izt\u0113le un kluc\u012b\u0161u skaits.<\/span><\/p>\n<p><b><span dir=\"auto\">\u2714\ufe0f Tos var izmantot, lai izveidotu 3D strukt\u016bras vai plakanas formas.<\/span><\/b><span dir=\"auto\">\u00a0J\u016bs izlemjat, ko v\u0113laties izk\u0101rtot.\u00a0<\/span><b><span dir=\"auto\">Turkl\u0101t kr\u0101sainie kluc\u012b\u0161i ir lieliski piem\u0113roti kr\u0101su apguvei vai skait\u012b\u0161anai.<\/span><\/b><\/p>\n<\/div>\n<\/div>\n<\/div>\n<div class=\"mpof_ki myre_zn myre_8v_l m389_6m_l\">\n<div class=\"mp4t_16_s mryx_16_s mr3m_1 mli2_1 mh85_56 mh85_0_l\">\n<div class=\"mg9e_8 mj7a_8 mg9e_0_s mvrt_0_s mj7a_0_s mh36_0_s mzmg_6m munh_16_l m3h2_16_l\">\n<div class=\"mp4t_0 mryx_0 munh_56 m3h2_56\">\n<div class=\"mp7g_oh\"><button class=\"mg9e_0 mvrt_0 mj7a_0 mh36_0 mp4t_0 m3h2_0 mryx_0 munh_0 mqen_m6 mpof_z0 mx7m_0 m7er_k4 mse2_k4 msts_pt\" data-analytics-interaction=\"true\" data-analytics-interaction-label=\"zoomable-image-open\" aria-disabled=\"true\"><img decoding=\"async\" class=\"msub_k4 mupj_5k mjru_k4 mse2_k4 mp7g_f6 mq1m_0 mj7u_0 m7er_k4 mqen_m6 m31c_d8 m0ux_fp lazyloaded\" src=\"https:\/\/a.allegroimg.com\/original\/11661a\/16ef079e4135941d21af808318dc\/KLOCKI-MAGNETYCZNE-KOSTKI-3D-KONSTRUKCYJNE-KWADRATOWE-Zestaw-XXL-154-el-Stan-opakowania-oryginalne\" sizes=\"(min-width: 1200px) 560px, (min-width: 992px) 50vw, 100vw\" srcset=\"https:\/\/a.allegroimg.com\/s360\/11661a\/16ef079e4135941d21af808318dc\/KLOCKI-MAGNETYCZNE-KOSTKI-3D-KONSTRUKCYJNE-KWADRATOWE-Zestaw-XXL-154-el-Stan-opakowania-oryginalne 360w,https:\/\/a.allegroimg.com\/s720\/11661a\/16ef079e4135941d21af808318dc\/KLOCKI-MAGNETYCZNE-KOSTKI-3D-KONSTRUKCYJNE-KWADRATOWE-Zestaw-XXL-154-el-Stan-opakowania-oryginalne 720w,https:\/\/a.allegroimg.com\/s1024\/11661a\/16ef079e4135941d21af808318dc\/KLOCKI-MAGNETYCZNE-KOSTKI-3D-KONSTRUKCYJNE-KWADRATOWE-Zestaw-XXL-154-el-Stan-opakowania-oryginalne 800w,https:\/\/a.allegroimg.com\/original\/11661a\/16ef079e4135941d21af808318dc\/KLOCKI-MAGNETYCZNE-KOSTKI-3D-KONSTRUKCYJNE-KWADRATOWE-Zestaw-XXL-154-el-Stan-opakowania-oryginalne 800w\" alt=\"KLOCKI MAGNETYCZNE KOSTKI 3D KONSTRUKCYJNE KWADRATOWE - Zestaw XXL 154 el Stan opakowania oryginalne\" width=\"800px\" data-srcset=\"\" \/><\/button><\/div>\n<\/div>\n<\/div>\n<\/div>\n<div class=\"mp4t_16_s mryx_16_s mr3m_1 mli2_1 mh85_56 mh85_0_l\">\n<div class=\"mgn2_16 _0d3bd_am0a-\">\n<h2><span dir=\"auto\">\u2705 MAGN\u0112TISKO BLOKU PRIEK\u0160ROC\u012aBAS:<\/span><\/h2>\n<ul>\n<li><b><span dir=\"auto\">Gludi un r\u016bp\u012bgi izstr\u0101d\u0101ti bloki<\/span><\/b><\/li>\n<li><span dir=\"auto\">Perfekti saska\u0146oti elementi \u2013\u00a0<\/span><b><span dir=\"auto\">viegli saliekama un stabila konstrukcija<\/span><\/b><\/li>\n<li><span dir=\"auto\">Tie \u013cauj jums baud\u012bt lielisku un ilgsto\u0161u prieku<\/span><\/li>\n<li><span dir=\"auto\">Magn\u0113tiskie bloki ir \u013coti\u00a0<\/span><b><span dir=\"auto\">viegls un iztur\u012bgs<\/span><\/b><\/li>\n<li><span dir=\"auto\">Izklaide bez ierobe\u017eojumiem \u2013\u00a0<\/span><b><span dir=\"auto\">stimul\u0113 b\u0113rnu izt\u0113li<\/span><\/b><\/li>\n<li><span dir=\"auto\">Komplektu ir viegli salikt un izjaukt<\/span><\/li>\n<li><span dir=\"auto\">Tie ir lielisks zin\u0101tnisks atrib\u016bts<\/span><\/li>\n<li><span dir=\"auto\">Komplekt\u0101 ietilpst:\u00a0<\/span><b><span dir=\"auto\">sp\u0113c\u012bgi magn\u0113ti<\/span><\/b><\/li>\n<li><span dir=\"auto\">Ori\u0123in\u0101ls un kr\u0101sains iepakojums, lieliski\u00a0<\/span><b><span dir=\"auto\">piem\u0113rots d\u0101vanai<\/span><\/b><\/li>\n<li><span dir=\"auto\">Komplekts nodro\u0161in\u0101s daudzas izklaides stundas, kas patiks gan mazajiem, gan vi\u0146u vec\u0101kiem.<\/span><\/li>\n<li><b><span dir=\"auto\">Da\u017e\u0101du kr\u0101su kluc\u012b\u0161i b\u016bs lielisks pal\u012bgs m\u0101c\u012bb\u0101s.<\/span><\/b><\/li>\n<\/ul>\n<\/div>\n<\/div>\n<\/div>\n<div class=\"mpof_ki myre_zn myre_8v_l m389_6m_l\">\n<div class=\"mp4t_16_s mryx_16_s mr3m_1 mli2_1 mh85_56 mh85_0_l\">\n<div class=\"mg9e_8 mj7a_8 mg9e_0_s mvrt_0_s mj7a_0_s mh36_0_s mzmg_6m munh_16_l m3h2_16_l\">\n<div class=\"mp4t_0 mryx_0 munh_56 m3h2_56\">\n<div class=\"mp7g_oh\"><button class=\"mg9e_0 mvrt_0 mj7a_0 mh36_0 mp4t_0 m3h2_0 mryx_0 munh_0 mqen_m6 mpof_z0 mx7m_0 m7er_k4 mse2_k4 msts_pt\" data-analytics-interaction=\"true\" data-analytics-interaction-label=\"zoomable-image-open\" aria-disabled=\"true\"><img decoding=\"async\" class=\"msub_k4 mupj_5k mjru_k4 mse2_k4 mp7g_f6 mq1m_0 mj7u_0 m7er_k4 mqen_m6 m31c_d8 m0ux_fp lazyloaded\" src=\"https:\/\/a.allegroimg.com\/original\/11a658\/82ad9d2748ae83ccdc4f15093636\/KLOCKI-MAGNETYCZNE-KOSTKI-3D-KONSTRUKCYJNE-KWADRATOWE-Zestaw-XXL-154-el-Szerokosc-produktu-25-cm\" sizes=\"100vw\" srcset=\"https:\/\/a.allegroimg.com\/s360\/11a658\/82ad9d2748ae83ccdc4f15093636\/KLOCKI-MAGNETYCZNE-KOSTKI-3D-KONSTRUKCYJNE-KWADRATOWE-Zestaw-XXL-154-el-Szerokosc-produktu-25-cm 360w,https:\/\/a.allegroimg.com\/s720\/11a658\/82ad9d2748ae83ccdc4f15093636\/KLOCKI-MAGNETYCZNE-KOSTKI-3D-KONSTRUKCYJNE-KWADRATOWE-Zestaw-XXL-154-el-Szerokosc-produktu-25-cm 720w,https:\/\/a.allegroimg.com\/s1024\/11a658\/82ad9d2748ae83ccdc4f15093636\/KLOCKI-MAGNETYCZNE-KOSTKI-3D-KONSTRUKCYJNE-KWADRATOWE-Zestaw-XXL-154-el-Szerokosc-produktu-25-cm 880w,https:\/\/a.allegroimg.com\/original\/11a658\/82ad9d2748ae83ccdc4f15093636\/KLOCKI-MAGNETYCZNE-KOSTKI-3D-KONSTRUKCYJNE-KWADRATOWE-Zestaw-XXL-154-el-Szerokosc-produktu-25-cm 880w\" alt=\"KLOCKI MAGNETYCZNE KOSTKI 3D KONSTRUKCYJNE KWADRATOWE - Zestaw XXL 154 el Szeroko\u015b\u0107 produktu 25 cm\" width=\"880px\" data-srcset=\"\" \/><\/button><\/div>\n<\/div>\n<\/div>\n<\/div>\n<\/div>\n<div class=\"mpof_ki myre_zn myre_8v_l m389_6m_l\">\n<div class=\"mp4t_16_s mryx_16_s mr3m_1 mli2_1 mh85_56 mh85_0_l\">\n<div class=\"mg9e_8 mj7a_8 mg9e_0_s mvrt_0_s mj7a_0_s mh36_0_s mzmg_6m munh_16_l m3h2_16_l\">\n<div class=\"mp4t_0 mryx_0 munh_56 m3h2_56\">\n<div class=\"mp7g_oh\"><button class=\"mg9e_0 mvrt_0 mj7a_0 mh36_0 mp4t_0 m3h2_0 mryx_0 munh_0 mqen_m6 mpof_z0 mx7m_0 m7er_k4 mse2_k4 msts_pt\" data-analytics-interaction=\"true\" data-analytics-interaction-label=\"zoomable-image-open\" aria-disabled=\"true\"><img decoding=\"async\" class=\"msub_k4 mupj_5k mjru_k4 mse2_k4 mp7g_f6 mq1m_0 mj7u_0 m7er_k4 mqen_m6 m31c_d8 m0ux_fp lazyloaded\" src=\"https:\/\/a.allegroimg.com\/original\/115ecb\/fa80e0644b9bb24a50fbc27efdf3\/KLOCKI-MAGNETYCZNE-KOSTKI-3D-KONSTRUKCYJNE-KWADRATOWE-Zestaw-XXL-154-el-Marka-Doris\" sizes=\"(min-width: 1200px) 560px, (min-width: 992px) 50vw, 100vw\" srcset=\"https:\/\/a.allegroimg.com\/s360\/115ecb\/fa80e0644b9bb24a50fbc27efdf3\/KLOCKI-MAGNETYCZNE-KOSTKI-3D-KONSTRUKCYJNE-KWADRATOWE-Zestaw-XXL-154-el-Marka-Doris 360w,https:\/\/a.allegroimg.com\/s720\/115ecb\/fa80e0644b9bb24a50fbc27efdf3\/KLOCKI-MAGNETYCZNE-KOSTKI-3D-KONSTRUKCYJNE-KWADRATOWE-Zestaw-XXL-154-el-Marka-Doris 720w,https:\/\/a.allegroimg.com\/s1024\/115ecb\/fa80e0644b9bb24a50fbc27efdf3\/KLOCKI-MAGNETYCZNE-KOSTKI-3D-KONSTRUKCYJNE-KWADRATOWE-Zestaw-XXL-154-el-Marka-Doris 1024w,https:\/\/a.allegroimg.com\/s1440\/115ecb\/fa80e0644b9bb24a50fbc27efdf3\/KLOCKI-MAGNETYCZNE-KOSTKI-3D-KONSTRUKCYJNE-KWADRATOWE-Zestaw-XXL-154-el-Marka-Doris 1166w,https:\/\/a.allegroimg.com\/original\/115ecb\/fa80e0644b9bb24a50fbc27efdf3\/KLOCKI-MAGNETYCZNE-KOSTKI-3D-KONSTRUKCYJNE-KWADRATOWE-Zestaw-XXL-154-el-Marka-Doris 1166w\" alt=\"KLOCKI MAGNETYCZNE KOSTKI 3D KONSTRUKCYJNE KWADRATOWE - Zestaw XXL 154 el Marka Doris\" width=\"1166px\" data-srcset=\"\" \/><\/button><\/div>\n<\/div>\n<\/div>\n<\/div>\n<div class=\"mp4t_16_s mryx_16_s mr3m_1 mli2_1 mh85_56 mh85_0_l\">\n<div class=\"mgn2_16 _0d3bd_am0a-\">\n<p><b><span dir=\"auto\">KOMPLEKT\u0100 IR 154 KLUCI\u0145I<\/span><\/b><\/p>\n<p><b><span dir=\"auto\">IZM\u0112RI:<\/span><\/b><\/p>\n<ul>\n<li><span dir=\"auto\">Iepakojuma izm\u0113ri: 25 x 17,1 x 4,9 cm<\/span><\/li>\n<li><span dir=\"auto\">BLOKS: 2 x 2 x 2 cm<\/span><\/li>\n<\/ul>\n<\/div>\n<\/div>\n<\/div>\n<div class=\"mpof_ki myre_zn myre_8v_l m389_6m_l\">\n<div class=\"mp4t_16_s mryx_16_s mr3m_1 mli2_1 mh85_56 mh85_0_l\">\n<div class=\"mg9e_8 mj7a_8 mg9e_0_s mvrt_0_s mj7a_0_s mh36_0_s mzmg_6m munh_16_l m3h2_16_l\">\n<div class=\"mp4t_0 mryx_0 munh_56 m3h2_56\">\n<div class=\"mp7g_oh\"><button class=\"mg9e_0 mvrt_0 mj7a_0 mh36_0 mp4t_0 m3h2_0 mryx_0 munh_0 mqen_m6 mpof_z0 mx7m_0 m7er_k4 mse2_k4 msts_pt\" data-analytics-interaction=\"true\" data-analytics-interaction-label=\"zoomable-image-open\" aria-disabled=\"true\"><img decoding=\"async\" class=\"msub_k4 mupj_5k mjru_k4 mse2_k4 mp7g_f6 mq1m_0 mj7u_0 m7er_k4 mqen_m6 m31c_d8 m0ux_fp lazyloaded\" src=\"https:\/\/a.allegroimg.com\/original\/111098\/bba472634b869c6d5c6e5fe206b0\/KLOCKI-MAGNETYCZNE-KOSTKI-3D-KONSTRUKCYJNE-KWADRATOWE-Zestaw-XXL-154-el-Wiek-dziecka-3-lata\" sizes=\"(min-width: 1200px) 560px, (min-width: 992px) 50vw, 100vw\" srcset=\"https:\/\/a.allegroimg.com\/s360\/111098\/bba472634b869c6d5c6e5fe206b0\/KLOCKI-MAGNETYCZNE-KOSTKI-3D-KONSTRUKCYJNE-KWADRATOWE-Zestaw-XXL-154-el-Wiek-dziecka-3-lata 360w,https:\/\/a.allegroimg.com\/s720\/111098\/bba472634b869c6d5c6e5fe206b0\/KLOCKI-MAGNETYCZNE-KOSTKI-3D-KONSTRUKCYJNE-KWADRATOWE-Zestaw-XXL-154-el-Wiek-dziecka-3-lata 720w,https:\/\/a.allegroimg.com\/s1024\/111098\/bba472634b869c6d5c6e5fe206b0\/KLOCKI-MAGNETYCZNE-KOSTKI-3D-KONSTRUKCYJNE-KWADRATOWE-Zestaw-XXL-154-el-Wiek-dziecka-3-lata 1024w,https:\/\/a.allegroimg.com\/s1440\/111098\/bba472634b869c6d5c6e5fe206b0\/KLOCKI-MAGNETYCZNE-KOSTKI-3D-KONSTRUKCYJNE-KWADRATOWE-Zestaw-XXL-154-el-Wiek-dziecka-3-lata 1440w,https:\/\/a.allegroimg.com\/original\/111098\/bba472634b869c6d5c6e5fe206b0\/KLOCKI-MAGNETYCZNE-KOSTKI-3D-KONSTRUKCYJNE-KWADRATOWE-Zestaw-XXL-154-el-Wiek-dziecka-3-lata 2048w\" alt=\"KLOCKI MAGNETYCZNE KOSTKI 3D KONSTRUKCYJNE KWADRATOWE - Zestaw XXL 154 el Wiek dziecka 3 lata +\" width=\"2048px\" data-srcset=\"\" \/><\/button><\/div>\n<\/div>\n<\/div>\n<\/div>\n<div class=\"mp4t_16_s mryx_16_s mr3m_1 mli2_1 mh85_56 mh85_0_l\">\n<div class=\"mgn2_16 _0d3bd_am0a-\">\n<p><b><span dir=\"auto\">\u2728 Magn\u0113tiskie kluc\u012b\u0161i ir univers\u0101la rota\u013clieta, ko b\u0113rni m\u012bl jau no mazotnes.<\/span><\/b><span dir=\"auto\">\u00a0Pat vismaz\u0101kais komplekts pied\u0101v\u0101 milz\u012bgas iesp\u0113jas un daudzveid\u012bgas konstrukcijas.\u00a0<\/span><b><span dir=\"auto\">\u0160is komplekts ir lielisks veids, k\u0101 s\u0101kt aizraujo\u0161u b\u016bv\u0113\u0161anas piedz\u012bvojumu.<\/span><\/b><\/p>\n<p><b><span dir=\"auto\">\u2728 Kop\u012bga b\u016bv\u0113\u0161ana ar kluc\u012b\u0161iem kop\u0101 ar vec\u0101kiem vai citiem b\u0113rniem m\u0101ca dal\u012b\u0161anos un sadarb\u012bbu. Kluc\u012b\u0161i att\u012bsta koncentr\u0113\u0161an\u0101s sp\u0113jas, roku-acu koordin\u0101ciju, izt\u0113li un rado\u0161umu. Komplektu var papla\u0161in\u0101t un papildin\u0101t ar papildu kluc\u012b\u0161iem no t\u0101s pa\u0161as s\u0113rijas.<\/span><\/b><\/p>\n<\/div>\n<\/div>\n<\/div>\n<div class=\"mpof_ki myre_zn myre_8v_l m389_6m_l\">\n<div class=\"mp4t_16_s mryx_16_s mr3m_1 mli2_1 mh85_56 mh85_0_l\">\n<div class=\"mg9e_8 mj7a_8 mg9e_0_s mvrt_0_s mj7a_0_s mh36_0_s mzmg_6m munh_16_l m3h2_16_l\">\n<div class=\"mp4t_0 mryx_0 munh_56 m3h2_56\">\n<div class=\"mp7g_oh\"><button class=\"mg9e_0 mvrt_0 mj7a_0 mh36_0 mp4t_0 m3h2_0 mryx_0 munh_0 mqen_m6 mpof_z0 mx7m_0 m7er_k4 mse2_k4 msts_pt\" data-analytics-interaction=\"true\" data-analytics-interaction-label=\"zoomable-image-open\" aria-disabled=\"true\"><img decoding=\"async\" class=\"msub_k4 mupj_5k mjru_k4 mse2_k4 mp7g_f6 mq1m_0 mj7u_0 m7er_k4 mqen_m6 m31c_d8 m0ux_fp lazyloaded\" src=\"https:\/\/a.allegroimg.com\/original\/119612\/f51769204b41b2619f3cab419b52\/KLOCKI-MAGNETYCZNE-KOSTKI-3D-KONSTRUKCYJNE-KWADRATOWE-Zestaw-XXL-154-el-Kod-producenta-HM259780-Edukacyjne-Bloczki-minecraft-piksele\" sizes=\"(min-width: 1200px) 560px, (min-width: 992px) 50vw, 100vw\" srcset=\"https:\/\/a.allegroimg.com\/s360\/119612\/f51769204b41b2619f3cab419b52\/KLOCKI-MAGNETYCZNE-KOSTKI-3D-KONSTRUKCYJNE-KWADRATOWE-Zestaw-XXL-154-el-Kod-producenta-HM259780-Edukacyjne-Bloczki-minecraft-piksele 355w,https:\/\/a.allegroimg.com\/s720\/119612\/f51769204b41b2619f3cab419b52\/KLOCKI-MAGNETYCZNE-KOSTKI-3D-KONSTRUKCYJNE-KWADRATOWE-Zestaw-XXL-154-el-Kod-producenta-HM259780-Edukacyjne-Bloczki-minecraft-piksele 711w,https:\/\/a.allegroimg.com\/s1024\/119612\/f51769204b41b2619f3cab419b52\/KLOCKI-MAGNETYCZNE-KOSTKI-3D-KONSTRUKCYJNE-KWADRATOWE-Zestaw-XXL-154-el-Kod-producenta-HM259780-Edukacyjne-Bloczki-minecraft-piksele 1012w,https:\/\/a.allegroimg.com\/s1440\/119612\/f51769204b41b2619f3cab419b52\/KLOCKI-MAGNETYCZNE-KOSTKI-3D-KONSTRUKCYJNE-KWADRATOWE-Zestaw-XXL-154-el-Kod-producenta-HM259780-Edukacyjne-Bloczki-minecraft-piksele 1356w,https:\/\/a.allegroimg.com\/original\/119612\/f51769204b41b2619f3cab419b52\/KLOCKI-MAGNETYCZNE-KOSTKI-3D-KONSTRUKCYJNE-KWADRATOWE-Zestaw-XXL-154-el-Kod-producenta-HM259780-Edukacyjne-Bloczki-minecraft-piksele 1356w\" alt=\"KLOCKI MAGNETYCZNE KOSTKI 3D KONSTRUKCYJNE KWADRATOWE - Zestaw XXL 154 el Kod producenta HM259780 Edukacyjne Bloczki minecraft piksele\" width=\"1356px\" data-srcset=\"\" \/><\/button><\/div>\n<\/div>\n<\/div>\n<\/div>\n<div class=\"mp4t_16_s mryx_16_s mr3m_1 mli2_1 mh85_56 mh85_0_l\">\n<div class=\"mgn2_16 _0d3bd_am0a-\">\n<p><b><span dir=\"auto\">\u2b50\u2b50\u2b50<\/span><\/b><\/p>\n<p><span dir=\"auto\">\u2705\u00a0\u00a0<\/span><b><span dir=\"auto\">Att\u012bst\u012bt \u2013 roku-acu koordin\u0101ciju, praktisk\u0101s iema\u0146as, probl\u0113mu risin\u0101\u0161anas prasmes, motorisk\u0101s prasmes un lo\u0123isko dom\u0101\u0161anu.<\/span><\/b><\/p>\n<p><span dir=\"auto\">\u2705\u00a0\u00a0<\/span><b><span dir=\"auto\">Rado\u0161ums \u2013 att\u012bstiet savu b\u0113rnu rado\u0161umu un izt\u0113li, kombin\u0113jot magn\u0113tiskos kluc\u012b\u0161us ar da\u017e\u0101diem izk\u0101rtojumiem.<\/span><\/b><\/p>\n<p><span dir=\"auto\">\u2705\u00a0\u00a0<\/span><b><span dir=\"auto\">Interakt\u012bva un komandas darbam paredz\u0113ta rota\u013clieta vec\u0101kiem un draugiem, kas stiprin\u0101s saites<\/span><\/b><\/p>\n<p><span dir=\"auto\">\u2705\u00a0\u00a0<\/span><b><span dir=\"auto\">Dro\u0161\u012bba un kvalit\u0101te \u2013 plastmasas konstrukcijas elementi ir izgatavoti no augstas kvalit\u0101tes ABS materi\u0101la, ir iztur\u012bgi, viegli saliekami un dro\u0161i b\u0113rniem.<\/span><\/b><\/p>\n<\/div>\n<\/div>\n<\/div>","protected":false},"excerpt":{"rendered":"<p>\u27a1\ufe0f MAGNETINIAI KALAD\u0116LIAI &#8211; 3D KONSTRUKCIJOS KALAD\u0116LIAI 154 vnt. &#8211; SUKURK SAVO PASAUL\u012e &#8211; \u2714\ufe0f Magnetiniai kalad\u0117l\u0117s puikiai skatina vaiko<\/p>","protected":false},"featured_media":81568,"template":"","meta":{"_acf_changed":false,"_glsr_average":0,"_glsr_ranking":0,"_glsr_reviews":0},"product_brand":[],"product_cat":[446,229],"product_tag":[],"class_list":{"0":"post-81567","1":"product","2":"type-product","3":"status-publish","4":"has-post-thumbnail","6":"product_cat-konstruktoriai","7":"product_cat-zaislai-vaikams","8":"\"style=\"background-color: #2ecc711c;\"","10":"first","11":"instock","12":"shipping-taxable","13":"purchasable","14":"product-type-simple"},"acf":[],"yoast_head":"<!-- This site is optimized with the Yoast SEO plugin v27.4 - https:\/\/yoast.com\/product\/yoast-seo-wordpress\/ -->\n<title>Minecraft magnetini\u0173 kalad\u0117li\u0173 rinkinys 154vnt. - KidsPlay<\/title>\n<meta name=\"description\" content=\"Minecraft magnetini\u0173 kalad\u0117li\u0173 rinkinys 154vnt. - KidsPlay. Did\u017eiausias vaik\u0173 \u017eaisl\u0173 pasirinkimas.\" \/>\n<meta name=\"robots\" content=\"index, follow, max-snippet:-1, max-image-preview:large, max-video-preview:-1\" \/>\n<link rel=\"canonical\" href=\"https:\/\/kidsplay.lt\/lv\/products\/minecraft-magnetiniu-kaladeliu-rinkinys-154vnt\/\" \/>\n<meta property=\"og:locale\" content=\"lv_LV\" \/>\n<meta property=\"og:type\" content=\"article\" \/>\n<meta property=\"og:title\" content=\"Minecraft magnetini\u0173 kalad\u0117li\u0173 rinkinys 154vnt. - KidsPlay\" \/>\n<meta property=\"og:description\" content=\"Minecraft magnetini\u0173 kalad\u0117li\u0173 rinkinys 154vnt. - KidsPlay. Did\u017eiausias vaik\u0173 \u017eaisl\u0173 pasirinkimas.\" \/>\n<meta property=\"og:url\" content=\"https:\/\/kidsplay.lt\/lv\/products\/minecraft-magnetiniu-kaladeliu-rinkinys-154vnt\/\" \/>\n<meta property=\"og:site_name\" content=\"KidsPlay\" \/>\n<meta property=\"article:publisher\" content=\"https:\/\/www.facebook.com\/www.kidsplay.lt\" \/>\n<meta property=\"article:modified_time\" content=\"2026-04-19T06:55:08+00:00\" \/>\n<meta property=\"og:image\" content=\"https:\/\/kidsplay.lt\/wp-content\/uploads\/2025\/12\/Screenshot_1235.png\" \/>\n\t<meta property=\"og:image:width\" content=\"866\" \/>\n\t<meta property=\"og:image:height\" content=\"863\" \/>\n\t<meta property=\"og:image:type\" content=\"image\/png\" \/>\n<meta name=\"twitter:card\" content=\"summary_large_image\" \/>\n<meta name=\"twitter:label1\" content=\"Est. reading time\" \/>\n\t<meta name=\"twitter:data1\" content=\"3 min\u016btes\" \/>\n<script type=\"application\/ld+json\" class=\"yoast-schema-graph\">{\"@context\":\"https:\\\/\\\/schema.org\",\"@graph\":[{\"@type\":\"WebPage\",\"@id\":\"https:\\\/\\\/kidsplay.lt\\\/produktas\\\/minecraft-magnetiniu-kaladeliu-rinkinys-154vnt\\\/\",\"url\":\"https:\\\/\\\/kidsplay.lt\\\/produktas\\\/minecraft-magnetiniu-kaladeliu-rinkinys-154vnt\\\/\",\"name\":\"Minecraft magnetini\u0173 kalad\u0117li\u0173 rinkinys 154vnt. - KidsPlay\",\"isPartOf\":{\"@id\":\"https:\\\/\\\/kidsplay.lt\\\/#website\"},\"primaryImageOfPage\":{\"@id\":\"https:\\\/\\\/kidsplay.lt\\\/produktas\\\/minecraft-magnetiniu-kaladeliu-rinkinys-154vnt\\\/#primaryimage\"},\"image\":{\"@id\":\"https:\\\/\\\/kidsplay.lt\\\/produktas\\\/minecraft-magnetiniu-kaladeliu-rinkinys-154vnt\\\/#primaryimage\"},\"thumbnailUrl\":\"https:\\\/\\\/kidsplay.lt\\\/wp-content\\\/uploads\\\/2025\\\/12\\\/Screenshot_1235.png\",\"datePublished\":\"2025-12-03T13:19:55+00:00\",\"dateModified\":\"2026-04-19T06:55:08+00:00\",\"description\":\"Minecraft magnetini\u0173 kalad\u0117li\u0173 rinkinys 154vnt. - KidsPlay. Did\u017eiausias vaik\u0173 \u017eaisl\u0173 pasirinkimas.\",\"breadcrumb\":{\"@id\":\"https:\\\/\\\/kidsplay.lt\\\/produktas\\\/minecraft-magnetiniu-kaladeliu-rinkinys-154vnt\\\/#breadcrumb\"},\"inLanguage\":\"lv-LV\",\"potentialAction\":[{\"@type\":\"ReadAction\",\"target\":[\"https:\\\/\\\/kidsplay.lt\\\/produktas\\\/minecraft-magnetiniu-kaladeliu-rinkinys-154vnt\\\/\"]}]},{\"@type\":\"ImageObject\",\"inLanguage\":\"lv-LV\",\"@id\":\"https:\\\/\\\/kidsplay.lt\\\/produktas\\\/minecraft-magnetiniu-kaladeliu-rinkinys-154vnt\\\/#primaryimage\",\"url\":\"https:\\\/\\\/kidsplay.lt\\\/wp-content\\\/uploads\\\/2025\\\/12\\\/Screenshot_1235.png\",\"contentUrl\":\"https:\\\/\\\/kidsplay.lt\\\/wp-content\\\/uploads\\\/2025\\\/12\\\/Screenshot_1235.png\",\"width\":866,\"height\":863},{\"@type\":\"BreadcrumbList\",\"@id\":\"https:\\\/\\\/kidsplay.lt\\\/produktas\\\/minecraft-magnetiniu-kaladeliu-rinkinys-154vnt\\\/#breadcrumb\",\"itemListElement\":[{\"@type\":\"ListItem\",\"position\":1,\"name\":\"Pagrindinis\",\"item\":\"https:\\\/\\\/kidsplay.lt\\\/\"},{\"@type\":\"ListItem\",\"position\":2,\"name\":\"Parduotuv\u0117\",\"item\":\"https:\\\/\\\/kidsplay.lt\\\/parduotuve\\\/\"},{\"@type\":\"ListItem\",\"position\":3,\"name\":\"Minecraft magnetini\u0173 kalad\u0117li\u0173 rinkinys 154vnt.\"}]},{\"@type\":\"WebSite\",\"@id\":\"https:\\\/\\\/kidsplay.lt\\\/#website\",\"url\":\"https:\\\/\\\/kidsplay.lt\\\/\",\"name\":\"Kidsplay.lt\",\"description\":\"\u012evairios prek\u0117s vaikams\",\"publisher\":{\"@id\":\"https:\\\/\\\/kidsplay.lt\\\/#organization\"},\"alternateName\":\"Kidsplay\",\"potentialAction\":[{\"@type\":\"SearchAction\",\"target\":{\"@type\":\"EntryPoint\",\"urlTemplate\":\"https:\\\/\\\/kidsplay.lt\\\/?s={search_term_string}\"},\"query-input\":{\"@type\":\"PropertyValueSpecification\",\"valueRequired\":true,\"valueName\":\"search_term_string\"}}],\"inLanguage\":\"lv-LV\"},{\"@type\":\"Organization\",\"@id\":\"https:\\\/\\\/kidsplay.lt\\\/#organization\",\"name\":\"KidsPlay\",\"url\":\"https:\\\/\\\/kidsplay.lt\\\/\",\"logo\":{\"@type\":\"ImageObject\",\"inLanguage\":\"lv-LV\",\"@id\":\"https:\\\/\\\/kidsplay.lt\\\/#\\\/schema\\\/logo\\\/image\\\/\",\"url\":\"https:\\\/\\\/kidsplay.lt\\\/wp-content\\\/uploads\\\/2023\\\/07\\\/kidsplay-logo.png\",\"contentUrl\":\"https:\\\/\\\/kidsplay.lt\\\/wp-content\\\/uploads\\\/2023\\\/07\\\/kidsplay-logo.png\",\"width\":451,\"height\":98,\"caption\":\"KidsPlay\"},\"image\":{\"@id\":\"https:\\\/\\\/kidsplay.lt\\\/#\\\/schema\\\/logo\\\/image\\\/\"},\"sameAs\":[\"https:\\\/\\\/www.facebook.com\\\/www.kidsplay.lt\"]}]}<\/script>\n<!-- \/ Yoast SEO plugin. -->","yoast_head_json":{"title":"Minecraft magnetini\u0173 kalad\u0117li\u0173 rinkinys 154vnt. - KidsPlay","description":"Minecraft magnetini\u0173 kalad\u0117li\u0173 rinkinys 154vnt. - KidsPlay. Did\u017eiausias vaik\u0173 \u017eaisl\u0173 pasirinkimas.","robots":{"index":"index","follow":"follow","max-snippet":"max-snippet:-1","max-image-preview":"max-image-preview:large","max-video-preview":"max-video-preview:-1"},"canonical":"https:\/\/kidsplay.lt\/lv\/products\/minecraft-magnetiniu-kaladeliu-rinkinys-154vnt\/","og_locale":"lv_LV","og_type":"article","og_title":"Minecraft magnetini\u0173 kalad\u0117li\u0173 rinkinys 154vnt. - KidsPlay","og_description":"Minecraft magnetini\u0173 kalad\u0117li\u0173 rinkinys 154vnt. - KidsPlay. Did\u017eiausias vaik\u0173 \u017eaisl\u0173 pasirinkimas.","og_url":"https:\/\/kidsplay.lt\/lv\/products\/minecraft-magnetiniu-kaladeliu-rinkinys-154vnt\/","og_site_name":"KidsPlay","article_publisher":"https:\/\/www.facebook.com\/www.kidsplay.lt","article_modified_time":"2026-04-19T06:55:08+00:00","og_image":[{"width":866,"height":863,"url":"https:\/\/kidsplay.lt\/wp-content\/uploads\/2025\/12\/Screenshot_1235.png","type":"image\/png"}],"twitter_card":"summary_large_image","twitter_misc":{"Est. reading time":"3 min\u016btes"},"schema":{"@context":"https:\/\/schema.org","@graph":[{"@type":"WebPage","@id":"https:\/\/kidsplay.lt\/produktas\/minecraft-magnetiniu-kaladeliu-rinkinys-154vnt\/","url":"https:\/\/kidsplay.lt\/produktas\/minecraft-magnetiniu-kaladeliu-rinkinys-154vnt\/","name":"Minecraft magnetini\u0173 kalad\u0117li\u0173 rinkinys 154vnt. - KidsPlay","isPartOf":{"@id":"https:\/\/kidsplay.lt\/#website"},"primaryImageOfPage":{"@id":"https:\/\/kidsplay.lt\/produktas\/minecraft-magnetiniu-kaladeliu-rinkinys-154vnt\/#primaryimage"},"image":{"@id":"https:\/\/kidsplay.lt\/produktas\/minecraft-magnetiniu-kaladeliu-rinkinys-154vnt\/#primaryimage"},"thumbnailUrl":"https:\/\/kidsplay.lt\/wp-content\/uploads\/2025\/12\/Screenshot_1235.png","datePublished":"2025-12-03T13:19:55+00:00","dateModified":"2026-04-19T06:55:08+00:00","description":"Minecraft magnetini\u0173 kalad\u0117li\u0173 rinkinys 154vnt. - KidsPlay. Did\u017eiausias vaik\u0173 \u017eaisl\u0173 pasirinkimas.","breadcrumb":{"@id":"https:\/\/kidsplay.lt\/produktas\/minecraft-magnetiniu-kaladeliu-rinkinys-154vnt\/#breadcrumb"},"inLanguage":"lv-LV","potentialAction":[{"@type":"ReadAction","target":["https:\/\/kidsplay.lt\/produktas\/minecraft-magnetiniu-kaladeliu-rinkinys-154vnt\/"]}]},{"@type":"ImageObject","inLanguage":"lv-LV","@id":"https:\/\/kidsplay.lt\/produktas\/minecraft-magnetiniu-kaladeliu-rinkinys-154vnt\/#primaryimage","url":"https:\/\/kidsplay.lt\/wp-content\/uploads\/2025\/12\/Screenshot_1235.png","contentUrl":"https:\/\/kidsplay.lt\/wp-content\/uploads\/2025\/12\/Screenshot_1235.png","width":866,"height":863},{"@type":"BreadcrumbList","@id":"https:\/\/kidsplay.lt\/produktas\/minecraft-magnetiniu-kaladeliu-rinkinys-154vnt\/#breadcrumb","itemListElement":[{"@type":"ListItem","position":1,"name":"Pagrindinis","item":"https:\/\/kidsplay.lt\/"},{"@type":"ListItem","position":2,"name":"Parduotuv\u0117","item":"https:\/\/kidsplay.lt\/parduotuve\/"},{"@type":"ListItem","position":3,"name":"Minecraft magnetini\u0173 kalad\u0117li\u0173 rinkinys 154vnt."}]},{"@type":"WebSite","@id":"https:\/\/kidsplay.lt\/#website","url":"https:\/\/kidsplay.lt\/","name":"B\u0113rnu sp\u0113les.lv","description":"\u012evairios prek\u0117s vaikams","publisher":{"@id":"https:\/\/kidsplay.lt\/#organization"},"alternateName":"Kidsplay","potentialAction":[{"@type":"SearchAction","target":{"@type":"EntryPoint","urlTemplate":"https:\/\/kidsplay.lt\/?s={search_term_string}"},"query-input":{"@type":"PropertyValueSpecification","valueRequired":true,"valueName":"search_term_string"}}],"inLanguage":"lv-LV"},{"@type":"Organization","@id":"https:\/\/kidsplay.lt\/#organization","name":"B\u0113rnu sp\u0113le","url":"https:\/\/kidsplay.lt\/","logo":{"@type":"ImageObject","inLanguage":"lv-LV","@id":"https:\/\/kidsplay.lt\/#\/schema\/logo\/image\/","url":"https:\/\/kidsplay.lt\/wp-content\/uploads\/2023\/07\/kidsplay-logo.png","contentUrl":"https:\/\/kidsplay.lt\/wp-content\/uploads\/2023\/07\/kidsplay-logo.png","width":451,"height":98,"caption":"KidsPlay"},"image":{"@id":"https:\/\/kidsplay.lt\/#\/schema\/logo\/image\/"},"sameAs":["https:\/\/www.facebook.com\/www.kidsplay.lt"]}]}},"_links":{"self":[{"href":"https:\/\/kidsplay.lt\/lv\/wp-json\/wp\/v2\/product\/81567","targetHints":{"allow":["GET"]}}],"collection":[{"href":"https:\/\/kidsplay.lt\/lv\/wp-json\/wp\/v2\/product"}],"about":[{"href":"https:\/\/kidsplay.lt\/lv\/wp-json\/wp\/v2\/types\/product"}],"version-history":[{"count":4,"href":"https:\/\/kidsplay.lt\/lv\/wp-json\/wp\/v2\/product\/81567\/revisions"}],"predecessor-version":[{"id":82691,"href":"https:\/\/kidsplay.lt\/lv\/wp-json\/wp\/v2\/product\/81567\/revisions\/82691"}],"wp:featuredmedia":[{"embeddable":true,"href":"https:\/\/kidsplay.lt\/lv\/wp-json\/wp\/v2\/media\/81568"}],"wp:attachment":[{"href":"https:\/\/kidsplay.lt\/lv\/wp-json\/wp\/v2\/media?parent=81567"}],"wp:term":[{"taxonomy":"product_brand","embeddable":true,"href":"https:\/\/kidsplay.lt\/lv\/wp-json\/wp\/v2\/product_brand?post=81567"},{"taxonomy":"product_cat","embeddable":true,"href":"https:\/\/kidsplay.lt\/lv\/wp-json\/wp\/v2\/product_cat?post=81567"},{"taxonomy":"product_tag","embeddable":true,"href":"https:\/\/kidsplay.lt\/lv\/wp-json\/wp\/v2\/product_tag?post=81567"}],"curies":[{"name":"wp","href":"https:\/\/api.w.org\/{rel}","templated":true}]}}