{"id":81583,"date":"2025-12-03T15:29:58","date_gmt":"2025-12-03T13:29:58","guid":{"rendered":"https:\/\/kidsplay.lt\/?post_type=product&#038;p=81583"},"modified":"2025-12-03T15:29:58","modified_gmt":"2025-12-03T13:29:58","slug":"minecraft-ziemos-magnetiniai-konstruktoriai-145vnt","status":"publish","type":"product","link":"https:\/\/kidsplay.lt\/lv\/products\/minecraft-ziemos-magnetiniai-konstruktoriai-145vnt\/","title":{"rendered":"Minecraft \u017eiemos magnetiniai konstruktoriai 145vnt"},"content":{"rendered":"<div class=\"mpof_ki myre_zn myre_8v_l m389_6m_l\">\n<div class=\"mp4t_16_s mryx_16_s mr3m_1 mli2_1 mh85_56 mh85_0_l\">\n<div class=\"mgn2_16 _0d3bd_am0a-\">\n<h2><span dir=\"auto\">Sukurkite savo pasaul\u012f su 145 detali\u0173 magnetiniais kalad\u0117l\u0117mis!<\/span><\/h2>\n<\/div>\n<\/div>\n<\/div>\n<div class=\"mpof_ki myre_zn myre_8v_l m389_6m_l\">\n<div class=\"mp4t_16_s mryx_16_s mr3m_1 mli2_1 mh85_56 mh85_0_l\">\n<div class=\"mg9e_8 mj7a_8 mg9e_0_s mvrt_0_s mj7a_0_s mh36_0_s mzmg_6m munh_16_l m3h2_16_l\">\n<div class=\"mp4t_0 mryx_0 munh_56 m3h2_56\">\n<div class=\"mp7g_oh\"><button class=\"mg9e_0 mvrt_0 mj7a_0 mh36_0 mp4t_0 m3h2_0 mryx_0 munh_0 mqen_m6 mpof_z0 mx7m_0 m7er_k4 mse2_k4 msts_pt\" data-analytics-interaction=\"true\" data-analytics-interaction-label=\"zoomable-image-open\" aria-disabled=\"true\"><img decoding=\"async\" class=\"msub_k4 mupj_5k mjru_k4 mse2_k4 mp7g_f6 mq1m_0 mj7u_0 m7er_k4 mqen_m6 m31c_d8 m0ux_fp lazyloaded\" src=\"https:\/\/a.allegroimg.com\/original\/118410\/ece3151745a9aadade7a26232c30\/KLOCKI-MAGNETYCZNE-KOSTKI-3D-2x2-Budowlane-Szesciany-Zestaw-145-el\" sizes=\"(min-width: 1200px) 560px, (min-width: 992px) 50vw, 100vw\" srcset=\"https:\/\/a.allegroimg.com\/s360\/118410\/ece3151745a9aadade7a26232c30\/KLOCKI-MAGNETYCZNE-KOSTKI-3D-2x2-Budowlane-Szesciany-Zestaw-145-el 360w,https:\/\/a.allegroimg.com\/s720\/118410\/ece3151745a9aadade7a26232c30\/KLOCKI-MAGNETYCZNE-KOSTKI-3D-2x2-Budowlane-Szesciany-Zestaw-145-el 720w,https:\/\/a.allegroimg.com\/s1024\/118410\/ece3151745a9aadade7a26232c30\/KLOCKI-MAGNETYCZNE-KOSTKI-3D-2x2-Budowlane-Szesciany-Zestaw-145-el 1024w,https:\/\/a.allegroimg.com\/s1440\/118410\/ece3151745a9aadade7a26232c30\/KLOCKI-MAGNETYCZNE-KOSTKI-3D-2x2-Budowlane-Szesciany-Zestaw-145-el 1440w,https:\/\/a.allegroimg.com\/original\/118410\/ece3151745a9aadade7a26232c30\/KLOCKI-MAGNETYCZNE-KOSTKI-3D-2x2-Budowlane-Szesciany-Zestaw-145-el 2256w\" alt=\"MAGNETINIAI KALAD\u0116LIAI 3D KUBAI 2x2 statybini\u0173 kubeli\u0173 rinkinys 145 vnt.\" width=\"2256px\" data-srcset=\"\" \/><\/button><\/div>\n<\/div>\n<\/div>\n<\/div>\n<div class=\"mp4t_16_s mryx_16_s mr3m_1 mli2_1 mh85_56 mh85_0_l\">\n<div class=\"mgn2_16 _0d3bd_am0a-\">\n<ul>\n<li><span dir=\"auto\">\u2747\ufe0f\u00a0<\/span><b><span dir=\"auto\">Suteikite savo vaikui galimyb\u0119 lavinti vaizduot\u0119 su magnetiniu konstravimo rinkiniu,<\/span><\/b><span dir=\"auto\">\u00a0kuris si\u016blo\u00a0<\/span><b><span dir=\"auto\">begales konstravimo galimybi\u0173.\u00a0<\/span><\/b><b><span dir=\"auto\">Magnet\u0173<\/span><\/b><span dir=\"auto\">\u00a0d\u0117ka\u00a0dalys\u00a0<\/span><b><span dir=\"auto\">lengvai sujungiamos<\/span><\/b><span dir=\"auto\">\u00a0, tod\u0117l jie gali sukurti\u00a0<\/span><b><span dir=\"auto\">pilis, tiltus, transporto priemones ar i\u0161tisus miestus.<\/span><\/b><\/li>\n<li><span dir=\"auto\">\u2747\ufe0f\u00a0<\/span><b><span dir=\"auto\">\u012esp\u016bdingos pramogos<\/span><\/b><span dir=\"auto\">\u00a0\u2013 puiki alternatyva laikui prie ekrano!<\/span><\/li>\n<li><span dir=\"auto\">\u2747\ufe0f\u00a0<\/span><b><span dir=\"auto\">Paprastas ir greitas prijungimas<\/span><\/b><span dir=\"auto\">\u00a0\u2013 d\u0117ka galing\u0173 neodimio magnet\u0173<\/span><\/li>\n<li><span dir=\"auto\">\u2747\ufe0f\u00a0<\/span><b><span dir=\"auto\">Vaizduot\u0117s ir rankini\u0173 \u012fg\u016bd\u017ei\u0173 lavinimas<\/span><\/b><\/li>\n<li><span dir=\"auto\">\u2747\ufe0f\u00a0<\/span><b><span dir=\"auto\">Kurkite skirtingas scenas<\/span><\/b><span dir=\"auto\">\u00a0\u2013 konstruokite, eksperimentuokite ir atraskite nauj\u0173 id\u0117j\u0173<\/span><\/li>\n<li><span dir=\"auto\">\u2747\ufe0f\u00a0<\/span><b><span dir=\"auto\">Saugios med\u017eiagos<\/span><\/b><span dir=\"auto\">\u00a0\u2013 pagaminta i\u0161 sertifikuoto ABS plastiko, saugi vaikams<\/span><\/li>\n<li><span dir=\"auto\">\u2747\ufe0f\u00a0<\/span><b><span dir=\"auto\">Puiki dovanos id\u0117ja<\/span><\/b><span dir=\"auto\">\u00a0\u2013 b\u016bsimiems statybininkams ir architektams<\/span><\/li>\n<\/ul>\n<\/div>\n<\/div>\n<\/div>\n<div class=\"mpof_ki myre_zn myre_8v_l m389_6m_l\">\n<div class=\"mp4t_16_s mryx_16_s mr3m_1 mli2_1 mh85_56 mh85_0_l\">\n<div class=\"mgn2_16 _0d3bd_am0a-\">\n<ul>\n<li><b><span dir=\"auto\">\u2b50\ufe0fAm\u017eius +3<\/span><\/b><\/li>\n<li><b><span dir=\"auto\">\u2b50\ufe0fMed\u017eiaga:<\/span><\/b><span dir=\"auto\">\u00a0ABS<\/span><\/li>\n<li><b><span dir=\"auto\">\u2b50\ufe0fPlyteli\u0173 dydis:<\/span><\/b><span dir=\"auto\">\u00a02 cm x 2 cm<\/span><\/li>\n<li><b><span dir=\"auto\">\u2b50\ufe0fPakuot\u0117s matmenys:<\/span><\/b><span dir=\"auto\">\u00a025 x 17,1 x 4,9 cm<\/span><\/li>\n<\/ul>\n<\/div>\n<\/div>\n<\/div>\n<div class=\"mpof_ki myre_zn myre_8v_l m389_6m_l\">\n<div class=\"mp4t_16_s mryx_16_s mr3m_1 mli2_1 mh85_56 mh85_0_l\">\n<div class=\"mg9e_8 mj7a_8 mg9e_0_s mvrt_0_s mj7a_0_s mh36_0_s mzmg_6m munh_16_l m3h2_16_l\">\n<div class=\"mp4t_0 mryx_0 munh_56 m3h2_56\">\n<div class=\"mp7g_oh\"><button class=\"mg9e_0 mvrt_0 mj7a_0 mh36_0 mp4t_0 m3h2_0 mryx_0 munh_0 mqen_m6 mpof_z0 mx7m_0 m7er_k4 mse2_k4 msts_pt\" data-analytics-interaction=\"true\" data-analytics-interaction-label=\"zoomable-image-open\" aria-disabled=\"true\"><img decoding=\"async\" class=\"msub_k4 mupj_5k mjru_k4 mse2_k4 mp7g_f6 mq1m_0 mj7u_0 m7er_k4 mqen_m6 m31c_d8 m0ux_fp lazyloaded\" src=\"https:\/\/a.allegroimg.com\/original\/116315\/5cc8d863499e808e05a5a5641696\/KLOCKI-MAGNETYCZNE-KOSTKI-3D-2x2-Budowlane-Szesciany-Zestaw-145-el-Marka-Doris\" sizes=\"(min-width: 1200px) 560px, (min-width: 992px) 50vw, 100vw\" srcset=\"https:\/\/a.allegroimg.com\/s360\/116315\/5cc8d863499e808e05a5a5641696\/KLOCKI-MAGNETYCZNE-KOSTKI-3D-2x2-Budowlane-Szesciany-Zestaw-145-el-Marka-Doris 360w,https:\/\/a.allegroimg.com\/s720\/116315\/5cc8d863499e808e05a5a5641696\/KLOCKI-MAGNETYCZNE-KOSTKI-3D-2x2-Budowlane-Szesciany-Zestaw-145-el-Marka-Doris 671w,https:\/\/a.allegroimg.com\/original\/116315\/5cc8d863499e808e05a5a5641696\/KLOCKI-MAGNETYCZNE-KOSTKI-3D-2x2-Budowlane-Szesciany-Zestaw-145-el-Marka-Doris 671w\" alt=\"MAGNETINIAI KALAD\u0116LIAI 3D KUBAI 2x2 Konstrukcijos kubeli\u0173 rinkinys 145 detal\u0117s Doris brand\" width=\"671px\" data-srcset=\"\" \/><\/button><\/div>\n<\/div>\n<\/div>\n<\/div>\n<div class=\"mp4t_16_s mryx_16_s mr3m_1 mli2_1 mh85_56 mh85_0_l\">\n<div class=\"mg9e_8 mj7a_8 mg9e_0_s mvrt_0_s mj7a_0_s mh36_0_s mzmg_6m munh_16_l m3h2_16_l\">\n<div class=\"mp4t_0 mryx_0 munh_56 m3h2_56\">\n<div class=\"mp7g_oh\"><button class=\"mg9e_0 mvrt_0 mj7a_0 mh36_0 mp4t_0 m3h2_0 mryx_0 munh_0 mqen_m6 mpof_z0 mx7m_0 m7er_k4 mse2_k4 msts_pt\" data-analytics-interaction=\"true\" data-analytics-interaction-label=\"zoomable-image-open\" aria-disabled=\"true\"><img decoding=\"async\" class=\"msub_k4 mupj_5k mjru_k4 mse2_k4 mp7g_f6 mq1m_0 mj7u_0 m7er_k4 mqen_m6 m31c_d8 m0ux_fp lazyloaded\" src=\"https:\/\/a.allegroimg.com\/original\/112edd\/28d679414085a4684bd1d092b880\/KLOCKI-MAGNETYCZNE-KOSTKI-3D-2x2-Budowlane-Szesciany-Zestaw-145-el-EAN-GTIN-5904161365907\" sizes=\"(min-width: 1200px) 560px, (min-width: 992px) 50vw, 100vw\" srcset=\"https:\/\/a.allegroimg.com\/s360\/112edd\/28d679414085a4684bd1d092b880\/KLOCKI-MAGNETYCZNE-KOSTKI-3D-2x2-Budowlane-Szesciany-Zestaw-145-el-EAN-GTIN-5904161365907 359w,https:\/\/a.allegroimg.com\/s720\/112edd\/28d679414085a4684bd1d092b880\/KLOCKI-MAGNETYCZNE-KOSTKI-3D-2x2-Budowlane-Szesciany-Zestaw-145-el-EAN-GTIN-5904161365907 700w,https:\/\/a.allegroimg.com\/original\/112edd\/28d679414085a4684bd1d092b880\/KLOCKI-MAGNETYCZNE-KOSTKI-3D-2x2-Budowlane-Szesciany-Zestaw-145-el-EAN-GTIN-5904161365907 700w\" alt=\"MAGNETINIAI KALAD\u0116LIAI 3D KUBAI 2x2 konstrukcini\u0173 kubeli\u0173 rinkinys 145 vnt. EAN (GTIN) 5904161365907\" width=\"700px\" data-srcset=\"\" \/><\/button><\/div>\n<\/div>\n<\/div>\n<\/div>\n<\/div>\n<div class=\"mpof_ki myre_zn myre_8v_l m389_6m_l\">\n<div class=\"mp4t_16_s mryx_16_s mr3m_1 mli2_1 mh85_56 mh85_0_l\">\n<div class=\"mg9e_8 mj7a_8 mg9e_0_s mvrt_0_s mj7a_0_s mh36_0_s mzmg_6m munh_16_l m3h2_16_l\">\n<div class=\"mp4t_0 mryx_0 munh_56 m3h2_56\">\n<div class=\"mp7g_oh\"><button class=\"mg9e_0 mvrt_0 mj7a_0 mh36_0 mp4t_0 m3h2_0 mryx_0 munh_0 mqen_m6 mpof_z0 mx7m_0 m7er_k4 mse2_k4 msts_pt\" data-analytics-interaction=\"true\" data-analytics-interaction-label=\"zoomable-image-open\" aria-disabled=\"true\"><img decoding=\"async\" class=\"msub_k4 mupj_5k mjru_k4 mse2_k4 mp7g_f6 mq1m_0 mj7u_0 m7er_k4 mqen_m6 m31c_d8 m0ux_fp lazyloaded\" src=\"https:\/\/a.allegroimg.com\/original\/111986\/28285961406db71e5a6174722b61\/KLOCKI-MAGNETYCZNE-KOSTKI-3D-2x2-Budowlane-Szesciany-Zestaw-145-el-Kod-producenta-259783-Edukacyjne-Bloczki-Klocki-Minecraft\" sizes=\"100vw\" srcset=\"https:\/\/a.allegroimg.com\/s360\/111986\/28285961406db71e5a6174722b61\/KLOCKI-MAGNETYCZNE-KOSTKI-3D-2x2-Budowlane-Szesciany-Zestaw-145-el-Kod-producenta-259783-Edukacyjne-Bloczki-Klocki-Minecraft 359w,https:\/\/a.allegroimg.com\/s720\/111986\/28285961406db71e5a6174722b61\/KLOCKI-MAGNETYCZNE-KOSTKI-3D-2x2-Budowlane-Szesciany-Zestaw-145-el-Kod-producenta-259783-Edukacyjne-Bloczki-Klocki-Minecraft 700w,https:\/\/a.allegroimg.com\/original\/111986\/28285961406db71e5a6174722b61\/KLOCKI-MAGNETYCZNE-KOSTKI-3D-2x2-Budowlane-Szesciany-Zestaw-145-el-Kod-producenta-259783-Edukacyjne-Bloczki-Klocki-Minecraft 700w\" alt=\"MAGNETINIAI KALAD\u0116LIAI 3D KUBAI 2x2 Konstrukcijos kubeli\u0173 rinkinys 145 detal\u0117s Gamintojo kodas 259783 Edukaciniai kalad\u0117l\u0117s Minecraft kalad\u0117l\u0117s\" width=\"700px\" data-srcset=\"\" \/><\/button><\/div>\n<\/div>\n<\/div>\n<\/div>\n<\/div>","protected":false},"excerpt":{"rendered":"<p>Sukurkite savo pasaul\u012f su 145 detali\u0173 magnetiniais kalad\u0117l\u0117mis! \u2747\ufe0f\u00a0Suteikite savo vaikui galimyb\u0119 lavinti vaizduot\u0119 su magnetiniu konstravimo rinkiniu,\u00a0kuris si\u016blo\u00a0begales konstravimo<\/p>","protected":false},"featured_media":81584,"template":"","meta":{"_acf_changed":false,"_glsr_average":0,"_glsr_ranking":0,"_glsr_reviews":0},"product_brand":[],"product_cat":[446,229],"product_tag":[],"class_list":{"0":"post-81583","1":"product","2":"type-product","3":"status-publish","4":"has-post-thumbnail","6":"product_cat-konstruktoriai","7":"product_cat-zaislai-vaikams","8":"\"style=\"background-color: #2ecc711c;\"","10":"first","11":"instock","12":"shipping-taxable","13":"purchasable","14":"product-type-simple"},"acf":[],"yoast_head":"<!-- This site is optimized with the Yoast SEO plugin v27.3 - https:\/\/yoast.com\/product\/yoast-seo-wordpress\/ -->\n<title>Minecraft \u017eiemos magnetiniai konstruktoriai 145vnt - KidsPlay<\/title>\n<meta name=\"description\" content=\"Minecraft \u017eiemos magnetiniai konstruktoriai 145vnt - KidsPlay. Did\u017eiausias vaik\u0173 \u017eaisl\u0173 pasirinkimas.\" \/>\n<meta name=\"robots\" content=\"index, follow, max-snippet:-1, max-image-preview:large, max-video-preview:-1\" \/>\n<link rel=\"canonical\" href=\"https:\/\/kidsplay.lt\/lv\/products\/minecraft-ziemos-magnetiniai-konstruktoriai-145vnt\/\" \/>\n<meta property=\"og:locale\" content=\"lv_LV\" \/>\n<meta property=\"og:type\" content=\"article\" \/>\n<meta property=\"og:title\" content=\"Minecraft \u017eiemos magnetiniai konstruktoriai 145vnt - KidsPlay\" \/>\n<meta property=\"og:description\" content=\"Minecraft \u017eiemos magnetiniai konstruktoriai 145vnt - KidsPlay. Did\u017eiausias vaik\u0173 \u017eaisl\u0173 pasirinkimas.\" \/>\n<meta property=\"og:url\" content=\"https:\/\/kidsplay.lt\/lv\/products\/minecraft-ziemos-magnetiniai-konstruktoriai-145vnt\/\" \/>\n<meta property=\"og:site_name\" content=\"KidsPlay\" \/>\n<meta property=\"article:publisher\" content=\"https:\/\/www.facebook.com\/www.kidsplay.lt\" \/>\n<meta property=\"og:image\" content=\"https:\/\/kidsplay.lt\/wp-content\/uploads\/2025\/12\/Screenshot_1244.png\" \/>\n\t<meta property=\"og:image:width\" content=\"541\" \/>\n\t<meta property=\"og:image:height\" content=\"518\" \/>\n\t<meta property=\"og:image:type\" content=\"image\/png\" \/>\n<meta name=\"twitter:card\" content=\"summary_large_image\" \/>\n<meta name=\"twitter:label1\" content=\"Est. reading time\" \/>\n\t<meta name=\"twitter:data1\" content=\"2 min\u016btes\" \/>\n<script type=\"application\/ld+json\" class=\"yoast-schema-graph\">{\"@context\":\"https:\\\/\\\/schema.org\",\"@graph\":[{\"@type\":\"WebPage\",\"@id\":\"https:\\\/\\\/kidsplay.lt\\\/produktas\\\/minecraft-ziemos-magnetiniai-konstruktoriai-145vnt\\\/\",\"url\":\"https:\\\/\\\/kidsplay.lt\\\/produktas\\\/minecraft-ziemos-magnetiniai-konstruktoriai-145vnt\\\/\",\"name\":\"Minecraft \u017eiemos magnetiniai konstruktoriai 145vnt - KidsPlay\",\"isPartOf\":{\"@id\":\"https:\\\/\\\/kidsplay.lt\\\/#website\"},\"primaryImageOfPage\":{\"@id\":\"https:\\\/\\\/kidsplay.lt\\\/produktas\\\/minecraft-ziemos-magnetiniai-konstruktoriai-145vnt\\\/#primaryimage\"},\"image\":{\"@id\":\"https:\\\/\\\/kidsplay.lt\\\/produktas\\\/minecraft-ziemos-magnetiniai-konstruktoriai-145vnt\\\/#primaryimage\"},\"thumbnailUrl\":\"https:\\\/\\\/kidsplay.lt\\\/wp-content\\\/uploads\\\/2025\\\/12\\\/Screenshot_1244.png\",\"datePublished\":\"2025-12-03T13:29:58+00:00\",\"description\":\"Minecraft \u017eiemos magnetiniai konstruktoriai 145vnt - KidsPlay. Did\u017eiausias vaik\u0173 \u017eaisl\u0173 pasirinkimas.\",\"breadcrumb\":{\"@id\":\"https:\\\/\\\/kidsplay.lt\\\/produktas\\\/minecraft-ziemos-magnetiniai-konstruktoriai-145vnt\\\/#breadcrumb\"},\"inLanguage\":\"lv-LV\",\"potentialAction\":[{\"@type\":\"ReadAction\",\"target\":[\"https:\\\/\\\/kidsplay.lt\\\/produktas\\\/minecraft-ziemos-magnetiniai-konstruktoriai-145vnt\\\/\"]}]},{\"@type\":\"ImageObject\",\"inLanguage\":\"lv-LV\",\"@id\":\"https:\\\/\\\/kidsplay.lt\\\/produktas\\\/minecraft-ziemos-magnetiniai-konstruktoriai-145vnt\\\/#primaryimage\",\"url\":\"https:\\\/\\\/kidsplay.lt\\\/wp-content\\\/uploads\\\/2025\\\/12\\\/Screenshot_1244.png\",\"contentUrl\":\"https:\\\/\\\/kidsplay.lt\\\/wp-content\\\/uploads\\\/2025\\\/12\\\/Screenshot_1244.png\",\"width\":541,\"height\":518},{\"@type\":\"BreadcrumbList\",\"@id\":\"https:\\\/\\\/kidsplay.lt\\\/produktas\\\/minecraft-ziemos-magnetiniai-konstruktoriai-145vnt\\\/#breadcrumb\",\"itemListElement\":[{\"@type\":\"ListItem\",\"position\":1,\"name\":\"Pagrindinis\",\"item\":\"https:\\\/\\\/kidsplay.lt\\\/\"},{\"@type\":\"ListItem\",\"position\":2,\"name\":\"Parduotuv\u0117\",\"item\":\"https:\\\/\\\/kidsplay.lt\\\/parduotuve\\\/\"},{\"@type\":\"ListItem\",\"position\":3,\"name\":\"Minecraft \u017eiemos magnetiniai konstruktoriai 145vnt\"}]},{\"@type\":\"WebSite\",\"@id\":\"https:\\\/\\\/kidsplay.lt\\\/#website\",\"url\":\"https:\\\/\\\/kidsplay.lt\\\/\",\"name\":\"Kidsplay.lt\",\"description\":\"\u012evairios prek\u0117s vaikams\",\"publisher\":{\"@id\":\"https:\\\/\\\/kidsplay.lt\\\/#organization\"},\"alternateName\":\"Kidsplay\",\"potentialAction\":[{\"@type\":\"SearchAction\",\"target\":{\"@type\":\"EntryPoint\",\"urlTemplate\":\"https:\\\/\\\/kidsplay.lt\\\/?s={search_term_string}\"},\"query-input\":{\"@type\":\"PropertyValueSpecification\",\"valueRequired\":true,\"valueName\":\"search_term_string\"}}],\"inLanguage\":\"lv-LV\"},{\"@type\":\"Organization\",\"@id\":\"https:\\\/\\\/kidsplay.lt\\\/#organization\",\"name\":\"KidsPlay\",\"url\":\"https:\\\/\\\/kidsplay.lt\\\/\",\"logo\":{\"@type\":\"ImageObject\",\"inLanguage\":\"lv-LV\",\"@id\":\"https:\\\/\\\/kidsplay.lt\\\/#\\\/schema\\\/logo\\\/image\\\/\",\"url\":\"https:\\\/\\\/kidsplay.lt\\\/wp-content\\\/uploads\\\/2023\\\/07\\\/kidsplay-logo.png\",\"contentUrl\":\"https:\\\/\\\/kidsplay.lt\\\/wp-content\\\/uploads\\\/2023\\\/07\\\/kidsplay-logo.png\",\"width\":451,\"height\":98,\"caption\":\"KidsPlay\"},\"image\":{\"@id\":\"https:\\\/\\\/kidsplay.lt\\\/#\\\/schema\\\/logo\\\/image\\\/\"},\"sameAs\":[\"https:\\\/\\\/www.facebook.com\\\/www.kidsplay.lt\"]}]}<\/script>\n<!-- \/ Yoast SEO plugin. -->","yoast_head_json":{"title":"Minecraft \u017eiemos magnetiniai konstruktoriai 145vnt - KidsPlay","description":"Minecraft \u017eiemos magnetiniai konstruktoriai 145vnt - KidsPlay. Did\u017eiausias vaik\u0173 \u017eaisl\u0173 pasirinkimas.","robots":{"index":"index","follow":"follow","max-snippet":"max-snippet:-1","max-image-preview":"max-image-preview:large","max-video-preview":"max-video-preview:-1"},"canonical":"https:\/\/kidsplay.lt\/lv\/products\/minecraft-ziemos-magnetiniai-konstruktoriai-145vnt\/","og_locale":"lv_LV","og_type":"article","og_title":"Minecraft \u017eiemos magnetiniai konstruktoriai 145vnt - KidsPlay","og_description":"Minecraft \u017eiemos magnetiniai konstruktoriai 145vnt - KidsPlay. Did\u017eiausias vaik\u0173 \u017eaisl\u0173 pasirinkimas.","og_url":"https:\/\/kidsplay.lt\/lv\/products\/minecraft-ziemos-magnetiniai-konstruktoriai-145vnt\/","og_site_name":"KidsPlay","article_publisher":"https:\/\/www.facebook.com\/www.kidsplay.lt","og_image":[{"width":541,"height":518,"url":"https:\/\/kidsplay.lt\/wp-content\/uploads\/2025\/12\/Screenshot_1244.png","type":"image\/png"}],"twitter_card":"summary_large_image","twitter_misc":{"Est. reading time":"2 min\u016btes"},"schema":{"@context":"https:\/\/schema.org","@graph":[{"@type":"WebPage","@id":"https:\/\/kidsplay.lt\/produktas\/minecraft-ziemos-magnetiniai-konstruktoriai-145vnt\/","url":"https:\/\/kidsplay.lt\/produktas\/minecraft-ziemos-magnetiniai-konstruktoriai-145vnt\/","name":"Minecraft \u017eiemos magnetiniai konstruktoriai 145vnt - KidsPlay","isPartOf":{"@id":"https:\/\/kidsplay.lt\/#website"},"primaryImageOfPage":{"@id":"https:\/\/kidsplay.lt\/produktas\/minecraft-ziemos-magnetiniai-konstruktoriai-145vnt\/#primaryimage"},"image":{"@id":"https:\/\/kidsplay.lt\/produktas\/minecraft-ziemos-magnetiniai-konstruktoriai-145vnt\/#primaryimage"},"thumbnailUrl":"https:\/\/kidsplay.lt\/wp-content\/uploads\/2025\/12\/Screenshot_1244.png","datePublished":"2025-12-03T13:29:58+00:00","description":"Minecraft \u017eiemos magnetiniai konstruktoriai 145vnt - KidsPlay. Did\u017eiausias vaik\u0173 \u017eaisl\u0173 pasirinkimas.","breadcrumb":{"@id":"https:\/\/kidsplay.lt\/produktas\/minecraft-ziemos-magnetiniai-konstruktoriai-145vnt\/#breadcrumb"},"inLanguage":"lv-LV","potentialAction":[{"@type":"ReadAction","target":["https:\/\/kidsplay.lt\/produktas\/minecraft-ziemos-magnetiniai-konstruktoriai-145vnt\/"]}]},{"@type":"ImageObject","inLanguage":"lv-LV","@id":"https:\/\/kidsplay.lt\/produktas\/minecraft-ziemos-magnetiniai-konstruktoriai-145vnt\/#primaryimage","url":"https:\/\/kidsplay.lt\/wp-content\/uploads\/2025\/12\/Screenshot_1244.png","contentUrl":"https:\/\/kidsplay.lt\/wp-content\/uploads\/2025\/12\/Screenshot_1244.png","width":541,"height":518},{"@type":"BreadcrumbList","@id":"https:\/\/kidsplay.lt\/produktas\/minecraft-ziemos-magnetiniai-konstruktoriai-145vnt\/#breadcrumb","itemListElement":[{"@type":"ListItem","position":1,"name":"Pagrindinis","item":"https:\/\/kidsplay.lt\/"},{"@type":"ListItem","position":2,"name":"Parduotuv\u0117","item":"https:\/\/kidsplay.lt\/parduotuve\/"},{"@type":"ListItem","position":3,"name":"Minecraft \u017eiemos magnetiniai konstruktoriai 145vnt"}]},{"@type":"WebSite","@id":"https:\/\/kidsplay.lt\/#website","url":"https:\/\/kidsplay.lt\/","name":"B\u0113rnu sp\u0113les.lv","description":"\u012evairios prek\u0117s vaikams","publisher":{"@id":"https:\/\/kidsplay.lt\/#organization"},"alternateName":"Kidsplay","potentialAction":[{"@type":"SearchAction","target":{"@type":"EntryPoint","urlTemplate":"https:\/\/kidsplay.lt\/?s={search_term_string}"},"query-input":{"@type":"PropertyValueSpecification","valueRequired":true,"valueName":"search_term_string"}}],"inLanguage":"lv-LV"},{"@type":"Organization","@id":"https:\/\/kidsplay.lt\/#organization","name":"B\u0113rnu sp\u0113le","url":"https:\/\/kidsplay.lt\/","logo":{"@type":"ImageObject","inLanguage":"lv-LV","@id":"https:\/\/kidsplay.lt\/#\/schema\/logo\/image\/","url":"https:\/\/kidsplay.lt\/wp-content\/uploads\/2023\/07\/kidsplay-logo.png","contentUrl":"https:\/\/kidsplay.lt\/wp-content\/uploads\/2023\/07\/kidsplay-logo.png","width":451,"height":98,"caption":"KidsPlay"},"image":{"@id":"https:\/\/kidsplay.lt\/#\/schema\/logo\/image\/"},"sameAs":["https:\/\/www.facebook.com\/www.kidsplay.lt"]}]}},"_links":{"self":[{"href":"https:\/\/kidsplay.lt\/lv\/wp-json\/wp\/v2\/product\/81583","targetHints":{"allow":["GET"]}}],"collection":[{"href":"https:\/\/kidsplay.lt\/lv\/wp-json\/wp\/v2\/product"}],"about":[{"href":"https:\/\/kidsplay.lt\/lv\/wp-json\/wp\/v2\/types\/product"}],"version-history":[{"count":1,"href":"https:\/\/kidsplay.lt\/lv\/wp-json\/wp\/v2\/product\/81583\/revisions"}],"predecessor-version":[{"id":81587,"href":"https:\/\/kidsplay.lt\/lv\/wp-json\/wp\/v2\/product\/81583\/revisions\/81587"}],"wp:featuredmedia":[{"embeddable":true,"href":"https:\/\/kidsplay.lt\/lv\/wp-json\/wp\/v2\/media\/81584"}],"wp:attachment":[{"href":"https:\/\/kidsplay.lt\/lv\/wp-json\/wp\/v2\/media?parent=81583"}],"wp:term":[{"taxonomy":"product_brand","embeddable":true,"href":"https:\/\/kidsplay.lt\/lv\/wp-json\/wp\/v2\/product_brand?post=81583"},{"taxonomy":"product_cat","embeddable":true,"href":"https:\/\/kidsplay.lt\/lv\/wp-json\/wp\/v2\/product_cat?post=81583"},{"taxonomy":"product_tag","embeddable":true,"href":"https:\/\/kidsplay.lt\/lv\/wp-json\/wp\/v2\/product_tag?post=81583"}],"curies":[{"name":"wp","href":"https:\/\/api.w.org\/{rel}","templated":true}]}}