{"id":81608,"date":"2025-12-03T21:21:44","date_gmt":"2025-12-03T19:21:44","guid":{"rendered":"https:\/\/kidsplay.lt\/?post_type=product&#038;p=81608"},"modified":"2025-12-30T10:23:38","modified_gmt":"2025-12-30T08:23:38","slug":"roblox-brookhaven-figureliu-rinkinys","status":"publish","type":"product","link":"https:\/\/kidsplay.lt\/lv\/products\/roblox-brookhaven-figureliu-rinkinys\/","title":{"rendered":"\u201eRoblox Brookhaven\u201c fig\u016br\u0117li\u0173 rinkinys"},"content":{"rendered":"<div class=\"mpof_ki myre_zn myre_8v_l m389_6m_l\">\n<div class=\"mp4t_16_s mryx_16_s mr3m_1 mli2_1 mh85_56 mh85_0_l\">\n<div class=\"mgn2_16 _0d3bd_am0a-\">\n<h1><span dir=\"auto\">\u201eRoblox Brookhaven\u201c fig\u016br\u0117li\u0173 rinkinys (6 fig\u016br\u0117l\u0117s + originalus internetinis kodas)<\/span><\/h1>\n<\/div>\n<\/div>\n<\/div>\n<div class=\"mpof_ki myre_zn myre_8v_l m389_6m_l\">\n<div class=\"mp4t_16_s mryx_16_s mr3m_1 mli2_1 mh85_56 mh85_0_l\">\n<div class=\"mg9e_8 mj7a_8 mg9e_0_s mvrt_0_s mj7a_0_s mh36_0_s mzmg_6m munh_16_l m3h2_16_l\">\n<div class=\"mp4t_0 mryx_0 munh_56 m3h2_56\">\n<div class=\"mp7g_oh\"><button class=\"mg9e_0 mvrt_0 mj7a_0 mh36_0 mp4t_0 m3h2_0 mryx_0 munh_0 mqen_m6 mpof_z0 mx7m_0 m7er_k4 mse2_k4 msts_pt\" data-analytics-interaction=\"true\" data-analytics-interaction-label=\"zoomable-image-open\" aria-disabled=\"true\"><img decoding=\"async\" class=\"msub_k4 mupj_5k mjru_k4 mse2_k4 mp7g_f6 mq1m_0 mj7u_0 m7er_k4 mqen_m6 m31c_d8 m0ux_fp lazyloaded\" src=\"https:\/\/a.allegroimg.com\/original\/116377\/1f05058a4bc7973cec8487266b8b\/Roblox-Figurki-Brookhaven-Zestaw-6-Figurek-Kod-Online-Oryginalne\" sizes=\"(min-width: 1200px) 560px, (min-width: 992px) 50vw, 100vw\" srcset=\"https:\/\/a.allegroimg.com\/s360\/116377\/1f05058a4bc7973cec8487266b8b\/Roblox-Figurki-Brookhaven-Zestaw-6-Figurek-Kod-Online-Oryginalne 360w,https:\/\/a.allegroimg.com\/s720\/116377\/1f05058a4bc7973cec8487266b8b\/Roblox-Figurki-Brookhaven-Zestaw-6-Figurek-Kod-Online-Oryginalne 720w,https:\/\/a.allegroimg.com\/s1024\/116377\/1f05058a4bc7973cec8487266b8b\/Roblox-Figurki-Brookhaven-Zestaw-6-Figurek-Kod-Online-Oryginalne 1000w,https:\/\/a.allegroimg.com\/original\/116377\/1f05058a4bc7973cec8487266b8b\/Roblox-Figurki-Brookhaven-Zestaw-6-Figurek-Kod-Online-Oryginalne 1000w\" alt=\"\u201eRoblox Brookhaven\u201c fig\u016br\u0117li\u0173 rinkinys (6 fig\u016br\u0117l\u0117s + originalus internetinis kodas)\" width=\"1000px\" data-srcset=\"\" \/><\/button><\/div>\n<\/div>\n<\/div>\n<\/div>\n<div class=\"mp4t_16_s mryx_16_s mr3m_1 mli2_1 mh85_56 mh85_0_l\">\n<div class=\"mgn2_16 _0d3bd_am0a-\">\n<h1><span dir=\"auto\">Roblox Brookhaven fig\u016br\u0117l\u0117s<\/span><\/h1>\n<h1><span dir=\"auto\">Fig\u016br\u0117li\u0173 rinkinys + internetinis kodas<\/span><\/h1>\n<p><b><span dir=\"auto\">\u201eBrookhaven\u201c fig\u016br\u0117li\u0173 rinkinys<\/span><\/b><span dir=\"auto\">\u00a0yra sukurtas pagal \u201eRoblox\u201c \u017eaidim\u0105. Rinkin\u012f sudaro 6 fig\u016br\u0117l\u0117s ir 6 fig\u016br\u0117li\u0173 priedai. Produkto pakuot\u0117je taip pat yra\u00a0<\/span><b><span dir=\"auto\">unikalus kodas, skirtas \u017eaisti internetin\u012f \u017eaidim\u0105<\/span><\/b><span dir=\"auto\">\u00a0. Puiki dovana \u201eRoblox\u201c gerb\u0117jams!<\/span><\/p>\n<p><b><span dir=\"auto\">\u2705 D\u0117\u017eut\u0117je yra i\u0161skirtinis kodas virtualiam \u017eaidimo elementui.<\/span><\/b><\/p>\n<p><b><span dir=\"auto\">\u2705 Fig\u016br\u0117li\u0173 auk\u0161tis:<\/span><\/b><span dir=\"auto\">\u00a0apie 7\u20138 cm.<\/span><\/p>\n<p><span dir=\"auto\">\u2705\u00a0<\/span><b><span dir=\"auto\">Serija:<\/span><\/b><span dir=\"auto\">\u00a0Labiausiai ie\u0161koma Brukheiveno<\/span><\/p>\n<h2><span dir=\"auto\">Originalios licencijuotos fig\u016br\u0117l\u0117s!<\/span><\/h2>\n<p><b><span dir=\"auto\">Produkto savyb\u0117s:<\/span><\/b><\/p>\n<ul>\n<li><span dir=\"auto\">skirtas vaikams nuo 6 met\u0173 am\u017eiaus<\/span><\/li>\n<li><b><span dir=\"auto\">originalus licencijuotas produktas<\/span><\/b><\/li>\n<li><span dir=\"auto\">ir CE sertifik\u0101ts<\/span><\/li>\n<li><span dir=\"auto\">prek\u0117s \u017eenklas: Jazwares<\/span><\/li>\n<li><span dir=\"auto\">Pakuot\u0117s matmenys: 25 x 22 x 6 cm<\/span><\/li>\n<\/ul>\n<\/div>\n<\/div>\n<\/div>\n<div class=\"mpof_ki myre_zn myre_8v_l m389_6m_l\">\n<div class=\"mp4t_16_s mryx_16_s mr3m_1 mli2_1 mh85_56 mh85_0_l\">\n<div class=\"mg9e_8 mj7a_8 mg9e_0_s mvrt_0_s mj7a_0_s mh36_0_s mzmg_6m munh_16_l m3h2_16_l\">\n<div class=\"mp4t_0 mryx_0 munh_56 m3h2_56\">\n<div class=\"mp7g_oh\"><button class=\"mg9e_0 mvrt_0 mj7a_0 mh36_0 mp4t_0 m3h2_0 mryx_0 munh_0 mqen_m6 mpof_z0 mx7m_0 m7er_k4 mse2_k4 msts_pt\" data-analytics-interaction=\"true\" data-analytics-interaction-label=\"zoomable-image-open\" aria-disabled=\"true\"><img decoding=\"async\" class=\"msub_k4 mupj_5k mjru_k4 mse2_k4 mp7g_f6 mq1m_0 mj7u_0 m7er_k4 mqen_m6 m31c_d8 m0ux_fp lazyloaded\" src=\"https:\/\/a.allegroimg.com\/original\/11053e\/de8a6a25449b9d3883889be93ceb\/Roblox-Figurki-Brookhaven-Zestaw-6-Figurek-Kod-Online-Oryginalne-Stan-opakowania-oryginalne\" sizes=\"(min-width: 1200px) 560px, (min-width: 992px) 50vw, 100vw\" srcset=\"https:\/\/a.allegroimg.com\/s360\/11053e\/de8a6a25449b9d3883889be93ceb\/Roblox-Figurki-Brookhaven-Zestaw-6-Figurek-Kod-Online-Oryginalne-Stan-opakowania-oryginalne 360w,https:\/\/a.allegroimg.com\/s720\/11053e\/de8a6a25449b9d3883889be93ceb\/Roblox-Figurki-Brookhaven-Zestaw-6-Figurek-Kod-Online-Oryginalne-Stan-opakowania-oryginalne 720w,https:\/\/a.allegroimg.com\/s1024\/11053e\/de8a6a25449b9d3883889be93ceb\/Roblox-Figurki-Brookhaven-Zestaw-6-Figurek-Kod-Online-Oryginalne-Stan-opakowania-oryginalne 1000w,https:\/\/a.allegroimg.com\/original\/11053e\/de8a6a25449b9d3883889be93ceb\/Roblox-Figurki-Brookhaven-Zestaw-6-Figurek-Kod-Online-Oryginalne-Stan-opakowania-oryginalne 1000w\" alt=\"\u201eRoblox Brookhaven\u201c fig\u016br\u0117li\u0173 rinkinys (6 fig\u016br\u0117l\u0117s + internetinis kodas), originalios pakuot\u0117s b\u016bkl\u0117\" width=\"1000px\" data-srcset=\"\" \/><\/button><\/div>\n<\/div>\n<\/div>\n<\/div>\n<div class=\"mp4t_16_s mryx_16_s mr3m_1 mli2_1 mh85_56 mh85_0_l\">\n<div class=\"mg9e_8 mj7a_8 mg9e_0_s mvrt_0_s mj7a_0_s mh36_0_s mzmg_6m munh_16_l m3h2_16_l\">\n<div class=\"mp4t_0 mryx_0 munh_56 m3h2_56\">\n<div class=\"mp7g_oh\"><button class=\"mg9e_0 mvrt_0 mj7a_0 mh36_0 mp4t_0 m3h2_0 mryx_0 munh_0 mqen_m6 mpof_z0 mx7m_0 m7er_k4 mse2_k4 msts_pt\" data-analytics-interaction=\"true\" data-analytics-interaction-label=\"zoomable-image-open\" aria-disabled=\"true\"><img decoding=\"async\" class=\"msub_k4 mupj_5k mjru_k4 mse2_k4 mp7g_f6 mq1m_0 mj7u_0 m7er_k4 mqen_m6 m31c_d8 m0ux_fp lazyloaded\" src=\"https:\/\/a.allegroimg.com\/original\/11c764\/b19a6c9141f293e6119933570578\/Roblox-Figurki-Brookhaven-Zestaw-6-Figurek-Kod-Online-Oryginalne-Bohater-Bajka-Inny\" sizes=\"(min-width: 1200px) 560px, (min-width: 992px) 50vw, 100vw\" srcset=\"https:\/\/a.allegroimg.com\/s360\/11c764\/b19a6c9141f293e6119933570578\/Roblox-Figurki-Brookhaven-Zestaw-6-Figurek-Kod-Online-Oryginalne-Bohater-Bajka-Inny 360w,https:\/\/a.allegroimg.com\/s720\/11c764\/b19a6c9141f293e6119933570578\/Roblox-Figurki-Brookhaven-Zestaw-6-Figurek-Kod-Online-Oryginalne-Bohater-Bajka-Inny 720w,https:\/\/a.allegroimg.com\/s1024\/11c764\/b19a6c9141f293e6119933570578\/Roblox-Figurki-Brookhaven-Zestaw-6-Figurek-Kod-Online-Oryginalne-Bohater-Bajka-Inny 1000w,https:\/\/a.allegroimg.com\/original\/11c764\/b19a6c9141f293e6119933570578\/Roblox-Figurki-Brookhaven-Zestaw-6-Figurek-Kod-Online-Oryginalne-Bohater-Bajka-Inny 1000w\" alt=\"\u201eRoblox Brookhaven\u201c fig\u016br\u0117li\u0173 rinkinys (6 fig\u016br\u0117l\u0117s + internetinis kodas) Originalus herojus \/ pasaka Kita\" width=\"1000px\" data-srcset=\"\" \/><\/button><\/div>\n<\/div>\n<\/div>\n<\/div>\n<\/div>","protected":false},"excerpt":{"rendered":"<p>\u201eRoblox Brookhaven\u201c fig\u016br\u0117li\u0173 rinkinys (6 fig\u016br\u0117l\u0117s + originalus internetinis kodas) Roblox Brookhaven fig\u016br\u0117l\u0117s Fig\u016br\u0117li\u0173 rinkinys + internetinis kodas \u201eBrookhaven\u201c fig\u016br\u0117li\u0173<\/p>","protected":false},"featured_media":81609,"template":"","meta":{"_acf_changed":false,"_glsr_average":0,"_glsr_ranking":0,"_glsr_reviews":0},"product_brand":[],"product_cat":[436,229],"product_tag":[],"class_list":{"0":"post-81608","1":"product","2":"type-product","3":"status-publish","4":"has-post-thumbnail","6":"product_cat-kolekcionuojamos-figureles","7":"product_cat-zaislai-vaikams","8":"\"style=\"background-color: #2ecc711c;\"","10":"first","11":"instock","12":"shipping-taxable","13":"purchasable","14":"product-type-simple"},"acf":[],"yoast_head":"<!-- This site is optimized with the Yoast SEO plugin v27.3 - https:\/\/yoast.com\/product\/yoast-seo-wordpress\/ -->\n<title>\u201eRoblox Brookhaven\u201c fig\u016br\u0117li\u0173 rinkinys - KidsPlay<\/title>\n<meta name=\"description\" content=\"\u201eRoblox Brookhaven\u201c fig\u016br\u0117li\u0173 rinkinys - KidsPlay. Did\u017eiausias vaik\u0173 \u017eaisl\u0173 pasirinkimas.\" \/>\n<meta name=\"robots\" content=\"index, follow, max-snippet:-1, max-image-preview:large, max-video-preview:-1\" \/>\n<link rel=\"canonical\" href=\"https:\/\/kidsplay.lt\/lv\/products\/roblox-brookhaven-figureliu-rinkinys\/\" \/>\n<meta property=\"og:locale\" content=\"lv_LV\" \/>\n<meta property=\"og:type\" content=\"article\" \/>\n<meta property=\"og:title\" content=\"\u201eRoblox Brookhaven\u201c fig\u016br\u0117li\u0173 rinkinys - KidsPlay\" \/>\n<meta property=\"og:description\" content=\"\u201eRoblox Brookhaven\u201c fig\u016br\u0117li\u0173 rinkinys - KidsPlay. Did\u017eiausias vaik\u0173 \u017eaisl\u0173 pasirinkimas.\" \/>\n<meta property=\"og:url\" content=\"https:\/\/kidsplay.lt\/lv\/products\/roblox-brookhaven-figureliu-rinkinys\/\" \/>\n<meta property=\"og:site_name\" content=\"KidsPlay\" \/>\n<meta property=\"article:publisher\" content=\"https:\/\/www.facebook.com\/www.kidsplay.lt\" \/>\n<meta property=\"article:modified_time\" content=\"2025-12-30T08:23:38+00:00\" \/>\n<meta property=\"og:image\" content=\"https:\/\/kidsplay.lt\/wp-content\/uploads\/2025\/12\/Screenshot_1253.png\" \/>\n\t<meta property=\"og:image:width\" content=\"627\" \/>\n\t<meta property=\"og:image:height\" content=\"571\" \/>\n\t<meta property=\"og:image:type\" content=\"image\/png\" \/>\n<meta name=\"twitter:card\" content=\"summary_large_image\" \/>\n<meta name=\"twitter:label1\" content=\"Est. reading time\" \/>\n\t<meta name=\"twitter:data1\" content=\"2 min\u016btes\" \/>\n<script type=\"application\/ld+json\" class=\"yoast-schema-graph\">{\"@context\":\"https:\\\/\\\/schema.org\",\"@graph\":[{\"@type\":\"WebPage\",\"@id\":\"https:\\\/\\\/kidsplay.lt\\\/produktas\\\/roblox-brookhaven-figureliu-rinkinys\\\/\",\"url\":\"https:\\\/\\\/kidsplay.lt\\\/produktas\\\/roblox-brookhaven-figureliu-rinkinys\\\/\",\"name\":\"\u201eRoblox Brookhaven\u201c fig\u016br\u0117li\u0173 rinkinys - KidsPlay\",\"isPartOf\":{\"@id\":\"https:\\\/\\\/kidsplay.lt\\\/#website\"},\"primaryImageOfPage\":{\"@id\":\"https:\\\/\\\/kidsplay.lt\\\/produktas\\\/roblox-brookhaven-figureliu-rinkinys\\\/#primaryimage\"},\"image\":{\"@id\":\"https:\\\/\\\/kidsplay.lt\\\/produktas\\\/roblox-brookhaven-figureliu-rinkinys\\\/#primaryimage\"},\"thumbnailUrl\":\"https:\\\/\\\/kidsplay.lt\\\/wp-content\\\/uploads\\\/2025\\\/12\\\/Screenshot_1253.png\",\"datePublished\":\"2025-12-03T19:21:44+00:00\",\"dateModified\":\"2025-12-30T08:23:38+00:00\",\"description\":\"\u201eRoblox Brookhaven\u201c fig\u016br\u0117li\u0173 rinkinys - KidsPlay. Did\u017eiausias vaik\u0173 \u017eaisl\u0173 pasirinkimas.\",\"breadcrumb\":{\"@id\":\"https:\\\/\\\/kidsplay.lt\\\/produktas\\\/roblox-brookhaven-figureliu-rinkinys\\\/#breadcrumb\"},\"inLanguage\":\"lv-LV\",\"potentialAction\":[{\"@type\":\"ReadAction\",\"target\":[\"https:\\\/\\\/kidsplay.lt\\\/produktas\\\/roblox-brookhaven-figureliu-rinkinys\\\/\"]}]},{\"@type\":\"ImageObject\",\"inLanguage\":\"lv-LV\",\"@id\":\"https:\\\/\\\/kidsplay.lt\\\/produktas\\\/roblox-brookhaven-figureliu-rinkinys\\\/#primaryimage\",\"url\":\"https:\\\/\\\/kidsplay.lt\\\/wp-content\\\/uploads\\\/2025\\\/12\\\/Screenshot_1253.png\",\"contentUrl\":\"https:\\\/\\\/kidsplay.lt\\\/wp-content\\\/uploads\\\/2025\\\/12\\\/Screenshot_1253.png\",\"width\":627,\"height\":571},{\"@type\":\"BreadcrumbList\",\"@id\":\"https:\\\/\\\/kidsplay.lt\\\/produktas\\\/roblox-brookhaven-figureliu-rinkinys\\\/#breadcrumb\",\"itemListElement\":[{\"@type\":\"ListItem\",\"position\":1,\"name\":\"Pagrindinis\",\"item\":\"https:\\\/\\\/kidsplay.lt\\\/\"},{\"@type\":\"ListItem\",\"position\":2,\"name\":\"Parduotuv\u0117\",\"item\":\"https:\\\/\\\/kidsplay.lt\\\/parduotuve\\\/\"},{\"@type\":\"ListItem\",\"position\":3,\"name\":\"\u201eRoblox Brookhaven\u201c fig\u016br\u0117li\u0173 rinkinys\"}]},{\"@type\":\"WebSite\",\"@id\":\"https:\\\/\\\/kidsplay.lt\\\/#website\",\"url\":\"https:\\\/\\\/kidsplay.lt\\\/\",\"name\":\"Kidsplay.lt\",\"description\":\"\u012evairios prek\u0117s vaikams\",\"publisher\":{\"@id\":\"https:\\\/\\\/kidsplay.lt\\\/#organization\"},\"alternateName\":\"Kidsplay\",\"potentialAction\":[{\"@type\":\"SearchAction\",\"target\":{\"@type\":\"EntryPoint\",\"urlTemplate\":\"https:\\\/\\\/kidsplay.lt\\\/?s={search_term_string}\"},\"query-input\":{\"@type\":\"PropertyValueSpecification\",\"valueRequired\":true,\"valueName\":\"search_term_string\"}}],\"inLanguage\":\"lv-LV\"},{\"@type\":\"Organization\",\"@id\":\"https:\\\/\\\/kidsplay.lt\\\/#organization\",\"name\":\"KidsPlay\",\"url\":\"https:\\\/\\\/kidsplay.lt\\\/\",\"logo\":{\"@type\":\"ImageObject\",\"inLanguage\":\"lv-LV\",\"@id\":\"https:\\\/\\\/kidsplay.lt\\\/#\\\/schema\\\/logo\\\/image\\\/\",\"url\":\"https:\\\/\\\/kidsplay.lt\\\/wp-content\\\/uploads\\\/2023\\\/07\\\/kidsplay-logo.png\",\"contentUrl\":\"https:\\\/\\\/kidsplay.lt\\\/wp-content\\\/uploads\\\/2023\\\/07\\\/kidsplay-logo.png\",\"width\":451,\"height\":98,\"caption\":\"KidsPlay\"},\"image\":{\"@id\":\"https:\\\/\\\/kidsplay.lt\\\/#\\\/schema\\\/logo\\\/image\\\/\"},\"sameAs\":[\"https:\\\/\\\/www.facebook.com\\\/www.kidsplay.lt\"]}]}<\/script>\n<!-- \/ Yoast SEO plugin. -->","yoast_head_json":{"title":"\u201eRoblox Brookhaven\u201c fig\u016br\u0117li\u0173 rinkinys - KidsPlay","description":"\u201eRoblox Brookhaven\u201c fig\u016br\u0117li\u0173 rinkinys - KidsPlay. Did\u017eiausias vaik\u0173 \u017eaisl\u0173 pasirinkimas.","robots":{"index":"index","follow":"follow","max-snippet":"max-snippet:-1","max-image-preview":"max-image-preview:large","max-video-preview":"max-video-preview:-1"},"canonical":"https:\/\/kidsplay.lt\/lv\/products\/roblox-brookhaven-figureliu-rinkinys\/","og_locale":"lv_LV","og_type":"article","og_title":"\u201eRoblox Brookhaven\u201c fig\u016br\u0117li\u0173 rinkinys - KidsPlay","og_description":"\u201eRoblox Brookhaven\u201c fig\u016br\u0117li\u0173 rinkinys - KidsPlay. Did\u017eiausias vaik\u0173 \u017eaisl\u0173 pasirinkimas.","og_url":"https:\/\/kidsplay.lt\/lv\/products\/roblox-brookhaven-figureliu-rinkinys\/","og_site_name":"KidsPlay","article_publisher":"https:\/\/www.facebook.com\/www.kidsplay.lt","article_modified_time":"2025-12-30T08:23:38+00:00","og_image":[{"width":627,"height":571,"url":"https:\/\/kidsplay.lt\/wp-content\/uploads\/2025\/12\/Screenshot_1253.png","type":"image\/png"}],"twitter_card":"summary_large_image","twitter_misc":{"Est. reading time":"2 min\u016btes"},"schema":{"@context":"https:\/\/schema.org","@graph":[{"@type":"WebPage","@id":"https:\/\/kidsplay.lt\/produktas\/roblox-brookhaven-figureliu-rinkinys\/","url":"https:\/\/kidsplay.lt\/produktas\/roblox-brookhaven-figureliu-rinkinys\/","name":"\u201eRoblox Brookhaven\u201c fig\u016br\u0117li\u0173 rinkinys - KidsPlay","isPartOf":{"@id":"https:\/\/kidsplay.lt\/#website"},"primaryImageOfPage":{"@id":"https:\/\/kidsplay.lt\/produktas\/roblox-brookhaven-figureliu-rinkinys\/#primaryimage"},"image":{"@id":"https:\/\/kidsplay.lt\/produktas\/roblox-brookhaven-figureliu-rinkinys\/#primaryimage"},"thumbnailUrl":"https:\/\/kidsplay.lt\/wp-content\/uploads\/2025\/12\/Screenshot_1253.png","datePublished":"2025-12-03T19:21:44+00:00","dateModified":"2025-12-30T08:23:38+00:00","description":"\u201eRoblox Brookhaven\u201c fig\u016br\u0117li\u0173 rinkinys - KidsPlay. Did\u017eiausias vaik\u0173 \u017eaisl\u0173 pasirinkimas.","breadcrumb":{"@id":"https:\/\/kidsplay.lt\/produktas\/roblox-brookhaven-figureliu-rinkinys\/#breadcrumb"},"inLanguage":"lv-LV","potentialAction":[{"@type":"ReadAction","target":["https:\/\/kidsplay.lt\/produktas\/roblox-brookhaven-figureliu-rinkinys\/"]}]},{"@type":"ImageObject","inLanguage":"lv-LV","@id":"https:\/\/kidsplay.lt\/produktas\/roblox-brookhaven-figureliu-rinkinys\/#primaryimage","url":"https:\/\/kidsplay.lt\/wp-content\/uploads\/2025\/12\/Screenshot_1253.png","contentUrl":"https:\/\/kidsplay.lt\/wp-content\/uploads\/2025\/12\/Screenshot_1253.png","width":627,"height":571},{"@type":"BreadcrumbList","@id":"https:\/\/kidsplay.lt\/produktas\/roblox-brookhaven-figureliu-rinkinys\/#breadcrumb","itemListElement":[{"@type":"ListItem","position":1,"name":"Pagrindinis","item":"https:\/\/kidsplay.lt\/"},{"@type":"ListItem","position":2,"name":"Parduotuv\u0117","item":"https:\/\/kidsplay.lt\/parduotuve\/"},{"@type":"ListItem","position":3,"name":"\u201eRoblox Brookhaven\u201c fig\u016br\u0117li\u0173 rinkinys"}]},{"@type":"WebSite","@id":"https:\/\/kidsplay.lt\/#website","url":"https:\/\/kidsplay.lt\/","name":"B\u0113rnu sp\u0113les.lv","description":"\u012evairios prek\u0117s vaikams","publisher":{"@id":"https:\/\/kidsplay.lt\/#organization"},"alternateName":"Kidsplay","potentialAction":[{"@type":"SearchAction","target":{"@type":"EntryPoint","urlTemplate":"https:\/\/kidsplay.lt\/?s={search_term_string}"},"query-input":{"@type":"PropertyValueSpecification","valueRequired":true,"valueName":"search_term_string"}}],"inLanguage":"lv-LV"},{"@type":"Organization","@id":"https:\/\/kidsplay.lt\/#organization","name":"B\u0113rnu sp\u0113le","url":"https:\/\/kidsplay.lt\/","logo":{"@type":"ImageObject","inLanguage":"lv-LV","@id":"https:\/\/kidsplay.lt\/#\/schema\/logo\/image\/","url":"https:\/\/kidsplay.lt\/wp-content\/uploads\/2023\/07\/kidsplay-logo.png","contentUrl":"https:\/\/kidsplay.lt\/wp-content\/uploads\/2023\/07\/kidsplay-logo.png","width":451,"height":98,"caption":"KidsPlay"},"image":{"@id":"https:\/\/kidsplay.lt\/#\/schema\/logo\/image\/"},"sameAs":["https:\/\/www.facebook.com\/www.kidsplay.lt"]}]}},"_links":{"self":[{"href":"https:\/\/kidsplay.lt\/lv\/wp-json\/wp\/v2\/product\/81608","targetHints":{"allow":["GET"]}}],"collection":[{"href":"https:\/\/kidsplay.lt\/lv\/wp-json\/wp\/v2\/product"}],"about":[{"href":"https:\/\/kidsplay.lt\/lv\/wp-json\/wp\/v2\/types\/product"}],"version-history":[{"count":1,"href":"https:\/\/kidsplay.lt\/lv\/wp-json\/wp\/v2\/product\/81608\/revisions"}],"predecessor-version":[{"id":81610,"href":"https:\/\/kidsplay.lt\/lv\/wp-json\/wp\/v2\/product\/81608\/revisions\/81610"}],"wp:featuredmedia":[{"embeddable":true,"href":"https:\/\/kidsplay.lt\/lv\/wp-json\/wp\/v2\/media\/81609"}],"wp:attachment":[{"href":"https:\/\/kidsplay.lt\/lv\/wp-json\/wp\/v2\/media?parent=81608"}],"wp:term":[{"taxonomy":"product_brand","embeddable":true,"href":"https:\/\/kidsplay.lt\/lv\/wp-json\/wp\/v2\/product_brand?post=81608"},{"taxonomy":"product_cat","embeddable":true,"href":"https:\/\/kidsplay.lt\/lv\/wp-json\/wp\/v2\/product_cat?post=81608"},{"taxonomy":"product_tag","embeddable":true,"href":"https:\/\/kidsplay.lt\/lv\/wp-json\/wp\/v2\/product_tag?post=81608"}],"curies":[{"name":"wp","href":"https:\/\/api.w.org\/{rel}","templated":true}]}}