{"id":81615,"date":"2025-12-03T21:32:34","date_gmt":"2025-12-03T19:32:34","guid":{"rendered":"https:\/\/kidsplay.lt\/?post_type=product&#038;p=81615"},"modified":"2026-04-19T09:55:07","modified_gmt":"2026-04-19T06:55:07","slug":"gabi-kaciu-namas","status":"publish","type":"product","link":"https:\/\/kidsplay.lt\/lv\/products\/gabi-kaciu-namas\/","title":{"rendered":"GABI ka\u0137u m\u0101ja"},"content":{"rendered":"<div class=\"mpof_ki myre_zn myre_8v_l m389_6m_l\">\n<div class=\"mp4t_16_s mryx_16_s mr3m_1 mli2_1 mh85_56 mh85_0_l\">\n<div class=\"mgn2_16 _0d3bd_am0a-\">\n<h1><span dir=\"auto\">GABI KA\u010cI\u0172 NAMO KAMBARIAI VONIOS KAMBARIS 20130504<\/span><\/h1>\n<p><span dir=\"auto\">\u012ed\u0117kite \u201eMerCat\u201c \u012f voni\u0105 ir paspauskite, kad i\u0161leistum\u0117te burbulus. \u0160iame rinkinyje taip pat yra vonios spintel\u0117 ir praustuvas, kurie sukasi, kad vienoje pus\u0117je matyt\u0173si veidrodis, o kitoje \u2013 povandeninis vaizdas. Atraskite 3 priedus: 1 gumin\u0119 vonios ka\u010diuk\u0105 ir 2 papildomus priedus staigmen\u0173 d\u0117\u017eut\u0117se. Atidarykite d\u0117\u017eutes, kad rastum\u0117te kvepal\u0173 ir rank\u0161luos\u010dio turban\u0105 su agurko kauke, kuri\u0105 \u201eMerCat\u201c gal\u0117t\u0173 d\u0117v\u0117ti. Staigmen\u0173 d\u0117\u017eut\u0117se rasite QR kod\u0105. Nuskaitykite j\u012f, kad atrakintum\u0117te i\u0161skirtin\u012f atlyg\u012f nemokamoje \u201eGabby&#8217;s Dollhouse\u201c program\u0117l\u0117je (galima naudoti \u201eiOS\u201c ir \u201eAndroid\u201c).<\/span><\/p>\n<\/div>\n<\/div>\n<\/div>\n<div class=\"mpof_ki myre_zn myre_8v_l m389_6m_l\">\n<div class=\"mp4t_16_s mryx_16_s mr3m_1 mli2_1 mh85_56 mh85_0_l\">\n<div class=\"mg9e_8 mj7a_8 mg9e_0_s mvrt_0_s mj7a_0_s mh36_0_s mzmg_6m munh_16_l m3h2_16_l\">\n<div class=\"mp4t_0 mryx_0 munh_56 m3h2_56\">\n<div class=\"mp7g_oh\"><button class=\"mg9e_0 mvrt_0 mj7a_0 mh36_0 mp4t_0 m3h2_0 mryx_0 munh_0 mqen_m6 mpof_z0 mx7m_0 m7er_k4 mse2_k4 msts_pt\" data-analytics-interaction=\"true\" data-analytics-interaction-label=\"zoomable-image-open\" aria-disabled=\"true\"><img decoding=\"async\" class=\"msub_k4 mupj_5k mjru_k4 mse2_k4 mp7g_f6 mq1m_0 mj7u_0 m7er_k4 mqen_m6 m31c_d8 m0ux_fp lazyloaded\" src=\"https:\/\/a.allegroimg.com\/original\/11b4c1\/494ad1534a0eafa6c4b38bd42ba5\/KOCI-DOMEK-GABI-ZESTAW-LAZIENKA-SYRENKOTKA-Z-FIGURKA-MEBELKI-MERCAT\" sizes=\"(min-width: 1200px) 560px, (min-width: 992px) 50vw, 100vw\" srcset=\"https:\/\/a.allegroimg.com\/s360\/11b4c1\/494ad1534a0eafa6c4b38bd42ba5\/KOCI-DOMEK-GABI-ZESTAW-LAZIENKA-SYRENKOTKA-Z-FIGURKA-MEBELKI-MERCAT 360w,https:\/\/a.allegroimg.com\/s720\/11b4c1\/494ad1534a0eafa6c4b38bd42ba5\/KOCI-DOMEK-GABI-ZESTAW-LAZIENKA-SYRENKOTKA-Z-FIGURKA-MEBELKI-MERCAT 720w,https:\/\/a.allegroimg.com\/s1024\/11b4c1\/494ad1534a0eafa6c4b38bd42ba5\/KOCI-DOMEK-GABI-ZESTAW-LAZIENKA-SYRENKOTKA-Z-FIGURKA-MEBELKI-MERCAT 800w,https:\/\/a.allegroimg.com\/original\/11b4c1\/494ad1534a0eafa6c4b38bd42ba5\/KOCI-DOMEK-GABI-ZESTAW-LAZIENKA-SYRENKOTKA-Z-FIGURKA-MEBELKI-MERCAT 800w\" alt=\"GABI KA\u010cI\u0172 NAMAS UNDIN\u0116L\u0116S VONIOS KAMBARIO KOMPLEKTAS SU FIG\u016aRIUKE + MERCAT BALDAI\" width=\"800px\" data-srcset=\"\" \/><\/button><\/div>\n<\/div>\n<\/div>\n<\/div>\n<div class=\"mp4t_16_s mryx_16_s mr3m_1 mli2_1 mh85_56 mh85_0_l\">\n<div class=\"mgn2_16 _0d3bd_am0a-\">\n<p><b><span dir=\"auto\">Komplekt\u0101 ietilpst:<\/span><\/b><\/p>\n<ul>\n<li><span dir=\"auto\">1 kambarys,<\/span><\/li>\n<li><span dir=\"auto\">1 x fig\u016br\u0117l\u0117,<\/span><\/li>\n<li><span dir=\"auto\">3x baldai,<\/span><\/li>\n<li><span dir=\"auto\">2 x staigmen\u0173 d\u0117\u017eut\u0117s,<\/span><\/li>\n<li><span dir=\"auto\">3x priedai.<\/span><\/li>\n<\/ul>\n<p><b><span dir=\"auto\">Parametrai:<\/span><\/b><\/p>\n<ul>\n<li><b><span dir=\"auto\">Pakuot\u0117s matmenys: 26 x 19 x 9 cm.<\/span><\/b><\/li>\n<\/ul>\n<\/div>\n<\/div>\n<\/div>\n<div class=\"mpof_ki myre_zn myre_8v_l m389_6m_l\">\n<div class=\"mp4t_16_s mryx_16_s mr3m_1 mli2_1 mh85_56 mh85_0_l\">\n<div class=\"mg9e_8 mj7a_8 mg9e_0_s mvrt_0_s mj7a_0_s mh36_0_s mzmg_6m munh_16_l m3h2_16_l\">\n<div class=\"mp4t_0 mryx_0 munh_56 m3h2_56\">\n<div class=\"mp7g_oh\"><button class=\"mg9e_0 mvrt_0 mj7a_0 mh36_0 mp4t_0 m3h2_0 mryx_0 munh_0 mqen_m6 mpof_z0 mx7m_0 m7er_k4 mse2_k4 msts_pt\" data-analytics-interaction=\"true\" data-analytics-interaction-label=\"zoomable-image-open\" aria-disabled=\"true\"><img decoding=\"async\" class=\"msub_k4 mupj_5k mjru_k4 mse2_k4 mp7g_f6 mq1m_0 mj7u_0 m7er_k4 mqen_m6 m31c_d8 m0ux_fp lazyloaded\" src=\"https:\/\/a.allegroimg.com\/original\/11f344\/66aa65a14ef08394cfe75b99992f\/KOCI-DOMEK-GABI-ZESTAW-LAZIENKA-SYRENKOTKA-Z-FIGURKA-MEBELKI-MERCAT-EAN-GTIN-778988374108\" sizes=\"100vw\" srcset=\"https:\/\/a.allegroimg.com\/s360\/11f344\/66aa65a14ef08394cfe75b99992f\/KOCI-DOMEK-GABI-ZESTAW-LAZIENKA-SYRENKOTKA-Z-FIGURKA-MEBELKI-MERCAT-EAN-GTIN-778988374108 360w,https:\/\/a.allegroimg.com\/s720\/11f344\/66aa65a14ef08394cfe75b99992f\/KOCI-DOMEK-GABI-ZESTAW-LAZIENKA-SYRENKOTKA-Z-FIGURKA-MEBELKI-MERCAT-EAN-GTIN-778988374108 720w,https:\/\/a.allegroimg.com\/s1024\/11f344\/66aa65a14ef08394cfe75b99992f\/KOCI-DOMEK-GABI-ZESTAW-LAZIENKA-SYRENKOTKA-Z-FIGURKA-MEBELKI-MERCAT-EAN-GTIN-778988374108 1000w,https:\/\/a.allegroimg.com\/original\/11f344\/66aa65a14ef08394cfe75b99992f\/KOCI-DOMEK-GABI-ZESTAW-LAZIENKA-SYRENKOTKA-Z-FIGURKA-MEBELKI-MERCAT-EAN-GTIN-778988374108 1000w\" alt=\"GABI KA\u010cI\u0172 NAMAS UNDIN\u0116L\u0116S VONIOS KAMBARIO KOMPLEKTAS SU FIG\u016aR\u0116LE + MERCAT BALDAI EAN (GTIN) 778988374108\" width=\"1000px\" data-srcset=\"\" \/><\/button><\/div>\n<\/div>\n<\/div>\n<\/div>\n<\/div>\n<div class=\"mpof_ki myre_zn myre_8v_l m389_6m_l\">\n<div class=\"mp4t_16_s mryx_16_s mr3m_1 mli2_1 mh85_56 mh85_0_l\">\n<div class=\"mg9e_8 mj7a_8 mg9e_0_s mvrt_0_s mj7a_0_s mh36_0_s mzmg_6m munh_16_l m3h2_16_l\">\n<div class=\"mp4t_0 mryx_0 munh_56 m3h2_56\">\n<div class=\"mp7g_oh\"><button class=\"mg9e_0 mvrt_0 mj7a_0 mh36_0 mp4t_0 m3h2_0 mryx_0 munh_0 mqen_m6 mpof_z0 mx7m_0 m7er_k4 mse2_k4 msts_pt\" data-analytics-interaction=\"true\" data-analytics-interaction-label=\"zoomable-image-open\" aria-disabled=\"true\"><img decoding=\"async\" class=\"msub_k4 mupj_5k mjru_k4 mse2_k4 mp7g_f6 mq1m_0 mj7u_0 m7er_k4 mqen_m6 m31c_d8 m0ux_fp lazyloaded\" src=\"https:\/\/a.allegroimg.com\/original\/111e89\/810b612247c2ab4c75ead344c8bf\/KOCI-DOMEK-GABI-ZESTAW-LAZIENKA-SYRENKOTKA-Z-FIGURKA-MEBELKI-MERCAT-Kod-producenta-6062036\" sizes=\"100vw\" srcset=\"https:\/\/a.allegroimg.com\/s360\/111e89\/810b612247c2ab4c75ead344c8bf\/KOCI-DOMEK-GABI-ZESTAW-LAZIENKA-SYRENKOTKA-Z-FIGURKA-MEBELKI-MERCAT-Kod-producenta-6062036 360w,https:\/\/a.allegroimg.com\/s720\/111e89\/810b612247c2ab4c75ead344c8bf\/KOCI-DOMEK-GABI-ZESTAW-LAZIENKA-SYRENKOTKA-Z-FIGURKA-MEBELKI-MERCAT-Kod-producenta-6062036 720w,https:\/\/a.allegroimg.com\/s1024\/111e89\/810b612247c2ab4c75ead344c8bf\/KOCI-DOMEK-GABI-ZESTAW-LAZIENKA-SYRENKOTKA-Z-FIGURKA-MEBELKI-MERCAT-Kod-producenta-6062036 1000w,https:\/\/a.allegroimg.com\/original\/111e89\/810b612247c2ab4c75ead344c8bf\/KOCI-DOMEK-GABI-ZESTAW-LAZIENKA-SYRENKOTKA-Z-FIGURKA-MEBELKI-MERCAT-Kod-producenta-6062036 1000w\" alt=\"GABI KA\u010cI\u0172 NAMAS UNDIN\u0116L\u0116S VONIOS KAMBARIO KOMPLEKTAS SU FIG\u016aR\u0116LE + MERCAT BALDAI Gamintojo kodas 6062036\" width=\"1000px\" data-srcset=\"\" \/><\/button><\/div>\n<\/div>\n<\/div>\n<\/div>\n<\/div>\n<div class=\"mpof_ki myre_zn myre_8v_l m389_6m_l\">\n<div class=\"mp4t_16_s mryx_16_s mr3m_1 mli2_1 mh85_56 mh85_0_l\">\n<div class=\"mg9e_8 mj7a_8 mg9e_0_s mvrt_0_s mj7a_0_s mh36_0_s mzmg_6m munh_16_l m3h2_16_l\">\n<div class=\"mp4t_0 mryx_0 munh_56 m3h2_56\">\n<div class=\"mp7g_oh\"><button class=\"mg9e_0 mvrt_0 mj7a_0 mh36_0 mp4t_0 m3h2_0 mryx_0 munh_0 mqen_m6 mpof_z0 mx7m_0 m7er_k4 mse2_k4 msts_pt\" data-analytics-interaction=\"true\" data-analytics-interaction-label=\"zoomable-image-open\" aria-disabled=\"true\"><img decoding=\"async\" class=\"msub_k4 mupj_5k mjru_k4 mse2_k4 mp7g_f6 mq1m_0 mj7u_0 m7er_k4 mqen_m6 m31c_d8 m0ux_fp lazyloaded\" src=\"https:\/\/a.allegroimg.com\/original\/11b4c1\/494ad1534a0eafa6c4b38bd42ba5\/KOCI-DOMEK-GABI-ZESTAW-LAZIENKA-SYRENKOTKA-Z-FIGURKA-MEBELKI-MERCAT\" sizes=\"100vw\" srcset=\"https:\/\/a.allegroimg.com\/s360\/11b4c1\/494ad1534a0eafa6c4b38bd42ba5\/KOCI-DOMEK-GABI-ZESTAW-LAZIENKA-SYRENKOTKA-Z-FIGURKA-MEBELKI-MERCAT 360w,https:\/\/a.allegroimg.com\/s720\/11b4c1\/494ad1534a0eafa6c4b38bd42ba5\/KOCI-DOMEK-GABI-ZESTAW-LAZIENKA-SYRENKOTKA-Z-FIGURKA-MEBELKI-MERCAT 720w,https:\/\/a.allegroimg.com\/s1024\/11b4c1\/494ad1534a0eafa6c4b38bd42ba5\/KOCI-DOMEK-GABI-ZESTAW-LAZIENKA-SYRENKOTKA-Z-FIGURKA-MEBELKI-MERCAT 800w,https:\/\/a.allegroimg.com\/original\/11b4c1\/494ad1534a0eafa6c4b38bd42ba5\/KOCI-DOMEK-GABI-ZESTAW-LAZIENKA-SYRENKOTKA-Z-FIGURKA-MEBELKI-MERCAT 800w\" alt=\"GABI KA\u010cI\u0172 NAMAS UNDIN\u0116L\u0116S VONIOS KAMBARIO KOMPLEKTAS SU FIG\u016aRIUKE + MERCAT BALDAI\" width=\"800px\" data-srcset=\"\" \/><\/button><\/div>\n<\/div>\n<\/div>\n<\/div>\n<\/div>","protected":false},"excerpt":{"rendered":"<p>GABI KA\u010cI\u0172 NAMO KAMBARIAI VONIOS KAMBARIS 20130504 \u012ed\u0117kite \u201eMerCat\u201c \u012f voni\u0105 ir paspauskite, kad i\u0161leistum\u0117te burbulus. \u0160iame rinkinyje taip pat<\/p>","protected":false},"featured_media":81616,"template":"","meta":{"_acf_changed":false,"_glsr_average":0,"_glsr_ranking":0,"_glsr_reviews":0},"product_brand":[],"product_cat":[443,229],"product_tag":[],"class_list":{"0":"post-81615","1":"product","2":"type-product","3":"status-publish","4":"has-post-thumbnail","6":"product_cat-leles-ir-priedai","7":"product_cat-zaislai-vaikams","8":"\"style=\"background-color: #2ecc711c;\"","10":"first","11":"instock","12":"shipping-taxable","13":"purchasable","14":"product-type-simple"},"acf":[],"yoast_head":"<!-- This site is optimized with the Yoast SEO plugin v27.4 - https:\/\/yoast.com\/product\/yoast-seo-wordpress\/ -->\n<title>GABI ka\u010di\u0173 namas - KidsPlay<\/title>\n<meta name=\"description\" content=\"GABI KA\u010cI\u0172 NAMAS UNDIN\u0116L\u0116S VONIOS KAMBARIO KOMPLEKTAS SU FIG\u016aRIUKE - KidsPlay. Did\u017eiausias vaik\u0173 \u017eaisl\u0173 pasirinkimas.\" \/>\n<meta name=\"robots\" content=\"index, follow, max-snippet:-1, max-image-preview:large, max-video-preview:-1\" \/>\n<link rel=\"canonical\" href=\"https:\/\/kidsplay.lt\/lv\/products\/gabi-kaciu-namas\/\" \/>\n<meta property=\"og:locale\" content=\"lv_LV\" \/>\n<meta property=\"og:type\" content=\"article\" \/>\n<meta property=\"og:title\" content=\"GABI ka\u010di\u0173 namas - KidsPlay\" \/>\n<meta property=\"og:description\" content=\"GABI KA\u010cI\u0172 NAMAS UNDIN\u0116L\u0116S VONIOS KAMBARIO KOMPLEKTAS SU FIG\u016aRIUKE - KidsPlay. Did\u017eiausias vaik\u0173 \u017eaisl\u0173 pasirinkimas.\" \/>\n<meta property=\"og:url\" content=\"https:\/\/kidsplay.lt\/lv\/products\/gabi-kaciu-namas\/\" \/>\n<meta property=\"og:site_name\" content=\"KidsPlay\" \/>\n<meta property=\"article:publisher\" content=\"https:\/\/www.facebook.com\/www.kidsplay.lt\" \/>\n<meta property=\"article:modified_time\" content=\"2026-04-19T06:55:07+00:00\" \/>\n<meta property=\"og:image\" content=\"https:\/\/kidsplay.lt\/wp-content\/uploads\/2025\/12\/Screenshot_1257.png\" \/>\n\t<meta property=\"og:image:width\" content=\"851\" \/>\n\t<meta property=\"og:image:height\" content=\"725\" \/>\n\t<meta property=\"og:image:type\" content=\"image\/png\" \/>\n<meta name=\"twitter:card\" content=\"summary_large_image\" \/>\n<meta name=\"twitter:label1\" content=\"Est. reading time\" \/>\n\t<meta name=\"twitter:data1\" content=\"2 min\u016btes\" \/>\n<script type=\"application\/ld+json\" class=\"yoast-schema-graph\">{\"@context\":\"https:\\\/\\\/schema.org\",\"@graph\":[{\"@type\":\"WebPage\",\"@id\":\"https:\\\/\\\/kidsplay.lt\\\/produktas\\\/gabi-kaciu-namas\\\/\",\"url\":\"https:\\\/\\\/kidsplay.lt\\\/produktas\\\/gabi-kaciu-namas\\\/\",\"name\":\"GABI ka\u010di\u0173 namas - KidsPlay\",\"isPartOf\":{\"@id\":\"https:\\\/\\\/kidsplay.lt\\\/#website\"},\"primaryImageOfPage\":{\"@id\":\"https:\\\/\\\/kidsplay.lt\\\/produktas\\\/gabi-kaciu-namas\\\/#primaryimage\"},\"image\":{\"@id\":\"https:\\\/\\\/kidsplay.lt\\\/produktas\\\/gabi-kaciu-namas\\\/#primaryimage\"},\"thumbnailUrl\":\"https:\\\/\\\/kidsplay.lt\\\/wp-content\\\/uploads\\\/2025\\\/12\\\/Screenshot_1257.png\",\"datePublished\":\"2025-12-03T19:32:34+00:00\",\"dateModified\":\"2026-04-19T06:55:07+00:00\",\"description\":\"GABI KA\u010cI\u0172 NAMAS UNDIN\u0116L\u0116S VONIOS KAMBARIO KOMPLEKTAS SU FIG\u016aRIUKE - KidsPlay. Did\u017eiausias vaik\u0173 \u017eaisl\u0173 pasirinkimas.\",\"breadcrumb\":{\"@id\":\"https:\\\/\\\/kidsplay.lt\\\/produktas\\\/gabi-kaciu-namas\\\/#breadcrumb\"},\"inLanguage\":\"lv-LV\",\"potentialAction\":[{\"@type\":\"ReadAction\",\"target\":[\"https:\\\/\\\/kidsplay.lt\\\/produktas\\\/gabi-kaciu-namas\\\/\"]}]},{\"@type\":\"ImageObject\",\"inLanguage\":\"lv-LV\",\"@id\":\"https:\\\/\\\/kidsplay.lt\\\/produktas\\\/gabi-kaciu-namas\\\/#primaryimage\",\"url\":\"https:\\\/\\\/kidsplay.lt\\\/wp-content\\\/uploads\\\/2025\\\/12\\\/Screenshot_1257.png\",\"contentUrl\":\"https:\\\/\\\/kidsplay.lt\\\/wp-content\\\/uploads\\\/2025\\\/12\\\/Screenshot_1257.png\",\"width\":851,\"height\":725},{\"@type\":\"BreadcrumbList\",\"@id\":\"https:\\\/\\\/kidsplay.lt\\\/produktas\\\/gabi-kaciu-namas\\\/#breadcrumb\",\"itemListElement\":[{\"@type\":\"ListItem\",\"position\":1,\"name\":\"Pagrindinis\",\"item\":\"https:\\\/\\\/kidsplay.lt\\\/\"},{\"@type\":\"ListItem\",\"position\":2,\"name\":\"Parduotuv\u0117\",\"item\":\"https:\\\/\\\/kidsplay.lt\\\/parduotuve\\\/\"},{\"@type\":\"ListItem\",\"position\":3,\"name\":\"GABI ka\u010di\u0173 namas\"}]},{\"@type\":\"WebSite\",\"@id\":\"https:\\\/\\\/kidsplay.lt\\\/#website\",\"url\":\"https:\\\/\\\/kidsplay.lt\\\/\",\"name\":\"Kidsplay.lt\",\"description\":\"\u012evairios prek\u0117s vaikams\",\"publisher\":{\"@id\":\"https:\\\/\\\/kidsplay.lt\\\/#organization\"},\"alternateName\":\"Kidsplay\",\"potentialAction\":[{\"@type\":\"SearchAction\",\"target\":{\"@type\":\"EntryPoint\",\"urlTemplate\":\"https:\\\/\\\/kidsplay.lt\\\/?s={search_term_string}\"},\"query-input\":{\"@type\":\"PropertyValueSpecification\",\"valueRequired\":true,\"valueName\":\"search_term_string\"}}],\"inLanguage\":\"lv-LV\"},{\"@type\":\"Organization\",\"@id\":\"https:\\\/\\\/kidsplay.lt\\\/#organization\",\"name\":\"KidsPlay\",\"url\":\"https:\\\/\\\/kidsplay.lt\\\/\",\"logo\":{\"@type\":\"ImageObject\",\"inLanguage\":\"lv-LV\",\"@id\":\"https:\\\/\\\/kidsplay.lt\\\/#\\\/schema\\\/logo\\\/image\\\/\",\"url\":\"https:\\\/\\\/kidsplay.lt\\\/wp-content\\\/uploads\\\/2023\\\/07\\\/kidsplay-logo.png\",\"contentUrl\":\"https:\\\/\\\/kidsplay.lt\\\/wp-content\\\/uploads\\\/2023\\\/07\\\/kidsplay-logo.png\",\"width\":451,\"height\":98,\"caption\":\"KidsPlay\"},\"image\":{\"@id\":\"https:\\\/\\\/kidsplay.lt\\\/#\\\/schema\\\/logo\\\/image\\\/\"},\"sameAs\":[\"https:\\\/\\\/www.facebook.com\\\/www.kidsplay.lt\"]}]}<\/script>\n<!-- \/ Yoast SEO plugin. -->","yoast_head_json":{"title":"GABI ka\u010di\u0173 namas - KidsPlay","description":"GABI KA\u010cI\u0172 NAMAS UNDIN\u0116L\u0116S VONIOS KAMBARIO KOMPLEKTAS SU FIG\u016aRIUKE - KidsPlay. Did\u017eiausias vaik\u0173 \u017eaisl\u0173 pasirinkimas.","robots":{"index":"index","follow":"follow","max-snippet":"max-snippet:-1","max-image-preview":"max-image-preview:large","max-video-preview":"max-video-preview:-1"},"canonical":"https:\/\/kidsplay.lt\/lv\/products\/gabi-kaciu-namas\/","og_locale":"lv_LV","og_type":"article","og_title":"GABI ka\u010di\u0173 namas - KidsPlay","og_description":"GABI KA\u010cI\u0172 NAMAS UNDIN\u0116L\u0116S VONIOS KAMBARIO KOMPLEKTAS SU FIG\u016aRIUKE - KidsPlay. Did\u017eiausias vaik\u0173 \u017eaisl\u0173 pasirinkimas.","og_url":"https:\/\/kidsplay.lt\/lv\/products\/gabi-kaciu-namas\/","og_site_name":"KidsPlay","article_publisher":"https:\/\/www.facebook.com\/www.kidsplay.lt","article_modified_time":"2026-04-19T06:55:07+00:00","og_image":[{"width":851,"height":725,"url":"https:\/\/kidsplay.lt\/wp-content\/uploads\/2025\/12\/Screenshot_1257.png","type":"image\/png"}],"twitter_card":"summary_large_image","twitter_misc":{"Est. reading time":"2 min\u016btes"},"schema":{"@context":"https:\/\/schema.org","@graph":[{"@type":"WebPage","@id":"https:\/\/kidsplay.lt\/produktas\/gabi-kaciu-namas\/","url":"https:\/\/kidsplay.lt\/produktas\/gabi-kaciu-namas\/","name":"GABI ka\u010di\u0173 namas - KidsPlay","isPartOf":{"@id":"https:\/\/kidsplay.lt\/#website"},"primaryImageOfPage":{"@id":"https:\/\/kidsplay.lt\/produktas\/gabi-kaciu-namas\/#primaryimage"},"image":{"@id":"https:\/\/kidsplay.lt\/produktas\/gabi-kaciu-namas\/#primaryimage"},"thumbnailUrl":"https:\/\/kidsplay.lt\/wp-content\/uploads\/2025\/12\/Screenshot_1257.png","datePublished":"2025-12-03T19:32:34+00:00","dateModified":"2026-04-19T06:55:07+00:00","description":"GABI KA\u010cI\u0172 NAMAS UNDIN\u0116L\u0116S VONIOS KAMBARIO KOMPLEKTAS SU FIG\u016aRIUKE - KidsPlay. Did\u017eiausias vaik\u0173 \u017eaisl\u0173 pasirinkimas.","breadcrumb":{"@id":"https:\/\/kidsplay.lt\/produktas\/gabi-kaciu-namas\/#breadcrumb"},"inLanguage":"lv-LV","potentialAction":[{"@type":"ReadAction","target":["https:\/\/kidsplay.lt\/produktas\/gabi-kaciu-namas\/"]}]},{"@type":"ImageObject","inLanguage":"lv-LV","@id":"https:\/\/kidsplay.lt\/produktas\/gabi-kaciu-namas\/#primaryimage","url":"https:\/\/kidsplay.lt\/wp-content\/uploads\/2025\/12\/Screenshot_1257.png","contentUrl":"https:\/\/kidsplay.lt\/wp-content\/uploads\/2025\/12\/Screenshot_1257.png","width":851,"height":725},{"@type":"BreadcrumbList","@id":"https:\/\/kidsplay.lt\/produktas\/gabi-kaciu-namas\/#breadcrumb","itemListElement":[{"@type":"ListItem","position":1,"name":"Pagrindinis","item":"https:\/\/kidsplay.lt\/"},{"@type":"ListItem","position":2,"name":"Parduotuv\u0117","item":"https:\/\/kidsplay.lt\/parduotuve\/"},{"@type":"ListItem","position":3,"name":"GABI ka\u010di\u0173 namas"}]},{"@type":"WebSite","@id":"https:\/\/kidsplay.lt\/#website","url":"https:\/\/kidsplay.lt\/","name":"B\u0113rnu sp\u0113les.lv","description":"\u012evairios prek\u0117s vaikams","publisher":{"@id":"https:\/\/kidsplay.lt\/#organization"},"alternateName":"Kidsplay","potentialAction":[{"@type":"SearchAction","target":{"@type":"EntryPoint","urlTemplate":"https:\/\/kidsplay.lt\/?s={search_term_string}"},"query-input":{"@type":"PropertyValueSpecification","valueRequired":true,"valueName":"search_term_string"}}],"inLanguage":"lv-LV"},{"@type":"Organization","@id":"https:\/\/kidsplay.lt\/#organization","name":"B\u0113rnu sp\u0113le","url":"https:\/\/kidsplay.lt\/","logo":{"@type":"ImageObject","inLanguage":"lv-LV","@id":"https:\/\/kidsplay.lt\/#\/schema\/logo\/image\/","url":"https:\/\/kidsplay.lt\/wp-content\/uploads\/2023\/07\/kidsplay-logo.png","contentUrl":"https:\/\/kidsplay.lt\/wp-content\/uploads\/2023\/07\/kidsplay-logo.png","width":451,"height":98,"caption":"KidsPlay"},"image":{"@id":"https:\/\/kidsplay.lt\/#\/schema\/logo\/image\/"},"sameAs":["https:\/\/www.facebook.com\/www.kidsplay.lt"]}]}},"_links":{"self":[{"href":"https:\/\/kidsplay.lt\/lv\/wp-json\/wp\/v2\/product\/81615","targetHints":{"allow":["GET"]}}],"collection":[{"href":"https:\/\/kidsplay.lt\/lv\/wp-json\/wp\/v2\/product"}],"about":[{"href":"https:\/\/kidsplay.lt\/lv\/wp-json\/wp\/v2\/types\/product"}],"version-history":[{"count":2,"href":"https:\/\/kidsplay.lt\/lv\/wp-json\/wp\/v2\/product\/81615\/revisions"}],"predecessor-version":[{"id":82730,"href":"https:\/\/kidsplay.lt\/lv\/wp-json\/wp\/v2\/product\/81615\/revisions\/82730"}],"wp:featuredmedia":[{"embeddable":true,"href":"https:\/\/kidsplay.lt\/lv\/wp-json\/wp\/v2\/media\/81616"}],"wp:attachment":[{"href":"https:\/\/kidsplay.lt\/lv\/wp-json\/wp\/v2\/media?parent=81615"}],"wp:term":[{"taxonomy":"product_brand","embeddable":true,"href":"https:\/\/kidsplay.lt\/lv\/wp-json\/wp\/v2\/product_brand?post=81615"},{"taxonomy":"product_cat","embeddable":true,"href":"https:\/\/kidsplay.lt\/lv\/wp-json\/wp\/v2\/product_cat?post=81615"},{"taxonomy":"product_tag","embeddable":true,"href":"https:\/\/kidsplay.lt\/lv\/wp-json\/wp\/v2\/product_tag?post=81615"}],"curies":[{"name":"wp","href":"https:\/\/api.w.org\/{rel}","templated":true}]}}