{"id":81628,"date":"2025-12-04T09:22:46","date_gmt":"2025-12-04T07:22:46","guid":{"rendered":"https:\/\/kidsplay.lt\/produktas\/smoby-life-vaikiska-ciuozykla-xl-230-cm\/"},"modified":"2026-04-07T09:53:35","modified_gmt":"2026-04-07T06:53:35","slug":"smoby-life-vaikiska-ciuozykla-xl-230-cm","status":"publish","type":"product","link":"https:\/\/kidsplay.lt\/lv\/products\/smoby-life-vaikiska-ciuozykla-xl-230-cm\/","title":{"rendered":"SMOBY Life b\u0113rnu slidkalni\u0146\u0161 XL 230 cm"},"content":{"rendered":"<p>Pakvieskite vaik\u0173 d\u017eiaugsm\u0105 \u012f sod\u0105 a\u010di\u016b\u00a0Smoby\u00a0Gyvenimas \u2013\u00a0XL skaidr\u0117 (230 cm skaidr\u0117)!\u00a0\u0160i i\u0161skirtinai ilga ir tvirta \u010diuo\u017eykla leid\u017eia nuostabiai nusileisti iki 230 cm, o tai garantuoja galing\u0105 lauko patirt\u012f. Prijungus sodo \u017earn\u0105, \u0161iltesn\u0117mis dienomis \u010diuo\u017eykla tampa vandens pramog\u0173 papildymu. U\u017etikrinamas saugumas: neslystan\u010dios kop\u0117\u010dios, tur\u0117klai ir platus, stabilus pagrindas sukuria tam tikras \u017eaidimo s\u0105lygas. Visa tai prislopintomis, eleganti\u0161komis spalvomis ir ekologin\u0117s atsakomyb\u0117s dvasia \u2014 yra puikus pasirinkimas aktyviems vaikams nuo 3 met\u0173.<\/p>\n<p>Raksturojums:<\/p>\n<p> \t&#8211; \u010diuo\u017eyklos ilgis: apie 230 cm \u2013 suteikia tikrai ilg\u0105 nusileidim\u0105<br \/>\n \t&#8211; Konstrukcijos matmenys: apie 237 \u00d7 112 \u00d7 142 cm<br \/>\n \t&#8211; Maksimali apkrova: 50 kg<br \/>\n \t&#8211; Galimyb\u0117 prijungti \u2013 sodo \u017earn\u0105 paver\u010dia \u010diuo\u017eykl\u0105 \u012fsp\u016bdinga vandens pramoga<br \/>\n \t&#8211; Neslystan\u010dios kop\u0117\u010dios + dideli tur\u0117klai + platus pagrindas \u2013 maksimalus saugumas<br \/>\n \t&#8211; Pagaminta Pranc\u016bzijoje<br \/>\n \t&#8211; Skirta vaikams nuo 3 met\u0173<\/p>\n<p>Komplekt\u0101 ietilpst:<\/p>\n<p> \t&#8211; Kop\u0117\u010dios su tur\u0117klais ir neslid\u017eiu \u012f\u0117jimu<br \/>\n \t&#8211; Tvirtinimo ir tvirtinimo elementai (konstrukcijai tvirtinti)<br \/>\n \t&#8211; Surinkimo instrukcijos (reikalingas suaugusi\u0173j\u0173 montavimas)<br \/>\n \t&#8211; Galimyb\u0117 prijungti sodo \u017earn\u0105 (\u017earna n\u0117ra rinkinio dalis)<\/p>","protected":false},"excerpt":{"rendered":"<p>Pakvieskite vaik\u0173 d\u017eiaugsm\u0105 \u012f sod\u0105 a\u010di\u016b\u00a0Smoby\u00a0Gyvenimas \u2013\u00a0XL skaidr\u0117 (230 cm skaidr\u0117)!\u00a0\u0160i i\u0161skirtinai ilga ir tvirta \u010diuo\u017eykla leid\u017eia nuostabiai nusileisti iki<\/p>","protected":false},"featured_media":81630,"template":"","meta":{"_acf_changed":false,"_glsr_average":0,"_glsr_ranking":0,"_glsr_reviews":0},"product_brand":[],"product_cat":[432,233],"product_tag":[],"class_list":{"0":"post-81628","1":"product","2":"type-product","3":"status-publish","4":"has-post-thumbnail","6":"product_cat-ciuozyklos","7":"product_cat-lauko-pramogos","8":"\"style=\"background-color: #2ecc711c;\"","10":"first","11":"instock","12":"purchasable","13":"product-type-simple"},"acf":[],"yoast_head":"<!-- This site is optimized with the Yoast SEO plugin v27.3 - https:\/\/yoast.com\/product\/yoast-seo-wordpress\/ -->\n<title>SMOBY Life Vaiki\u0161ka \u010diuo\u017eykla XL 230 cm<\/title>\n<meta name=\"description\" content=\"SMOBY Life Vaiki\u0161ka \u010diuo\u017eykla XL 230 cm - KidsPlay. Did\u017eiausias vaik\u0173 \u017eaisl\u0173 pasirinkimas.\" \/>\n<meta name=\"robots\" content=\"index, follow, max-snippet:-1, max-image-preview:large, max-video-preview:-1\" \/>\n<link rel=\"canonical\" href=\"https:\/\/kidsplay.lt\/lv\/products\/smoby-life-vaikiska-ciuozykla-xl-230-cm\/\" \/>\n<meta property=\"og:locale\" content=\"lv_LV\" \/>\n<meta property=\"og:type\" content=\"article\" \/>\n<meta property=\"og:title\" content=\"SMOBY Life Vaiki\u0161ka \u010diuo\u017eykla XL 230 cm\" \/>\n<meta property=\"og:description\" content=\"SMOBY Life Vaiki\u0161ka \u010diuo\u017eykla XL 230 cm - KidsPlay. Did\u017eiausias vaik\u0173 \u017eaisl\u0173 pasirinkimas.\" \/>\n<meta property=\"og:url\" content=\"https:\/\/kidsplay.lt\/lv\/products\/smoby-life-vaikiska-ciuozykla-xl-230-cm\/\" \/>\n<meta property=\"og:site_name\" content=\"KidsPlay\" \/>\n<meta property=\"article:publisher\" content=\"https:\/\/www.facebook.com\/www.kidsplay.lt\" \/>\n<meta property=\"article:modified_time\" content=\"2026-04-07T06:53:35+00:00\" \/>\n<meta property=\"og:image\" content=\"https:\/\/kidsplay.lt\/wp-content\/uploads\/2025\/12\/SMOBY-Life-Vaikiska-ciuozykla-XL-230-cm.jpg\" \/>\n\t<meta property=\"og:image:width\" content=\"1000\" \/>\n\t<meta property=\"og:image:height\" content=\"1000\" \/>\n\t<meta property=\"og:image:type\" content=\"image\/jpeg\" \/>\n<meta name=\"twitter:card\" content=\"summary_large_image\" \/>\n<meta name=\"twitter:label1\" content=\"Est. reading time\" \/>\n\t<meta name=\"twitter:data1\" content=\"1 min\u016bte\" \/>\n<script type=\"application\/ld+json\" class=\"yoast-schema-graph\">{\"@context\":\"https:\\\/\\\/schema.org\",\"@graph\":[{\"@type\":\"WebPage\",\"@id\":\"https:\\\/\\\/kidsplay.lt\\\/produktas\\\/smoby-life-vaikiska-ciuozykla-xl-230-cm\\\/\",\"url\":\"https:\\\/\\\/kidsplay.lt\\\/produktas\\\/smoby-life-vaikiska-ciuozykla-xl-230-cm\\\/\",\"name\":\"SMOBY Life Vaiki\u0161ka \u010diuo\u017eykla XL 230 cm\",\"isPartOf\":{\"@id\":\"https:\\\/\\\/kidsplay.lt\\\/#website\"},\"primaryImageOfPage\":{\"@id\":\"https:\\\/\\\/kidsplay.lt\\\/produktas\\\/smoby-life-vaikiska-ciuozykla-xl-230-cm\\\/#primaryimage\"},\"image\":{\"@id\":\"https:\\\/\\\/kidsplay.lt\\\/produktas\\\/smoby-life-vaikiska-ciuozykla-xl-230-cm\\\/#primaryimage\"},\"thumbnailUrl\":\"https:\\\/\\\/kidsplay.lt\\\/wp-content\\\/uploads\\\/2025\\\/12\\\/SMOBY-Life-Vaikiska-ciuozykla-XL-230-cm.jpg\",\"datePublished\":\"2025-12-04T07:22:46+00:00\",\"dateModified\":\"2026-04-07T06:53:35+00:00\",\"description\":\"SMOBY Life Vaiki\u0161ka \u010diuo\u017eykla XL 230 cm - KidsPlay. Did\u017eiausias vaik\u0173 \u017eaisl\u0173 pasirinkimas.\",\"breadcrumb\":{\"@id\":\"https:\\\/\\\/kidsplay.lt\\\/produktas\\\/smoby-life-vaikiska-ciuozykla-xl-230-cm\\\/#breadcrumb\"},\"inLanguage\":\"lv-LV\",\"potentialAction\":[{\"@type\":\"ReadAction\",\"target\":[\"https:\\\/\\\/kidsplay.lt\\\/produktas\\\/smoby-life-vaikiska-ciuozykla-xl-230-cm\\\/\"]}]},{\"@type\":\"ImageObject\",\"inLanguage\":\"lv-LV\",\"@id\":\"https:\\\/\\\/kidsplay.lt\\\/produktas\\\/smoby-life-vaikiska-ciuozykla-xl-230-cm\\\/#primaryimage\",\"url\":\"https:\\\/\\\/kidsplay.lt\\\/wp-content\\\/uploads\\\/2025\\\/12\\\/SMOBY-Life-Vaikiska-ciuozykla-XL-230-cm.jpg\",\"contentUrl\":\"https:\\\/\\\/kidsplay.lt\\\/wp-content\\\/uploads\\\/2025\\\/12\\\/SMOBY-Life-Vaikiska-ciuozykla-XL-230-cm.jpg\",\"width\":1000,\"height\":1000,\"caption\":\"SMOBY Life Vaiki\u0161ka \u010diuo\u017eykla XL 230 cm\"},{\"@type\":\"BreadcrumbList\",\"@id\":\"https:\\\/\\\/kidsplay.lt\\\/produktas\\\/smoby-life-vaikiska-ciuozykla-xl-230-cm\\\/#breadcrumb\",\"itemListElement\":[{\"@type\":\"ListItem\",\"position\":1,\"name\":\"Pagrindinis\",\"item\":\"https:\\\/\\\/kidsplay.lt\\\/\"},{\"@type\":\"ListItem\",\"position\":2,\"name\":\"Parduotuv\u0117\",\"item\":\"https:\\\/\\\/kidsplay.lt\\\/parduotuve\\\/\"},{\"@type\":\"ListItem\",\"position\":3,\"name\":\"SMOBY Life Vaiki\u0161ka \u010diuo\u017eykla XL 230 cm\"}]},{\"@type\":\"WebSite\",\"@id\":\"https:\\\/\\\/kidsplay.lt\\\/#website\",\"url\":\"https:\\\/\\\/kidsplay.lt\\\/\",\"name\":\"Kidsplay.lt\",\"description\":\"\u012evairios prek\u0117s vaikams\",\"publisher\":{\"@id\":\"https:\\\/\\\/kidsplay.lt\\\/#organization\"},\"alternateName\":\"Kidsplay\",\"potentialAction\":[{\"@type\":\"SearchAction\",\"target\":{\"@type\":\"EntryPoint\",\"urlTemplate\":\"https:\\\/\\\/kidsplay.lt\\\/?s={search_term_string}\"},\"query-input\":{\"@type\":\"PropertyValueSpecification\",\"valueRequired\":true,\"valueName\":\"search_term_string\"}}],\"inLanguage\":\"lv-LV\"},{\"@type\":\"Organization\",\"@id\":\"https:\\\/\\\/kidsplay.lt\\\/#organization\",\"name\":\"KidsPlay\",\"url\":\"https:\\\/\\\/kidsplay.lt\\\/\",\"logo\":{\"@type\":\"ImageObject\",\"inLanguage\":\"lv-LV\",\"@id\":\"https:\\\/\\\/kidsplay.lt\\\/#\\\/schema\\\/logo\\\/image\\\/\",\"url\":\"https:\\\/\\\/kidsplay.lt\\\/wp-content\\\/uploads\\\/2023\\\/07\\\/kidsplay-logo.png\",\"contentUrl\":\"https:\\\/\\\/kidsplay.lt\\\/wp-content\\\/uploads\\\/2023\\\/07\\\/kidsplay-logo.png\",\"width\":451,\"height\":98,\"caption\":\"KidsPlay\"},\"image\":{\"@id\":\"https:\\\/\\\/kidsplay.lt\\\/#\\\/schema\\\/logo\\\/image\\\/\"},\"sameAs\":[\"https:\\\/\\\/www.facebook.com\\\/www.kidsplay.lt\"]}]}<\/script>\n<!-- \/ Yoast SEO plugin. -->","yoast_head_json":{"title":"SMOBY Life b\u0113rnu slidkalni\u0146\u0161 XL 230 cm","description":"SMOBY Life Vaiki\u0161ka \u010diuo\u017eykla XL 230 cm - KidsPlay. Did\u017eiausias vaik\u0173 \u017eaisl\u0173 pasirinkimas.","robots":{"index":"index","follow":"follow","max-snippet":"max-snippet:-1","max-image-preview":"max-image-preview:large","max-video-preview":"max-video-preview:-1"},"canonical":"https:\/\/kidsplay.lt\/lv\/products\/smoby-life-vaikiska-ciuozykla-xl-230-cm\/","og_locale":"lv_LV","og_type":"article","og_title":"SMOBY Life Vaiki\u0161ka \u010diuo\u017eykla XL 230 cm","og_description":"SMOBY Life Vaiki\u0161ka \u010diuo\u017eykla XL 230 cm - KidsPlay. Did\u017eiausias vaik\u0173 \u017eaisl\u0173 pasirinkimas.","og_url":"https:\/\/kidsplay.lt\/lv\/products\/smoby-life-vaikiska-ciuozykla-xl-230-cm\/","og_site_name":"KidsPlay","article_publisher":"https:\/\/www.facebook.com\/www.kidsplay.lt","article_modified_time":"2026-04-07T06:53:35+00:00","og_image":[{"width":1000,"height":1000,"url":"https:\/\/kidsplay.lt\/wp-content\/uploads\/2025\/12\/SMOBY-Life-Vaikiska-ciuozykla-XL-230-cm.jpg","type":"image\/jpeg"}],"twitter_card":"summary_large_image","twitter_misc":{"Est. reading time":"1 min\u016bte"},"schema":{"@context":"https:\/\/schema.org","@graph":[{"@type":"WebPage","@id":"https:\/\/kidsplay.lt\/produktas\/smoby-life-vaikiska-ciuozykla-xl-230-cm\/","url":"https:\/\/kidsplay.lt\/produktas\/smoby-life-vaikiska-ciuozykla-xl-230-cm\/","name":"SMOBY Life b\u0113rnu slidkalni\u0146\u0161 XL 230 cm","isPartOf":{"@id":"https:\/\/kidsplay.lt\/#website"},"primaryImageOfPage":{"@id":"https:\/\/kidsplay.lt\/produktas\/smoby-life-vaikiska-ciuozykla-xl-230-cm\/#primaryimage"},"image":{"@id":"https:\/\/kidsplay.lt\/produktas\/smoby-life-vaikiska-ciuozykla-xl-230-cm\/#primaryimage"},"thumbnailUrl":"https:\/\/kidsplay.lt\/wp-content\/uploads\/2025\/12\/SMOBY-Life-Vaikiska-ciuozykla-XL-230-cm.jpg","datePublished":"2025-12-04T07:22:46+00:00","dateModified":"2026-04-07T06:53:35+00:00","description":"SMOBY Life Vaiki\u0161ka \u010diuo\u017eykla XL 230 cm - KidsPlay. Did\u017eiausias vaik\u0173 \u017eaisl\u0173 pasirinkimas.","breadcrumb":{"@id":"https:\/\/kidsplay.lt\/produktas\/smoby-life-vaikiska-ciuozykla-xl-230-cm\/#breadcrumb"},"inLanguage":"lv-LV","potentialAction":[{"@type":"ReadAction","target":["https:\/\/kidsplay.lt\/produktas\/smoby-life-vaikiska-ciuozykla-xl-230-cm\/"]}]},{"@type":"ImageObject","inLanguage":"lv-LV","@id":"https:\/\/kidsplay.lt\/produktas\/smoby-life-vaikiska-ciuozykla-xl-230-cm\/#primaryimage","url":"https:\/\/kidsplay.lt\/wp-content\/uploads\/2025\/12\/SMOBY-Life-Vaikiska-ciuozykla-XL-230-cm.jpg","contentUrl":"https:\/\/kidsplay.lt\/wp-content\/uploads\/2025\/12\/SMOBY-Life-Vaikiska-ciuozykla-XL-230-cm.jpg","width":1000,"height":1000,"caption":"SMOBY Life Vaiki\u0161ka \u010diuo\u017eykla XL 230 cm"},{"@type":"BreadcrumbList","@id":"https:\/\/kidsplay.lt\/produktas\/smoby-life-vaikiska-ciuozykla-xl-230-cm\/#breadcrumb","itemListElement":[{"@type":"ListItem","position":1,"name":"Pagrindinis","item":"https:\/\/kidsplay.lt\/"},{"@type":"ListItem","position":2,"name":"Parduotuv\u0117","item":"https:\/\/kidsplay.lt\/parduotuve\/"},{"@type":"ListItem","position":3,"name":"SMOBY Life Vaiki\u0161ka \u010diuo\u017eykla XL 230 cm"}]},{"@type":"WebSite","@id":"https:\/\/kidsplay.lt\/#website","url":"https:\/\/kidsplay.lt\/","name":"B\u0113rnu sp\u0113les.lv","description":"\u012evairios prek\u0117s vaikams","publisher":{"@id":"https:\/\/kidsplay.lt\/#organization"},"alternateName":"Kidsplay","potentialAction":[{"@type":"SearchAction","target":{"@type":"EntryPoint","urlTemplate":"https:\/\/kidsplay.lt\/?s={search_term_string}"},"query-input":{"@type":"PropertyValueSpecification","valueRequired":true,"valueName":"search_term_string"}}],"inLanguage":"lv-LV"},{"@type":"Organization","@id":"https:\/\/kidsplay.lt\/#organization","name":"B\u0113rnu sp\u0113le","url":"https:\/\/kidsplay.lt\/","logo":{"@type":"ImageObject","inLanguage":"lv-LV","@id":"https:\/\/kidsplay.lt\/#\/schema\/logo\/image\/","url":"https:\/\/kidsplay.lt\/wp-content\/uploads\/2023\/07\/kidsplay-logo.png","contentUrl":"https:\/\/kidsplay.lt\/wp-content\/uploads\/2023\/07\/kidsplay-logo.png","width":451,"height":98,"caption":"KidsPlay"},"image":{"@id":"https:\/\/kidsplay.lt\/#\/schema\/logo\/image\/"},"sameAs":["https:\/\/www.facebook.com\/www.kidsplay.lt"]}]}},"_links":{"self":[{"href":"https:\/\/kidsplay.lt\/lv\/wp-json\/wp\/v2\/product\/81628","targetHints":{"allow":["GET"]}}],"collection":[{"href":"https:\/\/kidsplay.lt\/lv\/wp-json\/wp\/v2\/product"}],"about":[{"href":"https:\/\/kidsplay.lt\/lv\/wp-json\/wp\/v2\/types\/product"}],"version-history":[{"count":1,"href":"https:\/\/kidsplay.lt\/lv\/wp-json\/wp\/v2\/product\/81628\/revisions"}],"predecessor-version":[{"id":81629,"href":"https:\/\/kidsplay.lt\/lv\/wp-json\/wp\/v2\/product\/81628\/revisions\/81629"}],"wp:featuredmedia":[{"embeddable":true,"href":"https:\/\/kidsplay.lt\/lv\/wp-json\/wp\/v2\/media\/81630"}],"wp:attachment":[{"href":"https:\/\/kidsplay.lt\/lv\/wp-json\/wp\/v2\/media?parent=81628"}],"wp:term":[{"taxonomy":"product_brand","embeddable":true,"href":"https:\/\/kidsplay.lt\/lv\/wp-json\/wp\/v2\/product_brand?post=81628"},{"taxonomy":"product_cat","embeddable":true,"href":"https:\/\/kidsplay.lt\/lv\/wp-json\/wp\/v2\/product_cat?post=81628"},{"taxonomy":"product_tag","embeddable":true,"href":"https:\/\/kidsplay.lt\/lv\/wp-json\/wp\/v2\/product_tag?post=81628"}],"curies":[{"name":"wp","href":"https:\/\/api.w.org\/{rel}","templated":true}]}}