{"id":81677,"date":"2025-12-04T09:26:27","date_gmt":"2025-12-04T07:26:27","guid":{"rendered":"https:\/\/kidsplay.lt\/produktas\/viga-medine-daugiafunkcine-manipuliavimo-lenta\/"},"modified":"2026-04-13T14:15:31","modified_gmt":"2026-04-13T11:15:31","slug":"viga-medine-daugiafunkcine-manipuliavimo-lenta","status":"publish","type":"product","link":"https:\/\/kidsplay.lt\/lv\/products\/viga-medine-daugiafunkcine-manipuliavimo-lenta\/","title":{"rendered":"VIGA koka daudzfunkcion\u0101ls manipul\u0101cijas d\u0113lis"},"content":{"rendered":"<p>Medin\u0117 manipuliavimo lenta\u00a0i\u0161 mark\u0117s\u00a0Vyga\u00a0i\u0161 serijos\u00a0PolarB\u00a0tai tobulas lavinamasis \u017eaislas jauniausiems pasaulio tyrin\u0117tojams. Jame yra element\u0173, kurie pritraukia\u00a0vaiko d\u0117mesio\u00a0\u2013 veidrodis, karoliuk\u0173 labirintas, krumpliara\u010diai ir slankiklis. Kiekvienas i\u0161 j\u0173 palaiko jutimo vystym\u0105si ir moko motorin\u0117s koordinacijos per \u017eaidim\u0105. Pastelini\u0173 spalv\u0173 ir maloniai lie\u010diamos strukt\u016bros d\u0117ka lenta\u00a0stimuliuoja poj\u016b\u010dius ir skatina juos\u00a0eksperimentuoti. Tai puiki dovana, kurioje viename gaminyje dera saugumas, estetika ir funkcionalumas!<\/p>\n<p>Raksturojums:<\/p>\n<p> \t&#8211; Skirta vaikams\u00a0nuo 12 m\u0117nesi\u0173 am\u017eiaus<br \/>\n \t&#8211; Pagaminta i\u0161 auk\u0161tos kokyb\u0117s, saugi mediena<br \/>\n \t&#8211; Pastelin\u0117s spalvos\u00a0\u2013 \u0161velnus ir draugi\u0161kas akims<br \/>\n \t&#8211; 4 medvilniniai rai\u0161\u010diai,\u00a0\u012fjungimas tvirtinimas prie lovel\u0117s ar ve\u017eim\u0117lio<br \/>\n \t&#8211; Taip pat galima naudoti ant lygaus pavir\u0161iaus<br \/>\n \t&#8211; Palaiko\u00a0mokym\u0105si\u00a0per prisilietim\u0105, jud\u0117jim\u0105 ir steb\u0117jim\u0105<\/p>\n<p>Komplekt\u0101 ietilpst:<\/p>\n<p> \t&#8211; Veidrod\u0117lis<br \/>\n \t&#8211; Beaded-on-wire labirintas<br \/>\n \t&#8211; Pavar\u0173 komplektas<br \/>\n \t&#8211; Slankiklis su slankiojan\u010diu elementu<br \/>\n \t&#8211; 4 medvilniniai Velcro dir\u017eeliai montavimui<\/p>","protected":false},"excerpt":{"rendered":"<p>Medin\u0117 manipuliavimo lenta\u00a0i\u0161 mark\u0117s\u00a0Vyga\u00a0i\u0161 serijos\u00a0PolarB\u00a0tai tobulas lavinamasis \u017eaislas jauniausiems pasaulio tyrin\u0117tojams. Jame yra element\u0173, kurie pritraukia\u00a0vaiko d\u0117mesio\u00a0\u2013 veidrodis, karoliuk\u0173 labirintas,<\/p>","protected":false},"featured_media":81679,"template":"","meta":{"_acf_changed":false,"_glsr_average":0,"_glsr_ranking":0,"_glsr_reviews":0},"product_brand":[],"product_cat":[549],"product_tag":[],"class_list":{"0":"post-81677","1":"product","2":"type-product","3":"status-publish","4":"has-post-thumbnail","6":"product_cat-manipuliacines-lentos","7":"\"style=\"background-color: #2ecc711c;\"","9":"first","10":"instock","11":"purchasable","12":"product-type-simple"},"acf":[],"yoast_head":"<!-- This site is optimized with the Yoast SEO plugin v27.4 - https:\/\/yoast.com\/product\/yoast-seo-wordpress\/ -->\n<title>VIGA medin\u0117 daugiafunkcin\u0117 manipuliavimo lenta<\/title>\n<meta name=\"description\" content=\"VIGA medin\u0117 daugiafunkcin\u0117 manipuliavimo lenta - KidsPlay. Did\u017eiausias vaik\u0173 \u017eaisl\u0173 pasirinkimas.\" \/>\n<meta name=\"robots\" content=\"index, follow, max-snippet:-1, max-image-preview:large, max-video-preview:-1\" \/>\n<link rel=\"canonical\" href=\"https:\/\/kidsplay.lt\/lv\/products\/viga-medine-daugiafunkcine-manipuliavimo-lenta\/\" \/>\n<meta property=\"og:locale\" content=\"lv_LV\" \/>\n<meta property=\"og:type\" content=\"article\" \/>\n<meta property=\"og:title\" content=\"VIGA medin\u0117 daugiafunkcin\u0117 manipuliavimo lenta\" \/>\n<meta property=\"og:description\" content=\"VIGA medin\u0117 daugiafunkcin\u0117 manipuliavimo lenta - KidsPlay. Did\u017eiausias vaik\u0173 \u017eaisl\u0173 pasirinkimas.\" \/>\n<meta property=\"og:url\" content=\"https:\/\/kidsplay.lt\/lv\/products\/viga-medine-daugiafunkcine-manipuliavimo-lenta\/\" \/>\n<meta property=\"og:site_name\" content=\"KidsPlay\" \/>\n<meta property=\"article:publisher\" content=\"https:\/\/www.facebook.com\/www.kidsplay.lt\" \/>\n<meta property=\"article:modified_time\" content=\"2026-04-13T11:15:31+00:00\" \/>\n<meta property=\"og:image\" content=\"https:\/\/kidsplay.lt\/wp-content\/uploads\/2025\/12\/VIGA-medine-daugiafunkcine-manipuliavimo-lenta.jpg\" \/>\n\t<meta property=\"og:image:width\" content=\"1000\" \/>\n\t<meta property=\"og:image:height\" content=\"1000\" \/>\n\t<meta property=\"og:image:type\" content=\"image\/jpeg\" \/>\n<meta name=\"twitter:card\" content=\"summary_large_image\" \/>\n<meta name=\"twitter:label1\" content=\"Est. reading time\" \/>\n\t<meta name=\"twitter:data1\" content=\"1 min\u016bte\" \/>\n<script type=\"application\/ld+json\" class=\"yoast-schema-graph\">{\"@context\":\"https:\\\/\\\/schema.org\",\"@graph\":[{\"@type\":\"WebPage\",\"@id\":\"https:\\\/\\\/kidsplay.lt\\\/produktas\\\/viga-medine-daugiafunkcine-manipuliavimo-lenta\\\/\",\"url\":\"https:\\\/\\\/kidsplay.lt\\\/produktas\\\/viga-medine-daugiafunkcine-manipuliavimo-lenta\\\/\",\"name\":\"VIGA medin\u0117 daugiafunkcin\u0117 manipuliavimo lenta\",\"isPartOf\":{\"@id\":\"https:\\\/\\\/kidsplay.lt\\\/#website\"},\"primaryImageOfPage\":{\"@id\":\"https:\\\/\\\/kidsplay.lt\\\/produktas\\\/viga-medine-daugiafunkcine-manipuliavimo-lenta\\\/#primaryimage\"},\"image\":{\"@id\":\"https:\\\/\\\/kidsplay.lt\\\/produktas\\\/viga-medine-daugiafunkcine-manipuliavimo-lenta\\\/#primaryimage\"},\"thumbnailUrl\":\"https:\\\/\\\/kidsplay.lt\\\/wp-content\\\/uploads\\\/2025\\\/12\\\/VIGA-medine-daugiafunkcine-manipuliavimo-lenta.jpg\",\"datePublished\":\"2025-12-04T07:26:27+00:00\",\"dateModified\":\"2026-04-13T11:15:31+00:00\",\"description\":\"VIGA medin\u0117 daugiafunkcin\u0117 manipuliavimo lenta - KidsPlay. Did\u017eiausias vaik\u0173 \u017eaisl\u0173 pasirinkimas.\",\"breadcrumb\":{\"@id\":\"https:\\\/\\\/kidsplay.lt\\\/produktas\\\/viga-medine-daugiafunkcine-manipuliavimo-lenta\\\/#breadcrumb\"},\"inLanguage\":\"lv-LV\",\"potentialAction\":[{\"@type\":\"ReadAction\",\"target\":[\"https:\\\/\\\/kidsplay.lt\\\/produktas\\\/viga-medine-daugiafunkcine-manipuliavimo-lenta\\\/\"]}]},{\"@type\":\"ImageObject\",\"inLanguage\":\"lv-LV\",\"@id\":\"https:\\\/\\\/kidsplay.lt\\\/produktas\\\/viga-medine-daugiafunkcine-manipuliavimo-lenta\\\/#primaryimage\",\"url\":\"https:\\\/\\\/kidsplay.lt\\\/wp-content\\\/uploads\\\/2025\\\/12\\\/VIGA-medine-daugiafunkcine-manipuliavimo-lenta.jpg\",\"contentUrl\":\"https:\\\/\\\/kidsplay.lt\\\/wp-content\\\/uploads\\\/2025\\\/12\\\/VIGA-medine-daugiafunkcine-manipuliavimo-lenta.jpg\",\"width\":1000,\"height\":1000,\"caption\":\"VIGA medin\u0117 daugiafunkcin\u0117 manipuliavimo lenta\"},{\"@type\":\"BreadcrumbList\",\"@id\":\"https:\\\/\\\/kidsplay.lt\\\/produktas\\\/viga-medine-daugiafunkcine-manipuliavimo-lenta\\\/#breadcrumb\",\"itemListElement\":[{\"@type\":\"ListItem\",\"position\":1,\"name\":\"Pagrindinis\",\"item\":\"https:\\\/\\\/kidsplay.lt\\\/\"},{\"@type\":\"ListItem\",\"position\":2,\"name\":\"Parduotuv\u0117\",\"item\":\"https:\\\/\\\/kidsplay.lt\\\/parduotuve\\\/\"},{\"@type\":\"ListItem\",\"position\":3,\"name\":\"VIGA medin\u0117 daugiafunkcin\u0117 manipuliavimo lenta\"}]},{\"@type\":\"WebSite\",\"@id\":\"https:\\\/\\\/kidsplay.lt\\\/#website\",\"url\":\"https:\\\/\\\/kidsplay.lt\\\/\",\"name\":\"Kidsplay.lt\",\"description\":\"\u012evairios prek\u0117s vaikams\",\"publisher\":{\"@id\":\"https:\\\/\\\/kidsplay.lt\\\/#organization\"},\"alternateName\":\"Kidsplay\",\"potentialAction\":[{\"@type\":\"SearchAction\",\"target\":{\"@type\":\"EntryPoint\",\"urlTemplate\":\"https:\\\/\\\/kidsplay.lt\\\/?s={search_term_string}\"},\"query-input\":{\"@type\":\"PropertyValueSpecification\",\"valueRequired\":true,\"valueName\":\"search_term_string\"}}],\"inLanguage\":\"lv-LV\"},{\"@type\":\"Organization\",\"@id\":\"https:\\\/\\\/kidsplay.lt\\\/#organization\",\"name\":\"KidsPlay\",\"url\":\"https:\\\/\\\/kidsplay.lt\\\/\",\"logo\":{\"@type\":\"ImageObject\",\"inLanguage\":\"lv-LV\",\"@id\":\"https:\\\/\\\/kidsplay.lt\\\/#\\\/schema\\\/logo\\\/image\\\/\",\"url\":\"https:\\\/\\\/kidsplay.lt\\\/wp-content\\\/uploads\\\/2023\\\/07\\\/kidsplay-logo.png\",\"contentUrl\":\"https:\\\/\\\/kidsplay.lt\\\/wp-content\\\/uploads\\\/2023\\\/07\\\/kidsplay-logo.png\",\"width\":451,\"height\":98,\"caption\":\"KidsPlay\"},\"image\":{\"@id\":\"https:\\\/\\\/kidsplay.lt\\\/#\\\/schema\\\/logo\\\/image\\\/\"},\"sameAs\":[\"https:\\\/\\\/www.facebook.com\\\/www.kidsplay.lt\"]}]}<\/script>\n<!-- \/ Yoast SEO plugin. -->","yoast_head_json":{"title":"VIGA koka daudzfunkcion\u0101ls manipul\u0101cijas d\u0113lis","description":"VIGA medin\u0117 daugiafunkcin\u0117 manipuliavimo lenta - KidsPlay. Did\u017eiausias vaik\u0173 \u017eaisl\u0173 pasirinkimas.","robots":{"index":"index","follow":"follow","max-snippet":"max-snippet:-1","max-image-preview":"max-image-preview:large","max-video-preview":"max-video-preview:-1"},"canonical":"https:\/\/kidsplay.lt\/lv\/products\/viga-medine-daugiafunkcine-manipuliavimo-lenta\/","og_locale":"lv_LV","og_type":"article","og_title":"VIGA medin\u0117 daugiafunkcin\u0117 manipuliavimo lenta","og_description":"VIGA medin\u0117 daugiafunkcin\u0117 manipuliavimo lenta - KidsPlay. Did\u017eiausias vaik\u0173 \u017eaisl\u0173 pasirinkimas.","og_url":"https:\/\/kidsplay.lt\/lv\/products\/viga-medine-daugiafunkcine-manipuliavimo-lenta\/","og_site_name":"KidsPlay","article_publisher":"https:\/\/www.facebook.com\/www.kidsplay.lt","article_modified_time":"2026-04-13T11:15:31+00:00","og_image":[{"width":1000,"height":1000,"url":"https:\/\/kidsplay.lt\/wp-content\/uploads\/2025\/12\/VIGA-medine-daugiafunkcine-manipuliavimo-lenta.jpg","type":"image\/jpeg"}],"twitter_card":"summary_large_image","twitter_misc":{"Est. reading time":"1 min\u016bte"},"schema":{"@context":"https:\/\/schema.org","@graph":[{"@type":"WebPage","@id":"https:\/\/kidsplay.lt\/produktas\/viga-medine-daugiafunkcine-manipuliavimo-lenta\/","url":"https:\/\/kidsplay.lt\/produktas\/viga-medine-daugiafunkcine-manipuliavimo-lenta\/","name":"VIGA koka daudzfunkcion\u0101ls manipul\u0101cijas d\u0113lis","isPartOf":{"@id":"https:\/\/kidsplay.lt\/#website"},"primaryImageOfPage":{"@id":"https:\/\/kidsplay.lt\/produktas\/viga-medine-daugiafunkcine-manipuliavimo-lenta\/#primaryimage"},"image":{"@id":"https:\/\/kidsplay.lt\/produktas\/viga-medine-daugiafunkcine-manipuliavimo-lenta\/#primaryimage"},"thumbnailUrl":"https:\/\/kidsplay.lt\/wp-content\/uploads\/2025\/12\/VIGA-medine-daugiafunkcine-manipuliavimo-lenta.jpg","datePublished":"2025-12-04T07:26:27+00:00","dateModified":"2026-04-13T11:15:31+00:00","description":"VIGA medin\u0117 daugiafunkcin\u0117 manipuliavimo lenta - KidsPlay. Did\u017eiausias vaik\u0173 \u017eaisl\u0173 pasirinkimas.","breadcrumb":{"@id":"https:\/\/kidsplay.lt\/produktas\/viga-medine-daugiafunkcine-manipuliavimo-lenta\/#breadcrumb"},"inLanguage":"lv-LV","potentialAction":[{"@type":"ReadAction","target":["https:\/\/kidsplay.lt\/produktas\/viga-medine-daugiafunkcine-manipuliavimo-lenta\/"]}]},{"@type":"ImageObject","inLanguage":"lv-LV","@id":"https:\/\/kidsplay.lt\/produktas\/viga-medine-daugiafunkcine-manipuliavimo-lenta\/#primaryimage","url":"https:\/\/kidsplay.lt\/wp-content\/uploads\/2025\/12\/VIGA-medine-daugiafunkcine-manipuliavimo-lenta.jpg","contentUrl":"https:\/\/kidsplay.lt\/wp-content\/uploads\/2025\/12\/VIGA-medine-daugiafunkcine-manipuliavimo-lenta.jpg","width":1000,"height":1000,"caption":"VIGA medin\u0117 daugiafunkcin\u0117 manipuliavimo lenta"},{"@type":"BreadcrumbList","@id":"https:\/\/kidsplay.lt\/produktas\/viga-medine-daugiafunkcine-manipuliavimo-lenta\/#breadcrumb","itemListElement":[{"@type":"ListItem","position":1,"name":"Pagrindinis","item":"https:\/\/kidsplay.lt\/"},{"@type":"ListItem","position":2,"name":"Parduotuv\u0117","item":"https:\/\/kidsplay.lt\/parduotuve\/"},{"@type":"ListItem","position":3,"name":"VIGA medin\u0117 daugiafunkcin\u0117 manipuliavimo lenta"}]},{"@type":"WebSite","@id":"https:\/\/kidsplay.lt\/#website","url":"https:\/\/kidsplay.lt\/","name":"B\u0113rnu sp\u0113les.lv","description":"\u012evairios prek\u0117s vaikams","publisher":{"@id":"https:\/\/kidsplay.lt\/#organization"},"alternateName":"Kidsplay","potentialAction":[{"@type":"SearchAction","target":{"@type":"EntryPoint","urlTemplate":"https:\/\/kidsplay.lt\/?s={search_term_string}"},"query-input":{"@type":"PropertyValueSpecification","valueRequired":true,"valueName":"search_term_string"}}],"inLanguage":"lv-LV"},{"@type":"Organization","@id":"https:\/\/kidsplay.lt\/#organization","name":"B\u0113rnu sp\u0113le","url":"https:\/\/kidsplay.lt\/","logo":{"@type":"ImageObject","inLanguage":"lv-LV","@id":"https:\/\/kidsplay.lt\/#\/schema\/logo\/image\/","url":"https:\/\/kidsplay.lt\/wp-content\/uploads\/2023\/07\/kidsplay-logo.png","contentUrl":"https:\/\/kidsplay.lt\/wp-content\/uploads\/2023\/07\/kidsplay-logo.png","width":451,"height":98,"caption":"KidsPlay"},"image":{"@id":"https:\/\/kidsplay.lt\/#\/schema\/logo\/image\/"},"sameAs":["https:\/\/www.facebook.com\/www.kidsplay.lt"]}]}},"_links":{"self":[{"href":"https:\/\/kidsplay.lt\/lv\/wp-json\/wp\/v2\/product\/81677","targetHints":{"allow":["GET"]}}],"collection":[{"href":"https:\/\/kidsplay.lt\/lv\/wp-json\/wp\/v2\/product"}],"about":[{"href":"https:\/\/kidsplay.lt\/lv\/wp-json\/wp\/v2\/types\/product"}],"version-history":[{"count":1,"href":"https:\/\/kidsplay.lt\/lv\/wp-json\/wp\/v2\/product\/81677\/revisions"}],"predecessor-version":[{"id":81678,"href":"https:\/\/kidsplay.lt\/lv\/wp-json\/wp\/v2\/product\/81677\/revisions\/81678"}],"wp:featuredmedia":[{"embeddable":true,"href":"https:\/\/kidsplay.lt\/lv\/wp-json\/wp\/v2\/media\/81679"}],"wp:attachment":[{"href":"https:\/\/kidsplay.lt\/lv\/wp-json\/wp\/v2\/media?parent=81677"}],"wp:term":[{"taxonomy":"product_brand","embeddable":true,"href":"https:\/\/kidsplay.lt\/lv\/wp-json\/wp\/v2\/product_brand?post=81677"},{"taxonomy":"product_cat","embeddable":true,"href":"https:\/\/kidsplay.lt\/lv\/wp-json\/wp\/v2\/product_cat?post=81677"},{"taxonomy":"product_tag","embeddable":true,"href":"https:\/\/kidsplay.lt\/lv\/wp-json\/wp\/v2\/product_tag?post=81677"}],"curies":[{"name":"wp","href":"https:\/\/api.w.org\/{rel}","templated":true}]}}