{"id":81682,"date":"2025-12-04T09:26:46","date_gmt":"2025-12-04T07:26:46","guid":{"rendered":"https:\/\/kidsplay.lt\/produktas\/viga-polarb-mediniai-spalvingi-montessori-pavaru-ratai\/"},"modified":"2026-04-07T09:54:06","modified_gmt":"2026-04-07T06:54:06","slug":"viga-polarb-mediniai-spalvingi-montessori-pavaru-ratai","status":"publish","type":"product","link":"https:\/\/kidsplay.lt\/lv\/products\/viga-polarb-mediniai-spalvingi-montessori-pavaru-ratai\/","title":{"rendered":"VIGA PolarB mediniai spalvingi Montessori pavar\u0173 ratai"},"content":{"rendered":"<p>Mediena\u00a0pavar\u0173\u00a0i\u0161 mark\u0117s\u00a0Vyga\u00a0i\u0161 serijos\u00a0PolarB, Jie yra puikus \u017eaislas vaikams, kurie nori i\u0161tirti aplinkin\u012f pasaul\u012f. \u0160is spalvingas \u017eaislas susideda i\u0161\u00a010 pavar\u0173kur\u012f vaikas pasir\u016bpina, kad sudaryt\u0173 judant\u012f\u00a0mechanizmas\u00a0\u2013 labai smagu kartu su mokymusi! Gra\u017e\u016bs ra\u0161tai ir\u00a0pastelin\u0117s spalvos\u00a0jie patraukia d\u0117mes\u012f ugdydami smalsum\u0105 ir login\u012f m\u0105stym\u0105. Kiekvienas rat\u0173 pasukimas yra d\u017eiaugsmas ma\u017eyliui atrasti, kaip veikia jud\u0117jimas. Tai puiki dovana ma\u017eiesiems pasaulio tyrin\u0117tojams, m\u0117gstantiems k\u016brybingas ir protingas pramogas!<\/p>\n<p>Raksturojums:<\/p>\n<p> \t&#8211; Skirta vaikams nuo\u00a018 m\u0117nesi\u0173 am\u017eiaus<br \/>\n \t&#8211; 10 \u017evaig\u017edu\u010di\u0173\u00a0galite j\u012f i\u0161d\u0117styti \u012fvairiais b\u016bdais, suteikdami savo vaikui daug linksmybi\u0173 ir pasitenkinimo<br \/>\n \t&#8211; Pritvirtinta\u00a0jud\u0117jimo elementai\u00a0jie patrauks vaiko d\u0117mes\u012f<br \/>\n \t&#8211; Pagaminta i\u0161 auk\u0161tos kokyb\u0117s,\u00a0saugi mediena<br \/>\n \t&#8211; Spalv\u0173 palet\u0117\u00a0pasteliniu stiliumi, pritraukia d\u0117mes\u012f<br \/>\n \t&#8211; Stabiluslygi baz\u0117, draugi\u0161ka ma\u017eoms rankoms<\/p>\n<p>Komplekt\u0101 ietilpst:<\/p>\n<p> \t&#8211; Medin\u0117 lenta<br \/>\n \t&#8211; 10 pavar\u0173 ratai<br \/>\n \t&#8211; Gyv\u016bn\u0173 ir augal\u0173 formos dekoratyviniai elementai<\/p>","protected":false},"excerpt":{"rendered":"<p>Mediena\u00a0pavar\u0173\u00a0i\u0161 mark\u0117s\u00a0Vyga\u00a0i\u0161 serijos\u00a0PolarB, Jie yra puikus \u017eaislas vaikams, kurie nori i\u0161tirti aplinkin\u012f pasaul\u012f. \u0160is spalvingas \u017eaislas susideda i\u0161\u00a010 pavar\u0173kur\u012f vaikas<\/p>","protected":false},"featured_media":81684,"template":"","meta":{"_acf_changed":false,"_glsr_average":0,"_glsr_ranking":0,"_glsr_reviews":0},"product_brand":[],"product_cat":[884,883,229],"product_tag":[],"class_list":{"0":"post-81682","1":"product","2":"type-product","3":"status-publish","4":"has-post-thumbnail","6":"product_cat-edukaciniai-lavinamieji-mediniai-zaislai","7":"product_cat-mediniai-zaislai-2","8":"product_cat-zaislai-vaikams","9":"\"style=\"background-color: #2ecc711c;\"","11":"first","12":"instock","13":"purchasable","14":"product-type-simple"},"acf":[],"yoast_head":"<!-- This site is optimized with the Yoast SEO plugin v27.3 - https:\/\/yoast.com\/product\/yoast-seo-wordpress\/ -->\n<title>VIGA PolarB mediniai spalvingi Montessori pavar\u0173 ratai<\/title>\n<meta name=\"description\" content=\"VIGA PolarB mediniai spalvingi Montessori pavar\u0173 ratai - KidsPlay. Did\u017eiausias vaik\u0173 \u017eaisl\u0173 pasirinkimas.\" \/>\n<meta name=\"robots\" content=\"index, follow, max-snippet:-1, max-image-preview:large, max-video-preview:-1\" \/>\n<link rel=\"canonical\" href=\"https:\/\/kidsplay.lt\/lv\/products\/viga-polarb-mediniai-spalvingi-montessori-pavaru-ratai\/\" \/>\n<meta property=\"og:locale\" content=\"lv_LV\" \/>\n<meta property=\"og:type\" content=\"article\" \/>\n<meta property=\"og:title\" content=\"VIGA PolarB mediniai spalvingi Montessori pavar\u0173 ratai\" \/>\n<meta property=\"og:description\" content=\"VIGA PolarB mediniai spalvingi Montessori pavar\u0173 ratai - KidsPlay. Did\u017eiausias vaik\u0173 \u017eaisl\u0173 pasirinkimas.\" \/>\n<meta property=\"og:url\" content=\"https:\/\/kidsplay.lt\/lv\/products\/viga-polarb-mediniai-spalvingi-montessori-pavaru-ratai\/\" \/>\n<meta property=\"og:site_name\" content=\"KidsPlay\" \/>\n<meta property=\"article:publisher\" content=\"https:\/\/www.facebook.com\/www.kidsplay.lt\" \/>\n<meta property=\"article:modified_time\" content=\"2026-04-07T06:54:06+00:00\" \/>\n<meta property=\"og:image\" content=\"https:\/\/kidsplay.lt\/wp-content\/uploads\/2025\/12\/VIGA-PolarB-mediniai-spalvingi-Montessori-pavaru-ratai.jpg\" \/>\n\t<meta property=\"og:image:width\" content=\"1000\" \/>\n\t<meta property=\"og:image:height\" content=\"1000\" \/>\n\t<meta property=\"og:image:type\" content=\"image\/jpeg\" \/>\n<meta name=\"twitter:card\" content=\"summary_large_image\" \/>\n<meta name=\"twitter:label1\" content=\"Est. reading time\" \/>\n\t<meta name=\"twitter:data1\" content=\"1 min\u016bte\" \/>\n<script type=\"application\/ld+json\" class=\"yoast-schema-graph\">{\"@context\":\"https:\\\/\\\/schema.org\",\"@graph\":[{\"@type\":\"WebPage\",\"@id\":\"https:\\\/\\\/kidsplay.lt\\\/produktas\\\/viga-polarb-mediniai-spalvingi-montessori-pavaru-ratai\\\/\",\"url\":\"https:\\\/\\\/kidsplay.lt\\\/produktas\\\/viga-polarb-mediniai-spalvingi-montessori-pavaru-ratai\\\/\",\"name\":\"VIGA PolarB mediniai spalvingi Montessori pavar\u0173 ratai\",\"isPartOf\":{\"@id\":\"https:\\\/\\\/kidsplay.lt\\\/#website\"},\"primaryImageOfPage\":{\"@id\":\"https:\\\/\\\/kidsplay.lt\\\/produktas\\\/viga-polarb-mediniai-spalvingi-montessori-pavaru-ratai\\\/#primaryimage\"},\"image\":{\"@id\":\"https:\\\/\\\/kidsplay.lt\\\/produktas\\\/viga-polarb-mediniai-spalvingi-montessori-pavaru-ratai\\\/#primaryimage\"},\"thumbnailUrl\":\"https:\\\/\\\/kidsplay.lt\\\/wp-content\\\/uploads\\\/2025\\\/12\\\/VIGA-PolarB-mediniai-spalvingi-Montessori-pavaru-ratai.jpg\",\"datePublished\":\"2025-12-04T07:26:46+00:00\",\"dateModified\":\"2026-04-07T06:54:06+00:00\",\"description\":\"VIGA PolarB mediniai spalvingi Montessori pavar\u0173 ratai - KidsPlay. Did\u017eiausias vaik\u0173 \u017eaisl\u0173 pasirinkimas.\",\"breadcrumb\":{\"@id\":\"https:\\\/\\\/kidsplay.lt\\\/produktas\\\/viga-polarb-mediniai-spalvingi-montessori-pavaru-ratai\\\/#breadcrumb\"},\"inLanguage\":\"lv-LV\",\"potentialAction\":[{\"@type\":\"ReadAction\",\"target\":[\"https:\\\/\\\/kidsplay.lt\\\/produktas\\\/viga-polarb-mediniai-spalvingi-montessori-pavaru-ratai\\\/\"]}]},{\"@type\":\"ImageObject\",\"inLanguage\":\"lv-LV\",\"@id\":\"https:\\\/\\\/kidsplay.lt\\\/produktas\\\/viga-polarb-mediniai-spalvingi-montessori-pavaru-ratai\\\/#primaryimage\",\"url\":\"https:\\\/\\\/kidsplay.lt\\\/wp-content\\\/uploads\\\/2025\\\/12\\\/VIGA-PolarB-mediniai-spalvingi-Montessori-pavaru-ratai.jpg\",\"contentUrl\":\"https:\\\/\\\/kidsplay.lt\\\/wp-content\\\/uploads\\\/2025\\\/12\\\/VIGA-PolarB-mediniai-spalvingi-Montessori-pavaru-ratai.jpg\",\"width\":1000,\"height\":1000,\"caption\":\"VIGA PolarB mediniai spalvingi Montessori pavar\u0173 ratai\"},{\"@type\":\"BreadcrumbList\",\"@id\":\"https:\\\/\\\/kidsplay.lt\\\/produktas\\\/viga-polarb-mediniai-spalvingi-montessori-pavaru-ratai\\\/#breadcrumb\",\"itemListElement\":[{\"@type\":\"ListItem\",\"position\":1,\"name\":\"Pagrindinis\",\"item\":\"https:\\\/\\\/kidsplay.lt\\\/\"},{\"@type\":\"ListItem\",\"position\":2,\"name\":\"Parduotuv\u0117\",\"item\":\"https:\\\/\\\/kidsplay.lt\\\/parduotuve\\\/\"},{\"@type\":\"ListItem\",\"position\":3,\"name\":\"VIGA PolarB mediniai spalvingi Montessori pavar\u0173 ratai\"}]},{\"@type\":\"WebSite\",\"@id\":\"https:\\\/\\\/kidsplay.lt\\\/#website\",\"url\":\"https:\\\/\\\/kidsplay.lt\\\/\",\"name\":\"Kidsplay.lt\",\"description\":\"\u012evairios prek\u0117s vaikams\",\"publisher\":{\"@id\":\"https:\\\/\\\/kidsplay.lt\\\/#organization\"},\"alternateName\":\"Kidsplay\",\"potentialAction\":[{\"@type\":\"SearchAction\",\"target\":{\"@type\":\"EntryPoint\",\"urlTemplate\":\"https:\\\/\\\/kidsplay.lt\\\/?s={search_term_string}\"},\"query-input\":{\"@type\":\"PropertyValueSpecification\",\"valueRequired\":true,\"valueName\":\"search_term_string\"}}],\"inLanguage\":\"lv-LV\"},{\"@type\":\"Organization\",\"@id\":\"https:\\\/\\\/kidsplay.lt\\\/#organization\",\"name\":\"KidsPlay\",\"url\":\"https:\\\/\\\/kidsplay.lt\\\/\",\"logo\":{\"@type\":\"ImageObject\",\"inLanguage\":\"lv-LV\",\"@id\":\"https:\\\/\\\/kidsplay.lt\\\/#\\\/schema\\\/logo\\\/image\\\/\",\"url\":\"https:\\\/\\\/kidsplay.lt\\\/wp-content\\\/uploads\\\/2023\\\/07\\\/kidsplay-logo.png\",\"contentUrl\":\"https:\\\/\\\/kidsplay.lt\\\/wp-content\\\/uploads\\\/2023\\\/07\\\/kidsplay-logo.png\",\"width\":451,\"height\":98,\"caption\":\"KidsPlay\"},\"image\":{\"@id\":\"https:\\\/\\\/kidsplay.lt\\\/#\\\/schema\\\/logo\\\/image\\\/\"},\"sameAs\":[\"https:\\\/\\\/www.facebook.com\\\/www.kidsplay.lt\"]}]}<\/script>\n<!-- \/ Yoast SEO plugin. -->","yoast_head_json":{"title":"VIGA PolarB mediniai spalvingi Montessori pavar\u0173 ratai","description":"VIGA PolarB mediniai spalvingi Montessori pavar\u0173 ratai - KidsPlay. Did\u017eiausias vaik\u0173 \u017eaisl\u0173 pasirinkimas.","robots":{"index":"index","follow":"follow","max-snippet":"max-snippet:-1","max-image-preview":"max-image-preview:large","max-video-preview":"max-video-preview:-1"},"canonical":"https:\/\/kidsplay.lt\/lv\/products\/viga-polarb-mediniai-spalvingi-montessori-pavaru-ratai\/","og_locale":"lv_LV","og_type":"article","og_title":"VIGA PolarB mediniai spalvingi Montessori pavar\u0173 ratai","og_description":"VIGA PolarB mediniai spalvingi Montessori pavar\u0173 ratai - KidsPlay. Did\u017eiausias vaik\u0173 \u017eaisl\u0173 pasirinkimas.","og_url":"https:\/\/kidsplay.lt\/lv\/products\/viga-polarb-mediniai-spalvingi-montessori-pavaru-ratai\/","og_site_name":"KidsPlay","article_publisher":"https:\/\/www.facebook.com\/www.kidsplay.lt","article_modified_time":"2026-04-07T06:54:06+00:00","og_image":[{"width":1000,"height":1000,"url":"https:\/\/kidsplay.lt\/wp-content\/uploads\/2025\/12\/VIGA-PolarB-mediniai-spalvingi-Montessori-pavaru-ratai.jpg","type":"image\/jpeg"}],"twitter_card":"summary_large_image","twitter_misc":{"Est. reading time":"1 min\u016bte"},"schema":{"@context":"https:\/\/schema.org","@graph":[{"@type":"WebPage","@id":"https:\/\/kidsplay.lt\/produktas\/viga-polarb-mediniai-spalvingi-montessori-pavaru-ratai\/","url":"https:\/\/kidsplay.lt\/produktas\/viga-polarb-mediniai-spalvingi-montessori-pavaru-ratai\/","name":"VIGA PolarB mediniai spalvingi Montessori pavar\u0173 ratai","isPartOf":{"@id":"https:\/\/kidsplay.lt\/#website"},"primaryImageOfPage":{"@id":"https:\/\/kidsplay.lt\/produktas\/viga-polarb-mediniai-spalvingi-montessori-pavaru-ratai\/#primaryimage"},"image":{"@id":"https:\/\/kidsplay.lt\/produktas\/viga-polarb-mediniai-spalvingi-montessori-pavaru-ratai\/#primaryimage"},"thumbnailUrl":"https:\/\/kidsplay.lt\/wp-content\/uploads\/2025\/12\/VIGA-PolarB-mediniai-spalvingi-Montessori-pavaru-ratai.jpg","datePublished":"2025-12-04T07:26:46+00:00","dateModified":"2026-04-07T06:54:06+00:00","description":"VIGA PolarB mediniai spalvingi Montessori pavar\u0173 ratai - KidsPlay. Did\u017eiausias vaik\u0173 \u017eaisl\u0173 pasirinkimas.","breadcrumb":{"@id":"https:\/\/kidsplay.lt\/produktas\/viga-polarb-mediniai-spalvingi-montessori-pavaru-ratai\/#breadcrumb"},"inLanguage":"lv-LV","potentialAction":[{"@type":"ReadAction","target":["https:\/\/kidsplay.lt\/produktas\/viga-polarb-mediniai-spalvingi-montessori-pavaru-ratai\/"]}]},{"@type":"ImageObject","inLanguage":"lv-LV","@id":"https:\/\/kidsplay.lt\/produktas\/viga-polarb-mediniai-spalvingi-montessori-pavaru-ratai\/#primaryimage","url":"https:\/\/kidsplay.lt\/wp-content\/uploads\/2025\/12\/VIGA-PolarB-mediniai-spalvingi-Montessori-pavaru-ratai.jpg","contentUrl":"https:\/\/kidsplay.lt\/wp-content\/uploads\/2025\/12\/VIGA-PolarB-mediniai-spalvingi-Montessori-pavaru-ratai.jpg","width":1000,"height":1000,"caption":"VIGA PolarB mediniai spalvingi Montessori pavar\u0173 ratai"},{"@type":"BreadcrumbList","@id":"https:\/\/kidsplay.lt\/produktas\/viga-polarb-mediniai-spalvingi-montessori-pavaru-ratai\/#breadcrumb","itemListElement":[{"@type":"ListItem","position":1,"name":"Pagrindinis","item":"https:\/\/kidsplay.lt\/"},{"@type":"ListItem","position":2,"name":"Parduotuv\u0117","item":"https:\/\/kidsplay.lt\/parduotuve\/"},{"@type":"ListItem","position":3,"name":"VIGA PolarB mediniai spalvingi Montessori pavar\u0173 ratai"}]},{"@type":"WebSite","@id":"https:\/\/kidsplay.lt\/#website","url":"https:\/\/kidsplay.lt\/","name":"B\u0113rnu sp\u0113les.lv","description":"\u012evairios prek\u0117s vaikams","publisher":{"@id":"https:\/\/kidsplay.lt\/#organization"},"alternateName":"Kidsplay","potentialAction":[{"@type":"SearchAction","target":{"@type":"EntryPoint","urlTemplate":"https:\/\/kidsplay.lt\/?s={search_term_string}"},"query-input":{"@type":"PropertyValueSpecification","valueRequired":true,"valueName":"search_term_string"}}],"inLanguage":"lv-LV"},{"@type":"Organization","@id":"https:\/\/kidsplay.lt\/#organization","name":"B\u0113rnu sp\u0113le","url":"https:\/\/kidsplay.lt\/","logo":{"@type":"ImageObject","inLanguage":"lv-LV","@id":"https:\/\/kidsplay.lt\/#\/schema\/logo\/image\/","url":"https:\/\/kidsplay.lt\/wp-content\/uploads\/2023\/07\/kidsplay-logo.png","contentUrl":"https:\/\/kidsplay.lt\/wp-content\/uploads\/2023\/07\/kidsplay-logo.png","width":451,"height":98,"caption":"KidsPlay"},"image":{"@id":"https:\/\/kidsplay.lt\/#\/schema\/logo\/image\/"},"sameAs":["https:\/\/www.facebook.com\/www.kidsplay.lt"]}]}},"_links":{"self":[{"href":"https:\/\/kidsplay.lt\/lv\/wp-json\/wp\/v2\/product\/81682","targetHints":{"allow":["GET"]}}],"collection":[{"href":"https:\/\/kidsplay.lt\/lv\/wp-json\/wp\/v2\/product"}],"about":[{"href":"https:\/\/kidsplay.lt\/lv\/wp-json\/wp\/v2\/types\/product"}],"version-history":[{"count":1,"href":"https:\/\/kidsplay.lt\/lv\/wp-json\/wp\/v2\/product\/81682\/revisions"}],"predecessor-version":[{"id":81683,"href":"https:\/\/kidsplay.lt\/lv\/wp-json\/wp\/v2\/product\/81682\/revisions\/81683"}],"wp:featuredmedia":[{"embeddable":true,"href":"https:\/\/kidsplay.lt\/lv\/wp-json\/wp\/v2\/media\/81684"}],"wp:attachment":[{"href":"https:\/\/kidsplay.lt\/lv\/wp-json\/wp\/v2\/media?parent=81682"}],"wp:term":[{"taxonomy":"product_brand","embeddable":true,"href":"https:\/\/kidsplay.lt\/lv\/wp-json\/wp\/v2\/product_brand?post=81682"},{"taxonomy":"product_cat","embeddable":true,"href":"https:\/\/kidsplay.lt\/lv\/wp-json\/wp\/v2\/product_cat?post=81682"},{"taxonomy":"product_tag","embeddable":true,"href":"https:\/\/kidsplay.lt\/lv\/wp-json\/wp\/v2\/product_tag?post=81682"}],"curies":[{"name":"wp","href":"https:\/\/api.w.org\/{rel}","templated":true}]}}