{"id":81742,"date":"2025-12-05T10:22:27","date_gmt":"2025-12-05T08:22:27","guid":{"rendered":"https:\/\/kidsplay.lt\/?post_type=product&#038;p=81742"},"modified":"2025-12-30T10:26:31","modified_gmt":"2025-12-30T08:26:31","slug":"dainuojancios-leles-elza-ana-olafas","status":"publish","type":"product","link":"https:\/\/kidsplay.lt\/lv\/products\/dainuojancios-leles-elza-ana-olafas\/","title":{"rendered":"Dainuojan\u010dios l\u0117l\u0117s Elza, Ana, Olafas"},"content":{"rendered":"<div class=\"mpof_ki myre_zn myre_8v_l m389_6m_l\">\n<div class=\"mp4t_16_s mryx_16_s mr3m_1 mli2_1 mh85_56 mh85_0_l\">\n<div class=\"mgn2_16 _0d3bd_am0a-\">\n<h1><span dir=\"auto\">\u2b50\u0160aldyta l\u0117l\u0117<\/span><\/h1>\n<h2><span dir=\"auto\">Elsa ir Ana ir Olafas<\/span><\/h2>\n<ul>\n<li><span dir=\"auto\">L\u0117l\u0117s aprengtos gra\u017eiomis suknel\u0117mis, kurias galima lengvai nuimti.<\/span><\/li>\n<li><span dir=\"auto\">Elsa ir Ana turi judan\u010dias galvas, kojas ir rankas<\/span><\/li>\n<li><span dir=\"auto\">Jie turi gra\u017eius ilgus plaukus.<\/span><\/li>\n<li><span dir=\"auto\">Rinkinyje yra Olafo guminis sniego senis.<\/span><\/li>\n<li><span dir=\"auto\">L\u0117l\u0117s auk\u0161tis 30 cm<\/span><\/li>\n<li><span dir=\"auto\">Sniego senio auk\u0161tis 7,5 cm<\/span><\/li>\n<li><span dir=\"auto\">L\u0117l\u0117s supakuotos spalvingoje d\u0117\u017eut\u0117je, puikiai tinkan\u010dioje dovanai<\/span><\/li>\n<\/ul>\n<\/div>\n<\/div>\n<\/div>\n<div class=\"mpof_ki myre_zn myre_8v_l m389_6m_l\">\n<div class=\"mp4t_16_s mryx_16_s mr3m_1 mli2_1 mh85_56 mh85_0_l\">\n<div class=\"mgn2_16 _0d3bd_am0a-\">\n<h2><span dir=\"auto\">\u2b50\u017dINOMA IR M\u0116GSTAMA PASAKA<\/span><\/h2>\n<p><b><span dir=\"auto\">\u201eLedo \u0161alis\u201c<\/span><\/b><span dir=\"auto\">\u00a0, dar \u017einomas kaip\u00a0<\/span><b><span dir=\"auto\">\u201eLedo \u0161alis<\/span><\/b><span dir=\"auto\">\u00a0\u201c, yra \u017eavus ir jaudinantis animacinis filmas, sukurtas \u201eWalt Disney Animation Studios\u201c. Filmas tapo tarptautiniu hitu ir u\u017ekariavo \u017ei\u016brov\u0173 \u0161irdis visame pasaulyje. \u0160tai trumpas filmo apra\u0161ymas:<\/span><\/p>\n<p><span dir=\"auto\">\u201eLedo \u0161alis\u201c veiksmas vyksta Arendel\u0117s karalyst\u0117je, kur gyvena\u00a0<\/span><b><span dir=\"auto\">Elsa<\/span><\/b><span dir=\"auto\">\u00a0, vyresnioji sesuo, turinti magi\u0161k\u0173 gali\u0173, susijusi\u0173 su ledo ir sniego manipuliavimu. Ta\u010diau po nekontroliuojamo gali\u0173 protr\u016bkio Elsa pab\u0117ga \u012f kalnus, kad pasl\u0117pt\u0173 savo sugeb\u0117jimus. Jaunesnioji sesuo\u00a0<\/span><b><span dir=\"auto\">Ana<\/span><\/b><span dir=\"auto\">\u00a0i\u0161siruo\u0161ia j\u0105 surasti ir parsive\u017eti namo.<\/span><\/p>\n<p><span dir=\"auto\">Savo kelion\u0117je Ana prisijungia prie \u012fvairios draug\u0173 grup\u0117s, \u012fskaitant suman\u0173, geriant\u012f ir i\u0161tikim\u0105 elni\u0105 Sven\u0105, taip pat bebaim\u012f Kristof\u0105 ir jo \u017eaisming\u0105 sniego senio kompanion\u0105\u00a0<\/span><b><span dir=\"auto\">Olaf\u0105<\/span><\/b><span dir=\"auto\">\u00a0. Kartu jie leid\u017eiasi \u012f pavojing\u0105 kelion\u0119, siekdami i\u0161laisvinti Arendel\u0119 i\u0161 am\u017einos \u017eiemos, kuri\u0105 nety\u010dia suk\u0117l\u0117 Elsa.<\/span><\/p>\n<p><span dir=\"auto\">\u201eLedo \u0161alis\u201c \u2013 tai istorija apie\u00a0<\/span><b><span dir=\"auto\">seseri\u0161k\u0105 meil\u0119, dr\u0105s\u0105 ir pasiaukojim\u0105<\/span><\/b><span dir=\"auto\">\u00a0. Tai taip pat istorija apie sav\u0119s ir savo unikali\u0173 dovan\u0173 pri\u0117mim\u0105. Pasaka perteikia \u017eini\u0105 apie meil\u0117s gali\u0105 \u012fveikti visas kli\u016btis.<\/span><\/p>\n<\/div>\n<\/div>\n<div class=\"mp4t_16_s mryx_16_s mr3m_1 mli2_1 mh85_56 mh85_0_l\">\n<div class=\"mg9e_8 mj7a_8 mg9e_0_s mvrt_0_s mj7a_0_s mh36_0_s mzmg_6m munh_16_l m3h2_16_l\">\n<div class=\"mp4t_0 mryx_0 munh_56 m3h2_56\">\n<div class=\"mp7g_oh\"><button class=\"mg9e_0 mvrt_0 mj7a_0 mh36_0 mp4t_0 m3h2_0 mryx_0 munh_0 mqen_m6 mpof_z0 mx7m_0 m7er_k4 mse2_k4 msts_pt\" data-analytics-interaction=\"true\" data-analytics-interaction-label=\"zoomable-image-open\" aria-disabled=\"true\"><img decoding=\"async\" class=\"msub_k4 mupj_5k mjru_k4 mse2_k4 mp7g_f6 mq1m_0 mj7u_0 m7er_k4 mqen_m6 m31c_d8 m0ux_fp lazyloaded\" src=\"https:\/\/a.allegroimg.com\/original\/11e627\/44499d7c494f89a90c46c85b4384\/LALKI-SPIEWAJACE-FROZEN-KRAINA-LODU-ELSA-ANNA-OLAF-28cm-PIOSENKA-Z-BAJKI-Kod-producenta-1083\" sizes=\"(min-width: 1200px) 560px, (min-width: 992px) 50vw, 100vw\" srcset=\"https:\/\/a.allegroimg.com\/s360\/11e627\/44499d7c494f89a90c46c85b4384\/LALKI-SPIEWAJACE-FROZEN-KRAINA-LODU-ELSA-ANNA-OLAF-28cm-PIOSENKA-Z-BAJKI-Kod-producenta-1083 202w,https:\/\/a.allegroimg.com\/s720\/11e627\/44499d7c494f89a90c46c85b4384\/LALKI-SPIEWAJACE-FROZEN-KRAINA-LODU-ELSA-ANNA-OLAF-28cm-PIOSENKA-Z-BAJKI-Kod-producenta-1083 405w,https:\/\/a.allegroimg.com\/s1024\/11e627\/44499d7c494f89a90c46c85b4384\/LALKI-SPIEWAJACE-FROZEN-KRAINA-LODU-ELSA-ANNA-OLAF-28cm-PIOSENKA-Z-BAJKI-Kod-producenta-1083 576w,https:\/\/a.allegroimg.com\/s1440\/11e627\/44499d7c494f89a90c46c85b4384\/LALKI-SPIEWAJACE-FROZEN-KRAINA-LODU-ELSA-ANNA-OLAF-28cm-PIOSENKA-Z-BAJKI-Kod-producenta-1083 810w,https:\/\/a.allegroimg.com\/original\/11e627\/44499d7c494f89a90c46c85b4384\/LALKI-SPIEWAJACE-FROZEN-KRAINA-LODU-ELSA-ANNA-OLAF-28cm-PIOSENKA-Z-BAJKI-Kod-producenta-1083 900w\" alt=\"Ledo \u0161alis dainuojan\u010dios l\u0117l\u0117s Elsa, Ana, Olafas 28 cm Daina i\u0161 pasakos Gamintojo kodas 1083\" width=\"900px\" data-srcset=\"\" \/><\/button><\/div>\n<\/div>\n<\/div>\n<\/div>\n<\/div>\n<div class=\"mpof_ki myre_zn myre_8v_l m389_6m_l\">\n<div class=\"mp4t_16_s mryx_16_s mr3m_1 mli2_1 mh85_56 mh85_0_l\">\n<div class=\"mgn2_16 _0d3bd_am0a-\">\n<h2><span dir=\"auto\">\u2b50 L\u0116L\u0116S DAINUOJA<\/span><\/h2>\n<p><span dir=\"auto\">Abi mergait\u0117s ant kr\u016btin\u0117s turi \u0161irdel\u0119, kuri\u0105 paspaudus l\u0117l\u0117s \u201edainuoja\u201c originali\u0105 angli\u0161k\u0105 dainos \u201eI&#8217;ve Got This Power\u201c versij\u0105.<\/span><\/p>\n<p><span dir=\"auto\">Paleisk, paleisk<\/span><\/p>\n<p><span dir=\"auto\">Daugiau negaliu to sulaikyti<\/span><\/p>\n<p><span dir=\"auto\">Paleisk, paleisk<\/span><\/p>\n<p><span dir=\"auto\">Nusisukite ir u\u017etrenkite duris<\/span><\/p>\n<\/div>\n<\/div>\n<div class=\"mp4t_16_s mryx_16_s mr3m_1 mli2_1 mh85_56 mh85_0_l\">\n<div class=\"mg9e_8 mj7a_8 mg9e_0_s mvrt_0_s mj7a_0_s mh36_0_s mzmg_6m munh_16_l m3h2_16_l\">\n<div class=\"mp4t_0 mryx_0 munh_56 m3h2_56\">\n<div class=\"mp7g_oh\"><button class=\"mg9e_0 mvrt_0 mj7a_0 mh36_0 mp4t_0 m3h2_0 mryx_0 munh_0 mqen_m6 mpof_z0 mx7m_0 m7er_k4 mse2_k4 msts_pt\" data-analytics-interaction=\"true\" data-analytics-interaction-label=\"zoomable-image-open\" aria-disabled=\"true\"><img decoding=\"async\" class=\"msub_k4 mupj_5k mjru_k4 mse2_k4 mp7g_f6 mq1m_0 mj7u_0 m7er_k4 mqen_m6 m31c_d8 m0ux_fp lazyloaded\" src=\"https:\/\/a.allegroimg.com\/original\/11ed15\/3df6f416454c914804e25e042af9\/LALKI-SPIEWAJACE-FROZEN-KRAINA-LODU-ELSA-ANNA-OLAF-28cm-PIOSENKA-Z-BAJKI-EAN-GTIN-6905850002591\" sizes=\"(min-width: 1200px) 560px, (min-width: 992px) 50vw, 100vw\" srcset=\"https:\/\/a.allegroimg.com\/s360\/11ed15\/3df6f416454c914804e25e042af9\/LALKI-SPIEWAJACE-FROZEN-KRAINA-LODU-ELSA-ANNA-OLAF-28cm-PIOSENKA-Z-BAJKI-EAN-GTIN-6905850002591 202w,https:\/\/a.allegroimg.com\/s720\/11ed15\/3df6f416454c914804e25e042af9\/LALKI-SPIEWAJACE-FROZEN-KRAINA-LODU-ELSA-ANNA-OLAF-28cm-PIOSENKA-Z-BAJKI-EAN-GTIN-6905850002591 405w,https:\/\/a.allegroimg.com\/s1024\/11ed15\/3df6f416454c914804e25e042af9\/LALKI-SPIEWAJACE-FROZEN-KRAINA-LODU-ELSA-ANNA-OLAF-28cm-PIOSENKA-Z-BAJKI-EAN-GTIN-6905850002591 576w,https:\/\/a.allegroimg.com\/s1440\/11ed15\/3df6f416454c914804e25e042af9\/LALKI-SPIEWAJACE-FROZEN-KRAINA-LODU-ELSA-ANNA-OLAF-28cm-PIOSENKA-Z-BAJKI-EAN-GTIN-6905850002591 810w,https:\/\/a.allegroimg.com\/original\/11ed15\/3df6f416454c914804e25e042af9\/LALKI-SPIEWAJACE-FROZEN-KRAINA-LODU-ELSA-ANNA-OLAF-28cm-PIOSENKA-Z-BAJKI-EAN-GTIN-6905850002591 1080w\" alt=\"Ledo \u0161alis dainuojan\u010dios l\u0117l\u0117s Elsa, Ana, Olafas 28 cm Daina i\u0161 pasakos EAN (GTIN) 6905850002591\" width=\"1080px\" data-srcset=\"\" \/><\/button><\/div>\n<\/div>\n<\/div>\n<\/div>\n<\/div>\n<div class=\"mpof_ki myre_zn myre_8v_l m389_6m_l\">\n<div class=\"mp4t_16_s mryx_16_s mr3m_1 mli2_1 mh85_56 mh85_0_l\">\n<div class=\"mgn2_16 _0d3bd_am0a-\">\n<h2><span dir=\"auto\">\u2b50 SUKNEL\u0116S<\/span><\/h2>\n<p><span dir=\"auto\">Abi heroj\u0117s vilki sukneles ir avi batus.<\/span><\/p>\n<\/div>\n<\/div>\n<div class=\"mp4t_16_s mryx_16_s mr3m_1 mli2_1 mh85_56 mh85_0_l\">\n<div class=\"mg9e_8 mj7a_8 mg9e_0_s mvrt_0_s mj7a_0_s mh36_0_s mzmg_6m munh_16_l m3h2_16_l\">\n<div class=\"mp4t_0 mryx_0 munh_56 m3h2_56\">\n<div class=\"mp7g_oh\"><button class=\"mg9e_0 mvrt_0 mj7a_0 mh36_0 mp4t_0 m3h2_0 mryx_0 munh_0 mqen_m6 mpof_z0 mx7m_0 m7er_k4 mse2_k4 msts_pt\" data-analytics-interaction=\"true\" data-analytics-interaction-label=\"zoomable-image-open\" aria-disabled=\"true\"><img decoding=\"async\" class=\"msub_k4 mupj_5k mjru_k4 mse2_k4 mp7g_f6 mq1m_0 mj7u_0 m7er_k4 mqen_m6 m31c_d8 m0ux_fp lazyloaded\" src=\"https:\/\/a.allegroimg.com\/original\/11bb94\/64bb821a4fd08229182bda1987bf\/LALKI-SPIEWAJACE-FROZEN-KRAINA-LODU-ELSA-ANNA-OLAF-28cm-PIOSENKA-Z-BAJKI-Seria-Lalki-spiewajace\" sizes=\"(min-width: 1200px) 560px, (min-width: 992px) 50vw, 100vw\" srcset=\"https:\/\/a.allegroimg.com\/s360\/11bb94\/64bb821a4fd08229182bda1987bf\/LALKI-SPIEWAJACE-FROZEN-KRAINA-LODU-ELSA-ANNA-OLAF-28cm-PIOSENKA-Z-BAJKI-Seria-Lalki-spiewajace 202w,https:\/\/a.allegroimg.com\/s720\/11bb94\/64bb821a4fd08229182bda1987bf\/LALKI-SPIEWAJACE-FROZEN-KRAINA-LODU-ELSA-ANNA-OLAF-28cm-PIOSENKA-Z-BAJKI-Seria-Lalki-spiewajace 405w,https:\/\/a.allegroimg.com\/s1024\/11bb94\/64bb821a4fd08229182bda1987bf\/LALKI-SPIEWAJACE-FROZEN-KRAINA-LODU-ELSA-ANNA-OLAF-28cm-PIOSENKA-Z-BAJKI-Seria-Lalki-spiewajace 576w,https:\/\/a.allegroimg.com\/s1440\/11bb94\/64bb821a4fd08229182bda1987bf\/LALKI-SPIEWAJACE-FROZEN-KRAINA-LODU-ELSA-ANNA-OLAF-28cm-PIOSENKA-Z-BAJKI-Seria-Lalki-spiewajace 810w,https:\/\/a.allegroimg.com\/original\/11bb94\/64bb821a4fd08229182bda1987bf\/LALKI-SPIEWAJACE-FROZEN-KRAINA-LODU-ELSA-ANNA-OLAF-28cm-PIOSENKA-Z-BAJKI-Seria-Lalki-spiewajace 900w\" alt=\"DAINUOJAN\u010cIOS L\u0116L\u0116S \u201e\u0160ALDYTA \u0160ALIS\u201c ELSA, ANNA, OLAF 28 cm DAINEL\u0116 I\u0160 PASAKOS Dainuojan\u010di\u0173 l\u0117li\u0173 serija\" width=\"900px\" data-srcset=\"\" \/><\/button><\/div>\n<\/div>\n<\/div>\n<\/div>\n<\/div>\n<div class=\"mpof_ki myre_zn myre_8v_l m389_6m_l\">\n<div class=\"mp4t_16_s mryx_16_s mr3m_1 mli2_1 mh85_56 mh85_0_l\">\n<div class=\"mgn2_16 _0d3bd_am0a-\">\n<h2><span dir=\"auto\">\u2b50 MED\u017dIAGA<\/span><\/h2>\n<p><span dir=\"auto\">L\u0117l\u0117s yra klasikin\u0117s, 28 cm auk\u0161\u010dio ir pagamintos i\u0161 kieto plastiko &#8211; k\u016bnas + mink\u0161ta galva.<\/span><\/p>\n<\/div>\n<\/div>\n<\/div>","protected":false},"excerpt":{"rendered":"<p>\u2b50\u0160aldyta l\u0117l\u0117 Elsa ir Ana ir Olafas L\u0117l\u0117s aprengtos gra\u017eiomis suknel\u0117mis, kurias galima lengvai nuimti. Elsa ir Ana turi judan\u010dias<\/p>","protected":false},"featured_media":81743,"template":"","meta":{"_acf_changed":false,"_glsr_average":0,"_glsr_ranking":0,"_glsr_reviews":0},"product_brand":[],"product_cat":[443,229],"product_tag":[],"class_list":{"0":"post-81742","1":"product","2":"type-product","3":"status-publish","4":"has-post-thumbnail","6":"product_cat-leles-ir-priedai","7":"product_cat-zaislai-vaikams","8":"\"style=\"background-color: #2ecc711c;\"","10":"first","11":"instock","12":"shipping-taxable","13":"purchasable","14":"product-type-simple"},"acf":[],"yoast_head":"<!-- This site is optimized with the Yoast SEO plugin v27.3 - https:\/\/yoast.com\/product\/yoast-seo-wordpress\/ -->\n<title>Dainuojan\u010dios l\u0117l\u0117s Elza, Ana, Olafas - KidsPlay<\/title>\n<meta name=\"description\" content=\"Dainuojan\u010dios l\u0117l\u0117s Elza, Ana, Olafas - KidsPlay. Did\u017eiausias vaik\u0173 \u017eaisl\u0173 pasirinkimas.\" \/>\n<meta name=\"robots\" content=\"index, follow, max-snippet:-1, max-image-preview:large, max-video-preview:-1\" \/>\n<link rel=\"canonical\" href=\"https:\/\/kidsplay.lt\/lv\/products\/dainuojancios-leles-elza-ana-olafas\/\" \/>\n<meta property=\"og:locale\" content=\"lv_LV\" \/>\n<meta property=\"og:type\" content=\"article\" \/>\n<meta property=\"og:title\" content=\"Dainuojan\u010dios l\u0117l\u0117s Elza, Ana, Olafas - KidsPlay\" \/>\n<meta property=\"og:description\" content=\"Dainuojan\u010dios l\u0117l\u0117s Elza, Ana, Olafas - KidsPlay. Did\u017eiausias vaik\u0173 \u017eaisl\u0173 pasirinkimas.\" \/>\n<meta property=\"og:url\" content=\"https:\/\/kidsplay.lt\/lv\/products\/dainuojancios-leles-elza-ana-olafas\/\" \/>\n<meta property=\"og:site_name\" content=\"KidsPlay\" \/>\n<meta property=\"article:publisher\" content=\"https:\/\/www.facebook.com\/www.kidsplay.lt\" \/>\n<meta property=\"article:modified_time\" content=\"2025-12-30T08:26:31+00:00\" \/>\n<meta property=\"og:image\" content=\"https:\/\/kidsplay.lt\/wp-content\/uploads\/2025\/12\/Screenshot_1271.png\" \/>\n\t<meta property=\"og:image:width\" content=\"555\" \/>\n\t<meta property=\"og:image:height\" content=\"528\" \/>\n\t<meta property=\"og:image:type\" content=\"image\/png\" \/>\n<meta name=\"twitter:card\" content=\"summary_large_image\" \/>\n<meta name=\"twitter:label1\" content=\"Est. reading time\" \/>\n\t<meta name=\"twitter:data1\" content=\"3 min\u016btes\" \/>\n<script type=\"application\/ld+json\" class=\"yoast-schema-graph\">{\"@context\":\"https:\\\/\\\/schema.org\",\"@graph\":[{\"@type\":\"WebPage\",\"@id\":\"https:\\\/\\\/kidsplay.lt\\\/produktas\\\/dainuojancios-leles-elza-ana-olafas\\\/\",\"url\":\"https:\\\/\\\/kidsplay.lt\\\/produktas\\\/dainuojancios-leles-elza-ana-olafas\\\/\",\"name\":\"Dainuojan\u010dios l\u0117l\u0117s Elza, Ana, Olafas - KidsPlay\",\"isPartOf\":{\"@id\":\"https:\\\/\\\/kidsplay.lt\\\/#website\"},\"primaryImageOfPage\":{\"@id\":\"https:\\\/\\\/kidsplay.lt\\\/produktas\\\/dainuojancios-leles-elza-ana-olafas\\\/#primaryimage\"},\"image\":{\"@id\":\"https:\\\/\\\/kidsplay.lt\\\/produktas\\\/dainuojancios-leles-elza-ana-olafas\\\/#primaryimage\"},\"thumbnailUrl\":\"https:\\\/\\\/kidsplay.lt\\\/wp-content\\\/uploads\\\/2025\\\/12\\\/Screenshot_1271.png\",\"datePublished\":\"2025-12-05T08:22:27+00:00\",\"dateModified\":\"2025-12-30T08:26:31+00:00\",\"description\":\"Dainuojan\u010dios l\u0117l\u0117s Elza, Ana, Olafas - KidsPlay. Did\u017eiausias vaik\u0173 \u017eaisl\u0173 pasirinkimas.\",\"breadcrumb\":{\"@id\":\"https:\\\/\\\/kidsplay.lt\\\/produktas\\\/dainuojancios-leles-elza-ana-olafas\\\/#breadcrumb\"},\"inLanguage\":\"lv-LV\",\"potentialAction\":[{\"@type\":\"ReadAction\",\"target\":[\"https:\\\/\\\/kidsplay.lt\\\/produktas\\\/dainuojancios-leles-elza-ana-olafas\\\/\"]}]},{\"@type\":\"ImageObject\",\"inLanguage\":\"lv-LV\",\"@id\":\"https:\\\/\\\/kidsplay.lt\\\/produktas\\\/dainuojancios-leles-elza-ana-olafas\\\/#primaryimage\",\"url\":\"https:\\\/\\\/kidsplay.lt\\\/wp-content\\\/uploads\\\/2025\\\/12\\\/Screenshot_1271.png\",\"contentUrl\":\"https:\\\/\\\/kidsplay.lt\\\/wp-content\\\/uploads\\\/2025\\\/12\\\/Screenshot_1271.png\",\"width\":555,\"height\":528},{\"@type\":\"BreadcrumbList\",\"@id\":\"https:\\\/\\\/kidsplay.lt\\\/produktas\\\/dainuojancios-leles-elza-ana-olafas\\\/#breadcrumb\",\"itemListElement\":[{\"@type\":\"ListItem\",\"position\":1,\"name\":\"Pagrindinis\",\"item\":\"https:\\\/\\\/kidsplay.lt\\\/\"},{\"@type\":\"ListItem\",\"position\":2,\"name\":\"Parduotuv\u0117\",\"item\":\"https:\\\/\\\/kidsplay.lt\\\/parduotuve\\\/\"},{\"@type\":\"ListItem\",\"position\":3,\"name\":\"Dainuojan\u010dios l\u0117l\u0117s Elza, Ana, Olafas\"}]},{\"@type\":\"WebSite\",\"@id\":\"https:\\\/\\\/kidsplay.lt\\\/#website\",\"url\":\"https:\\\/\\\/kidsplay.lt\\\/\",\"name\":\"Kidsplay.lt\",\"description\":\"\u012evairios prek\u0117s vaikams\",\"publisher\":{\"@id\":\"https:\\\/\\\/kidsplay.lt\\\/#organization\"},\"alternateName\":\"Kidsplay\",\"potentialAction\":[{\"@type\":\"SearchAction\",\"target\":{\"@type\":\"EntryPoint\",\"urlTemplate\":\"https:\\\/\\\/kidsplay.lt\\\/?s={search_term_string}\"},\"query-input\":{\"@type\":\"PropertyValueSpecification\",\"valueRequired\":true,\"valueName\":\"search_term_string\"}}],\"inLanguage\":\"lv-LV\"},{\"@type\":\"Organization\",\"@id\":\"https:\\\/\\\/kidsplay.lt\\\/#organization\",\"name\":\"KidsPlay\",\"url\":\"https:\\\/\\\/kidsplay.lt\\\/\",\"logo\":{\"@type\":\"ImageObject\",\"inLanguage\":\"lv-LV\",\"@id\":\"https:\\\/\\\/kidsplay.lt\\\/#\\\/schema\\\/logo\\\/image\\\/\",\"url\":\"https:\\\/\\\/kidsplay.lt\\\/wp-content\\\/uploads\\\/2023\\\/07\\\/kidsplay-logo.png\",\"contentUrl\":\"https:\\\/\\\/kidsplay.lt\\\/wp-content\\\/uploads\\\/2023\\\/07\\\/kidsplay-logo.png\",\"width\":451,\"height\":98,\"caption\":\"KidsPlay\"},\"image\":{\"@id\":\"https:\\\/\\\/kidsplay.lt\\\/#\\\/schema\\\/logo\\\/image\\\/\"},\"sameAs\":[\"https:\\\/\\\/www.facebook.com\\\/www.kidsplay.lt\"]}]}<\/script>\n<!-- \/ Yoast SEO plugin. -->","yoast_head_json":{"title":"Dainuojan\u010dios l\u0117l\u0117s Elza, Ana, Olafas - KidsPlay","description":"Dainuojan\u010dios l\u0117l\u0117s Elza, Ana, Olafas - KidsPlay. Did\u017eiausias vaik\u0173 \u017eaisl\u0173 pasirinkimas.","robots":{"index":"index","follow":"follow","max-snippet":"max-snippet:-1","max-image-preview":"max-image-preview:large","max-video-preview":"max-video-preview:-1"},"canonical":"https:\/\/kidsplay.lt\/lv\/products\/dainuojancios-leles-elza-ana-olafas\/","og_locale":"lv_LV","og_type":"article","og_title":"Dainuojan\u010dios l\u0117l\u0117s Elza, Ana, Olafas - KidsPlay","og_description":"Dainuojan\u010dios l\u0117l\u0117s Elza, Ana, Olafas - KidsPlay. Did\u017eiausias vaik\u0173 \u017eaisl\u0173 pasirinkimas.","og_url":"https:\/\/kidsplay.lt\/lv\/products\/dainuojancios-leles-elza-ana-olafas\/","og_site_name":"KidsPlay","article_publisher":"https:\/\/www.facebook.com\/www.kidsplay.lt","article_modified_time":"2025-12-30T08:26:31+00:00","og_image":[{"width":555,"height":528,"url":"https:\/\/kidsplay.lt\/wp-content\/uploads\/2025\/12\/Screenshot_1271.png","type":"image\/png"}],"twitter_card":"summary_large_image","twitter_misc":{"Est. reading time":"3 min\u016btes"},"schema":{"@context":"https:\/\/schema.org","@graph":[{"@type":"WebPage","@id":"https:\/\/kidsplay.lt\/produktas\/dainuojancios-leles-elza-ana-olafas\/","url":"https:\/\/kidsplay.lt\/produktas\/dainuojancios-leles-elza-ana-olafas\/","name":"Dainuojan\u010dios l\u0117l\u0117s Elza, Ana, Olafas - KidsPlay","isPartOf":{"@id":"https:\/\/kidsplay.lt\/#website"},"primaryImageOfPage":{"@id":"https:\/\/kidsplay.lt\/produktas\/dainuojancios-leles-elza-ana-olafas\/#primaryimage"},"image":{"@id":"https:\/\/kidsplay.lt\/produktas\/dainuojancios-leles-elza-ana-olafas\/#primaryimage"},"thumbnailUrl":"https:\/\/kidsplay.lt\/wp-content\/uploads\/2025\/12\/Screenshot_1271.png","datePublished":"2025-12-05T08:22:27+00:00","dateModified":"2025-12-30T08:26:31+00:00","description":"Dainuojan\u010dios l\u0117l\u0117s Elza, Ana, Olafas - KidsPlay. Did\u017eiausias vaik\u0173 \u017eaisl\u0173 pasirinkimas.","breadcrumb":{"@id":"https:\/\/kidsplay.lt\/produktas\/dainuojancios-leles-elza-ana-olafas\/#breadcrumb"},"inLanguage":"lv-LV","potentialAction":[{"@type":"ReadAction","target":["https:\/\/kidsplay.lt\/produktas\/dainuojancios-leles-elza-ana-olafas\/"]}]},{"@type":"ImageObject","inLanguage":"lv-LV","@id":"https:\/\/kidsplay.lt\/produktas\/dainuojancios-leles-elza-ana-olafas\/#primaryimage","url":"https:\/\/kidsplay.lt\/wp-content\/uploads\/2025\/12\/Screenshot_1271.png","contentUrl":"https:\/\/kidsplay.lt\/wp-content\/uploads\/2025\/12\/Screenshot_1271.png","width":555,"height":528},{"@type":"BreadcrumbList","@id":"https:\/\/kidsplay.lt\/produktas\/dainuojancios-leles-elza-ana-olafas\/#breadcrumb","itemListElement":[{"@type":"ListItem","position":1,"name":"Pagrindinis","item":"https:\/\/kidsplay.lt\/"},{"@type":"ListItem","position":2,"name":"Parduotuv\u0117","item":"https:\/\/kidsplay.lt\/parduotuve\/"},{"@type":"ListItem","position":3,"name":"Dainuojan\u010dios l\u0117l\u0117s Elza, Ana, Olafas"}]},{"@type":"WebSite","@id":"https:\/\/kidsplay.lt\/#website","url":"https:\/\/kidsplay.lt\/","name":"B\u0113rnu sp\u0113les.lv","description":"\u012evairios prek\u0117s vaikams","publisher":{"@id":"https:\/\/kidsplay.lt\/#organization"},"alternateName":"Kidsplay","potentialAction":[{"@type":"SearchAction","target":{"@type":"EntryPoint","urlTemplate":"https:\/\/kidsplay.lt\/?s={search_term_string}"},"query-input":{"@type":"PropertyValueSpecification","valueRequired":true,"valueName":"search_term_string"}}],"inLanguage":"lv-LV"},{"@type":"Organization","@id":"https:\/\/kidsplay.lt\/#organization","name":"B\u0113rnu sp\u0113le","url":"https:\/\/kidsplay.lt\/","logo":{"@type":"ImageObject","inLanguage":"lv-LV","@id":"https:\/\/kidsplay.lt\/#\/schema\/logo\/image\/","url":"https:\/\/kidsplay.lt\/wp-content\/uploads\/2023\/07\/kidsplay-logo.png","contentUrl":"https:\/\/kidsplay.lt\/wp-content\/uploads\/2023\/07\/kidsplay-logo.png","width":451,"height":98,"caption":"KidsPlay"},"image":{"@id":"https:\/\/kidsplay.lt\/#\/schema\/logo\/image\/"},"sameAs":["https:\/\/www.facebook.com\/www.kidsplay.lt"]}]}},"_links":{"self":[{"href":"https:\/\/kidsplay.lt\/lv\/wp-json\/wp\/v2\/product\/81742","targetHints":{"allow":["GET"]}}],"collection":[{"href":"https:\/\/kidsplay.lt\/lv\/wp-json\/wp\/v2\/product"}],"about":[{"href":"https:\/\/kidsplay.lt\/lv\/wp-json\/wp\/v2\/types\/product"}],"version-history":[{"count":2,"href":"https:\/\/kidsplay.lt\/lv\/wp-json\/wp\/v2\/product\/81742\/revisions"}],"predecessor-version":[{"id":81745,"href":"https:\/\/kidsplay.lt\/lv\/wp-json\/wp\/v2\/product\/81742\/revisions\/81745"}],"wp:featuredmedia":[{"embeddable":true,"href":"https:\/\/kidsplay.lt\/lv\/wp-json\/wp\/v2\/media\/81743"}],"wp:attachment":[{"href":"https:\/\/kidsplay.lt\/lv\/wp-json\/wp\/v2\/media?parent=81742"}],"wp:term":[{"taxonomy":"product_brand","embeddable":true,"href":"https:\/\/kidsplay.lt\/lv\/wp-json\/wp\/v2\/product_brand?post=81742"},{"taxonomy":"product_cat","embeddable":true,"href":"https:\/\/kidsplay.lt\/lv\/wp-json\/wp\/v2\/product_cat?post=81742"},{"taxonomy":"product_tag","embeddable":true,"href":"https:\/\/kidsplay.lt\/lv\/wp-json\/wp\/v2\/product_tag?post=81742"}],"curies":[{"name":"wp","href":"https:\/\/api.w.org\/{rel}","templated":true}]}}