{"id":81761,"date":"2025-12-05T21:40:54","date_gmt":"2025-12-05T19:40:54","guid":{"rendered":"https:\/\/kidsplay.lt\/?post_type=product&#038;p=81761"},"modified":"2025-12-30T10:31:19","modified_gmt":"2025-12-30T08:31:19","slug":"didelis-rudas-pliusinis-zaislas-labubu-45cm","status":"publish","type":"product","link":"https:\/\/kidsplay.lt\/lv\/products\/didelis-rudas-pliusinis-zaislas-labubu-45cm\/","title":{"rendered":"Liela br\u016bna pl\u012b\u0161a rota\u013clieta Labubu 45cm"},"content":{"rendered":"<div class=\"mpof_ki myre_zn myre_8v_l m389_6m_l\">\n<div class=\"mp4t_16_s mryx_16_s mr3m_1 mli2_1 mh85_56 mh85_0_l\">\n<div class=\"mgn2_16 _0d3bd_am0a-\">\n<p><span dir=\"auto\">Didelis rudas pliu\u0161inis \u017eaislas-maskotas vaikams LABUBU LA BUBU mink\u0161tas \u017eaislas 45 cm<\/span><\/p>\n<\/div>\n<\/div>\n<\/div>\n<div class=\"mpof_ki myre_zn myre_8v_l m389_6m_l\">\n<div class=\"mp4t_16_s mryx_16_s mr3m_1 mli2_1 mh85_56 mh85_0_l\">\n<div class=\"mg9e_8 mj7a_8 mg9e_0_s mvrt_0_s mj7a_0_s mh36_0_s mzmg_6m munh_16_l m3h2_16_l\">\n<div class=\"mp4t_0 mryx_0 munh_56 m3h2_56\">\n<div class=\"mp7g_oh\"><button class=\"mg9e_0 mvrt_0 mj7a_0 mh36_0 mp4t_0 m3h2_0 mryx_0 munh_0 mqen_m6 mpof_z0 mx7m_0 m7er_k4 mse2_k4 msts_pt\" data-analytics-interaction=\"true\" data-analytics-interaction-label=\"zoomable-image-open\" aria-disabled=\"true\"><img decoding=\"async\" class=\"msub_k4 mupj_5k mjru_k4 mse2_k4 mp7g_f6 mq1m_0 mj7u_0 m7er_k4 mqen_m6 m31c_d8 m0ux_fp lazyloaded\" src=\"https:\/\/a.allegroimg.com\/original\/11203c\/9ef1666f4ec0b97ae3d905a7bbd2\/Duza-brazowa-Maskotka-Pluszak-dla-dzieci-LABUBU-LA-BUBU-przytulanka-45cm\" sizes=\"100vw\" srcset=\"https:\/\/a.allegroimg.com\/s360\/11203c\/9ef1666f4ec0b97ae3d905a7bbd2\/Duza-brazowa-Maskotka-Pluszak-dla-dzieci-LABUBU-LA-BUBU-przytulanka-45cm 360w,https:\/\/a.allegroimg.com\/s720\/11203c\/9ef1666f4ec0b97ae3d905a7bbd2\/Duza-brazowa-Maskotka-Pluszak-dla-dzieci-LABUBU-LA-BUBU-przytulanka-45cm 720w,https:\/\/a.allegroimg.com\/s1024\/11203c\/9ef1666f4ec0b97ae3d905a7bbd2\/Duza-brazowa-Maskotka-Pluszak-dla-dzieci-LABUBU-LA-BUBU-przytulanka-45cm 1024w,https:\/\/a.allegroimg.com\/s1440\/11203c\/9ef1666f4ec0b97ae3d905a7bbd2\/Duza-brazowa-Maskotka-Pluszak-dla-dzieci-LABUBU-LA-BUBU-przytulanka-45cm 1440w,https:\/\/a.allegroimg.com\/original\/11203c\/9ef1666f4ec0b97ae3d905a7bbd2\/Duza-brazowa-Maskotka-Pluszak-dla-dzieci-LABUBU-LA-BUBU-przytulanka-45cm 2000w\" alt=\"Didelis rudas pliu\u0161inis \u017eaislas-maskotas vaikams LABUBU LA BUBU mink\u0161tas \u017eaislas 45 cm\" width=\"2000px\" data-srcset=\"\" \/><\/button><\/div>\n<\/div>\n<\/div>\n<\/div>\n<\/div>\n<div class=\"mpof_ki myre_zn myre_8v_l m389_6m_l\">\n<div class=\"mp4t_16_s mryx_16_s mr3m_1 mli2_1 mh85_56 mh85_0_l\">\n<div class=\"mg9e_8 mj7a_8 mg9e_0_s mvrt_0_s mj7a_0_s mh36_0_s mzmg_6m munh_16_l m3h2_16_l\">\n<div class=\"mp4t_0 mryx_0 munh_56 m3h2_56\">\n<div class=\"mp7g_oh\"><button class=\"mg9e_0 mvrt_0 mj7a_0 mh36_0 mp4t_0 m3h2_0 mryx_0 munh_0 mqen_m6 mpof_z0 mx7m_0 m7er_k4 mse2_k4 msts_pt\" data-analytics-interaction=\"true\" data-analytics-interaction-label=\"zoomable-image-open\" aria-disabled=\"true\"><img decoding=\"async\" class=\"msub_k4 mupj_5k mjru_k4 mse2_k4 mp7g_f6 mq1m_0 mj7u_0 m7er_k4 mqen_m6 m31c_d8 m0ux_fp lazyloaded\" src=\"https:\/\/a.allegroimg.com\/original\/112aef\/26ebb6904840a5ed77fdeefeb9fe\/Duza-brazowa-Maskotka-Pluszak-dla-dzieci-LABUBU-LA-BUBU-przytulanka-45cm-EAN-GTIN-5904873060404\" sizes=\"(min-width: 1200px) 560px, (min-width: 992px) 50vw, 100vw\" srcset=\"https:\/\/a.allegroimg.com\/s360\/112aef\/26ebb6904840a5ed77fdeefeb9fe\/Duza-brazowa-Maskotka-Pluszak-dla-dzieci-LABUBU-LA-BUBU-przytulanka-45cm-EAN-GTIN-5904873060404 360w,https:\/\/a.allegroimg.com\/s720\/112aef\/26ebb6904840a5ed77fdeefeb9fe\/Duza-brazowa-Maskotka-Pluszak-dla-dzieci-LABUBU-LA-BUBU-przytulanka-45cm-EAN-GTIN-5904873060404 720w,https:\/\/a.allegroimg.com\/s1024\/112aef\/26ebb6904840a5ed77fdeefeb9fe\/Duza-brazowa-Maskotka-Pluszak-dla-dzieci-LABUBU-LA-BUBU-przytulanka-45cm-EAN-GTIN-5904873060404 1024w,https:\/\/a.allegroimg.com\/s1440\/112aef\/26ebb6904840a5ed77fdeefeb9fe\/Duza-brazowa-Maskotka-Pluszak-dla-dzieci-LABUBU-LA-BUBU-przytulanka-45cm-EAN-GTIN-5904873060404 1440w,https:\/\/a.allegroimg.com\/original\/112aef\/26ebb6904840a5ed77fdeefeb9fe\/Duza-brazowa-Maskotka-Pluszak-dla-dzieci-LABUBU-LA-BUBU-przytulanka-45cm-EAN-GTIN-5904873060404 2000w\" alt=\"Didelis rudas pliu\u0161inis \u017eaislas-talismanas vaikams LABUBU LA BUBU mink\u0161tas \u017eaislas 45 cm EAN (GTIN) 5904873060404\" width=\"2000px\" data-srcset=\"\" \/><\/button><\/div>\n<\/div>\n<\/div>\n<\/div>\n<div class=\"mp4t_16_s mryx_16_s mr3m_1 mli2_1 mh85_56 mh85_0_l\">\n<div class=\"mgn2_16 _0d3bd_am0a-\">\n<p><span dir=\"auto\">Atrask savo nauj\u0105 draug\u0105!<\/span><\/p>\n<p><b><span dir=\"auto\">Susipa\u017einkite su \u0161iuo nepaprastu, dideliu pliu\u0161iniu \u017eaislu<\/span><\/b><span dir=\"auto\">\u00a0, kuris sujungia pliu\u0161inio triu\u0161io mielum\u0105 su drakono magija ir i\u0161dykusiu \u017eavesiu! Unikalus dizainas ir kruop\u0161tus meistri\u0161kumas paver\u010dia j\u012f daugiau nei tiesiog mielu \u017eaisliuku. Tai \u017eaidim\u0173 draugas vaikams, naktini\u0173 sapn\u0173 serg\u0117tojas ir unikali\u0173 \u017eaisl\u0173 kolekcionieri\u0173 hitas. Pasiruo\u0161\u0119 \u012f savo gyvenim\u0105 \u012fne\u0161ti \u0161iek tiek ro\u017ein\u0117s fantazijos?<\/span><\/p>\n<p><span dir=\"auto\">Funkcijos, kurios jums patiks \u2013 privalumai, kuriuos pajusite!<\/span><\/p>\n<p><span dir=\"auto\">&#8211; Mega mink\u0161tumas (komfortas ir atsipalaidavimas): pagaminta i\u0161 auk\u0161\u010diausios kokyb\u0117s hipoalerginio pliu\u0161o. Puikiai tinka glamon\u0117ti, atsipalaiduoti ir jaukiai \u012fsitaisyti sunkiomis akimirkomis.\u00a0<\/span><b><span dir=\"auto\">45 cm gryno<\/span><\/b><span dir=\"auto\">\u00a0mink\u0161tumo! &#8211; Unikalus 2 viename dizainas (originalumas): \u017eaving\u0173 zuikio aus\u0173 ir i\u0161dykusios \u0161ypsenos derinys su nuostabiais, holografiniais sidabriniais sparnais ir \u017evynuota uodega. Jis traukia ak\u012f ir garantuoja \u0161ypsen\u0105! &#8211; Puikus dydis (komfortas ir puo\u0161mena): 45 cm auk\u0161\u010dio \u010diu\u017einys puikiai tinka kaip kambario puo\u0161mena, patogi kelionin\u0117 pagalv\u0117l\u0117 arba didelis glamon\u0117s draugas. &#8211; Saugumas (t\u0117v\u0173 ramyb\u0117): tvirtos si\u016bl\u0117s ir patvarios med\u017eiagos u\u017etikrina ilgaam\u017ei\u0161kum\u0105. (Pra\u0161ome u\u017epildyti: Patvirtinimai \/ am\u017eius, pvz., CE sertifikuota, saugi vaikams nuo 3 met\u0173).<\/span><\/p>\n<p><span dir=\"auto\">Technin\u0117s specifikacijos:<\/span><\/p>\n<p><span dir=\"auto\">&#8211; Tipas: Pliu\u0161inis talismanas \/ Mielas \u017eaislas &#8211; Matmenys (A x P x G): 45 x 25 x 18 cm &#8211; Pagrindin\u0117 med\u017eiaga: Pliu\u0161inis (pvz., 100 % poliesteris, antialerginis) &#8211; Special\u016bs elementai: Holografiniai sparnai, uodega su imitaciniais \u017evynais &#8211; Spalva: Intensyvi ro\u017ein\u0117 \/ holografin\u0117 sidabrin\u0117 &#8211; Paskirtis: Vaikams \/ Jaunimui \/ Kolekcionieriams \/ Dovanoms<\/span><\/p>\n<p><b><span dir=\"auto\">Tobula dovana, kuri su\u017eadins vaizduot\u0119!<\/span><\/b><\/p>\n<p><span dir=\"auto\">Ie\u0161kote dovanos, kuri i\u0161siskirs i\u0161 kit\u0173? \u0160is pliu\u0161inis \u017eaislas garantuotai padarys didel\u012f \u012fsp\u016bd\u012f! Tai daugiau nei \u017eaislas \u2013 tai bilietas \u012f fantazij\u0173 pasaul\u012f.<\/span><\/p>\n<\/div>\n<\/div>\n<\/div>\n<div class=\"mpof_ki myre_zn myre_8v_l m389_6m_l\">\n<div class=\"mp4t_16_s mryx_16_s mr3m_1 mli2_1 mh85_56 mh85_0_l\">\n<div class=\"mg9e_8 mj7a_8 mg9e_0_s mvrt_0_s mj7a_0_s mh36_0_s mzmg_6m munh_16_l m3h2_16_l\">\n<div class=\"mp4t_0 mryx_0 munh_56 m3h2_56\">\n<div class=\"mp7g_oh\"><button class=\"mg9e_0 mvrt_0 mj7a_0 mh36_0 mp4t_0 m3h2_0 mryx_0 munh_0 mqen_m6 mpof_z0 mx7m_0 m7er_k4 mse2_k4 msts_pt\" data-analytics-interaction=\"true\" data-analytics-interaction-label=\"zoomable-image-open\" aria-disabled=\"true\"><img decoding=\"async\" class=\"msub_k4 mupj_5k mjru_k4 mse2_k4 mp7g_f6 mq1m_0 mj7u_0 m7er_k4 mqen_m6 m31c_d8 m0ux_fp lazyloaded\" src=\"https:\/\/a.allegroimg.com\/original\/112679\/75e7480d45b0821a988c26eff311\/Duza-brazowa-Maskotka-Pluszak-dla-dzieci-LABUBU-LA-BUBU-przytulanka-45cm-Kod-producenta-5467\" sizes=\"(min-width: 1200px) 560px, (min-width: 992px) 50vw, 100vw\" srcset=\"https:\/\/a.allegroimg.com\/s360\/112679\/75e7480d45b0821a988c26eff311\/Duza-brazowa-Maskotka-Pluszak-dla-dzieci-LABUBU-LA-BUBU-przytulanka-45cm-Kod-producenta-5467 360w,https:\/\/a.allegroimg.com\/s720\/112679\/75e7480d45b0821a988c26eff311\/Duza-brazowa-Maskotka-Pluszak-dla-dzieci-LABUBU-LA-BUBU-przytulanka-45cm-Kod-producenta-5467 720w,https:\/\/a.allegroimg.com\/s1024\/112679\/75e7480d45b0821a988c26eff311\/Duza-brazowa-Maskotka-Pluszak-dla-dzieci-LABUBU-LA-BUBU-przytulanka-45cm-Kod-producenta-5467 1024w,https:\/\/a.allegroimg.com\/s1440\/112679\/75e7480d45b0821a988c26eff311\/Duza-brazowa-Maskotka-Pluszak-dla-dzieci-LABUBU-LA-BUBU-przytulanka-45cm-Kod-producenta-5467 1440w,https:\/\/a.allegroimg.com\/original\/112679\/75e7480d45b0821a988c26eff311\/Duza-brazowa-Maskotka-Pluszak-dla-dzieci-LABUBU-LA-BUBU-przytulanka-45cm-Kod-producenta-5467 2000w\" alt=\"Didelis rudas pliu\u0161inis \u017eaislas-talismanas vaikams LABUBU LA BUBU mink\u0161tas \u017eaislas 45 cm Gamintojo kodas 5467\" width=\"2000px\" data-srcset=\"\" \/><\/button><\/div>\n<\/div>\n<\/div>\n<\/div>\n<div class=\"mp4t_16_s mryx_16_s mr3m_1 mli2_1 mh85_56 mh85_0_l\">\n<div class=\"mg9e_8 mj7a_8 mg9e_0_s mvrt_0_s mj7a_0_s mh36_0_s mzmg_6m munh_16_l m3h2_16_l\">\n<div class=\"mp4t_0 mryx_0 munh_56 m3h2_56\">\n<div class=\"mp7g_oh\"><button class=\"mg9e_0 mvrt_0 mj7a_0 mh36_0 mp4t_0 m3h2_0 mryx_0 munh_0 mqen_m6 mpof_z0 mx7m_0 m7er_k4 mse2_k4 msts_pt\" data-analytics-interaction=\"true\" data-analytics-interaction-label=\"zoomable-image-open\" aria-disabled=\"true\"><img decoding=\"async\" class=\"msub_k4 mupj_5k mjru_k4 mse2_k4 mp7g_f6 mq1m_0 mj7u_0 m7er_k4 mqen_m6 m31c_d8 m0ux_fp lazyloaded\" src=\"https:\/\/a.allegroimg.com\/original\/116ae6\/988258544222babd670caf1716e3\/Duza-brazowa-Maskotka-Pluszak-dla-dzieci-LABUBU-LA-BUBU-przytulanka-45cm-Marka-POP-MART\" sizes=\"(min-width: 1200px) 560px, (min-width: 992px) 50vw, 100vw\" srcset=\"https:\/\/a.allegroimg.com\/s360\/116ae6\/988258544222babd670caf1716e3\/Duza-brazowa-Maskotka-Pluszak-dla-dzieci-LABUBU-LA-BUBU-przytulanka-45cm-Marka-POP-MART 360w,https:\/\/a.allegroimg.com\/s720\/116ae6\/988258544222babd670caf1716e3\/Duza-brazowa-Maskotka-Pluszak-dla-dzieci-LABUBU-LA-BUBU-przytulanka-45cm-Marka-POP-MART 720w,https:\/\/a.allegroimg.com\/s1024\/116ae6\/988258544222babd670caf1716e3\/Duza-brazowa-Maskotka-Pluszak-dla-dzieci-LABUBU-LA-BUBU-przytulanka-45cm-Marka-POP-MART 1024w,https:\/\/a.allegroimg.com\/s1440\/116ae6\/988258544222babd670caf1716e3\/Duza-brazowa-Maskotka-Pluszak-dla-dzieci-LABUBU-LA-BUBU-przytulanka-45cm-Marka-POP-MART 1440w,https:\/\/a.allegroimg.com\/original\/116ae6\/988258544222babd670caf1716e3\/Duza-brazowa-Maskotka-Pluszak-dla-dzieci-LABUBU-LA-BUBU-przytulanka-45cm-Marka-POP-MART 2000w\" alt=\"Didelis rudas pliu\u0161inis \u017eaislas-maskotas vaikams LABUBU LA BUBU mink\u0161tas \u017eaislas 45 cm POP MART prek\u0117s \u017eenklas\" width=\"2000px\" data-srcset=\"\" \/><\/button><\/div>\n<\/div>\n<\/div>\n<\/div>\n<\/div>\n<div class=\"mpof_ki myre_zn myre_8v_l m389_6m_l\">\n<div class=\"mp4t_16_s mryx_16_s mr3m_1 mli2_1 mh85_56 mh85_0_l\">\n<div class=\"mg9e_8 mj7a_8 mg9e_0_s mvrt_0_s mj7a_0_s mh36_0_s mzmg_6m munh_16_l m3h2_16_l\">\n<div class=\"mp4t_0 mryx_0 munh_56 m3h2_56\">\n<div class=\"mp7g_oh\"><button class=\"mg9e_0 mvrt_0 mj7a_0 mh36_0 mp4t_0 m3h2_0 mryx_0 munh_0 mqen_m6 mpof_z0 mx7m_0 m7er_k4 mse2_k4 msts_pt\" data-analytics-interaction=\"true\" data-analytics-interaction-label=\"zoomable-image-open\" aria-disabled=\"true\"><img decoding=\"async\" class=\"msub_k4 mupj_5k mjru_k4 mse2_k4 mp7g_f6 mq1m_0 mj7u_0 m7er_k4 mqen_m6 m31c_d8 m0ux_fp lazyloaded\" src=\"https:\/\/a.allegroimg.com\/original\/116a4f\/fc9c3ac443d0b500843cfe5deb8b\/Duza-brazowa-Maskotka-Pluszak-dla-dzieci-LABUBU-LA-BUBU-przytulanka-45cm-Wysokosc-produktu-454-cm\" sizes=\"(min-width: 1200px) 560px, (min-width: 992px) 50vw, 100vw\" srcset=\"https:\/\/a.allegroimg.com\/s360\/116a4f\/fc9c3ac443d0b500843cfe5deb8b\/Duza-brazowa-Maskotka-Pluszak-dla-dzieci-LABUBU-LA-BUBU-przytulanka-45cm-Wysokosc-produktu-454-cm 360w,https:\/\/a.allegroimg.com\/s720\/116a4f\/fc9c3ac443d0b500843cfe5deb8b\/Duza-brazowa-Maskotka-Pluszak-dla-dzieci-LABUBU-LA-BUBU-przytulanka-45cm-Wysokosc-produktu-454-cm 720w,https:\/\/a.allegroimg.com\/s1024\/116a4f\/fc9c3ac443d0b500843cfe5deb8b\/Duza-brazowa-Maskotka-Pluszak-dla-dzieci-LABUBU-LA-BUBU-przytulanka-45cm-Wysokosc-produktu-454-cm 1024w,https:\/\/a.allegroimg.com\/s1440\/116a4f\/fc9c3ac443d0b500843cfe5deb8b\/Duza-brazowa-Maskotka-Pluszak-dla-dzieci-LABUBU-LA-BUBU-przytulanka-45cm-Wysokosc-produktu-454-cm 1440w,https:\/\/a.allegroimg.com\/original\/116a4f\/fc9c3ac443d0b500843cfe5deb8b\/Duza-brazowa-Maskotka-Pluszak-dla-dzieci-LABUBU-LA-BUBU-przytulanka-45cm-Wysokosc-produktu-454-cm 2000w\" alt=\"Didelis rudas pliu\u0161inis \u017eaislas-talismanas vaikams LABUBU LA BUBU mink\u0161tas \u017eaislas 45 cm Gaminio auk\u0161tis 454 cm\" width=\"2000px\" data-srcset=\"\" \/><\/button><\/div>\n<\/div>\n<\/div>\n<\/div>\n<div class=\"mp4t_16_s mryx_16_s mr3m_1 mli2_1 mh85_56 mh85_0_l\">\n<div class=\"mg9e_8 mj7a_8 mg9e_0_s mvrt_0_s mj7a_0_s mh36_0_s mzmg_6m munh_16_l m3h2_16_l\">\n<div class=\"mp4t_0 mryx_0 munh_56 m3h2_56\">\n<div class=\"mp7g_oh\"><button class=\"mg9e_0 mvrt_0 mj7a_0 mh36_0 mp4t_0 m3h2_0 mryx_0 munh_0 mqen_m6 mpof_z0 mx7m_0 m7er_k4 mse2_k4 msts_pt\" data-analytics-interaction=\"true\" data-analytics-interaction-label=\"zoomable-image-open\" aria-disabled=\"true\"><img decoding=\"async\" class=\"msub_k4 mupj_5k mjru_k4 mse2_k4 mp7g_f6 mq1m_0 mj7u_0 m7er_k4 mqen_m6 m31c_d8 m0ux_fp lazyloaded\" src=\"https:\/\/a.allegroimg.com\/original\/1174bc\/c7c7d1ad4ae195e49cf78f2c59a3\/Duza-brazowa-Maskotka-Pluszak-dla-dzieci-LABUBU-LA-BUBU-przytulanka-45cm-Stan-opakowania-oryginalne\" sizes=\"(min-width: 1200px) 560px, (min-width: 992px) 50vw, 100vw\" srcset=\"https:\/\/a.allegroimg.com\/s360\/1174bc\/c7c7d1ad4ae195e49cf78f2c59a3\/Duza-brazowa-Maskotka-Pluszak-dla-dzieci-LABUBU-LA-BUBU-przytulanka-45cm-Stan-opakowania-oryginalne 360w,https:\/\/a.allegroimg.com\/s720\/1174bc\/c7c7d1ad4ae195e49cf78f2c59a3\/Duza-brazowa-Maskotka-Pluszak-dla-dzieci-LABUBU-LA-BUBU-przytulanka-45cm-Stan-opakowania-oryginalne 720w,https:\/\/a.allegroimg.com\/s1024\/1174bc\/c7c7d1ad4ae195e49cf78f2c59a3\/Duza-brazowa-Maskotka-Pluszak-dla-dzieci-LABUBU-LA-BUBU-przytulanka-45cm-Stan-opakowania-oryginalne 1024w,https:\/\/a.allegroimg.com\/s1440\/1174bc\/c7c7d1ad4ae195e49cf78f2c59a3\/Duza-brazowa-Maskotka-Pluszak-dla-dzieci-LABUBU-LA-BUBU-przytulanka-45cm-Stan-opakowania-oryginalne 1440w,https:\/\/a.allegroimg.com\/original\/1174bc\/c7c7d1ad4ae195e49cf78f2c59a3\/Duza-brazowa-Maskotka-Pluszak-dla-dzieci-LABUBU-LA-BUBU-przytulanka-45cm-Stan-opakowania-oryginalne 2000w\" alt=\"Didelis rudas pliu\u0161inis \u017eaislas-maskotas vaikams LABUBU LA BUBU, 45 cm, originalios pakuot\u0117s b\u016bkl\u0117.\" width=\"2000px\" data-srcset=\"\" \/><\/button><\/div>\n<\/div>\n<\/div>\n<\/div>\n<\/div>","protected":false},"excerpt":{"rendered":"<p>Didelis rudas pliu\u0161inis \u017eaislas-maskotas vaikams LABUBU LA BUBU mink\u0161tas \u017eaislas 45 cm Atrask savo nauj\u0105 draug\u0105! Susipa\u017einkite su \u0161iuo nepaprastu,<\/p>","protected":false},"featured_media":81762,"template":"","meta":{"_acf_changed":false,"_glsr_average":0,"_glsr_ranking":0,"_glsr_reviews":0},"product_brand":[],"product_cat":[398,229],"product_tag":[],"class_list":{"0":"post-81761","1":"product","2":"type-product","3":"status-publish","4":"has-post-thumbnail","6":"product_cat-animaciniai-personazai","7":"product_cat-zaislai-vaikams","8":"\"style=\"background-color: #2ecc711c;\"","10":"first","11":"instock","12":"shipping-taxable","13":"purchasable","14":"product-type-simple"},"acf":[],"yoast_head":"<!-- This site is optimized with the Yoast SEO plugin v27.3 - https:\/\/yoast.com\/product\/yoast-seo-wordpress\/ -->\n<title>Didelis rudas pliu\u0161inis \u017eaislas Labubu 45cm - KidsPlay<\/title>\n<meta name=\"description\" content=\"Didelis rudas pliu\u0161inis \u017eaislas Labubu 45cm - KidsPlay. Did\u017eiausias vaik\u0173 \u017eaisl\u0173 pasirinkimas.\" \/>\n<meta name=\"robots\" content=\"index, follow, max-snippet:-1, max-image-preview:large, max-video-preview:-1\" \/>\n<link rel=\"canonical\" href=\"https:\/\/kidsplay.lt\/lv\/products\/didelis-rudas-pliusinis-zaislas-labubu-45cm\/\" \/>\n<meta property=\"og:locale\" content=\"lv_LV\" \/>\n<meta property=\"og:type\" content=\"article\" \/>\n<meta property=\"og:title\" content=\"Didelis rudas pliu\u0161inis \u017eaislas Labubu 45cm - KidsPlay\" \/>\n<meta property=\"og:description\" content=\"Didelis rudas pliu\u0161inis \u017eaislas Labubu 45cm - KidsPlay. Did\u017eiausias vaik\u0173 \u017eaisl\u0173 pasirinkimas.\" \/>\n<meta property=\"og:url\" content=\"https:\/\/kidsplay.lt\/lv\/products\/didelis-rudas-pliusinis-zaislas-labubu-45cm\/\" \/>\n<meta property=\"og:site_name\" content=\"KidsPlay\" \/>\n<meta property=\"article:publisher\" content=\"https:\/\/www.facebook.com\/www.kidsplay.lt\" \/>\n<meta property=\"article:modified_time\" content=\"2025-12-30T08:31:19+00:00\" \/>\n<meta property=\"og:image\" content=\"https:\/\/kidsplay.lt\/wp-content\/uploads\/2025\/12\/Screenshot_1274.png\" \/>\n\t<meta property=\"og:image:width\" content=\"561\" \/>\n\t<meta property=\"og:image:height\" content=\"569\" \/>\n\t<meta property=\"og:image:type\" content=\"image\/png\" \/>\n<meta name=\"twitter:card\" content=\"summary_large_image\" \/>\n<meta name=\"twitter:label1\" content=\"Est. reading time\" \/>\n\t<meta name=\"twitter:data1\" content=\"3 min\u016btes\" \/>\n<script type=\"application\/ld+json\" class=\"yoast-schema-graph\">{\"@context\":\"https:\\\/\\\/schema.org\",\"@graph\":[{\"@type\":\"WebPage\",\"@id\":\"https:\\\/\\\/kidsplay.lt\\\/produktas\\\/didelis-rudas-pliusinis-zaislas-labubu-45cm\\\/\",\"url\":\"https:\\\/\\\/kidsplay.lt\\\/produktas\\\/didelis-rudas-pliusinis-zaislas-labubu-45cm\\\/\",\"name\":\"Didelis rudas pliu\u0161inis \u017eaislas Labubu 45cm - KidsPlay\",\"isPartOf\":{\"@id\":\"https:\\\/\\\/kidsplay.lt\\\/#website\"},\"primaryImageOfPage\":{\"@id\":\"https:\\\/\\\/kidsplay.lt\\\/produktas\\\/didelis-rudas-pliusinis-zaislas-labubu-45cm\\\/#primaryimage\"},\"image\":{\"@id\":\"https:\\\/\\\/kidsplay.lt\\\/produktas\\\/didelis-rudas-pliusinis-zaislas-labubu-45cm\\\/#primaryimage\"},\"thumbnailUrl\":\"https:\\\/\\\/kidsplay.lt\\\/wp-content\\\/uploads\\\/2025\\\/12\\\/Screenshot_1274.png\",\"datePublished\":\"2025-12-05T19:40:54+00:00\",\"dateModified\":\"2025-12-30T08:31:19+00:00\",\"description\":\"Didelis rudas pliu\u0161inis \u017eaislas Labubu 45cm - KidsPlay. Did\u017eiausias vaik\u0173 \u017eaisl\u0173 pasirinkimas.\",\"breadcrumb\":{\"@id\":\"https:\\\/\\\/kidsplay.lt\\\/produktas\\\/didelis-rudas-pliusinis-zaislas-labubu-45cm\\\/#breadcrumb\"},\"inLanguage\":\"lv-LV\",\"potentialAction\":[{\"@type\":\"ReadAction\",\"target\":[\"https:\\\/\\\/kidsplay.lt\\\/produktas\\\/didelis-rudas-pliusinis-zaislas-labubu-45cm\\\/\"]}]},{\"@type\":\"ImageObject\",\"inLanguage\":\"lv-LV\",\"@id\":\"https:\\\/\\\/kidsplay.lt\\\/produktas\\\/didelis-rudas-pliusinis-zaislas-labubu-45cm\\\/#primaryimage\",\"url\":\"https:\\\/\\\/kidsplay.lt\\\/wp-content\\\/uploads\\\/2025\\\/12\\\/Screenshot_1274.png\",\"contentUrl\":\"https:\\\/\\\/kidsplay.lt\\\/wp-content\\\/uploads\\\/2025\\\/12\\\/Screenshot_1274.png\",\"width\":561,\"height\":569},{\"@type\":\"BreadcrumbList\",\"@id\":\"https:\\\/\\\/kidsplay.lt\\\/produktas\\\/didelis-rudas-pliusinis-zaislas-labubu-45cm\\\/#breadcrumb\",\"itemListElement\":[{\"@type\":\"ListItem\",\"position\":1,\"name\":\"Pagrindinis\",\"item\":\"https:\\\/\\\/kidsplay.lt\\\/\"},{\"@type\":\"ListItem\",\"position\":2,\"name\":\"Parduotuv\u0117\",\"item\":\"https:\\\/\\\/kidsplay.lt\\\/parduotuve\\\/\"},{\"@type\":\"ListItem\",\"position\":3,\"name\":\"Didelis rudas pliu\u0161inis \u017eaislas Labubu 45cm\"}]},{\"@type\":\"WebSite\",\"@id\":\"https:\\\/\\\/kidsplay.lt\\\/#website\",\"url\":\"https:\\\/\\\/kidsplay.lt\\\/\",\"name\":\"Kidsplay.lt\",\"description\":\"\u012evairios prek\u0117s vaikams\",\"publisher\":{\"@id\":\"https:\\\/\\\/kidsplay.lt\\\/#organization\"},\"alternateName\":\"Kidsplay\",\"potentialAction\":[{\"@type\":\"SearchAction\",\"target\":{\"@type\":\"EntryPoint\",\"urlTemplate\":\"https:\\\/\\\/kidsplay.lt\\\/?s={search_term_string}\"},\"query-input\":{\"@type\":\"PropertyValueSpecification\",\"valueRequired\":true,\"valueName\":\"search_term_string\"}}],\"inLanguage\":\"lv-LV\"},{\"@type\":\"Organization\",\"@id\":\"https:\\\/\\\/kidsplay.lt\\\/#organization\",\"name\":\"KidsPlay\",\"url\":\"https:\\\/\\\/kidsplay.lt\\\/\",\"logo\":{\"@type\":\"ImageObject\",\"inLanguage\":\"lv-LV\",\"@id\":\"https:\\\/\\\/kidsplay.lt\\\/#\\\/schema\\\/logo\\\/image\\\/\",\"url\":\"https:\\\/\\\/kidsplay.lt\\\/wp-content\\\/uploads\\\/2023\\\/07\\\/kidsplay-logo.png\",\"contentUrl\":\"https:\\\/\\\/kidsplay.lt\\\/wp-content\\\/uploads\\\/2023\\\/07\\\/kidsplay-logo.png\",\"width\":451,\"height\":98,\"caption\":\"KidsPlay\"},\"image\":{\"@id\":\"https:\\\/\\\/kidsplay.lt\\\/#\\\/schema\\\/logo\\\/image\\\/\"},\"sameAs\":[\"https:\\\/\\\/www.facebook.com\\\/www.kidsplay.lt\"]}]}<\/script>\n<!-- \/ Yoast SEO plugin. -->","yoast_head_json":{"title":"Didelis rudas pliu\u0161inis \u017eaislas Labubu 45cm - KidsPlay","description":"Didelis rudas pliu\u0161inis \u017eaislas Labubu 45cm - KidsPlay. Did\u017eiausias vaik\u0173 \u017eaisl\u0173 pasirinkimas.","robots":{"index":"index","follow":"follow","max-snippet":"max-snippet:-1","max-image-preview":"max-image-preview:large","max-video-preview":"max-video-preview:-1"},"canonical":"https:\/\/kidsplay.lt\/lv\/products\/didelis-rudas-pliusinis-zaislas-labubu-45cm\/","og_locale":"lv_LV","og_type":"article","og_title":"Didelis rudas pliu\u0161inis \u017eaislas Labubu 45cm - KidsPlay","og_description":"Didelis rudas pliu\u0161inis \u017eaislas Labubu 45cm - KidsPlay. Did\u017eiausias vaik\u0173 \u017eaisl\u0173 pasirinkimas.","og_url":"https:\/\/kidsplay.lt\/lv\/products\/didelis-rudas-pliusinis-zaislas-labubu-45cm\/","og_site_name":"KidsPlay","article_publisher":"https:\/\/www.facebook.com\/www.kidsplay.lt","article_modified_time":"2025-12-30T08:31:19+00:00","og_image":[{"width":561,"height":569,"url":"https:\/\/kidsplay.lt\/wp-content\/uploads\/2025\/12\/Screenshot_1274.png","type":"image\/png"}],"twitter_card":"summary_large_image","twitter_misc":{"Est. reading time":"3 min\u016btes"},"schema":{"@context":"https:\/\/schema.org","@graph":[{"@type":"WebPage","@id":"https:\/\/kidsplay.lt\/produktas\/didelis-rudas-pliusinis-zaislas-labubu-45cm\/","url":"https:\/\/kidsplay.lt\/produktas\/didelis-rudas-pliusinis-zaislas-labubu-45cm\/","name":"Didelis rudas pliu\u0161inis \u017eaislas Labubu 45cm - KidsPlay","isPartOf":{"@id":"https:\/\/kidsplay.lt\/#website"},"primaryImageOfPage":{"@id":"https:\/\/kidsplay.lt\/produktas\/didelis-rudas-pliusinis-zaislas-labubu-45cm\/#primaryimage"},"image":{"@id":"https:\/\/kidsplay.lt\/produktas\/didelis-rudas-pliusinis-zaislas-labubu-45cm\/#primaryimage"},"thumbnailUrl":"https:\/\/kidsplay.lt\/wp-content\/uploads\/2025\/12\/Screenshot_1274.png","datePublished":"2025-12-05T19:40:54+00:00","dateModified":"2025-12-30T08:31:19+00:00","description":"Didelis rudas pliu\u0161inis \u017eaislas Labubu 45cm - KidsPlay. Did\u017eiausias vaik\u0173 \u017eaisl\u0173 pasirinkimas.","breadcrumb":{"@id":"https:\/\/kidsplay.lt\/produktas\/didelis-rudas-pliusinis-zaislas-labubu-45cm\/#breadcrumb"},"inLanguage":"lv-LV","potentialAction":[{"@type":"ReadAction","target":["https:\/\/kidsplay.lt\/produktas\/didelis-rudas-pliusinis-zaislas-labubu-45cm\/"]}]},{"@type":"ImageObject","inLanguage":"lv-LV","@id":"https:\/\/kidsplay.lt\/produktas\/didelis-rudas-pliusinis-zaislas-labubu-45cm\/#primaryimage","url":"https:\/\/kidsplay.lt\/wp-content\/uploads\/2025\/12\/Screenshot_1274.png","contentUrl":"https:\/\/kidsplay.lt\/wp-content\/uploads\/2025\/12\/Screenshot_1274.png","width":561,"height":569},{"@type":"BreadcrumbList","@id":"https:\/\/kidsplay.lt\/produktas\/didelis-rudas-pliusinis-zaislas-labubu-45cm\/#breadcrumb","itemListElement":[{"@type":"ListItem","position":1,"name":"Pagrindinis","item":"https:\/\/kidsplay.lt\/"},{"@type":"ListItem","position":2,"name":"Parduotuv\u0117","item":"https:\/\/kidsplay.lt\/parduotuve\/"},{"@type":"ListItem","position":3,"name":"Didelis rudas pliu\u0161inis \u017eaislas Labubu 45cm"}]},{"@type":"WebSite","@id":"https:\/\/kidsplay.lt\/#website","url":"https:\/\/kidsplay.lt\/","name":"B\u0113rnu sp\u0113les.lv","description":"\u012evairios prek\u0117s vaikams","publisher":{"@id":"https:\/\/kidsplay.lt\/#organization"},"alternateName":"Kidsplay","potentialAction":[{"@type":"SearchAction","target":{"@type":"EntryPoint","urlTemplate":"https:\/\/kidsplay.lt\/?s={search_term_string}"},"query-input":{"@type":"PropertyValueSpecification","valueRequired":true,"valueName":"search_term_string"}}],"inLanguage":"lv-LV"},{"@type":"Organization","@id":"https:\/\/kidsplay.lt\/#organization","name":"B\u0113rnu sp\u0113le","url":"https:\/\/kidsplay.lt\/","logo":{"@type":"ImageObject","inLanguage":"lv-LV","@id":"https:\/\/kidsplay.lt\/#\/schema\/logo\/image\/","url":"https:\/\/kidsplay.lt\/wp-content\/uploads\/2023\/07\/kidsplay-logo.png","contentUrl":"https:\/\/kidsplay.lt\/wp-content\/uploads\/2023\/07\/kidsplay-logo.png","width":451,"height":98,"caption":"KidsPlay"},"image":{"@id":"https:\/\/kidsplay.lt\/#\/schema\/logo\/image\/"},"sameAs":["https:\/\/www.facebook.com\/www.kidsplay.lt"]}]}},"_links":{"self":[{"href":"https:\/\/kidsplay.lt\/lv\/wp-json\/wp\/v2\/product\/81761","targetHints":{"allow":["GET"]}}],"collection":[{"href":"https:\/\/kidsplay.lt\/lv\/wp-json\/wp\/v2\/product"}],"about":[{"href":"https:\/\/kidsplay.lt\/lv\/wp-json\/wp\/v2\/types\/product"}],"version-history":[{"count":1,"href":"https:\/\/kidsplay.lt\/lv\/wp-json\/wp\/v2\/product\/81761\/revisions"}],"predecessor-version":[{"id":81763,"href":"https:\/\/kidsplay.lt\/lv\/wp-json\/wp\/v2\/product\/81761\/revisions\/81763"}],"wp:featuredmedia":[{"embeddable":true,"href":"https:\/\/kidsplay.lt\/lv\/wp-json\/wp\/v2\/media\/81762"}],"wp:attachment":[{"href":"https:\/\/kidsplay.lt\/lv\/wp-json\/wp\/v2\/media?parent=81761"}],"wp:term":[{"taxonomy":"product_brand","embeddable":true,"href":"https:\/\/kidsplay.lt\/lv\/wp-json\/wp\/v2\/product_brand?post=81761"},{"taxonomy":"product_cat","embeddable":true,"href":"https:\/\/kidsplay.lt\/lv\/wp-json\/wp\/v2\/product_cat?post=81761"},{"taxonomy":"product_tag","embeddable":true,"href":"https:\/\/kidsplay.lt\/lv\/wp-json\/wp\/v2\/product_tag?post=81761"}],"curies":[{"name":"wp","href":"https:\/\/api.w.org\/{rel}","templated":true}]}}