{"id":81768,"date":"2025-12-05T21:44:56","date_gmt":"2025-12-05T19:44:56","guid":{"rendered":"https:\/\/kidsplay.lt\/?post_type=product&#038;p=81768"},"modified":"2025-12-05T21:44:56","modified_gmt":"2025-12-05T19:44:56","slug":"k-pop-demon-hunter-30cm-leles","status":"publish","type":"product","link":"https:\/\/kidsplay.lt\/lv\/products\/k-pop-demon-hunter-30cm-leles\/","title":{"rendered":"K-POP Demon Hunter 30 cm lelles"},"content":{"rendered":"<div class=\"mpof_ki myre_zn myre_8v_l m389_6m_l\">\n<div class=\"mp4t_16_s mryx_16_s mr3m_1 mli2_1 mh85_56 mh85_0_l\">\n<div class=\"mgn2_16 _0d3bd_am0a-\">\n<h1><span dir=\"auto\">K-POP DEMON\u0172 MED\u017dIOTOJO L\u0116L\u0116S &#8211; 3 ATSKIRAI SUPAKUOTOS L\u0116L\u0116S<\/span><\/h1>\n<\/div>\n<\/div>\n<\/div>\n<div class=\"mpof_ki myre_zn myre_8v_l m389_6m_l\">\n<div class=\"mp4t_16_s mryx_16_s mr3m_1 mli2_1 mh85_56 mh85_0_l\">\n<div class=\"mg9e_8 mj7a_8 mg9e_0_s mvrt_0_s mj7a_0_s mh36_0_s mzmg_6m munh_16_l m3h2_16_l\">\n<div class=\"mp4t_0 mryx_0 munh_56 m3h2_56\">\n<div class=\"mp7g_oh\"><button class=\"mg9e_0 mvrt_0 mj7a_0 mh36_0 mp4t_0 m3h2_0 mryx_0 munh_0 mqen_m6 mpof_z0 mx7m_0 m7er_k4 mse2_k4 msts_pt\" data-analytics-interaction=\"true\" data-analytics-interaction-label=\"zoomable-image-open\" aria-disabled=\"true\"><img decoding=\"async\" class=\"msub_k4 mupj_5k mjru_k4 mse2_k4 mp7g_f6 mq1m_0 mj7u_0 m7er_k4 mqen_m6 m31c_d8 m0ux_fp lazyloaded\" src=\"https:\/\/a.allegroimg.com\/original\/1132fb\/515b41f2437a8c307c26f9d6e427\/3-Figurki-Lowcy-Demonow-PVC-LALKI-NIESPODZIANKA-Rumi-Zoey-i-Mira\" sizes=\"(min-width: 1200px) 560px, (min-width: 992px) 50vw, 100vw\" srcset=\"https:\/\/a.allegroimg.com\/s360\/1132fb\/515b41f2437a8c307c26f9d6e427\/3-Figurki-Lowcy-Demonow-PVC-LALKI-NIESPODZIANKA-Rumi-Zoey-i-Mira 360w,https:\/\/a.allegroimg.com\/s720\/1132fb\/515b41f2437a8c307c26f9d6e427\/3-Figurki-Lowcy-Demonow-PVC-LALKI-NIESPODZIANKA-Rumi-Zoey-i-Mira 720w,https:\/\/a.allegroimg.com\/original\/1132fb\/515b41f2437a8c307c26f9d6e427\/3-Figurki-Lowcy-Demonow-PVC-LALKI-NIESPODZIANKA-Rumi-Zoey-i-Mira 720w\" alt=\"3 PVC demon\u0173 med\u017eiotojo fig\u016br\u0117l\u0117s STAIGMEN\u0172 L\u0116L\u0116S Rumi Zoey ir Mira\" width=\"720px\" data-srcset=\"\" \/><\/button><\/div>\n<\/div>\n<\/div>\n<\/div>\n<div class=\"mp4t_16_s mryx_16_s mr3m_1 mli2_1 mh85_56 mh85_0_l\">\n<div class=\"mgn2_16 _0d3bd_am0a-\">\n<p><span dir=\"auto\">\u012e\u017eenkite \u012f pasaul\u012f, kuriame K-Pop energija susitinka su paslaptinga demon\u0173 med\u017eiotoj\u0173 galia! \u0160is unikalus\u00a0\u00a0<\/span><b><span dir=\"auto\">3 stiling\u0173 K-Pop demon\u0173 med\u017eiotoj\u0173 l\u0117li\u0173<\/span><\/b><span dir=\"auto\">\u00a0rinkinys \u00a0puikiai tinka vaikams, kurie m\u0117gsta dr\u0105sias, k\u016brybingas istorijas ir i\u0161rai\u0161kingus persona\u017eus.<\/span><\/p>\n<\/div>\n<\/div>\n<\/div>\n<div class=\"mpof_ki myre_zn myre_8v_l m389_6m_l\">\n<div class=\"mp4t_16_s mryx_16_s mr3m_1 mli2_1 mh85_56 mh85_0_l\">\n<div class=\"mg9e_8 mj7a_8 mg9e_0_s mvrt_0_s mj7a_0_s mh36_0_s mzmg_6m munh_16_l m3h2_16_l\">\n<div class=\"mp4t_0 mryx_0 munh_56 m3h2_56\">\n<div class=\"mp7g_oh\"><button class=\"mg9e_0 mvrt_0 mj7a_0 mh36_0 mp4t_0 m3h2_0 mryx_0 munh_0 mqen_m6 mpof_z0 mx7m_0 m7er_k4 mse2_k4 msts_pt\" data-analytics-interaction=\"true\" data-analytics-interaction-label=\"zoomable-image-open\" aria-disabled=\"true\"><img decoding=\"async\" class=\"msub_k4 mupj_5k mjru_k4 mse2_k4 mp7g_f6 mq1m_0 mj7u_0 m7er_k4 mqen_m6 m31c_d8 m0ux_fp lazyloaded\" src=\"https:\/\/a.allegroimg.com\/original\/1120b4\/b2635a9c4fd6a4100cf392dc8389\/3-Figurki-Lowcy-Demonow-PVC-LALKI-NIESPODZIANKA-Rumi-Zoey-i-Mira-EAN-GTIN-6977652566854\" sizes=\"(min-width: 1200px) 560px, (min-width: 992px) 50vw, 100vw\" srcset=\"https:\/\/a.allegroimg.com\/s360\/1120b4\/b2635a9c4fd6a4100cf392dc8389\/3-Figurki-Lowcy-Demonow-PVC-LALKI-NIESPODZIANKA-Rumi-Zoey-i-Mira-EAN-GTIN-6977652566854 360w,https:\/\/a.allegroimg.com\/s720\/1120b4\/b2635a9c4fd6a4100cf392dc8389\/3-Figurki-Lowcy-Demonow-PVC-LALKI-NIESPODZIANKA-Rumi-Zoey-i-Mira-EAN-GTIN-6977652566854 720w,https:\/\/a.allegroimg.com\/original\/1120b4\/b2635a9c4fd6a4100cf392dc8389\/3-Figurki-Lowcy-Demonow-PVC-LALKI-NIESPODZIANKA-Rumi-Zoey-i-Mira-EAN-GTIN-6977652566854 720w\" alt=\"3 PVC demon\u0173 med\u017eiotojo fig\u016br\u0117l\u0117s STAIGMEN\u0172 L\u0116L\u0116S Rumi Zoey ir Mira EAN (GTIN) 6977652566854\" width=\"720px\" data-srcset=\"\" \/><\/button><\/div>\n<\/div>\n<\/div>\n<\/div>\n<div class=\"mp4t_16_s mryx_16_s mr3m_1 mli2_1 mh85_56 mh85_0_l\">\n<div class=\"mgn2_16 _0d3bd_am0a-\">\n<p><span dir=\"auto\">Kiekviena l\u0117l\u0117 turi savo unikali\u0105 i\u0161vaizd\u0105, \u012fkv\u0117pt\u0105 kor\u0117jieti\u0161kos gatv\u0117s mados ir futuristini\u0173 demon\u0173 med\u017eiotojo \u0161arv\u0173. Rinkin\u012f sudaro:<\/span><\/p>\n<ul>\n<li><span dir=\"auto\">\u2728\u00a0\u00a0<\/span><b><span dir=\"auto\">3 unikal\u016bs persona\u017eai<\/span><\/b><span dir=\"auto\">\u00a0\u00a0su skirtingais stiliais<\/span><\/li>\n<li><b><span dir=\"auto\">Kilnojami elementai<\/span><\/b><span dir=\"auto\">\u00a0, kurie palengvina pozavim\u0105 ir grojim\u0105<\/span><\/li>\n<li><b><span dir=\"auto\">I\u0161skirtin\u0117s\u00a0<\/span><\/b><span dir=\"auto\">detal\u0117s\u00a0\u00a0: spalvingi plaukai, i\u0161rai\u0161kingas makia\u017eas ir gra\u017eiai sukurti drabu\u017eiai<\/span><\/li>\n<\/ul>\n<\/div>\n<\/div>\n<\/div>\n<div class=\"mpof_ki myre_zn myre_8v_l m389_6m_l\">\n<div class=\"mp4t_16_s mryx_16_s mr3m_1 mli2_1 mh85_56 mh85_0_l\">\n<div class=\"mg9e_8 mj7a_8 mg9e_0_s mvrt_0_s mj7a_0_s mh36_0_s mzmg_6m munh_16_l m3h2_16_l\">\n<div class=\"mp4t_0 mryx_0 munh_56 m3h2_56\">\n<div class=\"mp7g_oh\"><button class=\"mg9e_0 mvrt_0 mj7a_0 mh36_0 mp4t_0 m3h2_0 mryx_0 munh_0 mqen_m6 mpof_z0 mx7m_0 m7er_k4 mse2_k4 msts_pt\" data-analytics-interaction=\"true\" data-analytics-interaction-label=\"zoomable-image-open\" aria-disabled=\"true\"><img decoding=\"async\" class=\"msub_k4 mupj_5k mjru_k4 mse2_k4 mp7g_f6 mq1m_0 mj7u_0 m7er_k4 mqen_m6 m31c_d8 m0ux_fp lazyloaded\" src=\"https:\/\/a.allegroimg.com\/original\/11226e\/20cbdf83446f9704af3daaedeeda\/3-Figurki-Lowcy-Demonow-PVC-LALKI-NIESPODZIANKA-Rumi-Zoey-i-Mira-Marka-bez-marki\" sizes=\"(min-width: 1200px) 560px, (min-width: 992px) 50vw, 100vw\" srcset=\"https:\/\/a.allegroimg.com\/s360\/11226e\/20cbdf83446f9704af3daaedeeda\/3-Figurki-Lowcy-Demonow-PVC-LALKI-NIESPODZIANKA-Rumi-Zoey-i-Mira-Marka-bez-marki 360w,https:\/\/a.allegroimg.com\/s720\/11226e\/20cbdf83446f9704af3daaedeeda\/3-Figurki-Lowcy-Demonow-PVC-LALKI-NIESPODZIANKA-Rumi-Zoey-i-Mira-Marka-bez-marki 720w,https:\/\/a.allegroimg.com\/original\/11226e\/20cbdf83446f9704af3daaedeeda\/3-Figurki-Lowcy-Demonow-PVC-LALKI-NIESPODZIANKA-Rumi-Zoey-i-Mira-Marka-bez-marki 720w\" alt=\"3 PVC demon\u0173 med\u017eiotoj\u0173 fig\u016br\u0117l\u0117s STAIGMEN\u0172 L\u0116L\u0116S Rumi Zoey ir Mira Be prek\u0117s \u017eenklo\" width=\"720px\" data-srcset=\"\" \/><\/button><\/div>\n<\/div>\n<\/div>\n<\/div>\n<div class=\"mp4t_16_s mryx_16_s mr3m_1 mli2_1 mh85_56 mh85_0_l\">\n<div class=\"mgn2_16 _0d3bd_am0a-\">\n<p><span dir=\"auto\">Rinkinys skatina k\u016brybi\u0161k\u0105 \u017eaidim\u0105, savo istorij\u0173 k\u016brim\u0105 ir puikiai papildo K-Pop, anime ir fantastikos gerb\u0117j\u0173 kolekcij\u0105.<\/span><\/p>\n<p><b><span dir=\"auto\">Puikiai tinka dovanai!<\/span><\/b><\/p>\n<p><span dir=\"auto\">Puikus pasirinkimas vaikams nuo 6 met\u0173 ir visiems jauniems (ir vyresniems!) Azijos popkult\u016bros gerb\u0117jams.<\/span><\/p>\n<\/div>\n<\/div>\n<\/div>\n<div class=\"mpof_ki myre_zn myre_8v_l m389_6m_l\">\n<div class=\"mp4t_16_s mryx_16_s mr3m_1 mli2_1 mh85_56 mh85_0_l\">\n<div class=\"mg9e_8 mj7a_8 mg9e_0_s mvrt_0_s mj7a_0_s mh36_0_s mzmg_6m munh_16_l m3h2_16_l\">\n<div class=\"mp4t_0 mryx_0 munh_56 m3h2_56\">\n<div class=\"mp7g_oh\"><button class=\"mg9e_0 mvrt_0 mj7a_0 mh36_0 mp4t_0 m3h2_0 mryx_0 munh_0 mqen_m6 mpof_z0 mx7m_0 m7er_k4 mse2_k4 msts_pt\" data-analytics-interaction=\"true\" data-analytics-interaction-label=\"zoomable-image-open\" aria-disabled=\"true\"><img decoding=\"async\" class=\"msub_k4 mupj_5k mjru_k4 mse2_k4 mp7g_f6 mq1m_0 mj7u_0 m7er_k4 mqen_m6 m31c_d8 m0ux_fp lazyloaded\" src=\"https:\/\/a.allegroimg.com\/original\/116846\/90a4d6684f638a1fa8a0025f49df\/3-Figurki-Lowcy-Demonow-PVC-LALKI-NIESPODZIANKA-Rumi-Zoey-i-Mira-Seria-Cool-Girl-Classic\" sizes=\"100vw\" srcset=\"https:\/\/a.allegroimg.com\/s360\/116846\/90a4d6684f638a1fa8a0025f49df\/3-Figurki-Lowcy-Demonow-PVC-LALKI-NIESPODZIANKA-Rumi-Zoey-i-Mira-Seria-Cool-Girl-Classic 360w,https:\/\/a.allegroimg.com\/s720\/116846\/90a4d6684f638a1fa8a0025f49df\/3-Figurki-Lowcy-Demonow-PVC-LALKI-NIESPODZIANKA-Rumi-Zoey-i-Mira-Seria-Cool-Girl-Classic 720w,https:\/\/a.allegroimg.com\/original\/116846\/90a4d6684f638a1fa8a0025f49df\/3-Figurki-Lowcy-Demonow-PVC-LALKI-NIESPODZIANKA-Rumi-Zoey-i-Mira-Seria-Cool-Girl-Classic 720w\" alt=\"3 PVC demon\u0173 med\u017eiotoj\u0173 fig\u016br\u0117l\u0117s, staigmen\u0173 l\u0117l\u0117s, Rumi, Zoey ir Mira, \u201eCool Girl Classic Series\u201c.\" width=\"720px\" data-srcset=\"\" \/><\/button><\/div>\n<\/div>\n<\/div>\n<\/div>\n<\/div>","protected":false},"excerpt":{"rendered":"<p>K-POP DEMON\u0172 MED\u017dIOTOJO L\u0116L\u0116S &#8211; 3 ATSKIRAI SUPAKUOTOS L\u0116L\u0116S \u012e\u017eenkite \u012f pasaul\u012f, kuriame K-Pop energija susitinka su paslaptinga demon\u0173 med\u017eiotoj\u0173<\/p>","protected":false},"featured_media":81769,"template":"","meta":{"_acf_changed":false,"_glsr_average":0,"_glsr_ranking":0,"_glsr_reviews":0},"product_brand":[],"product_cat":[443,229],"product_tag":[],"class_list":{"0":"post-81768","1":"product","2":"type-product","3":"status-publish","4":"has-post-thumbnail","6":"product_cat-leles-ir-priedai","7":"product_cat-zaislai-vaikams","8":"\"style=\"background-color: #2ecc711c;\"","10":"first","11":"instock","12":"shipping-taxable","13":"purchasable","14":"product-type-simple"},"acf":[],"yoast_head":"<!-- This site is optimized with the Yoast SEO plugin v27.3 - https:\/\/yoast.com\/product\/yoast-seo-wordpress\/ -->\n<title>K-POP Demon Hunter 30cm l\u0117l\u0117s - KidsPlay<\/title>\n<meta name=\"description\" content=\"K-POP Demon Hunter 30cm l\u0117l\u0117s - KidsPlay. Did\u017eiausias vaik\u0173 \u017eaisl\u0173 pasirinkimas.\" \/>\n<meta name=\"robots\" content=\"index, follow, max-snippet:-1, max-image-preview:large, max-video-preview:-1\" \/>\n<link rel=\"canonical\" href=\"https:\/\/kidsplay.lt\/lv\/products\/k-pop-demon-hunter-30cm-leles\/\" \/>\n<meta property=\"og:locale\" content=\"lv_LV\" \/>\n<meta property=\"og:type\" content=\"article\" \/>\n<meta property=\"og:title\" content=\"K-POP Demon Hunter 30cm l\u0117l\u0117s - KidsPlay\" \/>\n<meta property=\"og:description\" content=\"K-POP Demon Hunter 30cm l\u0117l\u0117s - KidsPlay. Did\u017eiausias vaik\u0173 \u017eaisl\u0173 pasirinkimas.\" \/>\n<meta property=\"og:url\" content=\"https:\/\/kidsplay.lt\/lv\/products\/k-pop-demon-hunter-30cm-leles\/\" \/>\n<meta property=\"og:site_name\" content=\"KidsPlay\" \/>\n<meta property=\"article:publisher\" content=\"https:\/\/www.facebook.com\/www.kidsplay.lt\" \/>\n<meta property=\"og:image\" content=\"https:\/\/kidsplay.lt\/wp-content\/uploads\/2025\/12\/Screenshot_1276.png\" \/>\n\t<meta property=\"og:image:width\" content=\"303\" \/>\n\t<meta property=\"og:image:height\" content=\"444\" \/>\n\t<meta property=\"og:image:type\" content=\"image\/png\" \/>\n<meta name=\"twitter:card\" content=\"summary_large_image\" \/>\n<meta name=\"twitter:label1\" content=\"Est. reading time\" \/>\n\t<meta name=\"twitter:data1\" content=\"2 min\u016btes\" \/>\n<script type=\"application\/ld+json\" class=\"yoast-schema-graph\">{\"@context\":\"https:\\\/\\\/schema.org\",\"@graph\":[{\"@type\":\"WebPage\",\"@id\":\"https:\\\/\\\/kidsplay.lt\\\/produktas\\\/k-pop-demon-hunter-30cm-leles\\\/\",\"url\":\"https:\\\/\\\/kidsplay.lt\\\/produktas\\\/k-pop-demon-hunter-30cm-leles\\\/\",\"name\":\"K-POP Demon Hunter 30cm l\u0117l\u0117s - KidsPlay\",\"isPartOf\":{\"@id\":\"https:\\\/\\\/kidsplay.lt\\\/#website\"},\"primaryImageOfPage\":{\"@id\":\"https:\\\/\\\/kidsplay.lt\\\/produktas\\\/k-pop-demon-hunter-30cm-leles\\\/#primaryimage\"},\"image\":{\"@id\":\"https:\\\/\\\/kidsplay.lt\\\/produktas\\\/k-pop-demon-hunter-30cm-leles\\\/#primaryimage\"},\"thumbnailUrl\":\"https:\\\/\\\/kidsplay.lt\\\/wp-content\\\/uploads\\\/2025\\\/12\\\/Screenshot_1276.png\",\"datePublished\":\"2025-12-05T19:44:56+00:00\",\"description\":\"K-POP Demon Hunter 30cm l\u0117l\u0117s - KidsPlay. Did\u017eiausias vaik\u0173 \u017eaisl\u0173 pasirinkimas.\",\"breadcrumb\":{\"@id\":\"https:\\\/\\\/kidsplay.lt\\\/produktas\\\/k-pop-demon-hunter-30cm-leles\\\/#breadcrumb\"},\"inLanguage\":\"lv-LV\",\"potentialAction\":[{\"@type\":\"ReadAction\",\"target\":[\"https:\\\/\\\/kidsplay.lt\\\/produktas\\\/k-pop-demon-hunter-30cm-leles\\\/\"]}]},{\"@type\":\"ImageObject\",\"inLanguage\":\"lv-LV\",\"@id\":\"https:\\\/\\\/kidsplay.lt\\\/produktas\\\/k-pop-demon-hunter-30cm-leles\\\/#primaryimage\",\"url\":\"https:\\\/\\\/kidsplay.lt\\\/wp-content\\\/uploads\\\/2025\\\/12\\\/Screenshot_1276.png\",\"contentUrl\":\"https:\\\/\\\/kidsplay.lt\\\/wp-content\\\/uploads\\\/2025\\\/12\\\/Screenshot_1276.png\",\"width\":303,\"height\":444},{\"@type\":\"BreadcrumbList\",\"@id\":\"https:\\\/\\\/kidsplay.lt\\\/produktas\\\/k-pop-demon-hunter-30cm-leles\\\/#breadcrumb\",\"itemListElement\":[{\"@type\":\"ListItem\",\"position\":1,\"name\":\"Pagrindinis\",\"item\":\"https:\\\/\\\/kidsplay.lt\\\/\"},{\"@type\":\"ListItem\",\"position\":2,\"name\":\"Parduotuv\u0117\",\"item\":\"https:\\\/\\\/kidsplay.lt\\\/parduotuve\\\/\"},{\"@type\":\"ListItem\",\"position\":3,\"name\":\"K-POP Demon Hunter 30cm l\u0117l\u0117s\"}]},{\"@type\":\"WebSite\",\"@id\":\"https:\\\/\\\/kidsplay.lt\\\/#website\",\"url\":\"https:\\\/\\\/kidsplay.lt\\\/\",\"name\":\"Kidsplay.lt\",\"description\":\"\u012evairios prek\u0117s vaikams\",\"publisher\":{\"@id\":\"https:\\\/\\\/kidsplay.lt\\\/#organization\"},\"alternateName\":\"Kidsplay\",\"potentialAction\":[{\"@type\":\"SearchAction\",\"target\":{\"@type\":\"EntryPoint\",\"urlTemplate\":\"https:\\\/\\\/kidsplay.lt\\\/?s={search_term_string}\"},\"query-input\":{\"@type\":\"PropertyValueSpecification\",\"valueRequired\":true,\"valueName\":\"search_term_string\"}}],\"inLanguage\":\"lv-LV\"},{\"@type\":\"Organization\",\"@id\":\"https:\\\/\\\/kidsplay.lt\\\/#organization\",\"name\":\"KidsPlay\",\"url\":\"https:\\\/\\\/kidsplay.lt\\\/\",\"logo\":{\"@type\":\"ImageObject\",\"inLanguage\":\"lv-LV\",\"@id\":\"https:\\\/\\\/kidsplay.lt\\\/#\\\/schema\\\/logo\\\/image\\\/\",\"url\":\"https:\\\/\\\/kidsplay.lt\\\/wp-content\\\/uploads\\\/2023\\\/07\\\/kidsplay-logo.png\",\"contentUrl\":\"https:\\\/\\\/kidsplay.lt\\\/wp-content\\\/uploads\\\/2023\\\/07\\\/kidsplay-logo.png\",\"width\":451,\"height\":98,\"caption\":\"KidsPlay\"},\"image\":{\"@id\":\"https:\\\/\\\/kidsplay.lt\\\/#\\\/schema\\\/logo\\\/image\\\/\"},\"sameAs\":[\"https:\\\/\\\/www.facebook.com\\\/www.kidsplay.lt\"]}]}<\/script>\n<!-- \/ Yoast SEO plugin. -->","yoast_head_json":{"title":"K-POP Demon Hunter 30cm l\u0117l\u0117s - KidsPlay","description":"K-POP Demon Hunter 30cm l\u0117l\u0117s - KidsPlay. Did\u017eiausias vaik\u0173 \u017eaisl\u0173 pasirinkimas.","robots":{"index":"index","follow":"follow","max-snippet":"max-snippet:-1","max-image-preview":"max-image-preview:large","max-video-preview":"max-video-preview:-1"},"canonical":"https:\/\/kidsplay.lt\/lv\/products\/k-pop-demon-hunter-30cm-leles\/","og_locale":"lv_LV","og_type":"article","og_title":"K-POP Demon Hunter 30cm l\u0117l\u0117s - KidsPlay","og_description":"K-POP Demon Hunter 30cm l\u0117l\u0117s - KidsPlay. Did\u017eiausias vaik\u0173 \u017eaisl\u0173 pasirinkimas.","og_url":"https:\/\/kidsplay.lt\/lv\/products\/k-pop-demon-hunter-30cm-leles\/","og_site_name":"KidsPlay","article_publisher":"https:\/\/www.facebook.com\/www.kidsplay.lt","og_image":[{"width":303,"height":444,"url":"https:\/\/kidsplay.lt\/wp-content\/uploads\/2025\/12\/Screenshot_1276.png","type":"image\/png"}],"twitter_card":"summary_large_image","twitter_misc":{"Est. reading time":"2 min\u016btes"},"schema":{"@context":"https:\/\/schema.org","@graph":[{"@type":"WebPage","@id":"https:\/\/kidsplay.lt\/produktas\/k-pop-demon-hunter-30cm-leles\/","url":"https:\/\/kidsplay.lt\/produktas\/k-pop-demon-hunter-30cm-leles\/","name":"K-POP Demon Hunter 30cm l\u0117l\u0117s - KidsPlay","isPartOf":{"@id":"https:\/\/kidsplay.lt\/#website"},"primaryImageOfPage":{"@id":"https:\/\/kidsplay.lt\/produktas\/k-pop-demon-hunter-30cm-leles\/#primaryimage"},"image":{"@id":"https:\/\/kidsplay.lt\/produktas\/k-pop-demon-hunter-30cm-leles\/#primaryimage"},"thumbnailUrl":"https:\/\/kidsplay.lt\/wp-content\/uploads\/2025\/12\/Screenshot_1276.png","datePublished":"2025-12-05T19:44:56+00:00","description":"K-POP Demon Hunter 30cm l\u0117l\u0117s - KidsPlay. Did\u017eiausias vaik\u0173 \u017eaisl\u0173 pasirinkimas.","breadcrumb":{"@id":"https:\/\/kidsplay.lt\/produktas\/k-pop-demon-hunter-30cm-leles\/#breadcrumb"},"inLanguage":"lv-LV","potentialAction":[{"@type":"ReadAction","target":["https:\/\/kidsplay.lt\/produktas\/k-pop-demon-hunter-30cm-leles\/"]}]},{"@type":"ImageObject","inLanguage":"lv-LV","@id":"https:\/\/kidsplay.lt\/produktas\/k-pop-demon-hunter-30cm-leles\/#primaryimage","url":"https:\/\/kidsplay.lt\/wp-content\/uploads\/2025\/12\/Screenshot_1276.png","contentUrl":"https:\/\/kidsplay.lt\/wp-content\/uploads\/2025\/12\/Screenshot_1276.png","width":303,"height":444},{"@type":"BreadcrumbList","@id":"https:\/\/kidsplay.lt\/produktas\/k-pop-demon-hunter-30cm-leles\/#breadcrumb","itemListElement":[{"@type":"ListItem","position":1,"name":"Pagrindinis","item":"https:\/\/kidsplay.lt\/"},{"@type":"ListItem","position":2,"name":"Parduotuv\u0117","item":"https:\/\/kidsplay.lt\/parduotuve\/"},{"@type":"ListItem","position":3,"name":"K-POP Demon Hunter 30cm l\u0117l\u0117s"}]},{"@type":"WebSite","@id":"https:\/\/kidsplay.lt\/#website","url":"https:\/\/kidsplay.lt\/","name":"B\u0113rnu sp\u0113les.lv","description":"\u012evairios prek\u0117s vaikams","publisher":{"@id":"https:\/\/kidsplay.lt\/#organization"},"alternateName":"Kidsplay","potentialAction":[{"@type":"SearchAction","target":{"@type":"EntryPoint","urlTemplate":"https:\/\/kidsplay.lt\/?s={search_term_string}"},"query-input":{"@type":"PropertyValueSpecification","valueRequired":true,"valueName":"search_term_string"}}],"inLanguage":"lv-LV"},{"@type":"Organization","@id":"https:\/\/kidsplay.lt\/#organization","name":"B\u0113rnu sp\u0113le","url":"https:\/\/kidsplay.lt\/","logo":{"@type":"ImageObject","inLanguage":"lv-LV","@id":"https:\/\/kidsplay.lt\/#\/schema\/logo\/image\/","url":"https:\/\/kidsplay.lt\/wp-content\/uploads\/2023\/07\/kidsplay-logo.png","contentUrl":"https:\/\/kidsplay.lt\/wp-content\/uploads\/2023\/07\/kidsplay-logo.png","width":451,"height":98,"caption":"KidsPlay"},"image":{"@id":"https:\/\/kidsplay.lt\/#\/schema\/logo\/image\/"},"sameAs":["https:\/\/www.facebook.com\/www.kidsplay.lt"]}]}},"_links":{"self":[{"href":"https:\/\/kidsplay.lt\/lv\/wp-json\/wp\/v2\/product\/81768","targetHints":{"allow":["GET"]}}],"collection":[{"href":"https:\/\/kidsplay.lt\/lv\/wp-json\/wp\/v2\/product"}],"about":[{"href":"https:\/\/kidsplay.lt\/lv\/wp-json\/wp\/v2\/types\/product"}],"version-history":[{"count":1,"href":"https:\/\/kidsplay.lt\/lv\/wp-json\/wp\/v2\/product\/81768\/revisions"}],"predecessor-version":[{"id":81773,"href":"https:\/\/kidsplay.lt\/lv\/wp-json\/wp\/v2\/product\/81768\/revisions\/81773"}],"wp:featuredmedia":[{"embeddable":true,"href":"https:\/\/kidsplay.lt\/lv\/wp-json\/wp\/v2\/media\/81769"}],"wp:attachment":[{"href":"https:\/\/kidsplay.lt\/lv\/wp-json\/wp\/v2\/media?parent=81768"}],"wp:term":[{"taxonomy":"product_brand","embeddable":true,"href":"https:\/\/kidsplay.lt\/lv\/wp-json\/wp\/v2\/product_brand?post=81768"},{"taxonomy":"product_cat","embeddable":true,"href":"https:\/\/kidsplay.lt\/lv\/wp-json\/wp\/v2\/product_cat?post=81768"},{"taxonomy":"product_tag","embeddable":true,"href":"https:\/\/kidsplay.lt\/lv\/wp-json\/wp\/v2\/product_tag?post=81768"}],"curies":[{"name":"wp","href":"https:\/\/api.w.org\/{rel}","templated":true}]}}