{"id":81785,"date":"2025-12-05T21:52:56","date_gmt":"2025-12-05T19:52:56","guid":{"rendered":"https:\/\/kidsplay.lt\/?post_type=product&#038;p=81785"},"modified":"2025-12-05T21:52:56","modified_gmt":"2025-12-05T19:52:56","slug":"nuotoliniu-budu-valdomas-dronas-lektuvas","status":"publish","type":"product","link":"https:\/\/kidsplay.lt\/lv\/products\/nuotoliniu-budu-valdomas-dronas-lektuvas\/","title":{"rendered":"Nuotoliniu b\u016bdu valdomas dronas &#8211; l\u0117ktuvas"},"content":{"rendered":"<div class=\"mpof_ki myre_zn myre_8v_l m389_6m_l\">\n<div class=\"mp4t_16_s mryx_16_s mr3m_1 mli2_1 mh85_56 mh85_0_l\">\n<div class=\"mgn2_16 _0d3bd_am0a-\">\n<h1><span dir=\"auto\">Dronas-l\u0117ktuvas skraidantis putplas\u010diu, mokantis skraidyti, nuotoliniu b\u016bdu valdomas, stabilus 360 laipsni\u0173 kampu<\/span><\/h1>\n<p>&nbsp;<\/p>\n<h2><span dir=\"auto\">\u2708\ufe0f\u2708\ufe0f\u2708\ufe0f\u2708\ufe0f\u2708\ufe0f\u2708\ufe0f<\/span><\/h2>\n<\/div>\n<\/div>\n<\/div>\n<div class=\"mpof_ki myre_zn myre_8v_l m389_6m_l\">\n<div class=\"mp4t_16_s mryx_16_s mr3m_1 mli2_1 mh85_56 mh85_0_l\">\n<div class=\"mgn2_16 _0d3bd_am0a-\">\n<h2><span dir=\"auto\">NAIKINTOJAS RC DRONAS M\u0117lynas \u2013 Nuotoliniu b\u016bdu valdomas 360\u00b0 akrobatinis dronas | LED ap\u0161vietimas | Skraidantis \u017eaislas vaikams ir pradedantiesiems<\/span><\/h2>\n<p><span dir=\"auto\">Pakelkite savo pramogas \u012f kit\u0105 lyg\u012f su\u00a0\u00a0<\/span><b><span dir=\"auto\">\u201eFighter RC\u201c dronu<\/span><\/b><span dir=\"auto\">\u00a0! \u0160is\u00a0\u00a0\u00a0m\u0117lynas\u00a0\u00a0<\/span><b><span dir=\"auto\">nuotoliniu b\u016bdu valdomas dronas<\/span><\/b><span dir=\"auto\">\u00a0\u00a0puikiai tinka\u00a0\u00a0<b>pradedantiesiems ir 360\u00b0 oro\u00a0<\/b><\/span><b><span dir=\"auto\">akrobatikos<\/span><\/b><span dir=\"auto\">\u00a0\u00a0m\u0117g\u0117jams\u00a0\u00a0<b>.<\/b>\u00a0Apr\u016bpintas\u00a0\u00a0<b>ak\u012f traukian\u010diais LED \u017eibintais<\/b>\u00a0, jis garantuoja\u00a0\u00a0<b>nepamir\u0161tamus skryd\u017eius<\/b>\u00a0, ypa\u010d sutemus. Tai puiki\u00a0\u00a0<b>dovana<\/b>\u00a0.<\/span><b><\/b><b><\/b><b><\/b><b><\/b><b><\/b><\/p>\n<\/div>\n<\/div>\n<div class=\"mp4t_16_s mryx_16_s mr3m_1 mli2_1 mh85_56 mh85_0_l\">\n<div class=\"mg9e_8 mj7a_8 mg9e_0_s mvrt_0_s mj7a_0_s mh36_0_s mzmg_6m munh_16_l m3h2_16_l\">\n<div class=\"mp4t_0 mryx_0 munh_56 m3h2_56\">\n<div class=\"mp7g_oh\"><button class=\"mg9e_0 mvrt_0 mj7a_0 mh36_0 mp4t_0 m3h2_0 mryx_0 munh_0 mqen_m6 mpof_z0 mx7m_0 m7er_k4 mse2_k4 msts_pt\" data-analytics-interaction=\"true\" data-analytics-interaction-label=\"zoomable-image-open\" aria-disabled=\"true\"><img decoding=\"async\" class=\"msub_k4 mupj_5k mjru_k4 mse2_k4 mp7g_f6 mq1m_0 mj7u_0 m7er_k4 mqen_m6 m31c_d8 m0ux_fp lazyloaded\" src=\"https:\/\/a.allegroimg.com\/original\/110e18\/74ed12594ac0bdfd56d9180b62a2\/Samolot-Odrzutowiec-Dron-Zdalnie-Sterowany-Na-PILOTA-Piankowy-BEZPIECZNY\" sizes=\"(min-width: 1200px) 560px, (min-width: 992px) 50vw, 100vw\" srcset=\"https:\/\/a.allegroimg.com\/s360\/110e18\/74ed12594ac0bdfd56d9180b62a2\/Samolot-Odrzutowiec-Dron-Zdalnie-Sterowany-Na-PILOTA-Piankowy-BEZPIECZNY 360w,https:\/\/a.allegroimg.com\/s720\/110e18\/74ed12594ac0bdfd56d9180b62a2\/Samolot-Odrzutowiec-Dron-Zdalnie-Sterowany-Na-PILOTA-Piankowy-BEZPIECZNY 720w,https:\/\/a.allegroimg.com\/s1024\/110e18\/74ed12594ac0bdfd56d9180b62a2\/Samolot-Odrzutowiec-Dron-Zdalnie-Sterowany-Na-PILOTA-Piankowy-BEZPIECZNY 1024w,https:\/\/a.allegroimg.com\/s1440\/110e18\/74ed12594ac0bdfd56d9180b62a2\/Samolot-Odrzutowiec-Dron-Zdalnie-Sterowany-Na-PILOTA-Piankowy-BEZPIECZNY 1253w,https:\/\/a.allegroimg.com\/original\/110e18\/74ed12594ac0bdfd56d9180b62a2\/Samolot-Odrzutowiec-Dron-Zdalnie-Sterowany-Na-PILOTA-Piankowy-BEZPIECZNY 1253w\" alt=\"Nuotoliniu b\u016bdu valdomas l\u0117ktuvo reaktyvinis dronas su putplas\u010diu SAFE\" width=\"1253px\" data-srcset=\"\" \/><\/button><\/div>\n<\/div>\n<\/div>\n<\/div>\n<\/div>\n<div class=\"mpof_ki myre_zn myre_8v_l m389_6m_l\">\n<div class=\"mp4t_16_s mryx_16_s mr3m_1 mli2_1 mh85_56 mh85_0_l\">\n<div class=\"mg9e_8 mj7a_8 mg9e_0_s mvrt_0_s mj7a_0_s mh36_0_s mzmg_6m munh_16_l m3h2_16_l\">\n<div class=\"mp4t_0 mryx_0 munh_56 m3h2_56\">\n<div class=\"mp7g_oh\"><button class=\"mg9e_0 mvrt_0 mj7a_0 mh36_0 mp4t_0 m3h2_0 mryx_0 munh_0 mqen_m6 mpof_z0 mx7m_0 m7er_k4 mse2_k4 msts_pt\" data-analytics-interaction=\"true\" data-analytics-interaction-label=\"zoomable-image-open\" aria-disabled=\"true\"><img decoding=\"async\" class=\"msub_k4 mupj_5k mjru_k4 mse2_k4 mp7g_f6 mq1m_0 mj7u_0 m7er_k4 mqen_m6 m31c_d8 m0ux_fp lazyloaded\" src=\"https:\/\/a.allegroimg.com\/original\/11c97a\/9bb23bff4cedb84e1db593bcdbb5\/Samolot-Odrzutowiec-Dron-Zdalnie-Sterowany-Na-PILOTA-Piankowy-BEZPIECZNY-EAN-GTIN-5903772582369\" sizes=\"(min-width: 1200px) 560px, (min-width: 992px) 50vw, 100vw\" srcset=\"https:\/\/a.allegroimg.com\/s360\/11c97a\/9bb23bff4cedb84e1db593bcdbb5\/Samolot-Odrzutowiec-Dron-Zdalnie-Sterowany-Na-PILOTA-Piankowy-BEZPIECZNY-EAN-GTIN-5903772582369 360w,https:\/\/a.allegroimg.com\/s720\/11c97a\/9bb23bff4cedb84e1db593bcdbb5\/Samolot-Odrzutowiec-Dron-Zdalnie-Sterowany-Na-PILOTA-Piankowy-BEZPIECZNY-EAN-GTIN-5903772582369 414w,https:\/\/a.allegroimg.com\/original\/11c97a\/9bb23bff4cedb84e1db593bcdbb5\/Samolot-Odrzutowiec-Dron-Zdalnie-Sterowany-Na-PILOTA-Piankowy-BEZPIECZNY-EAN-GTIN-5903772582369 414w\" alt=\"Nuotoliniu b\u016bdu valdomas l\u0117ktuvo reaktyvinis dronas su putplas\u010diu SAFE EAN (GTIN) 5903772582369\" width=\"414px\" data-srcset=\"\" \/><\/button><\/div>\n<\/div>\n<\/div>\n<\/div>\n<div class=\"mp4t_16_s mryx_16_s mr3m_1 mli2_1 mh85_56 mh85_0_l\">\n<div class=\"mgn2_16 _0d3bd_am0a-\">\n<h2><span dir=\"auto\">\u2733\ufe0fDrono l\u0117ktuvo dovana \u2013 skryd\u017eiui paruo\u0161tas rinkinys<\/span><\/h2>\n<p><span dir=\"auto\">\u0160is\u00a0\u00a0<\/span><b><span dir=\"auto\">m\u0117lynas \u201eFighter\u201c dronas<\/span><\/b><span dir=\"auto\">\u00a0\u00a0yra puiki\u00a0\u00a0<\/span><b><span dir=\"auto\">dovana<\/span><\/b><span dir=\"auto\">\u00a0\u00a0visiems, m\u0117gstantiems technologines naujoves ir\u00a0\u00a0<\/span><b><span dir=\"auto\">nuotoliniu b\u016bdu valdom\u0173 modeli\u0173<\/span><\/b><span dir=\"auto\">\u00a0jaudul\u012f . Rinkinyje yra visi b\u016btini daiktai:<\/span><\/p>\n<p><b><span dir=\"auto\">\u2714\ufe0f Naikintuvo drono l\u0117ktuvas m\u0117lynas \/ raudonas<\/span><\/b><\/p>\n<p><span dir=\"auto\">\u2714\ufe0f Nuotolinio valdymo pultas<\/span><\/p>\n<p><span dir=\"auto\">\u2714\ufe0f USB \u012fkrovimo laidas (lengva \u012fkrauti i\u0161 kompiuterio ar \u012fkroviklio)<\/span><\/p>\n<p><span dir=\"auto\">\u2714\ufe0f Atsuktuvas<\/span><\/p>\n<p><span dir=\"auto\"><b>\u2714\ufe0f Papildom\u0173 ventiliatori\u0173<\/b>\u00a0rinkinys\u00a0<\/span><b><\/b><\/p>\n<p><span dir=\"auto\">\u2714\ufe0f Naudotojo vadovas<\/span><\/p>\n<p><span dir=\"auto\">\u2714\ufe0f \u017eaisl\u0173 gamintojo pakuot\u0117.<\/span><\/p>\n<p><span dir=\"auto\">Komplekte, \u017einoma, yra ir baterija.<\/span><\/p>\n<\/div>\n<\/div>\n<\/div>","protected":false},"excerpt":{"rendered":"<p>Dronas-l\u0117ktuvas skraidantis putplas\u010diu, mokantis skraidyti, nuotoliniu b\u016bdu valdomas, stabilus 360 laipsni\u0173 kampu &nbsp; \u2708\ufe0f\u2708\ufe0f\u2708\ufe0f\u2708\ufe0f\u2708\ufe0f\u2708\ufe0f NAIKINTOJAS RC DRONAS M\u0117lynas \u2013 Nuotoliniu<\/p>","protected":false},"featured_media":81786,"template":"","meta":{"_acf_changed":false,"_glsr_average":0,"_glsr_ranking":0,"_glsr_reviews":0},"product_brand":[],"product_cat":[447,229],"product_tag":[],"class_list":{"0":"post-81785","1":"product","2":"type-product","3":"status-publish","4":"has-post-thumbnail","6":"product_cat-rc-zaislai","7":"product_cat-zaislai-vaikams","8":"\"style=\"background-color: #2ecc711c;\"","10":"first","11":"instock","12":"shipping-taxable","13":"purchasable","14":"product-type-simple"},"acf":[],"yoast_head":"<!-- This site is optimized with the Yoast SEO plugin v27.3 - https:\/\/yoast.com\/product\/yoast-seo-wordpress\/ -->\n<title>Nuotoliniu b\u016bdu valdomas dronas - l\u0117ktuvas - KidsPlay<\/title>\n<meta name=\"description\" content=\"Nuotoliniu b\u016bdu valdomas dronas - l\u0117ktuvas - KidsPlay. Did\u017eiausias vaik\u0173 \u017eaisl\u0173 pasirinkimas.\" \/>\n<meta name=\"robots\" content=\"index, follow, max-snippet:-1, max-image-preview:large, max-video-preview:-1\" \/>\n<link rel=\"canonical\" href=\"https:\/\/kidsplay.lt\/lv\/products\/nuotoliniu-budu-valdomas-dronas-lektuvas\/\" \/>\n<meta property=\"og:locale\" content=\"lv_LV\" \/>\n<meta property=\"og:type\" content=\"article\" \/>\n<meta property=\"og:title\" content=\"Nuotoliniu b\u016bdu valdomas dronas - l\u0117ktuvas - KidsPlay\" \/>\n<meta property=\"og:description\" content=\"Nuotoliniu b\u016bdu valdomas dronas - l\u0117ktuvas - KidsPlay. Did\u017eiausias vaik\u0173 \u017eaisl\u0173 pasirinkimas.\" \/>\n<meta property=\"og:url\" content=\"https:\/\/kidsplay.lt\/lv\/products\/nuotoliniu-budu-valdomas-dronas-lektuvas\/\" \/>\n<meta property=\"og:site_name\" content=\"KidsPlay\" \/>\n<meta property=\"article:publisher\" content=\"https:\/\/www.facebook.com\/www.kidsplay.lt\" \/>\n<meta property=\"og:image\" content=\"https:\/\/kidsplay.lt\/wp-content\/uploads\/2025\/12\/Screenshot_1285.png\" \/>\n\t<meta property=\"og:image:width\" content=\"559\" \/>\n\t<meta property=\"og:image:height\" content=\"500\" \/>\n\t<meta property=\"og:image:type\" content=\"image\/png\" \/>\n<meta name=\"twitter:card\" content=\"summary_large_image\" \/>\n<meta name=\"twitter:label1\" content=\"Est. reading time\" \/>\n\t<meta name=\"twitter:data1\" content=\"2 min\u016btes\" \/>\n<script type=\"application\/ld+json\" class=\"yoast-schema-graph\">{\"@context\":\"https:\\\/\\\/schema.org\",\"@graph\":[{\"@type\":\"WebPage\",\"@id\":\"https:\\\/\\\/kidsplay.lt\\\/produktas\\\/nuotoliniu-budu-valdomas-dronas-lektuvas\\\/\",\"url\":\"https:\\\/\\\/kidsplay.lt\\\/produktas\\\/nuotoliniu-budu-valdomas-dronas-lektuvas\\\/\",\"name\":\"Nuotoliniu b\u016bdu valdomas dronas - l\u0117ktuvas - KidsPlay\",\"isPartOf\":{\"@id\":\"https:\\\/\\\/kidsplay.lt\\\/#website\"},\"primaryImageOfPage\":{\"@id\":\"https:\\\/\\\/kidsplay.lt\\\/produktas\\\/nuotoliniu-budu-valdomas-dronas-lektuvas\\\/#primaryimage\"},\"image\":{\"@id\":\"https:\\\/\\\/kidsplay.lt\\\/produktas\\\/nuotoliniu-budu-valdomas-dronas-lektuvas\\\/#primaryimage\"},\"thumbnailUrl\":\"https:\\\/\\\/kidsplay.lt\\\/wp-content\\\/uploads\\\/2025\\\/12\\\/Screenshot_1285.png\",\"datePublished\":\"2025-12-05T19:52:56+00:00\",\"description\":\"Nuotoliniu b\u016bdu valdomas dronas - l\u0117ktuvas - KidsPlay. Did\u017eiausias vaik\u0173 \u017eaisl\u0173 pasirinkimas.\",\"breadcrumb\":{\"@id\":\"https:\\\/\\\/kidsplay.lt\\\/produktas\\\/nuotoliniu-budu-valdomas-dronas-lektuvas\\\/#breadcrumb\"},\"inLanguage\":\"lv-LV\",\"potentialAction\":[{\"@type\":\"ReadAction\",\"target\":[\"https:\\\/\\\/kidsplay.lt\\\/produktas\\\/nuotoliniu-budu-valdomas-dronas-lektuvas\\\/\"]}]},{\"@type\":\"ImageObject\",\"inLanguage\":\"lv-LV\",\"@id\":\"https:\\\/\\\/kidsplay.lt\\\/produktas\\\/nuotoliniu-budu-valdomas-dronas-lektuvas\\\/#primaryimage\",\"url\":\"https:\\\/\\\/kidsplay.lt\\\/wp-content\\\/uploads\\\/2025\\\/12\\\/Screenshot_1285.png\",\"contentUrl\":\"https:\\\/\\\/kidsplay.lt\\\/wp-content\\\/uploads\\\/2025\\\/12\\\/Screenshot_1285.png\",\"width\":559,\"height\":500},{\"@type\":\"BreadcrumbList\",\"@id\":\"https:\\\/\\\/kidsplay.lt\\\/produktas\\\/nuotoliniu-budu-valdomas-dronas-lektuvas\\\/#breadcrumb\",\"itemListElement\":[{\"@type\":\"ListItem\",\"position\":1,\"name\":\"Pagrindinis\",\"item\":\"https:\\\/\\\/kidsplay.lt\\\/\"},{\"@type\":\"ListItem\",\"position\":2,\"name\":\"Parduotuv\u0117\",\"item\":\"https:\\\/\\\/kidsplay.lt\\\/parduotuve\\\/\"},{\"@type\":\"ListItem\",\"position\":3,\"name\":\"Nuotoliniu b\u016bdu valdomas dronas &#8211; l\u0117ktuvas\"}]},{\"@type\":\"WebSite\",\"@id\":\"https:\\\/\\\/kidsplay.lt\\\/#website\",\"url\":\"https:\\\/\\\/kidsplay.lt\\\/\",\"name\":\"Kidsplay.lt\",\"description\":\"\u012evairios prek\u0117s vaikams\",\"publisher\":{\"@id\":\"https:\\\/\\\/kidsplay.lt\\\/#organization\"},\"alternateName\":\"Kidsplay\",\"potentialAction\":[{\"@type\":\"SearchAction\",\"target\":{\"@type\":\"EntryPoint\",\"urlTemplate\":\"https:\\\/\\\/kidsplay.lt\\\/?s={search_term_string}\"},\"query-input\":{\"@type\":\"PropertyValueSpecification\",\"valueRequired\":true,\"valueName\":\"search_term_string\"}}],\"inLanguage\":\"lv-LV\"},{\"@type\":\"Organization\",\"@id\":\"https:\\\/\\\/kidsplay.lt\\\/#organization\",\"name\":\"KidsPlay\",\"url\":\"https:\\\/\\\/kidsplay.lt\\\/\",\"logo\":{\"@type\":\"ImageObject\",\"inLanguage\":\"lv-LV\",\"@id\":\"https:\\\/\\\/kidsplay.lt\\\/#\\\/schema\\\/logo\\\/image\\\/\",\"url\":\"https:\\\/\\\/kidsplay.lt\\\/wp-content\\\/uploads\\\/2023\\\/07\\\/kidsplay-logo.png\",\"contentUrl\":\"https:\\\/\\\/kidsplay.lt\\\/wp-content\\\/uploads\\\/2023\\\/07\\\/kidsplay-logo.png\",\"width\":451,\"height\":98,\"caption\":\"KidsPlay\"},\"image\":{\"@id\":\"https:\\\/\\\/kidsplay.lt\\\/#\\\/schema\\\/logo\\\/image\\\/\"},\"sameAs\":[\"https:\\\/\\\/www.facebook.com\\\/www.kidsplay.lt\"]}]}<\/script>\n<!-- \/ Yoast SEO plugin. -->","yoast_head_json":{"title":"Nuotoliniu b\u016bdu valdomas dronas - l\u0117ktuvas - KidsPlay","description":"Nuotoliniu b\u016bdu valdomas dronas - l\u0117ktuvas - KidsPlay. Did\u017eiausias vaik\u0173 \u017eaisl\u0173 pasirinkimas.","robots":{"index":"index","follow":"follow","max-snippet":"max-snippet:-1","max-image-preview":"max-image-preview:large","max-video-preview":"max-video-preview:-1"},"canonical":"https:\/\/kidsplay.lt\/lv\/products\/nuotoliniu-budu-valdomas-dronas-lektuvas\/","og_locale":"lv_LV","og_type":"article","og_title":"Nuotoliniu b\u016bdu valdomas dronas - l\u0117ktuvas - KidsPlay","og_description":"Nuotoliniu b\u016bdu valdomas dronas - l\u0117ktuvas - KidsPlay. Did\u017eiausias vaik\u0173 \u017eaisl\u0173 pasirinkimas.","og_url":"https:\/\/kidsplay.lt\/lv\/products\/nuotoliniu-budu-valdomas-dronas-lektuvas\/","og_site_name":"KidsPlay","article_publisher":"https:\/\/www.facebook.com\/www.kidsplay.lt","og_image":[{"width":559,"height":500,"url":"https:\/\/kidsplay.lt\/wp-content\/uploads\/2025\/12\/Screenshot_1285.png","type":"image\/png"}],"twitter_card":"summary_large_image","twitter_misc":{"Est. reading time":"2 min\u016btes"},"schema":{"@context":"https:\/\/schema.org","@graph":[{"@type":"WebPage","@id":"https:\/\/kidsplay.lt\/produktas\/nuotoliniu-budu-valdomas-dronas-lektuvas\/","url":"https:\/\/kidsplay.lt\/produktas\/nuotoliniu-budu-valdomas-dronas-lektuvas\/","name":"Nuotoliniu b\u016bdu valdomas dronas - l\u0117ktuvas - KidsPlay","isPartOf":{"@id":"https:\/\/kidsplay.lt\/#website"},"primaryImageOfPage":{"@id":"https:\/\/kidsplay.lt\/produktas\/nuotoliniu-budu-valdomas-dronas-lektuvas\/#primaryimage"},"image":{"@id":"https:\/\/kidsplay.lt\/produktas\/nuotoliniu-budu-valdomas-dronas-lektuvas\/#primaryimage"},"thumbnailUrl":"https:\/\/kidsplay.lt\/wp-content\/uploads\/2025\/12\/Screenshot_1285.png","datePublished":"2025-12-05T19:52:56+00:00","description":"Nuotoliniu b\u016bdu valdomas dronas - l\u0117ktuvas - KidsPlay. Did\u017eiausias vaik\u0173 \u017eaisl\u0173 pasirinkimas.","breadcrumb":{"@id":"https:\/\/kidsplay.lt\/produktas\/nuotoliniu-budu-valdomas-dronas-lektuvas\/#breadcrumb"},"inLanguage":"lv-LV","potentialAction":[{"@type":"ReadAction","target":["https:\/\/kidsplay.lt\/produktas\/nuotoliniu-budu-valdomas-dronas-lektuvas\/"]}]},{"@type":"ImageObject","inLanguage":"lv-LV","@id":"https:\/\/kidsplay.lt\/produktas\/nuotoliniu-budu-valdomas-dronas-lektuvas\/#primaryimage","url":"https:\/\/kidsplay.lt\/wp-content\/uploads\/2025\/12\/Screenshot_1285.png","contentUrl":"https:\/\/kidsplay.lt\/wp-content\/uploads\/2025\/12\/Screenshot_1285.png","width":559,"height":500},{"@type":"BreadcrumbList","@id":"https:\/\/kidsplay.lt\/produktas\/nuotoliniu-budu-valdomas-dronas-lektuvas\/#breadcrumb","itemListElement":[{"@type":"ListItem","position":1,"name":"Pagrindinis","item":"https:\/\/kidsplay.lt\/"},{"@type":"ListItem","position":2,"name":"Parduotuv\u0117","item":"https:\/\/kidsplay.lt\/parduotuve\/"},{"@type":"ListItem","position":3,"name":"Nuotoliniu b\u016bdu valdomas dronas &#8211; l\u0117ktuvas"}]},{"@type":"WebSite","@id":"https:\/\/kidsplay.lt\/#website","url":"https:\/\/kidsplay.lt\/","name":"B\u0113rnu sp\u0113les.lv","description":"\u012evairios prek\u0117s vaikams","publisher":{"@id":"https:\/\/kidsplay.lt\/#organization"},"alternateName":"Kidsplay","potentialAction":[{"@type":"SearchAction","target":{"@type":"EntryPoint","urlTemplate":"https:\/\/kidsplay.lt\/?s={search_term_string}"},"query-input":{"@type":"PropertyValueSpecification","valueRequired":true,"valueName":"search_term_string"}}],"inLanguage":"lv-LV"},{"@type":"Organization","@id":"https:\/\/kidsplay.lt\/#organization","name":"B\u0113rnu sp\u0113le","url":"https:\/\/kidsplay.lt\/","logo":{"@type":"ImageObject","inLanguage":"lv-LV","@id":"https:\/\/kidsplay.lt\/#\/schema\/logo\/image\/","url":"https:\/\/kidsplay.lt\/wp-content\/uploads\/2023\/07\/kidsplay-logo.png","contentUrl":"https:\/\/kidsplay.lt\/wp-content\/uploads\/2023\/07\/kidsplay-logo.png","width":451,"height":98,"caption":"KidsPlay"},"image":{"@id":"https:\/\/kidsplay.lt\/#\/schema\/logo\/image\/"},"sameAs":["https:\/\/www.facebook.com\/www.kidsplay.lt"]}]}},"_links":{"self":[{"href":"https:\/\/kidsplay.lt\/lv\/wp-json\/wp\/v2\/product\/81785","targetHints":{"allow":["GET"]}}],"collection":[{"href":"https:\/\/kidsplay.lt\/lv\/wp-json\/wp\/v2\/product"}],"about":[{"href":"https:\/\/kidsplay.lt\/lv\/wp-json\/wp\/v2\/types\/product"}],"version-history":[{"count":1,"href":"https:\/\/kidsplay.lt\/lv\/wp-json\/wp\/v2\/product\/81785\/revisions"}],"predecessor-version":[{"id":81787,"href":"https:\/\/kidsplay.lt\/lv\/wp-json\/wp\/v2\/product\/81785\/revisions\/81787"}],"wp:featuredmedia":[{"embeddable":true,"href":"https:\/\/kidsplay.lt\/lv\/wp-json\/wp\/v2\/media\/81786"}],"wp:attachment":[{"href":"https:\/\/kidsplay.lt\/lv\/wp-json\/wp\/v2\/media?parent=81785"}],"wp:term":[{"taxonomy":"product_brand","embeddable":true,"href":"https:\/\/kidsplay.lt\/lv\/wp-json\/wp\/v2\/product_brand?post=81785"},{"taxonomy":"product_cat","embeddable":true,"href":"https:\/\/kidsplay.lt\/lv\/wp-json\/wp\/v2\/product_cat?post=81785"},{"taxonomy":"product_tag","embeddable":true,"href":"https:\/\/kidsplay.lt\/lv\/wp-json\/wp\/v2\/product_tag?post=81785"}],"curies":[{"name":"wp","href":"https:\/\/api.w.org\/{rel}","templated":true}]}}