{"id":81802,"date":"2025-12-05T22:03:30","date_gmt":"2025-12-05T20:03:30","guid":{"rendered":"https:\/\/kidsplay.lt\/?post_type=product&#038;p=81802"},"modified":"2026-01-21T12:28:48","modified_gmt":"2026-01-21T10:28:48","slug":"minecraft-figureliu-rinkinys","status":"publish","type":"product","link":"https:\/\/kidsplay.lt\/lv\/products\/minecraft-figureliu-rinkinys\/","title":{"rendered":"Minecraft fig\u016br\u0117li\u0173 rinkinys"},"content":{"rendered":"<div class=\"mpof_ki myre_zn myre_8v_l m389_6m_l\">\n<div class=\"mp4t_16_s mryx_16_s mr3m_1 mli2_1 mh85_56 mh85_0_l\">\n<div class=\"mgn2_16 _0d3bd_am0a-\">\n<p><b><span dir=\"auto\">Puikus \u201eMinecraft\u201c \u012fkv\u0117ptas rinkinys!<\/span><\/b><span dir=\"auto\">\u00a0\u00a0\u0160iame i\u0161samiame rinkinyje yra\u00a0\u00a0<\/span><b><span dir=\"auto\">24 skirtingi persona\u017eai<\/span><\/b><span dir=\"auto\">\u00a0\u00a0vienoje d\u0117\u017eut\u0117je, perkeliantys pikseli\u0173 meno nuotykius tiesiai \u012f j\u016bs\u0173 vaiko kambar\u012f.<\/span><\/p>\n<p><b><span dir=\"auto\">K\u0105 gausite rinkinyje?<\/span><\/b><\/p>\n<ul>\n<li><b><span dir=\"auto\">24 skaitmenys<\/span><\/b><\/li>\n<li><b><span dir=\"auto\">Auk\u0161tos kokyb\u0117s apdaila<\/span><\/b><span dir=\"auto\">\u00a0\u2013 pagaminta i\u0161 patvarios ir saugios med\u017eiagos.<\/span><\/li>\n<li><b><span dir=\"auto\">Puikus dydis<\/span><\/b><span dir=\"auto\">\u00a0\u00a0\u2013 puikiai tinka \u017eaidimams ir kolekcionavimui.<\/span><\/li>\n<li><b><span dir=\"auto\">D\u0117\u017eut\u0117<\/span><\/b><span dir=\"auto\">\u00a0\u00a0\u2013 esteti\u0161ka pakuot\u0117,\u00a0\u00a0<\/span><b><span dir=\"auto\">puikiai tinkanti dovanai.<\/span><\/b><\/li>\n<li><b><span dir=\"auto\">Piederumi<\/span><\/b><span dir=\"auto\">\u00a0\u00a0\u2013 kiekvienas veik\u0117jas turi kilnojam\u0173 element\u0173 arba pried\u0173 (kard\u0173, kirtikli\u0173, kalad\u0117li\u0173), kurie pa\u012fvairins \u017eaidim\u0105.<\/span><\/li>\n<\/ul>\n<p><span dir=\"auto\">\u2705 Vienos fig\u016br\u0117l\u0117s dydis: apie 4 cm.<\/span><\/p>\n<\/div>\n<\/div>\n<\/div>\n<div class=\"mpof_ki myre_zn myre_8v_l m389_6m_l\">\n<div class=\"mp4t_16_s mryx_16_s mr3m_1 mli2_1 mh85_56 mh85_0_l\">\n<div class=\"mg9e_8 mj7a_8 mg9e_0_s mvrt_0_s mj7a_0_s mh36_0_s mzmg_6m munh_16_l m3h2_16_l\">\n<div class=\"mp4t_0 mryx_0 munh_56 m3h2_56\">\n<div class=\"mp7g_oh\"><button class=\"mg9e_0 mvrt_0 mj7a_0 mh36_0 mp4t_0 m3h2_0 mryx_0 munh_0 mqen_m6 mpof_z0 mx7m_0 m7er_k4 mse2_k4 msts_pt\" data-analytics-interaction=\"true\" data-analytics-interaction-label=\"zoomable-image-open\" aria-disabled=\"true\"><img decoding=\"async\" class=\"msub_k4 mupj_5k mjru_k4 mse2_k4 mp7g_f6 mq1m_0 mj7u_0 m7er_k4 mqen_m6 m31c_d8 m0ux_fp lazyloaded\" src=\"https:\/\/a.allegroimg.com\/original\/111fd2\/1a8b36074b0bba3e921fbbe1b757\/FIGURKI-typu-MINECRAFT-ZESTAW-DODATKI-MEGA-BOX-Postacie-Ludziki-EAN-GTIN-3516667688248\" sizes=\"(min-width: 1200px) 560px, (min-width: 992px) 50vw, 100vw\" srcset=\"https:\/\/a.allegroimg.com\/s360\/111fd2\/1a8b36074b0bba3e921fbbe1b757\/FIGURKI-typu-MINECRAFT-ZESTAW-DODATKI-MEGA-BOX-Postacie-Ludziki-EAN-GTIN-3516667688248 360w,https:\/\/a.allegroimg.com\/s720\/111fd2\/1a8b36074b0bba3e921fbbe1b757\/FIGURKI-typu-MINECRAFT-ZESTAW-DODATKI-MEGA-BOX-Postacie-Ludziki-EAN-GTIN-3516667688248 720w,https:\/\/a.allegroimg.com\/s1024\/111fd2\/1a8b36074b0bba3e921fbbe1b757\/FIGURKI-typu-MINECRAFT-ZESTAW-DODATKI-MEGA-BOX-Postacie-Ludziki-EAN-GTIN-3516667688248 758w,https:\/\/a.allegroimg.com\/original\/111fd2\/1a8b36074b0bba3e921fbbe1b757\/FIGURKI-typu-MINECRAFT-ZESTAW-DODATKI-MEGA-BOX-Postacie-Ludziki-EAN-GTIN-3516667688248 758w\" alt=\"MINECRAFT FIG\u016aR\u0116LI\u0172 RINKINYS + PRIEDAI MEGA BOX Veik\u0117jai \u017dmon\u0117s EAN (GTIN) 3516667688248\" width=\"758px\" data-srcset=\"\" \/><\/button><\/div>\n<\/div>\n<\/div>\n<\/div>\n<div class=\"mp4t_16_s mryx_16_s mr3m_1 mli2_1 mh85_56 mh85_0_l\">\n<div class=\"mgn2_16 _0d3bd_am0a-\">\n<p><b><span dir=\"auto\">K\u0101p\u0113c izv\u0113l\u0113ties \u0161o komplektu?<\/span><\/b><\/p>\n<ol>\n<li><b><span dir=\"auto\">Lavina k\u016brybi\u0161kum\u0105:<\/span><\/b><span dir=\"auto\">\u00a0\u00a0J\u016bs\u0173 vaikas gali atkurti m\u0117gstamiausias \u017eaidimo scenas arba kurti savo beribius nuotykius.<\/span><\/li>\n<li><b><span dir=\"auto\">Puiki dovana:<\/span><\/b><span dir=\"auto\">\u00a0\u00a0tai tobula dovana gimtadieniui, Vaik\u0173 dienos ar Kal\u0117d\u0173 proga, garantuotai sukelsianti \u201eOHO!\u201c efekt\u0105.<\/span><\/li>\n<li><b><span dir=\"auto\">Paruo\u0161ta kolekcija:<\/span><\/b><span dir=\"auto\">\u00a0\u00a0u\u017euot pirk\u0119 atsitiktinius paketus, i\u0161 karto gausite didel\u0119, \u012fvairi\u0105 kolekcij\u0105.<\/span><\/li>\n<li><b><span dir=\"auto\">Suderinamumas:<\/span><\/b><span dir=\"auto\">\u00a0\u00a0Fig\u016br\u0117l\u0117s puikiai dera su kitais populiariais konstravimo rinkiniais.<\/span><\/li>\n<\/ol>\n<\/div>\n<\/div>\n<\/div>\n<div class=\"mpof_ki myre_zn myre_8v_l m389_6m_l\">\n<div class=\"mp4t_16_s mryx_16_s mr3m_1 mli2_1 mh85_56 mh85_0_l\">\n<div class=\"mg9e_8 mj7a_8 mg9e_0_s mvrt_0_s mj7a_0_s mh36_0_s mzmg_6m munh_16_l m3h2_16_l\">\n<div class=\"mp4t_0 mryx_0 munh_56 m3h2_56\">\n<div class=\"mp7g_oh\"><button class=\"mg9e_0 mvrt_0 mj7a_0 mh36_0 mp4t_0 m3h2_0 mryx_0 munh_0 mqen_m6 mpof_z0 mx7m_0 m7er_k4 mse2_k4 msts_pt\" data-analytics-interaction=\"true\" data-analytics-interaction-label=\"zoomable-image-open\" aria-disabled=\"true\"><img decoding=\"async\" class=\"msub_k4 mupj_5k mjru_k4 mse2_k4 mp7g_f6 mq1m_0 mj7u_0 m7er_k4 mqen_m6 m31c_d8 m0ux_fp lazyloaded\" src=\"https:\/\/a.allegroimg.com\/original\/113ea5\/2cb07eed4e12bacc749e149a5027\/FIGURKI-typu-MINECRAFT-ZESTAW-DODATKI-MEGA-BOX-Postacie-Ludziki-Kod-producenta-MC89566\" sizes=\"100vw\" srcset=\"https:\/\/a.allegroimg.com\/s360\/113ea5\/2cb07eed4e12bacc749e149a5027\/FIGURKI-typu-MINECRAFT-ZESTAW-DODATKI-MEGA-BOX-Postacie-Ludziki-Kod-producenta-MC89566 360w,https:\/\/a.allegroimg.com\/s720\/113ea5\/2cb07eed4e12bacc749e149a5027\/FIGURKI-typu-MINECRAFT-ZESTAW-DODATKI-MEGA-BOX-Postacie-Ludziki-Kod-producenta-MC89566 720w,https:\/\/a.allegroimg.com\/s1024\/113ea5\/2cb07eed4e12bacc749e149a5027\/FIGURKI-typu-MINECRAFT-ZESTAW-DODATKI-MEGA-BOX-Postacie-Ludziki-Kod-producenta-MC89566 1024w,https:\/\/a.allegroimg.com\/s1440\/113ea5\/2cb07eed4e12bacc749e149a5027\/FIGURKI-typu-MINECRAFT-ZESTAW-DODATKI-MEGA-BOX-Postacie-Ludziki-Kod-producenta-MC89566 1152w,https:\/\/a.allegroimg.com\/original\/113ea5\/2cb07eed4e12bacc749e149a5027\/FIGURKI-typu-MINECRAFT-ZESTAW-DODATKI-MEGA-BOX-Postacie-Ludziki-Kod-producenta-MC89566 1152w\" alt=\"MINECRAFT FIG\u016aR\u0116LI\u0172 RINKINYS + PRIEDAI MEGA BOX Veik\u0117jai \u017dmon\u0117s Gamintojo kodas MC89566\" width=\"1152px\" data-srcset=\"\" \/><\/button><\/div>\n<\/div>\n<\/div>\n<\/div>\n<\/div>","protected":false},"excerpt":{"rendered":"<p>Puikus \u201eMinecraft\u201c \u012fkv\u0117ptas rinkinys!\u00a0\u00a0\u0160iame i\u0161samiame rinkinyje yra\u00a0\u00a024 skirtingi persona\u017eai\u00a0\u00a0vienoje d\u0117\u017eut\u0117je, perkeliantys pikseli\u0173 meno nuotykius tiesiai \u012f j\u016bs\u0173 vaiko kambar\u012f. K\u0105<\/p>","protected":false},"featured_media":81803,"template":"","meta":{"_acf_changed":false,"_glsr_average":0,"_glsr_ranking":0,"_glsr_reviews":0},"product_brand":[],"product_cat":[436,229],"product_tag":[],"class_list":{"0":"post-81802","1":"product","2":"type-product","3":"status-publish","4":"has-post-thumbnail","6":"product_cat-kolekcionuojamos-figureles","7":"product_cat-zaislai-vaikams","8":"\"style=\"background-color: #2ecc711c;\"","10":"first","11":"instock","12":"shipping-taxable","13":"purchasable","14":"product-type-simple"},"acf":[],"yoast_head":"<!-- This site is optimized with the Yoast SEO plugin v27.3 - https:\/\/yoast.com\/product\/yoast-seo-wordpress\/ -->\n<title>Minecraft fig\u016br\u0117li\u0173 rinkinys - KidsPlay<\/title>\n<meta name=\"description\" content=\"Minecraft fig\u016br\u0117li\u0173 rinkinys - KidsPlay. Did\u017eiausias vaik\u0173 \u017eaisl\u0173 pasirinkimas.\" \/>\n<meta name=\"robots\" content=\"index, follow, max-snippet:-1, max-image-preview:large, max-video-preview:-1\" \/>\n<link rel=\"canonical\" href=\"https:\/\/kidsplay.lt\/lv\/products\/minecraft-figureliu-rinkinys\/\" \/>\n<meta property=\"og:locale\" content=\"lv_LV\" \/>\n<meta property=\"og:type\" content=\"article\" \/>\n<meta property=\"og:title\" content=\"Minecraft fig\u016br\u0117li\u0173 rinkinys - KidsPlay\" \/>\n<meta property=\"og:description\" content=\"Minecraft fig\u016br\u0117li\u0173 rinkinys - KidsPlay. Did\u017eiausias vaik\u0173 \u017eaisl\u0173 pasirinkimas.\" \/>\n<meta property=\"og:url\" content=\"https:\/\/kidsplay.lt\/lv\/products\/minecraft-figureliu-rinkinys\/\" \/>\n<meta property=\"og:site_name\" content=\"KidsPlay\" \/>\n<meta property=\"article:publisher\" content=\"https:\/\/www.facebook.com\/www.kidsplay.lt\" \/>\n<meta property=\"article:modified_time\" content=\"2026-01-21T10:28:48+00:00\" \/>\n<meta property=\"og:image\" content=\"https:\/\/kidsplay.lt\/wp-content\/uploads\/2025\/12\/Screenshot_1292.png\" \/>\n\t<meta property=\"og:image:width\" content=\"566\" \/>\n\t<meta property=\"og:image:height\" content=\"500\" \/>\n\t<meta property=\"og:image:type\" content=\"image\/png\" \/>\n<meta name=\"twitter:card\" content=\"summary_large_image\" \/>\n<meta name=\"twitter:label1\" content=\"Est. reading time\" \/>\n\t<meta name=\"twitter:data1\" content=\"2 min\u016btes\" \/>\n<script type=\"application\/ld+json\" class=\"yoast-schema-graph\">{\"@context\":\"https:\\\/\\\/schema.org\",\"@graph\":[{\"@type\":\"WebPage\",\"@id\":\"https:\\\/\\\/kidsplay.lt\\\/produktas\\\/minecraft-figureliu-rinkinys\\\/\",\"url\":\"https:\\\/\\\/kidsplay.lt\\\/produktas\\\/minecraft-figureliu-rinkinys\\\/\",\"name\":\"Minecraft fig\u016br\u0117li\u0173 rinkinys - KidsPlay\",\"isPartOf\":{\"@id\":\"https:\\\/\\\/kidsplay.lt\\\/#website\"},\"primaryImageOfPage\":{\"@id\":\"https:\\\/\\\/kidsplay.lt\\\/produktas\\\/minecraft-figureliu-rinkinys\\\/#primaryimage\"},\"image\":{\"@id\":\"https:\\\/\\\/kidsplay.lt\\\/produktas\\\/minecraft-figureliu-rinkinys\\\/#primaryimage\"},\"thumbnailUrl\":\"https:\\\/\\\/kidsplay.lt\\\/wp-content\\\/uploads\\\/2025\\\/12\\\/Screenshot_1292.png\",\"datePublished\":\"2025-12-05T20:03:30+00:00\",\"dateModified\":\"2026-01-21T10:28:48+00:00\",\"description\":\"Minecraft fig\u016br\u0117li\u0173 rinkinys - KidsPlay. Did\u017eiausias vaik\u0173 \u017eaisl\u0173 pasirinkimas.\",\"breadcrumb\":{\"@id\":\"https:\\\/\\\/kidsplay.lt\\\/produktas\\\/minecraft-figureliu-rinkinys\\\/#breadcrumb\"},\"inLanguage\":\"lv-LV\",\"potentialAction\":[{\"@type\":\"ReadAction\",\"target\":[\"https:\\\/\\\/kidsplay.lt\\\/produktas\\\/minecraft-figureliu-rinkinys\\\/\"]}]},{\"@type\":\"ImageObject\",\"inLanguage\":\"lv-LV\",\"@id\":\"https:\\\/\\\/kidsplay.lt\\\/produktas\\\/minecraft-figureliu-rinkinys\\\/#primaryimage\",\"url\":\"https:\\\/\\\/kidsplay.lt\\\/wp-content\\\/uploads\\\/2025\\\/12\\\/Screenshot_1292.png\",\"contentUrl\":\"https:\\\/\\\/kidsplay.lt\\\/wp-content\\\/uploads\\\/2025\\\/12\\\/Screenshot_1292.png\",\"width\":566,\"height\":500},{\"@type\":\"BreadcrumbList\",\"@id\":\"https:\\\/\\\/kidsplay.lt\\\/produktas\\\/minecraft-figureliu-rinkinys\\\/#breadcrumb\",\"itemListElement\":[{\"@type\":\"ListItem\",\"position\":1,\"name\":\"Pagrindinis\",\"item\":\"https:\\\/\\\/kidsplay.lt\\\/\"},{\"@type\":\"ListItem\",\"position\":2,\"name\":\"Parduotuv\u0117\",\"item\":\"https:\\\/\\\/kidsplay.lt\\\/parduotuve\\\/\"},{\"@type\":\"ListItem\",\"position\":3,\"name\":\"Minecraft fig\u016br\u0117li\u0173 rinkinys\"}]},{\"@type\":\"WebSite\",\"@id\":\"https:\\\/\\\/kidsplay.lt\\\/#website\",\"url\":\"https:\\\/\\\/kidsplay.lt\\\/\",\"name\":\"Kidsplay.lt\",\"description\":\"\u012evairios prek\u0117s vaikams\",\"publisher\":{\"@id\":\"https:\\\/\\\/kidsplay.lt\\\/#organization\"},\"alternateName\":\"Kidsplay\",\"potentialAction\":[{\"@type\":\"SearchAction\",\"target\":{\"@type\":\"EntryPoint\",\"urlTemplate\":\"https:\\\/\\\/kidsplay.lt\\\/?s={search_term_string}\"},\"query-input\":{\"@type\":\"PropertyValueSpecification\",\"valueRequired\":true,\"valueName\":\"search_term_string\"}}],\"inLanguage\":\"lv-LV\"},{\"@type\":\"Organization\",\"@id\":\"https:\\\/\\\/kidsplay.lt\\\/#organization\",\"name\":\"KidsPlay\",\"url\":\"https:\\\/\\\/kidsplay.lt\\\/\",\"logo\":{\"@type\":\"ImageObject\",\"inLanguage\":\"lv-LV\",\"@id\":\"https:\\\/\\\/kidsplay.lt\\\/#\\\/schema\\\/logo\\\/image\\\/\",\"url\":\"https:\\\/\\\/kidsplay.lt\\\/wp-content\\\/uploads\\\/2023\\\/07\\\/kidsplay-logo.png\",\"contentUrl\":\"https:\\\/\\\/kidsplay.lt\\\/wp-content\\\/uploads\\\/2023\\\/07\\\/kidsplay-logo.png\",\"width\":451,\"height\":98,\"caption\":\"KidsPlay\"},\"image\":{\"@id\":\"https:\\\/\\\/kidsplay.lt\\\/#\\\/schema\\\/logo\\\/image\\\/\"},\"sameAs\":[\"https:\\\/\\\/www.facebook.com\\\/www.kidsplay.lt\"]}]}<\/script>\n<!-- \/ Yoast SEO plugin. -->","yoast_head_json":{"title":"Minecraft fig\u016br\u0117li\u0173 rinkinys - KidsPlay","description":"Minecraft fig\u016br\u0117li\u0173 rinkinys - KidsPlay. Did\u017eiausias vaik\u0173 \u017eaisl\u0173 pasirinkimas.","robots":{"index":"index","follow":"follow","max-snippet":"max-snippet:-1","max-image-preview":"max-image-preview:large","max-video-preview":"max-video-preview:-1"},"canonical":"https:\/\/kidsplay.lt\/lv\/products\/minecraft-figureliu-rinkinys\/","og_locale":"lv_LV","og_type":"article","og_title":"Minecraft fig\u016br\u0117li\u0173 rinkinys - KidsPlay","og_description":"Minecraft fig\u016br\u0117li\u0173 rinkinys - KidsPlay. Did\u017eiausias vaik\u0173 \u017eaisl\u0173 pasirinkimas.","og_url":"https:\/\/kidsplay.lt\/lv\/products\/minecraft-figureliu-rinkinys\/","og_site_name":"KidsPlay","article_publisher":"https:\/\/www.facebook.com\/www.kidsplay.lt","article_modified_time":"2026-01-21T10:28:48+00:00","og_image":[{"width":566,"height":500,"url":"https:\/\/kidsplay.lt\/wp-content\/uploads\/2025\/12\/Screenshot_1292.png","type":"image\/png"}],"twitter_card":"summary_large_image","twitter_misc":{"Est. reading time":"2 min\u016btes"},"schema":{"@context":"https:\/\/schema.org","@graph":[{"@type":"WebPage","@id":"https:\/\/kidsplay.lt\/produktas\/minecraft-figureliu-rinkinys\/","url":"https:\/\/kidsplay.lt\/produktas\/minecraft-figureliu-rinkinys\/","name":"Minecraft fig\u016br\u0117li\u0173 rinkinys - KidsPlay","isPartOf":{"@id":"https:\/\/kidsplay.lt\/#website"},"primaryImageOfPage":{"@id":"https:\/\/kidsplay.lt\/produktas\/minecraft-figureliu-rinkinys\/#primaryimage"},"image":{"@id":"https:\/\/kidsplay.lt\/produktas\/minecraft-figureliu-rinkinys\/#primaryimage"},"thumbnailUrl":"https:\/\/kidsplay.lt\/wp-content\/uploads\/2025\/12\/Screenshot_1292.png","datePublished":"2025-12-05T20:03:30+00:00","dateModified":"2026-01-21T10:28:48+00:00","description":"Minecraft fig\u016br\u0117li\u0173 rinkinys - KidsPlay. Did\u017eiausias vaik\u0173 \u017eaisl\u0173 pasirinkimas.","breadcrumb":{"@id":"https:\/\/kidsplay.lt\/produktas\/minecraft-figureliu-rinkinys\/#breadcrumb"},"inLanguage":"lv-LV","potentialAction":[{"@type":"ReadAction","target":["https:\/\/kidsplay.lt\/produktas\/minecraft-figureliu-rinkinys\/"]}]},{"@type":"ImageObject","inLanguage":"lv-LV","@id":"https:\/\/kidsplay.lt\/produktas\/minecraft-figureliu-rinkinys\/#primaryimage","url":"https:\/\/kidsplay.lt\/wp-content\/uploads\/2025\/12\/Screenshot_1292.png","contentUrl":"https:\/\/kidsplay.lt\/wp-content\/uploads\/2025\/12\/Screenshot_1292.png","width":566,"height":500},{"@type":"BreadcrumbList","@id":"https:\/\/kidsplay.lt\/produktas\/minecraft-figureliu-rinkinys\/#breadcrumb","itemListElement":[{"@type":"ListItem","position":1,"name":"Pagrindinis","item":"https:\/\/kidsplay.lt\/"},{"@type":"ListItem","position":2,"name":"Parduotuv\u0117","item":"https:\/\/kidsplay.lt\/parduotuve\/"},{"@type":"ListItem","position":3,"name":"Minecraft fig\u016br\u0117li\u0173 rinkinys"}]},{"@type":"WebSite","@id":"https:\/\/kidsplay.lt\/#website","url":"https:\/\/kidsplay.lt\/","name":"B\u0113rnu sp\u0113les.lv","description":"\u012evairios prek\u0117s vaikams","publisher":{"@id":"https:\/\/kidsplay.lt\/#organization"},"alternateName":"Kidsplay","potentialAction":[{"@type":"SearchAction","target":{"@type":"EntryPoint","urlTemplate":"https:\/\/kidsplay.lt\/?s={search_term_string}"},"query-input":{"@type":"PropertyValueSpecification","valueRequired":true,"valueName":"search_term_string"}}],"inLanguage":"lv-LV"},{"@type":"Organization","@id":"https:\/\/kidsplay.lt\/#organization","name":"B\u0113rnu sp\u0113le","url":"https:\/\/kidsplay.lt\/","logo":{"@type":"ImageObject","inLanguage":"lv-LV","@id":"https:\/\/kidsplay.lt\/#\/schema\/logo\/image\/","url":"https:\/\/kidsplay.lt\/wp-content\/uploads\/2023\/07\/kidsplay-logo.png","contentUrl":"https:\/\/kidsplay.lt\/wp-content\/uploads\/2023\/07\/kidsplay-logo.png","width":451,"height":98,"caption":"KidsPlay"},"image":{"@id":"https:\/\/kidsplay.lt\/#\/schema\/logo\/image\/"},"sameAs":["https:\/\/www.facebook.com\/www.kidsplay.lt"]}]}},"_links":{"self":[{"href":"https:\/\/kidsplay.lt\/lv\/wp-json\/wp\/v2\/product\/81802","targetHints":{"allow":["GET"]}}],"collection":[{"href":"https:\/\/kidsplay.lt\/lv\/wp-json\/wp\/v2\/product"}],"about":[{"href":"https:\/\/kidsplay.lt\/lv\/wp-json\/wp\/v2\/types\/product"}],"version-history":[{"count":1,"href":"https:\/\/kidsplay.lt\/lv\/wp-json\/wp\/v2\/product\/81802\/revisions"}],"predecessor-version":[{"id":81805,"href":"https:\/\/kidsplay.lt\/lv\/wp-json\/wp\/v2\/product\/81802\/revisions\/81805"}],"wp:featuredmedia":[{"embeddable":true,"href":"https:\/\/kidsplay.lt\/lv\/wp-json\/wp\/v2\/media\/81803"}],"wp:attachment":[{"href":"https:\/\/kidsplay.lt\/lv\/wp-json\/wp\/v2\/media?parent=81802"}],"wp:term":[{"taxonomy":"product_brand","embeddable":true,"href":"https:\/\/kidsplay.lt\/lv\/wp-json\/wp\/v2\/product_brand?post=81802"},{"taxonomy":"product_cat","embeddable":true,"href":"https:\/\/kidsplay.lt\/lv\/wp-json\/wp\/v2\/product_cat?post=81802"},{"taxonomy":"product_tag","embeddable":true,"href":"https:\/\/kidsplay.lt\/lv\/wp-json\/wp\/v2\/product_tag?post=81802"}],"curies":[{"name":"wp","href":"https:\/\/api.w.org\/{rel}","templated":true}]}}