{"id":81824,"date":"2025-12-05T22:14:52","date_gmt":"2025-12-05T20:14:52","guid":{"rendered":"https:\/\/kidsplay.lt\/?post_type=product&#038;p=81824"},"modified":"2025-12-05T22:14:52","modified_gmt":"2025-12-05T20:14:52","slug":"zaibas-makvynas3d-kuprine","status":"publish","type":"product","link":"https:\/\/kidsplay.lt\/lv\/products\/zaibas-makvynas3d-kuprine\/","title":{"rendered":"Zibens Makv\u012bns 3D mugursoma"},"content":{"rendered":"<div class=\"mpof_ki myre_zn myre_8v_l m389_6m_l\">\n<div class=\"mp4t_16_s mryx_16_s mr3m_1 mli2_1 mh85_56 mh85_0_l\">\n<div class=\"mgn2_16 _0d3bd_am0a-\">\n<h1><span dir=\"auto\">MA\u017dA DAR\u017dELIO KUPRIN\u0116 \u201eVADOBAG\u201c<\/span><\/h1>\n<h2><span dir=\"auto\">Ra\u0161tas: \u017daibas Makvynas 3D<\/span><\/h2>\n<\/div>\n<\/div>\n<\/div>\n<div class=\"mpof_ki myre_zn myre_8v_l m389_6m_l\">\n<div class=\"mp4t_16_s mryx_16_s mr3m_1 mli2_1 mh85_56 mh85_0_l\">\n<div class=\"mg9e_8 mj7a_8 mg9e_0_s mvrt_0_s mj7a_0_s mh36_0_s mzmg_6m munh_16_l m3h2_16_l\">\n<div class=\"mp4t_0 mryx_0 munh_56 m3h2_56\">\n<div class=\"mp7g_oh\"><button class=\"mg9e_0 mvrt_0 mj7a_0 mh36_0 mp4t_0 m3h2_0 mryx_0 munh_0 mqen_m6 mpof_z0 mx7m_0 m7er_k4 mse2_k4 msts_pt\" data-analytics-interaction=\"true\" data-analytics-interaction-label=\"zoomable-image-open\" aria-disabled=\"true\"><img decoding=\"async\" class=\"msub_k4 mupj_5k mjru_k4 mse2_k4 mp7g_f6 mq1m_0 mj7u_0 m7er_k4 mqen_m6 m31c_d8 m0ux_fp lazyloaded\" src=\"https:\/\/a.allegroimg.com\/original\/1180cd\/3e244fc04c64b3b41a84ac610feb\/VADOBAG-MALY-PLECAK-PRZEDSZKOLNY-DZIECIECY-JEDNOKOMOROWY-ZYGZAK-MCQUEEN-3D-EAN-GTIN-8712645250406\" sizes=\"(min-width: 1200px) 560px, (min-width: 992px) 50vw, 100vw\" srcset=\"https:\/\/a.allegroimg.com\/s360\/1180cd\/3e244fc04c64b3b41a84ac610feb\/VADOBAG-MALY-PLECAK-PRZEDSZKOLNY-DZIECIECY-JEDNOKOMOROWY-ZYGZAK-MCQUEEN-3D-EAN-GTIN-8712645250406 360w,https:\/\/a.allegroimg.com\/s720\/1180cd\/3e244fc04c64b3b41a84ac610feb\/VADOBAG-MALY-PLECAK-PRZEDSZKOLNY-DZIECIECY-JEDNOKOMOROWY-ZYGZAK-MCQUEEN-3D-EAN-GTIN-8712645250406 500w,https:\/\/a.allegroimg.com\/original\/1180cd\/3e244fc04c64b3b41a84ac610feb\/VADOBAG-MALY-PLECAK-PRZEDSZKOLNY-DZIECIECY-JEDNOKOMOROWY-ZYGZAK-MCQUEEN-3D-EAN-GTIN-8712645250406 500w\" alt=\"VADOBAG MA\u017d\u0172 VAIK\u0172 DAR\u017dELIO KUPRIN\u0116 SU VIENU SKYRIUMI \u017dAIBAS MCQUEEN 3D EAN (GTIN) 8712645250406\" width=\"500px\" data-srcset=\"\" \/><\/button><\/div>\n<\/div>\n<\/div>\n<\/div>\n<div class=\"mp4t_16_s mryx_16_s mr3m_1 mli2_1 mh85_56 mh85_0_l\">\n<div class=\"mgn2_16 _0d3bd_am0a-\">\n<h1><span dir=\"auto\">Puikiai tinka dar\u017eeliui ir ne tik!<\/span><\/h1>\n<p><span dir=\"auto\">Pristatome nedidel\u0119 ikimokyklinio am\u017eiaus vaik\u0173 kuprin\u0119 i\u0161 \u201eVadobag\u201c, kuri tikrai prad\u017eiugins vaikus savo i\u0161vaizda ir gamybos kokybe, kartu pateisindama ir t\u0117v\u0173 l\u016bkes\u010dius.<\/span><\/p>\n<p><span dir=\"auto\">Kuprin\u0117 yra raudonos spalvos, o priekyje yra trimatis automobilio stogo formos spaudinys, vaizduojantis populiar\u0173 persona\u017e\u0105 \u017daib\u0105 Makvyn\u0105 i\u0161 filmo \u201eRatai\u201c.<\/span><\/p>\n<\/div>\n<\/div>\n<\/div>\n<div class=\"mpof_ki myre_zn myre_8v_l m389_6m_l\">\n<div class=\"mp4t_16_s mryx_16_s mr3m_1 mli2_1 mh85_56 mh85_0_l\">\n<div class=\"mgn2_16 _0d3bd_am0a-\">\n<h1><span dir=\"auto\">Patogumas ir patikimumas<\/span><\/h1>\n<p><span dir=\"auto\">Nepaisant kompakti\u0161ko dyd\u017eio, kuprin\u0117 yra labai erdvi. Pagrindiniame skyriuje lengvai tilps ikimokyklinio am\u017eiaus vaik\u0173 batukai, ma\u017eesni \u017eaislai ar u\u017ekand\u017eiai kelionei.<\/span><\/p>\n<p><span dir=\"auto\">Didesniam naudojimo patogumui kuprin\u0117 turi reguliuojamus dir\u017eelius, kuriuos galima pritaikyti prie individuali\u0173 vaiko poreiki\u0173, ir ranken\u0105 pakabinimui.<\/span><\/p>\n<\/div>\n<\/div>\n<div class=\"mp4t_16_s mryx_16_s mr3m_1 mli2_1 mh85_56 mh85_0_l\">\n<div class=\"mg9e_8 mj7a_8 mg9e_0_s mvrt_0_s mj7a_0_s mh36_0_s mzmg_6m munh_16_l m3h2_16_l\">\n<div class=\"mp4t_0 mryx_0 munh_56 m3h2_56\">\n<div class=\"mp7g_oh\"><button class=\"mg9e_0 mvrt_0 mj7a_0 mh36_0 mp4t_0 m3h2_0 mryx_0 munh_0 mqen_m6 mpof_z0 mx7m_0 m7er_k4 mse2_k4 msts_pt\" data-analytics-interaction=\"true\" data-analytics-interaction-label=\"zoomable-image-open\" aria-disabled=\"true\"><img decoding=\"async\" class=\"msub_k4 mupj_5k mjru_k4 mse2_k4 mp7g_f6 mq1m_0 mj7u_0 m7er_k4 mqen_m6 m31c_d8 m0ux_fp lazyloaded\" src=\"https:\/\/a.allegroimg.com\/original\/1187cb\/e2ba9f6348709e77a69621bbfc45\/VADOBAG-MALY-PLECAK-PRZEDSZKOLNY-DZIECIECY-JEDNOKOMOROWY-ZYGZAK-MCQUEEN-3D-Kod-producenta-760-8462\" sizes=\"(min-width: 1200px) 560px, (min-width: 992px) 50vw, 100vw\" srcset=\"https:\/\/a.allegroimg.com\/s360\/1187cb\/e2ba9f6348709e77a69621bbfc45\/VADOBAG-MALY-PLECAK-PRZEDSZKOLNY-DZIECIECY-JEDNOKOMOROWY-ZYGZAK-MCQUEEN-3D-Kod-producenta-760-8462 360w,https:\/\/a.allegroimg.com\/s720\/1187cb\/e2ba9f6348709e77a69621bbfc45\/VADOBAG-MALY-PLECAK-PRZEDSZKOLNY-DZIECIECY-JEDNOKOMOROWY-ZYGZAK-MCQUEEN-3D-Kod-producenta-760-8462 500w,https:\/\/a.allegroimg.com\/original\/1187cb\/e2ba9f6348709e77a69621bbfc45\/VADOBAG-MALY-PLECAK-PRZEDSZKOLNY-DZIECIECY-JEDNOKOMOROWY-ZYGZAK-MCQUEEN-3D-Kod-producenta-760-8462 500w\" alt=\"VADOBAG MA\u017d\u0172 VAIK\u0172 DAR\u017dELIO KUPRIN\u0116 SU VIENU SKYRIUMI \u017dAIBAS MCQUEEN 3D Gamintojo kodas 760-8462\" width=\"500px\" data-srcset=\"\" \/><\/button><\/div>\n<\/div>\n<\/div>\n<\/div>\n<\/div>\n<div class=\"mpof_ki myre_zn myre_8v_l m389_6m_l\">\n<div class=\"mp4t_16_s mryx_16_s mr3m_1 mli2_1 mh85_56 mh85_0_l\">\n<div class=\"mg9e_8 mj7a_8 mg9e_0_s mvrt_0_s mj7a_0_s mh36_0_s mzmg_6m munh_16_l m3h2_16_l\">\n<div class=\"mp4t_0 mryx_0 munh_56 m3h2_56\">\n<div class=\"mp7g_oh\"><button class=\"mg9e_0 mvrt_0 mj7a_0 mh36_0 mp4t_0 m3h2_0 mryx_0 munh_0 mqen_m6 mpof_z0 mx7m_0 m7er_k4 mse2_k4 msts_pt\" data-analytics-interaction=\"true\" data-analytics-interaction-label=\"zoomable-image-open\" aria-disabled=\"true\"><img decoding=\"async\" class=\"msub_k4 mupj_5k mjru_k4 mse2_k4 mp7g_f6 mq1m_0 mj7u_0 m7er_k4 mqen_m6 m31c_d8 m0ux_fp lazyloaded\" src=\"https:\/\/a.allegroimg.com\/original\/119bd4\/a906d7f4447ea1e3b4bfdfaaecff\/VADOBAG-MALY-PLECAK-PRZEDSZKOLNY-DZIECIECY-JEDNOKOMOROWY-ZYGZAK-MCQUEEN-3D-Marka-Vadobag\" sizes=\"(min-width: 1200px) 560px, (min-width: 992px) 50vw, 100vw\" srcset=\"https:\/\/a.allegroimg.com\/s360\/119bd4\/a906d7f4447ea1e3b4bfdfaaecff\/VADOBAG-MALY-PLECAK-PRZEDSZKOLNY-DZIECIECY-JEDNOKOMOROWY-ZYGZAK-MCQUEEN-3D-Marka-Vadobag 360w,https:\/\/a.allegroimg.com\/s720\/119bd4\/a906d7f4447ea1e3b4bfdfaaecff\/VADOBAG-MALY-PLECAK-PRZEDSZKOLNY-DZIECIECY-JEDNOKOMOROWY-ZYGZAK-MCQUEEN-3D-Marka-Vadobag 500w,https:\/\/a.allegroimg.com\/original\/119bd4\/a906d7f4447ea1e3b4bfdfaaecff\/VADOBAG-MALY-PLECAK-PRZEDSZKOLNY-DZIECIECY-JEDNOKOMOROWY-ZYGZAK-MCQUEEN-3D-Marka-Vadobag 500w\" alt=\"VADOBAG MA\u017d\u0172 VAIK\u0172 DAR\u017dELIO KUPRIN\u0116 SU VIENU SKYRIUMI \u017dAIBAS MCQUEEN 3D Prek\u0117s \u017eenklas Vadobag\" width=\"500px\" data-srcset=\"\" \/><\/button><\/div>\n<\/div>\n<\/div>\n<\/div>\n<div class=\"mp4t_16_s mryx_16_s mr3m_1 mli2_1 mh85_56 mh85_0_l\">\n<div class=\"mgn2_16 _0d3bd_am0a-\">\n<h1><span dir=\"auto\">Informacija<\/span><\/h1>\n<p><span dir=\"auto\">Ra\u0161tas: Automobiliai 3: \u201ePiston Cup\u201c \u010dempionas<\/span><\/p>\n<p><span dir=\"auto\">Licencija: Disney PIXAR<\/span><\/p>\n<p><span dir=\"auto\">Izm\u0113ri:<\/span><\/p>\n<ul>\n<li><span dir=\"auto\">Plotis: 24 cm<\/span><\/li>\n<li><span dir=\"auto\">Auk\u0161tis: 35 cm<\/span><\/li>\n<li><span dir=\"auto\">Gylis: 17 cm<\/span><\/li>\n<\/ul>\n<\/div>\n<\/div>\n<\/div>\n<div class=\"mpof_ki myre_zn myre_8v_l m389_6m_l\">\n<div class=\"mp4t_16_s mryx_16_s mr3m_1 mli2_1 mh85_56 mh85_0_l\">\n<div class=\"mgn2_16 _0d3bd_am0a-\">\n<h1><span dir=\"auto\">Prodiuseris<\/span><\/h1>\n<p><b><span dir=\"auto\">\u201eVadobag\u201c<\/span><\/b><span dir=\"auto\">\u00a0yra prek\u0117s \u017eenklas, kuris specializuojasi\u00a0<\/span><b><span dir=\"auto\">krep\u0161i\u0173, kuprini\u0173 ir mokyklini\u0173 preki\u0173 dizaine ir gamyboje visame pasaulyje.<\/span><\/b><\/p>\n<p><span dir=\"auto\">Didmenininkas si\u016blo plat\u0173 aksesuar\u0173 modeli\u0173 ir dizaino asortiment\u0105, kad patenkint\u0173 visus klient\u0173 poreikius.\u00a0<\/span><b><span dir=\"auto\">Platus produkt\u0173 asortimentas<\/span><\/b><span dir=\"auto\">\u00a0apima ir\u00a0<\/span><b><span dir=\"auto\">licencijuotas prekes.<\/span><\/b><\/p>\n<\/div>\n<\/div>\n<div class=\"mp4t_16_s mryx_16_s mr3m_1 mli2_1 mh85_56 mh85_0_l\">\n<div class=\"mg9e_8 mj7a_8 mg9e_0_s mvrt_0_s mj7a_0_s mh36_0_s mzmg_6m munh_16_l m3h2_16_l\">\n<div class=\"mp4t_0 mryx_0 munh_56 m3h2_56\">\n<div class=\"mp7g_oh\"><button class=\"mg9e_0 mvrt_0 mj7a_0 mh36_0 mp4t_0 m3h2_0 mryx_0 munh_0 mqen_m6 mpof_z0 mx7m_0 m7er_k4 mse2_k4 msts_pt\" data-analytics-interaction=\"true\" data-analytics-interaction-label=\"zoomable-image-open\" aria-disabled=\"true\"><img decoding=\"async\" class=\"msub_k4 mupj_5k mjru_k4 mse2_k4 mp7g_f6 mq1m_0 mj7u_0 m7er_k4 mqen_m6 m31c_d8 m0ux_fp lazyloaded\" src=\"https:\/\/a.allegroimg.com\/original\/1112c9\/46eeed874199ae868c07679dcd52\/VADOBAG-MALY-PLECAK-PRZEDSZKOLNY-DZIECIECY-JEDNOKOMOROWY-ZYGZAK-MCQUEEN-3D-Typ-jednokomorowy\" sizes=\"(min-width: 1200px) 560px, (min-width: 992px) 50vw, 100vw\" srcset=\"https:\/\/a.allegroimg.com\/s360\/1112c9\/46eeed874199ae868c07679dcd52\/VADOBAG-MALY-PLECAK-PRZEDSZKOLNY-DZIECIECY-JEDNOKOMOROWY-ZYGZAK-MCQUEEN-3D-Typ-jednokomorowy 360w,https:\/\/a.allegroimg.com\/s720\/1112c9\/46eeed874199ae868c07679dcd52\/VADOBAG-MALY-PLECAK-PRZEDSZKOLNY-DZIECIECY-JEDNOKOMOROWY-ZYGZAK-MCQUEEN-3D-Typ-jednokomorowy 500w,https:\/\/a.allegroimg.com\/original\/1112c9\/46eeed874199ae868c07679dcd52\/VADOBAG-MALY-PLECAK-PRZEDSZKOLNY-DZIECIECY-JEDNOKOMOROWY-ZYGZAK-MCQUEEN-3D-Typ-jednokomorowy 500w\" alt=\"VADOBAG MA\u017d\u0172 VAIK\u0172 DAR\u017dELIO KUPRIN\u0116 SU VIENU SKYRIUMI \u017dAIBAS MCQUEEN 3D Vieno skyriaus tipo\" width=\"500px\" data-srcset=\"\" \/><\/button><\/div>\n<\/div>\n<\/div>\n<\/div>\n<\/div>","protected":false},"excerpt":{"rendered":"<p>MA\u017dA DAR\u017dELIO KUPRIN\u0116 \u201eVADOBAG\u201c Ra\u0161tas: \u017daibas Makvynas 3D Puikiai tinka dar\u017eeliui ir ne tik! Pristatome nedidel\u0119 ikimokyklinio am\u017eiaus vaik\u0173 kuprin\u0119<\/p>","protected":false},"featured_media":81825,"template":"","meta":{"_acf_changed":false,"_glsr_average":0,"_glsr_ranking":0,"_glsr_reviews":0},"product_brand":[],"product_cat":[338,337],"product_tag":[],"class_list":{"0":"post-81824","1":"product","2":"type-product","3":"status-publish","4":"has-post-thumbnail","6":"product_cat-ikimokyklines-kuprines","7":"product_cat-mokyklines-prekes","8":"\"style=\"background-color: #2ecc711c;\"","10":"first","11":"instock","12":"shipping-taxable","13":"purchasable","14":"product-type-simple"},"acf":[],"yoast_head":"<!-- This site is optimized with the Yoast SEO plugin v27.4 - https:\/\/yoast.com\/product\/yoast-seo-wordpress\/ -->\n<title>\u017daibas Makvynas3D kuprin\u0117 - KidsPlay<\/title>\n<meta name=\"description\" content=\"\u017daibas Makvynas3D kuprin\u0117 - KidsPlay. Did\u017eiausias vaik\u0173 \u017eaisl\u0173 pasirinkimas.\" \/>\n<meta name=\"robots\" content=\"index, follow, max-snippet:-1, max-image-preview:large, max-video-preview:-1\" \/>\n<link rel=\"canonical\" href=\"https:\/\/kidsplay.lt\/lv\/products\/zaibas-makvynas3d-kuprine\/\" \/>\n<meta property=\"og:locale\" content=\"lv_LV\" \/>\n<meta property=\"og:type\" content=\"article\" \/>\n<meta property=\"og:title\" content=\"\u017daibas Makvynas3D kuprin\u0117 - KidsPlay\" \/>\n<meta property=\"og:description\" content=\"\u017daibas Makvynas3D kuprin\u0117 - KidsPlay. Did\u017eiausias vaik\u0173 \u017eaisl\u0173 pasirinkimas.\" \/>\n<meta property=\"og:url\" content=\"https:\/\/kidsplay.lt\/lv\/products\/zaibas-makvynas3d-kuprine\/\" \/>\n<meta property=\"og:site_name\" content=\"KidsPlay\" \/>\n<meta property=\"article:publisher\" content=\"https:\/\/www.facebook.com\/www.kidsplay.lt\" \/>\n<meta property=\"og:image\" content=\"https:\/\/kidsplay.lt\/wp-content\/uploads\/2025\/12\/Screenshot_1304.png\" \/>\n\t<meta property=\"og:image:width\" content=\"551\" \/>\n\t<meta property=\"og:image:height\" content=\"518\" \/>\n\t<meta property=\"og:image:type\" content=\"image\/png\" \/>\n<meta name=\"twitter:card\" content=\"summary_large_image\" \/>\n<meta name=\"twitter:label1\" content=\"Est. reading time\" \/>\n\t<meta name=\"twitter:data1\" content=\"2 min\u016btes\" \/>\n<script type=\"application\/ld+json\" class=\"yoast-schema-graph\">{\"@context\":\"https:\\\/\\\/schema.org\",\"@graph\":[{\"@type\":\"WebPage\",\"@id\":\"https:\\\/\\\/kidsplay.lt\\\/produktas\\\/zaibas-makvynas3d-kuprine\\\/\",\"url\":\"https:\\\/\\\/kidsplay.lt\\\/produktas\\\/zaibas-makvynas3d-kuprine\\\/\",\"name\":\"\u017daibas Makvynas3D kuprin\u0117 - KidsPlay\",\"isPartOf\":{\"@id\":\"https:\\\/\\\/kidsplay.lt\\\/#website\"},\"primaryImageOfPage\":{\"@id\":\"https:\\\/\\\/kidsplay.lt\\\/produktas\\\/zaibas-makvynas3d-kuprine\\\/#primaryimage\"},\"image\":{\"@id\":\"https:\\\/\\\/kidsplay.lt\\\/produktas\\\/zaibas-makvynas3d-kuprine\\\/#primaryimage\"},\"thumbnailUrl\":\"https:\\\/\\\/kidsplay.lt\\\/wp-content\\\/uploads\\\/2025\\\/12\\\/Screenshot_1304.png\",\"datePublished\":\"2025-12-05T20:14:52+00:00\",\"description\":\"\u017daibas Makvynas3D kuprin\u0117 - KidsPlay. Did\u017eiausias vaik\u0173 \u017eaisl\u0173 pasirinkimas.\",\"breadcrumb\":{\"@id\":\"https:\\\/\\\/kidsplay.lt\\\/produktas\\\/zaibas-makvynas3d-kuprine\\\/#breadcrumb\"},\"inLanguage\":\"lv-LV\",\"potentialAction\":[{\"@type\":\"ReadAction\",\"target\":[\"https:\\\/\\\/kidsplay.lt\\\/produktas\\\/zaibas-makvynas3d-kuprine\\\/\"]}]},{\"@type\":\"ImageObject\",\"inLanguage\":\"lv-LV\",\"@id\":\"https:\\\/\\\/kidsplay.lt\\\/produktas\\\/zaibas-makvynas3d-kuprine\\\/#primaryimage\",\"url\":\"https:\\\/\\\/kidsplay.lt\\\/wp-content\\\/uploads\\\/2025\\\/12\\\/Screenshot_1304.png\",\"contentUrl\":\"https:\\\/\\\/kidsplay.lt\\\/wp-content\\\/uploads\\\/2025\\\/12\\\/Screenshot_1304.png\",\"width\":551,\"height\":518},{\"@type\":\"BreadcrumbList\",\"@id\":\"https:\\\/\\\/kidsplay.lt\\\/produktas\\\/zaibas-makvynas3d-kuprine\\\/#breadcrumb\",\"itemListElement\":[{\"@type\":\"ListItem\",\"position\":1,\"name\":\"Pagrindinis\",\"item\":\"https:\\\/\\\/kidsplay.lt\\\/\"},{\"@type\":\"ListItem\",\"position\":2,\"name\":\"Parduotuv\u0117\",\"item\":\"https:\\\/\\\/kidsplay.lt\\\/parduotuve\\\/\"},{\"@type\":\"ListItem\",\"position\":3,\"name\":\"\u017daibas Makvynas3D kuprin\u0117\"}]},{\"@type\":\"WebSite\",\"@id\":\"https:\\\/\\\/kidsplay.lt\\\/#website\",\"url\":\"https:\\\/\\\/kidsplay.lt\\\/\",\"name\":\"Kidsplay.lt\",\"description\":\"\u012evairios prek\u0117s vaikams\",\"publisher\":{\"@id\":\"https:\\\/\\\/kidsplay.lt\\\/#organization\"},\"alternateName\":\"Kidsplay\",\"potentialAction\":[{\"@type\":\"SearchAction\",\"target\":{\"@type\":\"EntryPoint\",\"urlTemplate\":\"https:\\\/\\\/kidsplay.lt\\\/?s={search_term_string}\"},\"query-input\":{\"@type\":\"PropertyValueSpecification\",\"valueRequired\":true,\"valueName\":\"search_term_string\"}}],\"inLanguage\":\"lv-LV\"},{\"@type\":\"Organization\",\"@id\":\"https:\\\/\\\/kidsplay.lt\\\/#organization\",\"name\":\"KidsPlay\",\"url\":\"https:\\\/\\\/kidsplay.lt\\\/\",\"logo\":{\"@type\":\"ImageObject\",\"inLanguage\":\"lv-LV\",\"@id\":\"https:\\\/\\\/kidsplay.lt\\\/#\\\/schema\\\/logo\\\/image\\\/\",\"url\":\"https:\\\/\\\/kidsplay.lt\\\/wp-content\\\/uploads\\\/2023\\\/07\\\/kidsplay-logo.png\",\"contentUrl\":\"https:\\\/\\\/kidsplay.lt\\\/wp-content\\\/uploads\\\/2023\\\/07\\\/kidsplay-logo.png\",\"width\":451,\"height\":98,\"caption\":\"KidsPlay\"},\"image\":{\"@id\":\"https:\\\/\\\/kidsplay.lt\\\/#\\\/schema\\\/logo\\\/image\\\/\"},\"sameAs\":[\"https:\\\/\\\/www.facebook.com\\\/www.kidsplay.lt\"]}]}<\/script>\n<!-- \/ Yoast SEO plugin. -->","yoast_head_json":{"title":"\u017daibas Makvynas3D kuprin\u0117 - KidsPlay","description":"\u017daibas Makvynas3D kuprin\u0117 - KidsPlay. Did\u017eiausias vaik\u0173 \u017eaisl\u0173 pasirinkimas.","robots":{"index":"index","follow":"follow","max-snippet":"max-snippet:-1","max-image-preview":"max-image-preview:large","max-video-preview":"max-video-preview:-1"},"canonical":"https:\/\/kidsplay.lt\/lv\/products\/zaibas-makvynas3d-kuprine\/","og_locale":"lv_LV","og_type":"article","og_title":"\u017daibas Makvynas3D kuprin\u0117 - KidsPlay","og_description":"\u017daibas Makvynas3D kuprin\u0117 - KidsPlay. Did\u017eiausias vaik\u0173 \u017eaisl\u0173 pasirinkimas.","og_url":"https:\/\/kidsplay.lt\/lv\/products\/zaibas-makvynas3d-kuprine\/","og_site_name":"KidsPlay","article_publisher":"https:\/\/www.facebook.com\/www.kidsplay.lt","og_image":[{"width":551,"height":518,"url":"https:\/\/kidsplay.lt\/wp-content\/uploads\/2025\/12\/Screenshot_1304.png","type":"image\/png"}],"twitter_card":"summary_large_image","twitter_misc":{"Est. reading time":"2 min\u016btes"},"schema":{"@context":"https:\/\/schema.org","@graph":[{"@type":"WebPage","@id":"https:\/\/kidsplay.lt\/produktas\/zaibas-makvynas3d-kuprine\/","url":"https:\/\/kidsplay.lt\/produktas\/zaibas-makvynas3d-kuprine\/","name":"\u017daibas Makvynas3D kuprin\u0117 - KidsPlay","isPartOf":{"@id":"https:\/\/kidsplay.lt\/#website"},"primaryImageOfPage":{"@id":"https:\/\/kidsplay.lt\/produktas\/zaibas-makvynas3d-kuprine\/#primaryimage"},"image":{"@id":"https:\/\/kidsplay.lt\/produktas\/zaibas-makvynas3d-kuprine\/#primaryimage"},"thumbnailUrl":"https:\/\/kidsplay.lt\/wp-content\/uploads\/2025\/12\/Screenshot_1304.png","datePublished":"2025-12-05T20:14:52+00:00","description":"\u017daibas Makvynas3D kuprin\u0117 - KidsPlay. Did\u017eiausias vaik\u0173 \u017eaisl\u0173 pasirinkimas.","breadcrumb":{"@id":"https:\/\/kidsplay.lt\/produktas\/zaibas-makvynas3d-kuprine\/#breadcrumb"},"inLanguage":"lv-LV","potentialAction":[{"@type":"ReadAction","target":["https:\/\/kidsplay.lt\/produktas\/zaibas-makvynas3d-kuprine\/"]}]},{"@type":"ImageObject","inLanguage":"lv-LV","@id":"https:\/\/kidsplay.lt\/produktas\/zaibas-makvynas3d-kuprine\/#primaryimage","url":"https:\/\/kidsplay.lt\/wp-content\/uploads\/2025\/12\/Screenshot_1304.png","contentUrl":"https:\/\/kidsplay.lt\/wp-content\/uploads\/2025\/12\/Screenshot_1304.png","width":551,"height":518},{"@type":"BreadcrumbList","@id":"https:\/\/kidsplay.lt\/produktas\/zaibas-makvynas3d-kuprine\/#breadcrumb","itemListElement":[{"@type":"ListItem","position":1,"name":"Pagrindinis","item":"https:\/\/kidsplay.lt\/"},{"@type":"ListItem","position":2,"name":"Parduotuv\u0117","item":"https:\/\/kidsplay.lt\/parduotuve\/"},{"@type":"ListItem","position":3,"name":"\u017daibas Makvynas3D kuprin\u0117"}]},{"@type":"WebSite","@id":"https:\/\/kidsplay.lt\/#website","url":"https:\/\/kidsplay.lt\/","name":"B\u0113rnu sp\u0113les.lv","description":"\u012evairios prek\u0117s vaikams","publisher":{"@id":"https:\/\/kidsplay.lt\/#organization"},"alternateName":"Kidsplay","potentialAction":[{"@type":"SearchAction","target":{"@type":"EntryPoint","urlTemplate":"https:\/\/kidsplay.lt\/?s={search_term_string}"},"query-input":{"@type":"PropertyValueSpecification","valueRequired":true,"valueName":"search_term_string"}}],"inLanguage":"lv-LV"},{"@type":"Organization","@id":"https:\/\/kidsplay.lt\/#organization","name":"B\u0113rnu sp\u0113le","url":"https:\/\/kidsplay.lt\/","logo":{"@type":"ImageObject","inLanguage":"lv-LV","@id":"https:\/\/kidsplay.lt\/#\/schema\/logo\/image\/","url":"https:\/\/kidsplay.lt\/wp-content\/uploads\/2023\/07\/kidsplay-logo.png","contentUrl":"https:\/\/kidsplay.lt\/wp-content\/uploads\/2023\/07\/kidsplay-logo.png","width":451,"height":98,"caption":"KidsPlay"},"image":{"@id":"https:\/\/kidsplay.lt\/#\/schema\/logo\/image\/"},"sameAs":["https:\/\/www.facebook.com\/www.kidsplay.lt"]}]}},"_links":{"self":[{"href":"https:\/\/kidsplay.lt\/lv\/wp-json\/wp\/v2\/product\/81824","targetHints":{"allow":["GET"]}}],"collection":[{"href":"https:\/\/kidsplay.lt\/lv\/wp-json\/wp\/v2\/product"}],"about":[{"href":"https:\/\/kidsplay.lt\/lv\/wp-json\/wp\/v2\/types\/product"}],"version-history":[{"count":1,"href":"https:\/\/kidsplay.lt\/lv\/wp-json\/wp\/v2\/product\/81824\/revisions"}],"predecessor-version":[{"id":81826,"href":"https:\/\/kidsplay.lt\/lv\/wp-json\/wp\/v2\/product\/81824\/revisions\/81826"}],"wp:featuredmedia":[{"embeddable":true,"href":"https:\/\/kidsplay.lt\/lv\/wp-json\/wp\/v2\/media\/81825"}],"wp:attachment":[{"href":"https:\/\/kidsplay.lt\/lv\/wp-json\/wp\/v2\/media?parent=81824"}],"wp:term":[{"taxonomy":"product_brand","embeddable":true,"href":"https:\/\/kidsplay.lt\/lv\/wp-json\/wp\/v2\/product_brand?post=81824"},{"taxonomy":"product_cat","embeddable":true,"href":"https:\/\/kidsplay.lt\/lv\/wp-json\/wp\/v2\/product_cat?post=81824"},{"taxonomy":"product_tag","embeddable":true,"href":"https:\/\/kidsplay.lt\/lv\/wp-json\/wp\/v2\/product_tag?post=81824"}],"curies":[{"name":"wp","href":"https:\/\/api.w.org\/{rel}","templated":true}]}}