{"id":81863,"date":"2025-12-06T21:49:09","date_gmt":"2025-12-06T19:49:09","guid":{"rendered":"https:\/\/kidsplay.lt\/?post_type=product&#038;p=81863"},"modified":"2025-12-30T10:45:57","modified_gmt":"2025-12-30T08:45:57","slug":"disney-ledo-salis-2-pilis-su-elsos-aksesuarais","status":"publish","type":"product","link":"https:\/\/kidsplay.lt\/lv\/products\/disney-ledo-salis-2-pilis-su-elsos-aksesuarais\/","title":{"rendered":"Disney Ledus sirds 2 pils ar Elsas aksesu\u0101riem"},"content":{"rendered":"<div class=\"mpof_ki myre_zn myre_8v_l m389_6m_l\">\n<div class=\"mp4t_16_s mryx_16_s mr3m_1 mli2_1 mh85_56 mh85_0_l\">\n<div class=\"mgn2_16 _0d3bd_am0a-\">\n<h1><span dir=\"auto\">Ledo \u0161alis II Elsos kri\u0161tolin\u0117 pilis + Elsos l\u0117l\u0117<\/span><\/h1>\n<h1><span dir=\"auto\">Serija: Ledo \u0161alis II<\/span><\/h1>\n<h1><span dir=\"auto\">Katalogo numeris: F2828<\/span><\/h1>\n<h1><span dir=\"auto\">Am\u017eius: 3+<\/span><\/h1>\n<\/div>\n<\/div>\n<\/div>\n<div class=\"mpof_ki myre_zn myre_8v_l m389_6m_l\">\n<div class=\"mp4t_16_s mryx_16_s mr3m_1 mli2_1 mh85_56 mh85_0_l\">\n<div class=\"mgn2_16 _0d3bd_am0a-\">\n<p><b><span dir=\"auto\">Disney filme \u201eLedo \u0161alis\u201c Elsa gyvena ant kalno, didinguose r\u016bmuose, kuriuos ji suk\u016br\u0117 i\u0161 ledo ir sniego. \u201eLedo \u0161alies\u201c gerb\u0117jai bus su\u017eav\u0117ti gal\u0117dami parsive\u017eti namo ne\u012ftik\u0117tin\u0105 Elsos ledo r\u016bm\u0173 versij\u0105 su \u0161ia ne\u0161iojama pilimi, kurioje vaizduojama Elsos l\u0117l\u0117. \u0160v\u0119sti visas nepamir\u0161tamas filmo akimirkas ir \u012fsivaizduoti naujus nuotykius dar smagiau su 20 pried\u0173, \u012fskaitant sost\u0105, lov\u0105, antklod\u0119, 2 k\u0117des, u\u017ekand\u017eius, tualetinius reikmenis ir, svarbiausia&#8230; Olaf\u0105! Pilies, kurios matmenys \u012fsp\u016bdingi \u2013 34 x 31 colio (86 cm x 78 cm), viduje vaikai gali pakelti antr\u0105 auk\u0161t\u0105 ir nuleisti stal\u0105 bei kosmetin\u012f staliuk\u0105. Kai jie baigia \u017eaisti su savo \u201eLedo \u0161alies\u201c pilimi, jie gali susid\u0117ti savo priedus viduje, sulankstyti j\u0105 ir pad\u0117ti \u012f viet\u0105 kitam kartui&#8230; arba paimti u\u017e rankenos ir linksmintis kelyje. Ie\u0161kokite kit\u0173 \u201eLedo \u0161alies\u201c \u017eaisl\u0173, pavyzd\u017eiui, l\u0117l\u0117s Anos, kad u\u017epildytum\u0117te r\u016bmus savo vaiko m\u0117gstamiausiu seser\u0173 duetu! (Kiekvienas parduodamas atskirai. Priklauso nuo prieinamumo.) Autori\u0173 teis\u0117s priklauso \u201eDisney\u201c. \u201eHasbro\u201c ir visi susij\u0119 terminai yra \u201eHasbro\u201c preki\u0173 \u017eenklai.<\/span><\/b><\/p>\n<\/div>\n<\/div>\n<\/div>\n<div class=\"mpof_ki myre_zn myre_8v_l m389_6m_l\">\n<div class=\"mp4t_16_s mryx_16_s mr3m_1 mli2_1 mh85_56 mh85_0_l\">\n<div class=\"mg9e_8 mj7a_8 mg9e_0_s mvrt_0_s mj7a_0_s mh36_0_s mzmg_6m munh_16_l m3h2_16_l\">\n<div class=\"mp4t_0 mryx_0 munh_56 m3h2_56\">\n<div class=\"mp7g_oh\"><button class=\"mg9e_0 mvrt_0 mj7a_0 mh36_0 mp4t_0 m3h2_0 mryx_0 munh_0 mqen_m6 mpof_z0 mx7m_0 m7er_k4 mse2_k4 msts_pt\" data-analytics-interaction=\"true\" data-analytics-interaction-label=\"zoomable-image-open\" aria-disabled=\"true\"><img decoding=\"async\" class=\"msub_k4 mupj_5k mjru_k4 mse2_k4 mp7g_f6 mq1m_0 mj7u_0 m7er_k4 mqen_m6 m31c_d8 m0ux_fp lazyloaded\" src=\"https:\/\/a.allegroimg.com\/original\/114e9b\/10635f064dae948e846a1bd3e45e\/Disney-Frozen-2-Zamek-z-akcesoriami-Kraina-Lodu-Elsa-Elza-EAN-GTIN-5010993854189\" sizes=\"100vw\" srcset=\"https:\/\/a.allegroimg.com\/s360\/114e9b\/10635f064dae948e846a1bd3e45e\/Disney-Frozen-2-Zamek-z-akcesoriami-Kraina-Lodu-Elsa-Elza-EAN-GTIN-5010993854189 360w,https:\/\/a.allegroimg.com\/s720\/114e9b\/10635f064dae948e846a1bd3e45e\/Disney-Frozen-2-Zamek-z-akcesoriami-Kraina-Lodu-Elsa-Elza-EAN-GTIN-5010993854189 720w,https:\/\/a.allegroimg.com\/s1024\/114e9b\/10635f064dae948e846a1bd3e45e\/Disney-Frozen-2-Zamek-z-akcesoriami-Kraina-Lodu-Elsa-Elza-EAN-GTIN-5010993854189 1024w,https:\/\/a.allegroimg.com\/s1440\/114e9b\/10635f064dae948e846a1bd3e45e\/Disney-Frozen-2-Zamek-z-akcesoriami-Kraina-Lodu-Elsa-Elza-EAN-GTIN-5010993854189 1440w,https:\/\/a.allegroimg.com\/original\/114e9b\/10635f064dae948e846a1bd3e45e\/Disney-Frozen-2-Zamek-z-akcesoriami-Kraina-Lodu-Elsa-Elza-EAN-GTIN-5010993854189 1500w\" alt=\"\u201eDisney\u201c \u201eLedo \u0161alis 2\u201c pilis su Elsos aksesuarais EAN (GTIN) 5010993854189\" width=\"1500px\" data-srcset=\"\" \/><\/button><\/div>\n<\/div>\n<\/div>\n<\/div>\n<\/div>\n<div class=\"mpof_ki myre_zn myre_8v_l m389_6m_l\">\n<div class=\"mp4t_16_s mryx_16_s mr3m_1 mli2_1 mh85_56 mh85_0_l\">\n<div class=\"mg9e_8 mj7a_8 mg9e_0_s mvrt_0_s mj7a_0_s mh36_0_s mzmg_6m munh_16_l m3h2_16_l\">\n<div class=\"mp4t_0 mryx_0 munh_56 m3h2_56\">\n<div class=\"mp7g_oh\"><button class=\"mg9e_0 mvrt_0 mj7a_0 mh36_0 mp4t_0 m3h2_0 mryx_0 munh_0 mqen_m6 mpof_z0 mx7m_0 m7er_k4 mse2_k4 msts_pt\" data-analytics-interaction=\"true\" data-analytics-interaction-label=\"zoomable-image-open\" aria-disabled=\"true\"><img decoding=\"async\" class=\"msub_k4 mupj_5k mjru_k4 mse2_k4 mp7g_f6 mq1m_0 mj7u_0 m7er_k4 mqen_m6 m31c_d8 m0ux_fp lazyloaded\" src=\"https:\/\/a.allegroimg.com\/original\/11495c\/89afeb674c158b42b022eb3e6e6e\/Disney-Frozen-2-Zamek-z-akcesoriami-Kraina-Lodu-Elsa-Elza-Stan-opakowania-oryginalne\" sizes=\"100vw\" srcset=\"https:\/\/a.allegroimg.com\/s360\/11495c\/89afeb674c158b42b022eb3e6e6e\/Disney-Frozen-2-Zamek-z-akcesoriami-Kraina-Lodu-Elsa-Elza-Stan-opakowania-oryginalne 360w,https:\/\/a.allegroimg.com\/s720\/11495c\/89afeb674c158b42b022eb3e6e6e\/Disney-Frozen-2-Zamek-z-akcesoriami-Kraina-Lodu-Elsa-Elza-Stan-opakowania-oryginalne 507w,https:\/\/a.allegroimg.com\/original\/11495c\/89afeb674c158b42b022eb3e6e6e\/Disney-Frozen-2-Zamek-z-akcesoriami-Kraina-Lodu-Elsa-Elza-Stan-opakowania-oryginalne 507w\" alt=\"Disney Frozen 2 pilis su priedais, Ledo \u0161alis Elsa Elsa, originali pakuot\u0117\" width=\"507px\" data-srcset=\"\" \/><\/button><\/div>\n<\/div>\n<\/div>\n<\/div>\n<\/div>","protected":false},"excerpt":{"rendered":"<p>Ledo \u0161alis II Elsos kri\u0161tolin\u0117 pilis + Elsos l\u0117l\u0117 Serija: Ledo \u0161alis II Katalogo numeris: F2828 Am\u017eius: 3+ Disney filme<\/p>","protected":false},"featured_media":81864,"template":"","meta":{"_acf_changed":false,"_glsr_average":0,"_glsr_ranking":0,"_glsr_reviews":0},"product_brand":[],"product_cat":[443,283,229],"product_tag":[],"class_list":{"0":"post-81863","1":"product","2":"type-product","3":"status-publish","4":"has-post-thumbnail","6":"product_cat-leles-ir-priedai","7":"product_cat-leliu-nameliai","8":"product_cat-zaislai-vaikams","9":"\"style=\"background-color: #2ecc711c;\"","11":"first","12":"instock","13":"shipping-taxable","14":"purchasable","15":"product-type-simple"},"acf":[],"yoast_head":"<!-- This site is optimized with the Yoast SEO plugin v27.4 - https:\/\/yoast.com\/product\/yoast-seo-wordpress\/ -->\n<title>Disney Ledo \u0161alis 2 pilis su Elsos aksesuarais - KidsPlay<\/title>\n<meta name=\"description\" content=\"Disney Ledo \u0161alis 2 pilis su Elsos aksesuarais - KidsPlay. Did\u017eiausias vaik\u0173 \u017eaisl\u0173 pasirinkimas.\" \/>\n<meta name=\"robots\" content=\"index, follow, max-snippet:-1, max-image-preview:large, max-video-preview:-1\" \/>\n<link rel=\"canonical\" href=\"https:\/\/kidsplay.lt\/lv\/products\/disney-ledo-salis-2-pilis-su-elsos-aksesuarais\/\" \/>\n<meta property=\"og:locale\" content=\"lv_LV\" \/>\n<meta property=\"og:type\" content=\"article\" \/>\n<meta property=\"og:title\" content=\"Disney Ledo \u0161alis 2 pilis su Elsos aksesuarais - KidsPlay\" \/>\n<meta property=\"og:description\" content=\"Disney Ledo \u0161alis 2 pilis su Elsos aksesuarais - KidsPlay. Did\u017eiausias vaik\u0173 \u017eaisl\u0173 pasirinkimas.\" \/>\n<meta property=\"og:url\" content=\"https:\/\/kidsplay.lt\/lv\/products\/disney-ledo-salis-2-pilis-su-elsos-aksesuarais\/\" \/>\n<meta property=\"og:site_name\" content=\"KidsPlay\" \/>\n<meta property=\"article:publisher\" content=\"https:\/\/www.facebook.com\/www.kidsplay.lt\" \/>\n<meta property=\"article:modified_time\" content=\"2025-12-30T08:45:57+00:00\" \/>\n<meta property=\"og:image\" content=\"https:\/\/kidsplay.lt\/wp-content\/uploads\/2025\/12\/Screenshot_1308.png\" \/>\n\t<meta property=\"og:image:width\" content=\"959\" \/>\n\t<meta property=\"og:image:height\" content=\"781\" \/>\n\t<meta property=\"og:image:type\" content=\"image\/png\" \/>\n<meta name=\"twitter:card\" content=\"summary_large_image\" \/>\n<meta name=\"twitter:label1\" content=\"Est. reading time\" \/>\n\t<meta name=\"twitter:data1\" content=\"2 min\u016btes\" \/>\n<script type=\"application\/ld+json\" class=\"yoast-schema-graph\">{\"@context\":\"https:\\\/\\\/schema.org\",\"@graph\":[{\"@type\":\"WebPage\",\"@id\":\"https:\\\/\\\/kidsplay.lt\\\/produktas\\\/disney-ledo-salis-2-pilis-su-elsos-aksesuarais\\\/\",\"url\":\"https:\\\/\\\/kidsplay.lt\\\/produktas\\\/disney-ledo-salis-2-pilis-su-elsos-aksesuarais\\\/\",\"name\":\"Disney Ledo \u0161alis 2 pilis su Elsos aksesuarais - KidsPlay\",\"isPartOf\":{\"@id\":\"https:\\\/\\\/kidsplay.lt\\\/#website\"},\"primaryImageOfPage\":{\"@id\":\"https:\\\/\\\/kidsplay.lt\\\/produktas\\\/disney-ledo-salis-2-pilis-su-elsos-aksesuarais\\\/#primaryimage\"},\"image\":{\"@id\":\"https:\\\/\\\/kidsplay.lt\\\/produktas\\\/disney-ledo-salis-2-pilis-su-elsos-aksesuarais\\\/#primaryimage\"},\"thumbnailUrl\":\"https:\\\/\\\/kidsplay.lt\\\/wp-content\\\/uploads\\\/2025\\\/12\\\/Screenshot_1308.png\",\"datePublished\":\"2025-12-06T19:49:09+00:00\",\"dateModified\":\"2025-12-30T08:45:57+00:00\",\"description\":\"Disney Ledo \u0161alis 2 pilis su Elsos aksesuarais - KidsPlay. Did\u017eiausias vaik\u0173 \u017eaisl\u0173 pasirinkimas.\",\"breadcrumb\":{\"@id\":\"https:\\\/\\\/kidsplay.lt\\\/produktas\\\/disney-ledo-salis-2-pilis-su-elsos-aksesuarais\\\/#breadcrumb\"},\"inLanguage\":\"lv-LV\",\"potentialAction\":[{\"@type\":\"ReadAction\",\"target\":[\"https:\\\/\\\/kidsplay.lt\\\/produktas\\\/disney-ledo-salis-2-pilis-su-elsos-aksesuarais\\\/\"]}]},{\"@type\":\"ImageObject\",\"inLanguage\":\"lv-LV\",\"@id\":\"https:\\\/\\\/kidsplay.lt\\\/produktas\\\/disney-ledo-salis-2-pilis-su-elsos-aksesuarais\\\/#primaryimage\",\"url\":\"https:\\\/\\\/kidsplay.lt\\\/wp-content\\\/uploads\\\/2025\\\/12\\\/Screenshot_1308.png\",\"contentUrl\":\"https:\\\/\\\/kidsplay.lt\\\/wp-content\\\/uploads\\\/2025\\\/12\\\/Screenshot_1308.png\",\"width\":959,\"height\":781},{\"@type\":\"BreadcrumbList\",\"@id\":\"https:\\\/\\\/kidsplay.lt\\\/produktas\\\/disney-ledo-salis-2-pilis-su-elsos-aksesuarais\\\/#breadcrumb\",\"itemListElement\":[{\"@type\":\"ListItem\",\"position\":1,\"name\":\"Pagrindinis\",\"item\":\"https:\\\/\\\/kidsplay.lt\\\/\"},{\"@type\":\"ListItem\",\"position\":2,\"name\":\"Parduotuv\u0117\",\"item\":\"https:\\\/\\\/kidsplay.lt\\\/parduotuve\\\/\"},{\"@type\":\"ListItem\",\"position\":3,\"name\":\"Disney Ledo \u0161alis 2 pilis su Elsos aksesuarais\"}]},{\"@type\":\"WebSite\",\"@id\":\"https:\\\/\\\/kidsplay.lt\\\/#website\",\"url\":\"https:\\\/\\\/kidsplay.lt\\\/\",\"name\":\"Kidsplay.lt\",\"description\":\"\u012evairios prek\u0117s vaikams\",\"publisher\":{\"@id\":\"https:\\\/\\\/kidsplay.lt\\\/#organization\"},\"alternateName\":\"Kidsplay\",\"potentialAction\":[{\"@type\":\"SearchAction\",\"target\":{\"@type\":\"EntryPoint\",\"urlTemplate\":\"https:\\\/\\\/kidsplay.lt\\\/?s={search_term_string}\"},\"query-input\":{\"@type\":\"PropertyValueSpecification\",\"valueRequired\":true,\"valueName\":\"search_term_string\"}}],\"inLanguage\":\"lv-LV\"},{\"@type\":\"Organization\",\"@id\":\"https:\\\/\\\/kidsplay.lt\\\/#organization\",\"name\":\"KidsPlay\",\"url\":\"https:\\\/\\\/kidsplay.lt\\\/\",\"logo\":{\"@type\":\"ImageObject\",\"inLanguage\":\"lv-LV\",\"@id\":\"https:\\\/\\\/kidsplay.lt\\\/#\\\/schema\\\/logo\\\/image\\\/\",\"url\":\"https:\\\/\\\/kidsplay.lt\\\/wp-content\\\/uploads\\\/2023\\\/07\\\/kidsplay-logo.png\",\"contentUrl\":\"https:\\\/\\\/kidsplay.lt\\\/wp-content\\\/uploads\\\/2023\\\/07\\\/kidsplay-logo.png\",\"width\":451,\"height\":98,\"caption\":\"KidsPlay\"},\"image\":{\"@id\":\"https:\\\/\\\/kidsplay.lt\\\/#\\\/schema\\\/logo\\\/image\\\/\"},\"sameAs\":[\"https:\\\/\\\/www.facebook.com\\\/www.kidsplay.lt\"]}]}<\/script>\n<!-- \/ Yoast SEO plugin. -->","yoast_head_json":{"title":"Disney Ledo \u0161alis 2 pilis su Elsos aksesuarais - KidsPlay","description":"Disney Ledo \u0161alis 2 pilis su Elsos aksesuarais - KidsPlay. Did\u017eiausias vaik\u0173 \u017eaisl\u0173 pasirinkimas.","robots":{"index":"index","follow":"follow","max-snippet":"max-snippet:-1","max-image-preview":"max-image-preview:large","max-video-preview":"max-video-preview:-1"},"canonical":"https:\/\/kidsplay.lt\/lv\/products\/disney-ledo-salis-2-pilis-su-elsos-aksesuarais\/","og_locale":"lv_LV","og_type":"article","og_title":"Disney Ledo \u0161alis 2 pilis su Elsos aksesuarais - KidsPlay","og_description":"Disney Ledo \u0161alis 2 pilis su Elsos aksesuarais - KidsPlay. Did\u017eiausias vaik\u0173 \u017eaisl\u0173 pasirinkimas.","og_url":"https:\/\/kidsplay.lt\/lv\/products\/disney-ledo-salis-2-pilis-su-elsos-aksesuarais\/","og_site_name":"KidsPlay","article_publisher":"https:\/\/www.facebook.com\/www.kidsplay.lt","article_modified_time":"2025-12-30T08:45:57+00:00","og_image":[{"width":959,"height":781,"url":"https:\/\/kidsplay.lt\/wp-content\/uploads\/2025\/12\/Screenshot_1308.png","type":"image\/png"}],"twitter_card":"summary_large_image","twitter_misc":{"Est. reading time":"2 min\u016btes"},"schema":{"@context":"https:\/\/schema.org","@graph":[{"@type":"WebPage","@id":"https:\/\/kidsplay.lt\/produktas\/disney-ledo-salis-2-pilis-su-elsos-aksesuarais\/","url":"https:\/\/kidsplay.lt\/produktas\/disney-ledo-salis-2-pilis-su-elsos-aksesuarais\/","name":"Disney Ledo \u0161alis 2 pilis su Elsos aksesuarais - KidsPlay","isPartOf":{"@id":"https:\/\/kidsplay.lt\/#website"},"primaryImageOfPage":{"@id":"https:\/\/kidsplay.lt\/produktas\/disney-ledo-salis-2-pilis-su-elsos-aksesuarais\/#primaryimage"},"image":{"@id":"https:\/\/kidsplay.lt\/produktas\/disney-ledo-salis-2-pilis-su-elsos-aksesuarais\/#primaryimage"},"thumbnailUrl":"https:\/\/kidsplay.lt\/wp-content\/uploads\/2025\/12\/Screenshot_1308.png","datePublished":"2025-12-06T19:49:09+00:00","dateModified":"2025-12-30T08:45:57+00:00","description":"Disney Ledo \u0161alis 2 pilis su Elsos aksesuarais - KidsPlay. Did\u017eiausias vaik\u0173 \u017eaisl\u0173 pasirinkimas.","breadcrumb":{"@id":"https:\/\/kidsplay.lt\/produktas\/disney-ledo-salis-2-pilis-su-elsos-aksesuarais\/#breadcrumb"},"inLanguage":"lv-LV","potentialAction":[{"@type":"ReadAction","target":["https:\/\/kidsplay.lt\/produktas\/disney-ledo-salis-2-pilis-su-elsos-aksesuarais\/"]}]},{"@type":"ImageObject","inLanguage":"lv-LV","@id":"https:\/\/kidsplay.lt\/produktas\/disney-ledo-salis-2-pilis-su-elsos-aksesuarais\/#primaryimage","url":"https:\/\/kidsplay.lt\/wp-content\/uploads\/2025\/12\/Screenshot_1308.png","contentUrl":"https:\/\/kidsplay.lt\/wp-content\/uploads\/2025\/12\/Screenshot_1308.png","width":959,"height":781},{"@type":"BreadcrumbList","@id":"https:\/\/kidsplay.lt\/produktas\/disney-ledo-salis-2-pilis-su-elsos-aksesuarais\/#breadcrumb","itemListElement":[{"@type":"ListItem","position":1,"name":"Pagrindinis","item":"https:\/\/kidsplay.lt\/"},{"@type":"ListItem","position":2,"name":"Parduotuv\u0117","item":"https:\/\/kidsplay.lt\/parduotuve\/"},{"@type":"ListItem","position":3,"name":"Disney Ledo \u0161alis 2 pilis su Elsos aksesuarais"}]},{"@type":"WebSite","@id":"https:\/\/kidsplay.lt\/#website","url":"https:\/\/kidsplay.lt\/","name":"B\u0113rnu sp\u0113les.lv","description":"\u012evairios prek\u0117s vaikams","publisher":{"@id":"https:\/\/kidsplay.lt\/#organization"},"alternateName":"Kidsplay","potentialAction":[{"@type":"SearchAction","target":{"@type":"EntryPoint","urlTemplate":"https:\/\/kidsplay.lt\/?s={search_term_string}"},"query-input":{"@type":"PropertyValueSpecification","valueRequired":true,"valueName":"search_term_string"}}],"inLanguage":"lv-LV"},{"@type":"Organization","@id":"https:\/\/kidsplay.lt\/#organization","name":"B\u0113rnu sp\u0113le","url":"https:\/\/kidsplay.lt\/","logo":{"@type":"ImageObject","inLanguage":"lv-LV","@id":"https:\/\/kidsplay.lt\/#\/schema\/logo\/image\/","url":"https:\/\/kidsplay.lt\/wp-content\/uploads\/2023\/07\/kidsplay-logo.png","contentUrl":"https:\/\/kidsplay.lt\/wp-content\/uploads\/2023\/07\/kidsplay-logo.png","width":451,"height":98,"caption":"KidsPlay"},"image":{"@id":"https:\/\/kidsplay.lt\/#\/schema\/logo\/image\/"},"sameAs":["https:\/\/www.facebook.com\/www.kidsplay.lt"]}]}},"_links":{"self":[{"href":"https:\/\/kidsplay.lt\/lv\/wp-json\/wp\/v2\/product\/81863","targetHints":{"allow":["GET"]}}],"collection":[{"href":"https:\/\/kidsplay.lt\/lv\/wp-json\/wp\/v2\/product"}],"about":[{"href":"https:\/\/kidsplay.lt\/lv\/wp-json\/wp\/v2\/types\/product"}],"version-history":[{"count":1,"href":"https:\/\/kidsplay.lt\/lv\/wp-json\/wp\/v2\/product\/81863\/revisions"}],"predecessor-version":[{"id":81869,"href":"https:\/\/kidsplay.lt\/lv\/wp-json\/wp\/v2\/product\/81863\/revisions\/81869"}],"wp:featuredmedia":[{"embeddable":true,"href":"https:\/\/kidsplay.lt\/lv\/wp-json\/wp\/v2\/media\/81864"}],"wp:attachment":[{"href":"https:\/\/kidsplay.lt\/lv\/wp-json\/wp\/v2\/media?parent=81863"}],"wp:term":[{"taxonomy":"product_brand","embeddable":true,"href":"https:\/\/kidsplay.lt\/lv\/wp-json\/wp\/v2\/product_brand?post=81863"},{"taxonomy":"product_cat","embeddable":true,"href":"https:\/\/kidsplay.lt\/lv\/wp-json\/wp\/v2\/product_cat?post=81863"},{"taxonomy":"product_tag","embeddable":true,"href":"https:\/\/kidsplay.lt\/lv\/wp-json\/wp\/v2\/product_tag?post=81863"}],"curies":[{"name":"wp","href":"https:\/\/api.w.org\/{rel}","templated":true}]}}