{"id":82015,"date":"2025-12-10T09:40:53","date_gmt":"2025-12-10T07:40:53","guid":{"rendered":"https:\/\/kidsplay.lt\/?post_type=product&#038;p=82015"},"modified":"2025-12-10T09:40:54","modified_gmt":"2025-12-10T07:40:54","slug":"k-pop-demonu-medziotoju-rumi-mira-interaktyvi-lele","status":"publish","type":"product","link":"https:\/\/kidsplay.lt\/lv\/products\/k-pop-demonu-medziotoju-rumi-mira-interaktyvi-lele\/","title":{"rendered":"K-Pop d\u0113monu mednieku Rumi Mira interakt\u012bv\u0101 lelle"},"content":{"rendered":"<div class=\"mpof_ki myre_zn myre_8v_l m389_6m_l\">\n<div class=\"mp4t_16_s mryx_16_s mr3m_1 mli2_1 mh85_56 mh85_0_l\">\n<div class=\"mgn2_16 _0d3bd_am0a-\">\n<h1><span dir=\"auto\">VINILA LELLE 1 gab. \u2013 \u300aKPop Demon Hunters\u300bRumi<\/span><\/h1>\n<h2><span dir=\"auto\">Produkta \u012bpa\u0161\u012bbas:<\/span><\/h2>\n<ul>\n<li><span dir=\"auto\">Produkta nosaukums: Klasisko filmu varo\u0146i<\/span><\/li>\n<li><span dir=\"auto\">Produkta iepakojums: OPP maisi\u0146\u0161<\/span><\/li>\n<li><b><span dir=\"auto\">Produkta izm\u0113rs: 30 cm<\/span><\/b><\/li>\n<li><span dir=\"auto\">Galvenais materi\u0101ls: PVC<\/span><\/li>\n<li><b><span dir=\"auto\">Daudzums: 1 gab.<\/span><\/b><\/li>\n<li><span dir=\"auto\">Svars: aptuveni 180 g<\/span><\/li>\n<li><b><span dir=\"auto\">Interesanti: lelles loc\u012btavas var kust\u0113ties, padarot to interakt\u012bvu un daudzveid\u012bgu!<\/span><\/b><\/li>\n<\/ul>\n<\/div>\n<\/div>\n<div class=\"mp4t_16_s mryx_16_s mr3m_1 mli2_1 mh85_56 mh85_0_l\">\n<div class=\"mg9e_8 mj7a_8 mg9e_0_s mvrt_0_s mj7a_0_s mh36_0_s mzmg_6m munh_16_l m3h2_16_l\">\n<div class=\"mp4t_0 mryx_0 munh_56 m3h2_56\">\n<div class=\"mp7g_oh\"><button class=\"mg9e_0 mvrt_0 mj7a_0 mh36_0 mp4t_0 m3h2_0 mryx_0 munh_0 mqen_m6 mpof_z0 mx7m_0 m7er_k4 mse2_k4 msts_pt\" data-analytics-interaction=\"true\" data-analytics-interaction-label=\"zoomable-image-open\" aria-disabled=\"true\"><img decoding=\"async\" class=\"msub_k4 mupj_5k mjru_k4 mse2_k4 mp7g_f6 mq1m_0 mj7u_0 m7er_k4 mqen_m6 m31c_d8 m0ux_fp lazyloaded\" src=\"https:\/\/a.allegroimg.com\/original\/1175b0\/da96eb6b46f2a3225fbb5687daf9\/KPop-Demon-Hunters-LALKA-PVC-Prezent-Rumi-Mira-i-Zoey-30cm-Ruchomosc-stawow\" sizes=\"(min-width: 1200px) 560px, (min-width: 992px) 50vw, 100vw\" srcset=\"https:\/\/a.allegroimg.com\/s360\/1175b0\/da96eb6b46f2a3225fbb5687daf9\/KPop-Demon-Hunters-LALKA-PVC-Prezent-Rumi-Mira-i-Zoey-30cm-Ruchomosc-stawow 360w,https:\/\/a.allegroimg.com\/s720\/1175b0\/da96eb6b46f2a3225fbb5687daf9\/KPop-Demon-Hunters-LALKA-PVC-Prezent-Rumi-Mira-i-Zoey-30cm-Ruchomosc-stawow 720w,https:\/\/a.allegroimg.com\/s1024\/1175b0\/da96eb6b46f2a3225fbb5687daf9\/KPop-Demon-Hunters-LALKA-PVC-Prezent-Rumi-Mira-i-Zoey-30cm-Ruchomosc-stawow 991w,https:\/\/a.allegroimg.com\/original\/1175b0\/da96eb6b46f2a3225fbb5687daf9\/KPop-Demon-Hunters-LALKA-PVC-Prezent-Rumi-Mira-i-Zoey-30cm-Ruchomosc-stawow 991w\" alt=\"KPop demon\u0173 med\u017eiotoj\u0173 PVC l\u0117l\u0117s dovana Rumi Mira ir Zoey 30 cm s\u0105nari\u0173 judrumo\" width=\"991px\" data-srcset=\"\" \/><\/button><\/div>\n<\/div>\n<\/div>\n<\/div>\n<\/div>\n<div class=\"mpof_ki myre_zn myre_8v_l m389_6m_l\">\n<div class=\"mp4t_16_s mryx_16_s mr3m_1 mli2_1 mh85_56 mh85_0_l\">\n<div class=\"mg9e_8 mj7a_8 mg9e_0_s mvrt_0_s mj7a_0_s mh36_0_s mzmg_6m munh_16_l m3h2_16_l\">\n<div class=\"mp4t_0 mryx_0 munh_56 m3h2_56\">\n<div class=\"mp7g_oh\"><button class=\"mg9e_0 mvrt_0 mj7a_0 mh36_0 mp4t_0 m3h2_0 mryx_0 munh_0 mqen_m6 mpof_z0 mx7m_0 m7er_k4 mse2_k4 msts_pt\" data-analytics-interaction=\"true\" data-analytics-interaction-label=\"zoomable-image-open\" aria-disabled=\"true\"><img decoding=\"async\" class=\"msub_k4 mupj_5k mjru_k4 mse2_k4 mp7g_f6 mq1m_0 mj7u_0 m7er_k4 mqen_m6 m31c_d8 m0ux_fp lazyloaded\" src=\"https:\/\/a.allegroimg.com\/original\/117fd7\/d789c19f4ef0aa4c12c3fd5c2b57\/KPop-Demon-Hunters-LALKA-PVC-Prezent-Rumi-Mira-i-Zoey-30cm-Ruchomosc-stawow-Kod-producenta-K-Pop-Lowcy-Demonow-LALKA-WINYLOWA\" sizes=\"(min-width: 1200px) 560px, (min-width: 992px) 50vw, 100vw\" srcset=\"https:\/\/a.allegroimg.com\/s360\/117fd7\/d789c19f4ef0aa4c12c3fd5c2b57\/KPop-Demon-Hunters-LALKA-PVC-Prezent-Rumi-Mira-i-Zoey-30cm-Ruchomosc-stawow-Kod-producenta-K-Pop-Lowcy-Demonow-LALKA-WINYLOWA 360w,https:\/\/a.allegroimg.com\/s720\/117fd7\/d789c19f4ef0aa4c12c3fd5c2b57\/KPop-Demon-Hunters-LALKA-PVC-Prezent-Rumi-Mira-i-Zoey-30cm-Ruchomosc-stawow-Kod-producenta-K-Pop-Lowcy-Demonow-LALKA-WINYLOWA 720w,https:\/\/a.allegroimg.com\/s1024\/117fd7\/d789c19f4ef0aa4c12c3fd5c2b57\/KPop-Demon-Hunters-LALKA-PVC-Prezent-Rumi-Mira-i-Zoey-30cm-Ruchomosc-stawow-Kod-producenta-K-Pop-Lowcy-Demonow-LALKA-WINYLOWA 1024w,https:\/\/a.allegroimg.com\/s1440\/117fd7\/d789c19f4ef0aa4c12c3fd5c2b57\/KPop-Demon-Hunters-LALKA-PVC-Prezent-Rumi-Mira-i-Zoey-30cm-Ruchomosc-stawow-Kod-producenta-K-Pop-Lowcy-Demonow-LALKA-WINYLOWA 1029w,https:\/\/a.allegroimg.com\/original\/117fd7\/d789c19f4ef0aa4c12c3fd5c2b57\/KPop-Demon-Hunters-LALKA-PVC-Prezent-Rumi-Mira-i-Zoey-30cm-Ruchomosc-stawow-Kod-producenta-K-Pop-Lowcy-Demonow-LALKA-WINYLOWA 1029w\" alt=\"KPop Demon Hunters PVC L\u0116L\u0116 Dovana Rumi Mira ir Zoey 30cm S\u0105nari\u0173 judrumas K-Pop gamintojo kodas: Demon Hunters VINILIN\u0116 L\u0116L\u0116\" width=\"1029px\" data-srcset=\"\" \/><\/button><\/div>\n<\/div>\n<\/div>\n<\/div>\n<div class=\"mp4t_16_s mryx_16_s mr3m_1 mli2_1 mh85_56 mh85_0_l\">\n<div class=\"mgn2_16 _0d3bd_am0a-\">\n<ul>\n<li><b><span dir=\"auto\">Produkta izm\u0113rs: aptuveni 30 cm<\/span><\/b><\/li>\n<\/ul>\n<p><span dir=\"auto\">Pateicoties lelles loc\u012btavu br\u012bvai kust\u012bbai, t\u0101 ir interakt\u012bva un daudzveid\u012bga, t\u0101p\u0113c gatavais produkts ne tikai pilda dekorat\u012bvu funkciju, bet ar\u012b sag\u0101d\u0101 daudz prieka \u0123imenes locek\u013ciem un draugiem, kuri var ar to mijiedarboties un sp\u0113l\u0113ties, k\u0101 ar\u012b ir interakt\u012bvas, modernas rota\u013clietas.<\/span><\/p>\n<\/div>\n<\/div>\n<\/div>\n<div class=\"mpof_ki myre_zn myre_8v_l m389_6m_l\">\n<div class=\"mp4t_16_s mryx_16_s mr3m_1 mli2_1 mh85_56 mh85_0_l\">\n<div class=\"mgn2_16 _0d3bd_am0a-\">\n<ul>\n<li><b><span dir=\"auto\">R\u016bm\u012b:\u00a0<\/span><\/b><span dir=\"auto\">\u00a0Vi\u0146a ir grupas vado\u0161\u0101 vok\u0101liste un kodols, un anime vi\u0146a ir pusd\u0113monu medniece. Vinila lelles parasti att\u0113lo vi\u0146as attur\u012bgo un maigo person\u012bbu, kas var atk\u0101rtot vi\u0146as ikonisko stilu no anime. Piem\u0113ram, vi\u0146a valk\u0101 garas piedurknes un bikses, lai pasl\u0113ptu savas r\u0113tas, un vi\u0146as friz\u016bra var b\u016bt vienk\u0101r\u0161a, atspogu\u013cojot vi\u0146as mier\u012bgo un br\u012bni\u0161\u0137\u012bgo dabu k\u0101 C tipa varonei.<\/span><span dir=\"auto\">\u0160\u012b K-pop Demon Hunter fig\u016bri\u0146a ir ne tikai burv\u012bga rota\u013cu lelle, bet ar\u012b K-pop kult\u016bras un Demon Hunters gara simbols, ko var dro\u0161i izmantot k\u0101 d\u0101vanu savai kolekcijai vai k\u0101 d\u0101vanu apk\u0101rt\u0113jiem K-pop cien\u012bt\u0101jiem.<\/span><\/li>\n<\/ul>\n<\/div>\n<\/div>\n<\/div>","protected":false},"excerpt":{"rendered":"<p>VINILIN\u0116 L\u0116L\u0116 1 vnt. &#8211; \u300aKPop demon\u0173 med\u017eiotojai\u300bRumi Produkto savyb\u0117s: Produkto pavadinimas: Klasikiniai film\u0173 persona\u017eai Produkto pakuot\u0117: OPP mai\u0161elis Produkto<\/p>","protected":false},"featured_media":82016,"template":"","meta":{"_acf_changed":false,"_glsr_average":0,"_glsr_ranking":0,"_glsr_reviews":0},"product_brand":[],"product_cat":[443,229],"product_tag":[],"class_list":{"0":"post-82015","1":"product","2":"type-product","3":"status-publish","4":"has-post-thumbnail","6":"product_cat-leles-ir-priedai","7":"product_cat-zaislai-vaikams","8":"\"style=\"background-color: #2ecc711c;\"","10":"first","11":"instock","12":"shipping-taxable","13":"purchasable","14":"product-type-simple"},"acf":[],"yoast_head":"<!-- This site is optimized with the Yoast SEO plugin v27.4 - https:\/\/yoast.com\/product\/yoast-seo-wordpress\/ -->\n<title>K-Pop demon\u0173 med\u017eiotoj\u0173 Rumi Mira interaktyvi l\u0117l\u0117 - KidsPlay<\/title>\n<meta name=\"description\" content=\"K-Pop demon\u0173 med\u017eiotoj\u0173 Rumi Mira interaktyvi l\u0117l\u0117 - KidsPlay. Did\u017eiausias vaik\u0173 \u017eaisl\u0173 pasirinkimas.\" \/>\n<meta name=\"robots\" content=\"index, follow, max-snippet:-1, max-image-preview:large, max-video-preview:-1\" \/>\n<link rel=\"canonical\" href=\"https:\/\/kidsplay.lt\/lv\/products\/k-pop-demonu-medziotoju-rumi-mira-interaktyvi-lele\/\" \/>\n<meta property=\"og:locale\" content=\"lv_LV\" \/>\n<meta property=\"og:type\" content=\"article\" \/>\n<meta property=\"og:title\" content=\"K-Pop demon\u0173 med\u017eiotoj\u0173 Rumi Mira interaktyvi l\u0117l\u0117 - KidsPlay\" \/>\n<meta property=\"og:description\" content=\"K-Pop demon\u0173 med\u017eiotoj\u0173 Rumi Mira interaktyvi l\u0117l\u0117 - KidsPlay. Did\u017eiausias vaik\u0173 \u017eaisl\u0173 pasirinkimas.\" \/>\n<meta property=\"og:url\" content=\"https:\/\/kidsplay.lt\/lv\/products\/k-pop-demonu-medziotoju-rumi-mira-interaktyvi-lele\/\" \/>\n<meta property=\"og:site_name\" content=\"KidsPlay\" \/>\n<meta property=\"article:publisher\" content=\"https:\/\/www.facebook.com\/www.kidsplay.lt\" \/>\n<meta property=\"article:modified_time\" content=\"2025-12-10T07:40:54+00:00\" \/>\n<meta property=\"og:image\" content=\"https:\/\/kidsplay.lt\/wp-content\/uploads\/2025\/12\/Screenshot_7.png\" \/>\n\t<meta property=\"og:image:width\" content=\"460\" \/>\n\t<meta property=\"og:image:height\" content=\"517\" \/>\n\t<meta property=\"og:image:type\" content=\"image\/png\" \/>\n<meta name=\"twitter:card\" content=\"summary_large_image\" \/>\n<meta name=\"twitter:label1\" content=\"Est. reading time\" \/>\n\t<meta name=\"twitter:data1\" content=\"2 min\u016btes\" \/>\n<script type=\"application\/ld+json\" class=\"yoast-schema-graph\">{\"@context\":\"https:\\\/\\\/schema.org\",\"@graph\":[{\"@type\":\"WebPage\",\"@id\":\"https:\\\/\\\/kidsplay.lt\\\/produktas\\\/k-pop-demonu-medziotoju-rumi-mira-interaktyvi-lele\\\/\",\"url\":\"https:\\\/\\\/kidsplay.lt\\\/produktas\\\/k-pop-demonu-medziotoju-rumi-mira-interaktyvi-lele\\\/\",\"name\":\"K-Pop demon\u0173 med\u017eiotoj\u0173 Rumi Mira interaktyvi l\u0117l\u0117 - KidsPlay\",\"isPartOf\":{\"@id\":\"https:\\\/\\\/kidsplay.lt\\\/#website\"},\"primaryImageOfPage\":{\"@id\":\"https:\\\/\\\/kidsplay.lt\\\/produktas\\\/k-pop-demonu-medziotoju-rumi-mira-interaktyvi-lele\\\/#primaryimage\"},\"image\":{\"@id\":\"https:\\\/\\\/kidsplay.lt\\\/produktas\\\/k-pop-demonu-medziotoju-rumi-mira-interaktyvi-lele\\\/#primaryimage\"},\"thumbnailUrl\":\"https:\\\/\\\/kidsplay.lt\\\/wp-content\\\/uploads\\\/2025\\\/12\\\/Screenshot_7.png\",\"datePublished\":\"2025-12-10T07:40:53+00:00\",\"dateModified\":\"2025-12-10T07:40:54+00:00\",\"description\":\"K-Pop demon\u0173 med\u017eiotoj\u0173 Rumi Mira interaktyvi l\u0117l\u0117 - KidsPlay. Did\u017eiausias vaik\u0173 \u017eaisl\u0173 pasirinkimas.\",\"breadcrumb\":{\"@id\":\"https:\\\/\\\/kidsplay.lt\\\/produktas\\\/k-pop-demonu-medziotoju-rumi-mira-interaktyvi-lele\\\/#breadcrumb\"},\"inLanguage\":\"lv-LV\",\"potentialAction\":[{\"@type\":\"ReadAction\",\"target\":[\"https:\\\/\\\/kidsplay.lt\\\/produktas\\\/k-pop-demonu-medziotoju-rumi-mira-interaktyvi-lele\\\/\"]}]},{\"@type\":\"ImageObject\",\"inLanguage\":\"lv-LV\",\"@id\":\"https:\\\/\\\/kidsplay.lt\\\/produktas\\\/k-pop-demonu-medziotoju-rumi-mira-interaktyvi-lele\\\/#primaryimage\",\"url\":\"https:\\\/\\\/kidsplay.lt\\\/wp-content\\\/uploads\\\/2025\\\/12\\\/Screenshot_7.png\",\"contentUrl\":\"https:\\\/\\\/kidsplay.lt\\\/wp-content\\\/uploads\\\/2025\\\/12\\\/Screenshot_7.png\",\"width\":460,\"height\":517},{\"@type\":\"BreadcrumbList\",\"@id\":\"https:\\\/\\\/kidsplay.lt\\\/produktas\\\/k-pop-demonu-medziotoju-rumi-mira-interaktyvi-lele\\\/#breadcrumb\",\"itemListElement\":[{\"@type\":\"ListItem\",\"position\":1,\"name\":\"Pagrindinis\",\"item\":\"https:\\\/\\\/kidsplay.lt\\\/\"},{\"@type\":\"ListItem\",\"position\":2,\"name\":\"Parduotuv\u0117\",\"item\":\"https:\\\/\\\/kidsplay.lt\\\/parduotuve\\\/\"},{\"@type\":\"ListItem\",\"position\":3,\"name\":\"K-Pop demon\u0173 med\u017eiotoj\u0173 Rumi Mira interaktyvi l\u0117l\u0117\"}]},{\"@type\":\"WebSite\",\"@id\":\"https:\\\/\\\/kidsplay.lt\\\/#website\",\"url\":\"https:\\\/\\\/kidsplay.lt\\\/\",\"name\":\"Kidsplay.lt\",\"description\":\"\u012evairios prek\u0117s vaikams\",\"publisher\":{\"@id\":\"https:\\\/\\\/kidsplay.lt\\\/#organization\"},\"alternateName\":\"Kidsplay\",\"potentialAction\":[{\"@type\":\"SearchAction\",\"target\":{\"@type\":\"EntryPoint\",\"urlTemplate\":\"https:\\\/\\\/kidsplay.lt\\\/?s={search_term_string}\"},\"query-input\":{\"@type\":\"PropertyValueSpecification\",\"valueRequired\":true,\"valueName\":\"search_term_string\"}}],\"inLanguage\":\"lv-LV\"},{\"@type\":\"Organization\",\"@id\":\"https:\\\/\\\/kidsplay.lt\\\/#organization\",\"name\":\"KidsPlay\",\"url\":\"https:\\\/\\\/kidsplay.lt\\\/\",\"logo\":{\"@type\":\"ImageObject\",\"inLanguage\":\"lv-LV\",\"@id\":\"https:\\\/\\\/kidsplay.lt\\\/#\\\/schema\\\/logo\\\/image\\\/\",\"url\":\"https:\\\/\\\/kidsplay.lt\\\/wp-content\\\/uploads\\\/2023\\\/07\\\/kidsplay-logo.png\",\"contentUrl\":\"https:\\\/\\\/kidsplay.lt\\\/wp-content\\\/uploads\\\/2023\\\/07\\\/kidsplay-logo.png\",\"width\":451,\"height\":98,\"caption\":\"KidsPlay\"},\"image\":{\"@id\":\"https:\\\/\\\/kidsplay.lt\\\/#\\\/schema\\\/logo\\\/image\\\/\"},\"sameAs\":[\"https:\\\/\\\/www.facebook.com\\\/www.kidsplay.lt\"]}]}<\/script>\n<!-- \/ Yoast SEO plugin. -->","yoast_head_json":{"title":"K-Pop demon\u0173 med\u017eiotoj\u0173 Rumi Mira interaktyvi l\u0117l\u0117 - KidsPlay","description":"K-Pop demon\u0173 med\u017eiotoj\u0173 Rumi Mira interaktyvi l\u0117l\u0117 - KidsPlay. Did\u017eiausias vaik\u0173 \u017eaisl\u0173 pasirinkimas.","robots":{"index":"index","follow":"follow","max-snippet":"max-snippet:-1","max-image-preview":"max-image-preview:large","max-video-preview":"max-video-preview:-1"},"canonical":"https:\/\/kidsplay.lt\/lv\/products\/k-pop-demonu-medziotoju-rumi-mira-interaktyvi-lele\/","og_locale":"lv_LV","og_type":"article","og_title":"K-Pop demon\u0173 med\u017eiotoj\u0173 Rumi Mira interaktyvi l\u0117l\u0117 - KidsPlay","og_description":"K-Pop demon\u0173 med\u017eiotoj\u0173 Rumi Mira interaktyvi l\u0117l\u0117 - KidsPlay. Did\u017eiausias vaik\u0173 \u017eaisl\u0173 pasirinkimas.","og_url":"https:\/\/kidsplay.lt\/lv\/products\/k-pop-demonu-medziotoju-rumi-mira-interaktyvi-lele\/","og_site_name":"KidsPlay","article_publisher":"https:\/\/www.facebook.com\/www.kidsplay.lt","article_modified_time":"2025-12-10T07:40:54+00:00","og_image":[{"width":460,"height":517,"url":"https:\/\/kidsplay.lt\/wp-content\/uploads\/2025\/12\/Screenshot_7.png","type":"image\/png"}],"twitter_card":"summary_large_image","twitter_misc":{"Est. reading time":"2 min\u016btes"},"schema":{"@context":"https:\/\/schema.org","@graph":[{"@type":"WebPage","@id":"https:\/\/kidsplay.lt\/produktas\/k-pop-demonu-medziotoju-rumi-mira-interaktyvi-lele\/","url":"https:\/\/kidsplay.lt\/produktas\/k-pop-demonu-medziotoju-rumi-mira-interaktyvi-lele\/","name":"K-Pop demon\u0173 med\u017eiotoj\u0173 Rumi Mira interaktyvi l\u0117l\u0117 - KidsPlay","isPartOf":{"@id":"https:\/\/kidsplay.lt\/#website"},"primaryImageOfPage":{"@id":"https:\/\/kidsplay.lt\/produktas\/k-pop-demonu-medziotoju-rumi-mira-interaktyvi-lele\/#primaryimage"},"image":{"@id":"https:\/\/kidsplay.lt\/produktas\/k-pop-demonu-medziotoju-rumi-mira-interaktyvi-lele\/#primaryimage"},"thumbnailUrl":"https:\/\/kidsplay.lt\/wp-content\/uploads\/2025\/12\/Screenshot_7.png","datePublished":"2025-12-10T07:40:53+00:00","dateModified":"2025-12-10T07:40:54+00:00","description":"K-Pop demon\u0173 med\u017eiotoj\u0173 Rumi Mira interaktyvi l\u0117l\u0117 - KidsPlay. Did\u017eiausias vaik\u0173 \u017eaisl\u0173 pasirinkimas.","breadcrumb":{"@id":"https:\/\/kidsplay.lt\/produktas\/k-pop-demonu-medziotoju-rumi-mira-interaktyvi-lele\/#breadcrumb"},"inLanguage":"lv-LV","potentialAction":[{"@type":"ReadAction","target":["https:\/\/kidsplay.lt\/produktas\/k-pop-demonu-medziotoju-rumi-mira-interaktyvi-lele\/"]}]},{"@type":"ImageObject","inLanguage":"lv-LV","@id":"https:\/\/kidsplay.lt\/produktas\/k-pop-demonu-medziotoju-rumi-mira-interaktyvi-lele\/#primaryimage","url":"https:\/\/kidsplay.lt\/wp-content\/uploads\/2025\/12\/Screenshot_7.png","contentUrl":"https:\/\/kidsplay.lt\/wp-content\/uploads\/2025\/12\/Screenshot_7.png","width":460,"height":517},{"@type":"BreadcrumbList","@id":"https:\/\/kidsplay.lt\/produktas\/k-pop-demonu-medziotoju-rumi-mira-interaktyvi-lele\/#breadcrumb","itemListElement":[{"@type":"ListItem","position":1,"name":"Pagrindinis","item":"https:\/\/kidsplay.lt\/"},{"@type":"ListItem","position":2,"name":"Parduotuv\u0117","item":"https:\/\/kidsplay.lt\/parduotuve\/"},{"@type":"ListItem","position":3,"name":"K-Pop demon\u0173 med\u017eiotoj\u0173 Rumi Mira interaktyvi l\u0117l\u0117"}]},{"@type":"WebSite","@id":"https:\/\/kidsplay.lt\/#website","url":"https:\/\/kidsplay.lt\/","name":"B\u0113rnu sp\u0113les.lv","description":"\u012evairios prek\u0117s vaikams","publisher":{"@id":"https:\/\/kidsplay.lt\/#organization"},"alternateName":"Kidsplay","potentialAction":[{"@type":"SearchAction","target":{"@type":"EntryPoint","urlTemplate":"https:\/\/kidsplay.lt\/?s={search_term_string}"},"query-input":{"@type":"PropertyValueSpecification","valueRequired":true,"valueName":"search_term_string"}}],"inLanguage":"lv-LV"},{"@type":"Organization","@id":"https:\/\/kidsplay.lt\/#organization","name":"B\u0113rnu sp\u0113le","url":"https:\/\/kidsplay.lt\/","logo":{"@type":"ImageObject","inLanguage":"lv-LV","@id":"https:\/\/kidsplay.lt\/#\/schema\/logo\/image\/","url":"https:\/\/kidsplay.lt\/wp-content\/uploads\/2023\/07\/kidsplay-logo.png","contentUrl":"https:\/\/kidsplay.lt\/wp-content\/uploads\/2023\/07\/kidsplay-logo.png","width":451,"height":98,"caption":"KidsPlay"},"image":{"@id":"https:\/\/kidsplay.lt\/#\/schema\/logo\/image\/"},"sameAs":["https:\/\/www.facebook.com\/www.kidsplay.lt"]}]}},"_links":{"self":[{"href":"https:\/\/kidsplay.lt\/lv\/wp-json\/wp\/v2\/product\/82015","targetHints":{"allow":["GET"]}}],"collection":[{"href":"https:\/\/kidsplay.lt\/lv\/wp-json\/wp\/v2\/product"}],"about":[{"href":"https:\/\/kidsplay.lt\/lv\/wp-json\/wp\/v2\/types\/product"}],"version-history":[{"count":1,"href":"https:\/\/kidsplay.lt\/lv\/wp-json\/wp\/v2\/product\/82015\/revisions"}],"predecessor-version":[{"id":82017,"href":"https:\/\/kidsplay.lt\/lv\/wp-json\/wp\/v2\/product\/82015\/revisions\/82017"}],"wp:featuredmedia":[{"embeddable":true,"href":"https:\/\/kidsplay.lt\/lv\/wp-json\/wp\/v2\/media\/82016"}],"wp:attachment":[{"href":"https:\/\/kidsplay.lt\/lv\/wp-json\/wp\/v2\/media?parent=82015"}],"wp:term":[{"taxonomy":"product_brand","embeddable":true,"href":"https:\/\/kidsplay.lt\/lv\/wp-json\/wp\/v2\/product_brand?post=82015"},{"taxonomy":"product_cat","embeddable":true,"href":"https:\/\/kidsplay.lt\/lv\/wp-json\/wp\/v2\/product_cat?post=82015"},{"taxonomy":"product_tag","embeddable":true,"href":"https:\/\/kidsplay.lt\/lv\/wp-json\/wp\/v2\/product_tag?post=82015"}],"curies":[{"name":"wp","href":"https:\/\/api.w.org\/{rel}","templated":true}]}}