{"id":82075,"date":"2025-12-11T08:11:33","date_gmt":"2025-12-11T06:11:33","guid":{"rendered":"https:\/\/kidsplay.lt\/?post_type=product&#038;p=82075"},"modified":"2025-12-11T08:11:33","modified_gmt":"2025-12-11T06:11:33","slug":"jc915-zalias-baterijomis-maitinamas-keturratis","status":"publish","type":"product","link":"https:\/\/kidsplay.lt\/lv\/products\/jc915-zalias-baterijomis-maitinamas-keturratis\/","title":{"rendered":"JC915 \u017ealias baterijomis maitinamas keturratis"},"content":{"rendered":"<h2><span dir=\"auto\">Baterijomis varoma transporto priemon\u0117<\/span><\/h2>\n<ul>\n<li><b><span dir=\"auto\">Kr\u0101sa:<\/span><\/b><span dir=\"auto\">\u00a0\u017ealia<\/span><\/li>\n<li><b><span dir=\"auto\">Modelis:<\/span><\/b><span dir=\"auto\">\u00a0JC915<\/span><\/li>\n<\/ul>\n<h2><span dir=\"auto\">Techniniai duomenys<\/span><\/h2>\n<ul>\n<li><b><span dir=\"auto\">Variklis:<\/span><\/b><span dir=\"auto\">\u00a02x45W<\/span><\/li>\n<li><b><span dir=\"auto\">Akumuliatorius:<\/span><\/b><span dir=\"auto\">\u00a012 V 4,5 Ah<\/span><\/li>\n<li><b><span dir=\"auto\">Greitis:<\/span><\/b><span dir=\"auto\">\u00a02,5\u20133,5 km\/val.<\/span><\/li>\n<li><b><span dir=\"auto\">Transporto priemon\u0117s matmenys:<\/span><\/b><span dir=\"auto\">\u00a088 cm x 46 cm x 51 cm<\/span><\/li>\n<li><b><span dir=\"auto\">Tu\u0161\u010dio svoris:<\/span><\/b><span dir=\"auto\">\u00a09 kg<\/span><\/li>\n<li><b><span dir=\"auto\">Maksimali apkrova:<\/span><\/b><span dir=\"auto\">\u00a025 kg<\/span><\/li>\n<li><b><span dir=\"auto\">\u012ekrovimo laikas:<\/span><\/b><span dir=\"auto\">\u00a08 valandos<\/span><\/li>\n<li><b><span dir=\"auto\">Veiksmo laikas:<\/span><\/b><span dir=\"auto\">\u00a0iki 1 valandos<\/span><\/li>\n<li><b><span dir=\"auto\">Stabd\u017eiai:<\/span><\/b><span dir=\"auto\">\u00a0Automatiniai atleidus akceleratoriaus pedal\u0105<\/span><\/li>\n<\/ul>\n<h2><span dir=\"auto\">\u012eranga<\/span><\/h2>\n<ul>\n<li><b><span dir=\"auto\">Garsas:<\/span><\/b><span dir=\"auto\">\u00a0muzikos skydelis su MP3, USB<\/span><\/li>\n<li><b><span dir=\"auto\">\u017dibintai:<\/span><\/b><span dir=\"auto\">\u00a0Priekiniai LED<\/span><\/li>\n<li><b><span dir=\"auto\">S\u0117dyn\u0117s:<\/span><\/b><span dir=\"auto\">\u00a0plastikin\u0117s<\/span><\/li>\n<li><b><span dir=\"auto\">Ratai:<\/span><\/b><span dir=\"auto\">\u00a0plastikiniai<\/span><\/li>\n<li><b><span dir=\"auto\">Raktai:<\/span><\/b><span dir=\"auto\">\u00a0\u2715<\/span><\/li>\n<li><b><span dir=\"auto\">Produkto ilgis centimetrais:<\/span><\/b><span dir=\"auto\">\u00a083<\/span><\/li>\n<li><b><span dir=\"auto\">Produkto auk\u0161tis centimetrais:<\/span><\/b><span dir=\"auto\">\u00a052<\/span><\/li>\n<li><b><span dir=\"auto\">Gaminio plotis centimetrais:<\/span><\/b><span dir=\"auto\">\u00a029<\/span><\/li>\n<li><b><span dir=\"auto\">T\u016brinis svoris gramais:<\/span><\/b><span dir=\"auto\">\u00a020860,67<\/span><\/li>\n<\/ul>","protected":false},"excerpt":{"rendered":"<p>Baterijomis varoma transporto priemon\u0117 Spalva:\u00a0\u017ealia Modelis:\u00a0JC915 Techniniai duomenys Variklis:\u00a02x45W Akumuliatorius:\u00a012 V 4,5 Ah Greitis:\u00a02,5\u20133,5 km\/val. Transporto priemon\u0117s matmenys:\u00a088 cm x<\/p>","protected":false},"featured_media":82076,"template":"","meta":{"_acf_changed":false,"_glsr_average":0,"_glsr_ranking":0,"_glsr_reviews":0},"product_brand":[],"product_cat":[237,434],"product_tag":[],"class_list":{"0":"post-82075","1":"product","2":"type-product","3":"status-publish","4":"has-post-thumbnail","6":"product_cat-judejimo-priemones","7":"product_cat-keturraciai","8":"\"style=\"background-color: #2ecc711c;\"","10":"first","11":"instock","12":"shipping-taxable","13":"purchasable","14":"product-type-simple"},"acf":[],"yoast_head":"<!-- This site is optimized with the Yoast SEO plugin v27.3 - https:\/\/yoast.com\/product\/yoast-seo-wordpress\/ -->\n<title>JC915 \u017ealias baterijomis maitinamas keturratis - KidsPlay<\/title>\n<meta name=\"description\" content=\"JC915 \u017ealias baterijomis maitinamas keturratis - KidsPlay. Did\u017eiausias vaik\u0173 \u017eaisl\u0173 pasirinkimas.\" \/>\n<meta name=\"robots\" content=\"index, follow, max-snippet:-1, max-image-preview:large, max-video-preview:-1\" \/>\n<link rel=\"canonical\" href=\"https:\/\/kidsplay.lt\/lv\/products\/jc915-zalias-baterijomis-maitinamas-keturratis\/\" \/>\n<meta property=\"og:locale\" content=\"lv_LV\" \/>\n<meta property=\"og:type\" content=\"article\" \/>\n<meta property=\"og:title\" content=\"JC915 \u017ealias baterijomis maitinamas keturratis - KidsPlay\" \/>\n<meta property=\"og:description\" content=\"JC915 \u017ealias baterijomis maitinamas keturratis - KidsPlay. Did\u017eiausias vaik\u0173 \u017eaisl\u0173 pasirinkimas.\" \/>\n<meta property=\"og:url\" content=\"https:\/\/kidsplay.lt\/lv\/products\/jc915-zalias-baterijomis-maitinamas-keturratis\/\" \/>\n<meta property=\"og:site_name\" content=\"KidsPlay\" \/>\n<meta property=\"article:publisher\" content=\"https:\/\/www.facebook.com\/www.kidsplay.lt\" \/>\n<meta property=\"og:image\" content=\"https:\/\/kidsplay.lt\/wp-content\/uploads\/2025\/12\/Screenshot_12.png\" \/>\n\t<meta property=\"og:image:width\" content=\"594\" \/>\n\t<meta property=\"og:image:height\" content=\"641\" \/>\n\t<meta property=\"og:image:type\" content=\"image\/png\" \/>\n<meta name=\"twitter:card\" content=\"summary_large_image\" \/>\n<meta name=\"twitter:label1\" content=\"Est. reading time\" \/>\n\t<meta name=\"twitter:data1\" content=\"1 min\u016bte\" \/>\n<script type=\"application\/ld+json\" class=\"yoast-schema-graph\">{\"@context\":\"https:\\\/\\\/schema.org\",\"@graph\":[{\"@type\":\"WebPage\",\"@id\":\"https:\\\/\\\/kidsplay.lt\\\/produktas\\\/jc915-zalias-baterijomis-maitinamas-keturratis\\\/\",\"url\":\"https:\\\/\\\/kidsplay.lt\\\/produktas\\\/jc915-zalias-baterijomis-maitinamas-keturratis\\\/\",\"name\":\"JC915 \u017ealias baterijomis maitinamas keturratis - KidsPlay\",\"isPartOf\":{\"@id\":\"https:\\\/\\\/kidsplay.lt\\\/#website\"},\"primaryImageOfPage\":{\"@id\":\"https:\\\/\\\/kidsplay.lt\\\/produktas\\\/jc915-zalias-baterijomis-maitinamas-keturratis\\\/#primaryimage\"},\"image\":{\"@id\":\"https:\\\/\\\/kidsplay.lt\\\/produktas\\\/jc915-zalias-baterijomis-maitinamas-keturratis\\\/#primaryimage\"},\"thumbnailUrl\":\"https:\\\/\\\/kidsplay.lt\\\/wp-content\\\/uploads\\\/2025\\\/12\\\/Screenshot_12.png\",\"datePublished\":\"2025-12-11T06:11:33+00:00\",\"description\":\"JC915 \u017ealias baterijomis maitinamas keturratis - KidsPlay. Did\u017eiausias vaik\u0173 \u017eaisl\u0173 pasirinkimas.\",\"breadcrumb\":{\"@id\":\"https:\\\/\\\/kidsplay.lt\\\/produktas\\\/jc915-zalias-baterijomis-maitinamas-keturratis\\\/#breadcrumb\"},\"inLanguage\":\"lv-LV\",\"potentialAction\":[{\"@type\":\"ReadAction\",\"target\":[\"https:\\\/\\\/kidsplay.lt\\\/produktas\\\/jc915-zalias-baterijomis-maitinamas-keturratis\\\/\"]}]},{\"@type\":\"ImageObject\",\"inLanguage\":\"lv-LV\",\"@id\":\"https:\\\/\\\/kidsplay.lt\\\/produktas\\\/jc915-zalias-baterijomis-maitinamas-keturratis\\\/#primaryimage\",\"url\":\"https:\\\/\\\/kidsplay.lt\\\/wp-content\\\/uploads\\\/2025\\\/12\\\/Screenshot_12.png\",\"contentUrl\":\"https:\\\/\\\/kidsplay.lt\\\/wp-content\\\/uploads\\\/2025\\\/12\\\/Screenshot_12.png\",\"width\":594,\"height\":641},{\"@type\":\"BreadcrumbList\",\"@id\":\"https:\\\/\\\/kidsplay.lt\\\/produktas\\\/jc915-zalias-baterijomis-maitinamas-keturratis\\\/#breadcrumb\",\"itemListElement\":[{\"@type\":\"ListItem\",\"position\":1,\"name\":\"Pagrindinis\",\"item\":\"https:\\\/\\\/kidsplay.lt\\\/\"},{\"@type\":\"ListItem\",\"position\":2,\"name\":\"Parduotuv\u0117\",\"item\":\"https:\\\/\\\/kidsplay.lt\\\/parduotuve\\\/\"},{\"@type\":\"ListItem\",\"position\":3,\"name\":\"JC915 \u017ealias baterijomis maitinamas keturratis\"}]},{\"@type\":\"WebSite\",\"@id\":\"https:\\\/\\\/kidsplay.lt\\\/#website\",\"url\":\"https:\\\/\\\/kidsplay.lt\\\/\",\"name\":\"Kidsplay.lt\",\"description\":\"\u012evairios prek\u0117s vaikams\",\"publisher\":{\"@id\":\"https:\\\/\\\/kidsplay.lt\\\/#organization\"},\"alternateName\":\"Kidsplay\",\"potentialAction\":[{\"@type\":\"SearchAction\",\"target\":{\"@type\":\"EntryPoint\",\"urlTemplate\":\"https:\\\/\\\/kidsplay.lt\\\/?s={search_term_string}\"},\"query-input\":{\"@type\":\"PropertyValueSpecification\",\"valueRequired\":true,\"valueName\":\"search_term_string\"}}],\"inLanguage\":\"lv-LV\"},{\"@type\":\"Organization\",\"@id\":\"https:\\\/\\\/kidsplay.lt\\\/#organization\",\"name\":\"KidsPlay\",\"url\":\"https:\\\/\\\/kidsplay.lt\\\/\",\"logo\":{\"@type\":\"ImageObject\",\"inLanguage\":\"lv-LV\",\"@id\":\"https:\\\/\\\/kidsplay.lt\\\/#\\\/schema\\\/logo\\\/image\\\/\",\"url\":\"https:\\\/\\\/kidsplay.lt\\\/wp-content\\\/uploads\\\/2023\\\/07\\\/kidsplay-logo.png\",\"contentUrl\":\"https:\\\/\\\/kidsplay.lt\\\/wp-content\\\/uploads\\\/2023\\\/07\\\/kidsplay-logo.png\",\"width\":451,\"height\":98,\"caption\":\"KidsPlay\"},\"image\":{\"@id\":\"https:\\\/\\\/kidsplay.lt\\\/#\\\/schema\\\/logo\\\/image\\\/\"},\"sameAs\":[\"https:\\\/\\\/www.facebook.com\\\/www.kidsplay.lt\"]}]}<\/script>\n<!-- \/ Yoast SEO plugin. -->","yoast_head_json":{"title":"JC915 \u017ealias baterijomis maitinamas keturratis - KidsPlay","description":"JC915 \u017ealias baterijomis maitinamas keturratis - KidsPlay. Did\u017eiausias vaik\u0173 \u017eaisl\u0173 pasirinkimas.","robots":{"index":"index","follow":"follow","max-snippet":"max-snippet:-1","max-image-preview":"max-image-preview:large","max-video-preview":"max-video-preview:-1"},"canonical":"https:\/\/kidsplay.lt\/lv\/products\/jc915-zalias-baterijomis-maitinamas-keturratis\/","og_locale":"lv_LV","og_type":"article","og_title":"JC915 \u017ealias baterijomis maitinamas keturratis - KidsPlay","og_description":"JC915 \u017ealias baterijomis maitinamas keturratis - KidsPlay. Did\u017eiausias vaik\u0173 \u017eaisl\u0173 pasirinkimas.","og_url":"https:\/\/kidsplay.lt\/lv\/products\/jc915-zalias-baterijomis-maitinamas-keturratis\/","og_site_name":"KidsPlay","article_publisher":"https:\/\/www.facebook.com\/www.kidsplay.lt","og_image":[{"width":594,"height":641,"url":"https:\/\/kidsplay.lt\/wp-content\/uploads\/2025\/12\/Screenshot_12.png","type":"image\/png"}],"twitter_card":"summary_large_image","twitter_misc":{"Est. reading time":"1 min\u016bte"},"schema":{"@context":"https:\/\/schema.org","@graph":[{"@type":"WebPage","@id":"https:\/\/kidsplay.lt\/produktas\/jc915-zalias-baterijomis-maitinamas-keturratis\/","url":"https:\/\/kidsplay.lt\/produktas\/jc915-zalias-baterijomis-maitinamas-keturratis\/","name":"JC915 \u017ealias baterijomis maitinamas keturratis - KidsPlay","isPartOf":{"@id":"https:\/\/kidsplay.lt\/#website"},"primaryImageOfPage":{"@id":"https:\/\/kidsplay.lt\/produktas\/jc915-zalias-baterijomis-maitinamas-keturratis\/#primaryimage"},"image":{"@id":"https:\/\/kidsplay.lt\/produktas\/jc915-zalias-baterijomis-maitinamas-keturratis\/#primaryimage"},"thumbnailUrl":"https:\/\/kidsplay.lt\/wp-content\/uploads\/2025\/12\/Screenshot_12.png","datePublished":"2025-12-11T06:11:33+00:00","description":"JC915 \u017ealias baterijomis maitinamas keturratis - KidsPlay. Did\u017eiausias vaik\u0173 \u017eaisl\u0173 pasirinkimas.","breadcrumb":{"@id":"https:\/\/kidsplay.lt\/produktas\/jc915-zalias-baterijomis-maitinamas-keturratis\/#breadcrumb"},"inLanguage":"lv-LV","potentialAction":[{"@type":"ReadAction","target":["https:\/\/kidsplay.lt\/produktas\/jc915-zalias-baterijomis-maitinamas-keturratis\/"]}]},{"@type":"ImageObject","inLanguage":"lv-LV","@id":"https:\/\/kidsplay.lt\/produktas\/jc915-zalias-baterijomis-maitinamas-keturratis\/#primaryimage","url":"https:\/\/kidsplay.lt\/wp-content\/uploads\/2025\/12\/Screenshot_12.png","contentUrl":"https:\/\/kidsplay.lt\/wp-content\/uploads\/2025\/12\/Screenshot_12.png","width":594,"height":641},{"@type":"BreadcrumbList","@id":"https:\/\/kidsplay.lt\/produktas\/jc915-zalias-baterijomis-maitinamas-keturratis\/#breadcrumb","itemListElement":[{"@type":"ListItem","position":1,"name":"Pagrindinis","item":"https:\/\/kidsplay.lt\/"},{"@type":"ListItem","position":2,"name":"Parduotuv\u0117","item":"https:\/\/kidsplay.lt\/parduotuve\/"},{"@type":"ListItem","position":3,"name":"JC915 \u017ealias baterijomis maitinamas keturratis"}]},{"@type":"WebSite","@id":"https:\/\/kidsplay.lt\/#website","url":"https:\/\/kidsplay.lt\/","name":"B\u0113rnu sp\u0113les.lv","description":"\u012evairios prek\u0117s vaikams","publisher":{"@id":"https:\/\/kidsplay.lt\/#organization"},"alternateName":"Kidsplay","potentialAction":[{"@type":"SearchAction","target":{"@type":"EntryPoint","urlTemplate":"https:\/\/kidsplay.lt\/?s={search_term_string}"},"query-input":{"@type":"PropertyValueSpecification","valueRequired":true,"valueName":"search_term_string"}}],"inLanguage":"lv-LV"},{"@type":"Organization","@id":"https:\/\/kidsplay.lt\/#organization","name":"B\u0113rnu sp\u0113le","url":"https:\/\/kidsplay.lt\/","logo":{"@type":"ImageObject","inLanguage":"lv-LV","@id":"https:\/\/kidsplay.lt\/#\/schema\/logo\/image\/","url":"https:\/\/kidsplay.lt\/wp-content\/uploads\/2023\/07\/kidsplay-logo.png","contentUrl":"https:\/\/kidsplay.lt\/wp-content\/uploads\/2023\/07\/kidsplay-logo.png","width":451,"height":98,"caption":"KidsPlay"},"image":{"@id":"https:\/\/kidsplay.lt\/#\/schema\/logo\/image\/"},"sameAs":["https:\/\/www.facebook.com\/www.kidsplay.lt"]}]}},"_links":{"self":[{"href":"https:\/\/kidsplay.lt\/lv\/wp-json\/wp\/v2\/product\/82075","targetHints":{"allow":["GET"]}}],"collection":[{"href":"https:\/\/kidsplay.lt\/lv\/wp-json\/wp\/v2\/product"}],"about":[{"href":"https:\/\/kidsplay.lt\/lv\/wp-json\/wp\/v2\/types\/product"}],"version-history":[{"count":2,"href":"https:\/\/kidsplay.lt\/lv\/wp-json\/wp\/v2\/product\/82075\/revisions"}],"predecessor-version":[{"id":82082,"href":"https:\/\/kidsplay.lt\/lv\/wp-json\/wp\/v2\/product\/82075\/revisions\/82082"}],"wp:featuredmedia":[{"embeddable":true,"href":"https:\/\/kidsplay.lt\/lv\/wp-json\/wp\/v2\/media\/82076"}],"wp:attachment":[{"href":"https:\/\/kidsplay.lt\/lv\/wp-json\/wp\/v2\/media?parent=82075"}],"wp:term":[{"taxonomy":"product_brand","embeddable":true,"href":"https:\/\/kidsplay.lt\/lv\/wp-json\/wp\/v2\/product_brand?post=82075"},{"taxonomy":"product_cat","embeddable":true,"href":"https:\/\/kidsplay.lt\/lv\/wp-json\/wp\/v2\/product_cat?post=82075"},{"taxonomy":"product_tag","embeddable":true,"href":"https:\/\/kidsplay.lt\/lv\/wp-json\/wp\/v2\/product_tag?post=82075"}],"curies":[{"name":"wp","href":"https:\/\/api.w.org\/{rel}","templated":true}]}}