{"id":82236,"date":"2025-12-11T21:50:21","date_gmt":"2025-12-11T19:50:21","guid":{"rendered":"https:\/\/kidsplay.lt\/?post_type=product&#038;p=82236"},"modified":"2025-12-11T21:50:21","modified_gmt":"2025-12-11T19:50:21","slug":"kurybinis-meninis-rinkinys-sukurkite-sedevra-savo-rankomis","status":"publish","type":"product","link":"https:\/\/kidsplay.lt\/lv\/products\/kurybinis-meninis-rinkinys-sukurkite-sedevra-savo-rankomis\/","title":{"rendered":"K\u016brybinis meninis rinkinys \u2013 sukurkite \u0161edevr\u0105 savo rankomis"},"content":{"rendered":"<div class=\"mpof_ki myre_zn myre_8v_l m389_6m_l\">\n<div class=\"mp4t_16_s mryx_16_s mr3m_1 mli2_1 mh85_56 mh85_0_l\">\n<div class=\"mgn2_16 _0d3bd_am0a-\">\n<h2><span dir=\"auto\">K\u016brybinis rinkinys \u0161edevrui sukurti savo rankomis<\/span><\/h2>\n<h1><span dir=\"auto\">\u017dvaig\u017ed\u0117ta naktis<\/span><\/h1>\n<p><span dir=\"auto\">K\u016brybinis rinkinys\u00a0\u00a0<\/span><b><span dir=\"auto\">paveikslui \u201e\u017dVAIG\u017dD\u0116TA NAKTIS\u201c sukurti<\/span><\/b><span dir=\"auto\">\u00a0\u00a0. K\u016brimo procesas apima molio formavim\u0105, mai\u0161ym\u0105 ir klijavim\u0105 prie specialios drob\u0117s, kuri yra pakuot\u0117je. \u0160ablonas palengvina duotojo fragmento atk\u016brim\u0105. Paveiksl\u0105 taip pat galima sukurti be \u0161ablono. Papildomas, kont\u016brinis \u012frankis padeda prid\u0117ti detali\u0173. Visi\u0161kai sud\u017ei\u016bvus (ma\u017edaug po 48 valand\u0173), k\u016brin\u012f galite pakabinti ant sienos.<\/span><\/p>\n<p><span dir=\"auto\">Sud\u0117tingumo lygis: 4\/5<\/span><\/p>\n<p><b><span dir=\"auto\">Rinkinyje yra QR kodas su vaizdo pamoka ir akrilinis lakas su teptuku \u0161edevrui pritvirtinti.<\/span><\/b><\/p>\n<p><span dir=\"auto\">\u017daislo funkcijos:\u00a0<\/span><b><span dir=\"auto\">\u00a0atpalaiduoja, gali b\u016bti antistresin\u0117s terapijos forma<\/span><\/b><span dir=\"auto\">\u00a0.<\/span><\/p>\n<p><span dir=\"auto\">Paveikslo matmenys: 30&#215;40 cm<\/span><\/p>\n<p><span dir=\"auto\">Pakuot\u0117s matmenys: 42 x 4,5 x 30,5 cm<\/span><\/p>\n<p><b><span dir=\"auto\">Am\u017eius: 3+<\/span><\/b><\/p>\n<\/div>\n<\/div>\n<div class=\"mp4t_16_s mryx_16_s mr3m_1 mli2_1 mh85_56 mh85_0_l\">\n<div class=\"mg9e_8 mj7a_8 mg9e_0_s mvrt_0_s mj7a_0_s mh36_0_s mzmg_6m munh_16_l m3h2_16_l\">\n<div class=\"mp4t_0 mryx_0 munh_56 m3h2_56\">\n<div class=\"mp7g_oh\"><button class=\"mg9e_0 mvrt_0 mj7a_0 mh36_0 mp4t_0 m3h2_0 mryx_0 munh_0 mqen_m6 mpof_z0 mx7m_0 m7er_k4 mse2_k4 msts_pt\" data-analytics-interaction=\"true\" data-analytics-interaction-label=\"zoomable-image-open\" aria-disabled=\"true\"><img decoding=\"async\" class=\"msub_k4 mupj_5k mjru_k4 mse2_k4 mp7g_f6 mq1m_0 mj7u_0 m7er_k4 mqen_m6 m31c_d8 m0ux_fp lazyloaded\" src=\"https:\/\/a.allegroimg.com\/original\/112caa\/a5e3e3ec485b89305214846c22d4\/Zestaw-Kreatywny-Artystyczny-tworzenie-arcydziela-dlonia-piankolina-OKTO\" sizes=\"(min-width: 1200px) 560px, (min-width: 992px) 50vw, 100vw\" srcset=\"https:\/\/a.allegroimg.com\/s360\/112caa\/a5e3e3ec485b89305214846c22d4\/Zestaw-Kreatywny-Artystyczny-tworzenie-arcydziela-dlonia-piankolina-OKTO 360w,https:\/\/a.allegroimg.com\/s720\/112caa\/a5e3e3ec485b89305214846c22d4\/Zestaw-Kreatywny-Artystyczny-tworzenie-arcydziela-dlonia-piankolina-OKTO 720w,https:\/\/a.allegroimg.com\/s1024\/112caa\/a5e3e3ec485b89305214846c22d4\/Zestaw-Kreatywny-Artystyczny-tworzenie-arcydziela-dlonia-piankolina-OKTO 1024w,https:\/\/a.allegroimg.com\/s1440\/112caa\/a5e3e3ec485b89305214846c22d4\/Zestaw-Kreatywny-Artystyczny-tworzenie-arcydziela-dlonia-piankolina-OKTO 1440w,https:\/\/a.allegroimg.com\/original\/112caa\/a5e3e3ec485b89305214846c22d4\/Zestaw-Kreatywny-Artystyczny-tworzenie-arcydziela-dlonia-piankolina-OKTO 2000w\" alt=\"K\u016brybinis meninis rinkinys \u2013 sukurkite \u0161edevr\u0105 savo rankomis OKTO pianino molis\" width=\"2000px\" data-srcset=\"\" \/><\/button><\/div>\n<\/div>\n<\/div>\n<\/div>\n<\/div>\n<div class=\"mpof_ki myre_zn myre_8v_l m389_6m_l\">\n<div class=\"mp4t_16_s mryx_16_s mr3m_1 mli2_1 mh85_56 mh85_0_l\">\n<div class=\"mg9e_8 mj7a_8 mg9e_0_s mvrt_0_s mj7a_0_s mh36_0_s mzmg_6m munh_16_l m3h2_16_l\">\n<div class=\"mp4t_0 mryx_0 munh_56 m3h2_56\">\n<div class=\"mp7g_oh\"><button class=\"mg9e_0 mvrt_0 mj7a_0 mh36_0 mp4t_0 m3h2_0 mryx_0 munh_0 mqen_m6 mpof_z0 mx7m_0 m7er_k4 mse2_k4 msts_pt\" data-analytics-interaction=\"true\" data-analytics-interaction-label=\"zoomable-image-open\" aria-disabled=\"true\"><img decoding=\"async\" class=\"msub_k4 mupj_5k mjru_k4 mse2_k4 mp7g_f6 mq1m_0 mj7u_0 m7er_k4 mqen_m6 m31c_d8 m0ux_fp lazyloaded\" src=\"https:\/\/a.allegroimg.com\/original\/11ddf4\/85d727ef48f68e186bad3c9ee645\/Zestaw-Kreatywny-Artystyczny-tworzenie-arcydziela-dlonia-piankolina-OKTO-Kod-producenta-10005\" sizes=\"100vw\" srcset=\"https:\/\/a.allegroimg.com\/s360\/11ddf4\/85d727ef48f68e186bad3c9ee645\/Zestaw-Kreatywny-Artystyczny-tworzenie-arcydziela-dlonia-piankolina-OKTO-Kod-producenta-10005 360w,https:\/\/a.allegroimg.com\/s720\/11ddf4\/85d727ef48f68e186bad3c9ee645\/Zestaw-Kreatywny-Artystyczny-tworzenie-arcydziela-dlonia-piankolina-OKTO-Kod-producenta-10005 720w,https:\/\/a.allegroimg.com\/s1024\/11ddf4\/85d727ef48f68e186bad3c9ee645\/Zestaw-Kreatywny-Artystyczny-tworzenie-arcydziela-dlonia-piankolina-OKTO-Kod-producenta-10005 1024w,https:\/\/a.allegroimg.com\/s1440\/11ddf4\/85d727ef48f68e186bad3c9ee645\/Zestaw-Kreatywny-Artystyczny-tworzenie-arcydziela-dlonia-piankolina-OKTO-Kod-producenta-10005 1440w,https:\/\/a.allegroimg.com\/original\/11ddf4\/85d727ef48f68e186bad3c9ee645\/Zestaw-Kreatywny-Artystyczny-tworzenie-arcydziela-dlonia-piankolina-OKTO-Kod-producenta-10005 2000w\" alt=\"K\u016brybinis meninis rinkinys \u2013 sukurkite \u0161edevr\u0105 savo rankomis OKTO putplas\u010dio molis. Gamintojo kodas 10005.\" width=\"2000px\" data-srcset=\"\" \/><\/button><\/div>\n<\/div>\n<\/div>\n<\/div>\n<\/div>\n<div class=\"mpof_ki myre_zn myre_8v_l m389_6m_l\">\n<div class=\"mp4t_16_s mryx_16_s mr3m_1 mli2_1 mh85_56 mh85_0_l\">\n<div class=\"mgn2_16 _0d3bd_am0a-\">\n<h1><span dir=\"auto\">RINKINYS, IDEALIAI TINKAntis DOVANA MA\u017dAJAM MENININKUI<\/span><\/h1>\n<\/div>\n<\/div>\n<\/div>\n<div class=\"mpof_ki myre_zn myre_8v_l m389_6m_l\">\n<div class=\"mp4t_16_s mryx_16_s mr3m_1 mli2_1 mh85_56 mh85_0_l\">\n<div class=\"mg9e_8 mj7a_8 mg9e_0_s mvrt_0_s mj7a_0_s mh36_0_s mzmg_6m munh_16_l m3h2_16_l\">\n<div class=\"mp4t_0 mryx_0 munh_56 m3h2_56\">\n<div class=\"mp7g_oh\"><button class=\"mg9e_0 mvrt_0 mj7a_0 mh36_0 mp4t_0 m3h2_0 mryx_0 munh_0 mqen_m6 mpof_z0 mx7m_0 m7er_k4 mse2_k4 msts_pt\" data-analytics-interaction=\"true\" data-analytics-interaction-label=\"zoomable-image-open\" aria-disabled=\"true\"><img decoding=\"async\" class=\"msub_k4 mupj_5k mjru_k4 mse2_k4 mp7g_f6 mq1m_0 mj7u_0 m7er_k4 mqen_m6 m31c_d8 m0ux_fp lazyloaded\" src=\"https:\/\/a.allegroimg.com\/original\/11eae5\/53c5aa394996b0078001082b64dd\/Zestaw-Kreatywny-Artystyczny-tworzenie-arcydziela-dlonia-piankolina-OKTO-EAN-GTIN-4820199475375\" sizes=\"100vw\" srcset=\"https:\/\/a.allegroimg.com\/s360\/11eae5\/53c5aa394996b0078001082b64dd\/Zestaw-Kreatywny-Artystyczny-tworzenie-arcydziela-dlonia-piankolina-OKTO-EAN-GTIN-4820199475375 360w,https:\/\/a.allegroimg.com\/s720\/11eae5\/53c5aa394996b0078001082b64dd\/Zestaw-Kreatywny-Artystyczny-tworzenie-arcydziela-dlonia-piankolina-OKTO-EAN-GTIN-4820199475375 720w,https:\/\/a.allegroimg.com\/s1024\/11eae5\/53c5aa394996b0078001082b64dd\/Zestaw-Kreatywny-Artystyczny-tworzenie-arcydziela-dlonia-piankolina-OKTO-EAN-GTIN-4820199475375 1024w,https:\/\/a.allegroimg.com\/s1440\/11eae5\/53c5aa394996b0078001082b64dd\/Zestaw-Kreatywny-Artystyczny-tworzenie-arcydziela-dlonia-piankolina-OKTO-EAN-GTIN-4820199475375 1440w,https:\/\/a.allegroimg.com\/original\/11eae5\/53c5aa394996b0078001082b64dd\/Zestaw-Kreatywny-Artystyczny-tworzenie-arcydziela-dlonia-piankolina-OKTO-EAN-GTIN-4820199475375 2000w\" alt=\"K\u016brybinis meninis rinkinys \u2013 sukurkite \u0161edevr\u0105 savo rankomis, OKTO putplas\u010dio EAN (GTIN) 4820199475375\" width=\"2000px\" data-srcset=\"\" \/><\/button><\/div>\n<\/div>\n<\/div>\n<\/div>\n<\/div>\n<div class=\"mpof_ki myre_zn myre_8v_l m389_6m_l\">\n<div class=\"mp4t_16_s mryx_16_s mr3m_1 mli2_1 mh85_56 mh85_0_l\">\n<div class=\"mg9e_8 mj7a_8 mg9e_0_s mvrt_0_s mj7a_0_s mh36_0_s mzmg_6m munh_16_l m3h2_16_l\">\n<div class=\"mp4t_0 mryx_0 munh_56 m3h2_56\">\n<div class=\"mp7g_oh\"><button class=\"mg9e_0 mvrt_0 mj7a_0 mh36_0 mp4t_0 m3h2_0 mryx_0 munh_0 mqen_m6 mpof_z0 mx7m_0 m7er_k4 mse2_k4 msts_pt\" data-analytics-interaction=\"true\" data-analytics-interaction-label=\"zoomable-image-open\" aria-disabled=\"true\"><img decoding=\"async\" class=\"msub_k4 mupj_5k mjru_k4 mse2_k4 mp7g_f6 mq1m_0 mj7u_0 m7er_k4 mqen_m6 m31c_d8 m0ux_fp lazyloaded\" src=\"https:\/\/a.allegroimg.com\/original\/11d667\/8bed666a4c4589f1e1454b0477cb\/Zestaw-Kreatywny-Artystyczny-tworzenie-arcydziela-dlonia-piankolina-OKTO-Minimalny-wiek-dziecka-0\" sizes=\"100vw\" srcset=\"https:\/\/a.allegroimg.com\/s360\/11d667\/8bed666a4c4589f1e1454b0477cb\/Zestaw-Kreatywny-Artystyczny-tworzenie-arcydziela-dlonia-piankolina-OKTO-Minimalny-wiek-dziecka-0 360w,https:\/\/a.allegroimg.com\/s720\/11d667\/8bed666a4c4589f1e1454b0477cb\/Zestaw-Kreatywny-Artystyczny-tworzenie-arcydziela-dlonia-piankolina-OKTO-Minimalny-wiek-dziecka-0 720w,https:\/\/a.allegroimg.com\/s1024\/11d667\/8bed666a4c4589f1e1454b0477cb\/Zestaw-Kreatywny-Artystyczny-tworzenie-arcydziela-dlonia-piankolina-OKTO-Minimalny-wiek-dziecka-0 1024w,https:\/\/a.allegroimg.com\/s1440\/11d667\/8bed666a4c4589f1e1454b0477cb\/Zestaw-Kreatywny-Artystyczny-tworzenie-arcydziela-dlonia-piankolina-OKTO-Minimalny-wiek-dziecka-0 1440w,https:\/\/a.allegroimg.com\/original\/11d667\/8bed666a4c4589f1e1454b0477cb\/Zestaw-Kreatywny-Artystyczny-tworzenie-arcydziela-dlonia-piankolina-OKTO-Minimalny-wiek-dziecka-0 2000w\" alt=\"K\u016brybinis rinkinys \u0161edevrui sukurti savo rankomis i\u0161 OKTO putplas\u010dio molio. Minimalus vaiko am\u017eius \u2013 0\" width=\"2000px\" data-srcset=\"\" \/><\/button><\/div>\n<\/div>\n<\/div>\n<\/div>\n<\/div>\n<div class=\"mpof_ki myre_zn myre_8v_l m389_6m_l\">\n<div class=\"mp4t_16_s mryx_16_s mr3m_1 mli2_1 mh85_56 mh85_0_l\">\n<div class=\"mg9e_8 mj7a_8 mg9e_0_s mvrt_0_s mj7a_0_s mh36_0_s mzmg_6m munh_16_l m3h2_16_l\">\n<div class=\"mp4t_0 mryx_0 munh_56 m3h2_56\">\n<div class=\"mp7g_oh\"><button class=\"mg9e_0 mvrt_0 mj7a_0 mh36_0 mp4t_0 m3h2_0 mryx_0 munh_0 mqen_m6 mpof_z0 mx7m_0 m7er_k4 mse2_k4 msts_pt\" data-analytics-interaction=\"true\" data-analytics-interaction-label=\"zoomable-image-open\" aria-disabled=\"true\"><img decoding=\"async\" class=\"msub_k4 mupj_5k mjru_k4 mse2_k4 mp7g_f6 mq1m_0 mj7u_0 m7er_k4 mqen_m6 m31c_d8 m0ux_fp lazyloaded\" src=\"https:\/\/a.allegroimg.com\/original\/11e0cf\/1d56cb134ac5839e28700799888b\/Zestaw-Kreatywny-Artystyczny-tworzenie-arcydziela-dlonia-piankolina-OKTO-Rodzaj-malowanki\" sizes=\"100vw\" srcset=\"https:\/\/a.allegroimg.com\/s360\/11e0cf\/1d56cb134ac5839e28700799888b\/Zestaw-Kreatywny-Artystyczny-tworzenie-arcydziela-dlonia-piankolina-OKTO-Rodzaj-malowanki 360w,https:\/\/a.allegroimg.com\/s720\/11e0cf\/1d56cb134ac5839e28700799888b\/Zestaw-Kreatywny-Artystyczny-tworzenie-arcydziela-dlonia-piankolina-OKTO-Rodzaj-malowanki 720w,https:\/\/a.allegroimg.com\/s1024\/11e0cf\/1d56cb134ac5839e28700799888b\/Zestaw-Kreatywny-Artystyczny-tworzenie-arcydziela-dlonia-piankolina-OKTO-Rodzaj-malowanki 1024w,https:\/\/a.allegroimg.com\/s1440\/11e0cf\/1d56cb134ac5839e28700799888b\/Zestaw-Kreatywny-Artystyczny-tworzenie-arcydziela-dlonia-piankolina-OKTO-Rodzaj-malowanki 1440w,https:\/\/a.allegroimg.com\/original\/11e0cf\/1d56cb134ac5839e28700799888b\/Zestaw-Kreatywny-Artystyczny-tworzenie-arcydziela-dlonia-piankolina-OKTO-Rodzaj-malowanki 2000w\" alt=\"K\u016brybinis meninis rinkinys \u2013 \u0161edevro k\u016brimas savo rankomis OKTO pianino molio paveikslas\" width=\"2000px\" data-srcset=\"\" \/><\/button><\/div>\n<\/div>\n<\/div>\n<\/div>\n<\/div>","protected":false},"excerpt":{"rendered":"<p>K\u016brybinis rinkinys \u0161edevrui sukurti savo rankomis \u017dvaig\u017ed\u0117ta naktis K\u016brybinis rinkinys\u00a0\u00a0paveikslui \u201e\u017dVAIG\u017dD\u0116TA NAKTIS\u201c sukurti\u00a0\u00a0. K\u016brimo procesas apima molio formavim\u0105, mai\u0161ym\u0105 ir<\/p>","protected":false},"featured_media":82237,"template":"","meta":{"_acf_changed":false,"_glsr_average":0,"_glsr_ranking":0,"_glsr_reviews":0},"product_brand":[],"product_cat":[810,229],"product_tag":[],"class_list":{"0":"post-82236","1":"product","2":"type-product","3":"status-publish","4":"has-post-thumbnail","6":"product_cat-kurybiniai-rinkiniai","7":"product_cat-zaislai-vaikams","8":"\"style=\"background-color: #2ecc711c;\"","10":"first","11":"instock","12":"shipping-taxable","13":"purchasable","14":"product-type-simple"},"acf":[],"yoast_head":"<!-- This site is optimized with the Yoast SEO plugin v27.3 - https:\/\/yoast.com\/product\/yoast-seo-wordpress\/ -->\n<title>K\u016brybinis meninis rinkinys \u2013 sukurkite \u0161edevr\u0105 savo rankomis - KidsPlay<\/title>\n<meta name=\"description\" content=\"K\u016brybinis meninis rinkinys \u2013 sukurkite \u0161edevr\u0105 savo rankomis - KidsPlay. Did\u017eiausias vaik\u0173 \u017eaisl\u0173 pasirinkimas.\" \/>\n<meta name=\"robots\" content=\"index, follow, max-snippet:-1, max-image-preview:large, max-video-preview:-1\" \/>\n<link rel=\"canonical\" href=\"https:\/\/kidsplay.lt\/lv\/products\/kurybinis-meninis-rinkinys-sukurkite-sedevra-savo-rankomis\/\" \/>\n<meta property=\"og:locale\" content=\"lv_LV\" \/>\n<meta property=\"og:type\" content=\"article\" \/>\n<meta property=\"og:title\" content=\"K\u016brybinis meninis rinkinys \u2013 sukurkite \u0161edevr\u0105 savo rankomis - KidsPlay\" \/>\n<meta property=\"og:description\" content=\"K\u016brybinis meninis rinkinys \u2013 sukurkite \u0161edevr\u0105 savo rankomis - KidsPlay. Did\u017eiausias vaik\u0173 \u017eaisl\u0173 pasirinkimas.\" \/>\n<meta property=\"og:url\" content=\"https:\/\/kidsplay.lt\/lv\/products\/kurybinis-meninis-rinkinys-sukurkite-sedevra-savo-rankomis\/\" \/>\n<meta property=\"og:site_name\" content=\"KidsPlay\" \/>\n<meta property=\"article:publisher\" content=\"https:\/\/www.facebook.com\/www.kidsplay.lt\" \/>\n<meta property=\"og:image\" content=\"https:\/\/kidsplay.lt\/wp-content\/uploads\/2025\/12\/Screenshot_21.png\" \/>\n\t<meta property=\"og:image:width\" content=\"553\" \/>\n\t<meta property=\"og:image:height\" content=\"498\" \/>\n\t<meta property=\"og:image:type\" content=\"image\/png\" \/>\n<meta name=\"twitter:card\" content=\"summary_large_image\" \/>\n<meta name=\"twitter:label1\" content=\"Est. reading time\" \/>\n\t<meta name=\"twitter:data1\" content=\"2 min\u016btes\" \/>\n<script type=\"application\/ld+json\" class=\"yoast-schema-graph\">{\"@context\":\"https:\\\/\\\/schema.org\",\"@graph\":[{\"@type\":\"WebPage\",\"@id\":\"https:\\\/\\\/kidsplay.lt\\\/produktas\\\/kurybinis-meninis-rinkinys-sukurkite-sedevra-savo-rankomis\\\/\",\"url\":\"https:\\\/\\\/kidsplay.lt\\\/produktas\\\/kurybinis-meninis-rinkinys-sukurkite-sedevra-savo-rankomis\\\/\",\"name\":\"K\u016brybinis meninis rinkinys \u2013 sukurkite \u0161edevr\u0105 savo rankomis - KidsPlay\",\"isPartOf\":{\"@id\":\"https:\\\/\\\/kidsplay.lt\\\/#website\"},\"primaryImageOfPage\":{\"@id\":\"https:\\\/\\\/kidsplay.lt\\\/produktas\\\/kurybinis-meninis-rinkinys-sukurkite-sedevra-savo-rankomis\\\/#primaryimage\"},\"image\":{\"@id\":\"https:\\\/\\\/kidsplay.lt\\\/produktas\\\/kurybinis-meninis-rinkinys-sukurkite-sedevra-savo-rankomis\\\/#primaryimage\"},\"thumbnailUrl\":\"https:\\\/\\\/kidsplay.lt\\\/wp-content\\\/uploads\\\/2025\\\/12\\\/Screenshot_21.png\",\"datePublished\":\"2025-12-11T19:50:21+00:00\",\"description\":\"K\u016brybinis meninis rinkinys \u2013 sukurkite \u0161edevr\u0105 savo rankomis - KidsPlay. Did\u017eiausias vaik\u0173 \u017eaisl\u0173 pasirinkimas.\",\"breadcrumb\":{\"@id\":\"https:\\\/\\\/kidsplay.lt\\\/produktas\\\/kurybinis-meninis-rinkinys-sukurkite-sedevra-savo-rankomis\\\/#breadcrumb\"},\"inLanguage\":\"lv-LV\",\"potentialAction\":[{\"@type\":\"ReadAction\",\"target\":[\"https:\\\/\\\/kidsplay.lt\\\/produktas\\\/kurybinis-meninis-rinkinys-sukurkite-sedevra-savo-rankomis\\\/\"]}]},{\"@type\":\"ImageObject\",\"inLanguage\":\"lv-LV\",\"@id\":\"https:\\\/\\\/kidsplay.lt\\\/produktas\\\/kurybinis-meninis-rinkinys-sukurkite-sedevra-savo-rankomis\\\/#primaryimage\",\"url\":\"https:\\\/\\\/kidsplay.lt\\\/wp-content\\\/uploads\\\/2025\\\/12\\\/Screenshot_21.png\",\"contentUrl\":\"https:\\\/\\\/kidsplay.lt\\\/wp-content\\\/uploads\\\/2025\\\/12\\\/Screenshot_21.png\",\"width\":553,\"height\":498},{\"@type\":\"BreadcrumbList\",\"@id\":\"https:\\\/\\\/kidsplay.lt\\\/produktas\\\/kurybinis-meninis-rinkinys-sukurkite-sedevra-savo-rankomis\\\/#breadcrumb\",\"itemListElement\":[{\"@type\":\"ListItem\",\"position\":1,\"name\":\"Pagrindinis\",\"item\":\"https:\\\/\\\/kidsplay.lt\\\/\"},{\"@type\":\"ListItem\",\"position\":2,\"name\":\"Parduotuv\u0117\",\"item\":\"https:\\\/\\\/kidsplay.lt\\\/parduotuve\\\/\"},{\"@type\":\"ListItem\",\"position\":3,\"name\":\"K\u016brybinis meninis rinkinys \u2013 sukurkite \u0161edevr\u0105 savo rankomis\"}]},{\"@type\":\"WebSite\",\"@id\":\"https:\\\/\\\/kidsplay.lt\\\/#website\",\"url\":\"https:\\\/\\\/kidsplay.lt\\\/\",\"name\":\"Kidsplay.lt\",\"description\":\"\u012evairios prek\u0117s vaikams\",\"publisher\":{\"@id\":\"https:\\\/\\\/kidsplay.lt\\\/#organization\"},\"alternateName\":\"Kidsplay\",\"potentialAction\":[{\"@type\":\"SearchAction\",\"target\":{\"@type\":\"EntryPoint\",\"urlTemplate\":\"https:\\\/\\\/kidsplay.lt\\\/?s={search_term_string}\"},\"query-input\":{\"@type\":\"PropertyValueSpecification\",\"valueRequired\":true,\"valueName\":\"search_term_string\"}}],\"inLanguage\":\"lv-LV\"},{\"@type\":\"Organization\",\"@id\":\"https:\\\/\\\/kidsplay.lt\\\/#organization\",\"name\":\"KidsPlay\",\"url\":\"https:\\\/\\\/kidsplay.lt\\\/\",\"logo\":{\"@type\":\"ImageObject\",\"inLanguage\":\"lv-LV\",\"@id\":\"https:\\\/\\\/kidsplay.lt\\\/#\\\/schema\\\/logo\\\/image\\\/\",\"url\":\"https:\\\/\\\/kidsplay.lt\\\/wp-content\\\/uploads\\\/2023\\\/07\\\/kidsplay-logo.png\",\"contentUrl\":\"https:\\\/\\\/kidsplay.lt\\\/wp-content\\\/uploads\\\/2023\\\/07\\\/kidsplay-logo.png\",\"width\":451,\"height\":98,\"caption\":\"KidsPlay\"},\"image\":{\"@id\":\"https:\\\/\\\/kidsplay.lt\\\/#\\\/schema\\\/logo\\\/image\\\/\"},\"sameAs\":[\"https:\\\/\\\/www.facebook.com\\\/www.kidsplay.lt\"]}]}<\/script>\n<!-- \/ Yoast SEO plugin. -->","yoast_head_json":{"title":"K\u016brybinis meninis rinkinys \u2013 sukurkite \u0161edevr\u0105 savo rankomis - KidsPlay","description":"K\u016brybinis meninis rinkinys \u2013 sukurkite \u0161edevr\u0105 savo rankomis - KidsPlay. Did\u017eiausias vaik\u0173 \u017eaisl\u0173 pasirinkimas.","robots":{"index":"index","follow":"follow","max-snippet":"max-snippet:-1","max-image-preview":"max-image-preview:large","max-video-preview":"max-video-preview:-1"},"canonical":"https:\/\/kidsplay.lt\/lv\/products\/kurybinis-meninis-rinkinys-sukurkite-sedevra-savo-rankomis\/","og_locale":"lv_LV","og_type":"article","og_title":"K\u016brybinis meninis rinkinys \u2013 sukurkite \u0161edevr\u0105 savo rankomis - KidsPlay","og_description":"K\u016brybinis meninis rinkinys \u2013 sukurkite \u0161edevr\u0105 savo rankomis - KidsPlay. Did\u017eiausias vaik\u0173 \u017eaisl\u0173 pasirinkimas.","og_url":"https:\/\/kidsplay.lt\/lv\/products\/kurybinis-meninis-rinkinys-sukurkite-sedevra-savo-rankomis\/","og_site_name":"KidsPlay","article_publisher":"https:\/\/www.facebook.com\/www.kidsplay.lt","og_image":[{"width":553,"height":498,"url":"https:\/\/kidsplay.lt\/wp-content\/uploads\/2025\/12\/Screenshot_21.png","type":"image\/png"}],"twitter_card":"summary_large_image","twitter_misc":{"Est. reading time":"2 min\u016btes"},"schema":{"@context":"https:\/\/schema.org","@graph":[{"@type":"WebPage","@id":"https:\/\/kidsplay.lt\/produktas\/kurybinis-meninis-rinkinys-sukurkite-sedevra-savo-rankomis\/","url":"https:\/\/kidsplay.lt\/produktas\/kurybinis-meninis-rinkinys-sukurkite-sedevra-savo-rankomis\/","name":"K\u016brybinis meninis rinkinys \u2013 sukurkite \u0161edevr\u0105 savo rankomis - KidsPlay","isPartOf":{"@id":"https:\/\/kidsplay.lt\/#website"},"primaryImageOfPage":{"@id":"https:\/\/kidsplay.lt\/produktas\/kurybinis-meninis-rinkinys-sukurkite-sedevra-savo-rankomis\/#primaryimage"},"image":{"@id":"https:\/\/kidsplay.lt\/produktas\/kurybinis-meninis-rinkinys-sukurkite-sedevra-savo-rankomis\/#primaryimage"},"thumbnailUrl":"https:\/\/kidsplay.lt\/wp-content\/uploads\/2025\/12\/Screenshot_21.png","datePublished":"2025-12-11T19:50:21+00:00","description":"K\u016brybinis meninis rinkinys \u2013 sukurkite \u0161edevr\u0105 savo rankomis - KidsPlay. Did\u017eiausias vaik\u0173 \u017eaisl\u0173 pasirinkimas.","breadcrumb":{"@id":"https:\/\/kidsplay.lt\/produktas\/kurybinis-meninis-rinkinys-sukurkite-sedevra-savo-rankomis\/#breadcrumb"},"inLanguage":"lv-LV","potentialAction":[{"@type":"ReadAction","target":["https:\/\/kidsplay.lt\/produktas\/kurybinis-meninis-rinkinys-sukurkite-sedevra-savo-rankomis\/"]}]},{"@type":"ImageObject","inLanguage":"lv-LV","@id":"https:\/\/kidsplay.lt\/produktas\/kurybinis-meninis-rinkinys-sukurkite-sedevra-savo-rankomis\/#primaryimage","url":"https:\/\/kidsplay.lt\/wp-content\/uploads\/2025\/12\/Screenshot_21.png","contentUrl":"https:\/\/kidsplay.lt\/wp-content\/uploads\/2025\/12\/Screenshot_21.png","width":553,"height":498},{"@type":"BreadcrumbList","@id":"https:\/\/kidsplay.lt\/produktas\/kurybinis-meninis-rinkinys-sukurkite-sedevra-savo-rankomis\/#breadcrumb","itemListElement":[{"@type":"ListItem","position":1,"name":"Pagrindinis","item":"https:\/\/kidsplay.lt\/"},{"@type":"ListItem","position":2,"name":"Parduotuv\u0117","item":"https:\/\/kidsplay.lt\/parduotuve\/"},{"@type":"ListItem","position":3,"name":"K\u016brybinis meninis rinkinys \u2013 sukurkite \u0161edevr\u0105 savo rankomis"}]},{"@type":"WebSite","@id":"https:\/\/kidsplay.lt\/#website","url":"https:\/\/kidsplay.lt\/","name":"B\u0113rnu sp\u0113les.lv","description":"\u012evairios prek\u0117s vaikams","publisher":{"@id":"https:\/\/kidsplay.lt\/#organization"},"alternateName":"Kidsplay","potentialAction":[{"@type":"SearchAction","target":{"@type":"EntryPoint","urlTemplate":"https:\/\/kidsplay.lt\/?s={search_term_string}"},"query-input":{"@type":"PropertyValueSpecification","valueRequired":true,"valueName":"search_term_string"}}],"inLanguage":"lv-LV"},{"@type":"Organization","@id":"https:\/\/kidsplay.lt\/#organization","name":"B\u0113rnu sp\u0113le","url":"https:\/\/kidsplay.lt\/","logo":{"@type":"ImageObject","inLanguage":"lv-LV","@id":"https:\/\/kidsplay.lt\/#\/schema\/logo\/image\/","url":"https:\/\/kidsplay.lt\/wp-content\/uploads\/2023\/07\/kidsplay-logo.png","contentUrl":"https:\/\/kidsplay.lt\/wp-content\/uploads\/2023\/07\/kidsplay-logo.png","width":451,"height":98,"caption":"KidsPlay"},"image":{"@id":"https:\/\/kidsplay.lt\/#\/schema\/logo\/image\/"},"sameAs":["https:\/\/www.facebook.com\/www.kidsplay.lt"]}]}},"_links":{"self":[{"href":"https:\/\/kidsplay.lt\/lv\/wp-json\/wp\/v2\/product\/82236","targetHints":{"allow":["GET"]}}],"collection":[{"href":"https:\/\/kidsplay.lt\/lv\/wp-json\/wp\/v2\/product"}],"about":[{"href":"https:\/\/kidsplay.lt\/lv\/wp-json\/wp\/v2\/types\/product"}],"version-history":[{"count":1,"href":"https:\/\/kidsplay.lt\/lv\/wp-json\/wp\/v2\/product\/82236\/revisions"}],"predecessor-version":[{"id":82240,"href":"https:\/\/kidsplay.lt\/lv\/wp-json\/wp\/v2\/product\/82236\/revisions\/82240"}],"wp:featuredmedia":[{"embeddable":true,"href":"https:\/\/kidsplay.lt\/lv\/wp-json\/wp\/v2\/media\/82237"}],"wp:attachment":[{"href":"https:\/\/kidsplay.lt\/lv\/wp-json\/wp\/v2\/media?parent=82236"}],"wp:term":[{"taxonomy":"product_brand","embeddable":true,"href":"https:\/\/kidsplay.lt\/lv\/wp-json\/wp\/v2\/product_brand?post=82236"},{"taxonomy":"product_cat","embeddable":true,"href":"https:\/\/kidsplay.lt\/lv\/wp-json\/wp\/v2\/product_cat?post=82236"},{"taxonomy":"product_tag","embeddable":true,"href":"https:\/\/kidsplay.lt\/lv\/wp-json\/wp\/v2\/product_tag?post=82236"}],"curies":[{"name":"wp","href":"https:\/\/api.w.org\/{rel}","templated":true}]}}