{"id":82267,"date":"2025-12-11T22:10:00","date_gmt":"2025-12-11T20:10:00","guid":{"rendered":"https:\/\/kidsplay.lt\/?post_type=product&#038;p=82267"},"modified":"2026-01-20T22:03:43","modified_gmt":"2026-01-20T20:03:43","slug":"edukacinis-mokslo-rinkinys-kristalu-auginimas","status":"publish","type":"product","link":"https:\/\/kidsplay.lt\/lv\/products\/edukacinis-mokslo-rinkinys-kristalu-auginimas\/","title":{"rendered":"Izgl\u012btojo\u0161u zin\u0101t\u0146u komplekts Krist\u0101lu audz\u0113\u0161ana"},"content":{"rendered":"<div class=\"mpof_ki myre_zn myre_8v_l m389_6m_l\">\n<div class=\"mp4t_16_s mryx_16_s mr3m_1 mli2_1 mh85_56 mh85_0_l\">\n<div class=\"mgn2_16 _0d3bd_am0a-\">\n<h2><span dir=\"auto\">Edukacinis mokslo rinkinys Kristal\u0173 auginimo deimantai Eksperimentinis mokslas<\/span><\/h2>\n<\/div>\n<\/div>\n<\/div>\n<div class=\"mpof_ki myre_zn myre_8v_l m389_6m_l\">\n<div class=\"mp4t_16_s mryx_16_s mr3m_1 mli2_1 mh85_56 mh85_0_l\">\n<div class=\"mg9e_8 mj7a_8 mg9e_0_s mvrt_0_s mj7a_0_s mh36_0_s mzmg_6m munh_16_l m3h2_16_l\">\n<div class=\"mp4t_0 mryx_0 munh_56 m3h2_56\">\n<div class=\"mp7g_oh\"><button class=\"mg9e_0 mvrt_0 mj7a_0 mh36_0 mp4t_0 m3h2_0 mryx_0 munh_0 mqen_m6 mpof_z0 mx7m_0 m7er_k4 mse2_k4 msts_pt\" data-analytics-interaction=\"true\" data-analytics-interaction-label=\"zoomable-image-open\" aria-disabled=\"true\"><img decoding=\"async\" class=\"msub_k4 mupj_5k mjru_k4 mse2_k4 mp7g_f6 mq1m_0 mj7u_0 m7er_k4 mqen_m6 m31c_d8 m0ux_fp lazyloaded\" src=\"https:\/\/a.allegroimg.com\/original\/11405b\/ced6e3194f13aa0754e2d3d6cf4c\/Zestaw-Edukacyjny-Naukowy-Hodowla-Krysztalow-Diamenty-Eksperyment-Nauka\" sizes=\"(min-width: 1200px) 560px, (min-width: 992px) 50vw, 100vw\" srcset=\"https:\/\/a.allegroimg.com\/s360\/11405b\/ced6e3194f13aa0754e2d3d6cf4c\/Zestaw-Edukacyjny-Naukowy-Hodowla-Krysztalow-Diamenty-Eksperyment-Nauka 360w,https:\/\/a.allegroimg.com\/s720\/11405b\/ced6e3194f13aa0754e2d3d6cf4c\/Zestaw-Edukacyjny-Naukowy-Hodowla-Krysztalow-Diamenty-Eksperyment-Nauka 720w,https:\/\/a.allegroimg.com\/s1024\/11405b\/ced6e3194f13aa0754e2d3d6cf4c\/Zestaw-Edukacyjny-Naukowy-Hodowla-Krysztalow-Diamenty-Eksperyment-Nauka 1024w,https:\/\/a.allegroimg.com\/s1440\/11405b\/ced6e3194f13aa0754e2d3d6cf4c\/Zestaw-Edukacyjny-Naukowy-Hodowla-Krysztalow-Diamenty-Eksperyment-Nauka 1440w,https:\/\/a.allegroimg.com\/original\/11405b\/ced6e3194f13aa0754e2d3d6cf4c\/Zestaw-Edukacyjny-Naukowy-Hodowla-Krysztalow-Diamenty-Eksperyment-Nauka 1563w\" alt=\"Edukacinis mokslo rinkinys Kristal\u0173 auginimo deimantai Eksperimentinis mokslas\" width=\"1563px\" data-srcset=\"\" \/><\/button><\/div>\n<\/div>\n<\/div>\n<\/div>\n<div class=\"mp4t_16_s mryx_16_s mr3m_1 mli2_1 mh85_56 mh85_0_l\">\n<div class=\"mgn2_16 _0d3bd_am0a-\">\n<h1><span dir=\"auto\">\u2b50 Atraskite chemijos paslaptis su \u201epasidaryk pats\u201c kristal\u0173 auginimo edukaciniu rinkiniu<\/span><\/h1>\n<p><span dir=\"auto\">\u2705\u00a0<\/span><b><span dir=\"auto\">\u201ePasidaryk pats\u201c kristal\u0173 auginimo edukacinis rinkinys yra unikalus mokslinis \u017eaislas<\/span><\/b><span dir=\"auto\">\u00a0, kuris nukels j\u016bs\u0173 vaik\u0105 \u012f \u017eav\u0173 chemijos ir kristal\u0173 pasaul\u012f.<\/span><\/p>\n<p><span dir=\"auto\">\u2705\u00a0<\/span><b><span dir=\"auto\">\u0160is k\u016brybinis rinkinys leid\u017eia jauniesiems tyrin\u0117tojams patiems eksperimentuoti ir kurti unikalius,<\/span><\/b><span dir=\"auto\">\u00a0spalvingus \u012fvairi\u0173 form\u0173 kristalus.<\/span><\/p>\n<\/div>\n<\/div>\n<\/div>\n<div class=\"mpof_ki myre_zn myre_8v_l m389_6m_l\">\n<div class=\"mp4t_16_s mryx_16_s mr3m_1 mli2_1 mh85_56 mh85_0_l\">\n<div class=\"mg9e_8 mj7a_8 mg9e_0_s mvrt_0_s mj7a_0_s mh36_0_s mzmg_6m munh_16_l m3h2_16_l\">\n<div class=\"mp4t_0 mryx_0 munh_56 m3h2_56\">\n<div class=\"mp7g_oh\"><button class=\"mg9e_0 mvrt_0 mj7a_0 mh36_0 mp4t_0 m3h2_0 mryx_0 munh_0 mqen_m6 mpof_z0 mx7m_0 m7er_k4 mse2_k4 msts_pt\" data-analytics-interaction=\"true\" data-analytics-interaction-label=\"zoomable-image-open\" aria-disabled=\"true\"><img decoding=\"async\" class=\"msub_k4 mupj_5k mjru_k4 mse2_k4 mp7g_f6 mq1m_0 mj7u_0 m7er_k4 mqen_m6 m31c_d8 m0ux_fp lazyloaded\" src=\"https:\/\/a.allegroimg.com\/original\/112a16\/936bacd145b4979bbd15f2dc71bd\/Zestaw-Edukacyjny-Naukowy-Hodowla-Krysztalow-Diamenty-Eksperyment-Nauka-Marka-bez-marki\" sizes=\"(min-width: 1200px) 560px, (min-width: 992px) 50vw, 100vw\" srcset=\"https:\/\/a.allegroimg.com\/s360\/112a16\/936bacd145b4979bbd15f2dc71bd\/Zestaw-Edukacyjny-Naukowy-Hodowla-Krysztalow-Diamenty-Eksperyment-Nauka-Marka-bez-marki 360w,https:\/\/a.allegroimg.com\/s720\/112a16\/936bacd145b4979bbd15f2dc71bd\/Zestaw-Edukacyjny-Naukowy-Hodowla-Krysztalow-Diamenty-Eksperyment-Nauka-Marka-bez-marki 720w,https:\/\/a.allegroimg.com\/s1024\/112a16\/936bacd145b4979bbd15f2dc71bd\/Zestaw-Edukacyjny-Naukowy-Hodowla-Krysztalow-Diamenty-Eksperyment-Nauka-Marka-bez-marki 1024w,https:\/\/a.allegroimg.com\/s1440\/112a16\/936bacd145b4979bbd15f2dc71bd\/Zestaw-Edukacyjny-Naukowy-Hodowla-Krysztalow-Diamenty-Eksperyment-Nauka-Marka-bez-marki 1440w,https:\/\/a.allegroimg.com\/original\/112a16\/936bacd145b4979bbd15f2dc71bd\/Zestaw-Edukacyjny-Naukowy-Hodowla-Krysztalow-Diamenty-Eksperyment-Nauka-Marka-bez-marki 1563w\" alt=\"Edukacinis mokslo rinkinys Kristal\u0173 auginimo deimantai Eksperimentas Mokslas Prek\u0117s \u017eenklas be prek\u0117s \u017eenklo\" width=\"1563px\" data-srcset=\"\" \/><\/button><\/div>\n<\/div>\n<\/div>\n<\/div>\n<div class=\"mp4t_16_s mryx_16_s mr3m_1 mli2_1 mh85_56 mh85_0_l\">\n<div class=\"mgn2_16 _0d3bd_am0a-\">\n<h1><span dir=\"auto\">\u27a1\ufe0f Svarbiausios rinkinio savyb\u0117s<\/span><\/h1>\n<p><b><span dir=\"auto\">\u2714\ufe0f Mokymasis \u017eaid\u017eiant<\/span><\/b><span dir=\"auto\">\u00a0: \u0161is rinkinys puikiai tinka jauniems mokslininkams ir chemikams, norintiems \u012fdomiai suprasti kristal\u0173 susidarym\u0105. Vaikai gali lavinti savo chemijos \u017einias mokydamiesi apie chemines reakcijas ir kristal\u0173 augim\u0105.<\/span><\/p>\n<p><b><span dir=\"auto\">\u2714\ufe0f K\u016brybi\u0161kumas ir eksperimentavimas<\/span><\/b><span dir=\"auto\">\u00a0: \u0161is rinkinys leid\u017eia vaikams kurti \u012fvairius kristalus eksperimentuojant su skirtingomis chemin\u0117mis med\u017eiagomis. Tai puiki galimyb\u0117 lavinti k\u016brybi\u0161kum\u0105 ir login\u012f m\u0105stym\u0105.<\/span><\/p>\n<p><b><span dir=\"auto\">\u2714\ufe0f Saugumas ir edukacija<\/span><\/b><span dir=\"auto\">\u00a0: Rinkinyje yra visos reikalingos med\u017eiagos, skirtos saugiai atlikti eksperimentus, \u012fskaitant puodelius, mai\u0161ytuvus ir kristal\u0173 s\u0117klas. Kiekviena dalis sukurta atsi\u017evelgiant \u012f edukacin\u012f \u017eaidimo aspekt\u0105.<\/span><\/p>\n<\/div>\n<\/div>\n<\/div>\n<div class=\"mpof_ki myre_zn myre_8v_l m389_6m_l\">\n<div class=\"mp4t_16_s mryx_16_s mr3m_1 mli2_1 mh85_56 mh85_0_l\">\n<div class=\"mg9e_8 mj7a_8 mg9e_0_s mvrt_0_s mj7a_0_s mh36_0_s mzmg_6m munh_16_l m3h2_16_l\">\n<div class=\"mp4t_0 mryx_0 munh_56 m3h2_56\">\n<div class=\"mp7g_oh\"><button class=\"mg9e_0 mvrt_0 mj7a_0 mh36_0 mp4t_0 m3h2_0 mryx_0 munh_0 mqen_m6 mpof_z0 mx7m_0 m7er_k4 mse2_k4 msts_pt\" data-analytics-interaction=\"true\" data-analytics-interaction-label=\"zoomable-image-open\" aria-disabled=\"true\"><img decoding=\"async\" class=\"msub_k4 mupj_5k mjru_k4 mse2_k4 mp7g_f6 mq1m_0 mj7u_0 m7er_k4 mqen_m6 m31c_d8 m0ux_fp lazyloaded\" src=\"https:\/\/a.allegroimg.com\/original\/11324f\/de6ffb244319ad0433d63c447600\/Zestaw-Edukacyjny-Naukowy-Hodowla-Krysztalow-Diamenty-Eksperyment-Nauka-Kolor-wielokolorowy\" sizes=\"(min-width: 1200px) 560px, (min-width: 992px) 50vw, 100vw\" srcset=\"https:\/\/a.allegroimg.com\/s360\/11324f\/de6ffb244319ad0433d63c447600\/Zestaw-Edukacyjny-Naukowy-Hodowla-Krysztalow-Diamenty-Eksperyment-Nauka-Kolor-wielokolorowy 360w,https:\/\/a.allegroimg.com\/s720\/11324f\/de6ffb244319ad0433d63c447600\/Zestaw-Edukacyjny-Naukowy-Hodowla-Krysztalow-Diamenty-Eksperyment-Nauka-Kolor-wielokolorowy 720w,https:\/\/a.allegroimg.com\/s1024\/11324f\/de6ffb244319ad0433d63c447600\/Zestaw-Edukacyjny-Naukowy-Hodowla-Krysztalow-Diamenty-Eksperyment-Nauka-Kolor-wielokolorowy 1024w,https:\/\/a.allegroimg.com\/s1440\/11324f\/de6ffb244319ad0433d63c447600\/Zestaw-Edukacyjny-Naukowy-Hodowla-Krysztalow-Diamenty-Eksperyment-Nauka-Kolor-wielokolorowy 1440w,https:\/\/a.allegroimg.com\/original\/11324f\/de6ffb244319ad0433d63c447600\/Zestaw-Edukacyjny-Naukowy-Hodowla-Krysztalow-Diamenty-Eksperyment-Nauka-Kolor-wielokolorowy 1563w\" alt=\"Edukacinis mokslo rinkinys, kristal\u0173 auginimo deimantai, eksperimentas, mokslas, daugiaspalvis\" width=\"1563px\" data-srcset=\"\" \/><\/button><\/div>\n<\/div>\n<\/div>\n<\/div>\n<div class=\"mp4t_16_s mryx_16_s mr3m_1 mli2_1 mh85_56 mh85_0_l\">\n<div class=\"mgn2_16 _0d3bd_am0a-\">\n<h1><span dir=\"auto\">\u2b50 Kaip naudoti mokslo atradim\u0173 rinkin\u012f<\/span><\/h1>\n<p><span dir=\"auto\">\u2705 \u201ePasidaryk pats\u201c kristal\u0173 auginimo rinkinys yra puiki priemon\u0117 mokytis \u017eaid\u017eiant. Vaikai gali:<\/span><\/p>\n<ul>\n<li><b><span dir=\"auto\">I\u0161mokite chemijos pagrind\u0173<\/span><\/b><span dir=\"auto\">\u00a0: steb\u0117dami, kaip skirtingos med\u017eiagos reaguoja tarpusavyje, vaikai supras pagrindinius cheminius principus, lemian\u010dius kristal\u0173 susidarym\u0105.<\/span><\/li>\n<li><b><span dir=\"auto\">Ugdykite steb\u0117jimo \u012fg\u016bd\u017eius<\/span><\/b><span dir=\"auto\">\u00a0: kristal\u0173 augimo procesas yra \u017eavus rei\u0161kinys, skatinantis atid\u017eiai steb\u0117ti ir dokumentuoti poky\u010dius.<\/span><\/li>\n<li><b><span dir=\"auto\">Eksperimentuokite su skirtingais efektais<\/span><\/b><span dir=\"auto\">\u00a0: tai leid\u017eia jums sukurti unikalius kristalus, kurie prad\u017eiugins ne tik vaikus, bet ir suaugusiuosius.<\/span><\/li>\n<\/ul>\n<\/div>\n<\/div>\n<\/div>\n<div class=\"mpof_ki myre_zn myre_8v_l m389_6m_l\">\n<div class=\"mp4t_16_s mryx_16_s mr3m_1 mli2_1 mh85_56 mh85_0_l\">\n<div class=\"mg9e_8 mj7a_8 mg9e_0_s mvrt_0_s mj7a_0_s mh36_0_s mzmg_6m munh_16_l m3h2_16_l\">\n<div class=\"mp4t_0 mryx_0 munh_56 m3h2_56\">\n<div class=\"mp7g_oh\"><button class=\"mg9e_0 mvrt_0 mj7a_0 mh36_0 mp4t_0 m3h2_0 mryx_0 munh_0 mqen_m6 mpof_z0 mx7m_0 m7er_k4 mse2_k4 msts_pt\" data-analytics-interaction=\"true\" data-analytics-interaction-label=\"zoomable-image-open\" aria-disabled=\"true\"><img decoding=\"async\" class=\"msub_k4 mupj_5k mjru_k4 mse2_k4 mp7g_f6 mq1m_0 mj7u_0 m7er_k4 mqen_m6 m31c_d8 m0ux_fp lazyloaded\" src=\"https:\/\/a.allegroimg.com\/original\/111bec\/a92596c54a96ba124216fa4410c0\/Zestaw-Edukacyjny-Naukowy-Hodowla-Krysztalow-Diamenty-Eksperyment-Nauka-Kod-producenta-6920178387199\" sizes=\"(min-width: 1200px) 560px, (min-width: 992px) 50vw, 100vw\" srcset=\"https:\/\/a.allegroimg.com\/s360\/111bec\/a92596c54a96ba124216fa4410c0\/Zestaw-Edukacyjny-Naukowy-Hodowla-Krysztalow-Diamenty-Eksperyment-Nauka-Kod-producenta-6920178387199 360w,https:\/\/a.allegroimg.com\/s720\/111bec\/a92596c54a96ba124216fa4410c0\/Zestaw-Edukacyjny-Naukowy-Hodowla-Krysztalow-Diamenty-Eksperyment-Nauka-Kod-producenta-6920178387199 720w,https:\/\/a.allegroimg.com\/s1024\/111bec\/a92596c54a96ba124216fa4410c0\/Zestaw-Edukacyjny-Naukowy-Hodowla-Krysztalow-Diamenty-Eksperyment-Nauka-Kod-producenta-6920178387199 1024w,https:\/\/a.allegroimg.com\/s1440\/111bec\/a92596c54a96ba124216fa4410c0\/Zestaw-Edukacyjny-Naukowy-Hodowla-Krysztalow-Diamenty-Eksperyment-Nauka-Kod-producenta-6920178387199 1440w,https:\/\/a.allegroimg.com\/original\/111bec\/a92596c54a96ba124216fa4410c0\/Zestaw-Edukacyjny-Naukowy-Hodowla-Krysztalow-Diamenty-Eksperyment-Nauka-Kod-producenta-6920178387199 1563w\" alt=\"Edukacinis rinkinys \u201eKristal\u0173 auginimas: Deimantai: Eksperimentas, Mokslas\u201c, Gamintojo kodas 6920178387199\" width=\"1563px\" data-srcset=\"\" \/><\/button><\/div>\n<\/div>\n<\/div>\n<\/div>\n<div class=\"mp4t_16_s mryx_16_s mr3m_1 mli2_1 mh85_56 mh85_0_l\">\n<div class=\"mgn2_16 _0d3bd_am0a-\">\n<h1><span dir=\"auto\">\u27a1\ufe0f Rinkinio specifikacijos<\/span><\/h1>\n<p><span dir=\"auto\">Rinkinyje yra viskas, ko reikia eksperimentams atlikti:<\/span><\/p>\n<ul>\n<li><b><span dir=\"auto\">Kri\u0161tolin\u0117s s\u0117klos<\/span><\/b><span dir=\"auto\">\u00a0: pagrindinis elementas veisimui prad\u0117ti.<\/span><\/li>\n<li><b><span dir=\"auto\">Mai\u0161ytuvai<\/span><\/b><span dir=\"auto\">\u00a0: Naudingi mai\u0161ant chemines med\u017eiagas.<\/span><\/li>\n<li><b><span dir=\"auto\">Puodeliai<\/span><\/b><span dir=\"auto\">\u00a0: kristal\u0173 augimui laikyti ir steb\u0117ti.<\/span><\/li>\n<li><b><span dir=\"auto\">Rinkinio dydis<\/span><\/b><span dir=\"auto\">\u00a0: kompakti\u0161kas ir lengvai sand\u0117liuojamas.<\/span><\/li>\n<\/ul>\n<\/div>\n<\/div>\n<\/div>","protected":false},"excerpt":{"rendered":"<p>Edukacinis mokslo rinkinys Kristal\u0173 auginimo deimantai Eksperimentinis mokslas \u2b50 Atraskite chemijos paslaptis su \u201epasidaryk pats\u201c kristal\u0173 auginimo edukaciniu rinkiniu \u2705\u00a0\u201ePasidaryk<\/p>","protected":false},"featured_media":82268,"template":"","meta":{"_acf_changed":false,"_glsr_average":0,"_glsr_ranking":0,"_glsr_reviews":0},"product_brand":[],"product_cat":[810,229],"product_tag":[],"class_list":{"0":"post-82267","1":"product","2":"type-product","3":"status-publish","4":"has-post-thumbnail","6":"product_cat-kurybiniai-rinkiniai","7":"product_cat-zaislai-vaikams","8":"\"style=\"background-color: #2ecc711c;\"","10":"first","11":"instock","12":"shipping-taxable","13":"purchasable","14":"product-type-simple"},"acf":[],"yoast_head":"<!-- This site is optimized with the Yoast SEO plugin v27.4 - https:\/\/yoast.com\/product\/yoast-seo-wordpress\/ -->\n<title>Edukacinis mokslo rinkinys Kristal\u0173 auginimas - KidsPlay<\/title>\n<meta name=\"description\" content=\"Edukacinis mokslo rinkinys Kristal\u0173 auginimas - KidsPlay. Did\u017eiausias vaik\u0173 \u017eaisl\u0173 pasirinkimas.\" \/>\n<meta name=\"robots\" content=\"index, follow, max-snippet:-1, max-image-preview:large, max-video-preview:-1\" \/>\n<link rel=\"canonical\" href=\"https:\/\/kidsplay.lt\/lv\/products\/edukacinis-mokslo-rinkinys-kristalu-auginimas\/\" \/>\n<meta property=\"og:locale\" content=\"lv_LV\" \/>\n<meta property=\"og:type\" content=\"article\" \/>\n<meta property=\"og:title\" content=\"Edukacinis mokslo rinkinys Kristal\u0173 auginimas - KidsPlay\" \/>\n<meta property=\"og:description\" content=\"Edukacinis mokslo rinkinys Kristal\u0173 auginimas - KidsPlay. Did\u017eiausias vaik\u0173 \u017eaisl\u0173 pasirinkimas.\" \/>\n<meta property=\"og:url\" content=\"https:\/\/kidsplay.lt\/lv\/products\/edukacinis-mokslo-rinkinys-kristalu-auginimas\/\" \/>\n<meta property=\"og:site_name\" content=\"KidsPlay\" \/>\n<meta property=\"article:publisher\" content=\"https:\/\/www.facebook.com\/www.kidsplay.lt\" \/>\n<meta property=\"article:modified_time\" content=\"2026-01-20T20:03:43+00:00\" \/>\n<meta property=\"og:image\" content=\"https:\/\/kidsplay.lt\/wp-content\/uploads\/2025\/12\/Screenshot_42.png\" \/>\n\t<meta property=\"og:image:width\" content=\"581\" \/>\n\t<meta property=\"og:image:height\" content=\"508\" \/>\n\t<meta property=\"og:image:type\" content=\"image\/png\" \/>\n<meta name=\"twitter:card\" content=\"summary_large_image\" \/>\n<meta name=\"twitter:label1\" content=\"Est. reading time\" \/>\n\t<meta name=\"twitter:data1\" content=\"3 min\u016btes\" \/>\n<script type=\"application\/ld+json\" class=\"yoast-schema-graph\">{\"@context\":\"https:\\\/\\\/schema.org\",\"@graph\":[{\"@type\":\"WebPage\",\"@id\":\"https:\\\/\\\/kidsplay.lt\\\/produktas\\\/edukacinis-mokslo-rinkinys-kristalu-auginimas\\\/\",\"url\":\"https:\\\/\\\/kidsplay.lt\\\/produktas\\\/edukacinis-mokslo-rinkinys-kristalu-auginimas\\\/\",\"name\":\"Edukacinis mokslo rinkinys Kristal\u0173 auginimas - KidsPlay\",\"isPartOf\":{\"@id\":\"https:\\\/\\\/kidsplay.lt\\\/#website\"},\"primaryImageOfPage\":{\"@id\":\"https:\\\/\\\/kidsplay.lt\\\/produktas\\\/edukacinis-mokslo-rinkinys-kristalu-auginimas\\\/#primaryimage\"},\"image\":{\"@id\":\"https:\\\/\\\/kidsplay.lt\\\/produktas\\\/edukacinis-mokslo-rinkinys-kristalu-auginimas\\\/#primaryimage\"},\"thumbnailUrl\":\"https:\\\/\\\/kidsplay.lt\\\/wp-content\\\/uploads\\\/2025\\\/12\\\/Screenshot_42.png\",\"datePublished\":\"2025-12-11T20:10:00+00:00\",\"dateModified\":\"2026-01-20T20:03:43+00:00\",\"description\":\"Edukacinis mokslo rinkinys Kristal\u0173 auginimas - KidsPlay. Did\u017eiausias vaik\u0173 \u017eaisl\u0173 pasirinkimas.\",\"breadcrumb\":{\"@id\":\"https:\\\/\\\/kidsplay.lt\\\/produktas\\\/edukacinis-mokslo-rinkinys-kristalu-auginimas\\\/#breadcrumb\"},\"inLanguage\":\"lv-LV\",\"potentialAction\":[{\"@type\":\"ReadAction\",\"target\":[\"https:\\\/\\\/kidsplay.lt\\\/produktas\\\/edukacinis-mokslo-rinkinys-kristalu-auginimas\\\/\"]}]},{\"@type\":\"ImageObject\",\"inLanguage\":\"lv-LV\",\"@id\":\"https:\\\/\\\/kidsplay.lt\\\/produktas\\\/edukacinis-mokslo-rinkinys-kristalu-auginimas\\\/#primaryimage\",\"url\":\"https:\\\/\\\/kidsplay.lt\\\/wp-content\\\/uploads\\\/2025\\\/12\\\/Screenshot_42.png\",\"contentUrl\":\"https:\\\/\\\/kidsplay.lt\\\/wp-content\\\/uploads\\\/2025\\\/12\\\/Screenshot_42.png\",\"width\":581,\"height\":508,\"caption\":\"Edukacinis mokslo rinkinys Kristal\u0173 auginimas\"},{\"@type\":\"BreadcrumbList\",\"@id\":\"https:\\\/\\\/kidsplay.lt\\\/produktas\\\/edukacinis-mokslo-rinkinys-kristalu-auginimas\\\/#breadcrumb\",\"itemListElement\":[{\"@type\":\"ListItem\",\"position\":1,\"name\":\"Pagrindinis\",\"item\":\"https:\\\/\\\/kidsplay.lt\\\/\"},{\"@type\":\"ListItem\",\"position\":2,\"name\":\"Parduotuv\u0117\",\"item\":\"https:\\\/\\\/kidsplay.lt\\\/parduotuve\\\/\"},{\"@type\":\"ListItem\",\"position\":3,\"name\":\"Edukacinis mokslo rinkinys Kristal\u0173 auginimas\"}]},{\"@type\":\"WebSite\",\"@id\":\"https:\\\/\\\/kidsplay.lt\\\/#website\",\"url\":\"https:\\\/\\\/kidsplay.lt\\\/\",\"name\":\"Kidsplay.lt\",\"description\":\"\u012evairios prek\u0117s vaikams\",\"publisher\":{\"@id\":\"https:\\\/\\\/kidsplay.lt\\\/#organization\"},\"alternateName\":\"Kidsplay\",\"potentialAction\":[{\"@type\":\"SearchAction\",\"target\":{\"@type\":\"EntryPoint\",\"urlTemplate\":\"https:\\\/\\\/kidsplay.lt\\\/?s={search_term_string}\"},\"query-input\":{\"@type\":\"PropertyValueSpecification\",\"valueRequired\":true,\"valueName\":\"search_term_string\"}}],\"inLanguage\":\"lv-LV\"},{\"@type\":\"Organization\",\"@id\":\"https:\\\/\\\/kidsplay.lt\\\/#organization\",\"name\":\"KidsPlay\",\"url\":\"https:\\\/\\\/kidsplay.lt\\\/\",\"logo\":{\"@type\":\"ImageObject\",\"inLanguage\":\"lv-LV\",\"@id\":\"https:\\\/\\\/kidsplay.lt\\\/#\\\/schema\\\/logo\\\/image\\\/\",\"url\":\"https:\\\/\\\/kidsplay.lt\\\/wp-content\\\/uploads\\\/2023\\\/07\\\/kidsplay-logo.png\",\"contentUrl\":\"https:\\\/\\\/kidsplay.lt\\\/wp-content\\\/uploads\\\/2023\\\/07\\\/kidsplay-logo.png\",\"width\":451,\"height\":98,\"caption\":\"KidsPlay\"},\"image\":{\"@id\":\"https:\\\/\\\/kidsplay.lt\\\/#\\\/schema\\\/logo\\\/image\\\/\"},\"sameAs\":[\"https:\\\/\\\/www.facebook.com\\\/www.kidsplay.lt\"]}]}<\/script>\n<!-- \/ Yoast SEO plugin. -->","yoast_head_json":{"title":"Edukacinis mokslo rinkinys Kristal\u0173 auginimas - KidsPlay","description":"Edukacinis mokslo rinkinys Kristal\u0173 auginimas - KidsPlay. Did\u017eiausias vaik\u0173 \u017eaisl\u0173 pasirinkimas.","robots":{"index":"index","follow":"follow","max-snippet":"max-snippet:-1","max-image-preview":"max-image-preview:large","max-video-preview":"max-video-preview:-1"},"canonical":"https:\/\/kidsplay.lt\/lv\/products\/edukacinis-mokslo-rinkinys-kristalu-auginimas\/","og_locale":"lv_LV","og_type":"article","og_title":"Edukacinis mokslo rinkinys Kristal\u0173 auginimas - KidsPlay","og_description":"Edukacinis mokslo rinkinys Kristal\u0173 auginimas - KidsPlay. Did\u017eiausias vaik\u0173 \u017eaisl\u0173 pasirinkimas.","og_url":"https:\/\/kidsplay.lt\/lv\/products\/edukacinis-mokslo-rinkinys-kristalu-auginimas\/","og_site_name":"KidsPlay","article_publisher":"https:\/\/www.facebook.com\/www.kidsplay.lt","article_modified_time":"2026-01-20T20:03:43+00:00","og_image":[{"width":581,"height":508,"url":"https:\/\/kidsplay.lt\/wp-content\/uploads\/2025\/12\/Screenshot_42.png","type":"image\/png"}],"twitter_card":"summary_large_image","twitter_misc":{"Est. reading time":"3 min\u016btes"},"schema":{"@context":"https:\/\/schema.org","@graph":[{"@type":"WebPage","@id":"https:\/\/kidsplay.lt\/produktas\/edukacinis-mokslo-rinkinys-kristalu-auginimas\/","url":"https:\/\/kidsplay.lt\/produktas\/edukacinis-mokslo-rinkinys-kristalu-auginimas\/","name":"Edukacinis mokslo rinkinys Kristal\u0173 auginimas - KidsPlay","isPartOf":{"@id":"https:\/\/kidsplay.lt\/#website"},"primaryImageOfPage":{"@id":"https:\/\/kidsplay.lt\/produktas\/edukacinis-mokslo-rinkinys-kristalu-auginimas\/#primaryimage"},"image":{"@id":"https:\/\/kidsplay.lt\/produktas\/edukacinis-mokslo-rinkinys-kristalu-auginimas\/#primaryimage"},"thumbnailUrl":"https:\/\/kidsplay.lt\/wp-content\/uploads\/2025\/12\/Screenshot_42.png","datePublished":"2025-12-11T20:10:00+00:00","dateModified":"2026-01-20T20:03:43+00:00","description":"Edukacinis mokslo rinkinys Kristal\u0173 auginimas - KidsPlay. Did\u017eiausias vaik\u0173 \u017eaisl\u0173 pasirinkimas.","breadcrumb":{"@id":"https:\/\/kidsplay.lt\/produktas\/edukacinis-mokslo-rinkinys-kristalu-auginimas\/#breadcrumb"},"inLanguage":"lv-LV","potentialAction":[{"@type":"ReadAction","target":["https:\/\/kidsplay.lt\/produktas\/edukacinis-mokslo-rinkinys-kristalu-auginimas\/"]}]},{"@type":"ImageObject","inLanguage":"lv-LV","@id":"https:\/\/kidsplay.lt\/produktas\/edukacinis-mokslo-rinkinys-kristalu-auginimas\/#primaryimage","url":"https:\/\/kidsplay.lt\/wp-content\/uploads\/2025\/12\/Screenshot_42.png","contentUrl":"https:\/\/kidsplay.lt\/wp-content\/uploads\/2025\/12\/Screenshot_42.png","width":581,"height":508,"caption":"Edukacinis mokslo rinkinys Kristal\u0173 auginimas"},{"@type":"BreadcrumbList","@id":"https:\/\/kidsplay.lt\/produktas\/edukacinis-mokslo-rinkinys-kristalu-auginimas\/#breadcrumb","itemListElement":[{"@type":"ListItem","position":1,"name":"Pagrindinis","item":"https:\/\/kidsplay.lt\/"},{"@type":"ListItem","position":2,"name":"Parduotuv\u0117","item":"https:\/\/kidsplay.lt\/parduotuve\/"},{"@type":"ListItem","position":3,"name":"Edukacinis mokslo rinkinys Kristal\u0173 auginimas"}]},{"@type":"WebSite","@id":"https:\/\/kidsplay.lt\/#website","url":"https:\/\/kidsplay.lt\/","name":"B\u0113rnu sp\u0113les.lv","description":"\u012evairios prek\u0117s vaikams","publisher":{"@id":"https:\/\/kidsplay.lt\/#organization"},"alternateName":"Kidsplay","potentialAction":[{"@type":"SearchAction","target":{"@type":"EntryPoint","urlTemplate":"https:\/\/kidsplay.lt\/?s={search_term_string}"},"query-input":{"@type":"PropertyValueSpecification","valueRequired":true,"valueName":"search_term_string"}}],"inLanguage":"lv-LV"},{"@type":"Organization","@id":"https:\/\/kidsplay.lt\/#organization","name":"B\u0113rnu sp\u0113le","url":"https:\/\/kidsplay.lt\/","logo":{"@type":"ImageObject","inLanguage":"lv-LV","@id":"https:\/\/kidsplay.lt\/#\/schema\/logo\/image\/","url":"https:\/\/kidsplay.lt\/wp-content\/uploads\/2023\/07\/kidsplay-logo.png","contentUrl":"https:\/\/kidsplay.lt\/wp-content\/uploads\/2023\/07\/kidsplay-logo.png","width":451,"height":98,"caption":"KidsPlay"},"image":{"@id":"https:\/\/kidsplay.lt\/#\/schema\/logo\/image\/"},"sameAs":["https:\/\/www.facebook.com\/www.kidsplay.lt"]}]}},"_links":{"self":[{"href":"https:\/\/kidsplay.lt\/lv\/wp-json\/wp\/v2\/product\/82267","targetHints":{"allow":["GET"]}}],"collection":[{"href":"https:\/\/kidsplay.lt\/lv\/wp-json\/wp\/v2\/product"}],"about":[{"href":"https:\/\/kidsplay.lt\/lv\/wp-json\/wp\/v2\/types\/product"}],"version-history":[{"count":1,"href":"https:\/\/kidsplay.lt\/lv\/wp-json\/wp\/v2\/product\/82267\/revisions"}],"predecessor-version":[{"id":82270,"href":"https:\/\/kidsplay.lt\/lv\/wp-json\/wp\/v2\/product\/82267\/revisions\/82270"}],"wp:featuredmedia":[{"embeddable":true,"href":"https:\/\/kidsplay.lt\/lv\/wp-json\/wp\/v2\/media\/82268"}],"wp:attachment":[{"href":"https:\/\/kidsplay.lt\/lv\/wp-json\/wp\/v2\/media?parent=82267"}],"wp:term":[{"taxonomy":"product_brand","embeddable":true,"href":"https:\/\/kidsplay.lt\/lv\/wp-json\/wp\/v2\/product_brand?post=82267"},{"taxonomy":"product_cat","embeddable":true,"href":"https:\/\/kidsplay.lt\/lv\/wp-json\/wp\/v2\/product_cat?post=82267"},{"taxonomy":"product_tag","embeddable":true,"href":"https:\/\/kidsplay.lt\/lv\/wp-json\/wp\/v2\/product_tag?post=82267"}],"curies":[{"name":"wp","href":"https:\/\/api.w.org\/{rel}","templated":true}]}}