{"id":82409,"date":"2025-12-15T10:23:09","date_gmt":"2025-12-15T08:23:09","guid":{"rendered":"https:\/\/kidsplay.lt\/produktas\/woopie-elektrinio-gelezinkelio-begiu-policijos-nuovados-sraigtasparniu-automobiliai-92-vnt\/"},"modified":"2026-03-26T12:08:58","modified_gmt":"2026-03-26T10:08:58","slug":"woopie-elektrinio-gelezinkelio-begiu-policijos-nuovados-sraigtasparniu-automobiliai-92-vnt","status":"publish","type":"product","link":"https:\/\/kidsplay.lt\/lv\/products\/woopie-elektrinio-gelezinkelio-begiu-policijos-nuovados-sraigtasparniu-automobiliai-92-vnt\/","title":{"rendered":"WOOPIE elektrinio gele\u017einkelio b\u0117gi\u0173 policijos nuovados sraigtasparni\u0173 automobiliai 92 vnt."},"content":{"rendered":"<p>Elektrinio gele\u017einkelio policijos nuovada\u00a0i\u0161 geros reputacijos prek\u0117s \u017eenklo\u00a0Woopie\u00a0tai puikus pasi\u016blymas j\u016bs\u0173\u00a0ma\u017eieji automobiliniai ventiliatoriai.\u00a0Spalvinga eil\u0117 prad\u017eiugins \u012fvairaus am\u017eiaus vaikus ir atne\u0161 daug atrakcij\u0173 bei begal\u0119 emocij\u0173. Komplekt\u0105 sudaro\u00a092 elementai, \u012fskaitant, inter alia.\u00a0modernus akumuliatorinis lokomotyvas, b\u0117gi\u0173 elementai, policijos automobiliai\u00a0ir\u00a0sraigtasparnis.\u00a0Ta\u010diau \u0161is \u017eaislas &#8211; ne tik didelis d\u017eiaugsmas, bet ir did\u017eiul\u0117s vaiko tobul\u0117jimo galimyb\u0117s. Ypa\u010d vystosi erdvin\u0117 orientacija, techninis poj\u016btis ir, \u017einoma, vaizduot\u0117. Eil\u0117 supakuota originalioje d\u0117\u017eut\u0117je, puikiai tinka kaip dovana.<\/p>\n<p>Raksturojums:<\/p>\n<p> \t&#8211; nuo 3 met\u0173,<br \/>\n \t&#8211; 92 vnt,<br \/>\n \t&#8211; \u0161iuolaikinis vykdymas,<br \/>\n \t&#8211; supakuota originalioje d\u0117\u017eut\u0117je, puikiai tinka kaip dovana.<\/p>\n<p>Komplekt\u0101 ietilpst:<\/p>\n<p> \t&#8211; lokomotyvas (apie 11&#215;4,5 cm) (varomas 2 x AAA baterijomis, ne\u012fskai\u010diuotas),<br \/>\n \t&#8211; 2 vagonai (apie 8,5 x 4,5 cm),<br \/>\n \t&#8211; 4 skirtingi policijos automobiliai (apie 7 x 2,5 cm),<br \/>\n \t&#8211; sraigtasparnis (apie 8,5 x 3,5 cm),<br \/>\n \t&#8211; policininko fig\u016bra (auk\u0161tis apie 4,5 cm),<br \/>\n \t&#8211; policijos nuovada,<br \/>\n \t&#8211; tunelis,<br \/>\n \t&#8211; tiltas,<br \/>\n \t&#8211; vik\u0161rai, atramos (v\u0117\u017e\u0117s plotis apie 4 cm),<br \/>\n \t&#8211; 6 kelio \u017eenklai.<\/p>","protected":false},"excerpt":{"rendered":"<p>Elektrinio gele\u017einkelio policijos nuovada\u00a0i\u0161 geros reputacijos prek\u0117s \u017eenklo\u00a0Woopie\u00a0tai puikus pasi\u016blymas j\u016bs\u0173\u00a0ma\u017eieji automobiliniai ventiliatoriai.\u00a0Spalvinga eil\u0117 prad\u017eiugins \u012fvairaus am\u017eiaus vaikus ir atne\u0161<\/p>","protected":false},"featured_media":82411,"template":"","meta":{"_acf_changed":false,"_glsr_average":0,"_glsr_ranking":0,"_glsr_reviews":0},"product_brand":[],"product_cat":[448,229],"product_tag":[],"class_list":{"0":"post-82409","1":"product","2":"type-product","3":"status-publish","4":"has-post-thumbnail","6":"product_cat-automobiliai-ir-transportas","7":"product_cat-zaislai-vaikams","8":"\"style=\"background-color: #2ecc711c;\"","10":"first","11":"outofstock","12":"purchasable","13":"product-type-simple"},"acf":[],"yoast_head":"<!-- This site is optimized with the Yoast SEO plugin v27.4 - https:\/\/yoast.com\/product\/yoast-seo-wordpress\/ -->\n<title>WOOPIE elektrinio gele\u017einkelio b\u0117gi\u0173 policijos nuovados sraigtasparni\u0173 automobiliai 92 vnt.<\/title>\n<meta name=\"description\" content=\"WOOPIE elektrinio gele\u017einkelio b\u0117gi\u0173 policijos nuovados sraigtasparni\u0173 automobiliai 92 vnt. - KidsPlay. Did\u017eiausias vaik\u0173 \u017eaisl\u0173 pasirinkimas.\" \/>\n<meta name=\"robots\" content=\"index, follow, max-snippet:-1, max-image-preview:large, max-video-preview:-1\" \/>\n<link rel=\"canonical\" href=\"https:\/\/kidsplay.lt\/lv\/products\/woopie-elektrinio-gelezinkelio-begiu-policijos-nuovados-sraigtasparniu-automobiliai-92-vnt\/\" \/>\n<meta property=\"og:locale\" content=\"lv_LV\" \/>\n<meta property=\"og:type\" content=\"article\" \/>\n<meta property=\"og:title\" content=\"WOOPIE elektrinio gele\u017einkelio b\u0117gi\u0173 policijos nuovados sraigtasparni\u0173 automobiliai 92 vnt.\" \/>\n<meta property=\"og:description\" content=\"WOOPIE elektrinio gele\u017einkelio b\u0117gi\u0173 policijos nuovados sraigtasparni\u0173 automobiliai 92 vnt. - KidsPlay. Did\u017eiausias vaik\u0173 \u017eaisl\u0173 pasirinkimas.\" \/>\n<meta property=\"og:url\" content=\"https:\/\/kidsplay.lt\/lv\/products\/woopie-elektrinio-gelezinkelio-begiu-policijos-nuovados-sraigtasparniu-automobiliai-92-vnt\/\" \/>\n<meta property=\"og:site_name\" content=\"KidsPlay\" \/>\n<meta property=\"article:publisher\" content=\"https:\/\/www.facebook.com\/www.kidsplay.lt\" \/>\n<meta property=\"article:modified_time\" content=\"2026-03-26T10:08:58+00:00\" \/>\n<meta property=\"og:image\" content=\"https:\/\/kidsplay.lt\/wp-content\/uploads\/2025\/12\/WOOPIE-elektrinio-gelezinkelio-begiu-policijos-nuovados-sraigtasparniu-automobiliai-92-vnt.jpg\" \/>\n\t<meta property=\"og:image:width\" content=\"2560\" \/>\n\t<meta property=\"og:image:height\" content=\"2560\" \/>\n\t<meta property=\"og:image:type\" content=\"image\/jpeg\" \/>\n<meta name=\"twitter:card\" content=\"summary_large_image\" \/>\n<meta name=\"twitter:label1\" content=\"Est. reading time\" \/>\n\t<meta name=\"twitter:data1\" content=\"1 min\u016bte\" \/>\n<script type=\"application\/ld+json\" class=\"yoast-schema-graph\">{\"@context\":\"https:\\\/\\\/schema.org\",\"@graph\":[{\"@type\":\"WebPage\",\"@id\":\"https:\\\/\\\/kidsplay.lt\\\/produktas\\\/woopie-elektrinio-gelezinkelio-begiu-policijos-nuovados-sraigtasparniu-automobiliai-92-vnt\\\/\",\"url\":\"https:\\\/\\\/kidsplay.lt\\\/produktas\\\/woopie-elektrinio-gelezinkelio-begiu-policijos-nuovados-sraigtasparniu-automobiliai-92-vnt\\\/\",\"name\":\"WOOPIE elektrinio gele\u017einkelio b\u0117gi\u0173 policijos nuovados sraigtasparni\u0173 automobiliai 92 vnt.\",\"isPartOf\":{\"@id\":\"https:\\\/\\\/kidsplay.lt\\\/#website\"},\"primaryImageOfPage\":{\"@id\":\"https:\\\/\\\/kidsplay.lt\\\/produktas\\\/woopie-elektrinio-gelezinkelio-begiu-policijos-nuovados-sraigtasparniu-automobiliai-92-vnt\\\/#primaryimage\"},\"image\":{\"@id\":\"https:\\\/\\\/kidsplay.lt\\\/produktas\\\/woopie-elektrinio-gelezinkelio-begiu-policijos-nuovados-sraigtasparniu-automobiliai-92-vnt\\\/#primaryimage\"},\"thumbnailUrl\":\"https:\\\/\\\/kidsplay.lt\\\/wp-content\\\/uploads\\\/2025\\\/12\\\/WOOPIE-elektrinio-gelezinkelio-begiu-policijos-nuovados-sraigtasparniu-automobiliai-92-vnt.jpg\",\"datePublished\":\"2025-12-15T08:23:09+00:00\",\"dateModified\":\"2026-03-26T10:08:58+00:00\",\"description\":\"WOOPIE elektrinio gele\u017einkelio b\u0117gi\u0173 policijos nuovados sraigtasparni\u0173 automobiliai 92 vnt. - KidsPlay. Did\u017eiausias vaik\u0173 \u017eaisl\u0173 pasirinkimas.\",\"breadcrumb\":{\"@id\":\"https:\\\/\\\/kidsplay.lt\\\/produktas\\\/woopie-elektrinio-gelezinkelio-begiu-policijos-nuovados-sraigtasparniu-automobiliai-92-vnt\\\/#breadcrumb\"},\"inLanguage\":\"lv-LV\",\"potentialAction\":[{\"@type\":\"ReadAction\",\"target\":[\"https:\\\/\\\/kidsplay.lt\\\/produktas\\\/woopie-elektrinio-gelezinkelio-begiu-policijos-nuovados-sraigtasparniu-automobiliai-92-vnt\\\/\"]}]},{\"@type\":\"ImageObject\",\"inLanguage\":\"lv-LV\",\"@id\":\"https:\\\/\\\/kidsplay.lt\\\/produktas\\\/woopie-elektrinio-gelezinkelio-begiu-policijos-nuovados-sraigtasparniu-automobiliai-92-vnt\\\/#primaryimage\",\"url\":\"https:\\\/\\\/kidsplay.lt\\\/wp-content\\\/uploads\\\/2025\\\/12\\\/WOOPIE-elektrinio-gelezinkelio-begiu-policijos-nuovados-sraigtasparniu-automobiliai-92-vnt.jpg\",\"contentUrl\":\"https:\\\/\\\/kidsplay.lt\\\/wp-content\\\/uploads\\\/2025\\\/12\\\/WOOPIE-elektrinio-gelezinkelio-begiu-policijos-nuovados-sraigtasparniu-automobiliai-92-vnt.jpg\",\"width\":2560,\"height\":2560,\"caption\":\"WOOPIE elektrinio gele\u017einkelio b\u0117gi\u0173 policijos nuovados sraigtasparni\u0173 automobiliai 92 vnt.\"},{\"@type\":\"BreadcrumbList\",\"@id\":\"https:\\\/\\\/kidsplay.lt\\\/produktas\\\/woopie-elektrinio-gelezinkelio-begiu-policijos-nuovados-sraigtasparniu-automobiliai-92-vnt\\\/#breadcrumb\",\"itemListElement\":[{\"@type\":\"ListItem\",\"position\":1,\"name\":\"Pagrindinis\",\"item\":\"https:\\\/\\\/kidsplay.lt\\\/\"},{\"@type\":\"ListItem\",\"position\":2,\"name\":\"Parduotuv\u0117\",\"item\":\"https:\\\/\\\/kidsplay.lt\\\/parduotuve\\\/\"},{\"@type\":\"ListItem\",\"position\":3,\"name\":\"WOOPIE elektrinio gele\u017einkelio b\u0117gi\u0173 policijos nuovados sraigtasparni\u0173 automobiliai 92 vnt.\"}]},{\"@type\":\"WebSite\",\"@id\":\"https:\\\/\\\/kidsplay.lt\\\/#website\",\"url\":\"https:\\\/\\\/kidsplay.lt\\\/\",\"name\":\"Kidsplay.lt\",\"description\":\"\u012evairios prek\u0117s vaikams\",\"publisher\":{\"@id\":\"https:\\\/\\\/kidsplay.lt\\\/#organization\"},\"alternateName\":\"Kidsplay\",\"potentialAction\":[{\"@type\":\"SearchAction\",\"target\":{\"@type\":\"EntryPoint\",\"urlTemplate\":\"https:\\\/\\\/kidsplay.lt\\\/?s={search_term_string}\"},\"query-input\":{\"@type\":\"PropertyValueSpecification\",\"valueRequired\":true,\"valueName\":\"search_term_string\"}}],\"inLanguage\":\"lv-LV\"},{\"@type\":\"Organization\",\"@id\":\"https:\\\/\\\/kidsplay.lt\\\/#organization\",\"name\":\"KidsPlay\",\"url\":\"https:\\\/\\\/kidsplay.lt\\\/\",\"logo\":{\"@type\":\"ImageObject\",\"inLanguage\":\"lv-LV\",\"@id\":\"https:\\\/\\\/kidsplay.lt\\\/#\\\/schema\\\/logo\\\/image\\\/\",\"url\":\"https:\\\/\\\/kidsplay.lt\\\/wp-content\\\/uploads\\\/2023\\\/07\\\/kidsplay-logo.png\",\"contentUrl\":\"https:\\\/\\\/kidsplay.lt\\\/wp-content\\\/uploads\\\/2023\\\/07\\\/kidsplay-logo.png\",\"width\":451,\"height\":98,\"caption\":\"KidsPlay\"},\"image\":{\"@id\":\"https:\\\/\\\/kidsplay.lt\\\/#\\\/schema\\\/logo\\\/image\\\/\"},\"sameAs\":[\"https:\\\/\\\/www.facebook.com\\\/www.kidsplay.lt\"]}]}<\/script>\n<!-- \/ Yoast SEO plugin. -->","yoast_head_json":{"title":"WOOPIE elektrinio gele\u017einkelio b\u0117gi\u0173 policijos nuovados sraigtasparni\u0173 automobiliai 92 vnt.","description":"WOOPIE elektrinio gele\u017einkelio b\u0117gi\u0173 policijos nuovados sraigtasparni\u0173 automobiliai 92 vnt. - KidsPlay. Did\u017eiausias vaik\u0173 \u017eaisl\u0173 pasirinkimas.","robots":{"index":"index","follow":"follow","max-snippet":"max-snippet:-1","max-image-preview":"max-image-preview:large","max-video-preview":"max-video-preview:-1"},"canonical":"https:\/\/kidsplay.lt\/lv\/products\/woopie-elektrinio-gelezinkelio-begiu-policijos-nuovados-sraigtasparniu-automobiliai-92-vnt\/","og_locale":"lv_LV","og_type":"article","og_title":"WOOPIE elektrinio gele\u017einkelio b\u0117gi\u0173 policijos nuovados sraigtasparni\u0173 automobiliai 92 vnt.","og_description":"WOOPIE elektrinio gele\u017einkelio b\u0117gi\u0173 policijos nuovados sraigtasparni\u0173 automobiliai 92 vnt. - KidsPlay. Did\u017eiausias vaik\u0173 \u017eaisl\u0173 pasirinkimas.","og_url":"https:\/\/kidsplay.lt\/lv\/products\/woopie-elektrinio-gelezinkelio-begiu-policijos-nuovados-sraigtasparniu-automobiliai-92-vnt\/","og_site_name":"KidsPlay","article_publisher":"https:\/\/www.facebook.com\/www.kidsplay.lt","article_modified_time":"2026-03-26T10:08:58+00:00","og_image":[{"width":2560,"height":2560,"url":"https:\/\/kidsplay.lt\/wp-content\/uploads\/2025\/12\/WOOPIE-elektrinio-gelezinkelio-begiu-policijos-nuovados-sraigtasparniu-automobiliai-92-vnt.jpg","type":"image\/jpeg"}],"twitter_card":"summary_large_image","twitter_misc":{"Est. reading time":"1 min\u016bte"},"schema":{"@context":"https:\/\/schema.org","@graph":[{"@type":"WebPage","@id":"https:\/\/kidsplay.lt\/produktas\/woopie-elektrinio-gelezinkelio-begiu-policijos-nuovados-sraigtasparniu-automobiliai-92-vnt\/","url":"https:\/\/kidsplay.lt\/produktas\/woopie-elektrinio-gelezinkelio-begiu-policijos-nuovados-sraigtasparniu-automobiliai-92-vnt\/","name":"WOOPIE elektrinio gele\u017einkelio b\u0117gi\u0173 policijos nuovados sraigtasparni\u0173 automobiliai 92 vnt.","isPartOf":{"@id":"https:\/\/kidsplay.lt\/#website"},"primaryImageOfPage":{"@id":"https:\/\/kidsplay.lt\/produktas\/woopie-elektrinio-gelezinkelio-begiu-policijos-nuovados-sraigtasparniu-automobiliai-92-vnt\/#primaryimage"},"image":{"@id":"https:\/\/kidsplay.lt\/produktas\/woopie-elektrinio-gelezinkelio-begiu-policijos-nuovados-sraigtasparniu-automobiliai-92-vnt\/#primaryimage"},"thumbnailUrl":"https:\/\/kidsplay.lt\/wp-content\/uploads\/2025\/12\/WOOPIE-elektrinio-gelezinkelio-begiu-policijos-nuovados-sraigtasparniu-automobiliai-92-vnt.jpg","datePublished":"2025-12-15T08:23:09+00:00","dateModified":"2026-03-26T10:08:58+00:00","description":"WOOPIE elektrinio gele\u017einkelio b\u0117gi\u0173 policijos nuovados sraigtasparni\u0173 automobiliai 92 vnt. - KidsPlay. Did\u017eiausias vaik\u0173 \u017eaisl\u0173 pasirinkimas.","breadcrumb":{"@id":"https:\/\/kidsplay.lt\/produktas\/woopie-elektrinio-gelezinkelio-begiu-policijos-nuovados-sraigtasparniu-automobiliai-92-vnt\/#breadcrumb"},"inLanguage":"lv-LV","potentialAction":[{"@type":"ReadAction","target":["https:\/\/kidsplay.lt\/produktas\/woopie-elektrinio-gelezinkelio-begiu-policijos-nuovados-sraigtasparniu-automobiliai-92-vnt\/"]}]},{"@type":"ImageObject","inLanguage":"lv-LV","@id":"https:\/\/kidsplay.lt\/produktas\/woopie-elektrinio-gelezinkelio-begiu-policijos-nuovados-sraigtasparniu-automobiliai-92-vnt\/#primaryimage","url":"https:\/\/kidsplay.lt\/wp-content\/uploads\/2025\/12\/WOOPIE-elektrinio-gelezinkelio-begiu-policijos-nuovados-sraigtasparniu-automobiliai-92-vnt.jpg","contentUrl":"https:\/\/kidsplay.lt\/wp-content\/uploads\/2025\/12\/WOOPIE-elektrinio-gelezinkelio-begiu-policijos-nuovados-sraigtasparniu-automobiliai-92-vnt.jpg","width":2560,"height":2560,"caption":"WOOPIE elektrinio gele\u017einkelio b\u0117gi\u0173 policijos nuovados sraigtasparni\u0173 automobiliai 92 vnt."},{"@type":"BreadcrumbList","@id":"https:\/\/kidsplay.lt\/produktas\/woopie-elektrinio-gelezinkelio-begiu-policijos-nuovados-sraigtasparniu-automobiliai-92-vnt\/#breadcrumb","itemListElement":[{"@type":"ListItem","position":1,"name":"Pagrindinis","item":"https:\/\/kidsplay.lt\/"},{"@type":"ListItem","position":2,"name":"Parduotuv\u0117","item":"https:\/\/kidsplay.lt\/parduotuve\/"},{"@type":"ListItem","position":3,"name":"WOOPIE elektrinio gele\u017einkelio b\u0117gi\u0173 policijos nuovados sraigtasparni\u0173 automobiliai 92 vnt."}]},{"@type":"WebSite","@id":"https:\/\/kidsplay.lt\/#website","url":"https:\/\/kidsplay.lt\/","name":"B\u0113rnu sp\u0113les.lv","description":"\u012evairios prek\u0117s vaikams","publisher":{"@id":"https:\/\/kidsplay.lt\/#organization"},"alternateName":"Kidsplay","potentialAction":[{"@type":"SearchAction","target":{"@type":"EntryPoint","urlTemplate":"https:\/\/kidsplay.lt\/?s={search_term_string}"},"query-input":{"@type":"PropertyValueSpecification","valueRequired":true,"valueName":"search_term_string"}}],"inLanguage":"lv-LV"},{"@type":"Organization","@id":"https:\/\/kidsplay.lt\/#organization","name":"B\u0113rnu sp\u0113le","url":"https:\/\/kidsplay.lt\/","logo":{"@type":"ImageObject","inLanguage":"lv-LV","@id":"https:\/\/kidsplay.lt\/#\/schema\/logo\/image\/","url":"https:\/\/kidsplay.lt\/wp-content\/uploads\/2023\/07\/kidsplay-logo.png","contentUrl":"https:\/\/kidsplay.lt\/wp-content\/uploads\/2023\/07\/kidsplay-logo.png","width":451,"height":98,"caption":"KidsPlay"},"image":{"@id":"https:\/\/kidsplay.lt\/#\/schema\/logo\/image\/"},"sameAs":["https:\/\/www.facebook.com\/www.kidsplay.lt"]}]}},"_links":{"self":[{"href":"https:\/\/kidsplay.lt\/lv\/wp-json\/wp\/v2\/product\/82409","targetHints":{"allow":["GET"]}}],"collection":[{"href":"https:\/\/kidsplay.lt\/lv\/wp-json\/wp\/v2\/product"}],"about":[{"href":"https:\/\/kidsplay.lt\/lv\/wp-json\/wp\/v2\/types\/product"}],"version-history":[{"count":1,"href":"https:\/\/kidsplay.lt\/lv\/wp-json\/wp\/v2\/product\/82409\/revisions"}],"predecessor-version":[{"id":82410,"href":"https:\/\/kidsplay.lt\/lv\/wp-json\/wp\/v2\/product\/82409\/revisions\/82410"}],"wp:featuredmedia":[{"embeddable":true,"href":"https:\/\/kidsplay.lt\/lv\/wp-json\/wp\/v2\/media\/82411"}],"wp:attachment":[{"href":"https:\/\/kidsplay.lt\/lv\/wp-json\/wp\/v2\/media?parent=82409"}],"wp:term":[{"taxonomy":"product_brand","embeddable":true,"href":"https:\/\/kidsplay.lt\/lv\/wp-json\/wp\/v2\/product_brand?post=82409"},{"taxonomy":"product_cat","embeddable":true,"href":"https:\/\/kidsplay.lt\/lv\/wp-json\/wp\/v2\/product_cat?post=82409"},{"taxonomy":"product_tag","embeddable":true,"href":"https:\/\/kidsplay.lt\/lv\/wp-json\/wp\/v2\/product_tag?post=82409"}],"curies":[{"name":"wp","href":"https:\/\/api.w.org\/{rel}","templated":true}]}}