{"id":82416,"date":"2025-12-15T12:09:14","date_gmt":"2025-12-15T10:09:14","guid":{"rendered":"https:\/\/kidsplay.lt\/produktas\/woopie-magnetiniu-kamuoliuku-stalo-zaidimas\/"},"modified":"2026-04-07T09:34:57","modified_gmt":"2026-04-07T06:34:57","slug":"woopie-magnetiniu-kamuoliuku-stalo-zaidimas","status":"publish","type":"product","link":"https:\/\/kidsplay.lt\/lv\/products\/woopie-magnetiniu-kamuoliuku-stalo-zaidimas\/","title":{"rendered":"WOOPIE magnetini\u0173 kamuoliuk\u0173 stalo \u017eaidimas"},"content":{"rendered":"<p>Fantasti\u0161kas \u201e Woopie\u00a0\u201c\u00a0\u017eaidimas\u00a0\u201eMagnetiniai kamuoliukai\u201c\u00a0suteiks valand\u0173 valandas \u012ftraukian\u010di\u0173 ir jaudinan\u010di\u0173 pramog\u0173 tiek vaikams, tiek suaugusiems. Kiekvienas \u0117jimas \u0161iame strateginiame \u017eaidime reikalauja tikslaus m\u0105stymo ir atsargumo, nes net ir menkiausia klaida gali sukelti nenusp\u0117jam\u0173 pasekmi\u0173. Pasinerkite \u012f \u017eav\u0173 magnetizmo pasaul\u012f ir i\u0161bandykite savo \u012fg\u016bd\u017eius \u0161iame i\u0161maniame \u017eaidime, kuriame derinamos \u012fdomios var\u017eybos su fizikos mokslu. Nors taisykl\u0117s atrodo paprastos, \u017eaidimas reikalauja, kad \u017eaid\u0117jai b\u016bt\u0173 suman\u016bs, kantr\u016bs ir nusp\u0117jami. Magnetiniai kamuoliukai suteikia \u017eaidimui unikalaus \u017eavesio, o kiekvienas \u0117jimas kelia rizik\u0105, kuri gali visi\u0161kai pakeisti \u017eaidimo eig\u0105. Tai puiki proga suprasti pagrindinius magnetizmo principus, m\u0117gaujantis \u017eaidimu su \u0161eima ar draugais. Pagrindinis \u017eaidimo tikslas \u2013 kuo grei\u010diau atsikratyti vis\u0173 magnetini\u0173 kamuoliuk\u0173, ta\u010diau kelias \u012f pergal\u0119 kupinas netik\u0117t\u0173 i\u0161\u0161\u016bki\u0173.<br \/>\nRakstur\u012bgs:<\/p>\n<p>\u017daid\u0117jo am\u017eius:\u00a0nuo 9 met\u0173 ir vyresni.<br \/>\nIlgas \u017eaidimo laikas:\u00a0U\u017etikrina valand\u0173 valandas \u012ftraukian\u010dio \u017eaidimo.<br \/>\n\u017daid\u0117j\u0173 skai\u010dius:\u00a0\u017daidimas skirtas iki 4 \u017eaid\u0117j\u0173.<br \/>\nDinami\u0161kas \u017eaidimo eigos pokytis:\u00a0nenusp\u0117jami \u017eaidimo eigos poky\u010diai, reikalaujantys greito m\u0105stymo.<br \/>\nRinkin\u012f sudaro:\u00a020 magnetini\u0173 kamuoliuk\u0173, \u017eaidimo lenta su 4 lentyn\u0117l\u0117mis magnetams, mai\u0161elis kamuoliukams.<\/p>\n<p>\u017daidimo taisykl\u0117s:<\/p>\n<p>Kamuoliuk\u0173 paskirstymas:\u00a0Kiekvienas \u017eaid\u0117jas gauna vienod\u0105 skai\u010di\u0173 magnetini\u0173 kamuoliuk\u0173.<br \/>\nD\u0117jimas ant lentos:\u00a0\u017daid\u0117jai paeiliui d\u0117lioja savo rutuliukus ant lentos.<br \/>\nTraukos taisykl\u0117:\u00a0jei rutuliukai susijungia juos dedant ant lentos, \u017eaid\u0117jas, atlik\u0119s \u0117jim\u0105, turi surinkti visus susijungusius rutuliukus atgal \u012f savo rankas.\u00a0Pastaba:\u00a0jei renkant susijungia papildomi rutuliukai, \u017eaid\u0117jas taip pat turi surinkti juos!<br \/>\nPergal\u0117:\u00a0Laimi \u017eaid\u0117jas, pirmasis atsikrat\u0119s vis\u0173 savo rutuliuk\u0173. Ta\u010diau kiekvienas \u0117jimas turi b\u016bti kruop\u0161\u010diai apgalvotas, nes magnetiniai rutuliukai gali netik\u0117tai vienas kit\u0105 traukti, o tai labai apsunkins tolesn\u012f \u017eaidim\u0105.<\/p>","protected":false},"excerpt":{"rendered":"<p>Fantasti\u0161kas \u201e Woopie\u00a0\u201c\u00a0\u017eaidimas\u00a0\u201eMagnetiniai kamuoliukai\u201c\u00a0suteiks valand\u0173 valandas \u012ftraukian\u010di\u0173 ir jaudinan\u010di\u0173 pramog\u0173 tiek vaikams, tiek suaugusiems. Kiekvienas \u0117jimas \u0161iame strateginiame \u017eaidime reikalauja<\/p>","protected":false},"featured_media":54523,"template":"","meta":{"_acf_changed":false,"_glsr_average":0,"_glsr_ranking":0,"_glsr_reviews":0},"product_brand":[],"product_cat":[72,445,229],"product_tag":[],"class_list":{"0":"post-82416","1":"product","2":"type-product","3":"status-publish","4":"has-post-thumbnail","6":"product_cat-ispardavimas","7":"product_cat-stalo-zaidimai","8":"product_cat-zaislai-vaikams","9":"\"style=\"background-color: #2ecc711c;\"","11":"first","12":"instock","13":"sale","14":"purchasable","15":"product-type-simple"},"acf":[],"yoast_head":"<!-- This site is optimized with the Yoast SEO plugin v27.3 - https:\/\/yoast.com\/product\/yoast-seo-wordpress\/ -->\n<title>WOOPIE magnetini\u0173 kamuoliuk\u0173 stalo \u017eaidimas<\/title>\n<meta name=\"description\" content=\"WOOPIE magnetini\u0173 kamuoliuk\u0173 stalo \u017eaidimas - KidsPlay. Did\u017eiausias vaik\u0173 \u017eaisl\u0173 pasirinkimas.\" \/>\n<meta name=\"robots\" content=\"index, follow, max-snippet:-1, max-image-preview:large, max-video-preview:-1\" \/>\n<link rel=\"canonical\" href=\"https:\/\/kidsplay.lt\/lv\/products\/woopie-magnetiniu-kamuoliuku-stalo-zaidimas\/\" \/>\n<meta property=\"og:locale\" content=\"lv_LV\" \/>\n<meta property=\"og:type\" content=\"article\" \/>\n<meta property=\"og:title\" content=\"WOOPIE magnetini\u0173 kamuoliuk\u0173 stalo \u017eaidimas\" \/>\n<meta property=\"og:description\" content=\"WOOPIE magnetini\u0173 kamuoliuk\u0173 stalo \u017eaidimas - KidsPlay. Did\u017eiausias vaik\u0173 \u017eaisl\u0173 pasirinkimas.\" \/>\n<meta property=\"og:url\" content=\"https:\/\/kidsplay.lt\/lv\/products\/woopie-magnetiniu-kamuoliuku-stalo-zaidimas\/\" \/>\n<meta property=\"og:site_name\" content=\"KidsPlay\" \/>\n<meta property=\"article:publisher\" content=\"https:\/\/www.facebook.com\/www.kidsplay.lt\" \/>\n<meta property=\"article:modified_time\" content=\"2026-04-07T06:34:57+00:00\" \/>\n<meta property=\"og:image\" content=\"https:\/\/kidsplay.lt\/wp-content\/uploads\/2024\/09\/Magnetiniu-kamuoliuku-stalo-zaidimas.jpg\" \/>\n\t<meta property=\"og:image:width\" content=\"2560\" \/>\n\t<meta property=\"og:image:height\" content=\"2560\" \/>\n\t<meta property=\"og:image:type\" content=\"image\/jpeg\" \/>\n<meta name=\"twitter:card\" content=\"summary_large_image\" \/>\n<meta name=\"twitter:label1\" content=\"Est. reading time\" \/>\n\t<meta name=\"twitter:data1\" content=\"2 min\u016btes\" \/>\n<script type=\"application\/ld+json\" class=\"yoast-schema-graph\">{\"@context\":\"https:\\\/\\\/schema.org\",\"@graph\":[{\"@type\":\"WebPage\",\"@id\":\"https:\\\/\\\/kidsplay.lt\\\/produktas\\\/woopie-magnetiniu-kamuoliuku-stalo-zaidimas\\\/\",\"url\":\"https:\\\/\\\/kidsplay.lt\\\/produktas\\\/woopie-magnetiniu-kamuoliuku-stalo-zaidimas\\\/\",\"name\":\"WOOPIE magnetini\u0173 kamuoliuk\u0173 stalo \u017eaidimas\",\"isPartOf\":{\"@id\":\"https:\\\/\\\/kidsplay.lt\\\/#website\"},\"primaryImageOfPage\":{\"@id\":\"https:\\\/\\\/kidsplay.lt\\\/produktas\\\/woopie-magnetiniu-kamuoliuku-stalo-zaidimas\\\/#primaryimage\"},\"image\":{\"@id\":\"https:\\\/\\\/kidsplay.lt\\\/produktas\\\/woopie-magnetiniu-kamuoliuku-stalo-zaidimas\\\/#primaryimage\"},\"thumbnailUrl\":\"https:\\\/\\\/kidsplay.lt\\\/wp-content\\\/uploads\\\/2024\\\/09\\\/Magnetiniu-kamuoliuku-stalo-zaidimas.jpg\",\"datePublished\":\"2025-12-15T10:09:14+00:00\",\"dateModified\":\"2026-04-07T06:34:57+00:00\",\"description\":\"WOOPIE magnetini\u0173 kamuoliuk\u0173 stalo \u017eaidimas - KidsPlay. Did\u017eiausias vaik\u0173 \u017eaisl\u0173 pasirinkimas.\",\"breadcrumb\":{\"@id\":\"https:\\\/\\\/kidsplay.lt\\\/produktas\\\/woopie-magnetiniu-kamuoliuku-stalo-zaidimas\\\/#breadcrumb\"},\"inLanguage\":\"lv-LV\",\"potentialAction\":[{\"@type\":\"ReadAction\",\"target\":[\"https:\\\/\\\/kidsplay.lt\\\/produktas\\\/woopie-magnetiniu-kamuoliuku-stalo-zaidimas\\\/\"]}]},{\"@type\":\"ImageObject\",\"inLanguage\":\"lv-LV\",\"@id\":\"https:\\\/\\\/kidsplay.lt\\\/produktas\\\/woopie-magnetiniu-kamuoliuku-stalo-zaidimas\\\/#primaryimage\",\"url\":\"https:\\\/\\\/kidsplay.lt\\\/wp-content\\\/uploads\\\/2024\\\/09\\\/Magnetiniu-kamuoliuku-stalo-zaidimas.jpg\",\"contentUrl\":\"https:\\\/\\\/kidsplay.lt\\\/wp-content\\\/uploads\\\/2024\\\/09\\\/Magnetiniu-kamuoliuku-stalo-zaidimas.jpg\",\"width\":2560,\"height\":2560,\"caption\":\"WOOPIE magnetini\u0173 kamuoliuk\u0173 stalo \u017eaidimas\"},{\"@type\":\"BreadcrumbList\",\"@id\":\"https:\\\/\\\/kidsplay.lt\\\/produktas\\\/woopie-magnetiniu-kamuoliuku-stalo-zaidimas\\\/#breadcrumb\",\"itemListElement\":[{\"@type\":\"ListItem\",\"position\":1,\"name\":\"Pagrindinis\",\"item\":\"https:\\\/\\\/kidsplay.lt\\\/\"},{\"@type\":\"ListItem\",\"position\":2,\"name\":\"Parduotuv\u0117\",\"item\":\"https:\\\/\\\/kidsplay.lt\\\/parduotuve\\\/\"},{\"@type\":\"ListItem\",\"position\":3,\"name\":\"WOOPIE magnetini\u0173 kamuoliuk\u0173 stalo \u017eaidimas\"}]},{\"@type\":\"WebSite\",\"@id\":\"https:\\\/\\\/kidsplay.lt\\\/#website\",\"url\":\"https:\\\/\\\/kidsplay.lt\\\/\",\"name\":\"Kidsplay.lt\",\"description\":\"\u012evairios prek\u0117s vaikams\",\"publisher\":{\"@id\":\"https:\\\/\\\/kidsplay.lt\\\/#organization\"},\"alternateName\":\"Kidsplay\",\"potentialAction\":[{\"@type\":\"SearchAction\",\"target\":{\"@type\":\"EntryPoint\",\"urlTemplate\":\"https:\\\/\\\/kidsplay.lt\\\/?s={search_term_string}\"},\"query-input\":{\"@type\":\"PropertyValueSpecification\",\"valueRequired\":true,\"valueName\":\"search_term_string\"}}],\"inLanguage\":\"lv-LV\"},{\"@type\":\"Organization\",\"@id\":\"https:\\\/\\\/kidsplay.lt\\\/#organization\",\"name\":\"KidsPlay\",\"url\":\"https:\\\/\\\/kidsplay.lt\\\/\",\"logo\":{\"@type\":\"ImageObject\",\"inLanguage\":\"lv-LV\",\"@id\":\"https:\\\/\\\/kidsplay.lt\\\/#\\\/schema\\\/logo\\\/image\\\/\",\"url\":\"https:\\\/\\\/kidsplay.lt\\\/wp-content\\\/uploads\\\/2023\\\/07\\\/kidsplay-logo.png\",\"contentUrl\":\"https:\\\/\\\/kidsplay.lt\\\/wp-content\\\/uploads\\\/2023\\\/07\\\/kidsplay-logo.png\",\"width\":451,\"height\":98,\"caption\":\"KidsPlay\"},\"image\":{\"@id\":\"https:\\\/\\\/kidsplay.lt\\\/#\\\/schema\\\/logo\\\/image\\\/\"},\"sameAs\":[\"https:\\\/\\\/www.facebook.com\\\/www.kidsplay.lt\"]}]}<\/script>\n<!-- \/ Yoast SEO plugin. -->","yoast_head_json":{"title":"WOOPIE magnetini\u0173 kamuoliuk\u0173 stalo \u017eaidimas","description":"WOOPIE magnetini\u0173 kamuoliuk\u0173 stalo \u017eaidimas - KidsPlay. Did\u017eiausias vaik\u0173 \u017eaisl\u0173 pasirinkimas.","robots":{"index":"index","follow":"follow","max-snippet":"max-snippet:-1","max-image-preview":"max-image-preview:large","max-video-preview":"max-video-preview:-1"},"canonical":"https:\/\/kidsplay.lt\/lv\/products\/woopie-magnetiniu-kamuoliuku-stalo-zaidimas\/","og_locale":"lv_LV","og_type":"article","og_title":"WOOPIE magnetini\u0173 kamuoliuk\u0173 stalo \u017eaidimas","og_description":"WOOPIE magnetini\u0173 kamuoliuk\u0173 stalo \u017eaidimas - KidsPlay. Did\u017eiausias vaik\u0173 \u017eaisl\u0173 pasirinkimas.","og_url":"https:\/\/kidsplay.lt\/lv\/products\/woopie-magnetiniu-kamuoliuku-stalo-zaidimas\/","og_site_name":"KidsPlay","article_publisher":"https:\/\/www.facebook.com\/www.kidsplay.lt","article_modified_time":"2026-04-07T06:34:57+00:00","og_image":[{"width":2560,"height":2560,"url":"https:\/\/kidsplay.lt\/wp-content\/uploads\/2024\/09\/Magnetiniu-kamuoliuku-stalo-zaidimas.jpg","type":"image\/jpeg"}],"twitter_card":"summary_large_image","twitter_misc":{"Est. reading time":"2 min\u016btes"},"schema":{"@context":"https:\/\/schema.org","@graph":[{"@type":"WebPage","@id":"https:\/\/kidsplay.lt\/produktas\/woopie-magnetiniu-kamuoliuku-stalo-zaidimas\/","url":"https:\/\/kidsplay.lt\/produktas\/woopie-magnetiniu-kamuoliuku-stalo-zaidimas\/","name":"WOOPIE magnetini\u0173 kamuoliuk\u0173 stalo \u017eaidimas","isPartOf":{"@id":"https:\/\/kidsplay.lt\/#website"},"primaryImageOfPage":{"@id":"https:\/\/kidsplay.lt\/produktas\/woopie-magnetiniu-kamuoliuku-stalo-zaidimas\/#primaryimage"},"image":{"@id":"https:\/\/kidsplay.lt\/produktas\/woopie-magnetiniu-kamuoliuku-stalo-zaidimas\/#primaryimage"},"thumbnailUrl":"https:\/\/kidsplay.lt\/wp-content\/uploads\/2024\/09\/Magnetiniu-kamuoliuku-stalo-zaidimas.jpg","datePublished":"2025-12-15T10:09:14+00:00","dateModified":"2026-04-07T06:34:57+00:00","description":"WOOPIE magnetini\u0173 kamuoliuk\u0173 stalo \u017eaidimas - KidsPlay. Did\u017eiausias vaik\u0173 \u017eaisl\u0173 pasirinkimas.","breadcrumb":{"@id":"https:\/\/kidsplay.lt\/produktas\/woopie-magnetiniu-kamuoliuku-stalo-zaidimas\/#breadcrumb"},"inLanguage":"lv-LV","potentialAction":[{"@type":"ReadAction","target":["https:\/\/kidsplay.lt\/produktas\/woopie-magnetiniu-kamuoliuku-stalo-zaidimas\/"]}]},{"@type":"ImageObject","inLanguage":"lv-LV","@id":"https:\/\/kidsplay.lt\/produktas\/woopie-magnetiniu-kamuoliuku-stalo-zaidimas\/#primaryimage","url":"https:\/\/kidsplay.lt\/wp-content\/uploads\/2024\/09\/Magnetiniu-kamuoliuku-stalo-zaidimas.jpg","contentUrl":"https:\/\/kidsplay.lt\/wp-content\/uploads\/2024\/09\/Magnetiniu-kamuoliuku-stalo-zaidimas.jpg","width":2560,"height":2560,"caption":"WOOPIE magnetini\u0173 kamuoliuk\u0173 stalo \u017eaidimas"},{"@type":"BreadcrumbList","@id":"https:\/\/kidsplay.lt\/produktas\/woopie-magnetiniu-kamuoliuku-stalo-zaidimas\/#breadcrumb","itemListElement":[{"@type":"ListItem","position":1,"name":"Pagrindinis","item":"https:\/\/kidsplay.lt\/"},{"@type":"ListItem","position":2,"name":"Parduotuv\u0117","item":"https:\/\/kidsplay.lt\/parduotuve\/"},{"@type":"ListItem","position":3,"name":"WOOPIE magnetini\u0173 kamuoliuk\u0173 stalo \u017eaidimas"}]},{"@type":"WebSite","@id":"https:\/\/kidsplay.lt\/#website","url":"https:\/\/kidsplay.lt\/","name":"B\u0113rnu sp\u0113les.lv","description":"\u012evairios prek\u0117s vaikams","publisher":{"@id":"https:\/\/kidsplay.lt\/#organization"},"alternateName":"Kidsplay","potentialAction":[{"@type":"SearchAction","target":{"@type":"EntryPoint","urlTemplate":"https:\/\/kidsplay.lt\/?s={search_term_string}"},"query-input":{"@type":"PropertyValueSpecification","valueRequired":true,"valueName":"search_term_string"}}],"inLanguage":"lv-LV"},{"@type":"Organization","@id":"https:\/\/kidsplay.lt\/#organization","name":"B\u0113rnu sp\u0113le","url":"https:\/\/kidsplay.lt\/","logo":{"@type":"ImageObject","inLanguage":"lv-LV","@id":"https:\/\/kidsplay.lt\/#\/schema\/logo\/image\/","url":"https:\/\/kidsplay.lt\/wp-content\/uploads\/2023\/07\/kidsplay-logo.png","contentUrl":"https:\/\/kidsplay.lt\/wp-content\/uploads\/2023\/07\/kidsplay-logo.png","width":451,"height":98,"caption":"KidsPlay"},"image":{"@id":"https:\/\/kidsplay.lt\/#\/schema\/logo\/image\/"},"sameAs":["https:\/\/www.facebook.com\/www.kidsplay.lt"]}]}},"_links":{"self":[{"href":"https:\/\/kidsplay.lt\/lv\/wp-json\/wp\/v2\/product\/82416","targetHints":{"allow":["GET"]}}],"collection":[{"href":"https:\/\/kidsplay.lt\/lv\/wp-json\/wp\/v2\/product"}],"about":[{"href":"https:\/\/kidsplay.lt\/lv\/wp-json\/wp\/v2\/types\/product"}],"version-history":[{"count":2,"href":"https:\/\/kidsplay.lt\/lv\/wp-json\/wp\/v2\/product\/82416\/revisions"}],"predecessor-version":[{"id":82581,"href":"https:\/\/kidsplay.lt\/lv\/wp-json\/wp\/v2\/product\/82416\/revisions\/82581"}],"wp:featuredmedia":[{"embeddable":true,"href":"https:\/\/kidsplay.lt\/lv\/wp-json\/wp\/v2\/media\/54523"}],"wp:attachment":[{"href":"https:\/\/kidsplay.lt\/lv\/wp-json\/wp\/v2\/media?parent=82416"}],"wp:term":[{"taxonomy":"product_brand","embeddable":true,"href":"https:\/\/kidsplay.lt\/lv\/wp-json\/wp\/v2\/product_brand?post=82416"},{"taxonomy":"product_cat","embeddable":true,"href":"https:\/\/kidsplay.lt\/lv\/wp-json\/wp\/v2\/product_cat?post=82416"},{"taxonomy":"product_tag","embeddable":true,"href":"https:\/\/kidsplay.lt\/lv\/wp-json\/wp\/v2\/product_tag?post=82416"}],"curies":[{"name":"wp","href":"https:\/\/api.w.org\/{rel}","templated":true}]}}