{"id":82502,"date":"2025-12-17T09:13:16","date_gmt":"2025-12-17T07:13:16","guid":{"rendered":"https:\/\/kidsplay.lt\/?post_type=product&#038;p=82502"},"modified":"2026-01-08T08:17:16","modified_gmt":"2026-01-08T06:17:16","slug":"minecraft-kaladeles-240vnt","status":"publish","type":"product","link":"https:\/\/kidsplay.lt\/lv\/products\/minecraft-kaladeles-240vnt\/","title":{"rendered":"Minecraft kalad\u0117l\u0117s 240vnt"},"content":{"rendered":"<div class=\"mpof_ki myre_zn myre_8v_l m389_6m_l\">\n<div class=\"mp4t_16_s mryx_16_s mr3m_1 mli2_1 mh85_56 mh85_0_l\">\n<div class=\"mgn2_16 _0d3bd_am0a-\">\n<h1><span dir=\"auto\">Produkto savyb\u0117s:<\/span><\/h1>\n<p><b><span dir=\"auto\">DIDELIS TNT BLOKK\u0172 KIEKIS<\/span><\/b><\/p>\n<p><b><span dir=\"auto\">4 skaitmenys<\/span><\/b><\/p>\n<p><b><span dir=\"auto\">236 blokai<\/span><\/b><\/p>\n<p><b><span dir=\"auto\">Kiekviename bloke yra \u012fmontuoti neodimio magnetai<\/span><\/b><\/p>\n<p><b><span dir=\"auto\">DIDEL\u0116S pastat\u0173 modifikavimo galimyb\u0117s<\/span><\/b><\/p>\n<p><b><span dir=\"auto\">Magnetai yra \u012fmontuoti \u2013 visi\u0161kai nematomi ir negali i\u0161kristi.<\/span><\/b><\/p>\n<p><b><span dir=\"auto\">Patvar\u016bs spaudiniai, atspar\u016bs trin\u010diai ir \u012fbr\u0117\u017eimams<\/span><\/b><\/p>\n<p><b><span dir=\"auto\">BE a\u0161tri\u0173 briaun\u0173<\/span><\/b><\/p>\n<\/div>\n<\/div>\n<\/div>\n<div class=\"mpof_ki myre_zn myre_8v_l m389_6m_l\">\n<div class=\"mp4t_16_s mryx_16_s mr3m_1 mli2_1 mh85_56 mh85_0_l\">\n<div class=\"mgn2_16 _0d3bd_am0a-\">\n<h2><span dir=\"auto\">\u012evairios statybos galimyb\u0117s<\/span><\/h2>\n<p><span dir=\"auto\">Komplekt\u0101 ietilpst:\u00a0\u00a0<\/span><b><span dir=\"auto\">net 236 magnetiniai kalad\u0117l\u0117s ir 4 \u017emon\u0117s\u00a0<\/span><\/b><span dir=\"auto\">\u00a0, kuriuos galima sujungti \u012f bet koki\u0105 konstrukcij\u0105.<\/span><\/p>\n<p><span dir=\"auto\">Stipr\u016bs\u00a0\u00a0<\/span><b><span dir=\"auto\">magnetai<\/span><\/b><span dir=\"auto\">\u00a0\u00a0tvirtai laiko kalad\u0117les sujungtas, tod\u0117l galite statyti tiek\u00a0\u00a0<\/span><b><span dir=\"auto\">paprastus, tiek sud\u0117tingus statinius<\/span><\/b><span dir=\"auto\">\u00a0. Galite sukurti namus, tvirtoves, transporto priemones ir dar daugiau.<\/span><\/p>\n<\/div>\n<\/div>\n<\/div>\n<div class=\"mpof_ki myre_zn myre_8v_l m389_6m_l\">\n<div class=\"mp4t_16_s mryx_16_s mr3m_1 mli2_1 mh85_56 mh85_0_l\">\n<div class=\"mg9e_8 mj7a_8 mg9e_0_s mvrt_0_s mj7a_0_s mh36_0_s mzmg_6m munh_16_l m3h2_16_l\">\n<div class=\"mp4t_0 mryx_0 munh_56 m3h2_56\">\n<div class=\"mp7g_oh\"><button class=\"mg9e_0 mvrt_0 mj7a_0 mh36_0 mp4t_0 m3h2_0 mryx_0 munh_0 mqen_m6 mpof_z0 mx7m_0 m7er_k4 mse2_k4 msts_pt\" data-analytics-interaction=\"true\" data-analytics-interaction-label=\"zoomable-image-open\" aria-disabled=\"true\"><img decoding=\"async\" class=\"msub_k4 mupj_5k mjru_k4 mse2_k4 mp7g_f6 mq1m_0 mj7u_0 m7er_k4 mqen_m6 m31c_d8 m0ux_fp lazyloaded\" src=\"https:\/\/a.allegroimg.com\/original\/112c3c\/0d6396fb4a5f8cd27958faaa0d8a\/KLOCKI-BLOKI-KONSTRUKCYJNE-PIXELE-MAGNETYCZNE-240szt-4figurki-ZBUDUJ-TO-SAM\" sizes=\"(min-width: 1200px) 560px, (min-width: 992px) 50vw, 100vw\" srcset=\"https:\/\/a.allegroimg.com\/s360\/112c3c\/0d6396fb4a5f8cd27958faaa0d8a\/KLOCKI-BLOKI-KONSTRUKCYJNE-PIXELE-MAGNETYCZNE-240szt-4figurki-ZBUDUJ-TO-SAM 360w,https:\/\/a.allegroimg.com\/s720\/112c3c\/0d6396fb4a5f8cd27958faaa0d8a\/KLOCKI-BLOKI-KONSTRUKCYJNE-PIXELE-MAGNETYCZNE-240szt-4figurki-ZBUDUJ-TO-SAM 720w,https:\/\/a.allegroimg.com\/s1024\/112c3c\/0d6396fb4a5f8cd27958faaa0d8a\/KLOCKI-BLOKI-KONSTRUKCYJNE-PIXELE-MAGNETYCZNE-240szt-4figurki-ZBUDUJ-TO-SAM 1024w,https:\/\/a.allegroimg.com\/s1440\/112c3c\/0d6396fb4a5f8cd27958faaa0d8a\/KLOCKI-BLOKI-KONSTRUKCYJNE-PIXELE-MAGNETYCZNE-240szt-4figurki-ZBUDUJ-TO-SAM 1076w,https:\/\/a.allegroimg.com\/original\/112c3c\/0d6396fb4a5f8cd27958faaa0d8a\/KLOCKI-BLOKI-KONSTRUKCYJNE-PIXELE-MAGNETYCZNE-240szt-4figurki-ZBUDUJ-TO-SAM 1076w\" alt=\"STATYBIN\u0116S KALAD\u0116L\u0116S MAGNETINIAI PIKSELIAI 240 vnt. 4 fig\u016br\u0117l\u0117s PASIKONSTRUKUOKITE PATS\" width=\"1076px\" data-srcset=\"\" \/><\/button><\/div>\n<\/div>\n<\/div>\n<\/div>\n<div class=\"mp4t_16_s mryx_16_s mr3m_1 mli2_1 mh85_56 mh85_0_l\">\n<div class=\"mgn2_16 _0d3bd_am0a-\">\n<h2><span dir=\"auto\">Pramogos vaikui, ramyb\u0117 t\u0117vams<\/span><\/h2>\n<p><span dir=\"auto\">\u0160is rinkinys yra daugiau nei tik kalad\u0117l\u0117s \u2013 tai\u00a0\u00a0<\/span><b><span dir=\"auto\">ramyb\u0117s akimirka jums<\/span><\/b><span dir=\"auto\">\u00a0.<\/span><\/p>\n<p><span dir=\"auto\">D\u0117l magnetini\u0173 jung\u010di\u0173 ir dideli\u0173, saugi\u0173 dali\u0173 vaikai gali \u017eaisti\u00a0\u00a0<\/span><b><span dir=\"auto\">savaranki\u0161kai ir saugiai<\/span><\/b><span dir=\"auto\">\u00a0be nuolatin\u0117s prie\u017ei\u016bros. N\u0117ra joki\u0173 smulki\u0173 dali\u0173, kurias galima praryti, a\u0161tri\u0173 briaun\u0173 ar sud\u0117ting\u0173 mechanizm\u0173, kuriems reikalinga suaugusi\u0173j\u0173 pagalba.<\/span><\/p>\n<p><span dir=\"auto\">\u0160is \u017eaislas ne tik lavina vaiko vystym\u0105si, bet\u00a0\u00a0<\/span><b><span dir=\"auto\">ir suma\u017eina na\u0161t\u0105 t\u0117vams<\/span><\/b><span dir=\"auto\">\u00a0. Ir tai tikrai veikia \u2013 tereikia vieno rinkinio, ir ma\u017eylis gali b\u016bti u\u017eimtas ger\u0105 pusvaland\u012f ar ilgiau.\u00a0\u00a0<\/span><b><span dir=\"auto\">Joki\u0173 r\u016bpes\u010di\u0173, nuobodulio, ekran\u0173.<\/span><\/b><\/p>\n<\/div>\n<\/div>\n<\/div>\n<div class=\"mpof_ki myre_zn myre_8v_l m389_6m_l\">\n<div class=\"mp4t_16_s mryx_16_s mr3m_1 mli2_1 mh85_56 mh85_0_l\">\n<div class=\"mg9e_8 mj7a_8 mg9e_0_s mvrt_0_s mj7a_0_s mh36_0_s mzmg_6m munh_16_l m3h2_16_l\">\n<div class=\"mp4t_0 mryx_0 munh_56 m3h2_56\">\n<div class=\"mp7g_oh\"><button class=\"mg9e_0 mvrt_0 mj7a_0 mh36_0 mp4t_0 m3h2_0 mryx_0 munh_0 mqen_m6 mpof_z0 mx7m_0 m7er_k4 mse2_k4 msts_pt\" data-analytics-interaction=\"true\" data-analytics-interaction-label=\"zoomable-image-open\" aria-disabled=\"true\"><img decoding=\"async\" class=\"msub_k4 mupj_5k mjru_k4 mse2_k4 mp7g_f6 mq1m_0 mj7u_0 m7er_k4 mqen_m6 m31c_d8 m0ux_fp lazyloaded\" src=\"https:\/\/a.allegroimg.com\/original\/112c3c\/0d6396fb4a5f8cd27958faaa0d8a\/KLOCKI-BLOKI-KONSTRUKCYJNE-PIXELE-MAGNETYCZNE-240szt-4figurki-ZBUDUJ-TO-SAM\" sizes=\"100vw\" srcset=\"https:\/\/a.allegroimg.com\/s360\/112c3c\/0d6396fb4a5f8cd27958faaa0d8a\/KLOCKI-BLOKI-KONSTRUKCYJNE-PIXELE-MAGNETYCZNE-240szt-4figurki-ZBUDUJ-TO-SAM 360w,https:\/\/a.allegroimg.com\/s720\/112c3c\/0d6396fb4a5f8cd27958faaa0d8a\/KLOCKI-BLOKI-KONSTRUKCYJNE-PIXELE-MAGNETYCZNE-240szt-4figurki-ZBUDUJ-TO-SAM 720w,https:\/\/a.allegroimg.com\/s1024\/112c3c\/0d6396fb4a5f8cd27958faaa0d8a\/KLOCKI-BLOKI-KONSTRUKCYJNE-PIXELE-MAGNETYCZNE-240szt-4figurki-ZBUDUJ-TO-SAM 1024w,https:\/\/a.allegroimg.com\/s1440\/112c3c\/0d6396fb4a5f8cd27958faaa0d8a\/KLOCKI-BLOKI-KONSTRUKCYJNE-PIXELE-MAGNETYCZNE-240szt-4figurki-ZBUDUJ-TO-SAM 1076w,https:\/\/a.allegroimg.com\/original\/112c3c\/0d6396fb4a5f8cd27958faaa0d8a\/KLOCKI-BLOKI-KONSTRUKCYJNE-PIXELE-MAGNETYCZNE-240szt-4figurki-ZBUDUJ-TO-SAM 1076w\" alt=\"STATYBIN\u0116S KALAD\u0116L\u0116S MAGNETINIAI PIKSELIAI 240 vnt. 4 fig\u016br\u0117l\u0117s PASIKONSTRUKUOKITE PATS\" width=\"1076px\" data-srcset=\"\" \/><\/button><\/div>\n<\/div>\n<\/div>\n<\/div>\n<\/div>","protected":false},"excerpt":{"rendered":"<p>Produkto savyb\u0117s: DIDELIS TNT BLOKK\u0172 KIEKIS 4 skaitmenys 236 blokai Kiekviename bloke yra \u012fmontuoti neodimio magnetai DIDEL\u0116S pastat\u0173 modifikavimo galimyb\u0117s<\/p>","protected":false},"featured_media":82503,"template":"","meta":{"_acf_changed":false,"_glsr_average":0,"_glsr_ranking":0,"_glsr_reviews":0},"product_brand":[],"product_cat":[72,446,229],"product_tag":[],"class_list":{"0":"post-82502","1":"product","2":"type-product","3":"status-publish","4":"has-post-thumbnail","6":"product_cat-ispardavimas","7":"product_cat-konstruktoriai","8":"product_cat-zaislai-vaikams","9":"\"style=\"background-color: #2ecc711c;\"","11":"first","12":"instock","13":"sale","14":"shipping-taxable","15":"purchasable","16":"product-type-simple"},"acf":[],"yoast_head":"<!-- This site is optimized with the Yoast SEO plugin v27.3 - https:\/\/yoast.com\/product\/yoast-seo-wordpress\/ -->\n<title>Minecraft kalad\u0117l\u0117s 240vnt - KidsPlay<\/title>\n<meta name=\"description\" content=\"Minecraft kalad\u0117l\u0117s 240vnt - KidsPlay. Did\u017eiausias vaik\u0173 \u017eaisl\u0173 pasirinkimas.\" \/>\n<meta name=\"robots\" content=\"index, follow, max-snippet:-1, max-image-preview:large, max-video-preview:-1\" \/>\n<link rel=\"canonical\" href=\"https:\/\/kidsplay.lt\/lv\/products\/minecraft-kaladeles-240vnt\/\" \/>\n<meta property=\"og:locale\" content=\"lv_LV\" \/>\n<meta property=\"og:type\" content=\"article\" \/>\n<meta property=\"og:title\" content=\"Minecraft kalad\u0117l\u0117s 240vnt - KidsPlay\" \/>\n<meta property=\"og:description\" content=\"Minecraft kalad\u0117l\u0117s 240vnt - KidsPlay. Did\u017eiausias vaik\u0173 \u017eaisl\u0173 pasirinkimas.\" \/>\n<meta property=\"og:url\" content=\"https:\/\/kidsplay.lt\/lv\/products\/minecraft-kaladeles-240vnt\/\" \/>\n<meta property=\"og:site_name\" content=\"KidsPlay\" \/>\n<meta property=\"article:publisher\" content=\"https:\/\/www.facebook.com\/www.kidsplay.lt\" \/>\n<meta property=\"article:modified_time\" content=\"2026-01-08T06:17:16+00:00\" \/>\n<meta property=\"og:image\" content=\"https:\/\/kidsplay.lt\/wp-content\/uploads\/2025\/12\/Screenshot_70.png\" \/>\n\t<meta property=\"og:image:width\" content=\"569\" \/>\n\t<meta property=\"og:image:height\" content=\"515\" \/>\n\t<meta property=\"og:image:type\" content=\"image\/png\" \/>\n<meta name=\"twitter:card\" content=\"summary_large_image\" \/>\n<meta name=\"twitter:label1\" content=\"Est. reading time\" \/>\n\t<meta name=\"twitter:data1\" content=\"2 min\u016btes\" \/>\n<script type=\"application\/ld+json\" class=\"yoast-schema-graph\">{\"@context\":\"https:\\\/\\\/schema.org\",\"@graph\":[{\"@type\":\"WebPage\",\"@id\":\"https:\\\/\\\/kidsplay.lt\\\/produktas\\\/minecraft-kaladeles-240vnt\\\/\",\"url\":\"https:\\\/\\\/kidsplay.lt\\\/produktas\\\/minecraft-kaladeles-240vnt\\\/\",\"name\":\"Minecraft kalad\u0117l\u0117s 240vnt - KidsPlay\",\"isPartOf\":{\"@id\":\"https:\\\/\\\/kidsplay.lt\\\/#website\"},\"primaryImageOfPage\":{\"@id\":\"https:\\\/\\\/kidsplay.lt\\\/produktas\\\/minecraft-kaladeles-240vnt\\\/#primaryimage\"},\"image\":{\"@id\":\"https:\\\/\\\/kidsplay.lt\\\/produktas\\\/minecraft-kaladeles-240vnt\\\/#primaryimage\"},\"thumbnailUrl\":\"https:\\\/\\\/kidsplay.lt\\\/wp-content\\\/uploads\\\/2025\\\/12\\\/Screenshot_70.png\",\"datePublished\":\"2025-12-17T07:13:16+00:00\",\"dateModified\":\"2026-01-08T06:17:16+00:00\",\"description\":\"Minecraft kalad\u0117l\u0117s 240vnt - KidsPlay. Did\u017eiausias vaik\u0173 \u017eaisl\u0173 pasirinkimas.\",\"breadcrumb\":{\"@id\":\"https:\\\/\\\/kidsplay.lt\\\/produktas\\\/minecraft-kaladeles-240vnt\\\/#breadcrumb\"},\"inLanguage\":\"lv-LV\",\"potentialAction\":[{\"@type\":\"ReadAction\",\"target\":[\"https:\\\/\\\/kidsplay.lt\\\/produktas\\\/minecraft-kaladeles-240vnt\\\/\"]}]},{\"@type\":\"ImageObject\",\"inLanguage\":\"lv-LV\",\"@id\":\"https:\\\/\\\/kidsplay.lt\\\/produktas\\\/minecraft-kaladeles-240vnt\\\/#primaryimage\",\"url\":\"https:\\\/\\\/kidsplay.lt\\\/wp-content\\\/uploads\\\/2025\\\/12\\\/Screenshot_70.png\",\"contentUrl\":\"https:\\\/\\\/kidsplay.lt\\\/wp-content\\\/uploads\\\/2025\\\/12\\\/Screenshot_70.png\",\"width\":569,\"height\":515},{\"@type\":\"BreadcrumbList\",\"@id\":\"https:\\\/\\\/kidsplay.lt\\\/produktas\\\/minecraft-kaladeles-240vnt\\\/#breadcrumb\",\"itemListElement\":[{\"@type\":\"ListItem\",\"position\":1,\"name\":\"Pagrindinis\",\"item\":\"https:\\\/\\\/kidsplay.lt\\\/\"},{\"@type\":\"ListItem\",\"position\":2,\"name\":\"Parduotuv\u0117\",\"item\":\"https:\\\/\\\/kidsplay.lt\\\/parduotuve\\\/\"},{\"@type\":\"ListItem\",\"position\":3,\"name\":\"Minecraft kalad\u0117l\u0117s 240vnt\"}]},{\"@type\":\"WebSite\",\"@id\":\"https:\\\/\\\/kidsplay.lt\\\/#website\",\"url\":\"https:\\\/\\\/kidsplay.lt\\\/\",\"name\":\"Kidsplay.lt\",\"description\":\"\u012evairios prek\u0117s vaikams\",\"publisher\":{\"@id\":\"https:\\\/\\\/kidsplay.lt\\\/#organization\"},\"alternateName\":\"Kidsplay\",\"potentialAction\":[{\"@type\":\"SearchAction\",\"target\":{\"@type\":\"EntryPoint\",\"urlTemplate\":\"https:\\\/\\\/kidsplay.lt\\\/?s={search_term_string}\"},\"query-input\":{\"@type\":\"PropertyValueSpecification\",\"valueRequired\":true,\"valueName\":\"search_term_string\"}}],\"inLanguage\":\"lv-LV\"},{\"@type\":\"Organization\",\"@id\":\"https:\\\/\\\/kidsplay.lt\\\/#organization\",\"name\":\"KidsPlay\",\"url\":\"https:\\\/\\\/kidsplay.lt\\\/\",\"logo\":{\"@type\":\"ImageObject\",\"inLanguage\":\"lv-LV\",\"@id\":\"https:\\\/\\\/kidsplay.lt\\\/#\\\/schema\\\/logo\\\/image\\\/\",\"url\":\"https:\\\/\\\/kidsplay.lt\\\/wp-content\\\/uploads\\\/2023\\\/07\\\/kidsplay-logo.png\",\"contentUrl\":\"https:\\\/\\\/kidsplay.lt\\\/wp-content\\\/uploads\\\/2023\\\/07\\\/kidsplay-logo.png\",\"width\":451,\"height\":98,\"caption\":\"KidsPlay\"},\"image\":{\"@id\":\"https:\\\/\\\/kidsplay.lt\\\/#\\\/schema\\\/logo\\\/image\\\/\"},\"sameAs\":[\"https:\\\/\\\/www.facebook.com\\\/www.kidsplay.lt\"]}]}<\/script>\n<!-- \/ Yoast SEO plugin. -->","yoast_head_json":{"title":"Minecraft kalad\u0117l\u0117s 240vnt - KidsPlay","description":"Minecraft kalad\u0117l\u0117s 240vnt - KidsPlay. Did\u017eiausias vaik\u0173 \u017eaisl\u0173 pasirinkimas.","robots":{"index":"index","follow":"follow","max-snippet":"max-snippet:-1","max-image-preview":"max-image-preview:large","max-video-preview":"max-video-preview:-1"},"canonical":"https:\/\/kidsplay.lt\/lv\/products\/minecraft-kaladeles-240vnt\/","og_locale":"lv_LV","og_type":"article","og_title":"Minecraft kalad\u0117l\u0117s 240vnt - KidsPlay","og_description":"Minecraft kalad\u0117l\u0117s 240vnt - KidsPlay. Did\u017eiausias vaik\u0173 \u017eaisl\u0173 pasirinkimas.","og_url":"https:\/\/kidsplay.lt\/lv\/products\/minecraft-kaladeles-240vnt\/","og_site_name":"KidsPlay","article_publisher":"https:\/\/www.facebook.com\/www.kidsplay.lt","article_modified_time":"2026-01-08T06:17:16+00:00","og_image":[{"width":569,"height":515,"url":"https:\/\/kidsplay.lt\/wp-content\/uploads\/2025\/12\/Screenshot_70.png","type":"image\/png"}],"twitter_card":"summary_large_image","twitter_misc":{"Est. reading time":"2 min\u016btes"},"schema":{"@context":"https:\/\/schema.org","@graph":[{"@type":"WebPage","@id":"https:\/\/kidsplay.lt\/produktas\/minecraft-kaladeles-240vnt\/","url":"https:\/\/kidsplay.lt\/produktas\/minecraft-kaladeles-240vnt\/","name":"Minecraft kalad\u0117l\u0117s 240vnt - KidsPlay","isPartOf":{"@id":"https:\/\/kidsplay.lt\/#website"},"primaryImageOfPage":{"@id":"https:\/\/kidsplay.lt\/produktas\/minecraft-kaladeles-240vnt\/#primaryimage"},"image":{"@id":"https:\/\/kidsplay.lt\/produktas\/minecraft-kaladeles-240vnt\/#primaryimage"},"thumbnailUrl":"https:\/\/kidsplay.lt\/wp-content\/uploads\/2025\/12\/Screenshot_70.png","datePublished":"2025-12-17T07:13:16+00:00","dateModified":"2026-01-08T06:17:16+00:00","description":"Minecraft kalad\u0117l\u0117s 240vnt - KidsPlay. Did\u017eiausias vaik\u0173 \u017eaisl\u0173 pasirinkimas.","breadcrumb":{"@id":"https:\/\/kidsplay.lt\/produktas\/minecraft-kaladeles-240vnt\/#breadcrumb"},"inLanguage":"lv-LV","potentialAction":[{"@type":"ReadAction","target":["https:\/\/kidsplay.lt\/produktas\/minecraft-kaladeles-240vnt\/"]}]},{"@type":"ImageObject","inLanguage":"lv-LV","@id":"https:\/\/kidsplay.lt\/produktas\/minecraft-kaladeles-240vnt\/#primaryimage","url":"https:\/\/kidsplay.lt\/wp-content\/uploads\/2025\/12\/Screenshot_70.png","contentUrl":"https:\/\/kidsplay.lt\/wp-content\/uploads\/2025\/12\/Screenshot_70.png","width":569,"height":515},{"@type":"BreadcrumbList","@id":"https:\/\/kidsplay.lt\/produktas\/minecraft-kaladeles-240vnt\/#breadcrumb","itemListElement":[{"@type":"ListItem","position":1,"name":"Pagrindinis","item":"https:\/\/kidsplay.lt\/"},{"@type":"ListItem","position":2,"name":"Parduotuv\u0117","item":"https:\/\/kidsplay.lt\/parduotuve\/"},{"@type":"ListItem","position":3,"name":"Minecraft kalad\u0117l\u0117s 240vnt"}]},{"@type":"WebSite","@id":"https:\/\/kidsplay.lt\/#website","url":"https:\/\/kidsplay.lt\/","name":"B\u0113rnu sp\u0113les.lv","description":"\u012evairios prek\u0117s vaikams","publisher":{"@id":"https:\/\/kidsplay.lt\/#organization"},"alternateName":"Kidsplay","potentialAction":[{"@type":"SearchAction","target":{"@type":"EntryPoint","urlTemplate":"https:\/\/kidsplay.lt\/?s={search_term_string}"},"query-input":{"@type":"PropertyValueSpecification","valueRequired":true,"valueName":"search_term_string"}}],"inLanguage":"lv-LV"},{"@type":"Organization","@id":"https:\/\/kidsplay.lt\/#organization","name":"B\u0113rnu sp\u0113le","url":"https:\/\/kidsplay.lt\/","logo":{"@type":"ImageObject","inLanguage":"lv-LV","@id":"https:\/\/kidsplay.lt\/#\/schema\/logo\/image\/","url":"https:\/\/kidsplay.lt\/wp-content\/uploads\/2023\/07\/kidsplay-logo.png","contentUrl":"https:\/\/kidsplay.lt\/wp-content\/uploads\/2023\/07\/kidsplay-logo.png","width":451,"height":98,"caption":"KidsPlay"},"image":{"@id":"https:\/\/kidsplay.lt\/#\/schema\/logo\/image\/"},"sameAs":["https:\/\/www.facebook.com\/www.kidsplay.lt"]}]}},"_links":{"self":[{"href":"https:\/\/kidsplay.lt\/lv\/wp-json\/wp\/v2\/product\/82502","targetHints":{"allow":["GET"]}}],"collection":[{"href":"https:\/\/kidsplay.lt\/lv\/wp-json\/wp\/v2\/product"}],"about":[{"href":"https:\/\/kidsplay.lt\/lv\/wp-json\/wp\/v2\/types\/product"}],"version-history":[{"count":1,"href":"https:\/\/kidsplay.lt\/lv\/wp-json\/wp\/v2\/product\/82502\/revisions"}],"predecessor-version":[{"id":82505,"href":"https:\/\/kidsplay.lt\/lv\/wp-json\/wp\/v2\/product\/82502\/revisions\/82505"}],"wp:featuredmedia":[{"embeddable":true,"href":"https:\/\/kidsplay.lt\/lv\/wp-json\/wp\/v2\/media\/82503"}],"wp:attachment":[{"href":"https:\/\/kidsplay.lt\/lv\/wp-json\/wp\/v2\/media?parent=82502"}],"wp:term":[{"taxonomy":"product_brand","embeddable":true,"href":"https:\/\/kidsplay.lt\/lv\/wp-json\/wp\/v2\/product_brand?post=82502"},{"taxonomy":"product_cat","embeddable":true,"href":"https:\/\/kidsplay.lt\/lv\/wp-json\/wp\/v2\/product_cat?post=82502"},{"taxonomy":"product_tag","embeddable":true,"href":"https:\/\/kidsplay.lt\/lv\/wp-json\/wp\/v2\/product_tag?post=82502"}],"curies":[{"name":"wp","href":"https:\/\/api.w.org\/{rel}","templated":true}]}}