{"id":82783,"date":"2026-01-01T22:49:00","date_gmt":"2026-01-01T20:49:00","guid":{"rendered":"https:\/\/kidsplay.lt\/?post_type=product&#038;p=82783"},"modified":"2026-01-02T07:52:50","modified_gmt":"2026-01-02T05:52:50","slug":"kurybingas-pynimo-ir-audimo-masinu-rinkinys","status":"publish","type":"product","link":"https:\/\/kidsplay.lt\/lv\/products\/kurybingas-pynimo-ir-audimo-masinu-rinkinys\/","title":{"rendered":"Rado\u0161as au\u0161anas un ad\u012b\u0161anas ma\u0161\u012bnas komplekts"},"content":{"rendered":"<div class=\"mpof_ki myre_zn myre_8v_l m389_6m_l\">\n<div class=\"mp4t_16_s mryx_16_s mr3m_1 mli2_1 mh85_56 mh85_0_l\">\n<div class=\"mgn2_16 _0d3bd_am0a-\">\n<p><b><span dir=\"auto\">K\u016brybinis rinkinys: pynimo ma\u0161ina, 5 spalvos<\/span><\/b><\/p>\n<p><span dir=\"auto\">Norite pasigaminti savo papuo\u0161alus, kepures ar \u0161alikus? \u0160is rinkinys skirtas mergait\u0117ms, norin\u010dioms susikurti savo unikal\u0173 stili\u0173. Jos gali pasirinkti dizain\u0105, surinkti med\u017eiagas ir pasigaminti savo kepur\u0119 ar \u0161alik\u0105. \u0160i smagi veikla lavins k\u016brybi\u0161kum\u0105 ir leis joms susikurti savo stili\u0173. Galb\u016bt gal\u0117tum\u0117te savo pirm\u0105j\u012f \u0161alik\u0105 padovanoti artimiesiems?<\/span><\/p>\n<\/div>\n<\/div>\n<\/div>\n<div class=\"mpof_ki myre_zn myre_8v_l m389_6m_l\">\n<div class=\"mp4t_16_s mryx_16_s mr3m_1 mli2_1 mh85_56 mh85_0_l\">\n<div class=\"mgn2_16 _0d3bd_am0a-\">\n<p><span dir=\"auto\">\u017daid\u017eiant lavinamas vaik\u0173 rank\u0173 miklumas ir k\u016brybi\u0161kumas. Audimo stakl\u0117s yra lengvai naudojamas \u012frankis, leid\u017eiantis sukurti gra\u017eius ir unikalius aksesuarus, tokius kaip \u0161alik\u0105, kepur\u0119 ar pir\u0161tines. Pirmiausia \u012f ma\u0161in\u0105 \u012fverkite siuvin\u0117jimo si\u016bl\u0105 ir rankena pasukite vis\u0105 \u012frengin\u012f. Ma\u0161inoje yra i\u0161siki\u0161\u0119 kabliukai, kurie suima si\u016bl\u0105 ir aud\u017eia, pavyzd\u017eiui, ilg\u0105, gra\u017e\u0173 \u0161alik\u0105.<\/span><\/p>\n<\/div>\n<\/div>\n<\/div>\n<div class=\"mpof_ki myre_zn myre_8v_l m389_6m_l\">\n<div class=\"mp4t_16_s mryx_16_s mr3m_1 mli2_1 mh85_56 mh85_0_l\">\n<div class=\"mgn2_16 _0d3bd_am0a-\">\n<p><span dir=\"auto\">\u0160onuose esan\u010dios svirtys kei\u010dia sukimosi krypt\u012f.<\/span><\/p>\n<p><b><span dir=\"auto\">Rinkinio komponentai:<\/span><\/b><\/p>\n<p><span dir=\"auto\">&#8211; 5 si\u016bl\u0173 spalvos: balta, geltona, tamsiai ro\u017ein\u0117, \u0161viesiai ro\u017ein\u0117, m\u0117lyna<\/span><\/p>\n<p><span dir=\"auto\">&#8211; pynimo ma\u0161ina<\/span><\/p>\n<p><b><span dir=\"auto\">Ma\u0161inos matmenys:<\/span><\/b><\/p>\n<p><span dir=\"auto\">34 cm x 15 cm x 11 cm<\/span><\/p>\n<p><span dir=\"auto\">40 cm x 28 cm x 12 cm<\/span><\/p>\n<p><span dir=\"auto\">Rinkinys supakuotas didel\u0117je, dekoratyvioje d\u0117\u017eut\u0117je, tod\u0117l tai puiki dovana bet kuriam menininkui. D\u0117l daugyb\u0117s smulki\u0173 detali\u0173,<\/span><\/p>\n<p><span dir=\"auto\">\u017daislas skirtas visoms mergait\u0117ms nuo\u00a0<\/span><b><span dir=\"auto\">6 met\u0173 am\u017eiaus<\/span><\/b><span dir=\"auto\">\u00a0.<\/span><\/p>\n<p><span dir=\"auto\">Atitinka EN71 standart\u0105.<\/span><\/p>\n<\/div>\n<\/div>\n<div class=\"mp4t_16_s mryx_16_s mr3m_1 mli2_1 mh85_56 mh85_0_l\">\n<div class=\"mg9e_8 mj7a_8 mg9e_0_s mvrt_0_s mj7a_0_s mh36_0_s mzmg_6m munh_16_l m3h2_16_l\">\n<div class=\"mp4t_0 mryx_0 munh_56 m3h2_56\">\n<div class=\"mp7g_oh\"><button class=\"mg9e_0 mvrt_0 mj7a_0 mh36_0 mp4t_0 m3h2_0 mryx_0 munh_0 mqen_m6 mpof_z0 mx7m_0 m7er_k4 mse2_k4 msts_pt\" data-analytics-interaction=\"true\" data-analytics-interaction-label=\"zoomable-image-open\" aria-disabled=\"true\"><img decoding=\"async\" class=\"msub_k4 mupj_5k mjru_k4 mse2_k4 mp7g_f6 mq1m_0 mj7u_0 m7er_k4 mqen_m6 m31c_d8 m0ux_fp lazyloaded\" src=\"https:\/\/a.allegroimg.com\/original\/112f1b\/27f966704516ac7bac2465ac83b2\/Zestaw-Kreatywny-Maszynka-do-Zaplatania-i-Tkania-dla-dzieci-i-rodzicow-EAN-GTIN-5905214974893\" sizes=\"(min-width: 1200px) 560px, (min-width: 992px) 50vw, 100vw\" srcset=\"https:\/\/a.allegroimg.com\/s360\/112f1b\/27f966704516ac7bac2465ac83b2\/Zestaw-Kreatywny-Maszynka-do-Zaplatania-i-Tkania-dla-dzieci-i-rodzicow-EAN-GTIN-5905214974893 360w,https:\/\/a.allegroimg.com\/s720\/112f1b\/27f966704516ac7bac2465ac83b2\/Zestaw-Kreatywny-Maszynka-do-Zaplatania-i-Tkania-dla-dzieci-i-rodzicow-EAN-GTIN-5905214974893 720w,https:\/\/a.allegroimg.com\/s1024\/112f1b\/27f966704516ac7bac2465ac83b2\/Zestaw-Kreatywny-Maszynka-do-Zaplatania-i-Tkania-dla-dzieci-i-rodzicow-EAN-GTIN-5905214974893 1000w,https:\/\/a.allegroimg.com\/original\/112f1b\/27f966704516ac7bac2465ac83b2\/Zestaw-Kreatywny-Maszynka-do-Zaplatania-i-Tkania-dla-dzieci-i-rodzicow-EAN-GTIN-5905214974893 1000w\" alt=\"K\u016brybinis pynimo ir audimo ma\u0161in\u0173 rinkinys vaikams ir t\u0117vams EAN (GTIN) 5905214974893\" width=\"1000px\" data-srcset=\"\" \/><\/button><\/div>\n<\/div>\n<\/div>\n<\/div>\n<\/div>\n<div class=\"mpof_ki myre_zn myre_8v_l m389_6m_l\">\n<div class=\"mp4t_16_s mryx_16_s mr3m_1 mli2_1 mh85_56 mh85_0_l\">\n<div class=\"mg9e_8 mj7a_8 mg9e_0_s mvrt_0_s mj7a_0_s mh36_0_s mzmg_6m munh_16_l m3h2_16_l\">\n<div class=\"mp4t_0 mryx_0 munh_56 m3h2_56\">\n<div class=\"mp7g_oh\"><button class=\"mg9e_0 mvrt_0 mj7a_0 mh36_0 mp4t_0 m3h2_0 mryx_0 munh_0 mqen_m6 mpof_z0 mx7m_0 m7er_k4 mse2_k4 msts_pt\" data-analytics-interaction=\"true\" data-analytics-interaction-label=\"zoomable-image-open\" aria-disabled=\"true\"><img decoding=\"async\" class=\"msub_k4 mupj_5k mjru_k4 mse2_k4 mp7g_f6 mq1m_0 mj7u_0 m7er_k4 mqen_m6 m31c_d8 m0ux_fp lazyloaded\" src=\"https:\/\/a.allegroimg.com\/original\/11b1e6\/3354b820406b86da07cbc6355f45\/Zestaw-Kreatywny-Maszynka-do-Zaplatania-i-Tkania-dla-dzieci-i-rodzicow-Kod-producenta-10865\" sizes=\"(min-width: 1200px) 560px, (min-width: 992px) 50vw, 100vw\" srcset=\"https:\/\/a.allegroimg.com\/s360\/11b1e6\/3354b820406b86da07cbc6355f45\/Zestaw-Kreatywny-Maszynka-do-Zaplatania-i-Tkania-dla-dzieci-i-rodzicow-Kod-producenta-10865 360w,https:\/\/a.allegroimg.com\/s720\/11b1e6\/3354b820406b86da07cbc6355f45\/Zestaw-Kreatywny-Maszynka-do-Zaplatania-i-Tkania-dla-dzieci-i-rodzicow-Kod-producenta-10865 720w,https:\/\/a.allegroimg.com\/s1024\/11b1e6\/3354b820406b86da07cbc6355f45\/Zestaw-Kreatywny-Maszynka-do-Zaplatania-i-Tkania-dla-dzieci-i-rodzicow-Kod-producenta-10865 1000w,https:\/\/a.allegroimg.com\/original\/11b1e6\/3354b820406b86da07cbc6355f45\/Zestaw-Kreatywny-Maszynka-do-Zaplatania-i-Tkania-dla-dzieci-i-rodzicow-Kod-producenta-10865 1000w\" alt=\"K\u016brybinis pynimo ir audimo ma\u0161in\u0173 rinkinys vaikams ir t\u0117vams, gamintojo kodas 10865\" width=\"1000px\" data-srcset=\"\" \/><\/button><\/div>\n<\/div>\n<\/div>\n<\/div>\n<div class=\"mp4t_16_s mryx_16_s mr3m_1 mli2_1 mh85_56 mh85_0_l\">\n<div class=\"mg9e_8 mj7a_8 mg9e_0_s mvrt_0_s mj7a_0_s mh36_0_s mzmg_6m munh_16_l m3h2_16_l\">\n<div class=\"mp4t_0 mryx_0 munh_56 m3h2_56\">\n<div class=\"mp7g_oh\"><button class=\"mg9e_0 mvrt_0 mj7a_0 mh36_0 mp4t_0 m3h2_0 mryx_0 munh_0 mqen_m6 mpof_z0 mx7m_0 m7er_k4 mse2_k4 msts_pt\" data-analytics-interaction=\"true\" data-analytics-interaction-label=\"zoomable-image-open\" aria-disabled=\"true\"><img decoding=\"async\" class=\"msub_k4 mupj_5k mjru_k4 mse2_k4 mp7g_f6 mq1m_0 mj7u_0 m7er_k4 mqen_m6 m31c_d8 m0ux_fp lazyloaded\" src=\"https:\/\/a.allegroimg.com\/original\/11cdd2\/3aab748a4095b43b6eb850b973e9\/Zestaw-Kreatywny-Maszynka-do-Zaplatania-i-Tkania-dla-dzieci-i-rodzicow-Marka-LEAN-Toys\" sizes=\"(min-width: 1200px) 560px, (min-width: 992px) 50vw, 100vw\" srcset=\"https:\/\/a.allegroimg.com\/s360\/11cdd2\/3aab748a4095b43b6eb850b973e9\/Zestaw-Kreatywny-Maszynka-do-Zaplatania-i-Tkania-dla-dzieci-i-rodzicow-Marka-LEAN-Toys 360w,https:\/\/a.allegroimg.com\/s720\/11cdd2\/3aab748a4095b43b6eb850b973e9\/Zestaw-Kreatywny-Maszynka-do-Zaplatania-i-Tkania-dla-dzieci-i-rodzicow-Marka-LEAN-Toys 720w,https:\/\/a.allegroimg.com\/s1024\/11cdd2\/3aab748a4095b43b6eb850b973e9\/Zestaw-Kreatywny-Maszynka-do-Zaplatania-i-Tkania-dla-dzieci-i-rodzicow-Marka-LEAN-Toys 1000w,https:\/\/a.allegroimg.com\/original\/11cdd2\/3aab748a4095b43b6eb850b973e9\/Zestaw-Kreatywny-Maszynka-do-Zaplatania-i-Tkania-dla-dzieci-i-rodzicow-Marka-LEAN-Toys 1000w\" alt=\"K\u016brybinis pynimo ir audimo ma\u0161in\u0173 rinkinys vaikams ir t\u0117vams LEAN \u017daislai\" width=\"1000px\" data-srcset=\"\" \/><\/button><\/div>\n<\/div>\n<\/div>\n<\/div>\n<\/div>\n<div class=\"mpof_ki myre_zn myre_8v_l m389_6m_l\">\n<div class=\"mp4t_16_s mryx_16_s mr3m_1 mli2_1 mh85_56 mh85_0_l\">\n<div class=\"mg9e_8 mj7a_8 mg9e_0_s mvrt_0_s mj7a_0_s mh36_0_s mzmg_6m munh_16_l m3h2_16_l\">\n<div class=\"mp4t_0 mryx_0 munh_56 m3h2_56\">\n<div class=\"mp7g_oh\"><button class=\"mg9e_0 mvrt_0 mj7a_0 mh36_0 mp4t_0 m3h2_0 mryx_0 munh_0 mqen_m6 mpof_z0 mx7m_0 m7er_k4 mse2_k4 msts_pt\" data-analytics-interaction=\"true\" data-analytics-interaction-label=\"zoomable-image-open\" aria-disabled=\"true\"><img decoding=\"async\" class=\"msub_k4 mupj_5k mjru_k4 mse2_k4 mp7g_f6 mq1m_0 mj7u_0 m7er_k4 mqen_m6 m31c_d8 m0ux_fp lazyloaded\" src=\"https:\/\/a.allegroimg.com\/original\/11e147\/1d7262584f3b9b1521665755efd9\/Zestaw-Kreatywny-Maszynka-do-Zaplatania-i-Tkania-dla-dzieci-i-rodzicow-Stan-opakowania-oryginalne\" sizes=\"100vw\" srcset=\"https:\/\/a.allegroimg.com\/s360\/11e147\/1d7262584f3b9b1521665755efd9\/Zestaw-Kreatywny-Maszynka-do-Zaplatania-i-Tkania-dla-dzieci-i-rodzicow-Stan-opakowania-oryginalne 360w,https:\/\/a.allegroimg.com\/s720\/11e147\/1d7262584f3b9b1521665755efd9\/Zestaw-Kreatywny-Maszynka-do-Zaplatania-i-Tkania-dla-dzieci-i-rodzicow-Stan-opakowania-oryginalne 720w,https:\/\/a.allegroimg.com\/s1024\/11e147\/1d7262584f3b9b1521665755efd9\/Zestaw-Kreatywny-Maszynka-do-Zaplatania-i-Tkania-dla-dzieci-i-rodzicow-Stan-opakowania-oryginalne 1000w,https:\/\/a.allegroimg.com\/original\/11e147\/1d7262584f3b9b1521665755efd9\/Zestaw-Kreatywny-Maszynka-do-Zaplatania-i-Tkania-dla-dzieci-i-rodzicow-Stan-opakowania-oryginalne 1000w\" alt=\"K\u016brybinis pynimo ir audimo ma\u0161in\u0173 rinkinys vaikams ir t\u0117vams. Originalios pakuot\u0117s b\u016bkl\u0117.\" width=\"1000px\" data-srcset=\"\" \/><\/button><\/div>\n<\/div>\n<\/div>\n<\/div>\n<\/div>","protected":false},"excerpt":{"rendered":"<p class=\"mp4t_0 mryx_0 mj7a_4 mp0t_ji m9qz_yo munh_0 mqu1_1j mgmw_wo mgn2_21 mgn2_25_s mvrt_8\"><span dir=\"auto\">K\u016brybingas pynimo ir audimo ma\u0161in\u0173 rinkinys vaikams ir t\u0117vams<\/span><\/p>\n<div class=\"mpof_z0 mpof_ki_l m3h2_24_s\">\n<div class=\"mpof_ki mwdn_1\"><\/div>\n<\/div>","protected":false},"featured_media":82784,"template":"","meta":{"_acf_changed":false,"_glsr_average":0,"_glsr_ranking":0,"_glsr_reviews":0},"product_brand":[],"product_cat":[810,229],"product_tag":[],"class_list":{"0":"post-82783","1":"product","2":"type-product","3":"status-publish","4":"has-post-thumbnail","6":"product_cat-kurybiniai-rinkiniai","7":"product_cat-zaislai-vaikams","8":"\"style=\"background-color: #2ecc711c;\"","10":"first","11":"instock","12":"shipping-taxable","13":"purchasable","14":"product-type-simple"},"acf":[],"yoast_head":"<!-- This site is optimized with the Yoast SEO plugin v27.3 - https:\/\/yoast.com\/product\/yoast-seo-wordpress\/ -->\n<title>K\u016brybingas pynimo ir audimo ma\u0161in\u0173 rinkinys - KidsPlay<\/title>\n<meta name=\"description\" content=\"K\u016brybingas pynimo ir audimo ma\u0161in\u0173 rinkinys - KidsPlay. Did\u017eiausias vaik\u0173 \u017eaisl\u0173 pasirinkimas.\" \/>\n<meta name=\"robots\" content=\"index, follow, max-snippet:-1, max-image-preview:large, max-video-preview:-1\" \/>\n<link rel=\"canonical\" href=\"https:\/\/kidsplay.lt\/lv\/products\/kurybingas-pynimo-ir-audimo-masinu-rinkinys\/\" \/>\n<meta property=\"og:locale\" content=\"lv_LV\" \/>\n<meta property=\"og:type\" content=\"article\" \/>\n<meta property=\"og:title\" content=\"K\u016brybingas pynimo ir audimo ma\u0161in\u0173 rinkinys - KidsPlay\" \/>\n<meta property=\"og:description\" content=\"K\u016brybingas pynimo ir audimo ma\u0161in\u0173 rinkinys - KidsPlay. Did\u017eiausias vaik\u0173 \u017eaisl\u0173 pasirinkimas.\" \/>\n<meta property=\"og:url\" content=\"https:\/\/kidsplay.lt\/lv\/products\/kurybingas-pynimo-ir-audimo-masinu-rinkinys\/\" \/>\n<meta property=\"og:site_name\" content=\"KidsPlay\" \/>\n<meta property=\"article:publisher\" content=\"https:\/\/www.facebook.com\/www.kidsplay.lt\" \/>\n<meta property=\"article:modified_time\" content=\"2026-01-02T05:52:50+00:00\" \/>\n<meta property=\"og:image\" content=\"https:\/\/kidsplay.lt\/wp-content\/uploads\/2026\/01\/Screenshot_140.png\" \/>\n\t<meta property=\"og:image:width\" content=\"737\" \/>\n\t<meta property=\"og:image:height\" content=\"518\" \/>\n\t<meta property=\"og:image:type\" content=\"image\/png\" \/>\n<meta name=\"twitter:card\" content=\"summary_large_image\" \/>\n<meta name=\"twitter:label1\" content=\"Est. reading time\" \/>\n\t<meta name=\"twitter:data1\" content=\"2 min\u016btes\" \/>\n<script type=\"application\/ld+json\" class=\"yoast-schema-graph\">{\"@context\":\"https:\\\/\\\/schema.org\",\"@graph\":[{\"@type\":\"WebPage\",\"@id\":\"https:\\\/\\\/kidsplay.lt\\\/produktas\\\/kurybingas-pynimo-ir-audimo-masinu-rinkinys\\\/\",\"url\":\"https:\\\/\\\/kidsplay.lt\\\/produktas\\\/kurybingas-pynimo-ir-audimo-masinu-rinkinys\\\/\",\"name\":\"K\u016brybingas pynimo ir audimo ma\u0161in\u0173 rinkinys - KidsPlay\",\"isPartOf\":{\"@id\":\"https:\\\/\\\/kidsplay.lt\\\/#website\"},\"primaryImageOfPage\":{\"@id\":\"https:\\\/\\\/kidsplay.lt\\\/produktas\\\/kurybingas-pynimo-ir-audimo-masinu-rinkinys\\\/#primaryimage\"},\"image\":{\"@id\":\"https:\\\/\\\/kidsplay.lt\\\/produktas\\\/kurybingas-pynimo-ir-audimo-masinu-rinkinys\\\/#primaryimage\"},\"thumbnailUrl\":\"https:\\\/\\\/kidsplay.lt\\\/wp-content\\\/uploads\\\/2026\\\/01\\\/Screenshot_140.png\",\"datePublished\":\"2026-01-01T20:49:00+00:00\",\"dateModified\":\"2026-01-02T05:52:50+00:00\",\"description\":\"K\u016brybingas pynimo ir audimo ma\u0161in\u0173 rinkinys - KidsPlay. Did\u017eiausias vaik\u0173 \u017eaisl\u0173 pasirinkimas.\",\"breadcrumb\":{\"@id\":\"https:\\\/\\\/kidsplay.lt\\\/produktas\\\/kurybingas-pynimo-ir-audimo-masinu-rinkinys\\\/#breadcrumb\"},\"inLanguage\":\"lv-LV\",\"potentialAction\":[{\"@type\":\"ReadAction\",\"target\":[\"https:\\\/\\\/kidsplay.lt\\\/produktas\\\/kurybingas-pynimo-ir-audimo-masinu-rinkinys\\\/\"]}]},{\"@type\":\"ImageObject\",\"inLanguage\":\"lv-LV\",\"@id\":\"https:\\\/\\\/kidsplay.lt\\\/produktas\\\/kurybingas-pynimo-ir-audimo-masinu-rinkinys\\\/#primaryimage\",\"url\":\"https:\\\/\\\/kidsplay.lt\\\/wp-content\\\/uploads\\\/2026\\\/01\\\/Screenshot_140.png\",\"contentUrl\":\"https:\\\/\\\/kidsplay.lt\\\/wp-content\\\/uploads\\\/2026\\\/01\\\/Screenshot_140.png\",\"width\":737,\"height\":518},{\"@type\":\"BreadcrumbList\",\"@id\":\"https:\\\/\\\/kidsplay.lt\\\/produktas\\\/kurybingas-pynimo-ir-audimo-masinu-rinkinys\\\/#breadcrumb\",\"itemListElement\":[{\"@type\":\"ListItem\",\"position\":1,\"name\":\"Pagrindinis\",\"item\":\"https:\\\/\\\/kidsplay.lt\\\/\"},{\"@type\":\"ListItem\",\"position\":2,\"name\":\"Parduotuv\u0117\",\"item\":\"https:\\\/\\\/kidsplay.lt\\\/parduotuve\\\/\"},{\"@type\":\"ListItem\",\"position\":3,\"name\":\"K\u016brybingas pynimo ir audimo ma\u0161in\u0173 rinkinys\"}]},{\"@type\":\"WebSite\",\"@id\":\"https:\\\/\\\/kidsplay.lt\\\/#website\",\"url\":\"https:\\\/\\\/kidsplay.lt\\\/\",\"name\":\"Kidsplay.lt\",\"description\":\"\u012evairios prek\u0117s vaikams\",\"publisher\":{\"@id\":\"https:\\\/\\\/kidsplay.lt\\\/#organization\"},\"alternateName\":\"Kidsplay\",\"potentialAction\":[{\"@type\":\"SearchAction\",\"target\":{\"@type\":\"EntryPoint\",\"urlTemplate\":\"https:\\\/\\\/kidsplay.lt\\\/?s={search_term_string}\"},\"query-input\":{\"@type\":\"PropertyValueSpecification\",\"valueRequired\":true,\"valueName\":\"search_term_string\"}}],\"inLanguage\":\"lv-LV\"},{\"@type\":\"Organization\",\"@id\":\"https:\\\/\\\/kidsplay.lt\\\/#organization\",\"name\":\"KidsPlay\",\"url\":\"https:\\\/\\\/kidsplay.lt\\\/\",\"logo\":{\"@type\":\"ImageObject\",\"inLanguage\":\"lv-LV\",\"@id\":\"https:\\\/\\\/kidsplay.lt\\\/#\\\/schema\\\/logo\\\/image\\\/\",\"url\":\"https:\\\/\\\/kidsplay.lt\\\/wp-content\\\/uploads\\\/2023\\\/07\\\/kidsplay-logo.png\",\"contentUrl\":\"https:\\\/\\\/kidsplay.lt\\\/wp-content\\\/uploads\\\/2023\\\/07\\\/kidsplay-logo.png\",\"width\":451,\"height\":98,\"caption\":\"KidsPlay\"},\"image\":{\"@id\":\"https:\\\/\\\/kidsplay.lt\\\/#\\\/schema\\\/logo\\\/image\\\/\"},\"sameAs\":[\"https:\\\/\\\/www.facebook.com\\\/www.kidsplay.lt\"]}]}<\/script>\n<!-- \/ Yoast SEO plugin. -->","yoast_head_json":{"title":"K\u016brybingas pynimo ir audimo ma\u0161in\u0173 rinkinys - KidsPlay","description":"K\u016brybingas pynimo ir audimo ma\u0161in\u0173 rinkinys - KidsPlay. Did\u017eiausias vaik\u0173 \u017eaisl\u0173 pasirinkimas.","robots":{"index":"index","follow":"follow","max-snippet":"max-snippet:-1","max-image-preview":"max-image-preview:large","max-video-preview":"max-video-preview:-1"},"canonical":"https:\/\/kidsplay.lt\/lv\/products\/kurybingas-pynimo-ir-audimo-masinu-rinkinys\/","og_locale":"lv_LV","og_type":"article","og_title":"K\u016brybingas pynimo ir audimo ma\u0161in\u0173 rinkinys - KidsPlay","og_description":"K\u016brybingas pynimo ir audimo ma\u0161in\u0173 rinkinys - KidsPlay. Did\u017eiausias vaik\u0173 \u017eaisl\u0173 pasirinkimas.","og_url":"https:\/\/kidsplay.lt\/lv\/products\/kurybingas-pynimo-ir-audimo-masinu-rinkinys\/","og_site_name":"KidsPlay","article_publisher":"https:\/\/www.facebook.com\/www.kidsplay.lt","article_modified_time":"2026-01-02T05:52:50+00:00","og_image":[{"width":737,"height":518,"url":"https:\/\/kidsplay.lt\/wp-content\/uploads\/2026\/01\/Screenshot_140.png","type":"image\/png"}],"twitter_card":"summary_large_image","twitter_misc":{"Est. reading time":"2 min\u016btes"},"schema":{"@context":"https:\/\/schema.org","@graph":[{"@type":"WebPage","@id":"https:\/\/kidsplay.lt\/produktas\/kurybingas-pynimo-ir-audimo-masinu-rinkinys\/","url":"https:\/\/kidsplay.lt\/produktas\/kurybingas-pynimo-ir-audimo-masinu-rinkinys\/","name":"K\u016brybingas pynimo ir audimo ma\u0161in\u0173 rinkinys - KidsPlay","isPartOf":{"@id":"https:\/\/kidsplay.lt\/#website"},"primaryImageOfPage":{"@id":"https:\/\/kidsplay.lt\/produktas\/kurybingas-pynimo-ir-audimo-masinu-rinkinys\/#primaryimage"},"image":{"@id":"https:\/\/kidsplay.lt\/produktas\/kurybingas-pynimo-ir-audimo-masinu-rinkinys\/#primaryimage"},"thumbnailUrl":"https:\/\/kidsplay.lt\/wp-content\/uploads\/2026\/01\/Screenshot_140.png","datePublished":"2026-01-01T20:49:00+00:00","dateModified":"2026-01-02T05:52:50+00:00","description":"K\u016brybingas pynimo ir audimo ma\u0161in\u0173 rinkinys - KidsPlay. Did\u017eiausias vaik\u0173 \u017eaisl\u0173 pasirinkimas.","breadcrumb":{"@id":"https:\/\/kidsplay.lt\/produktas\/kurybingas-pynimo-ir-audimo-masinu-rinkinys\/#breadcrumb"},"inLanguage":"lv-LV","potentialAction":[{"@type":"ReadAction","target":["https:\/\/kidsplay.lt\/produktas\/kurybingas-pynimo-ir-audimo-masinu-rinkinys\/"]}]},{"@type":"ImageObject","inLanguage":"lv-LV","@id":"https:\/\/kidsplay.lt\/produktas\/kurybingas-pynimo-ir-audimo-masinu-rinkinys\/#primaryimage","url":"https:\/\/kidsplay.lt\/wp-content\/uploads\/2026\/01\/Screenshot_140.png","contentUrl":"https:\/\/kidsplay.lt\/wp-content\/uploads\/2026\/01\/Screenshot_140.png","width":737,"height":518},{"@type":"BreadcrumbList","@id":"https:\/\/kidsplay.lt\/produktas\/kurybingas-pynimo-ir-audimo-masinu-rinkinys\/#breadcrumb","itemListElement":[{"@type":"ListItem","position":1,"name":"Pagrindinis","item":"https:\/\/kidsplay.lt\/"},{"@type":"ListItem","position":2,"name":"Parduotuv\u0117","item":"https:\/\/kidsplay.lt\/parduotuve\/"},{"@type":"ListItem","position":3,"name":"K\u016brybingas pynimo ir audimo ma\u0161in\u0173 rinkinys"}]},{"@type":"WebSite","@id":"https:\/\/kidsplay.lt\/#website","url":"https:\/\/kidsplay.lt\/","name":"B\u0113rnu sp\u0113les.lv","description":"\u012evairios prek\u0117s vaikams","publisher":{"@id":"https:\/\/kidsplay.lt\/#organization"},"alternateName":"Kidsplay","potentialAction":[{"@type":"SearchAction","target":{"@type":"EntryPoint","urlTemplate":"https:\/\/kidsplay.lt\/?s={search_term_string}"},"query-input":{"@type":"PropertyValueSpecification","valueRequired":true,"valueName":"search_term_string"}}],"inLanguage":"lv-LV"},{"@type":"Organization","@id":"https:\/\/kidsplay.lt\/#organization","name":"B\u0113rnu sp\u0113le","url":"https:\/\/kidsplay.lt\/","logo":{"@type":"ImageObject","inLanguage":"lv-LV","@id":"https:\/\/kidsplay.lt\/#\/schema\/logo\/image\/","url":"https:\/\/kidsplay.lt\/wp-content\/uploads\/2023\/07\/kidsplay-logo.png","contentUrl":"https:\/\/kidsplay.lt\/wp-content\/uploads\/2023\/07\/kidsplay-logo.png","width":451,"height":98,"caption":"KidsPlay"},"image":{"@id":"https:\/\/kidsplay.lt\/#\/schema\/logo\/image\/"},"sameAs":["https:\/\/www.facebook.com\/www.kidsplay.lt"]}]}},"_links":{"self":[{"href":"https:\/\/kidsplay.lt\/lv\/wp-json\/wp\/v2\/product\/82783","targetHints":{"allow":["GET"]}}],"collection":[{"href":"https:\/\/kidsplay.lt\/lv\/wp-json\/wp\/v2\/product"}],"about":[{"href":"https:\/\/kidsplay.lt\/lv\/wp-json\/wp\/v2\/types\/product"}],"version-history":[{"count":2,"href":"https:\/\/kidsplay.lt\/lv\/wp-json\/wp\/v2\/product\/82783\/revisions"}],"predecessor-version":[{"id":82806,"href":"https:\/\/kidsplay.lt\/lv\/wp-json\/wp\/v2\/product\/82783\/revisions\/82806"}],"wp:featuredmedia":[{"embeddable":true,"href":"https:\/\/kidsplay.lt\/lv\/wp-json\/wp\/v2\/media\/82784"}],"wp:attachment":[{"href":"https:\/\/kidsplay.lt\/lv\/wp-json\/wp\/v2\/media?parent=82783"}],"wp:term":[{"taxonomy":"product_brand","embeddable":true,"href":"https:\/\/kidsplay.lt\/lv\/wp-json\/wp\/v2\/product_brand?post=82783"},{"taxonomy":"product_cat","embeddable":true,"href":"https:\/\/kidsplay.lt\/lv\/wp-json\/wp\/v2\/product_cat?post=82783"},{"taxonomy":"product_tag","embeddable":true,"href":"https:\/\/kidsplay.lt\/lv\/wp-json\/wp\/v2\/product_tag?post=82783"}],"curies":[{"name":"wp","href":"https:\/\/api.w.org\/{rel}","templated":true}]}}