{"id":83100,"date":"2026-01-13T15:42:42","date_gmt":"2026-01-13T13:42:42","guid":{"rendered":"https:\/\/kidsplay.lt\/?post_type=product&#038;p=83100"},"modified":"2026-01-13T15:42:42","modified_gmt":"2026-01-13T13:42:42","slug":"zootopia-staigmenos-dezute","status":"publish","type":"product","link":"https:\/\/kidsplay.lt\/lv\/products\/zootopia-staigmenos-dezute\/","title":{"rendered":"Zootopia p\u0101rsteigumu kaste"},"content":{"rendered":"<div class=\"mpof_ki myre_zn myre_8v_l m389_6m_l\">\n<div class=\"mp4t_16_s mryx_16_s mr3m_1 mli2_1 mh85_56 mh85_0_l\">\n<div class=\"mgn2_16 _0d3bd_am0a-\">\n<p><b><span dir=\"auto\">ATSITIKTIN\u0116 STAIGMENOS TALISMANAS AKL\u0116 D\u0116\u017dUT\u0116 ZOOTOPIJA 2<\/span><\/b><\/p>\n<p><span dir=\"auto\">Atne\u0161kite Zootopijos magij\u0105 tiesiai \u012f savo namus!<\/span><\/p>\n<p><span dir=\"auto\">Ie\u0161kote tobulos dovanos jaunam Judy Hopps ir Nicko Bajerio nuotyki\u0173 gerb\u0117jui? \u0160is unikalus \u201eZootopia\u201c kolekcinis rinkinys \u017eavi savo detal\u0117mis ir kokybi\u0161ku meistri\u0161kumu.<\/span><\/p>\n<p><span dir=\"auto\">I\u0161skirtin\u0117 tekst\u016bra ir dizainas. \u0160ios fig\u016br\u0117l\u0117s yra gra\u017eiai pagamintos \u201e\u010dibi\u201c stiliumi (su didel\u0117mis, \u017eaviomis akimis). Jos pagamintos i\u0161 auk\u0161tos kokyb\u0117s plastiko ir padengtos specialia, subtilia danga (flocking), kuri suteikia joms pliu\u0161ini\u0173 \u017eaisl\u0173 poj\u016bt\u012f. Jose dera fig\u016br\u0117l\u0117s patvarumas ir mink\u0161tas \u017eaislo mink\u0161tumas!<\/span><\/p>\n<p><span dir=\"auto\">\u201eIkoni\u0161ki persona\u017eai ir kostiumai\u201c pristato herojus j\u0173 ikoni\u0161kiausiuose pavidaluose:<\/span><\/p>\n<p><span dir=\"auto\">Judy Hopps \u2013 su policijos uniforma ir \u016bkininko apranga.<\/span><\/p>\n<p><span dir=\"auto\">Nickas Bajeras \u2013 su klasikiniais \u017ealiais mar\u0161kiniais ir policininko uniforma.<\/span><\/p>\n<p><span dir=\"auto\">Mero pavaduotojas Ob\u0142oczekas \u2013 su biuro drabu\u017eiais ir oran\u017einiu kalinio kombinezonu.<\/span><\/p>\n<p><span dir=\"auto\">Paruo\u0161ta dovana. Visas rinkinys supakuotas esteti\u0161koje, spalvingoje d\u0117\u017eut\u0117je. Tai jau paruo\u0161ta, ak\u012f traukianti dovana gimtadieniui, Vaik\u0173 dienai ar \u0161ventei \u2013 nereikia jokio papildomo pakavimo!<\/span><\/p>\n<p><b><span dir=\"auto\">Aukcione parduodamas 1 \u017eaislas, atsitiktinai atsi\u0173stas i\u0161 turim\u0173 daikt\u0173 asortimento. (AKLOJI D\u0116\u017dUT\u0116)<\/span><\/b><\/p>\n<p><span dir=\"auto\">Technin\u0117s produkto specifikacijos:<\/span><\/p>\n<ul>\n<li><span dir=\"auto\">Kolekcin\u0117 fig\u016br\u0117l\u0117 (vinilo pliu\u0161inis)<\/span><\/li>\n<li><b><span dir=\"auto\">Tema<\/span><\/b><span dir=\"auto\">\u00a0: Zootropolis (Zootropolis \/ Zootropolis)<\/span><\/li>\n<li><b><span dir=\"auto\">Kiekis<\/span><\/b><span dir=\"auto\">\u00a0: 1 vnt.<\/span><\/li>\n<li><b><span dir=\"auto\">Veik\u0117jai<\/span><\/b><span dir=\"auto\">\u00a0: Judy Hopps (x2), Nick Wilde (x2), Bellwether (x2)<\/span><\/li>\n<li><b><span dir=\"auto\">Materi\u0101ls<\/span><\/b><span dir=\"auto\">\u00a0: vinilas su flok\u0161uota danga (mink\u0161tas liesti)<\/span><\/li>\n<li><b><span dir=\"auto\">Pakuot\u0117<\/span><\/b><span dir=\"auto\">\u00a0: originali spalvinga d\u0117\u017eut\u0117 (ideali dovana)<\/span><\/li>\n<li><b><span dir=\"auto\">D\u0117\u017eut\u0117s matmenys<\/span><\/b><span dir=\"auto\">\u00a0: 11 x 7,5 x 17 cm<\/span><\/li>\n<\/ul>\n<\/div>\n<\/div>\n<\/div>\n<div class=\"mpof_ki myre_zn myre_8v_l m389_6m_l\">\n<div class=\"mp4t_16_s mryx_16_s mr3m_1 mli2_1 mh85_56 mh85_0_l\">\n<div class=\"mg9e_8 mj7a_8 mg9e_0_s mvrt_0_s mj7a_0_s mh36_0_s mzmg_6m munh_16_l m3h2_16_l\">\n<div class=\"mp4t_0 mryx_0 munh_56 m3h2_56\">\n<div class=\"mp7g_oh\"><button class=\"mg9e_0 mvrt_0 mj7a_0 mh36_0 mp4t_0 m3h2_0 mryx_0 munh_0 mqen_m6 mpof_z0 mx7m_0 m7er_k4 mse2_k4 msts_pt\" data-analytics-interaction=\"true\" data-analytics-interaction-label=\"zoomable-image-open\" aria-disabled=\"true\"><img decoding=\"async\" class=\"msub_k4 mupj_5k mjru_k4 mse2_k4 mp7g_f6 mq1m_0 mj7u_0 m7er_k4 mqen_m6 m31c_d8 m0ux_fp lazyloaded\" src=\"https:\/\/a.allegroimg.com\/original\/11a1c9\/6d265c2446fe8d4f142a6d74244f\/Maskotka-Zootopia-Blind-Box-Pluszak-Niespodzianka-Figurki-Zwierzogrod-mis-Stan-opakowania-oryginalne\" sizes=\"(min-width: 1200px) 560px, (min-width: 992px) 50vw, 100vw\" srcset=\"https:\/\/a.allegroimg.com\/s360\/11a1c9\/6d265c2446fe8d4f142a6d74244f\/Maskotka-Zootopia-Blind-Box-Pluszak-Niespodzianka-Figurki-Zwierzogrod-mis-Stan-opakowania-oryginalne 340w,https:\/\/a.allegroimg.com\/s720\/11a1c9\/6d265c2446fe8d4f142a6d74244f\/Maskotka-Zootopia-Blind-Box-Pluszak-Niespodzianka-Figurki-Zwierzogrod-mis-Stan-opakowania-oryginalne 680w,https:\/\/a.allegroimg.com\/s1024\/11a1c9\/6d265c2446fe8d4f142a6d74244f\/Maskotka-Zootopia-Blind-Box-Pluszak-Niespodzianka-Figurki-Zwierzogrod-mis-Stan-opakowania-oryginalne 967w,https:\/\/a.allegroimg.com\/s1440\/11a1c9\/6d265c2446fe8d4f142a6d74244f\/Maskotka-Zootopia-Blind-Box-Pluszak-Niespodzianka-Figurki-Zwierzogrod-mis-Stan-opakowania-oryginalne 1194w,https:\/\/a.allegroimg.com\/original\/11a1c9\/6d265c2446fe8d4f142a6d74244f\/Maskotka-Zootopia-Blind-Box-Pluszak-Niespodzianka-Figurki-Zwierzogrod-mis-Stan-opakowania-oryginalne 1194w\" alt=\"\u201eZootopia\u201c akl\u0173j\u0173 d\u0117\u017eut\u0117s pliu\u0161inis \u017eaislas-staigmena \u201eZootopia\u201c fig\u016br\u0117l\u0117s, me\u0161kiukas, pakuot\u0117s b\u016bkl\u0117: originali\" width=\"1194px\" data-srcset=\"\" \/><\/button><\/div>\n<\/div>\n<\/div>\n<\/div>\n<div class=\"mp4t_16_s mryx_16_s mr3m_1 mli2_1 mh85_56 mh85_0_l\">\n<div class=\"mg9e_8 mj7a_8 mg9e_0_s mvrt_0_s mj7a_0_s mh36_0_s mzmg_6m munh_16_l m3h2_16_l\">\n<div class=\"mp4t_0 mryx_0 munh_56 m3h2_56\">\n<div class=\"mp7g_oh\"><button class=\"mg9e_0 mvrt_0 mj7a_0 mh36_0 mp4t_0 m3h2_0 mryx_0 munh_0 mqen_m6 mpof_z0 mx7m_0 m7er_k4 mse2_k4 msts_pt\" data-analytics-interaction=\"true\" data-analytics-interaction-label=\"zoomable-image-open\" aria-disabled=\"true\"><img decoding=\"async\" class=\"msub_k4 mupj_5k mjru_k4 mse2_k4 mp7g_f6 mq1m_0 mj7u_0 m7er_k4 mqen_m6 m31c_d8 m0ux_fp lazyloaded\" src=\"https:\/\/a.allegroimg.com\/original\/11045d\/6e626f6f4e6aadba2d9de2463d91\/Maskotka-Zootopia-Blind-Box-Pluszak-Niespodzianka-Figurki-Zwierzogrod-mis-Kod-producenta-JHC-e-commerce-mis-maskotka-brelok\" sizes=\"(min-width: 1200px) 560px, (min-width: 992px) 50vw, 100vw\" srcset=\"https:\/\/a.allegroimg.com\/s360\/11045d\/6e626f6f4e6aadba2d9de2463d91\/Maskotka-Zootopia-Blind-Box-Pluszak-Niespodzianka-Figurki-Zwierzogrod-mis-Kod-producenta-JHC-e-commerce-mis-maskotka-brelok 354w,https:\/\/a.allegroimg.com\/s720\/11045d\/6e626f6f4e6aadba2d9de2463d91\/Maskotka-Zootopia-Blind-Box-Pluszak-Niespodzianka-Figurki-Zwierzogrod-mis-Kod-producenta-JHC-e-commerce-mis-maskotka-brelok 708w,https:\/\/a.allegroimg.com\/s1024\/11045d\/6e626f6f4e6aadba2d9de2463d91\/Maskotka-Zootopia-Blind-Box-Pluszak-Niespodzianka-Figurki-Zwierzogrod-mis-Kod-producenta-JHC-e-commerce-mis-maskotka-brelok 1007w,https:\/\/a.allegroimg.com\/s1440\/11045d\/6e626f6f4e6aadba2d9de2463d91\/Maskotka-Zootopia-Blind-Box-Pluszak-Niespodzianka-Figurki-Zwierzogrod-mis-Kod-producenta-JHC-e-commerce-mis-maskotka-brelok 1240w,https:\/\/a.allegroimg.com\/original\/11045d\/6e626f6f4e6aadba2d9de2463d91\/Maskotka-Zootopia-Blind-Box-Pluszak-Niespodzianka-Figurki-Zwierzogrod-mis-Kod-producenta-JHC-e-commerce-mis-maskotka-brelok 1240w\" alt=\"\u201eZootopia\u201c akl\u0173j\u0173 d\u0117\u017eut\u0117s pliu\u0161inis \u017eaislas-staigmena \u201eZootopia\u201c fig\u016br\u0117l\u0117s, me\u0161kiukas, gamintojo kodas, JHC el. prekyba, me\u0161kiuko talismano rakt\u0173 pakabukas\" width=\"1240px\" data-srcset=\"\" \/><\/button><\/div>\n<\/div>\n<\/div>\n<\/div>\n<\/div>\n<div class=\"mpof_ki myre_zn myre_8v_l m389_6m_l\">\n<div class=\"mp4t_16_s mryx_16_s mr3m_1 mli2_1 mh85_56 mh85_0_l\">\n<div class=\"mg9e_8 mj7a_8 mg9e_0_s mvrt_0_s mj7a_0_s mh36_0_s mzmg_6m munh_16_l m3h2_16_l\">\n<div class=\"mp4t_0 mryx_0 munh_56 m3h2_56\">\n<div class=\"mp7g_oh\"><button class=\"mg9e_0 mvrt_0 mj7a_0 mh36_0 mp4t_0 m3h2_0 mryx_0 munh_0 mqen_m6 mpof_z0 mx7m_0 m7er_k4 mse2_k4 msts_pt\" data-analytics-interaction=\"true\" data-analytics-interaction-label=\"zoomable-image-open\" aria-disabled=\"true\"><img decoding=\"async\" class=\"msub_k4 mupj_5k mjru_k4 mse2_k4 mp7g_f6 mq1m_0 mj7u_0 m7er_k4 mqen_m6 m31c_d8 m0ux_fp lazyloaded\" src=\"https:\/\/a.allegroimg.com\/original\/114035\/9347a7fe4f7092f4e5baeb48dd08\/Maskotka-Zootopia-Blind-Box-Pluszak-Niespodzianka-Figurki-Zwierzogrod-mis-Marka-bez-marki\" sizes=\"(min-width: 1200px) 560px, (min-width: 992px) 50vw, 100vw\" srcset=\"https:\/\/a.allegroimg.com\/s360\/114035\/9347a7fe4f7092f4e5baeb48dd08\/Maskotka-Zootopia-Blind-Box-Pluszak-Niespodzianka-Figurki-Zwierzogrod-mis-Marka-bez-marki 336w,https:\/\/a.allegroimg.com\/s720\/114035\/9347a7fe4f7092f4e5baeb48dd08\/Maskotka-Zootopia-Blind-Box-Pluszak-Niespodzianka-Figurki-Zwierzogrod-mis-Marka-bez-marki 673w,https:\/\/a.allegroimg.com\/s1024\/114035\/9347a7fe4f7092f4e5baeb48dd08\/Maskotka-Zootopia-Blind-Box-Pluszak-Niespodzianka-Figurki-Zwierzogrod-mis-Marka-bez-marki 957w,https:\/\/a.allegroimg.com\/s1440\/114035\/9347a7fe4f7092f4e5baeb48dd08\/Maskotka-Zootopia-Blind-Box-Pluszak-Niespodzianka-Figurki-Zwierzogrod-mis-Marka-bez-marki 1184w,https:\/\/a.allegroimg.com\/original\/114035\/9347a7fe4f7092f4e5baeb48dd08\/Maskotka-Zootopia-Blind-Box-Pluszak-Niespodzianka-Figurki-Zwierzogrod-mis-Marka-bez-marki 1184w\" alt=\"\u201eZootopia Blind Box\u201c pliu\u0161inis \u017eaislas-staigmenos fig\u016br\u0117l\u0117s \u201eZootopia\u201c me\u0161kiukas su akl\u0173j\u0173 d\u0117\u017eute\" width=\"1184px\" data-srcset=\"\" \/><\/button><\/div>\n<\/div>\n<\/div>\n<\/div>\n<div class=\"mp4t_16_s mryx_16_s mr3m_1 mli2_1 mh85_56 mh85_0_l\">\n<div class=\"mg9e_8 mj7a_8 mg9e_0_s mvrt_0_s mj7a_0_s mh36_0_s mzmg_6m munh_16_l m3h2_16_l\">\n<div class=\"mp4t_0 mryx_0 munh_56 m3h2_56\">\n<div class=\"mp7g_oh\"><button class=\"mg9e_0 mvrt_0 mj7a_0 mh36_0 mp4t_0 m3h2_0 mryx_0 munh_0 mqen_m6 mpof_z0 mx7m_0 m7er_k4 mse2_k4 msts_pt\" data-analytics-interaction=\"true\" data-analytics-interaction-label=\"zoomable-image-open\" aria-disabled=\"true\"><img decoding=\"async\" class=\"msub_k4 mupj_5k mjru_k4 mse2_k4 mp7g_f6 mq1m_0 mj7u_0 m7er_k4 mqen_m6 m31c_d8 m0ux_fp lazyloaded\" src=\"https:\/\/a.allegroimg.com\/original\/11785d\/28c1cb1e4b92a06f248dafb9adac\/Maskotka-Zootopia-Blind-Box-Pluszak-Niespodzianka-Figurki-Zwierzogrod-mis-Typ-figurka\" sizes=\"(min-width: 1200px) 560px, (min-width: 992px) 50vw, 100vw\" srcset=\"https:\/\/a.allegroimg.com\/s360\/11785d\/28c1cb1e4b92a06f248dafb9adac\/Maskotka-Zootopia-Blind-Box-Pluszak-Niespodzianka-Figurki-Zwierzogrod-mis-Typ-figurka 360w,https:\/\/a.allegroimg.com\/s720\/11785d\/28c1cb1e4b92a06f248dafb9adac\/Maskotka-Zootopia-Blind-Box-Pluszak-Niespodzianka-Figurki-Zwierzogrod-mis-Typ-figurka 720w,https:\/\/a.allegroimg.com\/s1024\/11785d\/28c1cb1e4b92a06f248dafb9adac\/Maskotka-Zootopia-Blind-Box-Pluszak-Niespodzianka-Figurki-Zwierzogrod-mis-Typ-figurka 1024w,https:\/\/a.allegroimg.com\/s1440\/11785d\/28c1cb1e4b92a06f248dafb9adac\/Maskotka-Zootopia-Blind-Box-Pluszak-Niespodzianka-Figurki-Zwierzogrod-mis-Typ-figurka 1340w,https:\/\/a.allegroimg.com\/original\/11785d\/28c1cb1e4b92a06f248dafb9adac\/Maskotka-Zootopia-Blind-Box-Pluszak-Niespodzianka-Figurki-Zwierzogrod-mis-Typ-figurka 1340w\" alt=\"\u201eZootopia\u201c akl\u0173j\u0173 d\u0117\u017eut\u0117s pliu\u0161inis \u017eaislas-staigmena \u201eZootopia\u201c fig\u016br\u0117l\u0117s, me\u0161kiuko tipo fig\u016br\u0117l\u0117\" width=\"1340px\" data-srcset=\"\" \/><\/button><\/div>\n<\/div>\n<\/div>\n<\/div>\n<\/div>\n<div class=\"mpof_ki myre_zn myre_8v_l m389_6m_l\">\n<div class=\"mp4t_16_s mryx_16_s mr3m_1 mli2_1 mh85_56 mh85_0_l\">\n<div class=\"mg9e_8 mj7a_8 mg9e_0_s mvrt_0_s mj7a_0_s mh36_0_s mzmg_6m munh_16_l m3h2_16_l\">\n<div class=\"mp4t_0 mryx_0 munh_56 m3h2_56\">\n<div class=\"mp7g_oh\"><button class=\"mg9e_0 mvrt_0 mj7a_0 mh36_0 mp4t_0 m3h2_0 mryx_0 munh_0 mqen_m6 mpof_z0 mx7m_0 m7er_k4 mse2_k4 msts_pt\" data-analytics-interaction=\"true\" data-analytics-interaction-label=\"zoomable-image-open\" aria-disabled=\"true\"><img decoding=\"async\" class=\"msub_k4 mupj_5k mjru_k4 mse2_k4 mp7g_f6 mq1m_0 mj7u_0 m7er_k4 mqen_m6 m31c_d8 m0ux_fp lazyloaded\" src=\"https:\/\/a.allegroimg.com\/original\/11dc6c\/e29bff8d4d5eb9bea271e19ff08e\/Maskotka-Zootopia-Blind-Box-Pluszak-Niespodzianka-Figurki-Zwierzogrod-mis-Liczba-sztuk-1-szt\" sizes=\"(min-width: 1200px) 560px, (min-width: 992px) 50vw, 100vw\" srcset=\"https:\/\/a.allegroimg.com\/s360\/11dc6c\/e29bff8d4d5eb9bea271e19ff08e\/Maskotka-Zootopia-Blind-Box-Pluszak-Niespodzianka-Figurki-Zwierzogrod-mis-Liczba-sztuk-1-szt 360w,https:\/\/a.allegroimg.com\/s720\/11dc6c\/e29bff8d4d5eb9bea271e19ff08e\/Maskotka-Zootopia-Blind-Box-Pluszak-Niespodzianka-Figurki-Zwierzogrod-mis-Liczba-sztuk-1-szt 720w,https:\/\/a.allegroimg.com\/s1024\/11dc6c\/e29bff8d4d5eb9bea271e19ff08e\/Maskotka-Zootopia-Blind-Box-Pluszak-Niespodzianka-Figurki-Zwierzogrod-mis-Liczba-sztuk-1-szt 1024w,https:\/\/a.allegroimg.com\/s1440\/11dc6c\/e29bff8d4d5eb9bea271e19ff08e\/Maskotka-Zootopia-Blind-Box-Pluszak-Niespodzianka-Figurki-Zwierzogrod-mis-Liczba-sztuk-1-szt 1326w,https:\/\/a.allegroimg.com\/original\/11dc6c\/e29bff8d4d5eb9bea271e19ff08e\/Maskotka-Zootopia-Blind-Box-Pluszak-Niespodzianka-Figurki-Zwierzogrod-mis-Liczba-sztuk-1-szt 1326w\" alt=\"\u201eZootopia\u201c akl\u0173j\u0173 d\u0117\u017eut\u0117s pliu\u0161inis \u017eaislas-staigmena \u201eZootopia\u201c fig\u016br\u0117l\u0117s me\u0161kiukas Kiekis: 1 vnt.\" width=\"1326px\" data-srcset=\"\" \/><\/button><\/div>\n<\/div>\n<\/div>\n<\/div>\n<div class=\"mp4t_16_s mryx_16_s mr3m_1 mli2_1 mh85_56 mh85_0_l\">\n<div class=\"mg9e_8 mj7a_8 mg9e_0_s mvrt_0_s mj7a_0_s mh36_0_s mzmg_6m munh_16_l m3h2_16_l\">\n<div class=\"mp4t_0 mryx_0 munh_56 m3h2_56\">\n<div class=\"mp7g_oh\"><button class=\"mg9e_0 mvrt_0 mj7a_0 mh36_0 mp4t_0 m3h2_0 mryx_0 munh_0 mqen_m6 mpof_z0 mx7m_0 m7er_k4 mse2_k4 msts_pt\" data-analytics-interaction=\"true\" data-analytics-interaction-label=\"zoomable-image-open\" aria-disabled=\"true\"><img decoding=\"async\" class=\"msub_k4 mupj_5k mjru_k4 mse2_k4 mp7g_f6 mq1m_0 mj7u_0 m7er_k4 mqen_m6 m31c_d8 m0ux_fp lazyloaded\" src=\"https:\/\/a.allegroimg.com\/original\/11b1cd\/ba8f71c74e109e518233243aac7d\/Maskotka-Zootopia-Blind-Box-Pluszak-Niespodzianka-Figurki-Zwierzogrod-mis-Wiek-dziecka-3-lata\" sizes=\"(min-width: 1200px) 560px, (min-width: 992px) 50vw, 100vw\" srcset=\"https:\/\/a.allegroimg.com\/s360\/11b1cd\/ba8f71c74e109e518233243aac7d\/Maskotka-Zootopia-Blind-Box-Pluszak-Niespodzianka-Figurki-Zwierzogrod-mis-Wiek-dziecka-3-lata 353w,https:\/\/a.allegroimg.com\/s720\/11b1cd\/ba8f71c74e109e518233243aac7d\/Maskotka-Zootopia-Blind-Box-Pluszak-Niespodzianka-Figurki-Zwierzogrod-mis-Wiek-dziecka-3-lata 706w,https:\/\/a.allegroimg.com\/s1024\/11b1cd\/ba8f71c74e109e518233243aac7d\/Maskotka-Zootopia-Blind-Box-Pluszak-Niespodzianka-Figurki-Zwierzogrod-mis-Wiek-dziecka-3-lata 1005w,https:\/\/a.allegroimg.com\/s1440\/11b1cd\/ba8f71c74e109e518233243aac7d\/Maskotka-Zootopia-Blind-Box-Pluszak-Niespodzianka-Figurki-Zwierzogrod-mis-Wiek-dziecka-3-lata 1280w,https:\/\/a.allegroimg.com\/original\/11b1cd\/ba8f71c74e109e518233243aac7d\/Maskotka-Zootopia-Blind-Box-Pluszak-Niespodzianka-Figurki-Zwierzogrod-mis-Wiek-dziecka-3-lata 1280w\" alt=\"Zootopia akl\u0173j\u0173 d\u0117\u017eut\u0117 pliu\u0161inis \u017eaislas staigmena Zootopia fig\u016br\u0117l\u0117s me\u0161kiukas Vaiko am\u017eius nuo 3 met\u0173\" width=\"1280px\" data-srcset=\"\" \/><\/button><\/div>\n<\/div>\n<\/div>\n<\/div>\n<\/div>","protected":false},"excerpt":{"rendered":"<p>Aklosios d\u0117\u017eut\u0117s Zootopia talismanas \u2013 viena atsitiktin\u0117 kolekcin\u0117 vinilo fig\u016br\u0117l\u0117 su mink\u0161ta flok\u0161uota danga. Ikoni\u0161ki Judy, Nick ar Bellwether persona\u017eai, supakuoti dovanin\u0117je d\u0117\u017eut\u0117je. Puiki staigmena vaikams nuo 3 met\u0173.<\/p>","protected":false},"featured_media":83101,"template":"","meta":{"_acf_changed":false,"_glsr_average":0,"_glsr_ranking":0,"_glsr_reviews":0},"product_brand":[],"product_cat":[436,229],"product_tag":[],"class_list":{"0":"post-83100","1":"product","2":"type-product","3":"status-publish","4":"has-post-thumbnail","6":"product_cat-kolekcionuojamos-figureles","7":"product_cat-zaislai-vaikams","8":"\"style=\"background-color: #2ecc711c;\"","10":"first","11":"instock","12":"shipping-taxable","13":"purchasable","14":"product-type-simple"},"acf":[],"yoast_head":"<!-- This site is optimized with the Yoast SEO plugin v27.4 - https:\/\/yoast.com\/product\/yoast-seo-wordpress\/ -->\n<title>Zootopia staigmenos d\u0117\u017eut\u0117 - KidsPlay<\/title>\n<meta name=\"description\" content=\"Zootopia akloji d\u0117\u017eut\u0117 \u2013 kolekcin\u0117 vinilo fig\u016br\u0117l\u0117 su mink\u0161ta flok\u0161uota danga. Atsitiktinis talismanas i\u0161 Judy, Nick ar Bellwether. Puiki dovana vaikams nuo 3 met\u0173.\" \/>\n<meta name=\"robots\" content=\"index, follow, max-snippet:-1, max-image-preview:large, max-video-preview:-1\" \/>\n<link rel=\"canonical\" href=\"https:\/\/kidsplay.lt\/lv\/products\/zootopia-staigmenos-dezute\/\" \/>\n<meta property=\"og:locale\" content=\"lv_LV\" \/>\n<meta property=\"og:type\" content=\"article\" \/>\n<meta property=\"og:title\" content=\"Zootopia staigmenos d\u0117\u017eut\u0117 - KidsPlay\" \/>\n<meta property=\"og:description\" content=\"Zootopia akloji d\u0117\u017eut\u0117 \u2013 kolekcin\u0117 vinilo fig\u016br\u0117l\u0117 su mink\u0161ta flok\u0161uota danga. Atsitiktinis talismanas i\u0161 Judy, Nick ar Bellwether. Puiki dovana vaikams nuo 3 met\u0173.\" \/>\n<meta property=\"og:url\" content=\"https:\/\/kidsplay.lt\/lv\/products\/zootopia-staigmenos-dezute\/\" \/>\n<meta property=\"og:site_name\" content=\"KidsPlay\" \/>\n<meta property=\"article:publisher\" content=\"https:\/\/www.facebook.com\/www.kidsplay.lt\" \/>\n<meta property=\"og:image\" content=\"https:\/\/kidsplay.lt\/wp-content\/uploads\/2026\/01\/Screenshot_220.png\" \/>\n\t<meta property=\"og:image:width\" content=\"537\" \/>\n\t<meta property=\"og:image:height\" content=\"524\" \/>\n\t<meta property=\"og:image:type\" content=\"image\/png\" \/>\n<meta name=\"twitter:card\" content=\"summary_large_image\" \/>\n<meta name=\"twitter:label1\" content=\"Est. reading time\" \/>\n\t<meta name=\"twitter:data1\" content=\"3 min\u016btes\" \/>\n<script type=\"application\/ld+json\" class=\"yoast-schema-graph\">{\"@context\":\"https:\\\/\\\/schema.org\",\"@graph\":[{\"@type\":\"WebPage\",\"@id\":\"https:\\\/\\\/kidsplay.lt\\\/produktas\\\/zootopia-staigmenos-dezute\\\/\",\"url\":\"https:\\\/\\\/kidsplay.lt\\\/produktas\\\/zootopia-staigmenos-dezute\\\/\",\"name\":\"Zootopia staigmenos d\u0117\u017eut\u0117 - KidsPlay\",\"isPartOf\":{\"@id\":\"https:\\\/\\\/kidsplay.lt\\\/#website\"},\"primaryImageOfPage\":{\"@id\":\"https:\\\/\\\/kidsplay.lt\\\/produktas\\\/zootopia-staigmenos-dezute\\\/#primaryimage\"},\"image\":{\"@id\":\"https:\\\/\\\/kidsplay.lt\\\/produktas\\\/zootopia-staigmenos-dezute\\\/#primaryimage\"},\"thumbnailUrl\":\"https:\\\/\\\/kidsplay.lt\\\/wp-content\\\/uploads\\\/2026\\\/01\\\/Screenshot_220.png\",\"datePublished\":\"2026-01-13T13:42:42+00:00\",\"description\":\"Zootopia akloji d\u0117\u017eut\u0117 \u2013 kolekcin\u0117 vinilo fig\u016br\u0117l\u0117 su mink\u0161ta flok\u0161uota danga. Atsitiktinis talismanas i\u0161 Judy, Nick ar Bellwether. Puiki dovana vaikams nuo 3 met\u0173.\",\"breadcrumb\":{\"@id\":\"https:\\\/\\\/kidsplay.lt\\\/produktas\\\/zootopia-staigmenos-dezute\\\/#breadcrumb\"},\"inLanguage\":\"lv-LV\",\"potentialAction\":[{\"@type\":\"ReadAction\",\"target\":[\"https:\\\/\\\/kidsplay.lt\\\/produktas\\\/zootopia-staigmenos-dezute\\\/\"]}]},{\"@type\":\"ImageObject\",\"inLanguage\":\"lv-LV\",\"@id\":\"https:\\\/\\\/kidsplay.lt\\\/produktas\\\/zootopia-staigmenos-dezute\\\/#primaryimage\",\"url\":\"https:\\\/\\\/kidsplay.lt\\\/wp-content\\\/uploads\\\/2026\\\/01\\\/Screenshot_220.png\",\"contentUrl\":\"https:\\\/\\\/kidsplay.lt\\\/wp-content\\\/uploads\\\/2026\\\/01\\\/Screenshot_220.png\",\"width\":537,\"height\":524},{\"@type\":\"BreadcrumbList\",\"@id\":\"https:\\\/\\\/kidsplay.lt\\\/produktas\\\/zootopia-staigmenos-dezute\\\/#breadcrumb\",\"itemListElement\":[{\"@type\":\"ListItem\",\"position\":1,\"name\":\"Pagrindinis\",\"item\":\"https:\\\/\\\/kidsplay.lt\\\/\"},{\"@type\":\"ListItem\",\"position\":2,\"name\":\"Parduotuv\u0117\",\"item\":\"https:\\\/\\\/kidsplay.lt\\\/parduotuve\\\/\"},{\"@type\":\"ListItem\",\"position\":3,\"name\":\"Zootopia staigmenos d\u0117\u017eut\u0117\"}]},{\"@type\":\"WebSite\",\"@id\":\"https:\\\/\\\/kidsplay.lt\\\/#website\",\"url\":\"https:\\\/\\\/kidsplay.lt\\\/\",\"name\":\"Kidsplay.lt\",\"description\":\"\u012evairios prek\u0117s vaikams\",\"publisher\":{\"@id\":\"https:\\\/\\\/kidsplay.lt\\\/#organization\"},\"alternateName\":\"Kidsplay\",\"potentialAction\":[{\"@type\":\"SearchAction\",\"target\":{\"@type\":\"EntryPoint\",\"urlTemplate\":\"https:\\\/\\\/kidsplay.lt\\\/?s={search_term_string}\"},\"query-input\":{\"@type\":\"PropertyValueSpecification\",\"valueRequired\":true,\"valueName\":\"search_term_string\"}}],\"inLanguage\":\"lv-LV\"},{\"@type\":\"Organization\",\"@id\":\"https:\\\/\\\/kidsplay.lt\\\/#organization\",\"name\":\"KidsPlay\",\"url\":\"https:\\\/\\\/kidsplay.lt\\\/\",\"logo\":{\"@type\":\"ImageObject\",\"inLanguage\":\"lv-LV\",\"@id\":\"https:\\\/\\\/kidsplay.lt\\\/#\\\/schema\\\/logo\\\/image\\\/\",\"url\":\"https:\\\/\\\/kidsplay.lt\\\/wp-content\\\/uploads\\\/2023\\\/07\\\/kidsplay-logo.png\",\"contentUrl\":\"https:\\\/\\\/kidsplay.lt\\\/wp-content\\\/uploads\\\/2023\\\/07\\\/kidsplay-logo.png\",\"width\":451,\"height\":98,\"caption\":\"KidsPlay\"},\"image\":{\"@id\":\"https:\\\/\\\/kidsplay.lt\\\/#\\\/schema\\\/logo\\\/image\\\/\"},\"sameAs\":[\"https:\\\/\\\/www.facebook.com\\\/www.kidsplay.lt\"]}]}<\/script>\n<!-- \/ Yoast SEO plugin. -->","yoast_head_json":{"title":"Zootopia staigmenos d\u0117\u017eut\u0117 - KidsPlay","description":"Zootopia akloji d\u0117\u017eut\u0117 \u2013 kolekcin\u0117 vinilo fig\u016br\u0117l\u0117 su mink\u0161ta flok\u0161uota danga. Atsitiktinis talismanas i\u0161 Judy, Nick ar Bellwether. Puiki dovana vaikams nuo 3 met\u0173.","robots":{"index":"index","follow":"follow","max-snippet":"max-snippet:-1","max-image-preview":"max-image-preview:large","max-video-preview":"max-video-preview:-1"},"canonical":"https:\/\/kidsplay.lt\/lv\/products\/zootopia-staigmenos-dezute\/","og_locale":"lv_LV","og_type":"article","og_title":"Zootopia staigmenos d\u0117\u017eut\u0117 - KidsPlay","og_description":"Zootopia akloji d\u0117\u017eut\u0117 \u2013 kolekcin\u0117 vinilo fig\u016br\u0117l\u0117 su mink\u0161ta flok\u0161uota danga. Atsitiktinis talismanas i\u0161 Judy, Nick ar Bellwether. Puiki dovana vaikams nuo 3 met\u0173.","og_url":"https:\/\/kidsplay.lt\/lv\/products\/zootopia-staigmenos-dezute\/","og_site_name":"KidsPlay","article_publisher":"https:\/\/www.facebook.com\/www.kidsplay.lt","og_image":[{"width":537,"height":524,"url":"https:\/\/kidsplay.lt\/wp-content\/uploads\/2026\/01\/Screenshot_220.png","type":"image\/png"}],"twitter_card":"summary_large_image","twitter_misc":{"Est. reading time":"3 min\u016btes"},"schema":{"@context":"https:\/\/schema.org","@graph":[{"@type":"WebPage","@id":"https:\/\/kidsplay.lt\/produktas\/zootopia-staigmenos-dezute\/","url":"https:\/\/kidsplay.lt\/produktas\/zootopia-staigmenos-dezute\/","name":"Zootopia staigmenos d\u0117\u017eut\u0117 - KidsPlay","isPartOf":{"@id":"https:\/\/kidsplay.lt\/#website"},"primaryImageOfPage":{"@id":"https:\/\/kidsplay.lt\/produktas\/zootopia-staigmenos-dezute\/#primaryimage"},"image":{"@id":"https:\/\/kidsplay.lt\/produktas\/zootopia-staigmenos-dezute\/#primaryimage"},"thumbnailUrl":"https:\/\/kidsplay.lt\/wp-content\/uploads\/2026\/01\/Screenshot_220.png","datePublished":"2026-01-13T13:42:42+00:00","description":"Zootopia akloji d\u0117\u017eut\u0117 \u2013 kolekcin\u0117 vinilo fig\u016br\u0117l\u0117 su mink\u0161ta flok\u0161uota danga. Atsitiktinis talismanas i\u0161 Judy, Nick ar Bellwether. Puiki dovana vaikams nuo 3 met\u0173.","breadcrumb":{"@id":"https:\/\/kidsplay.lt\/produktas\/zootopia-staigmenos-dezute\/#breadcrumb"},"inLanguage":"lv-LV","potentialAction":[{"@type":"ReadAction","target":["https:\/\/kidsplay.lt\/produktas\/zootopia-staigmenos-dezute\/"]}]},{"@type":"ImageObject","inLanguage":"lv-LV","@id":"https:\/\/kidsplay.lt\/produktas\/zootopia-staigmenos-dezute\/#primaryimage","url":"https:\/\/kidsplay.lt\/wp-content\/uploads\/2026\/01\/Screenshot_220.png","contentUrl":"https:\/\/kidsplay.lt\/wp-content\/uploads\/2026\/01\/Screenshot_220.png","width":537,"height":524},{"@type":"BreadcrumbList","@id":"https:\/\/kidsplay.lt\/produktas\/zootopia-staigmenos-dezute\/#breadcrumb","itemListElement":[{"@type":"ListItem","position":1,"name":"Pagrindinis","item":"https:\/\/kidsplay.lt\/"},{"@type":"ListItem","position":2,"name":"Parduotuv\u0117","item":"https:\/\/kidsplay.lt\/parduotuve\/"},{"@type":"ListItem","position":3,"name":"Zootopia staigmenos d\u0117\u017eut\u0117"}]},{"@type":"WebSite","@id":"https:\/\/kidsplay.lt\/#website","url":"https:\/\/kidsplay.lt\/","name":"B\u0113rnu sp\u0113les.lv","description":"\u012evairios prek\u0117s vaikams","publisher":{"@id":"https:\/\/kidsplay.lt\/#organization"},"alternateName":"Kidsplay","potentialAction":[{"@type":"SearchAction","target":{"@type":"EntryPoint","urlTemplate":"https:\/\/kidsplay.lt\/?s={search_term_string}"},"query-input":{"@type":"PropertyValueSpecification","valueRequired":true,"valueName":"search_term_string"}}],"inLanguage":"lv-LV"},{"@type":"Organization","@id":"https:\/\/kidsplay.lt\/#organization","name":"B\u0113rnu sp\u0113le","url":"https:\/\/kidsplay.lt\/","logo":{"@type":"ImageObject","inLanguage":"lv-LV","@id":"https:\/\/kidsplay.lt\/#\/schema\/logo\/image\/","url":"https:\/\/kidsplay.lt\/wp-content\/uploads\/2023\/07\/kidsplay-logo.png","contentUrl":"https:\/\/kidsplay.lt\/wp-content\/uploads\/2023\/07\/kidsplay-logo.png","width":451,"height":98,"caption":"KidsPlay"},"image":{"@id":"https:\/\/kidsplay.lt\/#\/schema\/logo\/image\/"},"sameAs":["https:\/\/www.facebook.com\/www.kidsplay.lt"]}]}},"_links":{"self":[{"href":"https:\/\/kidsplay.lt\/lv\/wp-json\/wp\/v2\/product\/83100","targetHints":{"allow":["GET"]}}],"collection":[{"href":"https:\/\/kidsplay.lt\/lv\/wp-json\/wp\/v2\/product"}],"about":[{"href":"https:\/\/kidsplay.lt\/lv\/wp-json\/wp\/v2\/types\/product"}],"version-history":[{"count":1,"href":"https:\/\/kidsplay.lt\/lv\/wp-json\/wp\/v2\/product\/83100\/revisions"}],"predecessor-version":[{"id":83103,"href":"https:\/\/kidsplay.lt\/lv\/wp-json\/wp\/v2\/product\/83100\/revisions\/83103"}],"wp:featuredmedia":[{"embeddable":true,"href":"https:\/\/kidsplay.lt\/lv\/wp-json\/wp\/v2\/media\/83101"}],"wp:attachment":[{"href":"https:\/\/kidsplay.lt\/lv\/wp-json\/wp\/v2\/media?parent=83100"}],"wp:term":[{"taxonomy":"product_brand","embeddable":true,"href":"https:\/\/kidsplay.lt\/lv\/wp-json\/wp\/v2\/product_brand?post=83100"},{"taxonomy":"product_cat","embeddable":true,"href":"https:\/\/kidsplay.lt\/lv\/wp-json\/wp\/v2\/product_cat?post=83100"},{"taxonomy":"product_tag","embeddable":true,"href":"https:\/\/kidsplay.lt\/lv\/wp-json\/wp\/v2\/product_tag?post=83100"}],"curies":[{"name":"wp","href":"https:\/\/api.w.org\/{rel}","templated":true}]}}