{"id":83104,"date":"2026-01-13T15:47:35","date_gmt":"2026-01-13T13:47:35","guid":{"rendered":"https:\/\/kidsplay.lt\/?post_type=product&#038;p=83104"},"modified":"2026-01-13T15:47:35","modified_gmt":"2026-01-13T13:47:35","slug":"zootopia-figureliu-rinkinys-8vnt","status":"publish","type":"product","link":"https:\/\/kidsplay.lt\/lv\/products\/zootopia-figureliu-rinkinys-8vnt\/","title":{"rendered":"Zootopia fig\u016br\u0117li\u0173 rinkinys 8vnt"},"content":{"rendered":"<div class=\"mpof_ki myre_zn myre_8v_l m389_6m_l\">\n<div class=\"mp4t_16_s mryx_16_s mr3m_1 mli2_1 mh85_56 mh85_0_l\">\n<div class=\"mgn2_16 _0d3bd_am0a-\">\n<p><span dir=\"auto\">\u27058 gumini\u0173 fig\u016br\u0117li\u0173 rinkinys ,\u00a0<\/span><b><span dir=\"auto\">\u012fkv\u0117ptas \u201eZootopijos\u201c<\/span><\/b><span dir=\"auto\">\u00a0\u2013 puikiai tinka \u017eaisti, kolekcionuoti ir kaip dovana ma\u017eiesiems animacijos gerb\u0117jams.\u2705<\/span><\/p>\n<p><b><span dir=\"auto\">\u2705Kod\u0117l verta rinktis \u0161\u012f rinkin\u012f?<\/span><\/b><\/p>\n<ul>\n<li><b><span dir=\"auto\">\u2b50\ufe0f8 skirtingos fig\u016br\u0117l\u0117s<\/span><\/b><span dir=\"auto\">\u00a0\u2013 kiekviena su charakteriu ir unikalia i\u0161vaizda<\/span><\/li>\n<li><b><span dir=\"auto\">\u2b50\ufe0fAuk\u0161tis:<\/span><\/b><span dir=\"auto\">\u00a0apie 6\u20138 cm<\/span><\/li>\n<li><b><span dir=\"auto\">\u2b50\ufe0fMed\u017eiaga:<\/span><\/b><span dir=\"auto\">\u00a0mink\u0161ta, lanksti guma, atspari pa\u017eeidimams<\/span><\/li>\n<li><b><span dir=\"auto\">\u2b50\ufe0fSaugu vaikams nuo 3 met\u0173<\/span><\/b><\/li>\n<li><b><span dir=\"auto\">\u2b50\ufe0fRy\u0161kios spalvos ir kruop\u0161tus darbas<\/span><\/b><\/li>\n<li><b><span dir=\"auto\">\u2b50\ufe0fPuikiai tinka \u017eaidimams, kambario dekoravimui arba kaip rakt\u0173 pakabukas (fig\u016br\u0117l\u0117s turi rankenas)<\/span><\/b><\/li>\n<\/ul>\n<p><b><span dir=\"auto\">\u2705\u012e rinkin\u012f \u012feina:<\/span><\/b><\/p>\n<p><span dir=\"auto\">8 gumini\u0173 fig\u016br\u0117li\u0173 rinkinys, vaizduojantis \u012fvairius gyv\u016bnus kostiumais, primenan\u010diais gerai \u017einom\u0105 visat\u0105.<\/span><\/p>\n<\/div>\n<\/div>\n<\/div>\n<div class=\"mpof_ki myre_zn myre_8v_l m389_6m_l\">\n<div class=\"mp4t_16_s mryx_16_s mr3m_1 mli2_1 mh85_56 mh85_0_l\">\n<div class=\"mg9e_8 mj7a_8 mg9e_0_s mvrt_0_s mj7a_0_s mh36_0_s mzmg_6m munh_16_l m3h2_16_l\">\n<div class=\"mp4t_0 mryx_0 munh_56 m3h2_56\">\n<div class=\"mp7g_oh\"><button class=\"mg9e_0 mvrt_0 mj7a_0 mh36_0 mp4t_0 m3h2_0 mryx_0 munh_0 mqen_m6 mpof_z0 mx7m_0 m7er_k4 mse2_k4 msts_pt\" data-analytics-interaction=\"true\" data-analytics-interaction-label=\"zoomable-image-open\" aria-disabled=\"true\"><img decoding=\"async\" class=\"msub_k4 mupj_5k mjru_k4 mse2_k4 mp7g_f6 mq1m_0 mj7u_0 m7er_k4 mqen_m6 m31c_d8 m0ux_fp lazyloaded\" src=\"https:\/\/a.allegroimg.com\/original\/11347a\/f75c98fe4ef3a36af9441ad95c75\/ZESTAW-FIGUREK-ZWIERZOGROD-FIGURKI-GUMOWE-ZOOTOPIA-8-SZTUK-Stan-opakowania-oryginalne\" sizes=\"(min-width: 1200px) 560px, (min-width: 992px) 50vw, 100vw\" srcset=\"https:\/\/a.allegroimg.com\/s360\/11347a\/f75c98fe4ef3a36af9441ad95c75\/ZESTAW-FIGUREK-ZWIERZOGROD-FIGURKI-GUMOWE-ZOOTOPIA-8-SZTUK-Stan-opakowania-oryginalne 270w,https:\/\/a.allegroimg.com\/s720\/11347a\/f75c98fe4ef3a36af9441ad95c75\/ZESTAW-FIGUREK-ZWIERZOGROD-FIGURKI-GUMOWE-ZOOTOPIA-8-SZTUK-Stan-opakowania-oryginalne 540w,https:\/\/a.allegroimg.com\/original\/11347a\/f75c98fe4ef3a36af9441ad95c75\/ZESTAW-FIGUREK-ZWIERZOGROD-FIGURKI-GUMOWE-ZOOTOPIA-8-SZTUK-Stan-opakowania-oryginalne 540w\" alt=\"ZOOTOPIA GUMINI\u0172 FIG\u016aR\u0116LI\u0172 RINKINYS, 8 DALYS, Originali pakuot\u0117\" width=\"540px\" data-srcset=\"\" \/><\/button><\/div>\n<\/div>\n<\/div>\n<\/div>\n<div class=\"mp4t_16_s mryx_16_s mr3m_1 mli2_1 mh85_56 mh85_0_l\">\n<div class=\"mgn2_16 _0d3bd_am0a-\">\n<h1><span dir=\"auto\">\u2b50\ufe0f\u2b50\ufe0f\u2b50\ufe0f\u2b50\ufe0f\u2b50\ufe0f<\/span><\/h1>\n<p><b><span dir=\"auto\">\u2705Kelias \u012f nuotyki\u0173 pasaul\u012f!<\/span><\/b><\/p>\n<p><span dir=\"auto\">\u2705\u0160is gumini\u0173 fig\u016br\u0117li\u0173 rinkinys, \u012fkv\u0117ptas\u00a0<\/span><b><span dir=\"auto\">\u201eZootopijos\u201c,<\/span><\/b><span dir=\"auto\">\u00a0puikiai tinka vaikams, kurie m\u0117gsta k\u016brybi\u0161kus \u017eaidimus. \u0160ios fig\u016br\u0117l\u0117s puikiai tinka vaidmen\u0173 \u017eaidimams, savo istorij\u0173 k\u016brimui ir vaizduot\u0117s lavinimui. D\u0117l mink\u0161tos, malonios liesti gumos jos yra saugios ir patogios naudoti net ir patiems ma\u017eiausiems.<\/span><\/p>\n<p><span dir=\"auto\">Kai kurios fig\u016br\u0117l\u0117s turi\u00a0<\/span><b><span dir=\"auto\">pakabinimo kilp\u0105<\/span><\/b><span dir=\"auto\">\u00a0, tod\u0117l jas galima naudoti kaip kuprin\u0117s rakt\u0173 pakabukus, kambario dekoracijas ar unikalius gimtadienio dovan\u0173 papildymus.<\/span><\/p>\n<p><b><span dir=\"auto\">\u2705Puikiai tinka kaip dovana!<\/span><\/b><\/p>\n<p><span dir=\"auto\">\u2b50\ufe0fJei ie\u0161kote ma\u017eos dovanos, kuri prad\u017eiugint\u0173 bet kur\u012f vaik\u0105, \u0161is rinkinys bus puikus pasirinkimas!\u2b50\ufe0f<\/span><\/p>\n<\/div>\n<\/div>\n<\/div>\n<div class=\"mpof_ki myre_zn myre_8v_l m389_6m_l\">\n<div class=\"mp4t_16_s mryx_16_s mr3m_1 mli2_1 mh85_56 mh85_0_l\">\n<div class=\"mg9e_8 mj7a_8 mg9e_0_s mvrt_0_s mj7a_0_s mh36_0_s mzmg_6m munh_16_l m3h2_16_l\">\n<div class=\"mp4t_0 mryx_0 munh_56 m3h2_56\">\n<div class=\"mp7g_oh\"><button class=\"mg9e_0 mvrt_0 mj7a_0 mh36_0 mp4t_0 m3h2_0 mryx_0 munh_0 mqen_m6 mpof_z0 mx7m_0 m7er_k4 mse2_k4 msts_pt\" data-analytics-interaction=\"true\" data-analytics-interaction-label=\"zoomable-image-open\" aria-disabled=\"true\"><img decoding=\"async\" class=\"msub_k4 mupj_5k mjru_k4 mse2_k4 mp7g_f6 mq1m_0 mj7u_0 m7er_k4 mqen_m6 m31c_d8 m0ux_fp lazyloaded\" src=\"https:\/\/a.allegroimg.com\/original\/111e51\/83ed275c4bd5bdb5fc333b48119b\/ZESTAW-FIGUREK-ZWIERZOGROD-FIGURKI-GUMOWE-ZOOTOPIA-8-SZTUK-Kod-producenta-5907836180331\" sizes=\"100vw\" srcset=\"https:\/\/a.allegroimg.com\/s360\/111e51\/83ed275c4bd5bdb5fc333b48119b\/ZESTAW-FIGUREK-ZWIERZOGROD-FIGURKI-GUMOWE-ZOOTOPIA-8-SZTUK-Kod-producenta-5907836180331 360w,https:\/\/a.allegroimg.com\/s720\/111e51\/83ed275c4bd5bdb5fc333b48119b\/ZESTAW-FIGUREK-ZWIERZOGROD-FIGURKI-GUMOWE-ZOOTOPIA-8-SZTUK-Kod-producenta-5907836180331 720w,https:\/\/a.allegroimg.com\/s1024\/111e51\/83ed275c4bd5bdb5fc333b48119b\/ZESTAW-FIGUREK-ZWIERZOGROD-FIGURKI-GUMOWE-ZOOTOPIA-8-SZTUK-Kod-producenta-5907836180331 1024w,https:\/\/a.allegroimg.com\/s1440\/111e51\/83ed275c4bd5bdb5fc333b48119b\/ZESTAW-FIGUREK-ZWIERZOGROD-FIGURKI-GUMOWE-ZOOTOPIA-8-SZTUK-Kod-producenta-5907836180331 1440w,https:\/\/a.allegroimg.com\/original\/111e51\/83ed275c4bd5bdb5fc333b48119b\/ZESTAW-FIGUREK-ZWIERZOGROD-FIGURKI-GUMOWE-ZOOTOPIA-8-SZTUK-Kod-producenta-5907836180331 2000w\" alt=\"ZOOTOPIA GUMINI\u0172 FIG\u016aR\u0116LI\u0172 RINKINYS, 8 DALYS Gamintojo kodas 5907836180331\" width=\"2000px\" data-srcset=\"\" \/><\/button><\/div>\n<\/div>\n<\/div>\n<\/div>\n<\/div>","protected":false},"excerpt":{"rendered":"<p>8 dali\u0173 Zootopia \u012fkv\u0117ptas gumini\u0173 fig\u016br\u0117li\u0173 rinkinys i\u0161 mink\u0161tos, lank\u0161\u010dios ir saugios gumos. Ry\u0161kios spalvos, pakabinimo kilpos ir patogus dydis (6\u20138 cm) leid\u017eia naudoti \u017eaidimams, dekorui ar kaip rakt\u0173 pakabukus. Puiki dovana vaikams nuo 3 met\u0173.<\/p>","protected":false},"featured_media":83105,"template":"","meta":{"_acf_changed":false,"_glsr_average":0,"_glsr_ranking":0,"_glsr_reviews":0},"product_brand":[],"product_cat":[436,229],"product_tag":[],"class_list":{"0":"post-83104","1":"product","2":"type-product","3":"status-publish","4":"has-post-thumbnail","6":"product_cat-kolekcionuojamos-figureles","7":"product_cat-zaislai-vaikams","8":"\"style=\"background-color: #2ecc711c;\"","10":"first","11":"instock","12":"shipping-taxable","13":"purchasable","14":"product-type-simple"},"acf":[],"yoast_head":"<!-- This site is optimized with the Yoast SEO plugin v27.3 - https:\/\/yoast.com\/product\/yoast-seo-wordpress\/ -->\n<title>Zootopia fig\u016br\u0117li\u0173 rinkinys 8vnt - KidsPlay<\/title>\n<meta name=\"description\" content=\"Zootopia gumini\u0173 fig\u016br\u0117li\u0173 rinkinys \u2013 8 spalvingi persona\u017eai i\u0161 mink\u0161tos, saugios gumos. Puikiai tinka \u017eaidimams, kolekcijai ar kaip dovana vaikams nuo 3 met\u0173.\" \/>\n<meta name=\"robots\" content=\"index, follow, max-snippet:-1, max-image-preview:large, max-video-preview:-1\" \/>\n<link rel=\"canonical\" href=\"https:\/\/kidsplay.lt\/lv\/products\/zootopia-figureliu-rinkinys-8vnt\/\" \/>\n<meta property=\"og:locale\" content=\"lv_LV\" \/>\n<meta property=\"og:type\" content=\"article\" \/>\n<meta property=\"og:title\" content=\"Zootopia fig\u016br\u0117li\u0173 rinkinys 8vnt - KidsPlay\" \/>\n<meta property=\"og:description\" content=\"Zootopia gumini\u0173 fig\u016br\u0117li\u0173 rinkinys \u2013 8 spalvingi persona\u017eai i\u0161 mink\u0161tos, saugios gumos. Puikiai tinka \u017eaidimams, kolekcijai ar kaip dovana vaikams nuo 3 met\u0173.\" \/>\n<meta property=\"og:url\" content=\"https:\/\/kidsplay.lt\/lv\/products\/zootopia-figureliu-rinkinys-8vnt\/\" \/>\n<meta property=\"og:site_name\" content=\"KidsPlay\" \/>\n<meta property=\"article:publisher\" content=\"https:\/\/www.facebook.com\/www.kidsplay.lt\" \/>\n<meta property=\"og:image\" content=\"https:\/\/kidsplay.lt\/wp-content\/uploads\/2026\/01\/Screenshot_222.png\" \/>\n\t<meta property=\"og:image:width\" content=\"532\" \/>\n\t<meta property=\"og:image:height\" content=\"519\" \/>\n\t<meta property=\"og:image:type\" content=\"image\/png\" \/>\n<meta name=\"twitter:card\" content=\"summary_large_image\" \/>\n<meta name=\"twitter:label1\" content=\"Est. reading time\" \/>\n\t<meta name=\"twitter:data1\" content=\"2 min\u016btes\" \/>\n<script type=\"application\/ld+json\" class=\"yoast-schema-graph\">{\"@context\":\"https:\\\/\\\/schema.org\",\"@graph\":[{\"@type\":\"WebPage\",\"@id\":\"https:\\\/\\\/kidsplay.lt\\\/produktas\\\/zootopia-figureliu-rinkinys-8vnt\\\/\",\"url\":\"https:\\\/\\\/kidsplay.lt\\\/produktas\\\/zootopia-figureliu-rinkinys-8vnt\\\/\",\"name\":\"Zootopia fig\u016br\u0117li\u0173 rinkinys 8vnt - KidsPlay\",\"isPartOf\":{\"@id\":\"https:\\\/\\\/kidsplay.lt\\\/#website\"},\"primaryImageOfPage\":{\"@id\":\"https:\\\/\\\/kidsplay.lt\\\/produktas\\\/zootopia-figureliu-rinkinys-8vnt\\\/#primaryimage\"},\"image\":{\"@id\":\"https:\\\/\\\/kidsplay.lt\\\/produktas\\\/zootopia-figureliu-rinkinys-8vnt\\\/#primaryimage\"},\"thumbnailUrl\":\"https:\\\/\\\/kidsplay.lt\\\/wp-content\\\/uploads\\\/2026\\\/01\\\/Screenshot_222.png\",\"datePublished\":\"2026-01-13T13:47:35+00:00\",\"description\":\"Zootopia gumini\u0173 fig\u016br\u0117li\u0173 rinkinys \u2013 8 spalvingi persona\u017eai i\u0161 mink\u0161tos, saugios gumos. Puikiai tinka \u017eaidimams, kolekcijai ar kaip dovana vaikams nuo 3 met\u0173.\",\"breadcrumb\":{\"@id\":\"https:\\\/\\\/kidsplay.lt\\\/produktas\\\/zootopia-figureliu-rinkinys-8vnt\\\/#breadcrumb\"},\"inLanguage\":\"lv-LV\",\"potentialAction\":[{\"@type\":\"ReadAction\",\"target\":[\"https:\\\/\\\/kidsplay.lt\\\/produktas\\\/zootopia-figureliu-rinkinys-8vnt\\\/\"]}]},{\"@type\":\"ImageObject\",\"inLanguage\":\"lv-LV\",\"@id\":\"https:\\\/\\\/kidsplay.lt\\\/produktas\\\/zootopia-figureliu-rinkinys-8vnt\\\/#primaryimage\",\"url\":\"https:\\\/\\\/kidsplay.lt\\\/wp-content\\\/uploads\\\/2026\\\/01\\\/Screenshot_222.png\",\"contentUrl\":\"https:\\\/\\\/kidsplay.lt\\\/wp-content\\\/uploads\\\/2026\\\/01\\\/Screenshot_222.png\",\"width\":532,\"height\":519},{\"@type\":\"BreadcrumbList\",\"@id\":\"https:\\\/\\\/kidsplay.lt\\\/produktas\\\/zootopia-figureliu-rinkinys-8vnt\\\/#breadcrumb\",\"itemListElement\":[{\"@type\":\"ListItem\",\"position\":1,\"name\":\"Pagrindinis\",\"item\":\"https:\\\/\\\/kidsplay.lt\\\/\"},{\"@type\":\"ListItem\",\"position\":2,\"name\":\"Parduotuv\u0117\",\"item\":\"https:\\\/\\\/kidsplay.lt\\\/parduotuve\\\/\"},{\"@type\":\"ListItem\",\"position\":3,\"name\":\"Zootopia fig\u016br\u0117li\u0173 rinkinys 8vnt\"}]},{\"@type\":\"WebSite\",\"@id\":\"https:\\\/\\\/kidsplay.lt\\\/#website\",\"url\":\"https:\\\/\\\/kidsplay.lt\\\/\",\"name\":\"Kidsplay.lt\",\"description\":\"\u012evairios prek\u0117s vaikams\",\"publisher\":{\"@id\":\"https:\\\/\\\/kidsplay.lt\\\/#organization\"},\"alternateName\":\"Kidsplay\",\"potentialAction\":[{\"@type\":\"SearchAction\",\"target\":{\"@type\":\"EntryPoint\",\"urlTemplate\":\"https:\\\/\\\/kidsplay.lt\\\/?s={search_term_string}\"},\"query-input\":{\"@type\":\"PropertyValueSpecification\",\"valueRequired\":true,\"valueName\":\"search_term_string\"}}],\"inLanguage\":\"lv-LV\"},{\"@type\":\"Organization\",\"@id\":\"https:\\\/\\\/kidsplay.lt\\\/#organization\",\"name\":\"KidsPlay\",\"url\":\"https:\\\/\\\/kidsplay.lt\\\/\",\"logo\":{\"@type\":\"ImageObject\",\"inLanguage\":\"lv-LV\",\"@id\":\"https:\\\/\\\/kidsplay.lt\\\/#\\\/schema\\\/logo\\\/image\\\/\",\"url\":\"https:\\\/\\\/kidsplay.lt\\\/wp-content\\\/uploads\\\/2023\\\/07\\\/kidsplay-logo.png\",\"contentUrl\":\"https:\\\/\\\/kidsplay.lt\\\/wp-content\\\/uploads\\\/2023\\\/07\\\/kidsplay-logo.png\",\"width\":451,\"height\":98,\"caption\":\"KidsPlay\"},\"image\":{\"@id\":\"https:\\\/\\\/kidsplay.lt\\\/#\\\/schema\\\/logo\\\/image\\\/\"},\"sameAs\":[\"https:\\\/\\\/www.facebook.com\\\/www.kidsplay.lt\"]}]}<\/script>\n<!-- \/ Yoast SEO plugin. -->","yoast_head_json":{"title":"Zootopia fig\u016br\u0117li\u0173 rinkinys 8vnt - KidsPlay","description":"Zootopia gumini\u0173 fig\u016br\u0117li\u0173 rinkinys \u2013 8 spalvingi persona\u017eai i\u0161 mink\u0161tos, saugios gumos. Puikiai tinka \u017eaidimams, kolekcijai ar kaip dovana vaikams nuo 3 met\u0173.","robots":{"index":"index","follow":"follow","max-snippet":"max-snippet:-1","max-image-preview":"max-image-preview:large","max-video-preview":"max-video-preview:-1"},"canonical":"https:\/\/kidsplay.lt\/lv\/products\/zootopia-figureliu-rinkinys-8vnt\/","og_locale":"lv_LV","og_type":"article","og_title":"Zootopia fig\u016br\u0117li\u0173 rinkinys 8vnt - KidsPlay","og_description":"Zootopia gumini\u0173 fig\u016br\u0117li\u0173 rinkinys \u2013 8 spalvingi persona\u017eai i\u0161 mink\u0161tos, saugios gumos. Puikiai tinka \u017eaidimams, kolekcijai ar kaip dovana vaikams nuo 3 met\u0173.","og_url":"https:\/\/kidsplay.lt\/lv\/products\/zootopia-figureliu-rinkinys-8vnt\/","og_site_name":"KidsPlay","article_publisher":"https:\/\/www.facebook.com\/www.kidsplay.lt","og_image":[{"width":532,"height":519,"url":"https:\/\/kidsplay.lt\/wp-content\/uploads\/2026\/01\/Screenshot_222.png","type":"image\/png"}],"twitter_card":"summary_large_image","twitter_misc":{"Est. reading time":"2 min\u016btes"},"schema":{"@context":"https:\/\/schema.org","@graph":[{"@type":"WebPage","@id":"https:\/\/kidsplay.lt\/produktas\/zootopia-figureliu-rinkinys-8vnt\/","url":"https:\/\/kidsplay.lt\/produktas\/zootopia-figureliu-rinkinys-8vnt\/","name":"Zootopia fig\u016br\u0117li\u0173 rinkinys 8vnt - KidsPlay","isPartOf":{"@id":"https:\/\/kidsplay.lt\/#website"},"primaryImageOfPage":{"@id":"https:\/\/kidsplay.lt\/produktas\/zootopia-figureliu-rinkinys-8vnt\/#primaryimage"},"image":{"@id":"https:\/\/kidsplay.lt\/produktas\/zootopia-figureliu-rinkinys-8vnt\/#primaryimage"},"thumbnailUrl":"https:\/\/kidsplay.lt\/wp-content\/uploads\/2026\/01\/Screenshot_222.png","datePublished":"2026-01-13T13:47:35+00:00","description":"Zootopia gumini\u0173 fig\u016br\u0117li\u0173 rinkinys \u2013 8 spalvingi persona\u017eai i\u0161 mink\u0161tos, saugios gumos. Puikiai tinka \u017eaidimams, kolekcijai ar kaip dovana vaikams nuo 3 met\u0173.","breadcrumb":{"@id":"https:\/\/kidsplay.lt\/produktas\/zootopia-figureliu-rinkinys-8vnt\/#breadcrumb"},"inLanguage":"lv-LV","potentialAction":[{"@type":"ReadAction","target":["https:\/\/kidsplay.lt\/produktas\/zootopia-figureliu-rinkinys-8vnt\/"]}]},{"@type":"ImageObject","inLanguage":"lv-LV","@id":"https:\/\/kidsplay.lt\/produktas\/zootopia-figureliu-rinkinys-8vnt\/#primaryimage","url":"https:\/\/kidsplay.lt\/wp-content\/uploads\/2026\/01\/Screenshot_222.png","contentUrl":"https:\/\/kidsplay.lt\/wp-content\/uploads\/2026\/01\/Screenshot_222.png","width":532,"height":519},{"@type":"BreadcrumbList","@id":"https:\/\/kidsplay.lt\/produktas\/zootopia-figureliu-rinkinys-8vnt\/#breadcrumb","itemListElement":[{"@type":"ListItem","position":1,"name":"Pagrindinis","item":"https:\/\/kidsplay.lt\/"},{"@type":"ListItem","position":2,"name":"Parduotuv\u0117","item":"https:\/\/kidsplay.lt\/parduotuve\/"},{"@type":"ListItem","position":3,"name":"Zootopia fig\u016br\u0117li\u0173 rinkinys 8vnt"}]},{"@type":"WebSite","@id":"https:\/\/kidsplay.lt\/#website","url":"https:\/\/kidsplay.lt\/","name":"B\u0113rnu sp\u0113les.lv","description":"\u012evairios prek\u0117s vaikams","publisher":{"@id":"https:\/\/kidsplay.lt\/#organization"},"alternateName":"Kidsplay","potentialAction":[{"@type":"SearchAction","target":{"@type":"EntryPoint","urlTemplate":"https:\/\/kidsplay.lt\/?s={search_term_string}"},"query-input":{"@type":"PropertyValueSpecification","valueRequired":true,"valueName":"search_term_string"}}],"inLanguage":"lv-LV"},{"@type":"Organization","@id":"https:\/\/kidsplay.lt\/#organization","name":"B\u0113rnu sp\u0113le","url":"https:\/\/kidsplay.lt\/","logo":{"@type":"ImageObject","inLanguage":"lv-LV","@id":"https:\/\/kidsplay.lt\/#\/schema\/logo\/image\/","url":"https:\/\/kidsplay.lt\/wp-content\/uploads\/2023\/07\/kidsplay-logo.png","contentUrl":"https:\/\/kidsplay.lt\/wp-content\/uploads\/2023\/07\/kidsplay-logo.png","width":451,"height":98,"caption":"KidsPlay"},"image":{"@id":"https:\/\/kidsplay.lt\/#\/schema\/logo\/image\/"},"sameAs":["https:\/\/www.facebook.com\/www.kidsplay.lt"]}]}},"_links":{"self":[{"href":"https:\/\/kidsplay.lt\/lv\/wp-json\/wp\/v2\/product\/83104","targetHints":{"allow":["GET"]}}],"collection":[{"href":"https:\/\/kidsplay.lt\/lv\/wp-json\/wp\/v2\/product"}],"about":[{"href":"https:\/\/kidsplay.lt\/lv\/wp-json\/wp\/v2\/types\/product"}],"version-history":[{"count":1,"href":"https:\/\/kidsplay.lt\/lv\/wp-json\/wp\/v2\/product\/83104\/revisions"}],"predecessor-version":[{"id":83107,"href":"https:\/\/kidsplay.lt\/lv\/wp-json\/wp\/v2\/product\/83104\/revisions\/83107"}],"wp:featuredmedia":[{"embeddable":true,"href":"https:\/\/kidsplay.lt\/lv\/wp-json\/wp\/v2\/media\/83105"}],"wp:attachment":[{"href":"https:\/\/kidsplay.lt\/lv\/wp-json\/wp\/v2\/media?parent=83104"}],"wp:term":[{"taxonomy":"product_brand","embeddable":true,"href":"https:\/\/kidsplay.lt\/lv\/wp-json\/wp\/v2\/product_brand?post=83104"},{"taxonomy":"product_cat","embeddable":true,"href":"https:\/\/kidsplay.lt\/lv\/wp-json\/wp\/v2\/product_cat?post=83104"},{"taxonomy":"product_tag","embeddable":true,"href":"https:\/\/kidsplay.lt\/lv\/wp-json\/wp\/v2\/product_tag?post=83104"}],"curies":[{"name":"wp","href":"https:\/\/api.w.org\/{rel}","templated":true}]}}