{"id":83114,"date":"2026-01-13T15:58:33","date_gmt":"2026-01-13T13:58:33","guid":{"rendered":"https:\/\/kidsplay.lt\/?post_type=product&#038;p=83114"},"modified":"2026-01-13T15:59:18","modified_gmt":"2026-01-13T13:59:18","slug":"k-pop-demon-hunters-rumi-konstruktorius-1491vnt","status":"publish","type":"product","link":"https:\/\/kidsplay.lt\/lv\/products\/k-pop-demon-hunters-rumi-konstruktorius-1491vnt\/","title":{"rendered":"K-POP d\u0113monu mednieku Rumi konstruktora komplekts 1491 gab."},"content":{"rendered":"<div class=\"mpof_ki myre_zn myre_8v_l m389_6m_l\">\n<div class=\"mp4t_16_s mryx_16_s mr3m_1 mli2_1 mh85_56 mh85_0_l\">\n<div class=\"mgn2_16 _0d3bd_am0a-\">\n<h2><span dir=\"auto\">\ud83d\udd25 3D BLOKIAI KPOP FIG\u016aR\u0116L\u0116MS DEMONO MED\u017dIOTOJAMS RUMI \u2013 DEMON\u0172 MED\u017dIOTOJAI \ud83d\udd25<\/span><\/h2>\n<p><b><span dir=\"auto\">\ud83c\udf1f KOLEKCININKO HITAS \u2022 TOBULA DOVANA \u2022 B\u016aTINA TUR\u0116TI K-POP IR ANIME GERB\u0116JAMS \ud83c\udf1f<\/span><\/b><\/p>\n<p><span dir=\"auto\">\u2705 KPOP Demon Hunters Rumi kalad\u0117l\u0117s \u2705 3D fig\u016br\u0117l\u0117, pagaminta i\u0161 mikropikseli\u0173 meno kalad\u0117li\u0173 \u2705 Auk\u0161\u010diausios kokyb\u0117s kolekciniai kalad\u0117l\u0117s paaugliams ir suaugusiesiems \u2705 \u017daislas, \u012fkv\u0117ptas K-Pop Demon Hunters anime ir \u0161iuolaikini\u0173 pasak\u0173 \u2705 Super k\u016brybingas lavinamasis \u017eaislas, lavinantis kantryb\u0119 ir susikaupim\u0105 \u2705 Puiki dovana K-Pop gerb\u0117jui, dovana dukrai, dovana paaugliui, Kal\u0117doms, gimtadieniui \u2705 Madinga dekoratyvin\u0117 fig\u016br\u0117l\u0117 stalui, lentynai ar kolekcijai \u2705 \u201eTikTok Instagram Reels 2025\u201c hitas \u2705 Ne\u012fprasti 3D kalad\u0117l\u0117s kolekcininkams ir pikseli\u0173 meno m\u0117g\u0117jams<\/span><\/p>\n<\/div>\n<\/div>\n<\/div>\n<div class=\"mpof_ki myre_zn myre_8v_l m389_6m_l\">\n<div class=\"mp4t_16_s mryx_16_s mr3m_1 mli2_1 mh85_56 mh85_0_l\">\n<div class=\"mg9e_8 mj7a_8 mg9e_0_s mvrt_0_s mj7a_0_s mh36_0_s mzmg_6m munh_16_l m3h2_16_l\">\n<div class=\"mp4t_0 mryx_0 munh_56 m3h2_56\">\n<div class=\"mp7g_oh\"><button class=\"mg9e_0 mvrt_0 mj7a_0 mh36_0 mp4t_0 m3h2_0 mryx_0 munh_0 mqen_m6 mpof_z0 mx7m_0 m7er_k4 mse2_k4 msts_pt\" data-analytics-interaction=\"true\" data-analytics-interaction-label=\"zoomable-image-open\" aria-disabled=\"true\"><img decoding=\"async\" class=\"msub_k4 mupj_5k mjru_k4 mse2_k4 mp7g_f6 mq1m_0 mj7u_0 m7er_k4 mqen_m6 m31c_d8 m0ux_fp lazyloaded\" src=\"https:\/\/a.allegroimg.com\/original\/11252b\/3fe1dbb943a8a156d169063b178b\/KLOCKI-KPOP-LOWCZYNIE-DEMONOW-RUMI-1491-PCS-Wiek-dziecka-14-lat\" sizes=\"(min-width: 1200px) 560px, (min-width: 992px) 50vw, 100vw\" srcset=\"https:\/\/a.allegroimg.com\/s360\/11252b\/3fe1dbb943a8a156d169063b178b\/KLOCKI-KPOP-LOWCZYNIE-DEMONOW-RUMI-1491-PCS-Wiek-dziecka-14-lat 262w,https:\/\/a.allegroimg.com\/s720\/11252b\/3fe1dbb943a8a156d169063b178b\/KLOCKI-KPOP-LOWCZYNIE-DEMONOW-RUMI-1491-PCS-Wiek-dziecka-14-lat 525w,https:\/\/a.allegroimg.com\/s1024\/11252b\/3fe1dbb943a8a156d169063b178b\/KLOCKI-KPOP-LOWCZYNIE-DEMONOW-RUMI-1491-PCS-Wiek-dziecka-14-lat 747w,https:\/\/a.allegroimg.com\/original\/11252b\/3fe1dbb943a8a156d169063b178b\/KLOCKI-KPOP-LOWCZYNIE-DEMONOW-RUMI-1491-PCS-Wiek-dziecka-14-lat 747w\" alt=\"KPOP DEMON HUNTERS RUMI KALAD\u0116L\u0116S 1491 VNT. Vaiko am\u017eius nuo 14 met\u0173\" width=\"747px\" data-srcset=\"\" \/><\/button><\/div>\n<\/div>\n<\/div>\n<\/div>\n<div class=\"mp4t_16_s mryx_16_s mr3m_1 mli2_1 mh85_56 mh85_0_l\">\n<div class=\"mgn2_16 _0d3bd_am0a-\">\n<p><span dir=\"auto\">\u2728\ud83d\udca5\u00a0<\/span><b><span dir=\"auto\">Rumi prisijungia prie \u017eaidimo!<\/span><\/b><\/p>\n<p><span dir=\"auto\">Neoninis K-Pop stilius, demoni\u0161ka energija ir dinami\u0161ka forma priver\u010dia \u0161i\u0105 3D fig\u016br\u0117l\u0119 patraukti ak\u012f nuo pirmos akimirkos.<\/span><\/p>\n<p><b><span dir=\"auto\">Sukurkite savo \u201eDemon\u0173 med\u017eiotoj\u0173\u201c<\/span><\/b><span dir=\"auto\">\u00a0heroj\u0119\u00a0\u00a0i\u0161 net\u00a0<\/span><b><span dir=\"auto\">1491 tikslaus mikroblokelio<\/span><\/b><span dir=\"auto\">\u00a0\ud83e\udde9 ir pajuskite ambicingo, k\u016brybingo konstravimo pasitenkinim\u0105.<\/span><\/p>\n<p><span dir=\"auto\">Baigtas modelis atrodo \u012fsp\u016bdingai ir sukuria \u201evau\u201c efekt\u0105 kaip dekoracija \ud83c\udf81<\/span><\/p>\n<\/div>\n<\/div>\n<\/div>\n<div class=\"mpof_ki myre_zn myre_8v_l m389_6m_l\">\n<div class=\"mp4t_16_s mryx_16_s mr3m_1 mli2_1 mh85_56 mh85_0_l\">\n<div class=\"mgn2_16 _0d3bd_am0a-\">\n<p><b><span dir=\"auto\">\u2b50 Kod\u0117l verta rinktis Rumi fig\u016br\u0117l\u0119?<\/span><\/b><\/p>\n<p><span dir=\"auto\">\u2714 unikalus dizainas, \u012fkv\u0117ptas K-POP ir anime stiliaus<\/span><\/p>\n<p><span dir=\"auto\">\u2714 ak\u012f traukianti 3D pikseli\u0173 meno fig\u016br\u0117l\u0117<\/span><\/p>\n<p><span dir=\"auto\">\u2714 puiki puo\u0161mena stalui, lentynai ar vitrinai<\/span><\/p>\n<p><span dir=\"auto\">\u2714 lavina rankinius \u012fg\u016bd\u017eius, kantryb\u0119 ir susikaupim\u0105<\/span><\/p>\n<p><span dir=\"auto\">\u2714 puiki dovanos id\u0117ja kalad\u0117li\u0173 ir kolekcini\u0173 fig\u016br\u0117li\u0173 gerb\u0117jams<\/span><\/p>\n<\/div>\n<\/div>\n<div class=\"mp4t_16_s mryx_16_s mr3m_1 mli2_1 mh85_56 mh85_0_l\">\n<div class=\"mg9e_8 mj7a_8 mg9e_0_s mvrt_0_s mj7a_0_s mh36_0_s mzmg_6m munh_16_l m3h2_16_l\">\n<div class=\"mp4t_0 mryx_0 munh_56 m3h2_56\">\n<div class=\"mp7g_oh\"><button class=\"mg9e_0 mvrt_0 mj7a_0 mh36_0 mp4t_0 m3h2_0 mryx_0 munh_0 mqen_m6 mpof_z0 mx7m_0 m7er_k4 mse2_k4 msts_pt\" data-analytics-interaction=\"true\" data-analytics-interaction-label=\"zoomable-image-open\" aria-disabled=\"true\"><img decoding=\"async\" class=\"msub_k4 mupj_5k mjru_k4 mse2_k4 mp7g_f6 mq1m_0 mj7u_0 m7er_k4 mqen_m6 m31c_d8 m0ux_fp lazyloaded\" src=\"https:\/\/a.allegroimg.com\/original\/113cc8\/c7fa518c4788aaa0cc3ee09c0571\/KLOCKI-KPOP-LOWCZYNIE-DEMONOW-RUMI-1491-PCS-Rodzaj-zestaw\" sizes=\"(min-width: 1200px) 560px, (min-width: 992px) 50vw, 100vw\" srcset=\"https:\/\/a.allegroimg.com\/s360\/113cc8\/c7fa518c4788aaa0cc3ee09c0571\/KLOCKI-KPOP-LOWCZYNIE-DEMONOW-RUMI-1491-PCS-Rodzaj-zestaw 360w,https:\/\/a.allegroimg.com\/s720\/113cc8\/c7fa518c4788aaa0cc3ee09c0571\/KLOCKI-KPOP-LOWCZYNIE-DEMONOW-RUMI-1491-PCS-Rodzaj-zestaw 720w,https:\/\/a.allegroimg.com\/s1024\/113cc8\/c7fa518c4788aaa0cc3ee09c0571\/KLOCKI-KPOP-LOWCZYNIE-DEMONOW-RUMI-1491-PCS-Rodzaj-zestaw 1024w,https:\/\/a.allegroimg.com\/original\/113cc8\/c7fa518c4788aaa0cc3ee09c0571\/KLOCKI-KPOP-LOWCZYNIE-DEMONOW-RUMI-1491-PCS-Rodzaj-zestaw 1024w\" alt=\"KPOP DEMON HUNTERS RUMI 1491 VNT. KALAD\u0116LI\u0172 rinkinys\" width=\"1024px\" data-srcset=\"\" \/><\/button><\/div>\n<\/div>\n<\/div>\n<\/div>\n<\/div>\n<div class=\"mpof_ki myre_zn myre_8v_l m389_6m_l\">\n<div class=\"mp4t_16_s mryx_16_s mr3m_1 mli2_1 mh85_56 mh85_0_l\">\n<div class=\"mg9e_8 mj7a_8 mg9e_0_s mvrt_0_s mj7a_0_s mh36_0_s mzmg_6m munh_16_l m3h2_16_l\">\n<div class=\"mp4t_0 mryx_0 munh_56 m3h2_56\">\n<div class=\"mp7g_oh\"><button class=\"mg9e_0 mvrt_0 mj7a_0 mh36_0 mp4t_0 m3h2_0 mryx_0 munh_0 mqen_m6 mpof_z0 mx7m_0 m7er_k4 mse2_k4 msts_pt\" data-analytics-interaction=\"true\" data-analytics-interaction-label=\"zoomable-image-open\" aria-disabled=\"true\"><img decoding=\"async\" class=\"msub_k4 mupj_5k mjru_k4 mse2_k4 mp7g_f6 mq1m_0 mj7u_0 m7er_k4 mqen_m6 m31c_d8 m0ux_fp lazyloaded\" src=\"https:\/\/a.allegroimg.com\/original\/119238\/dc7d5f364167afb96fd908d2d15a\/KLOCKI-KPOP-LOWCZYNIE-DEMONOW-RUMI-1491-PCS-Stan-opakowania-oryginalne\" sizes=\"(min-width: 1200px) 560px, (min-width: 992px) 50vw, 100vw\" srcset=\"https:\/\/a.allegroimg.com\/s360\/119238\/dc7d5f364167afb96fd908d2d15a\/KLOCKI-KPOP-LOWCZYNIE-DEMONOW-RUMI-1491-PCS-Stan-opakowania-oryginalne 262w,https:\/\/a.allegroimg.com\/s720\/119238\/dc7d5f364167afb96fd908d2d15a\/KLOCKI-KPOP-LOWCZYNIE-DEMONOW-RUMI-1491-PCS-Stan-opakowania-oryginalne 525w,https:\/\/a.allegroimg.com\/s1024\/119238\/dc7d5f364167afb96fd908d2d15a\/KLOCKI-KPOP-LOWCZYNIE-DEMONOW-RUMI-1491-PCS-Stan-opakowania-oryginalne 747w,https:\/\/a.allegroimg.com\/original\/119238\/dc7d5f364167afb96fd908d2d15a\/KLOCKI-KPOP-LOWCZYNIE-DEMONOW-RUMI-1491-PCS-Stan-opakowania-oryginalne 747w\" alt=\"KPOP BLOCKS DEMON HUNTERS RUMI 1491 vnt. Originali pakuot\u0117\" width=\"747px\" data-srcset=\"\" \/><\/button><\/div>\n<\/div>\n<\/div>\n<\/div>\n<div class=\"mp4t_16_s mryx_16_s mr3m_1 mli2_1 mh85_56 mh85_0_l\">\n<div class=\"mgn2_16 _0d3bd_am0a-\">\n<p><b><span dir=\"auto\">\ud83d\udce6 \u012e rinkin\u012f \u012feina:<\/span><\/b><\/p>\n<p><span dir=\"auto\">\u2022\u00a0<\/span><b><span dir=\"auto\">1491<\/span><\/b><span dir=\"auto\">\u00a0tiksliai pagaminti mikroblokai<\/span><\/p>\n<p><span dir=\"auto\">\u2022 ai\u0161kios, nuoseklios surinkimo instrukcijos<\/span><\/p>\n<p><span dir=\"auto\">\u2022 esteti\u0161ka, spalvinga d\u0117\u017eut\u0117, puikiai tinkanti dovanai \ud83c\udf81<\/span><\/p>\n<p>&nbsp;<\/p>\n<p><b><span dir=\"auto\">\ud83d\udcd0 Paruo\u0161tos Rumi fig\u016br\u0117l\u0117s matmenys:<\/span><\/b><\/p>\n<p><span dir=\"auto\">\u2022 Auk\u0161tis:\u00a0<\/span><b><span dir=\"auto\">215 mm<\/span><\/b><\/p>\n<p><span dir=\"auto\">\u2022 Plotis:\u00a0<\/span><b><span dir=\"auto\">125 mm<\/span><\/b><\/p>\n<p><span dir=\"auto\">\u2022 Gylis:\u00a0<\/span><b><span dir=\"auto\">70 mm<\/span><\/b><\/p>\n<p>&nbsp;<\/p>\n<p><b><span dir=\"auto\">\ud83c\udfaf Papildoma informacija:<\/span><\/b><\/p>\n<p><span dir=\"auto\">\u2022 Sud\u0117tingumo lygis:\u00a0<\/span><b><span dir=\"auto\">vid\u0113ji<\/span><\/b><span dir=\"auto\">\u00a0\u2013 \u017emon\u0117ms, m\u0117gstantiems i\u0161\u0161\u016bkius<\/span><\/p>\n<p><span dir=\"auto\">\u2022 Am\u017eius:\u00a0<\/span><b><span dir=\"auto\">14+<\/span><\/b><\/p>\n<p><span dir=\"auto\">\u2022 Med\u017eiaga:\u00a0<\/span><b><span dir=\"auto\">plastikas (mikroblokai)<\/span><\/b><\/p>\n<\/div>\n<\/div>\n<\/div>\n<div class=\"mpof_ki myre_zn myre_8v_l m389_6m_l\">\n<div class=\"mp4t_16_s mryx_16_s mr3m_1 mli2_1 mh85_56 mh85_0_l\">\n<div class=\"mgn2_16 _0d3bd_am0a-\">\n<p><span dir=\"auto\">\u2728 Sukurk savo\u00a0<\/span><b><span dir=\"auto\">Rumi<\/span><\/b><span dir=\"auto\">\u00a0fig\u016br\u0117l\u0119 , prid\u0117k j\u0105 prie savo\u00a0<\/span><b><span dir=\"auto\">KPOP Demon Hunters<\/span><\/b><span dir=\"auto\">\u00a0kolekcijos ir sukurk ka\u017ek\u0105 i\u0161ties unikalaus \u2013 stilius, energija ir k\u016brybi\u0161kumas vienoje \u012fsp\u016bdingoje formoje \ud83d\udc9c\ud83d\udd25<\/span><\/p>\n<\/div>\n<\/div>\n<div class=\"mp4t_16_s mryx_16_s mr3m_1 mli2_1 mh85_56 mh85_0_l\">\n<div class=\"mg9e_8 mj7a_8 mg9e_0_s mvrt_0_s mj7a_0_s mh36_0_s mzmg_6m munh_16_l m3h2_16_l\">\n<div class=\"mp4t_0 mryx_0 munh_56 m3h2_56\">\n<div class=\"mp7g_oh\"><button class=\"mg9e_0 mvrt_0 mj7a_0 mh36_0 mp4t_0 m3h2_0 mryx_0 munh_0 mqen_m6 mpof_z0 mx7m_0 m7er_k4 mse2_k4 msts_pt\" data-analytics-interaction=\"true\" data-analytics-interaction-label=\"zoomable-image-open\" aria-disabled=\"true\"><img decoding=\"async\" class=\"msub_k4 mupj_5k mjru_k4 mse2_k4 mp7g_f6 mq1m_0 mj7u_0 m7er_k4 mqen_m6 m31c_d8 m0ux_fp lazyloaded\" src=\"https:\/\/a.allegroimg.com\/original\/11d506\/db39894c4243b64aff7c8216aa3a\/KLOCKI-KPOP-LOWCZYNIE-DEMONOW-RUMI-1491-PCS-Marka-bez-marki\" sizes=\"(min-width: 1200px) 560px, (min-width: 992px) 50vw, 100vw\" srcset=\"https:\/\/a.allegroimg.com\/s360\/11d506\/db39894c4243b64aff7c8216aa3a\/KLOCKI-KPOP-LOWCZYNIE-DEMONOW-RUMI-1491-PCS-Marka-bez-marki 360w,https:\/\/a.allegroimg.com\/s720\/11d506\/db39894c4243b64aff7c8216aa3a\/KLOCKI-KPOP-LOWCZYNIE-DEMONOW-RUMI-1491-PCS-Marka-bez-marki 720w,https:\/\/a.allegroimg.com\/s1024\/11d506\/db39894c4243b64aff7c8216aa3a\/KLOCKI-KPOP-LOWCZYNIE-DEMONOW-RUMI-1491-PCS-Marka-bez-marki 1024w,https:\/\/a.allegroimg.com\/s1440\/11d506\/db39894c4243b64aff7c8216aa3a\/KLOCKI-KPOP-LOWCZYNIE-DEMONOW-RUMI-1491-PCS-Marka-bez-marki 1124w,https:\/\/a.allegroimg.com\/original\/11d506\/db39894c4243b64aff7c8216aa3a\/KLOCKI-KPOP-LOWCZYNIE-DEMONOW-RUMI-1491-PCS-Marka-bez-marki 1124w\" alt=\"KPOP BLOKAS DEMON\u0172 MED\u017dIOTOJAI RUMI 1491 VNT. Prek\u0117s \u017eenklas be prek\u0117s \u017eenklo\" width=\"1124px\" data-srcset=\"\" \/><\/button><\/div>\n<\/div>\n<\/div>\n<\/div>\n<\/div>\n<div class=\"mpof_ki myre_zn myre_8v_l m389_6m_l\">\n<div class=\"mp4t_16_s mryx_16_s mr3m_1 mli2_1 mh85_56 mh85_0_l\">\n<div class=\"mg9e_8 mj7a_8 mg9e_0_s mvrt_0_s mj7a_0_s mh36_0_s mzmg_6m munh_16_l m3h2_16_l\">\n<div class=\"mp4t_0 mryx_0 munh_56 m3h2_56\">\n<div class=\"mp7g_oh\"><button class=\"mg9e_0 mvrt_0 mj7a_0 mh36_0 mp4t_0 m3h2_0 mryx_0 munh_0 mqen_m6 mpof_z0 mx7m_0 m7er_k4 mse2_k4 msts_pt\" data-analytics-interaction=\"true\" data-analytics-interaction-label=\"zoomable-image-open\" aria-disabled=\"true\"><img decoding=\"async\" class=\"msub_k4 mupj_5k mjru_k4 mse2_k4 mp7g_f6 mq1m_0 mj7u_0 m7er_k4 mqen_m6 m31c_d8 m0ux_fp lazyloaded\" src=\"https:\/\/a.allegroimg.com\/original\/115fdd\/61b68f02431d9e5963de20f73763\/KLOCKI-KPOP-LOWCZYNIE-DEMONOW-RUMI-1491-PCS-Kod-producenta-KLOCKI-KPOP-LOWCZYNIE-DEMONOW-RUMI-1491-PCS\" sizes=\"100vw\" srcset=\"https:\/\/a.allegroimg.com\/s360\/115fdd\/61b68f02431d9e5963de20f73763\/KLOCKI-KPOP-LOWCZYNIE-DEMONOW-RUMI-1491-PCS-Kod-producenta-KLOCKI-KPOP-LOWCZYNIE-DEMONOW-RUMI-1491-PCS 262w,https:\/\/a.allegroimg.com\/s720\/115fdd\/61b68f02431d9e5963de20f73763\/KLOCKI-KPOP-LOWCZYNIE-DEMONOW-RUMI-1491-PCS-Kod-producenta-KLOCKI-KPOP-LOWCZYNIE-DEMONOW-RUMI-1491-PCS 525w,https:\/\/a.allegroimg.com\/s1024\/115fdd\/61b68f02431d9e5963de20f73763\/KLOCKI-KPOP-LOWCZYNIE-DEMONOW-RUMI-1491-PCS-Kod-producenta-KLOCKI-KPOP-LOWCZYNIE-DEMONOW-RUMI-1491-PCS 747w,https:\/\/a.allegroimg.com\/s1440\/115fdd\/61b68f02431d9e5963de20f73763\/KLOCKI-KPOP-LOWCZYNIE-DEMONOW-RUMI-1491-PCS-Kod-producenta-KLOCKI-KPOP-LOWCZYNIE-DEMONOW-RUMI-1491-PCS 1050w,https:\/\/a.allegroimg.com\/original\/115fdd\/61b68f02431d9e5963de20f73763\/KLOCKI-KPOP-LOWCZYNIE-DEMONOW-RUMI-1491-PCS-Kod-producenta-KLOCKI-KPOP-LOWCZYNIE-DEMONOW-RUMI-1491-PCS 1494w\" alt=\"KPOP BLOCKS DEMON HUNTERS RUMI 1491 vnt. Gamintojo kodas KPOP BLOCKS DEMON HUNTERS RUMI 1491 vnt.\" width=\"1494px\" data-srcset=\"\" \/><\/button><\/div>\n<\/div>\n<\/div>\n<\/div>\n<\/div>","protected":false},"excerpt":{"rendered":"<p>1491 mikroblokelio K\u2011POP Demon Hunters Rumi 3D fig\u016br\u0117l\u0117 \u2013 \u012fsp\u016bdingas kolekcinis rinkinys anime ir K\u2011POP gerb\u0117jams. Neoninis dizainas, dinami\u0161ka forma ir auk\u0161tos kokyb\u0117s mikroblokai sukuria dekoratyvin\u0119 fig\u016br\u0117l\u0119, lavinan\u010di\u0105 kantryb\u0119, tikslum\u0105 ir k\u016brybi\u0161kum\u0105. Puiki dovana paaugliams ir suaugusiems nuo 14 met\u0173.<\/p>","protected":false},"featured_media":83115,"template":"","meta":{"_acf_changed":false,"_glsr_average":0,"_glsr_ranking":0,"_glsr_reviews":0},"product_brand":[],"product_cat":[446,229],"product_tag":[],"class_list":{"0":"post-83114","1":"product","2":"type-product","3":"status-publish","4":"has-post-thumbnail","6":"product_cat-konstruktoriai","7":"product_cat-zaislai-vaikams","8":"\"style=\"background-color: #2ecc711c;\"","10":"first","11":"instock","12":"shipping-taxable","13":"purchasable","14":"product-type-simple"},"acf":[],"yoast_head":"<!-- This site is optimized with the Yoast SEO plugin v27.4 - https:\/\/yoast.com\/product\/yoast-seo-wordpress\/ -->\n<title>K-POP Demon hunters Rumi konstruktorius 1491vnt - KidsPlay<\/title>\n<meta name=\"description\" content=\"K\u2011POP Demon Hunters Rumi \u2013 1491 mikroblokelio 3D fig\u016br\u0117l\u0117 anime ir K\u2011POP gerb\u0117jams. \u012esp\u016bdingas dizainas, dekoratyvin\u0117 puo\u0161mena ir k\u016brybinis konstravimas nuo 14 met\u0173.\" \/>\n<meta name=\"robots\" content=\"index, follow, max-snippet:-1, max-image-preview:large, max-video-preview:-1\" \/>\n<link rel=\"canonical\" href=\"https:\/\/kidsplay.lt\/lv\/products\/k-pop-demon-hunters-rumi-konstruktorius-1491vnt\/\" \/>\n<meta property=\"og:locale\" content=\"lv_LV\" \/>\n<meta property=\"og:type\" content=\"article\" \/>\n<meta property=\"og:title\" content=\"K-POP Demon hunters Rumi konstruktorius 1491vnt - KidsPlay\" \/>\n<meta property=\"og:description\" content=\"K\u2011POP Demon Hunters Rumi \u2013 1491 mikroblokelio 3D fig\u016br\u0117l\u0117 anime ir K\u2011POP gerb\u0117jams. \u012esp\u016bdingas dizainas, dekoratyvin\u0117 puo\u0161mena ir k\u016brybinis konstravimas nuo 14 met\u0173.\" \/>\n<meta property=\"og:url\" content=\"https:\/\/kidsplay.lt\/lv\/products\/k-pop-demon-hunters-rumi-konstruktorius-1491vnt\/\" \/>\n<meta property=\"og:site_name\" content=\"KidsPlay\" \/>\n<meta property=\"article:publisher\" content=\"https:\/\/www.facebook.com\/www.kidsplay.lt\" \/>\n<meta property=\"article:modified_time\" content=\"2026-01-13T13:59:18+00:00\" \/>\n<meta property=\"og:image\" content=\"https:\/\/kidsplay.lt\/wp-content\/uploads\/2026\/01\/Screenshot_226.png\" \/>\n\t<meta property=\"og:image:width\" content=\"529\" \/>\n\t<meta property=\"og:image:height\" content=\"522\" \/>\n\t<meta property=\"og:image:type\" content=\"image\/png\" \/>\n<meta name=\"twitter:card\" content=\"summary_large_image\" \/>\n<meta name=\"twitter:label1\" content=\"Est. reading time\" \/>\n\t<meta name=\"twitter:data1\" content=\"3 min\u016btes\" \/>\n<script type=\"application\/ld+json\" class=\"yoast-schema-graph\">{\"@context\":\"https:\\\/\\\/schema.org\",\"@graph\":[{\"@type\":\"WebPage\",\"@id\":\"https:\\\/\\\/kidsplay.lt\\\/produktas\\\/k-pop-demon-hunters-rumi-konstruktorius-1491vnt\\\/\",\"url\":\"https:\\\/\\\/kidsplay.lt\\\/produktas\\\/k-pop-demon-hunters-rumi-konstruktorius-1491vnt\\\/\",\"name\":\"K-POP Demon hunters Rumi konstruktorius 1491vnt - KidsPlay\",\"isPartOf\":{\"@id\":\"https:\\\/\\\/kidsplay.lt\\\/#website\"},\"primaryImageOfPage\":{\"@id\":\"https:\\\/\\\/kidsplay.lt\\\/produktas\\\/k-pop-demon-hunters-rumi-konstruktorius-1491vnt\\\/#primaryimage\"},\"image\":{\"@id\":\"https:\\\/\\\/kidsplay.lt\\\/produktas\\\/k-pop-demon-hunters-rumi-konstruktorius-1491vnt\\\/#primaryimage\"},\"thumbnailUrl\":\"https:\\\/\\\/kidsplay.lt\\\/wp-content\\\/uploads\\\/2026\\\/01\\\/Screenshot_226.png\",\"datePublished\":\"2026-01-13T13:58:33+00:00\",\"dateModified\":\"2026-01-13T13:59:18+00:00\",\"description\":\"K\u2011POP Demon Hunters Rumi \u2013 1491 mikroblokelio 3D fig\u016br\u0117l\u0117 anime ir K\u2011POP gerb\u0117jams. \u012esp\u016bdingas dizainas, dekoratyvin\u0117 puo\u0161mena ir k\u016brybinis konstravimas nuo 14 met\u0173.\",\"breadcrumb\":{\"@id\":\"https:\\\/\\\/kidsplay.lt\\\/produktas\\\/k-pop-demon-hunters-rumi-konstruktorius-1491vnt\\\/#breadcrumb\"},\"inLanguage\":\"lv-LV\",\"potentialAction\":[{\"@type\":\"ReadAction\",\"target\":[\"https:\\\/\\\/kidsplay.lt\\\/produktas\\\/k-pop-demon-hunters-rumi-konstruktorius-1491vnt\\\/\"]}]},{\"@type\":\"ImageObject\",\"inLanguage\":\"lv-LV\",\"@id\":\"https:\\\/\\\/kidsplay.lt\\\/produktas\\\/k-pop-demon-hunters-rumi-konstruktorius-1491vnt\\\/#primaryimage\",\"url\":\"https:\\\/\\\/kidsplay.lt\\\/wp-content\\\/uploads\\\/2026\\\/01\\\/Screenshot_226.png\",\"contentUrl\":\"https:\\\/\\\/kidsplay.lt\\\/wp-content\\\/uploads\\\/2026\\\/01\\\/Screenshot_226.png\",\"width\":529,\"height\":522,\"caption\":\"K-POP Demon hunters Rumi konstruktorius 1491vnt\"},{\"@type\":\"BreadcrumbList\",\"@id\":\"https:\\\/\\\/kidsplay.lt\\\/produktas\\\/k-pop-demon-hunters-rumi-konstruktorius-1491vnt\\\/#breadcrumb\",\"itemListElement\":[{\"@type\":\"ListItem\",\"position\":1,\"name\":\"Pagrindinis\",\"item\":\"https:\\\/\\\/kidsplay.lt\\\/\"},{\"@type\":\"ListItem\",\"position\":2,\"name\":\"Parduotuv\u0117\",\"item\":\"https:\\\/\\\/kidsplay.lt\\\/parduotuve\\\/\"},{\"@type\":\"ListItem\",\"position\":3,\"name\":\"K-POP Demon hunters Rumi konstruktorius 1491vnt\"}]},{\"@type\":\"WebSite\",\"@id\":\"https:\\\/\\\/kidsplay.lt\\\/#website\",\"url\":\"https:\\\/\\\/kidsplay.lt\\\/\",\"name\":\"Kidsplay.lt\",\"description\":\"\u012evairios prek\u0117s vaikams\",\"publisher\":{\"@id\":\"https:\\\/\\\/kidsplay.lt\\\/#organization\"},\"alternateName\":\"Kidsplay\",\"potentialAction\":[{\"@type\":\"SearchAction\",\"target\":{\"@type\":\"EntryPoint\",\"urlTemplate\":\"https:\\\/\\\/kidsplay.lt\\\/?s={search_term_string}\"},\"query-input\":{\"@type\":\"PropertyValueSpecification\",\"valueRequired\":true,\"valueName\":\"search_term_string\"}}],\"inLanguage\":\"lv-LV\"},{\"@type\":\"Organization\",\"@id\":\"https:\\\/\\\/kidsplay.lt\\\/#organization\",\"name\":\"KidsPlay\",\"url\":\"https:\\\/\\\/kidsplay.lt\\\/\",\"logo\":{\"@type\":\"ImageObject\",\"inLanguage\":\"lv-LV\",\"@id\":\"https:\\\/\\\/kidsplay.lt\\\/#\\\/schema\\\/logo\\\/image\\\/\",\"url\":\"https:\\\/\\\/kidsplay.lt\\\/wp-content\\\/uploads\\\/2023\\\/07\\\/kidsplay-logo.png\",\"contentUrl\":\"https:\\\/\\\/kidsplay.lt\\\/wp-content\\\/uploads\\\/2023\\\/07\\\/kidsplay-logo.png\",\"width\":451,\"height\":98,\"caption\":\"KidsPlay\"},\"image\":{\"@id\":\"https:\\\/\\\/kidsplay.lt\\\/#\\\/schema\\\/logo\\\/image\\\/\"},\"sameAs\":[\"https:\\\/\\\/www.facebook.com\\\/www.kidsplay.lt\"]}]}<\/script>\n<!-- \/ Yoast SEO plugin. -->","yoast_head_json":{"title":"K-POP Demon hunters Rumi konstruktorius 1491vnt - KidsPlay","description":"K\u2011POP Demon Hunters Rumi \u2013 1491 mikroblokelio 3D fig\u016br\u0117l\u0117 anime ir K\u2011POP gerb\u0117jams. \u012esp\u016bdingas dizainas, dekoratyvin\u0117 puo\u0161mena ir k\u016brybinis konstravimas nuo 14 met\u0173.","robots":{"index":"index","follow":"follow","max-snippet":"max-snippet:-1","max-image-preview":"max-image-preview:large","max-video-preview":"max-video-preview:-1"},"canonical":"https:\/\/kidsplay.lt\/lv\/products\/k-pop-demon-hunters-rumi-konstruktorius-1491vnt\/","og_locale":"lv_LV","og_type":"article","og_title":"K-POP Demon hunters Rumi konstruktorius 1491vnt - KidsPlay","og_description":"K\u2011POP Demon Hunters Rumi \u2013 1491 mikroblokelio 3D fig\u016br\u0117l\u0117 anime ir K\u2011POP gerb\u0117jams. \u012esp\u016bdingas dizainas, dekoratyvin\u0117 puo\u0161mena ir k\u016brybinis konstravimas nuo 14 met\u0173.","og_url":"https:\/\/kidsplay.lt\/lv\/products\/k-pop-demon-hunters-rumi-konstruktorius-1491vnt\/","og_site_name":"KidsPlay","article_publisher":"https:\/\/www.facebook.com\/www.kidsplay.lt","article_modified_time":"2026-01-13T13:59:18+00:00","og_image":[{"width":529,"height":522,"url":"https:\/\/kidsplay.lt\/wp-content\/uploads\/2026\/01\/Screenshot_226.png","type":"image\/png"}],"twitter_card":"summary_large_image","twitter_misc":{"Est. reading time":"3 min\u016btes"},"schema":{"@context":"https:\/\/schema.org","@graph":[{"@type":"WebPage","@id":"https:\/\/kidsplay.lt\/produktas\/k-pop-demon-hunters-rumi-konstruktorius-1491vnt\/","url":"https:\/\/kidsplay.lt\/produktas\/k-pop-demon-hunters-rumi-konstruktorius-1491vnt\/","name":"K-POP Demon hunters Rumi konstruktorius 1491vnt - KidsPlay","isPartOf":{"@id":"https:\/\/kidsplay.lt\/#website"},"primaryImageOfPage":{"@id":"https:\/\/kidsplay.lt\/produktas\/k-pop-demon-hunters-rumi-konstruktorius-1491vnt\/#primaryimage"},"image":{"@id":"https:\/\/kidsplay.lt\/produktas\/k-pop-demon-hunters-rumi-konstruktorius-1491vnt\/#primaryimage"},"thumbnailUrl":"https:\/\/kidsplay.lt\/wp-content\/uploads\/2026\/01\/Screenshot_226.png","datePublished":"2026-01-13T13:58:33+00:00","dateModified":"2026-01-13T13:59:18+00:00","description":"K\u2011POP Demon Hunters Rumi \u2013 1491 mikroblokelio 3D fig\u016br\u0117l\u0117 anime ir K\u2011POP gerb\u0117jams. \u012esp\u016bdingas dizainas, dekoratyvin\u0117 puo\u0161mena ir k\u016brybinis konstravimas nuo 14 met\u0173.","breadcrumb":{"@id":"https:\/\/kidsplay.lt\/produktas\/k-pop-demon-hunters-rumi-konstruktorius-1491vnt\/#breadcrumb"},"inLanguage":"lv-LV","potentialAction":[{"@type":"ReadAction","target":["https:\/\/kidsplay.lt\/produktas\/k-pop-demon-hunters-rumi-konstruktorius-1491vnt\/"]}]},{"@type":"ImageObject","inLanguage":"lv-LV","@id":"https:\/\/kidsplay.lt\/produktas\/k-pop-demon-hunters-rumi-konstruktorius-1491vnt\/#primaryimage","url":"https:\/\/kidsplay.lt\/wp-content\/uploads\/2026\/01\/Screenshot_226.png","contentUrl":"https:\/\/kidsplay.lt\/wp-content\/uploads\/2026\/01\/Screenshot_226.png","width":529,"height":522,"caption":"K-POP Demon hunters Rumi konstruktorius 1491vnt"},{"@type":"BreadcrumbList","@id":"https:\/\/kidsplay.lt\/produktas\/k-pop-demon-hunters-rumi-konstruktorius-1491vnt\/#breadcrumb","itemListElement":[{"@type":"ListItem","position":1,"name":"Pagrindinis","item":"https:\/\/kidsplay.lt\/"},{"@type":"ListItem","position":2,"name":"Parduotuv\u0117","item":"https:\/\/kidsplay.lt\/parduotuve\/"},{"@type":"ListItem","position":3,"name":"K-POP Demon hunters Rumi konstruktorius 1491vnt"}]},{"@type":"WebSite","@id":"https:\/\/kidsplay.lt\/#website","url":"https:\/\/kidsplay.lt\/","name":"B\u0113rnu sp\u0113les.lv","description":"\u012evairios prek\u0117s vaikams","publisher":{"@id":"https:\/\/kidsplay.lt\/#organization"},"alternateName":"Kidsplay","potentialAction":[{"@type":"SearchAction","target":{"@type":"EntryPoint","urlTemplate":"https:\/\/kidsplay.lt\/?s={search_term_string}"},"query-input":{"@type":"PropertyValueSpecification","valueRequired":true,"valueName":"search_term_string"}}],"inLanguage":"lv-LV"},{"@type":"Organization","@id":"https:\/\/kidsplay.lt\/#organization","name":"B\u0113rnu sp\u0113le","url":"https:\/\/kidsplay.lt\/","logo":{"@type":"ImageObject","inLanguage":"lv-LV","@id":"https:\/\/kidsplay.lt\/#\/schema\/logo\/image\/","url":"https:\/\/kidsplay.lt\/wp-content\/uploads\/2023\/07\/kidsplay-logo.png","contentUrl":"https:\/\/kidsplay.lt\/wp-content\/uploads\/2023\/07\/kidsplay-logo.png","width":451,"height":98,"caption":"KidsPlay"},"image":{"@id":"https:\/\/kidsplay.lt\/#\/schema\/logo\/image\/"},"sameAs":["https:\/\/www.facebook.com\/www.kidsplay.lt"]}]}},"_links":{"self":[{"href":"https:\/\/kidsplay.lt\/lv\/wp-json\/wp\/v2\/product\/83114","targetHints":{"allow":["GET"]}}],"collection":[{"href":"https:\/\/kidsplay.lt\/lv\/wp-json\/wp\/v2\/product"}],"about":[{"href":"https:\/\/kidsplay.lt\/lv\/wp-json\/wp\/v2\/types\/product"}],"version-history":[{"count":1,"href":"https:\/\/kidsplay.lt\/lv\/wp-json\/wp\/v2\/product\/83114\/revisions"}],"predecessor-version":[{"id":83116,"href":"https:\/\/kidsplay.lt\/lv\/wp-json\/wp\/v2\/product\/83114\/revisions\/83116"}],"wp:featuredmedia":[{"embeddable":true,"href":"https:\/\/kidsplay.lt\/lv\/wp-json\/wp\/v2\/media\/83115"}],"wp:attachment":[{"href":"https:\/\/kidsplay.lt\/lv\/wp-json\/wp\/v2\/media?parent=83114"}],"wp:term":[{"taxonomy":"product_brand","embeddable":true,"href":"https:\/\/kidsplay.lt\/lv\/wp-json\/wp\/v2\/product_brand?post=83114"},{"taxonomy":"product_cat","embeddable":true,"href":"https:\/\/kidsplay.lt\/lv\/wp-json\/wp\/v2\/product_cat?post=83114"},{"taxonomy":"product_tag","embeddable":true,"href":"https:\/\/kidsplay.lt\/lv\/wp-json\/wp\/v2\/product_tag?post=83114"}],"curies":[{"name":"wp","href":"https:\/\/api.w.org\/{rel}","templated":true}]}}