{"id":83146,"date":"2026-01-13T16:39:44","date_gmt":"2026-01-13T14:39:44","guid":{"rendered":"https:\/\/kidsplay.lt\/?post_type=product&#038;p=83146"},"modified":"2026-01-13T16:39:44","modified_gmt":"2026-01-13T14:39:44","slug":"kruezzel-lyginimo-karoliuku-rinkinys-5000vnt","status":"publish","type":"product","link":"https:\/\/kidsplay.lt\/lv\/products\/kruezzel-lyginimo-karoliuku-rinkinys-5000vnt\/","title":{"rendered":"Kruezzel gludin\u0101\u0161anas p\u0113rl\u012b\u0161u komplekts, 5000 gab."},"content":{"rendered":"<div class=\"mpof_ki myre_zn myre_8v_l m389_6m_l\">\n<div class=\"mp4t_16_s mryx_16_s mr3m_1 mli2_1 mh85_56 mh85_0_l\">\n<div class=\"mgn2_16 _0d3bd_am0a-\">\n<h1><span dir=\"auto\">SPALVING\u0172 LYGINIMO KAROLIUK\u0172 + FORMAVIMO \u012eRANKI\u0172 RINKINYS 5000 vnt.<\/span><\/h1>\n<\/div>\n<\/div>\n<\/div>\n<div class=\"mpof_ki myre_zn myre_8v_l m389_6m_l\">\n<div class=\"mp4t_16_s mryx_16_s mr3m_1 mli2_1 mh85_56 mh85_0_l\">\n<div class=\"mg9e_8 mj7a_8 mg9e_0_s mvrt_0_s mj7a_0_s mh36_0_s mzmg_6m munh_16_l m3h2_16_l\">\n<div class=\"mp4t_0 mryx_0 munh_56 m3h2_56\">\n<div class=\"mp7g_oh\"><button class=\"mg9e_0 mvrt_0 mj7a_0 mh36_0 mp4t_0 m3h2_0 mryx_0 munh_0 mqen_m6 mpof_z0 mx7m_0 m7er_k4 mse2_k4 msts_pt\" data-analytics-interaction=\"true\" data-analytics-interaction-label=\"zoomable-image-open\" aria-disabled=\"true\"><img decoding=\"async\" class=\"msub_k4 mupj_5k mjru_k4 mse2_k4 mp7g_f6 mq1m_0 mj7u_0 m7er_k4 mqen_m6 m31c_d8 m0ux_fp lazyloaded\" src=\"https:\/\/a.allegroimg.com\/original\/11e5cf\/c10b10cf42f38dca6b1b3af0aaa1\/Koraliki-do-Prasowania-Korale-Zestaw-5000szt-Formy\" sizes=\"(min-width: 1200px) 560px, (min-width: 992px) 50vw, 100vw\" srcset=\"https:\/\/a.allegroimg.com\/s360\/11e5cf\/c10b10cf42f38dca6b1b3af0aaa1\/Koraliki-do-Prasowania-Korale-Zestaw-5000szt-Formy 359w,https:\/\/a.allegroimg.com\/s720\/11e5cf\/c10b10cf42f38dca6b1b3af0aaa1\/Koraliki-do-Prasowania-Korale-Zestaw-5000szt-Formy 718w,https:\/\/a.allegroimg.com\/s1024\/11e5cf\/c10b10cf42f38dca6b1b3af0aaa1\/Koraliki-do-Prasowania-Korale-Zestaw-5000szt-Formy 821w,https:\/\/a.allegroimg.com\/original\/11e5cf\/c10b10cf42f38dca6b1b3af0aaa1\/Koraliki-do-Prasowania-Korale-Zestaw-5000szt-Formy 821w\" alt=\"Lyginimo karoliuk\u0173 rinkinys, 5000 karoliuk\u0173 formeli\u0173\" width=\"821px\" data-srcset=\"\" \/><\/button><\/div>\n<\/div>\n<\/div>\n<\/div>\n<div class=\"mp4t_16_s mryx_16_s mr3m_1 mli2_1 mh85_56 mh85_0_l\">\n<div class=\"mgn2_16 _0d3bd_am0a-\">\n<p><span dir=\"auto\">I\u0161d\u0117liokite bet kokius vaizdus ir \u012fam\u017einkite juos&#8230; lygintuvu!<\/span><\/p>\n<p><span dir=\"auto\">Puiki \u0161eimos pramoga, kuri suteiks daug d\u017eiaugsmo ir \u0161ypsen\u0173 vaik\u0173 veiduose!<\/span><\/p>\n<ul>\n<li><span dir=\"auto\">\u017daidimas su karoliukais lavina motorinius \u012fg\u016bd\u017eius ir koordinacij\u0105.<\/span><\/li>\n<li><span dir=\"auto\">Tai teigiamai veikia vaiko vystym\u0105si, formuoja jo meninius geb\u0117jimus ir vaizduot\u0119, kartu lavina susikaupim\u0105.<\/span><\/li>\n<li><span dir=\"auto\">Taip pat moko bendradarbiauti<\/span><\/li>\n<\/ul>\n<\/div>\n<\/div>\n<\/div>\n<div class=\"mpof_ki myre_zn myre_8v_l m389_6m_l\">\n<div class=\"mp4t_16_s mryx_16_s mr3m_1 mli2_1 mh85_56 mh85_0_l\">\n<div class=\"mg9e_8 mj7a_8 mg9e_0_s mvrt_0_s mj7a_0_s mh36_0_s mzmg_6m munh_16_l m3h2_16_l\">\n<div class=\"mp4t_0 mryx_0 munh_56 m3h2_56\">\n<div class=\"mp7g_oh\"><button class=\"mg9e_0 mvrt_0 mj7a_0 mh36_0 mp4t_0 m3h2_0 mryx_0 munh_0 mqen_m6 mpof_z0 mx7m_0 m7er_k4 mse2_k4 msts_pt\" data-analytics-interaction=\"true\" data-analytics-interaction-label=\"zoomable-image-open\" aria-disabled=\"true\"><img decoding=\"async\" class=\"msub_k4 mupj_5k mjru_k4 mse2_k4 mp7g_f6 mq1m_0 mj7u_0 m7er_k4 mqen_m6 m31c_d8 m0ux_fp lazyloaded\" src=\"https:\/\/a.allegroimg.com\/original\/11c088\/ca5e40664eaaafc415c5cca0e384\/Koraliki-do-Prasowania-Korale-Zestaw-5000szt-Formy-Marka-Kruzzel\" sizes=\"100vw\" srcset=\"https:\/\/a.allegroimg.com\/s360\/11c088\/ca5e40664eaaafc415c5cca0e384\/Koraliki-do-Prasowania-Korale-Zestaw-5000szt-Formy-Marka-Kruzzel 360w,https:\/\/a.allegroimg.com\/s720\/11c088\/ca5e40664eaaafc415c5cca0e384\/Koraliki-do-Prasowania-Korale-Zestaw-5000szt-Formy-Marka-Kruzzel 674w,https:\/\/a.allegroimg.com\/original\/11c088\/ca5e40664eaaafc415c5cca0e384\/Koraliki-do-Prasowania-Korale-Zestaw-5000szt-Formy-Marka-Kruzzel 674w\" alt=\"Lyginimo karoliuk\u0173 rinkinys, 5000 karoliuk\u0173, \u201eKruzzel\u201c prek\u0117s \u017eenklas\" width=\"674px\" data-srcset=\"\" \/><\/button><\/div>\n<\/div>\n<\/div>\n<\/div>\n<\/div>\n<div class=\"mpof_ki myre_zn myre_8v_l m389_6m_l\">\n<div class=\"mp4t_16_s mryx_16_s mr3m_1 mli2_1 mh85_56 mh85_0_l\">\n<div class=\"mgn2_16 _0d3bd_am0a-\">\n<p><span dir=\"auto\">Taip paprasta!<\/span><\/p>\n<ol>\n<li><span dir=\"auto\">Kai dizainas bus paruo\u0161tas, u\u017edenkite karoliukus rinkinyje esan\u010diu popieriumi ir kelias sekundes lyginkite juos \u0161iltu\/kar\u0161tu lygintuvu, kad karoliukai i\u0161silydyt\u0173.<\/span><\/li>\n<li><span dir=\"auto\">I\u0161lyginus, leiskite karoliuk\u0173 ra\u0161tui atv\u0117sti. Pad\u0117kite j\u012f ant lygaus pavir\u0161iaus ir nelenkite.<\/span><\/li>\n<li><span dir=\"auto\">Atv\u0117sus, turime i\u0161tisas, sujungtas, gra\u017eias fig\u016br\u0117les.<\/span><\/li>\n<\/ol>\n<\/div>\n<\/div>\n<\/div>","protected":false},"excerpt":{"rendered":"<p>5000 spalving\u0173 lyginimo karoliuk\u0173 rinkinys su formavimo \u012frankiais \u2013 puiki k\u016brybin\u0117 veikla vaikams ir visai \u0161eimai. Karoliukai leid\u017eia kurti \u012fvairius ra\u0161tus, o i\u0161lyginus juos lygintuvu gaunamos tvirtos, gra\u017eios fig\u016br\u0117l\u0117s. Lavina smulki\u0105j\u0105 motorik\u0105, koordinacij\u0105, vaizduot\u0119 ir susikaupim\u0105. Puikus pasirinkimas menin\u0117ms veikloms namuose ar dar\u017eelyje.<\/p>","protected":false},"featured_media":83147,"template":"","meta":{"_acf_changed":false,"_glsr_average":0,"_glsr_ranking":0,"_glsr_reviews":0},"product_brand":[],"product_cat":[446,229],"product_tag":[],"class_list":{"0":"post-83146","1":"product","2":"type-product","3":"status-publish","4":"has-post-thumbnail","6":"product_cat-konstruktoriai","7":"product_cat-zaislai-vaikams","8":"\"style=\"background-color: #2ecc711c;\"","10":"first","11":"instock","12":"shipping-taxable","13":"purchasable","14":"product-type-simple"},"acf":[],"yoast_head":"<!-- This site is optimized with the Yoast SEO plugin v27.4 - https:\/\/yoast.com\/product\/yoast-seo-wordpress\/ -->\n<title>Kruezzel lyginimo karoliuk\u0173 rinkinys, 5000vnt - KidsPlay<\/title>\n<meta name=\"description\" content=\"Lyginimo karoliuk\u0173 rinkinys \u2013 5000 spalving\u0173 karoliuk\u0173 ir formavimo \u012frankiai k\u016brybi\u0161koms fig\u016br\u0117l\u0117ms. Lavina motorik\u0105, vaizduot\u0119 ir susikaupim\u0105. Puiki pramoga vaikams.\" \/>\n<meta name=\"robots\" content=\"index, follow, max-snippet:-1, max-image-preview:large, max-video-preview:-1\" \/>\n<link rel=\"canonical\" href=\"https:\/\/kidsplay.lt\/lv\/products\/kruezzel-lyginimo-karoliuku-rinkinys-5000vnt\/\" \/>\n<meta property=\"og:locale\" content=\"lv_LV\" \/>\n<meta property=\"og:type\" content=\"article\" \/>\n<meta property=\"og:title\" content=\"Kruezzel lyginimo karoliuk\u0173 rinkinys, 5000vnt - KidsPlay\" \/>\n<meta property=\"og:description\" content=\"Lyginimo karoliuk\u0173 rinkinys \u2013 5000 spalving\u0173 karoliuk\u0173 ir formavimo \u012frankiai k\u016brybi\u0161koms fig\u016br\u0117l\u0117ms. Lavina motorik\u0105, vaizduot\u0119 ir susikaupim\u0105. Puiki pramoga vaikams.\" \/>\n<meta property=\"og:url\" content=\"https:\/\/kidsplay.lt\/lv\/products\/kruezzel-lyginimo-karoliuku-rinkinys-5000vnt\/\" \/>\n<meta property=\"og:site_name\" content=\"KidsPlay\" \/>\n<meta property=\"article:publisher\" content=\"https:\/\/www.facebook.com\/www.kidsplay.lt\" \/>\n<meta property=\"og:image\" content=\"https:\/\/kidsplay.lt\/wp-content\/uploads\/2026\/01\/Screenshot_244.png\" \/>\n\t<meta property=\"og:image:width\" content=\"519\" \/>\n\t<meta property=\"og:image:height\" content=\"521\" \/>\n\t<meta property=\"og:image:type\" content=\"image\/png\" \/>\n<meta name=\"twitter:card\" content=\"summary_large_image\" \/>\n<meta name=\"twitter:label1\" content=\"Est. reading time\" \/>\n\t<meta name=\"twitter:data1\" content=\"2 min\u016btes\" \/>\n<script type=\"application\/ld+json\" class=\"yoast-schema-graph\">{\"@context\":\"https:\\\/\\\/schema.org\",\"@graph\":[{\"@type\":\"WebPage\",\"@id\":\"https:\\\/\\\/kidsplay.lt\\\/produktas\\\/kruezzel-lyginimo-karoliuku-rinkinys-5000vnt\\\/\",\"url\":\"https:\\\/\\\/kidsplay.lt\\\/produktas\\\/kruezzel-lyginimo-karoliuku-rinkinys-5000vnt\\\/\",\"name\":\"Kruezzel lyginimo karoliuk\u0173 rinkinys, 5000vnt - KidsPlay\",\"isPartOf\":{\"@id\":\"https:\\\/\\\/kidsplay.lt\\\/#website\"},\"primaryImageOfPage\":{\"@id\":\"https:\\\/\\\/kidsplay.lt\\\/produktas\\\/kruezzel-lyginimo-karoliuku-rinkinys-5000vnt\\\/#primaryimage\"},\"image\":{\"@id\":\"https:\\\/\\\/kidsplay.lt\\\/produktas\\\/kruezzel-lyginimo-karoliuku-rinkinys-5000vnt\\\/#primaryimage\"},\"thumbnailUrl\":\"https:\\\/\\\/kidsplay.lt\\\/wp-content\\\/uploads\\\/2026\\\/01\\\/Screenshot_244.png\",\"datePublished\":\"2026-01-13T14:39:44+00:00\",\"description\":\"Lyginimo karoliuk\u0173 rinkinys \u2013 5000 spalving\u0173 karoliuk\u0173 ir formavimo \u012frankiai k\u016brybi\u0161koms fig\u016br\u0117l\u0117ms. Lavina motorik\u0105, vaizduot\u0119 ir susikaupim\u0105. Puiki pramoga vaikams.\",\"breadcrumb\":{\"@id\":\"https:\\\/\\\/kidsplay.lt\\\/produktas\\\/kruezzel-lyginimo-karoliuku-rinkinys-5000vnt\\\/#breadcrumb\"},\"inLanguage\":\"lv-LV\",\"potentialAction\":[{\"@type\":\"ReadAction\",\"target\":[\"https:\\\/\\\/kidsplay.lt\\\/produktas\\\/kruezzel-lyginimo-karoliuku-rinkinys-5000vnt\\\/\"]}]},{\"@type\":\"ImageObject\",\"inLanguage\":\"lv-LV\",\"@id\":\"https:\\\/\\\/kidsplay.lt\\\/produktas\\\/kruezzel-lyginimo-karoliuku-rinkinys-5000vnt\\\/#primaryimage\",\"url\":\"https:\\\/\\\/kidsplay.lt\\\/wp-content\\\/uploads\\\/2026\\\/01\\\/Screenshot_244.png\",\"contentUrl\":\"https:\\\/\\\/kidsplay.lt\\\/wp-content\\\/uploads\\\/2026\\\/01\\\/Screenshot_244.png\",\"width\":519,\"height\":521,\"caption\":\"Kruezzel lyginimo karoliuk\u0173 rinkinys\"},{\"@type\":\"BreadcrumbList\",\"@id\":\"https:\\\/\\\/kidsplay.lt\\\/produktas\\\/kruezzel-lyginimo-karoliuku-rinkinys-5000vnt\\\/#breadcrumb\",\"itemListElement\":[{\"@type\":\"ListItem\",\"position\":1,\"name\":\"Pagrindinis\",\"item\":\"https:\\\/\\\/kidsplay.lt\\\/\"},{\"@type\":\"ListItem\",\"position\":2,\"name\":\"Parduotuv\u0117\",\"item\":\"https:\\\/\\\/kidsplay.lt\\\/parduotuve\\\/\"},{\"@type\":\"ListItem\",\"position\":3,\"name\":\"Kruezzel lyginimo karoliuk\u0173 rinkinys, 5000vnt\"}]},{\"@type\":\"WebSite\",\"@id\":\"https:\\\/\\\/kidsplay.lt\\\/#website\",\"url\":\"https:\\\/\\\/kidsplay.lt\\\/\",\"name\":\"Kidsplay.lt\",\"description\":\"\u012evairios prek\u0117s vaikams\",\"publisher\":{\"@id\":\"https:\\\/\\\/kidsplay.lt\\\/#organization\"},\"alternateName\":\"Kidsplay\",\"potentialAction\":[{\"@type\":\"SearchAction\",\"target\":{\"@type\":\"EntryPoint\",\"urlTemplate\":\"https:\\\/\\\/kidsplay.lt\\\/?s={search_term_string}\"},\"query-input\":{\"@type\":\"PropertyValueSpecification\",\"valueRequired\":true,\"valueName\":\"search_term_string\"}}],\"inLanguage\":\"lv-LV\"},{\"@type\":\"Organization\",\"@id\":\"https:\\\/\\\/kidsplay.lt\\\/#organization\",\"name\":\"KidsPlay\",\"url\":\"https:\\\/\\\/kidsplay.lt\\\/\",\"logo\":{\"@type\":\"ImageObject\",\"inLanguage\":\"lv-LV\",\"@id\":\"https:\\\/\\\/kidsplay.lt\\\/#\\\/schema\\\/logo\\\/image\\\/\",\"url\":\"https:\\\/\\\/kidsplay.lt\\\/wp-content\\\/uploads\\\/2023\\\/07\\\/kidsplay-logo.png\",\"contentUrl\":\"https:\\\/\\\/kidsplay.lt\\\/wp-content\\\/uploads\\\/2023\\\/07\\\/kidsplay-logo.png\",\"width\":451,\"height\":98,\"caption\":\"KidsPlay\"},\"image\":{\"@id\":\"https:\\\/\\\/kidsplay.lt\\\/#\\\/schema\\\/logo\\\/image\\\/\"},\"sameAs\":[\"https:\\\/\\\/www.facebook.com\\\/www.kidsplay.lt\"]}]}<\/script>\n<!-- \/ Yoast SEO plugin. -->","yoast_head_json":{"title":"Kruezzel lyginimo karoliuk\u0173 rinkinys, 5000vnt - KidsPlay","description":"Lyginimo karoliuk\u0173 rinkinys \u2013 5000 spalving\u0173 karoliuk\u0173 ir formavimo \u012frankiai k\u016brybi\u0161koms fig\u016br\u0117l\u0117ms. Lavina motorik\u0105, vaizduot\u0119 ir susikaupim\u0105. Puiki pramoga vaikams.","robots":{"index":"index","follow":"follow","max-snippet":"max-snippet:-1","max-image-preview":"max-image-preview:large","max-video-preview":"max-video-preview:-1"},"canonical":"https:\/\/kidsplay.lt\/lv\/products\/kruezzel-lyginimo-karoliuku-rinkinys-5000vnt\/","og_locale":"lv_LV","og_type":"article","og_title":"Kruezzel lyginimo karoliuk\u0173 rinkinys, 5000vnt - KidsPlay","og_description":"Lyginimo karoliuk\u0173 rinkinys \u2013 5000 spalving\u0173 karoliuk\u0173 ir formavimo \u012frankiai k\u016brybi\u0161koms fig\u016br\u0117l\u0117ms. Lavina motorik\u0105, vaizduot\u0119 ir susikaupim\u0105. Puiki pramoga vaikams.","og_url":"https:\/\/kidsplay.lt\/lv\/products\/kruezzel-lyginimo-karoliuku-rinkinys-5000vnt\/","og_site_name":"KidsPlay","article_publisher":"https:\/\/www.facebook.com\/www.kidsplay.lt","og_image":[{"width":519,"height":521,"url":"https:\/\/kidsplay.lt\/wp-content\/uploads\/2026\/01\/Screenshot_244.png","type":"image\/png"}],"twitter_card":"summary_large_image","twitter_misc":{"Est. reading time":"2 min\u016btes"},"schema":{"@context":"https:\/\/schema.org","@graph":[{"@type":"WebPage","@id":"https:\/\/kidsplay.lt\/produktas\/kruezzel-lyginimo-karoliuku-rinkinys-5000vnt\/","url":"https:\/\/kidsplay.lt\/produktas\/kruezzel-lyginimo-karoliuku-rinkinys-5000vnt\/","name":"Kruezzel lyginimo karoliuk\u0173 rinkinys, 5000vnt - KidsPlay","isPartOf":{"@id":"https:\/\/kidsplay.lt\/#website"},"primaryImageOfPage":{"@id":"https:\/\/kidsplay.lt\/produktas\/kruezzel-lyginimo-karoliuku-rinkinys-5000vnt\/#primaryimage"},"image":{"@id":"https:\/\/kidsplay.lt\/produktas\/kruezzel-lyginimo-karoliuku-rinkinys-5000vnt\/#primaryimage"},"thumbnailUrl":"https:\/\/kidsplay.lt\/wp-content\/uploads\/2026\/01\/Screenshot_244.png","datePublished":"2026-01-13T14:39:44+00:00","description":"Lyginimo karoliuk\u0173 rinkinys \u2013 5000 spalving\u0173 karoliuk\u0173 ir formavimo \u012frankiai k\u016brybi\u0161koms fig\u016br\u0117l\u0117ms. Lavina motorik\u0105, vaizduot\u0119 ir susikaupim\u0105. Puiki pramoga vaikams.","breadcrumb":{"@id":"https:\/\/kidsplay.lt\/produktas\/kruezzel-lyginimo-karoliuku-rinkinys-5000vnt\/#breadcrumb"},"inLanguage":"lv-LV","potentialAction":[{"@type":"ReadAction","target":["https:\/\/kidsplay.lt\/produktas\/kruezzel-lyginimo-karoliuku-rinkinys-5000vnt\/"]}]},{"@type":"ImageObject","inLanguage":"lv-LV","@id":"https:\/\/kidsplay.lt\/produktas\/kruezzel-lyginimo-karoliuku-rinkinys-5000vnt\/#primaryimage","url":"https:\/\/kidsplay.lt\/wp-content\/uploads\/2026\/01\/Screenshot_244.png","contentUrl":"https:\/\/kidsplay.lt\/wp-content\/uploads\/2026\/01\/Screenshot_244.png","width":519,"height":521,"caption":"Kruezzel lyginimo karoliuk\u0173 rinkinys"},{"@type":"BreadcrumbList","@id":"https:\/\/kidsplay.lt\/produktas\/kruezzel-lyginimo-karoliuku-rinkinys-5000vnt\/#breadcrumb","itemListElement":[{"@type":"ListItem","position":1,"name":"Pagrindinis","item":"https:\/\/kidsplay.lt\/"},{"@type":"ListItem","position":2,"name":"Parduotuv\u0117","item":"https:\/\/kidsplay.lt\/parduotuve\/"},{"@type":"ListItem","position":3,"name":"Kruezzel lyginimo karoliuk\u0173 rinkinys, 5000vnt"}]},{"@type":"WebSite","@id":"https:\/\/kidsplay.lt\/#website","url":"https:\/\/kidsplay.lt\/","name":"B\u0113rnu sp\u0113les.lv","description":"\u012evairios prek\u0117s vaikams","publisher":{"@id":"https:\/\/kidsplay.lt\/#organization"},"alternateName":"Kidsplay","potentialAction":[{"@type":"SearchAction","target":{"@type":"EntryPoint","urlTemplate":"https:\/\/kidsplay.lt\/?s={search_term_string}"},"query-input":{"@type":"PropertyValueSpecification","valueRequired":true,"valueName":"search_term_string"}}],"inLanguage":"lv-LV"},{"@type":"Organization","@id":"https:\/\/kidsplay.lt\/#organization","name":"B\u0113rnu sp\u0113le","url":"https:\/\/kidsplay.lt\/","logo":{"@type":"ImageObject","inLanguage":"lv-LV","@id":"https:\/\/kidsplay.lt\/#\/schema\/logo\/image\/","url":"https:\/\/kidsplay.lt\/wp-content\/uploads\/2023\/07\/kidsplay-logo.png","contentUrl":"https:\/\/kidsplay.lt\/wp-content\/uploads\/2023\/07\/kidsplay-logo.png","width":451,"height":98,"caption":"KidsPlay"},"image":{"@id":"https:\/\/kidsplay.lt\/#\/schema\/logo\/image\/"},"sameAs":["https:\/\/www.facebook.com\/www.kidsplay.lt"]}]}},"_links":{"self":[{"href":"https:\/\/kidsplay.lt\/lv\/wp-json\/wp\/v2\/product\/83146","targetHints":{"allow":["GET"]}}],"collection":[{"href":"https:\/\/kidsplay.lt\/lv\/wp-json\/wp\/v2\/product"}],"about":[{"href":"https:\/\/kidsplay.lt\/lv\/wp-json\/wp\/v2\/types\/product"}],"version-history":[{"count":1,"href":"https:\/\/kidsplay.lt\/lv\/wp-json\/wp\/v2\/product\/83146\/revisions"}],"predecessor-version":[{"id":83149,"href":"https:\/\/kidsplay.lt\/lv\/wp-json\/wp\/v2\/product\/83146\/revisions\/83149"}],"wp:featuredmedia":[{"embeddable":true,"href":"https:\/\/kidsplay.lt\/lv\/wp-json\/wp\/v2\/media\/83147"}],"wp:attachment":[{"href":"https:\/\/kidsplay.lt\/lv\/wp-json\/wp\/v2\/media?parent=83146"}],"wp:term":[{"taxonomy":"product_brand","embeddable":true,"href":"https:\/\/kidsplay.lt\/lv\/wp-json\/wp\/v2\/product_brand?post=83146"},{"taxonomy":"product_cat","embeddable":true,"href":"https:\/\/kidsplay.lt\/lv\/wp-json\/wp\/v2\/product_cat?post=83146"},{"taxonomy":"product_tag","embeddable":true,"href":"https:\/\/kidsplay.lt\/lv\/wp-json\/wp\/v2\/product_tag?post=83146"}],"curies":[{"name":"wp","href":"https:\/\/api.w.org\/{rel}","templated":true}]}}