{"id":83195,"date":"2026-01-15T08:17:28","date_gmt":"2026-01-15T06:17:28","guid":{"rendered":"https:\/\/kidsplay.lt\/?post_type=product&#038;p=83195"},"modified":"2026-01-15T08:17:28","modified_gmt":"2026-01-15T06:17:28","slug":"fisher-price-muzikinis-pliusinis-pingvinas","status":"publish","type":"product","link":"https:\/\/kidsplay.lt\/lv\/product\/fisher-price-muzikinis-pliusinis-pingvinas\/","title":{"rendered":"Fisher Price muzik\u0101lais pl\u012b\u0161a pingv\u012bns"},"content":{"rendered":"<div class=\"mpof_ki myre_zn myre_8v_l m389_6m_l\">\n<div class=\"mp4t_16_s mryx_16_s mr3m_1 mli2_1 mh85_56 mh85_0_l\">\n<div class=\"mg9e_8 mj7a_8 mg9e_0_s mvrt_0_s mj7a_0_s mh36_0_s mzmg_6m munh_16_l m3h2_16_l\">\n<div class=\"mp4t_0 mryx_0 munh_56 m3h2_56\">\n<div class=\"mp7g_oh\"><button class=\"mg9e_0 mvrt_0 mj7a_0 mh36_0 mp4t_0 m3h2_0 mryx_0 munh_0 mqen_m6 mpof_z0 mx7m_0 m7er_k4 mse2_k4 msts_pt\" data-analytics-interaction=\"true\" data-analytics-interaction-label=\"zoomable-image-open\" aria-disabled=\"true\"><img decoding=\"async\" class=\"msub_k4 mupj_5k mjru_k4 mse2_k4 mp7g_f6 mq1m_0 mj7u_0 m7er_k4 mqen_m6 m31c_d8 m0ux_fp lazyloaded\" src=\"https:\/\/a.allegroimg.com\/original\/11ddb9\/51bd27d244fbbc53dfac8b27ffc7\/FISHER-PRICE-MUZYCZNY-PINGWINEK-KIWACZEK-pluszowa-zabawka-dla-niemowlat\" sizes=\"(min-width: 1200px) 560px, (min-width: 992px) 50vw, 100vw\" srcset=\"https:\/\/a.allegroimg.com\/s360\/11ddb9\/51bd27d244fbbc53dfac8b27ffc7\/FISHER-PRICE-MUZYCZNY-PINGWINEK-KIWACZEK-pluszowa-zabawka-dla-niemowlat 360w,https:\/\/a.allegroimg.com\/s720\/11ddb9\/51bd27d244fbbc53dfac8b27ffc7\/FISHER-PRICE-MUZYCZNY-PINGWINEK-KIWACZEK-pluszowa-zabawka-dla-niemowlat 720w,https:\/\/a.allegroimg.com\/s1024\/11ddb9\/51bd27d244fbbc53dfac8b27ffc7\/FISHER-PRICE-MUZYCZNY-PINGWINEK-KIWACZEK-pluszowa-zabawka-dla-niemowlat 786w,https:\/\/a.allegroimg.com\/original\/11ddb9\/51bd27d244fbbc53dfac8b27ffc7\/FISHER-PRICE-MUZYCZNY-PINGWINEK-KIWACZEK-pluszowa-zabawka-dla-niemowlat 786w\" alt=\"FISHER PRICE MUZIKINIS SUPAMASIS PLI\u0160INIS \u017dAISL\u0116LIS K\u016aDIKIAMS PINGVINAS\" width=\"786px\" data-srcset=\"\" \/><\/button><\/div>\n<\/div>\n<\/div>\n<\/div>\n<div class=\"mp4t_16_s mryx_16_s mr3m_1 mli2_1 mh85_56 mh85_0_l\">\n<div class=\"mgn2_16 _0d3bd_am0a-\">\n<p><b><span dir=\"auto\">GAMINTOJAS:<\/span><\/b><span dir=\"auto\">\u00a0FISHER PRICE<\/span><\/p>\n<p><b><span dir=\"auto\">VAIKO AM\u017dIUS:<\/span><\/b><span dir=\"auto\">\u00a0+0 m\u0117nesi\u0173<\/span><\/p>\n<\/div>\n<\/div>\n<\/div>\n<div class=\"mpof_ki myre_zn myre_8v_l m389_6m_l\">\n<div class=\"mp4t_16_s mryx_16_s mr3m_1 mli2_1 mh85_56 mh85_0_l\">\n<div class=\"mgn2_16 _0d3bd_am0a-\">\n<p><b><span dir=\"auto\">\u0160is pliu\u0161inis pingvinas k\u016bdikiams reaguoja \u012f j\u016bs\u0173 k\u016bdikio prisilietimus muzika ir judan\u010diais sparnais.<\/span><\/b><\/p>\n<p><span dir=\"auto\">\u201ePenguin\u201c turi 2 muzikos re\u017eimus su muzikos ir triuk\u0161mo atk\u016brimu iki 10 minu\u010di\u0173.<\/span><\/p>\n<p><span dir=\"auto\">\u017daislas lydi vaikus jiems augant, nuo \u017eaidimo gulint iki s\u0117d\u0117jimo.<\/span><\/p>\n<p><span dir=\"auto\">Intensyvios kontrastingos spalvos palaiko naujagimi\u0173 reg\u0117jim\u0105, o \u012fvairios mink\u0161tos med\u017eiagos ir \u0161ilkin\u0117s bei tra\u0161kios tekst\u016bros stimuliuoja lyt\u0117jimo ir klausos poj\u016b\u010dius.<\/span><\/p>\n<p><span dir=\"auto\">\u017daislas moko prie\u017easties ir pasekm\u0117s principo \u017eaid\u017eiant gulint ir palaiko jutiminius i\u0161gyvenimus \u017eaidimo metu nuo gimimo.<\/span><\/p>\n<\/div>\n<\/div>\n<\/div>\n<div class=\"mpof_ki myre_zn myre_8v_l m389_6m_l\">\n<div class=\"mp4t_16_s mryx_16_s mr3m_1 mli2_1 mh85_56 mh85_0_l\">\n<div class=\"mg9e_8 mj7a_8 mg9e_0_s mvrt_0_s mj7a_0_s mh36_0_s mzmg_6m munh_16_l m3h2_16_l\">\n<div class=\"mp4t_0 mryx_0 munh_56 m3h2_56\">\n<div class=\"mp7g_oh\"><button class=\"mg9e_0 mvrt_0 mj7a_0 mh36_0 mp4t_0 m3h2_0 mryx_0 munh_0 mqen_m6 mpof_z0 mx7m_0 m7er_k4 mse2_k4 msts_pt\" data-analytics-interaction=\"true\" data-analytics-interaction-label=\"zoomable-image-open\" aria-disabled=\"true\"><img decoding=\"async\" class=\"msub_k4 mupj_5k mjru_k4 mse2_k4 mp7g_f6 mq1m_0 mj7u_0 m7er_k4 mqen_m6 m31c_d8 m0ux_fp lazyloaded\" src=\"https:\/\/a.allegroimg.com\/original\/119981\/99ce6912401fa4917b97ef51bd23\/FISHER-PRICE-MUZYCZNY-PINGWINEK-KIWACZEK-pluszowa-zabawka-dla-niemowlat-Material-tkanina\" sizes=\"100vw\" srcset=\"https:\/\/a.allegroimg.com\/s360\/119981\/99ce6912401fa4917b97ef51bd23\/FISHER-PRICE-MUZYCZNY-PINGWINEK-KIWACZEK-pluszowa-zabawka-dla-niemowlat-Material-tkanina 360w,https:\/\/a.allegroimg.com\/s720\/119981\/99ce6912401fa4917b97ef51bd23\/FISHER-PRICE-MUZYCZNY-PINGWINEK-KIWACZEK-pluszowa-zabawka-dla-niemowlat-Material-tkanina 720w,https:\/\/a.allegroimg.com\/s1024\/119981\/99ce6912401fa4917b97ef51bd23\/FISHER-PRICE-MUZYCZNY-PINGWINEK-KIWACZEK-pluszowa-zabawka-dla-niemowlat-Material-tkanina 970w,https:\/\/a.allegroimg.com\/original\/119981\/99ce6912401fa4917b97ef51bd23\/FISHER-PRICE-MUZYCZNY-PINGWINEK-KIWACZEK-pluszowa-zabawka-dla-niemowlat-Material-tkanina 970w\" alt=\"FISHER PRICE MUZIKINIS PINGVINAS SIVER\u010cIANTIS pliu\u0161inis \u017eaislas k\u016bdikiams Med\u017eiaga: audinys\" width=\"970px\" data-srcset=\"\" \/><\/button><\/div>\n<\/div>\n<\/div>\n<\/div>\n<\/div>\n<div class=\"mpof_ki myre_zn myre_8v_l m389_6m_l\">\n<div class=\"mp4t_16_s mryx_16_s mr3m_1 mli2_1 mh85_56 mh85_0_l\">\n<div class=\"mg9e_8 mj7a_8 mg9e_0_s mvrt_0_s mj7a_0_s mh36_0_s mzmg_6m munh_16_l m3h2_16_l\">\n<div class=\"mp4t_0 mryx_0 munh_56 m3h2_56\">\n<div class=\"mp7g_oh\"><button class=\"mg9e_0 mvrt_0 mj7a_0 mh36_0 mp4t_0 m3h2_0 mryx_0 munh_0 mqen_m6 mpof_z0 mx7m_0 m7er_k4 mse2_k4 msts_pt\" data-analytics-interaction=\"true\" data-analytics-interaction-label=\"zoomable-image-open\" aria-disabled=\"true\"><img decoding=\"async\" class=\"msub_k4 mupj_5k mjru_k4 mse2_k4 mp7g_f6 mq1m_0 mj7u_0 m7er_k4 mqen_m6 m31c_d8 m0ux_fp lazyloaded\" src=\"https:\/\/a.allegroimg.com\/original\/112740\/0821cbb541dca1ba5de240610a97\/FISHER-PRICE-MUZYCZNY-PINGWINEK-KIWACZEK-pluszowa-zabawka-dla-niemowlat-Marka-Fisher-Price\" sizes=\"100vw\" srcset=\"https:\/\/a.allegroimg.com\/s360\/112740\/0821cbb541dca1ba5de240610a97\/FISHER-PRICE-MUZYCZNY-PINGWINEK-KIWACZEK-pluszowa-zabawka-dla-niemowlat-Marka-Fisher-Price 334w,https:\/\/a.allegroimg.com\/s720\/112740\/0821cbb541dca1ba5de240610a97\/FISHER-PRICE-MUZYCZNY-PINGWINEK-KIWACZEK-pluszowa-zabawka-dla-niemowlat-Marka-Fisher-Price 669w,https:\/\/a.allegroimg.com\/s1024\/112740\/0821cbb541dca1ba5de240610a97\/FISHER-PRICE-MUZYCZNY-PINGWINEK-KIWACZEK-pluszowa-zabawka-dla-niemowlat-Marka-Fisher-Price 951w,https:\/\/a.allegroimg.com\/s1440\/112740\/0821cbb541dca1ba5de240610a97\/FISHER-PRICE-MUZYCZNY-PINGWINEK-KIWACZEK-pluszowa-zabawka-dla-niemowlat-Marka-Fisher-Price 1338w,https:\/\/a.allegroimg.com\/original\/112740\/0821cbb541dca1ba5de240610a97\/FISHER-PRICE-MUZYCZNY-PINGWINEK-KIWACZEK-pluszowa-zabawka-dla-niemowlat-Marka-Fisher-Price 1394w\" alt=\"FISHER PRICE MUZIKINIS PINGVINAS SIVER\u010cIANTIS pliu\u0161inis \u017eaislas k\u016bdikiams, Fisher-Price prek\u0117s \u017eenklas\" width=\"1394px\" data-srcset=\"\" \/><\/button><\/div>\n<\/div>\n<\/div>\n<\/div>\n<\/div>\n<div class=\"mpof_ki myre_zn myre_8v_l m389_6m_l\">\n<div class=\"mp4t_16_s mryx_16_s mr3m_1 mli2_1 mh85_56 mh85_0_l\">\n<div class=\"mg9e_8 mj7a_8 mg9e_0_s mvrt_0_s mj7a_0_s mh36_0_s mzmg_6m munh_16_l m3h2_16_l\">\n<div class=\"mp4t_0 mryx_0 munh_56 m3h2_56\">\n<div class=\"mp7g_oh\"><button class=\"mg9e_0 mvrt_0 mj7a_0 mh36_0 mp4t_0 m3h2_0 mryx_0 munh_0 mqen_m6 mpof_z0 mx7m_0 m7er_k4 mse2_k4 msts_pt\" data-analytics-interaction=\"true\" data-analytics-interaction-label=\"zoomable-image-open\" aria-disabled=\"true\"><img decoding=\"async\" class=\"msub_k4 mupj_5k mjru_k4 mse2_k4 mp7g_f6 mq1m_0 mj7u_0 m7er_k4 mqen_m6 m31c_d8 m0ux_fp lazyloaded\" src=\"https:\/\/a.allegroimg.com\/original\/11a3b3\/ed7a9e3342dcb5afe4c3b29336c3\/FISHER-PRICE-MUZYCZNY-PINGWINEK-KIWACZEK-pluszowa-zabawka-dla-niemowlat-Bohater-Bajka-brak\" sizes=\"100vw\" srcset=\"https:\/\/a.allegroimg.com\/s360\/11a3b3\/ed7a9e3342dcb5afe4c3b29336c3\/FISHER-PRICE-MUZYCZNY-PINGWINEK-KIWACZEK-pluszowa-zabawka-dla-niemowlat-Bohater-Bajka-brak 360w,https:\/\/a.allegroimg.com\/s720\/11a3b3\/ed7a9e3342dcb5afe4c3b29336c3\/FISHER-PRICE-MUZYCZNY-PINGWINEK-KIWACZEK-pluszowa-zabawka-dla-niemowlat-Bohater-Bajka-brak 720w,https:\/\/a.allegroimg.com\/s1024\/11a3b3\/ed7a9e3342dcb5afe4c3b29336c3\/FISHER-PRICE-MUZYCZNY-PINGWINEK-KIWACZEK-pluszowa-zabawka-dla-niemowlat-Bohater-Bajka-brak 1024w,https:\/\/a.allegroimg.com\/s1440\/11a3b3\/ed7a9e3342dcb5afe4c3b29336c3\/FISHER-PRICE-MUZYCZNY-PINGWINEK-KIWACZEK-pluszowa-zabawka-dla-niemowlat-Bohater-Bajka-brak 1440w,https:\/\/a.allegroimg.com\/original\/11a3b3\/ed7a9e3342dcb5afe4c3b29336c3\/FISHER-PRICE-MUZYCZNY-PINGWINEK-KIWACZEK-pluszowa-zabawka-dla-niemowlat-Bohater-Bajka-brak 1500w\" alt=\"FISHER PRICE MUZIKINIS PINGVINAS SUPAMASIS pliu\u0161inis \u017eaislas k\u016bdikiams Ding\u0119s herojus \/ pasaka\" width=\"1500px\" data-srcset=\"\" \/><\/button><\/div>\n<\/div>\n<\/div>\n<\/div>\n<\/div>\n<div class=\"mpof_ki myre_zn myre_8v_l m389_6m_l\">\n<div class=\"mp4t_16_s mryx_16_s mr3m_1 mli2_1 mh85_56 mh85_0_l\">\n<div class=\"mg9e_8 mj7a_8 mg9e_0_s mvrt_0_s mj7a_0_s mh36_0_s mzmg_6m munh_16_l m3h2_16_l\">\n<div class=\"mp4t_0 mryx_0 munh_56 m3h2_56\">\n<div class=\"mp7g_oh\"><button class=\"mg9e_0 mvrt_0 mj7a_0 mh36_0 mp4t_0 m3h2_0 mryx_0 munh_0 mqen_m6 mpof_z0 mx7m_0 m7er_k4 mse2_k4 msts_pt\" data-analytics-interaction=\"true\" data-analytics-interaction-label=\"zoomable-image-open\" aria-disabled=\"true\"><img decoding=\"async\" class=\"msub_k4 mupj_5k mjru_k4 mse2_k4 mp7g_f6 mq1m_0 mj7u_0 m7er_k4 mqen_m6 m31c_d8 m0ux_fp lazyloaded\" src=\"https:\/\/a.allegroimg.com\/original\/115e08\/4b0d5f204f92901a99ee45c12935\/FISHER-PRICE-MUZYCZNY-PINGWINEK-KIWACZEK-pluszowa-zabawka-dla-niemowlat-Plec-chlopcy-dziewczynki-unisex\" sizes=\"100vw\" srcset=\"https:\/\/a.allegroimg.com\/s360\/115e08\/4b0d5f204f92901a99ee45c12935\/FISHER-PRICE-MUZYCZNY-PINGWINEK-KIWACZEK-pluszowa-zabawka-dla-niemowlat-Plec-chlopcy-dziewczynki-unisex 264w,https:\/\/a.allegroimg.com\/s720\/115e08\/4b0d5f204f92901a99ee45c12935\/FISHER-PRICE-MUZYCZNY-PINGWINEK-KIWACZEK-pluszowa-zabawka-dla-niemowlat-Plec-chlopcy-dziewczynki-unisex 529w,https:\/\/a.allegroimg.com\/s1024\/115e08\/4b0d5f204f92901a99ee45c12935\/FISHER-PRICE-MUZYCZNY-PINGWINEK-KIWACZEK-pluszowa-zabawka-dla-niemowlat-Plec-chlopcy-dziewczynki-unisex 753w,https:\/\/a.allegroimg.com\/s1440\/115e08\/4b0d5f204f92901a99ee45c12935\/FISHER-PRICE-MUZYCZNY-PINGWINEK-KIWACZEK-pluszowa-zabawka-dla-niemowlat-Plec-chlopcy-dziewczynki-unisex 1059w,https:\/\/a.allegroimg.com\/original\/115e08\/4b0d5f204f92901a99ee45c12935\/FISHER-PRICE-MUZYCZNY-PINGWINEK-KIWACZEK-pluszowa-zabawka-dla-niemowlat-Plec-chlopcy-dziewczynki-unisex 1104w\" alt=\"FISHER PRICE MUZIKINIS SUPAMASIS PINGVINAS PLIU\u0160INIS \u017dAISL\u0116LIS K\u016aDIKIAMS Lytis berniukai mergait\u0117s unisex\" width=\"1104px\" data-srcset=\"\" \/><\/button><\/div>\n<\/div>\n<\/div>\n<\/div>\n<\/div>","protected":false},"excerpt":{"rendered":"<p><strong>Fisher Price muzikinis supamasis pingvinas<\/strong> \u2013 tai mink\u0161tas, interaktyvus \u017eaislas k\u016bdikiams nuo 0 m\u0117n., reaguojantis \u012f prisilietimus muzika ir judan\u010diais sparnais. Kontrastingos spalvos, \u012fvairios tekst\u016bros ir 2 muzikos re\u017eimai iki 10 min. padeda lavinti reg\u0105, klaus\u0105, lyt\u0117jim\u0105 ir prie\u017easties\u2013pasekm\u0117s suvokim\u0105. Tinka tiek gulint, tiek s\u0117dint, tod\u0117l \u017eaislas auga kartu su vaiku. Unisex dizainas, saugus ir \u0161velnus audinys.<\/p>","protected":false},"featured_media":83196,"template":"","meta":{"_acf_changed":false,"_glsr_average":0,"_glsr_ranking":0,"_glsr_reviews":0},"product_brand":[],"product_cat":[396,458,229],"product_tag":[],"class_list":{"0":"post-83195","1":"product","2":"type-product","3":"status-publish","4":"has-post-thumbnail","6":"product_cat-kudikiu-zaislai-vaikams2","7":"product_cat-ramiam-uzmigimui","8":"product_cat-zaislai-vaikams","9":"\"style=\"background-color: #2ecc711c;\"","11":"first","12":"instock","13":"shipping-taxable","14":"purchasable","15":"product-type-simple"},"acf":[],"yoast_head":"<!-- This site is optimized with the Yoast SEO plugin v27.3 - https:\/\/yoast.com\/product\/yoast-seo-wordpress\/ -->\n<title>Fisher Price muzikinis pliu\u0161inis pingvinas - KidsPlay<\/title>\n<meta name=\"description\" content=\"Fisher Price muzikinis supamasis pliu\u0161inis pingvinas k\u016bdikiams \u2013 reaguoja \u012f prisilietimus, groja muzik\u0105, juda sparnais ir lavina jutimus nuo gimimo.\" \/>\n<meta name=\"robots\" content=\"index, follow, max-snippet:-1, max-image-preview:large, max-video-preview:-1\" \/>\n<link rel=\"canonical\" href=\"https:\/\/kidsplay.lt\/lv\/product\/fisher-price-muzikinis-pliusinis-pingvinas\/\" \/>\n<meta property=\"og:locale\" content=\"lv_LV\" \/>\n<meta property=\"og:type\" content=\"article\" \/>\n<meta property=\"og:title\" content=\"Fisher Price muzikinis pliu\u0161inis pingvinas - KidsPlay\" \/>\n<meta property=\"og:description\" content=\"Fisher Price muzikinis supamasis pliu\u0161inis pingvinas k\u016bdikiams \u2013 reaguoja \u012f prisilietimus, groja muzik\u0105, juda sparnais ir lavina jutimus nuo gimimo.\" \/>\n<meta property=\"og:url\" content=\"https:\/\/kidsplay.lt\/lv\/product\/fisher-price-muzikinis-pliusinis-pingvinas\/\" \/>\n<meta property=\"og:site_name\" content=\"KidsPlay\" \/>\n<meta property=\"article:publisher\" content=\"https:\/\/www.facebook.com\/www.kidsplay.lt\" \/>\n<meta property=\"og:image\" content=\"https:\/\/kidsplay.lt\/wp-content\/uploads\/2026\/01\/Screenshot_269.png\" \/>\n\t<meta property=\"og:image:width\" content=\"864\" \/>\n\t<meta property=\"og:image:height\" content=\"862\" \/>\n\t<meta property=\"og:image:type\" content=\"image\/png\" \/>\n<meta name=\"twitter:card\" content=\"summary_large_image\" \/>\n<meta name=\"twitter:label1\" content=\"Est. reading time\" \/>\n\t<meta name=\"twitter:data1\" content=\"2 min\u016btes\" \/>\n<script type=\"application\/ld+json\" class=\"yoast-schema-graph\">{\"@context\":\"https:\\\/\\\/schema.org\",\"@graph\":[{\"@type\":\"WebPage\",\"@id\":\"https:\\\/\\\/kidsplay.lt\\\/produktas\\\/fisher-price-muzikinis-pliusinis-pingvinas\\\/\",\"url\":\"https:\\\/\\\/kidsplay.lt\\\/produktas\\\/fisher-price-muzikinis-pliusinis-pingvinas\\\/\",\"name\":\"Fisher Price muzikinis pliu\u0161inis pingvinas - KidsPlay\",\"isPartOf\":{\"@id\":\"https:\\\/\\\/kidsplay.lt\\\/#website\"},\"primaryImageOfPage\":{\"@id\":\"https:\\\/\\\/kidsplay.lt\\\/produktas\\\/fisher-price-muzikinis-pliusinis-pingvinas\\\/#primaryimage\"},\"image\":{\"@id\":\"https:\\\/\\\/kidsplay.lt\\\/produktas\\\/fisher-price-muzikinis-pliusinis-pingvinas\\\/#primaryimage\"},\"thumbnailUrl\":\"https:\\\/\\\/kidsplay.lt\\\/wp-content\\\/uploads\\\/2026\\\/01\\\/Screenshot_269.png\",\"datePublished\":\"2026-01-15T06:17:28+00:00\",\"description\":\"Fisher Price muzikinis supamasis pliu\u0161inis pingvinas k\u016bdikiams \u2013 reaguoja \u012f prisilietimus, groja muzik\u0105, juda sparnais ir lavina jutimus nuo gimimo.\",\"breadcrumb\":{\"@id\":\"https:\\\/\\\/kidsplay.lt\\\/produktas\\\/fisher-price-muzikinis-pliusinis-pingvinas\\\/#breadcrumb\"},\"inLanguage\":\"lv-LV\",\"potentialAction\":[{\"@type\":\"ReadAction\",\"target\":[\"https:\\\/\\\/kidsplay.lt\\\/produktas\\\/fisher-price-muzikinis-pliusinis-pingvinas\\\/\"]}]},{\"@type\":\"ImageObject\",\"inLanguage\":\"lv-LV\",\"@id\":\"https:\\\/\\\/kidsplay.lt\\\/produktas\\\/fisher-price-muzikinis-pliusinis-pingvinas\\\/#primaryimage\",\"url\":\"https:\\\/\\\/kidsplay.lt\\\/wp-content\\\/uploads\\\/2026\\\/01\\\/Screenshot_269.png\",\"contentUrl\":\"https:\\\/\\\/kidsplay.lt\\\/wp-content\\\/uploads\\\/2026\\\/01\\\/Screenshot_269.png\",\"width\":864,\"height\":862,\"caption\":\"Fisher Price muzikinis pliu\u0161inis pingvinas\"},{\"@type\":\"BreadcrumbList\",\"@id\":\"https:\\\/\\\/kidsplay.lt\\\/produktas\\\/fisher-price-muzikinis-pliusinis-pingvinas\\\/#breadcrumb\",\"itemListElement\":[{\"@type\":\"ListItem\",\"position\":1,\"name\":\"Pagrindinis\",\"item\":\"https:\\\/\\\/kidsplay.lt\\\/\"},{\"@type\":\"ListItem\",\"position\":2,\"name\":\"Parduotuv\u0117\",\"item\":\"https:\\\/\\\/kidsplay.lt\\\/parduotuve\\\/\"},{\"@type\":\"ListItem\",\"position\":3,\"name\":\"Fisher Price muzikinis pliu\u0161inis pingvinas\"}]},{\"@type\":\"WebSite\",\"@id\":\"https:\\\/\\\/kidsplay.lt\\\/#website\",\"url\":\"https:\\\/\\\/kidsplay.lt\\\/\",\"name\":\"Kidsplay.lt\",\"description\":\"\u012evairios prek\u0117s vaikams\",\"publisher\":{\"@id\":\"https:\\\/\\\/kidsplay.lt\\\/#organization\"},\"alternateName\":\"Kidsplay\",\"potentialAction\":[{\"@type\":\"SearchAction\",\"target\":{\"@type\":\"EntryPoint\",\"urlTemplate\":\"https:\\\/\\\/kidsplay.lt\\\/?s={search_term_string}\"},\"query-input\":{\"@type\":\"PropertyValueSpecification\",\"valueRequired\":true,\"valueName\":\"search_term_string\"}}],\"inLanguage\":\"lv-LV\"},{\"@type\":\"Organization\",\"@id\":\"https:\\\/\\\/kidsplay.lt\\\/#organization\",\"name\":\"KidsPlay\",\"url\":\"https:\\\/\\\/kidsplay.lt\\\/\",\"logo\":{\"@type\":\"ImageObject\",\"inLanguage\":\"lv-LV\",\"@id\":\"https:\\\/\\\/kidsplay.lt\\\/#\\\/schema\\\/logo\\\/image\\\/\",\"url\":\"https:\\\/\\\/kidsplay.lt\\\/wp-content\\\/uploads\\\/2023\\\/07\\\/kidsplay-logo.png\",\"contentUrl\":\"https:\\\/\\\/kidsplay.lt\\\/wp-content\\\/uploads\\\/2023\\\/07\\\/kidsplay-logo.png\",\"width\":451,\"height\":98,\"caption\":\"KidsPlay\"},\"image\":{\"@id\":\"https:\\\/\\\/kidsplay.lt\\\/#\\\/schema\\\/logo\\\/image\\\/\"},\"sameAs\":[\"https:\\\/\\\/www.facebook.com\\\/www.kidsplay.lt\"]}]}<\/script>\n<!-- \/ Yoast SEO plugin. -->","yoast_head_json":{"title":"Fisher Price muzikinis pliu\u0161inis pingvinas - KidsPlay","description":"Fisher Price muzikinis supamasis pliu\u0161inis pingvinas k\u016bdikiams \u2013 reaguoja \u012f prisilietimus, groja muzik\u0105, juda sparnais ir lavina jutimus nuo gimimo.","robots":{"index":"index","follow":"follow","max-snippet":"max-snippet:-1","max-image-preview":"max-image-preview:large","max-video-preview":"max-video-preview:-1"},"canonical":"https:\/\/kidsplay.lt\/lv\/product\/fisher-price-muzikinis-pliusinis-pingvinas\/","og_locale":"lv_LV","og_type":"article","og_title":"Fisher Price muzikinis pliu\u0161inis pingvinas - KidsPlay","og_description":"Fisher Price muzikinis supamasis pliu\u0161inis pingvinas k\u016bdikiams \u2013 reaguoja \u012f prisilietimus, groja muzik\u0105, juda sparnais ir lavina jutimus nuo gimimo.","og_url":"https:\/\/kidsplay.lt\/lv\/product\/fisher-price-muzikinis-pliusinis-pingvinas\/","og_site_name":"KidsPlay","article_publisher":"https:\/\/www.facebook.com\/www.kidsplay.lt","og_image":[{"width":864,"height":862,"url":"https:\/\/kidsplay.lt\/wp-content\/uploads\/2026\/01\/Screenshot_269.png","type":"image\/png"}],"twitter_card":"summary_large_image","twitter_misc":{"Est. reading time":"2 min\u016btes"},"schema":{"@context":"https:\/\/schema.org","@graph":[{"@type":"WebPage","@id":"https:\/\/kidsplay.lt\/produktas\/fisher-price-muzikinis-pliusinis-pingvinas\/","url":"https:\/\/kidsplay.lt\/produktas\/fisher-price-muzikinis-pliusinis-pingvinas\/","name":"Fisher Price muzikinis pliu\u0161inis pingvinas - KidsPlay","isPartOf":{"@id":"https:\/\/kidsplay.lt\/#website"},"primaryImageOfPage":{"@id":"https:\/\/kidsplay.lt\/produktas\/fisher-price-muzikinis-pliusinis-pingvinas\/#primaryimage"},"image":{"@id":"https:\/\/kidsplay.lt\/produktas\/fisher-price-muzikinis-pliusinis-pingvinas\/#primaryimage"},"thumbnailUrl":"https:\/\/kidsplay.lt\/wp-content\/uploads\/2026\/01\/Screenshot_269.png","datePublished":"2026-01-15T06:17:28+00:00","description":"Fisher Price muzikinis supamasis pliu\u0161inis pingvinas k\u016bdikiams \u2013 reaguoja \u012f prisilietimus, groja muzik\u0105, juda sparnais ir lavina jutimus nuo gimimo.","breadcrumb":{"@id":"https:\/\/kidsplay.lt\/produktas\/fisher-price-muzikinis-pliusinis-pingvinas\/#breadcrumb"},"inLanguage":"lv-LV","potentialAction":[{"@type":"ReadAction","target":["https:\/\/kidsplay.lt\/produktas\/fisher-price-muzikinis-pliusinis-pingvinas\/"]}]},{"@type":"ImageObject","inLanguage":"lv-LV","@id":"https:\/\/kidsplay.lt\/produktas\/fisher-price-muzikinis-pliusinis-pingvinas\/#primaryimage","url":"https:\/\/kidsplay.lt\/wp-content\/uploads\/2026\/01\/Screenshot_269.png","contentUrl":"https:\/\/kidsplay.lt\/wp-content\/uploads\/2026\/01\/Screenshot_269.png","width":864,"height":862,"caption":"Fisher Price muzikinis pliu\u0161inis pingvinas"},{"@type":"BreadcrumbList","@id":"https:\/\/kidsplay.lt\/produktas\/fisher-price-muzikinis-pliusinis-pingvinas\/#breadcrumb","itemListElement":[{"@type":"ListItem","position":1,"name":"Pagrindinis","item":"https:\/\/kidsplay.lt\/"},{"@type":"ListItem","position":2,"name":"Parduotuv\u0117","item":"https:\/\/kidsplay.lt\/parduotuve\/"},{"@type":"ListItem","position":3,"name":"Fisher Price muzikinis pliu\u0161inis pingvinas"}]},{"@type":"WebSite","@id":"https:\/\/kidsplay.lt\/#website","url":"https:\/\/kidsplay.lt\/","name":"B\u0113rnu sp\u0113les.lv","description":"\u012evairios prek\u0117s vaikams","publisher":{"@id":"https:\/\/kidsplay.lt\/#organization"},"alternateName":"Kidsplay","potentialAction":[{"@type":"SearchAction","target":{"@type":"EntryPoint","urlTemplate":"https:\/\/kidsplay.lt\/?s={search_term_string}"},"query-input":{"@type":"PropertyValueSpecification","valueRequired":true,"valueName":"search_term_string"}}],"inLanguage":"lv-LV"},{"@type":"Organization","@id":"https:\/\/kidsplay.lt\/#organization","name":"B\u0113rnu sp\u0113le","url":"https:\/\/kidsplay.lt\/","logo":{"@type":"ImageObject","inLanguage":"lv-LV","@id":"https:\/\/kidsplay.lt\/#\/schema\/logo\/image\/","url":"https:\/\/kidsplay.lt\/wp-content\/uploads\/2023\/07\/kidsplay-logo.png","contentUrl":"https:\/\/kidsplay.lt\/wp-content\/uploads\/2023\/07\/kidsplay-logo.png","width":451,"height":98,"caption":"KidsPlay"},"image":{"@id":"https:\/\/kidsplay.lt\/#\/schema\/logo\/image\/"},"sameAs":["https:\/\/www.facebook.com\/www.kidsplay.lt"]}]}},"_links":{"self":[{"href":"https:\/\/kidsplay.lt\/lv\/wp-json\/wp\/v2\/product\/83195","targetHints":{"allow":["GET"]}}],"collection":[{"href":"https:\/\/kidsplay.lt\/lv\/wp-json\/wp\/v2\/product"}],"about":[{"href":"https:\/\/kidsplay.lt\/lv\/wp-json\/wp\/v2\/types\/product"}],"version-history":[{"count":1,"href":"https:\/\/kidsplay.lt\/lv\/wp-json\/wp\/v2\/product\/83195\/revisions"}],"predecessor-version":[{"id":83199,"href":"https:\/\/kidsplay.lt\/lv\/wp-json\/wp\/v2\/product\/83195\/revisions\/83199"}],"wp:featuredmedia":[{"embeddable":true,"href":"https:\/\/kidsplay.lt\/lv\/wp-json\/wp\/v2\/media\/83196"}],"wp:attachment":[{"href":"https:\/\/kidsplay.lt\/lv\/wp-json\/wp\/v2\/media?parent=83195"}],"wp:term":[{"taxonomy":"product_brand","embeddable":true,"href":"https:\/\/kidsplay.lt\/lv\/wp-json\/wp\/v2\/product_brand?post=83195"},{"taxonomy":"product_cat","embeddable":true,"href":"https:\/\/kidsplay.lt\/lv\/wp-json\/wp\/v2\/product_cat?post=83195"},{"taxonomy":"product_tag","embeddable":true,"href":"https:\/\/kidsplay.lt\/lv\/wp-json\/wp\/v2\/product_tag?post=83195"}],"curies":[{"name":"wp","href":"https:\/\/api.w.org\/{rel}","templated":true}]}}